{"id":2405,"date":"2021-01-27T22:11:33","date_gmt":"2021-01-27T22:11:33","guid":{"rendered":"http:\/\/heartfailurematters.local:8888\/planera-for-framtiden\/"},"modified":"2026-02-10T13:33:19","modified_gmt":"2026-02-10T13:33:19","slug":"planera-for-framtiden","status":"publish","type":"page","link":"https:\/\/www.heartfailurematters.org\/sv\/fraga-din-lakare\/planera-for-framtiden\/","title":{"rendered":"Planering f\u00f6r framtiden"},"content":{"rendered":"<p>Om du redan har diskuterat dina planer f\u00f6r framtiden med din familj m\u00e5ste du diskutera dessa planer med din l\u00e4kare. Om du d\u00e4remot just har b\u00f6rjat t\u00e4nka p\u00e5 dessa fr\u00e5gor kan du ha nytta av att l\u00e4sa avsnittet om <a title=\"\" href=\"https:\/\/www.heartfailurematters.org\/living-with-heart-failure\/planning-for-the-end-of-life\/\">planering i livets slutskede<\/a> s\u00e5 att du vet mer n\u00e4r du talar med dina anh\u00f6riga och l\u00e4kare.<\/p>\n<p><strong>Hur f\u00f6rbereder jag ett <strong><a class=\"addtooltip\" title=\"Ett dokument som beskriver de behandlingar och f\u00f6rfaranden som du vill eller inte vill ha i livets slutskede.\"><strong title=\"\">v\u00e5rddirektiv<\/strong><\/a><\/strong>? <\/strong><br \/>\nDin l\u00e4kare\/sjuksk\u00f6terska eller st\u00f6dgrupp kan hj\u00e4lpa dig att f\u00f6rbereda v\u00e5rddirektivet.<\/p>\n<p><strong>Hur f\u00f6rbereder jag <strong><a class=\"addtooltip\" title=\"Ett dokument f\u00f6r sjukv\u00e5rdspersonal som f\u00f6rklarar att du inte vill bli \u00e5terupplivad om ditt hj\u00e4rta och din andning avstannar.\"><strong title=\"\">ett beslut om nej till \u00e5terupplivning<\/strong><\/a><\/strong>? <\/strong><br \/>\nBeslutet om att utf\u00e4rda ett nej till \u00e5terupplivning fattas av dig eller dina anh\u00f6riga i samr\u00e5d med l\u00e4kare. L\u00e4karen kommer att f\u00f6rklara exakt vad detta beslut inneb\u00e4r och se till att du \u00e4r fullt medveten om konsekvenserna av det innan du tar detta beslut.<\/p>\n<p>Patienter som har en<strong> <\/strong>implanterbar defibrillator (ICD) kan beh\u00f6va tala med sin l\u00e4kare om detta.<\/p>\n<p><strong>Vad kan jag g\u00f6ra nu f\u00f6r att f\u00f6rbereda mig inf\u00f6r framtiden? <\/strong><br \/>\nDet finns m\u00e5nga s\u00e4tt att f\u00f6rbereda sig inf\u00f6r framtiden p\u00e5. Din l\u00e4kare\/sjuksk\u00f6terska eller kurator kan ge dig information om livstestamente, beslut om nej till\u00e5terupplivning, v\u00e5rddirektiv och ekonomisk planering. Du b\u00f6r diskutera alternativen med din familj och l\u00e4kare\/sjuksk\u00f6terska innan du tar n\u00e5gra beslut om din v\u00e5rd i framtiden.<\/p>\n<p><strong>Vem kan jag tala med om ekonomisk planering? <\/strong><br \/>\nOm du har fr\u00e5gor om kostnaderna f\u00f6r behandlingar eller eventuell inkomstf\u00f6rlust kan din l\u00e4kare eller sjuksk\u00f6terska ber\u00e4tta vart du kan v\u00e4nda dig f\u00f6r att f\u00e5 hj\u00e4lp med eller r\u00e5d om ekonomiska fr\u00e5gor.<\/p>\n","protected":false},"excerpt":{"rendered":"<p>Om du redan har diskuterat dina planer f\u00f6r framtiden med din familj m\u00e5ste du diskutera dessa planer med din l\u00e4kare. Om du d\u00e4remot just har b\u00f6rjat t\u00e4nka p\u00e5 dessa fr\u00e5gor kan du ha nytta av att l\u00e4sa avsnittet om planering i livets slutskede s\u00e5 att du vet mer n\u00e4r du talar med dina anh\u00f6riga och [&hellip;]<\/p>\n","protected":false},"author":1,"featured_media":11069,"parent":2767,"menu_order":9,"comment_status":"open","ping_status":"closed","template":"","meta":{"_acf_changed":false,"footnotes":""},"categories":[70],"tags":[],"class_list":["post-2405","page","type-page","status-publish","has-post-thumbnail","hentry","category-ask-your-doctor-sv"],"acf":[],"yoast_head":"<!-- This site is optimized with the Yoast SEO plugin v24.8.1 - https:\/\/yoast.com\/wordpress\/plugins\/seo\/ -->\n<title>Planering inf\u00f6r framtiden f\u00f6r patienter med hj\u00e4rtsvikt<\/title>\n<meta name=\"description\" content=\"Om du redan har diskuterat dina planer f\u00f6r framtiden med din familj m\u00e5ste du diskutera dessa planer med din l\u00e4kare. L\u00e4s mer h\u00e4r\" \/>\n<meta name=\"robots\" content=\"index, follow, max-snippet:-1, max-image-preview:large, max-video-preview:-1\" \/>\n<link rel=\"canonical\" href=\"https:\/\/www.heartfailurematters.org\/sv\/fraga-din-lakare\/planera-for-framtiden\/\" \/>\n<meta property=\"og:locale\" content=\"sv_SE\" \/>\n<meta property=\"og:type\" content=\"article\" \/>\n<meta property=\"og:title\" content=\"Planering inf\u00f6r framtiden f\u00f6r patienter med hj\u00e4rtsvikt\" \/>\n<meta property=\"og:description\" content=\"Om du redan har diskuterat dina planer f\u00f6r framtiden med din familj m\u00e5ste du diskutera dessa planer med din l\u00e4kare. L\u00e4s mer h\u00e4r\" \/>\n<meta property=\"og:url\" content=\"https:\/\/www.heartfailurematters.org\/sv\/fraga-din-lakare\/planera-for-framtiden\/\" \/>\n<meta property=\"og:site_name\" content=\"Heart Failure Matters\" \/>\n<meta property=\"article:publisher\" content=\"https:\/\/www.facebook.com\/heartfailurematters\" \/>\n<meta property=\"article:modified_time\" content=\"2026-02-10T13:33:19+00:00\" \/>\n<meta property=\"og:image\" content=\"https:\/\/www.heartfailurematters.org\/wp-content\/uploads\/2022\/03\/shutterstock_1685261713-1-min.jpg\" \/>\n\t<meta property=\"og:image:width\" content=\"900\" \/>\n\t<meta property=\"og:image:height\" content=\"600\" \/>\n\t<meta property=\"og:image:type\" content=\"image\/jpeg\" \/>\n<meta name=\"twitter:card\" content=\"summary_large_image\" \/>\n<meta name=\"twitter:label1\" content=\"Ber\u00e4knad l\u00e4stid\" \/>\n\t<meta name=\"twitter:data1\" content=\"1 minut\" \/>\n<script type=\"application\/ld+json\" class=\"yoast-schema-graph\">{\"@context\":\"https:\/\/schema.org\",\"@graph\":[{\"@type\":\"WebPage\",\"@id\":\"https:\/\/www.heartfailurematters.org\/sv\/fraga-din-lakare\/planera-for-framtiden\/\",\"url\":\"https:\/\/www.heartfailurematters.org\/sv\/fraga-din-lakare\/planera-for-framtiden\/\",\"name\":\"Planering inf\u00f6r framtiden f\u00f6r patienter med hj\u00e4rtsvikt\",\"isPartOf\":{\"@id\":\"https:\/\/www.heartfailurematters.org\/sv\/#website\"},\"primaryImageOfPage\":{\"@id\":\"https:\/\/www.heartfailurematters.org\/sv\/fraga-din-lakare\/planera-for-framtiden\/#primaryimage\"},\"image\":{\"@id\":\"https:\/\/www.heartfailurematters.org\/sv\/fraga-din-lakare\/planera-for-framtiden\/#primaryimage\"},\"thumbnailUrl\":\"https:\/\/www.heartfailurematters.org\/wp-content\/uploads\/2022\/03\/shutterstock_1685261713-1-min.jpg\",\"datePublished\":\"2021-01-27T22:11:33+00:00\",\"dateModified\":\"2026-02-10T13:33:19+00:00\",\"description\":\"Om du redan har diskuterat dina planer f\u00f6r framtiden med din familj m\u00e5ste du diskutera dessa planer med din l\u00e4kare. L\u00e4s mer h\u00e4r\",\"breadcrumb\":{\"@id\":\"https:\/\/www.heartfailurematters.org\/sv\/fraga-din-lakare\/planera-for-framtiden\/#breadcrumb\"},\"inLanguage\":\"sv-SE\",\"potentialAction\":[{\"@type\":\"ReadAction\",\"target\":[\"https:\/\/www.heartfailurematters.org\/sv\/fraga-din-lakare\/planera-for-framtiden\/\"]}]},{\"@type\":\"ImageObject\",\"inLanguage\":\"sv-SE\",\"@id\":\"https:\/\/www.heartfailurematters.org\/sv\/fraga-din-lakare\/planera-for-framtiden\/#primaryimage\",\"url\":\"https:\/\/www.heartfailurematters.org\/wp-content\/uploads\/2022\/03\/shutterstock_1685261713-1-min.jpg\",\"contentUrl\":\"https:\/\/www.heartfailurematters.org\/wp-content\/uploads\/2022\/03\/shutterstock_1685261713-1-min.jpg\",\"width\":900,\"height\":600},{\"@type\":\"BreadcrumbList\",\"@id\":\"https:\/\/www.heartfailurematters.org\/sv\/fraga-din-lakare\/planera-for-framtiden\/#breadcrumb\",\"itemListElement\":[{\"@type\":\"ListItem\",\"position\":1,\"name\":\"Hem\",\"item\":\"https:\/\/www.heartfailurematters.org\/sv\/\"},{\"@type\":\"ListItem\",\"position\":2,\"name\":\"Fr\u00e5ga din l\u00e4kare\",\"item\":\"https:\/\/www.heartfailurematters.org\/sv\/fraga-din-lakare\/\"},{\"@type\":\"ListItem\",\"position\":3,\"name\":\"Planering f\u00f6r framtiden\"}]},{\"@type\":\"WebSite\",\"@id\":\"https:\/\/www.heartfailurematters.org\/sv\/#website\",\"url\":\"https:\/\/www.heartfailurematters.org\/sv\/\",\"name\":\"Heart Failure Matters\",\"description\":\"Practical information for patients, families and caregivers.\",\"publisher\":{\"@id\":\"https:\/\/www.heartfailurematters.org\/sv\/#organization\"},\"potentialAction\":[{\"@type\":\"SearchAction\",\"target\":{\"@type\":\"EntryPoint\",\"urlTemplate\":\"https:\/\/www.heartfailurematters.org\/sv\/?s={search_term_string}\"},\"query-input\":{\"@type\":\"PropertyValueSpecification\",\"valueRequired\":true,\"valueName\":\"search_term_string\"}}],\"inLanguage\":\"sv-SE\"},{\"@type\":\"Organization\",\"@id\":\"https:\/\/www.heartfailurematters.org\/sv\/#organization\",\"name\":\"Heart Failure Matters\",\"url\":\"https:\/\/www.heartfailurematters.org\/sv\/\",\"logo\":{\"@type\":\"ImageObject\",\"inLanguage\":\"sv-SE\",\"@id\":\"https:\/\/www.heartfailurematters.org\/sv\/#\/schema\/logo\/image\/\",\"url\":\"https:\/\/cdn-endpoint-hfm.azureedge.net\/heartfailurematters\/2024\/07\/hfm-logo1.jpg\",\"contentUrl\":\"https:\/\/cdn-endpoint-hfm.azureedge.net\/heartfailurematters\/2024\/07\/hfm-logo1.jpg\",\"width\":1280,\"height\":720,\"caption\":\"Heart Failure Matters\"},\"image\":{\"@id\":\"https:\/\/www.heartfailurematters.org\/sv\/#\/schema\/logo\/image\/\"},\"sameAs\":[\"https:\/\/www.facebook.com\/heartfailurematters\"]}]}<\/script>\n<!-- \/ Yoast SEO plugin. -->","yoast_head_json":{"title":"Planering inf\u00f6r framtiden f\u00f6r patienter med hj\u00e4rtsvikt","description":"Om du redan har diskuterat dina planer f\u00f6r framtiden med din familj m\u00e5ste du diskutera dessa planer med din l\u00e4kare. L\u00e4s mer h\u00e4r","robots":{"index":"index","follow":"follow","max-snippet":"max-snippet:-1","max-image-preview":"max-image-preview:large","max-video-preview":"max-video-preview:-1"},"canonical":"https:\/\/www.heartfailurematters.org\/sv\/fraga-din-lakare\/planera-for-framtiden\/","og_locale":"sv_SE","og_type":"article","og_title":"Planering inf\u00f6r framtiden f\u00f6r patienter med hj\u00e4rtsvikt","og_description":"Om du redan har diskuterat dina planer f\u00f6r framtiden med din familj m\u00e5ste du diskutera dessa planer med din l\u00e4kare. L\u00e4s mer h\u00e4r","og_url":"https:\/\/www.heartfailurematters.org\/sv\/fraga-din-lakare\/planera-for-framtiden\/","og_site_name":"Heart Failure Matters","article_publisher":"https:\/\/www.facebook.com\/heartfailurematters","article_modified_time":"2026-02-10T13:33:19+00:00","og_image":[{"width":900,"height":600,"url":"https:\/\/www.heartfailurematters.org\/wp-content\/uploads\/2022\/03\/shutterstock_1685261713-1-min.jpg","type":"image\/jpeg"}],"twitter_card":"summary_large_image","twitter_misc":{"Ber\u00e4knad l\u00e4stid":"1 minut"},"schema":{"@context":"https:\/\/schema.org","@graph":[{"@type":"WebPage","@id":"https:\/\/www.heartfailurematters.org\/sv\/fraga-din-lakare\/planera-for-framtiden\/","url":"https:\/\/www.heartfailurematters.org\/sv\/fraga-din-lakare\/planera-for-framtiden\/","name":"Planering inf\u00f6r framtiden f\u00f6r patienter med hj\u00e4rtsvikt","isPartOf":{"@id":"https:\/\/www.heartfailurematters.org\/sv\/#website"},"primaryImageOfPage":{"@id":"https:\/\/www.heartfailurematters.org\/sv\/fraga-din-lakare\/planera-for-framtiden\/#primaryimage"},"image":{"@id":"https:\/\/www.heartfailurematters.org\/sv\/fraga-din-lakare\/planera-for-framtiden\/#primaryimage"},"thumbnailUrl":"https:\/\/www.heartfailurematters.org\/wp-content\/uploads\/2022\/03\/shutterstock_1685261713-1-min.jpg","datePublished":"2021-01-27T22:11:33+00:00","dateModified":"2026-02-10T13:33:19+00:00","description":"Om du redan har diskuterat dina planer f\u00f6r framtiden med din familj m\u00e5ste du diskutera dessa planer med din l\u00e4kare. L\u00e4s mer h\u00e4r","breadcrumb":{"@id":"https:\/\/www.heartfailurematters.org\/sv\/fraga-din-lakare\/planera-for-framtiden\/#breadcrumb"},"inLanguage":"sv-SE","potentialAction":[{"@type":"ReadAction","target":["https:\/\/www.heartfailurematters.org\/sv\/fraga-din-lakare\/planera-for-framtiden\/"]}]},{"@type":"ImageObject","inLanguage":"sv-SE","@id":"https:\/\/www.heartfailurematters.org\/sv\/fraga-din-lakare\/planera-for-framtiden\/#primaryimage","url":"https:\/\/www.heartfailurematters.org\/wp-content\/uploads\/2022\/03\/shutterstock_1685261713-1-min.jpg","contentUrl":"https:\/\/www.heartfailurematters.org\/wp-content\/uploads\/2022\/03\/shutterstock_1685261713-1-min.jpg","width":900,"height":600},{"@type":"BreadcrumbList","@id":"https:\/\/www.heartfailurematters.org\/sv\/fraga-din-lakare\/planera-for-framtiden\/#breadcrumb","itemListElement":[{"@type":"ListItem","position":1,"name":"Hem","item":"https:\/\/www.heartfailurematters.org\/sv\/"},{"@type":"ListItem","position":2,"name":"Fr\u00e5ga din l\u00e4kare","item":"https:\/\/www.heartfailurematters.org\/sv\/fraga-din-lakare\/"},{"@type":"ListItem","position":3,"name":"Planering f\u00f6r framtiden"}]},{"@type":"WebSite","@id":"https:\/\/www.heartfailurematters.org\/sv\/#website","url":"https:\/\/www.heartfailurematters.org\/sv\/","name":"Heart Failure Matters","description":"Practical information for patients, families and caregivers.","publisher":{"@id":"https:\/\/www.heartfailurematters.org\/sv\/#organization"},"potentialAction":[{"@type":"SearchAction","target":{"@type":"EntryPoint","urlTemplate":"https:\/\/www.heartfailurematters.org\/sv\/?s={search_term_string}"},"query-input":{"@type":"PropertyValueSpecification","valueRequired":true,"valueName":"search_term_string"}}],"inLanguage":"sv-SE"},{"@type":"Organization","@id":"https:\/\/www.heartfailurematters.org\/sv\/#organization","name":"Heart Failure Matters","url":"https:\/\/www.heartfailurematters.org\/sv\/","logo":{"@type":"ImageObject","inLanguage":"sv-SE","@id":"https:\/\/www.heartfailurematters.org\/sv\/#\/schema\/logo\/image\/","url":"https:\/\/cdn-endpoint-hfm.azureedge.net\/heartfailurematters\/2024\/07\/hfm-logo1.jpg","contentUrl":"https:\/\/cdn-endpoint-hfm.azureedge.net\/heartfailurematters\/2024\/07\/hfm-logo1.jpg","width":1280,"height":720,"caption":"Heart Failure Matters"},"image":{"@id":"https:\/\/www.heartfailurematters.org\/sv\/#\/schema\/logo\/image\/"},"sameAs":["https:\/\/www.facebook.com\/heartfailurematters"]}]}},"_links":{"self":[{"href":"https:\/\/www.heartfailurematters.org\/sv\/wp-json\/wp\/v2\/pages\/2405","targetHints":{"allow":["GET"]}}],"collection":[{"href":"https:\/\/www.heartfailurematters.org\/sv\/wp-json\/wp\/v2\/pages"}],"about":[{"href":"https:\/\/www.heartfailurematters.org\/sv\/wp-json\/wp\/v2\/types\/page"}],"author":[{"embeddable":true,"href":"https:\/\/www.heartfailurematters.org\/sv\/wp-json\/wp\/v2\/users\/1"}],"replies":[{"embeddable":true,"href":"https:\/\/www.heartfailurematters.org\/sv\/wp-json\/wp\/v2\/comments?post=2405"}],"version-history":[{"count":2,"href":"https:\/\/www.heartfailurematters.org\/sv\/wp-json\/wp\/v2\/pages\/2405\/revisions"}],"predecessor-version":[{"id":13974,"href":"https:\/\/www.heartfailurematters.org\/sv\/wp-json\/wp\/v2\/pages\/2405\/revisions\/13974"}],"up":[{"embeddable":true,"href":"https:\/\/www.heartfailurematters.org\/sv\/wp-json\/wp\/v2\/pages\/2767"}],"wp:featuredmedia":[{"embeddable":true,"href":"https:\/\/www.heartfailurematters.org\/sv\/wp-json\/wp\/v2\/media\/11069"}],"wp:attachment":[{"href":"https:\/\/www.heartfailurematters.org\/sv\/wp-json\/wp\/v2\/media?parent=2405"}],"wp:term":[{"taxonomy":"category","embeddable":true,"href":"https:\/\/www.heartfailurematters.org\/sv\/wp-json\/wp\/v2\/categories?post=2405"},{"taxonomy":"post_tag","embeddable":true,"href":"https:\/\/www.heartfailurematters.org\/sv\/wp-json\/wp\/v2\/tags?post=2405"}],"curies":[{"name":"wp","href":"https:\/\/api.w.org\/{rel}","templated":true}]}}