{"id":11335,"date":"2022-05-26T13:01:05","date_gmt":"2022-05-26T12:01:05","guid":{"rendered":"https:\/\/www.heartfailurematters.org\/escs-kliniska-praktiska-riktlinjer-om-hantering-av-kronisk-och-akut-hjartsvikt\/"},"modified":"2024-09-02T15:53:18","modified_gmt":"2024-09-02T14:53:18","slug":"escs-kliniska-praktiska-riktlinjer-om-hantering-av-kronisk-och-akut-hjartsvikt","status":"publish","type":"page","link":"https:\/\/www.heartfailurematters.org\/sv\/escs-kliniska-praktiska-riktlinjer-om-hantering-av-kronisk-och-akut-hjartsvikt\/","title":{"rendered":"ESC:s kliniska praktiska riktlinjer om hantering av kronisk och akut hj\u00e4rtsvikt"},"content":{"rendered":"<h2>Riktlinjer f\u00f6r patienter<\/h2>\n<h3>Vad patienter beh\u00f6ver veta<\/h3>\n<p>&nbsp;<\/p>\n<blockquote><p>Baserat p\u00e5 ESC:s kliniska praktiska riktlinjer beskriver dessa dokument diagnos- och behandlingsrekommendationer baserat p\u00e5 medicinska och vetenskapliga bel\u00e4gg fr\u00e5n h\u00e4lso- och sjukv\u00e5rdspersonal. De \u00e4r avsedda att bidra till patienters f\u00f6rst\u00e5else av sitt tillst\u00e5nd och ge dem kunskap och sj\u00e4lvf\u00f6rtroende att delta i ett delat beslutsfattande med sina v\u00e5rdgivare. De ger ocks\u00e5 f\u00f6rslag p\u00e5 hur patienterna kan ta hand om sig sj\u00e4lva, vilket \u00e4r viktigt f\u00f6r en effektiv hantering av sjukdomen.<\/p><\/blockquote>\n<h2>Kronisk och akut hj\u00e4rtsvikt<\/h2>\n<table style=\"width: 100%;\">\n<tbody>\n<tr>\n<td style=\"width: 30%;\"><a href=\"https:\/\/cdn-endpoint-hfm.azureedge.net\/heartfailurematters\/2022\/05\/hfm-guidelines2.pdf.pdf\" target=\"_blank\" rel=\"noopener\" class=\"esc-guidelines-2022\" data-lang=\"sv\"><br \/>\n<img decoding=\"async\" class=\"alignleft size-medium wp-image-11274\" style=\"vertical-align: top;\" src=\"https:\/\/www.heartfailurematters.org\/wp-content\/uploads\/2022\/05\/ESC-Clinical-Practice-Guidelines-2-224x300.png\" alt=\"ESC:s kliniska praktiska riktlinjer om hantering av kronisk och akut hj\u00e4rtsvikt\" width=\"224\" height=\"300\"><br \/>\n<\/a><\/td>\n<td style=\"width: 70%;\">Denna handledning f\u00f6r patienter syftar till att ge en \u00f6versikt \u00f6ver de senaste evidensbaserade rekommendationerna f\u00f6r diagnos och behandling av hj\u00e4rtsvikt. Den b\u00f6r i synnerhet hj\u00e4lpa patienterna att f\u00f6rst\u00e5<\/p>\n<ul>\n<li>de vanligaste formerna av hj\u00e4rtsvikt<\/li>\n<li>l\u00e4kemedel som kan erbjudas<\/li>\n<li>apparater som kan anses l\u00e4mpliga<\/li>\n<li>vikten av att behandlas av ett tv\u00e4rvetenskapligt team<\/li>\n<li>vikten av rehabilitering<\/li>\n<li>vikten av att ta hand om sig sj\u00e4lv och hantera sitt tillst\u00e5nd<\/li>\n<\/ul>\n<p><a class=\"btn btn-hfm esc-guidelines-2022\" href=\"https:\/\/cdn-endpoint-hfm.azureedge.net\/heartfailurematters\/2022\/05\/hfm-guidelines2.pdf.pdf\" target=\"_blank\" rel=\"noopener\" data-lang=\"sv\">Ladda ner riktlinjerna<\/a><\/td>\n<\/tr>\n<\/tbody>\n<\/table>\n<p>Detta dokument \u00e4r inte avsett som en v\u00e4gledning om hur hj\u00e4rtat fungerar, och det kan inte heller vara utt\u00f6mmande. F\u00f6r \u00e4mnena i detta dokument finns l\u00e4nkar som guidar den intresserade l\u00e4saren till l\u00e4mpliga avsnitt i <a href=\"https:\/\/cdn-endpoint-hfm.azureedge.net\/heartfailurematters\/2022\/05\/hfm-guidelines2.pdf.pdf\" target=\"_blank\" rel=\"noopener\" class=\"esc-guidelines-2022\" data-lang=\"sv\">ESC:s kliniska praktiska riktlinjer fr\u00e5n 2021<\/a>.<\/p>\n<p>&nbsp;<\/p>\n<p>&nbsp;<\/p>\n","protected":false},"excerpt":{"rendered":"<p>Riktlinjer f\u00f6r patienter Vad patienter beh\u00f6ver veta &nbsp; Baserat p\u00e5 ESC:s kliniska praktiska riktlinjer beskriver dessa dokument diagnos- och behandlingsrekommendationer baserat p\u00e5 medicinska och vetenskapliga bel\u00e4gg fr\u00e5n h\u00e4lso- och sjukv\u00e5rdspersonal. De \u00e4r avsedda att bidra till patienters f\u00f6rst\u00e5else av sitt tillst\u00e5nd och ge dem kunskap och sj\u00e4lvf\u00f6rtroende att delta i ett delat beslutsfattande med sina [&hellip;]<\/p>\n","protected":false},"author":1,"featured_media":11294,"parent":0,"menu_order":0,"comment_status":"closed","ping_status":"closed","template":"","meta":{"_acf_changed":false,"footnotes":""},"categories":[],"tags":[],"class_list":["post-11335","page","type-page","status-publish","has-post-thumbnail","hentry"],"acf":[],"yoast_head":"<!-- This site is optimized with the Yoast SEO plugin v24.8.1 - https:\/\/yoast.com\/wordpress\/plugins\/seo\/ -->\n<title>ESC:s kliniska praktiska riktlinjer om hantering av kronisk och akut hj\u00e4rtsvikt<\/title>\n<meta name=\"description\" content=\"Baserat p\u00e5 ESC:s kliniska praktiska riktlinjer beskriver dessa dokument diagnos- och behandlingsrekommendationer baserat p\u00e5 medicinska och vetenskapliga bel\u00e4gg fr\u00e5n h\u00e4lso- och sjukv\u00e5rdspersonal.\" \/>\n<meta name=\"robots\" content=\"index, follow, max-snippet:-1, max-image-preview:large, max-video-preview:-1\" \/>\n<link rel=\"canonical\" href=\"https:\/\/www.heartfailurematters.org\/sv\/escs-kliniska-praktiska-riktlinjer-om-hantering-av-kronisk-och-akut-hjartsvikt\/\" \/>\n<meta property=\"og:locale\" content=\"sv_SE\" \/>\n<meta property=\"og:type\" content=\"article\" \/>\n<meta property=\"og:title\" content=\"ESC:s kliniska praktiska riktlinjer om hantering av kronisk och akut hj\u00e4rtsvikt\" \/>\n<meta property=\"og:description\" content=\"Baserat p\u00e5 ESC:s kliniska praktiska riktlinjer beskriver dessa dokument diagnos- och behandlingsrekommendationer baserat p\u00e5 medicinska och vetenskapliga bel\u00e4gg fr\u00e5n h\u00e4lso- och sjukv\u00e5rdspersonal.\" \/>\n<meta property=\"og:url\" content=\"https:\/\/www.heartfailurematters.org\/sv\/escs-kliniska-praktiska-riktlinjer-om-hantering-av-kronisk-och-akut-hjartsvikt\/\" \/>\n<meta property=\"og:site_name\" content=\"Heart Failure Matters\" \/>\n<meta property=\"article:publisher\" content=\"https:\/\/www.facebook.com\/heartfailurematters\" \/>\n<meta property=\"article:modified_time\" content=\"2024-09-02T14:53:18+00:00\" \/>\n<meta property=\"og:image\" content=\"https:\/\/www.heartfailurematters.org\/wp-content\/uploads\/2022\/05\/ESC-Clinical-Practice-Guidelines-2.png\" \/>\n\t<meta property=\"og:image:width\" content=\"1100\" \/>\n\t<meta property=\"og:image:height\" content=\"1475\" \/>\n\t<meta property=\"og:image:type\" content=\"image\/png\" \/>\n<meta name=\"twitter:card\" content=\"summary_large_image\" \/>\n<meta name=\"twitter:label1\" content=\"Ber\u00e4knad l\u00e4stid\" \/>\n\t<meta name=\"twitter:data1\" content=\"1 minut\" \/>\n<script type=\"application\/ld+json\" class=\"yoast-schema-graph\">{\"@context\":\"https:\/\/schema.org\",\"@graph\":[{\"@type\":\"WebPage\",\"@id\":\"https:\/\/www.heartfailurematters.org\/sv\/escs-kliniska-praktiska-riktlinjer-om-hantering-av-kronisk-och-akut-hjartsvikt\/\",\"url\":\"https:\/\/www.heartfailurematters.org\/sv\/escs-kliniska-praktiska-riktlinjer-om-hantering-av-kronisk-och-akut-hjartsvikt\/\",\"name\":\"ESC:s kliniska praktiska riktlinjer om hantering av kronisk och akut hj\u00e4rtsvikt\",\"isPartOf\":{\"@id\":\"https:\/\/www.heartfailurematters.org\/sv\/#website\"},\"primaryImageOfPage\":{\"@id\":\"https:\/\/www.heartfailurematters.org\/sv\/escs-kliniska-praktiska-riktlinjer-om-hantering-av-kronisk-och-akut-hjartsvikt\/#primaryimage\"},\"image\":{\"@id\":\"https:\/\/www.heartfailurematters.org\/sv\/escs-kliniska-praktiska-riktlinjer-om-hantering-av-kronisk-och-akut-hjartsvikt\/#primaryimage\"},\"thumbnailUrl\":\"https:\/\/www.heartfailurematters.org\/wp-content\/uploads\/2022\/05\/ESC-Clinical-Practice-Guidelines-2.png\",\"datePublished\":\"2022-05-26T12:01:05+00:00\",\"dateModified\":\"2024-09-02T14:53:18+00:00\",\"description\":\"Baserat p\u00e5 ESC:s kliniska praktiska riktlinjer beskriver dessa dokument diagnos- och behandlingsrekommendationer baserat p\u00e5 medicinska och vetenskapliga bel\u00e4gg fr\u00e5n h\u00e4lso- och sjukv\u00e5rdspersonal.\",\"breadcrumb\":{\"@id\":\"https:\/\/www.heartfailurematters.org\/sv\/escs-kliniska-praktiska-riktlinjer-om-hantering-av-kronisk-och-akut-hjartsvikt\/#breadcrumb\"},\"inLanguage\":\"sv-SE\",\"potentialAction\":[{\"@type\":\"ReadAction\",\"target\":[\"https:\/\/www.heartfailurematters.org\/sv\/escs-kliniska-praktiska-riktlinjer-om-hantering-av-kronisk-och-akut-hjartsvikt\/\"]}]},{\"@type\":\"ImageObject\",\"inLanguage\":\"sv-SE\",\"@id\":\"https:\/\/www.heartfailurematters.org\/sv\/escs-kliniska-praktiska-riktlinjer-om-hantering-av-kronisk-och-akut-hjartsvikt\/#primaryimage\",\"url\":\"https:\/\/www.heartfailurematters.org\/wp-content\/uploads\/2022\/05\/ESC-Clinical-Practice-Guidelines-2.png\",\"contentUrl\":\"https:\/\/www.heartfailurematters.org\/wp-content\/uploads\/2022\/05\/ESC-Clinical-Practice-Guidelines-2.png\",\"width\":1100,\"height\":1475},{\"@type\":\"BreadcrumbList\",\"@id\":\"https:\/\/www.heartfailurematters.org\/sv\/escs-kliniska-praktiska-riktlinjer-om-hantering-av-kronisk-och-akut-hjartsvikt\/#breadcrumb\",\"itemListElement\":[{\"@type\":\"ListItem\",\"position\":1,\"name\":\"Hem\",\"item\":\"https:\/\/www.heartfailurematters.org\/sv\/\"},{\"@type\":\"ListItem\",\"position\":2,\"name\":\"ESC:s kliniska praktiska riktlinjer om hantering av kronisk och akut hj\u00e4rtsvikt\"}]},{\"@type\":\"WebSite\",\"@id\":\"https:\/\/www.heartfailurematters.org\/sv\/#website\",\"url\":\"https:\/\/www.heartfailurematters.org\/sv\/\",\"name\":\"Heart Failure Matters\",\"description\":\"Practical information for patients, families and caregivers.\",\"publisher\":{\"@id\":\"https:\/\/www.heartfailurematters.org\/sv\/#organization\"},\"potentialAction\":[{\"@type\":\"SearchAction\",\"target\":{\"@type\":\"EntryPoint\",\"urlTemplate\":\"https:\/\/www.heartfailurematters.org\/sv\/?s={search_term_string}\"},\"query-input\":{\"@type\":\"PropertyValueSpecification\",\"valueRequired\":true,\"valueName\":\"search_term_string\"}}],\"inLanguage\":\"sv-SE\"},{\"@type\":\"Organization\",\"@id\":\"https:\/\/www.heartfailurematters.org\/sv\/#organization\",\"name\":\"Heart Failure Matters\",\"url\":\"https:\/\/www.heartfailurematters.org\/sv\/\",\"logo\":{\"@type\":\"ImageObject\",\"inLanguage\":\"sv-SE\",\"@id\":\"https:\/\/www.heartfailurematters.org\/sv\/#\/schema\/logo\/image\/\",\"url\":\"https:\/\/cdn-endpoint-hfm.azureedge.net\/heartfailurematters\/2024\/07\/hfm-logo1.jpg\",\"contentUrl\":\"https:\/\/cdn-endpoint-hfm.azureedge.net\/heartfailurematters\/2024\/07\/hfm-logo1.jpg\",\"width\":1280,\"height\":720,\"caption\":\"Heart Failure Matters\"},\"image\":{\"@id\":\"https:\/\/www.heartfailurematters.org\/sv\/#\/schema\/logo\/image\/\"},\"sameAs\":[\"https:\/\/www.facebook.com\/heartfailurematters\"]}]}<\/script>\n<!-- \/ Yoast SEO plugin. -->","yoast_head_json":{"title":"ESC:s kliniska praktiska riktlinjer om hantering av kronisk och akut hj\u00e4rtsvikt","description":"Baserat p\u00e5 ESC:s kliniska praktiska riktlinjer beskriver dessa dokument diagnos- och behandlingsrekommendationer baserat p\u00e5 medicinska och vetenskapliga bel\u00e4gg fr\u00e5n h\u00e4lso- och sjukv\u00e5rdspersonal.","robots":{"index":"index","follow":"follow","max-snippet":"max-snippet:-1","max-image-preview":"max-image-preview:large","max-video-preview":"max-video-preview:-1"},"canonical":"https:\/\/www.heartfailurematters.org\/sv\/escs-kliniska-praktiska-riktlinjer-om-hantering-av-kronisk-och-akut-hjartsvikt\/","og_locale":"sv_SE","og_type":"article","og_title":"ESC:s kliniska praktiska riktlinjer om hantering av kronisk och akut hj\u00e4rtsvikt","og_description":"Baserat p\u00e5 ESC:s kliniska praktiska riktlinjer beskriver dessa dokument diagnos- och behandlingsrekommendationer baserat p\u00e5 medicinska och vetenskapliga bel\u00e4gg fr\u00e5n h\u00e4lso- och sjukv\u00e5rdspersonal.","og_url":"https:\/\/www.heartfailurematters.org\/sv\/escs-kliniska-praktiska-riktlinjer-om-hantering-av-kronisk-och-akut-hjartsvikt\/","og_site_name":"Heart Failure Matters","article_publisher":"https:\/\/www.facebook.com\/heartfailurematters","article_modified_time":"2024-09-02T14:53:18+00:00","og_image":[{"width":1100,"height":1475,"url":"https:\/\/www.heartfailurematters.org\/wp-content\/uploads\/2022\/05\/ESC-Clinical-Practice-Guidelines-2.png","type":"image\/png"}],"twitter_card":"summary_large_image","twitter_misc":{"Ber\u00e4knad l\u00e4stid":"1 minut"},"schema":{"@context":"https:\/\/schema.org","@graph":[{"@type":"WebPage","@id":"https:\/\/www.heartfailurematters.org\/sv\/escs-kliniska-praktiska-riktlinjer-om-hantering-av-kronisk-och-akut-hjartsvikt\/","url":"https:\/\/www.heartfailurematters.org\/sv\/escs-kliniska-praktiska-riktlinjer-om-hantering-av-kronisk-och-akut-hjartsvikt\/","name":"ESC:s kliniska praktiska riktlinjer om hantering av kronisk och akut hj\u00e4rtsvikt","isPartOf":{"@id":"https:\/\/www.heartfailurematters.org\/sv\/#website"},"primaryImageOfPage":{"@id":"https:\/\/www.heartfailurematters.org\/sv\/escs-kliniska-praktiska-riktlinjer-om-hantering-av-kronisk-och-akut-hjartsvikt\/#primaryimage"},"image":{"@id":"https:\/\/www.heartfailurematters.org\/sv\/escs-kliniska-praktiska-riktlinjer-om-hantering-av-kronisk-och-akut-hjartsvikt\/#primaryimage"},"thumbnailUrl":"https:\/\/www.heartfailurematters.org\/wp-content\/uploads\/2022\/05\/ESC-Clinical-Practice-Guidelines-2.png","datePublished":"2022-05-26T12:01:05+00:00","dateModified":"2024-09-02T14:53:18+00:00","description":"Baserat p\u00e5 ESC:s kliniska praktiska riktlinjer beskriver dessa dokument diagnos- och behandlingsrekommendationer baserat p\u00e5 medicinska och vetenskapliga bel\u00e4gg fr\u00e5n h\u00e4lso- och sjukv\u00e5rdspersonal.","breadcrumb":{"@id":"https:\/\/www.heartfailurematters.org\/sv\/escs-kliniska-praktiska-riktlinjer-om-hantering-av-kronisk-och-akut-hjartsvikt\/#breadcrumb"},"inLanguage":"sv-SE","potentialAction":[{"@type":"ReadAction","target":["https:\/\/www.heartfailurematters.org\/sv\/escs-kliniska-praktiska-riktlinjer-om-hantering-av-kronisk-och-akut-hjartsvikt\/"]}]},{"@type":"ImageObject","inLanguage":"sv-SE","@id":"https:\/\/www.heartfailurematters.org\/sv\/escs-kliniska-praktiska-riktlinjer-om-hantering-av-kronisk-och-akut-hjartsvikt\/#primaryimage","url":"https:\/\/www.heartfailurematters.org\/wp-content\/uploads\/2022\/05\/ESC-Clinical-Practice-Guidelines-2.png","contentUrl":"https:\/\/www.heartfailurematters.org\/wp-content\/uploads\/2022\/05\/ESC-Clinical-Practice-Guidelines-2.png","width":1100,"height":1475},{"@type":"BreadcrumbList","@id":"https:\/\/www.heartfailurematters.org\/sv\/escs-kliniska-praktiska-riktlinjer-om-hantering-av-kronisk-och-akut-hjartsvikt\/#breadcrumb","itemListElement":[{"@type":"ListItem","position":1,"name":"Hem","item":"https:\/\/www.heartfailurematters.org\/sv\/"},{"@type":"ListItem","position":2,"name":"ESC:s kliniska praktiska riktlinjer om hantering av kronisk och akut hj\u00e4rtsvikt"}]},{"@type":"WebSite","@id":"https:\/\/www.heartfailurematters.org\/sv\/#website","url":"https:\/\/www.heartfailurematters.org\/sv\/","name":"Heart Failure Matters","description":"Practical information for patients, families and caregivers.","publisher":{"@id":"https:\/\/www.heartfailurematters.org\/sv\/#organization"},"potentialAction":[{"@type":"SearchAction","target":{"@type":"EntryPoint","urlTemplate":"https:\/\/www.heartfailurematters.org\/sv\/?s={search_term_string}"},"query-input":{"@type":"PropertyValueSpecification","valueRequired":true,"valueName":"search_term_string"}}],"inLanguage":"sv-SE"},{"@type":"Organization","@id":"https:\/\/www.heartfailurematters.org\/sv\/#organization","name":"Heart Failure Matters","url":"https:\/\/www.heartfailurematters.org\/sv\/","logo":{"@type":"ImageObject","inLanguage":"sv-SE","@id":"https:\/\/www.heartfailurematters.org\/sv\/#\/schema\/logo\/image\/","url":"https:\/\/cdn-endpoint-hfm.azureedge.net\/heartfailurematters\/2024\/07\/hfm-logo1.jpg","contentUrl":"https:\/\/cdn-endpoint-hfm.azureedge.net\/heartfailurematters\/2024\/07\/hfm-logo1.jpg","width":1280,"height":720,"caption":"Heart Failure Matters"},"image":{"@id":"https:\/\/www.heartfailurematters.org\/sv\/#\/schema\/logo\/image\/"},"sameAs":["https:\/\/www.facebook.com\/heartfailurematters"]}]}},"_links":{"self":[{"href":"https:\/\/www.heartfailurematters.org\/sv\/wp-json\/wp\/v2\/pages\/11335","targetHints":{"allow":["GET"]}}],"collection":[{"href":"https:\/\/www.heartfailurematters.org\/sv\/wp-json\/wp\/v2\/pages"}],"about":[{"href":"https:\/\/www.heartfailurematters.org\/sv\/wp-json\/wp\/v2\/types\/page"}],"author":[{"embeddable":true,"href":"https:\/\/www.heartfailurematters.org\/sv\/wp-json\/wp\/v2\/users\/1"}],"replies":[{"embeddable":true,"href":"https:\/\/www.heartfailurematters.org\/sv\/wp-json\/wp\/v2\/comments?post=11335"}],"version-history":[{"count":4,"href":"https:\/\/www.heartfailurematters.org\/sv\/wp-json\/wp\/v2\/pages\/11335\/revisions"}],"predecessor-version":[{"id":13544,"href":"https:\/\/www.heartfailurematters.org\/sv\/wp-json\/wp\/v2\/pages\/11335\/revisions\/13544"}],"wp:featuredmedia":[{"embeddable":true,"href":"https:\/\/www.heartfailurematters.org\/sv\/wp-json\/wp\/v2\/media\/11294"}],"wp:attachment":[{"href":"https:\/\/www.heartfailurematters.org\/sv\/wp-json\/wp\/v2\/media?parent=11335"}],"wp:term":[{"taxonomy":"category","embeddable":true,"href":"https:\/\/www.heartfailurematters.org\/sv\/wp-json\/wp\/v2\/categories?post=11335"},{"taxonomy":"post_tag","embeddable":true,"href":"https:\/\/www.heartfailurematters.org\/sv\/wp-json\/wp\/v2\/tags?post=11335"}],"curies":[{"name":"wp","href":"https:\/\/api.w.org\/{rel}","templated":true}]}}