{"id":8811,"date":"2021-04-19T10:31:54","date_gmt":"2021-04-19T09:31:54","guid":{"rendered":"https:\/\/www.heartfailurematters.org\/causas-de-insuficiencia-cardiaca-e-outras-condicoes-medicas-comuns\/apneia-central-do-sono\/"},"modified":"2022-01-24T16:48:50","modified_gmt":"2022-01-24T16:48:50","slug":"apneia-central-do-sono","status":"publish","type":"page","link":"https:\/\/www.heartfailurematters.org\/pt-pt\/causas-de-insuficiencia-cardiaca-e-outras-condicoes-medicas-comuns\/apneia-central-do-sono\/","title":{"rendered":"Apneia central do sono"},"content":{"rendered":"<p>O termo apneia significa que uma pessoa para de respirar durante um curto per\u00edodo. Os doentes com insufici\u00eancia card\u00edaca sofrem, frequentemente, de perturba\u00e7\u00f5es do sono durante a noite, que podem incluir apneia e epis\u00f3dios de dispneia parox\u00edstica, que \u00e9 geralmente sentida como falta de ar s\u00fabita quando est\u00e3o em posi\u00e7\u00e3o deitada, o que pode fazer com que a pessoa acorde e tenha de se sentar ou levantar. S\u00e3o observados padr\u00f5es anormais de respira\u00e7\u00e3o durante a noite (referidos como dist\u00farbios respirat\u00f3rios do sono). Os tipos mais comuns de dist\u00farbios respirat\u00f3rios do sono s\u00e3o apneia central do sono, apneia obstrutiva do sono ou um padr\u00e3o misto de ambas. A an\u00e1lise cuidadosa do historial do sono \u00e9 essencial para o estabelecimento do diagn\u00f3stico. Tal inclui perguntar a um parceiro como dorme o doente com insufici\u00eancia card\u00edaca, incluindo uma descri\u00e7\u00e3o detalhada do padr\u00e3o respirat\u00f3rio. \u00c9 informa\u00e7\u00e3o particularmente importante perguntar sobre epis\u00f3dios de suspens\u00e3o da respira\u00e7\u00e3o relacionados com o ressonar.<\/p>\n<p><strong>Apneia central do sono<\/strong> \u00e9 um dist\u00farbio relacionado com o sono no qual o doente para de respirar durante a noite (ou a respira\u00e7\u00e3o diminui visivelmente), geralmente durante 10 a 30 segundos, de forma intermitente ou em ciclos. Em alguns casos, pode assemelhar-se a um padr\u00e3o r\u00edtmico, acelerado e lento de fases respirat\u00f3rias, incluindo epis\u00f3dios de apneia (suspens\u00e3o da respira\u00e7\u00e3o) denominado Respira\u00e7\u00e3o de Cheyne\u2013Stokes. Na insufici\u00eancia card\u00edaca, este padr\u00e3o \u00e9 causado por uma sinaliza\u00e7\u00e3o anormal do c\u00e9rebro. Os doentes com insufici\u00eancia card\u00edaca podem ter uma circula\u00e7\u00e3o mais lenta, o que pode prejudicar a capacidade de detetar rapidamente a altera\u00e7\u00e3o nos n\u00edveis dos gases no sangue (oxig\u00e9nio e di\u00f3xido de carbono). Isto faz com que o c\u00e9rebro diminua ou pare mesmo de enviar os sinais para respirar aos m\u00fasculos respirat\u00f3rios que se encontram no t\u00f3rax e no diafragma. Este padr\u00e3o de dist\u00farbios respirat\u00f3rios do sono n\u00e3o \u00e9 o mesmo que a <strong>apneia obstrutiva do sono<\/strong> (que tamb\u00e9m pode estar presente na insufici\u00eancia card\u00edaca) e \u00e9 causado por uma interrup\u00e7\u00e3o da respira\u00e7\u00e3o devido a uma obstru\u00e7\u00e3o parcial do fluxo normal de ar nas vias a\u00e9reas superiores, geralmente associada ao ressonar.<\/p>\n<p>Um n\u00edvel reduzido de oxig\u00e9nio no sangue devido a respira\u00e7\u00e3o superficial ou longas pausas respirat\u00f3rias pode ser prejudicial, uma vez que pode fazer com que os doentes acordem frequentemente durante a noite, levando a dificuldades em adormecer (ins\u00f3nia) e cansa\u00e7o durante o dia. Este d\u00e9fice de oxig\u00e9nio pode igualmente desencadear surtos de estimula\u00e7\u00e3o no sistema nervoso simp\u00e1tico, que regula a tens\u00e3o arterial e a frequ\u00eancia card\u00edaca, e tal ativa\u00e7\u00e3o pode ter efeitos negativos no sistema cardiovascular.<\/p>\n<p>&nbsp;<\/p>\n<h3>Apneia e insufici\u00eancia card\u00edaca<\/h3>\n<p>Os doentes com insufici\u00eancia card\u00edaca e apneia central do sono normalmente referem despertares abruptos acompanhados de falta de ar, dificuldades em adormecer, dificuldades de concentra\u00e7\u00e3o, dores de cabe\u00e7a matinais e sonol\u00eancia diurna excessiva. Isto pode fazer com que um doente adorme\u00e7a durante o trabalho ou mesmo durante as atividades di\u00e1rias normais. Os doentes tamb\u00e9m referem fadiga e uma deteriora\u00e7\u00e3o adicional da toler\u00e2ncia ao exerc\u00edcio. A ansiedade ou a depress\u00e3o podem complicar os sintomas.<\/p>\n<p>Normalmente, o ressonar est\u00e1 relacionado com dist\u00farbios respirat\u00f3rios do sono, mas indica com maior frequ\u00eancia algum grau de obstru\u00e7\u00e3o do fluxo de ar nas vias a\u00e9reas superiores (apneia obstrutiva do sono). Contudo, o ressonar e o dist\u00farbio respirat\u00f3rio do sono tamb\u00e9m podem estar presentes em doentes sem obstru\u00e7\u00e3o (apneia central do sono). \u00c9 importante ter em conta que a apneia central do sono n\u00e3o afeta apenas a qualidade de vida, mas tamb\u00e9m est\u00e1 associada a um pior progn\u00f3stico com internamentos hospitalares mais frequentes, um risco mais elevado de anomalias do ritmo card\u00edaco e complica\u00e7\u00f5es potencialmente graves.<\/p>\n<p>Para o estabelecimento do diagn\u00f3stico de dist\u00farbios respirat\u00f3rios do sono \u00e9 necess\u00e1ria uma avalia\u00e7\u00e3o detalhada do historial de sono do doente. Os question\u00e1rios tamb\u00e9m s\u00e3o frequentemente \u00fateis. Pode ser recomendada a polissonografia de sono noturno, durante a qual o padr\u00e3o respirat\u00f3rio \u00e9 cuidadosamente monitorizado e analisado. Por vezes, a confirma\u00e7\u00e3o de um diagn\u00f3stico final de apneia do sono requer uma avalia\u00e7\u00e3o por um m\u00e9dico especialista utilizando equipamentos avan\u00e7ados para estudar um doente num laborat\u00f3rio do sono.<\/p>\n<p>O tratamento da apneia central do sono em doentes com insufici\u00eancia card\u00edaca \u00e9 ainda controverso. A otimiza\u00e7\u00e3o do tratamento da insufici\u00eancia card\u00edaca \u00e9 essencial, preferencialmente por uma equipa de gest\u00e3o da insufici\u00eancia card\u00edaca, utilizando medica\u00e7\u00e3o adequada e interven\u00e7\u00f5es espec\u00edficas, tais como dispositivos, quando indicados. Pode ser recomendada psicoterapia para alguns doentes. No entanto, atualmente n\u00e3o existe uma forma espec\u00edfica de terap\u00eautica que tenha dado provas de melhorar os resultados. No passado, foram por vezes recomendadas m\u00e1scaras de press\u00e3o positiva nas vias respirat\u00f3rias, mas dados recentes sugerem que estas n\u00e3o s\u00e3o \u00fateis para doentes com insufici\u00eancia card\u00edaca. Outros dispositivos de alarme relativamente simples, que respondem durante per\u00edodos de apneia, podem ser \u00fateis. Em alguns doentes com sintomas graves, pode ser considerado o tratamento com a chamada estimula\u00e7\u00e3o do nervo fr\u00e9nico com um dispositivo que se assemelha a um pacemaker. Este dispositivo est\u00e1 programado para monitorizar a respira\u00e7\u00e3o, al\u00e9m de detetar suspens\u00e3o da respira\u00e7\u00e3o e longos per\u00edodos de apneia. Em seguida, o dispositivo ir\u00e1 estimular o diafragma para restaurar a ventila\u00e7\u00e3o e a respira\u00e7\u00e3o adequadas at\u00e9 que a respira\u00e7\u00e3o normal seja retomada.<\/p>\n<p>&nbsp;<\/p>\n<p><a href=\"https:\/\/www.heartfailurematters.org\/heart-failure-causes-and-other-common-medical-conditions\/other-common-medical-conditions-and-heart-failure\/\">Voltar a Outras condi\u00e7\u00f5es m\u00e9dicas comuns e insufici\u00eancia card\u00edaca<\/a><\/p>\n","protected":false},"excerpt":{"rendered":"<p>O termo apneia significa que uma pessoa para de respirar durante um curto per\u00edodo. Os doentes com insufici\u00eancia card\u00edaca sofrem, frequentemente, de perturba\u00e7\u00f5es do sono durante a noite, que podem incluir apneia e epis\u00f3dios de dispneia parox\u00edstica, que \u00e9 geralmente sentida como falta de ar s\u00fabita quando est\u00e3o em posi\u00e7\u00e3o deitada, o que pode fazer [&hellip;]<\/p>\n","protected":false},"author":1,"featured_media":10821,"parent":8057,"menu_order":20,"comment_status":"closed","ping_status":"closed","template":"","meta":{"_acf_changed":false,"footnotes":""},"categories":[],"tags":[],"class_list":["post-8811","page","type-page","status-publish","has-post-thumbnail","hentry"],"acf":[],"yoast_head":"<!-- This site is optimized with the Yoast SEO plugin v24.8.1 - https:\/\/yoast.com\/wordpress\/plugins\/seo\/ -->\n<title>Apneia Central do Sono e Insufici\u00eancia Card\u00edaca<\/title>\n<meta name=\"description\" content=\"Os doentes com insufici\u00eancia card\u00edaca e apneia central do sono normalmente referem despertares abruptos acompanhados de falta de ar e dificuldades em adormecer.\" \/>\n<meta name=\"robots\" content=\"index, follow, max-snippet:-1, max-image-preview:large, max-video-preview:-1\" \/>\n<link rel=\"canonical\" href=\"https:\/\/www.heartfailurematters.org\/pt-pt\/causas-de-insuficiencia-cardiaca-e-outras-condicoes-medicas-comuns\/apneia-central-do-sono\/\" \/>\n<meta property=\"og:locale\" content=\"pt_PT\" \/>\n<meta property=\"og:type\" content=\"article\" \/>\n<meta property=\"og:title\" content=\"Apneia Central do Sono e Insufici\u00eancia Card\u00edaca\" \/>\n<meta property=\"og:description\" content=\"Os doentes com insufici\u00eancia card\u00edaca e apneia central do sono normalmente referem despertares abruptos acompanhados de falta de ar e dificuldades em adormecer.\" \/>\n<meta property=\"og:url\" content=\"https:\/\/www.heartfailurematters.org\/pt-pt\/causas-de-insuficiencia-cardiaca-e-outras-condicoes-medicas-comuns\/apneia-central-do-sono\/\" \/>\n<meta property=\"og:site_name\" content=\"Heart Failure Matters\" \/>\n<meta property=\"article:publisher\" content=\"https:\/\/www.facebook.com\/heartfailurematters\" \/>\n<meta property=\"article:modified_time\" content=\"2022-01-24T16:48:50+00:00\" \/>\n<meta property=\"og:image\" content=\"https:\/\/www.heartfailurematters.org\/wp-content\/uploads\/2022\/03\/shutterstock_388567126-1-min.jpg\" \/>\n\t<meta property=\"og:image:width\" content=\"900\" \/>\n\t<meta property=\"og:image:height\" content=\"600\" \/>\n\t<meta property=\"og:image:type\" content=\"image\/jpeg\" \/>\n<meta name=\"twitter:card\" content=\"summary_large_image\" \/>\n<meta name=\"twitter:label1\" content=\"Tempo estimado de leitura\" \/>\n\t<meta name=\"twitter:data1\" content=\"5 minutos\" \/>\n<script type=\"application\/ld+json\" class=\"yoast-schema-graph\">{\"@context\":\"https:\/\/schema.org\",\"@graph\":[{\"@type\":\"WebPage\",\"@id\":\"https:\/\/www.heartfailurematters.org\/pt-pt\/causas-de-insuficiencia-cardiaca-e-outras-condicoes-medicas-comuns\/apneia-central-do-sono\/\",\"url\":\"https:\/\/www.heartfailurematters.org\/pt-pt\/causas-de-insuficiencia-cardiaca-e-outras-condicoes-medicas-comuns\/apneia-central-do-sono\/\",\"name\":\"Apneia Central do Sono e Insufici\u00eancia Card\u00edaca\",\"isPartOf\":{\"@id\":\"https:\/\/www.heartfailurematters.org\/pt-pt\/#website\"},\"primaryImageOfPage\":{\"@id\":\"https:\/\/www.heartfailurematters.org\/pt-pt\/causas-de-insuficiencia-cardiaca-e-outras-condicoes-medicas-comuns\/apneia-central-do-sono\/#primaryimage\"},\"image\":{\"@id\":\"https:\/\/www.heartfailurematters.org\/pt-pt\/causas-de-insuficiencia-cardiaca-e-outras-condicoes-medicas-comuns\/apneia-central-do-sono\/#primaryimage\"},\"thumbnailUrl\":\"https:\/\/www.heartfailurematters.org\/wp-content\/uploads\/2022\/03\/shutterstock_388567126-1-min.jpg\",\"datePublished\":\"2021-04-19T09:31:54+00:00\",\"dateModified\":\"2022-01-24T16:48:50+00:00\",\"description\":\"Os doentes com insufici\u00eancia card\u00edaca e apneia central do sono normalmente referem despertares abruptos acompanhados de falta de ar e dificuldades em adormecer.\",\"breadcrumb\":{\"@id\":\"https:\/\/www.heartfailurematters.org\/pt-pt\/causas-de-insuficiencia-cardiaca-e-outras-condicoes-medicas-comuns\/apneia-central-do-sono\/#breadcrumb\"},\"inLanguage\":\"pt-PT\",\"potentialAction\":[{\"@type\":\"ReadAction\",\"target\":[\"https:\/\/www.heartfailurematters.org\/pt-pt\/causas-de-insuficiencia-cardiaca-e-outras-condicoes-medicas-comuns\/apneia-central-do-sono\/\"]}]},{\"@type\":\"ImageObject\",\"inLanguage\":\"pt-PT\",\"@id\":\"https:\/\/www.heartfailurematters.org\/pt-pt\/causas-de-insuficiencia-cardiaca-e-outras-condicoes-medicas-comuns\/apneia-central-do-sono\/#primaryimage\",\"url\":\"https:\/\/www.heartfailurematters.org\/wp-content\/uploads\/2022\/03\/shutterstock_388567126-1-min.jpg\",\"contentUrl\":\"https:\/\/www.heartfailurematters.org\/wp-content\/uploads\/2022\/03\/shutterstock_388567126-1-min.jpg\",\"width\":900,\"height\":600},{\"@type\":\"BreadcrumbList\",\"@id\":\"https:\/\/www.heartfailurematters.org\/pt-pt\/causas-de-insuficiencia-cardiaca-e-outras-condicoes-medicas-comuns\/apneia-central-do-sono\/#breadcrumb\",\"itemListElement\":[{\"@type\":\"ListItem\",\"position\":1,\"name\":\"P\u00e1gina inicial\",\"item\":\"https:\/\/www.heartfailurematters.org\/pt-pt\/\"},{\"@type\":\"ListItem\",\"position\":2,\"name\":\"Causas de insufici\u00eancia card\u00edaca e outras condi\u00e7\u00f5es m\u00e9dicas comuns\",\"item\":\"https:\/\/www.heartfailurematters.org\/pt-pt\/causas-de-insuficiencia-cardiaca-e-outras-condicoes-medicas-comuns\/\"},{\"@type\":\"ListItem\",\"position\":3,\"name\":\"Apneia central do sono\"}]},{\"@type\":\"WebSite\",\"@id\":\"https:\/\/www.heartfailurematters.org\/pt-pt\/#website\",\"url\":\"https:\/\/www.heartfailurematters.org\/pt-pt\/\",\"name\":\"Heart Failure Matters\",\"description\":\"Practical information for patients, families and caregivers.\",\"publisher\":{\"@id\":\"https:\/\/www.heartfailurematters.org\/pt-pt\/#organization\"},\"potentialAction\":[{\"@type\":\"SearchAction\",\"target\":{\"@type\":\"EntryPoint\",\"urlTemplate\":\"https:\/\/www.heartfailurematters.org\/pt-pt\/?s={search_term_string}\"},\"query-input\":{\"@type\":\"PropertyValueSpecification\",\"valueRequired\":true,\"valueName\":\"search_term_string\"}}],\"inLanguage\":\"pt-PT\"},{\"@type\":\"Organization\",\"@id\":\"https:\/\/www.heartfailurematters.org\/pt-pt\/#organization\",\"name\":\"Heart Failure Matters\",\"url\":\"https:\/\/www.heartfailurematters.org\/pt-pt\/\",\"logo\":{\"@type\":\"ImageObject\",\"inLanguage\":\"pt-PT\",\"@id\":\"https:\/\/www.heartfailurematters.org\/pt-pt\/#\/schema\/logo\/image\/\",\"url\":\"https:\/\/cdn-endpoint-hfm.azureedge.net\/heartfailurematters\/2024\/07\/hfm-logo1.jpg\",\"contentUrl\":\"https:\/\/cdn-endpoint-hfm.azureedge.net\/heartfailurematters\/2024\/07\/hfm-logo1.jpg\",\"width\":1280,\"height\":720,\"caption\":\"Heart Failure Matters\"},\"image\":{\"@id\":\"https:\/\/www.heartfailurematters.org\/pt-pt\/#\/schema\/logo\/image\/\"},\"sameAs\":[\"https:\/\/www.facebook.com\/heartfailurematters\"]}]}<\/script>\n<!-- \/ Yoast SEO plugin. -->","yoast_head_json":{"title":"Apneia Central do Sono e Insufici\u00eancia Card\u00edaca","description":"Os doentes com insufici\u00eancia card\u00edaca e apneia central do sono normalmente referem despertares abruptos acompanhados de falta de ar e dificuldades em adormecer.","robots":{"index":"index","follow":"follow","max-snippet":"max-snippet:-1","max-image-preview":"max-image-preview:large","max-video-preview":"max-video-preview:-1"},"canonical":"https:\/\/www.heartfailurematters.org\/pt-pt\/causas-de-insuficiencia-cardiaca-e-outras-condicoes-medicas-comuns\/apneia-central-do-sono\/","og_locale":"pt_PT","og_type":"article","og_title":"Apneia Central do Sono e Insufici\u00eancia Card\u00edaca","og_description":"Os doentes com insufici\u00eancia card\u00edaca e apneia central do sono normalmente referem despertares abruptos acompanhados de falta de ar e dificuldades em adormecer.","og_url":"https:\/\/www.heartfailurematters.org\/pt-pt\/causas-de-insuficiencia-cardiaca-e-outras-condicoes-medicas-comuns\/apneia-central-do-sono\/","og_site_name":"Heart Failure Matters","article_publisher":"https:\/\/www.facebook.com\/heartfailurematters","article_modified_time":"2022-01-24T16:48:50+00:00","og_image":[{"width":900,"height":600,"url":"https:\/\/www.heartfailurematters.org\/wp-content\/uploads\/2022\/03\/shutterstock_388567126-1-min.jpg","type":"image\/jpeg"}],"twitter_card":"summary_large_image","twitter_misc":{"Tempo estimado de leitura":"5 minutos"},"schema":{"@context":"https:\/\/schema.org","@graph":[{"@type":"WebPage","@id":"https:\/\/www.heartfailurematters.org\/pt-pt\/causas-de-insuficiencia-cardiaca-e-outras-condicoes-medicas-comuns\/apneia-central-do-sono\/","url":"https:\/\/www.heartfailurematters.org\/pt-pt\/causas-de-insuficiencia-cardiaca-e-outras-condicoes-medicas-comuns\/apneia-central-do-sono\/","name":"Apneia Central do Sono e Insufici\u00eancia Card\u00edaca","isPartOf":{"@id":"https:\/\/www.heartfailurematters.org\/pt-pt\/#website"},"primaryImageOfPage":{"@id":"https:\/\/www.heartfailurematters.org\/pt-pt\/causas-de-insuficiencia-cardiaca-e-outras-condicoes-medicas-comuns\/apneia-central-do-sono\/#primaryimage"},"image":{"@id":"https:\/\/www.heartfailurematters.org\/pt-pt\/causas-de-insuficiencia-cardiaca-e-outras-condicoes-medicas-comuns\/apneia-central-do-sono\/#primaryimage"},"thumbnailUrl":"https:\/\/www.heartfailurematters.org\/wp-content\/uploads\/2022\/03\/shutterstock_388567126-1-min.jpg","datePublished":"2021-04-19T09:31:54+00:00","dateModified":"2022-01-24T16:48:50+00:00","description":"Os doentes com insufici\u00eancia card\u00edaca e apneia central do sono normalmente referem despertares abruptos acompanhados de falta de ar e dificuldades em adormecer.","breadcrumb":{"@id":"https:\/\/www.heartfailurematters.org\/pt-pt\/causas-de-insuficiencia-cardiaca-e-outras-condicoes-medicas-comuns\/apneia-central-do-sono\/#breadcrumb"},"inLanguage":"pt-PT","potentialAction":[{"@type":"ReadAction","target":["https:\/\/www.heartfailurematters.org\/pt-pt\/causas-de-insuficiencia-cardiaca-e-outras-condicoes-medicas-comuns\/apneia-central-do-sono\/"]}]},{"@type":"ImageObject","inLanguage":"pt-PT","@id":"https:\/\/www.heartfailurematters.org\/pt-pt\/causas-de-insuficiencia-cardiaca-e-outras-condicoes-medicas-comuns\/apneia-central-do-sono\/#primaryimage","url":"https:\/\/www.heartfailurematters.org\/wp-content\/uploads\/2022\/03\/shutterstock_388567126-1-min.jpg","contentUrl":"https:\/\/www.heartfailurematters.org\/wp-content\/uploads\/2022\/03\/shutterstock_388567126-1-min.jpg","width":900,"height":600},{"@type":"BreadcrumbList","@id":"https:\/\/www.heartfailurematters.org\/pt-pt\/causas-de-insuficiencia-cardiaca-e-outras-condicoes-medicas-comuns\/apneia-central-do-sono\/#breadcrumb","itemListElement":[{"@type":"ListItem","position":1,"name":"P\u00e1gina inicial","item":"https:\/\/www.heartfailurematters.org\/pt-pt\/"},{"@type":"ListItem","position":2,"name":"Causas de insufici\u00eancia card\u00edaca e outras condi\u00e7\u00f5es m\u00e9dicas comuns","item":"https:\/\/www.heartfailurematters.org\/pt-pt\/causas-de-insuficiencia-cardiaca-e-outras-condicoes-medicas-comuns\/"},{"@type":"ListItem","position":3,"name":"Apneia central do sono"}]},{"@type":"WebSite","@id":"https:\/\/www.heartfailurematters.org\/pt-pt\/#website","url":"https:\/\/www.heartfailurematters.org\/pt-pt\/","name":"Heart Failure Matters","description":"Practical information for patients, families and caregivers.","publisher":{"@id":"https:\/\/www.heartfailurematters.org\/pt-pt\/#organization"},"potentialAction":[{"@type":"SearchAction","target":{"@type":"EntryPoint","urlTemplate":"https:\/\/www.heartfailurematters.org\/pt-pt\/?s={search_term_string}"},"query-input":{"@type":"PropertyValueSpecification","valueRequired":true,"valueName":"search_term_string"}}],"inLanguage":"pt-PT"},{"@type":"Organization","@id":"https:\/\/www.heartfailurematters.org\/pt-pt\/#organization","name":"Heart Failure Matters","url":"https:\/\/www.heartfailurematters.org\/pt-pt\/","logo":{"@type":"ImageObject","inLanguage":"pt-PT","@id":"https:\/\/www.heartfailurematters.org\/pt-pt\/#\/schema\/logo\/image\/","url":"https:\/\/cdn-endpoint-hfm.azureedge.net\/heartfailurematters\/2024\/07\/hfm-logo1.jpg","contentUrl":"https:\/\/cdn-endpoint-hfm.azureedge.net\/heartfailurematters\/2024\/07\/hfm-logo1.jpg","width":1280,"height":720,"caption":"Heart Failure Matters"},"image":{"@id":"https:\/\/www.heartfailurematters.org\/pt-pt\/#\/schema\/logo\/image\/"},"sameAs":["https:\/\/www.facebook.com\/heartfailurematters"]}]}},"_links":{"self":[{"href":"https:\/\/www.heartfailurematters.org\/pt-pt\/wp-json\/wp\/v2\/pages\/8811","targetHints":{"allow":["GET"]}}],"collection":[{"href":"https:\/\/www.heartfailurematters.org\/pt-pt\/wp-json\/wp\/v2\/pages"}],"about":[{"href":"https:\/\/www.heartfailurematters.org\/pt-pt\/wp-json\/wp\/v2\/types\/page"}],"author":[{"embeddable":true,"href":"https:\/\/www.heartfailurematters.org\/pt-pt\/wp-json\/wp\/v2\/users\/1"}],"replies":[{"embeddable":true,"href":"https:\/\/www.heartfailurematters.org\/pt-pt\/wp-json\/wp\/v2\/comments?post=8811"}],"version-history":[{"count":1,"href":"https:\/\/www.heartfailurematters.org\/pt-pt\/wp-json\/wp\/v2\/pages\/8811\/revisions"}],"predecessor-version":[{"id":9032,"href":"https:\/\/www.heartfailurematters.org\/pt-pt\/wp-json\/wp\/v2\/pages\/8811\/revisions\/9032"}],"up":[{"embeddable":true,"href":"https:\/\/www.heartfailurematters.org\/pt-pt\/wp-json\/wp\/v2\/pages\/8057"}],"wp:featuredmedia":[{"embeddable":true,"href":"https:\/\/www.heartfailurematters.org\/pt-pt\/wp-json\/wp\/v2\/media\/10821"}],"wp:attachment":[{"href":"https:\/\/www.heartfailurematters.org\/pt-pt\/wp-json\/wp\/v2\/media?parent=8811"}],"wp:term":[{"taxonomy":"category","embeddable":true,"href":"https:\/\/www.heartfailurematters.org\/pt-pt\/wp-json\/wp\/v2\/categories?post=8811"},{"taxonomy":"post_tag","embeddable":true,"href":"https:\/\/www.heartfailurematters.org\/pt-pt\/wp-json\/wp\/v2\/tags?post=8811"}],"curies":[{"name":"wp","href":"https:\/\/api.w.org\/{rel}","templated":true}]}}