{"id":8810,"date":"2021-04-19T10:31:54","date_gmt":"2021-04-19T09:31:54","guid":{"rendered":"https:\/\/www.heartfailurematters.org\/causas-de-insuficiencia-cardiaca-e-outras-condicoes-medicas-comuns\/deficiencia-de-ferro\/"},"modified":"2025-12-05T10:26:04","modified_gmt":"2025-12-05T10:26:04","slug":"deficiencia-de-ferro","status":"publish","type":"page","link":"https:\/\/www.heartfailurematters.org\/pt-pt\/causas-de-insuficiencia-cardiaca-e-outras-condicoes-medicas-comuns\/deficiencia-de-ferro\/","title":{"rendered":"Defici\u00eancia de ferro"},"content":{"rendered":"<p>A defici\u00eancia de ferro (DF) \u00e9 a defici\u00eancia nutricional mais comum em todo o mundo. \u00c9 altamente prevalente em doentes com insufici\u00eancia card\u00edaca, independentemente da causa. Tamb\u00e9m ocorre frequentemente mesmo em pacientes sem anemia. A DF \u00e9 particularmente frequente em doentes com insufici\u00eancia card\u00edaca que s\u00e3o idosos e fr\u00e1geis e que, muitas vezes, t\u00eam v\u00e1rias outras condi\u00e7\u00f5es m\u00e9dicas graves, tais como doen\u00e7a renal cr\u00f3nica, diabetes ou doen\u00e7a pulmonar cr\u00f3nica.<\/p>\n<p>Para a maioria das pessoas, o ferro \u00e9 um nutriente extremamente necess\u00e1rio para a forma\u00e7\u00e3o ideal de gl\u00f3bulos vermelhos (eritropoiese). O ferro \u00e9 um elemento essencial da mol\u00e9cula de hemoglobina que transporta oxig\u00e9nio no sangue. Por conseguinte, a DF est\u00e1 normalmente relacionada com a anemia, que \u00e9 um n\u00edvel baixo de hemoglobina. A anemia pode ter muitas causas, mas, a mais frequente deve-se \u00e0 redu\u00e7\u00e3o da produ\u00e7\u00e3o de gl\u00f3bulos vermelhos pela medula \u00f3ssea ou \u00e0 perda cr\u00f3nica de sangue, geralmente, dos intestinos. A DF cr\u00f3nica tamb\u00e9m pode, eventualmente, resultar numa anemia por defici\u00eancia de ferro. De facto, em doentes com insufici\u00eancia card\u00edaca, a DF \u00e9 cerca de 3 vezes mais comum do que a anemia.<\/p>\n<p>\u00c9 importante detetar a DF submetendo os pacientes a exames de sangue regulares. O tratamento \u00e9 recomendado independentemente da presen\u00e7a ou aus\u00eancia de anemia. A pr\u00f3pria DF tem in\u00fameras desvantagens cl\u00ednicas prejudiciais em doentes com insufici\u00eancia card\u00edaca. O ferro n\u00e3o \u00e9 apenas um elemento da hemoglobina, mas est\u00e1 presente em todas as c\u00e9lulas do organismo como parte da mitoc\u00f4ndria, que s\u00e3o estruturas celulares respons\u00e1veis pela gera\u00e7\u00e3o de energia. Por isso, n\u00e3o surpreende que o ferro seja especialmente necess\u00e1rio para tecidos com elevada exig\u00eancia em termos de energia, tais como o cora\u00e7\u00e3o e os m\u00fasculos. Os sintomas e as consequ\u00eancias da DF em doentes com insufici\u00eancia card\u00edaca est\u00e3o relacionados com um funcionamento anormal dos m\u00fasculos no corpo e do pr\u00f3prio cora\u00e7\u00e3o.<\/p>\n<p>A origem exata da DF em doentes com insufici\u00eancia card\u00edaca n\u00e3o \u00e9 completamente compreendida. Em geral, est\u00e1 associada \u00e0 ingest\u00e3o alimentar de ferro inadequada, ao aumento das perdas de ferro e a uma distribui\u00e7\u00e3o anormal de ferro pelos sistemas do corpo onde n\u00e3o est\u00e1 dispon\u00edvel para utiliza\u00e7\u00e3o no metabolismo do organismo (processos celulares). A DF tamb\u00e9m pode dever-se \u00e0 m\u00e1 absor\u00e7\u00e3o de ferro pelos intestinos, ao uso de determinados medicamentos que reduzem a acidez g\u00e1strica, tais como medicamentos geralmente utilizados para a indigest\u00e3o e o refluxo. Certos alimentos que cont\u00eam \u201cfitatos\u201d, tais como cereais, gr\u00e3os e leguminosas, podem reduzir a absor\u00e7\u00e3o de ferro. Pode ocorrer perda de ferro devido \u00e0 perda de sangue menstrual ou a alguns dist\u00farbios gastrointestinais comuns, por exemplo, \u00falcera p\u00e9ptica ou colite.<\/p>\n<p>A DF em doentes com insufici\u00eancia card\u00edaca pode resultar num agravamento dos sintomas, tais como falta de ar, fadiga, capacidade de exerc\u00edcio diminu\u00edda e baixa qualidade de vida. A DF tamb\u00e9m aumenta o risco de internamento devido a insufici\u00eancia card\u00edaca e pode, igualmente, levar a outras complica\u00e7\u00f5es graves.<\/p>\n<p>Devido aos potenciais efeitos prejudiciais da DF em doentes com insufici\u00eancia card\u00edaca, recomenda-se que os sejam regularmente submetidos a exames quanto \u00e0 presen\u00e7a de DF. As an\u00e1lises ao sangue utilizadas s\u00e3o denominadas ferritina s\u00e9rica (n\u00edvel de ferro no sangue) e satura\u00e7\u00e3o da transferrina (TSAT), que mede a satura\u00e7\u00e3o da prote\u00edna que transporta ferro no sangue. Estas an\u00e1lises ir\u00e3o detetar a presen\u00e7a de DF que requer tratamento, independentemente do n\u00edvel de hemoglobina. A seguinte defini\u00e7\u00e3o de DF \u00e9 recomendada para utiliza\u00e7\u00e3o em doentes com insufici\u00eancia card\u00edaca: ferritina s\u00e9rica &lt;100 \u03bcg\/l ou ferritina s\u00e9rica entre 100\u2013299 \u03bcg\/l e TSAT &lt;20%. Ambas as an\u00e1lises s\u00e3o necess\u00e1rias, uma vez que nem a ferritina s\u00e9rica nem a TSAT isoladamente avaliam adequadamente os n\u00edveis de ferro em doentes com insufici\u00eancia card\u00edaca. <a href=\"https:\/\/www.heartfailurematters.org\/what-your-doctor-can-do\/iron-therapy-in-patients-with-heart-failure-and-iron-deficiency\/\">Os pacientes devem discutir as d\u00favidas sobre os seus n\u00edveis de ferro com o m\u00e9dico ou enfermeiro.<\/a><\/p>\n<p><a href=\"https:\/\/www.heartfailurematters.org\/heart-failure-causes-and-other-common-medical-conditions\/other-common-medical-conditions-and-heart-failure\/\">Voltar a Outras condi\u00e7\u00f5es m\u00e9dicas comuns e insufici\u00eancia card\u00edaca<\/a><\/p>\n","protected":false},"excerpt":{"rendered":"<p>A defici\u00eancia de ferro (DF) \u00e9 a defici\u00eancia nutricional mais comum em todo o mundo. \u00c9 altamente prevalente em doentes com insufici\u00eancia card\u00edaca, independentemente da causa. Tamb\u00e9m ocorre frequentemente mesmo em pacientes sem anemia. A DF \u00e9 particularmente frequente em doentes com insufici\u00eancia card\u00edaca que s\u00e3o idosos e fr\u00e1geis e que, muitas vezes, t\u00eam v\u00e1rias [&hellip;]<\/p>\n","protected":false},"author":1,"featured_media":10629,"parent":8057,"menu_order":14,"comment_status":"closed","ping_status":"closed","template":"","meta":{"_acf_changed":false,"footnotes":""},"categories":[],"tags":[],"class_list":["post-8810","page","type-page","status-publish","has-post-thumbnail","hentry"],"acf":[],"yoast_head":"<!-- This site is optimized with the Yoast SEO plugin v24.8.1 - https:\/\/yoast.com\/wordpress\/plugins\/seo\/ -->\n<title>Defici\u00eancia de ferro - Heart Failure Matters<\/title>\n<meta name=\"description\" content=\"Defici\u00eancia de ferro (DF) em pacientes com insufici\u00eancia card\u00edaca pode causar agravamento dos sintomas t\u00edpicos, tais como falta de ar, fadiga e baixa qualidade de vida.\" \/>\n<meta name=\"robots\" content=\"index, follow, max-snippet:-1, max-image-preview:large, max-video-preview:-1\" \/>\n<link rel=\"canonical\" href=\"https:\/\/www.heartfailurematters.org\/pt-pt\/causas-de-insuficiencia-cardiaca-e-outras-condicoes-medicas-comuns\/deficiencia-de-ferro\/\" \/>\n<meta property=\"og:locale\" content=\"pt_PT\" \/>\n<meta property=\"og:type\" content=\"article\" \/>\n<meta property=\"og:title\" content=\"Defici\u00eancia de ferro - Heart Failure Matters\" \/>\n<meta property=\"og:description\" content=\"Defici\u00eancia de ferro (DF) em pacientes com insufici\u00eancia card\u00edaca pode causar agravamento dos sintomas t\u00edpicos, tais como falta de ar, fadiga e baixa qualidade de vida.\" \/>\n<meta property=\"og:url\" content=\"https:\/\/www.heartfailurematters.org\/pt-pt\/causas-de-insuficiencia-cardiaca-e-outras-condicoes-medicas-comuns\/deficiencia-de-ferro\/\" \/>\n<meta property=\"og:site_name\" content=\"Heart Failure Matters\" \/>\n<meta property=\"article:publisher\" content=\"https:\/\/www.facebook.com\/heartfailurematters\" \/>\n<meta property=\"article:modified_time\" content=\"2025-12-05T10:26:04+00:00\" \/>\n<meta property=\"og:image\" content=\"https:\/\/www.heartfailurematters.org\/wp-content\/uploads\/2022\/02\/shutterstock_1114244621-1-min.jpg\" \/>\n\t<meta property=\"og:image:width\" content=\"900\" \/>\n\t<meta property=\"og:image:height\" content=\"596\" \/>\n\t<meta property=\"og:image:type\" content=\"image\/jpeg\" \/>\n<meta name=\"twitter:card\" content=\"summary_large_image\" \/>\n<meta name=\"twitter:label1\" content=\"Tempo estimado de leitura\" \/>\n\t<meta name=\"twitter:data1\" content=\"3 minutos\" \/>\n<script type=\"application\/ld+json\" class=\"yoast-schema-graph\">{\"@context\":\"https:\/\/schema.org\",\"@graph\":[{\"@type\":\"WebPage\",\"@id\":\"https:\/\/www.heartfailurematters.org\/pt-pt\/causas-de-insuficiencia-cardiaca-e-outras-condicoes-medicas-comuns\/deficiencia-de-ferro\/\",\"url\":\"https:\/\/www.heartfailurematters.org\/pt-pt\/causas-de-insuficiencia-cardiaca-e-outras-condicoes-medicas-comuns\/deficiencia-de-ferro\/\",\"name\":\"Defici\u00eancia de ferro - Heart Failure Matters\",\"isPartOf\":{\"@id\":\"https:\/\/www.heartfailurematters.org\/pt-pt\/#website\"},\"primaryImageOfPage\":{\"@id\":\"https:\/\/www.heartfailurematters.org\/pt-pt\/causas-de-insuficiencia-cardiaca-e-outras-condicoes-medicas-comuns\/deficiencia-de-ferro\/#primaryimage\"},\"image\":{\"@id\":\"https:\/\/www.heartfailurematters.org\/pt-pt\/causas-de-insuficiencia-cardiaca-e-outras-condicoes-medicas-comuns\/deficiencia-de-ferro\/#primaryimage\"},\"thumbnailUrl\":\"https:\/\/www.heartfailurematters.org\/wp-content\/uploads\/2022\/02\/shutterstock_1114244621-1-min.jpg\",\"datePublished\":\"2021-04-19T09:31:54+00:00\",\"dateModified\":\"2025-12-05T10:26:04+00:00\",\"description\":\"Defici\u00eancia de ferro (DF) em pacientes com insufici\u00eancia card\u00edaca pode causar agravamento dos sintomas t\u00edpicos, tais como falta de ar, fadiga e baixa qualidade de vida.\",\"breadcrumb\":{\"@id\":\"https:\/\/www.heartfailurematters.org\/pt-pt\/causas-de-insuficiencia-cardiaca-e-outras-condicoes-medicas-comuns\/deficiencia-de-ferro\/#breadcrumb\"},\"inLanguage\":\"pt-PT\",\"potentialAction\":[{\"@type\":\"ReadAction\",\"target\":[\"https:\/\/www.heartfailurematters.org\/pt-pt\/causas-de-insuficiencia-cardiaca-e-outras-condicoes-medicas-comuns\/deficiencia-de-ferro\/\"]}]},{\"@type\":\"ImageObject\",\"inLanguage\":\"pt-PT\",\"@id\":\"https:\/\/www.heartfailurematters.org\/pt-pt\/causas-de-insuficiencia-cardiaca-e-outras-condicoes-medicas-comuns\/deficiencia-de-ferro\/#primaryimage\",\"url\":\"https:\/\/www.heartfailurematters.org\/wp-content\/uploads\/2022\/02\/shutterstock_1114244621-1-min.jpg\",\"contentUrl\":\"https:\/\/www.heartfailurematters.org\/wp-content\/uploads\/2022\/02\/shutterstock_1114244621-1-min.jpg\",\"width\":900,\"height\":596},{\"@type\":\"BreadcrumbList\",\"@id\":\"https:\/\/www.heartfailurematters.org\/pt-pt\/causas-de-insuficiencia-cardiaca-e-outras-condicoes-medicas-comuns\/deficiencia-de-ferro\/#breadcrumb\",\"itemListElement\":[{\"@type\":\"ListItem\",\"position\":1,\"name\":\"P\u00e1gina inicial\",\"item\":\"https:\/\/www.heartfailurematters.org\/pt-pt\/\"},{\"@type\":\"ListItem\",\"position\":2,\"name\":\"Causas de insufici\u00eancia card\u00edaca e outras condi\u00e7\u00f5es m\u00e9dicas comuns\",\"item\":\"https:\/\/www.heartfailurematters.org\/pt-pt\/causas-de-insuficiencia-cardiaca-e-outras-condicoes-medicas-comuns\/\"},{\"@type\":\"ListItem\",\"position\":3,\"name\":\"Defici\u00eancia de ferro\"}]},{\"@type\":\"WebSite\",\"@id\":\"https:\/\/www.heartfailurematters.org\/pt-pt\/#website\",\"url\":\"https:\/\/www.heartfailurematters.org\/pt-pt\/\",\"name\":\"Heart Failure Matters\",\"description\":\"Practical information for patients, families and caregivers.\",\"publisher\":{\"@id\":\"https:\/\/www.heartfailurematters.org\/pt-pt\/#organization\"},\"potentialAction\":[{\"@type\":\"SearchAction\",\"target\":{\"@type\":\"EntryPoint\",\"urlTemplate\":\"https:\/\/www.heartfailurematters.org\/pt-pt\/?s={search_term_string}\"},\"query-input\":{\"@type\":\"PropertyValueSpecification\",\"valueRequired\":true,\"valueName\":\"search_term_string\"}}],\"inLanguage\":\"pt-PT\"},{\"@type\":\"Organization\",\"@id\":\"https:\/\/www.heartfailurematters.org\/pt-pt\/#organization\",\"name\":\"Heart Failure Matters\",\"url\":\"https:\/\/www.heartfailurematters.org\/pt-pt\/\",\"logo\":{\"@type\":\"ImageObject\",\"inLanguage\":\"pt-PT\",\"@id\":\"https:\/\/www.heartfailurematters.org\/pt-pt\/#\/schema\/logo\/image\/\",\"url\":\"https:\/\/cdn-endpoint-hfm.azureedge.net\/heartfailurematters\/2024\/07\/hfm-logo1.jpg\",\"contentUrl\":\"https:\/\/cdn-endpoint-hfm.azureedge.net\/heartfailurematters\/2024\/07\/hfm-logo1.jpg\",\"width\":1280,\"height\":720,\"caption\":\"Heart Failure Matters\"},\"image\":{\"@id\":\"https:\/\/www.heartfailurematters.org\/pt-pt\/#\/schema\/logo\/image\/\"},\"sameAs\":[\"https:\/\/www.facebook.com\/heartfailurematters\"]}]}<\/script>\n<!-- \/ Yoast SEO plugin. -->","yoast_head_json":{"title":"Defici\u00eancia de ferro - Heart Failure Matters","description":"Defici\u00eancia de ferro (DF) em pacientes com insufici\u00eancia card\u00edaca pode causar agravamento dos sintomas t\u00edpicos, tais como falta de ar, fadiga e baixa qualidade de vida.","robots":{"index":"index","follow":"follow","max-snippet":"max-snippet:-1","max-image-preview":"max-image-preview:large","max-video-preview":"max-video-preview:-1"},"canonical":"https:\/\/www.heartfailurematters.org\/pt-pt\/causas-de-insuficiencia-cardiaca-e-outras-condicoes-medicas-comuns\/deficiencia-de-ferro\/","og_locale":"pt_PT","og_type":"article","og_title":"Defici\u00eancia de ferro - Heart Failure Matters","og_description":"Defici\u00eancia de ferro (DF) em pacientes com insufici\u00eancia card\u00edaca pode causar agravamento dos sintomas t\u00edpicos, tais como falta de ar, fadiga e baixa qualidade de vida.","og_url":"https:\/\/www.heartfailurematters.org\/pt-pt\/causas-de-insuficiencia-cardiaca-e-outras-condicoes-medicas-comuns\/deficiencia-de-ferro\/","og_site_name":"Heart Failure Matters","article_publisher":"https:\/\/www.facebook.com\/heartfailurematters","article_modified_time":"2025-12-05T10:26:04+00:00","og_image":[{"width":900,"height":596,"url":"https:\/\/www.heartfailurematters.org\/wp-content\/uploads\/2022\/02\/shutterstock_1114244621-1-min.jpg","type":"image\/jpeg"}],"twitter_card":"summary_large_image","twitter_misc":{"Tempo estimado de leitura":"3 minutos"},"schema":{"@context":"https:\/\/schema.org","@graph":[{"@type":"WebPage","@id":"https:\/\/www.heartfailurematters.org\/pt-pt\/causas-de-insuficiencia-cardiaca-e-outras-condicoes-medicas-comuns\/deficiencia-de-ferro\/","url":"https:\/\/www.heartfailurematters.org\/pt-pt\/causas-de-insuficiencia-cardiaca-e-outras-condicoes-medicas-comuns\/deficiencia-de-ferro\/","name":"Defici\u00eancia de ferro - Heart Failure Matters","isPartOf":{"@id":"https:\/\/www.heartfailurematters.org\/pt-pt\/#website"},"primaryImageOfPage":{"@id":"https:\/\/www.heartfailurematters.org\/pt-pt\/causas-de-insuficiencia-cardiaca-e-outras-condicoes-medicas-comuns\/deficiencia-de-ferro\/#primaryimage"},"image":{"@id":"https:\/\/www.heartfailurematters.org\/pt-pt\/causas-de-insuficiencia-cardiaca-e-outras-condicoes-medicas-comuns\/deficiencia-de-ferro\/#primaryimage"},"thumbnailUrl":"https:\/\/www.heartfailurematters.org\/wp-content\/uploads\/2022\/02\/shutterstock_1114244621-1-min.jpg","datePublished":"2021-04-19T09:31:54+00:00","dateModified":"2025-12-05T10:26:04+00:00","description":"Defici\u00eancia de ferro (DF) em pacientes com insufici\u00eancia card\u00edaca pode causar agravamento dos sintomas t\u00edpicos, tais como falta de ar, fadiga e baixa qualidade de vida.","breadcrumb":{"@id":"https:\/\/www.heartfailurematters.org\/pt-pt\/causas-de-insuficiencia-cardiaca-e-outras-condicoes-medicas-comuns\/deficiencia-de-ferro\/#breadcrumb"},"inLanguage":"pt-PT","potentialAction":[{"@type":"ReadAction","target":["https:\/\/www.heartfailurematters.org\/pt-pt\/causas-de-insuficiencia-cardiaca-e-outras-condicoes-medicas-comuns\/deficiencia-de-ferro\/"]}]},{"@type":"ImageObject","inLanguage":"pt-PT","@id":"https:\/\/www.heartfailurematters.org\/pt-pt\/causas-de-insuficiencia-cardiaca-e-outras-condicoes-medicas-comuns\/deficiencia-de-ferro\/#primaryimage","url":"https:\/\/www.heartfailurematters.org\/wp-content\/uploads\/2022\/02\/shutterstock_1114244621-1-min.jpg","contentUrl":"https:\/\/www.heartfailurematters.org\/wp-content\/uploads\/2022\/02\/shutterstock_1114244621-1-min.jpg","width":900,"height":596},{"@type":"BreadcrumbList","@id":"https:\/\/www.heartfailurematters.org\/pt-pt\/causas-de-insuficiencia-cardiaca-e-outras-condicoes-medicas-comuns\/deficiencia-de-ferro\/#breadcrumb","itemListElement":[{"@type":"ListItem","position":1,"name":"P\u00e1gina inicial","item":"https:\/\/www.heartfailurematters.org\/pt-pt\/"},{"@type":"ListItem","position":2,"name":"Causas de insufici\u00eancia card\u00edaca e outras condi\u00e7\u00f5es m\u00e9dicas comuns","item":"https:\/\/www.heartfailurematters.org\/pt-pt\/causas-de-insuficiencia-cardiaca-e-outras-condicoes-medicas-comuns\/"},{"@type":"ListItem","position":3,"name":"Defici\u00eancia de ferro"}]},{"@type":"WebSite","@id":"https:\/\/www.heartfailurematters.org\/pt-pt\/#website","url":"https:\/\/www.heartfailurematters.org\/pt-pt\/","name":"Heart Failure Matters","description":"Practical information for patients, families and caregivers.","publisher":{"@id":"https:\/\/www.heartfailurematters.org\/pt-pt\/#organization"},"potentialAction":[{"@type":"SearchAction","target":{"@type":"EntryPoint","urlTemplate":"https:\/\/www.heartfailurematters.org\/pt-pt\/?s={search_term_string}"},"query-input":{"@type":"PropertyValueSpecification","valueRequired":true,"valueName":"search_term_string"}}],"inLanguage":"pt-PT"},{"@type":"Organization","@id":"https:\/\/www.heartfailurematters.org\/pt-pt\/#organization","name":"Heart Failure Matters","url":"https:\/\/www.heartfailurematters.org\/pt-pt\/","logo":{"@type":"ImageObject","inLanguage":"pt-PT","@id":"https:\/\/www.heartfailurematters.org\/pt-pt\/#\/schema\/logo\/image\/","url":"https:\/\/cdn-endpoint-hfm.azureedge.net\/heartfailurematters\/2024\/07\/hfm-logo1.jpg","contentUrl":"https:\/\/cdn-endpoint-hfm.azureedge.net\/heartfailurematters\/2024\/07\/hfm-logo1.jpg","width":1280,"height":720,"caption":"Heart Failure Matters"},"image":{"@id":"https:\/\/www.heartfailurematters.org\/pt-pt\/#\/schema\/logo\/image\/"},"sameAs":["https:\/\/www.facebook.com\/heartfailurematters"]}]}},"_links":{"self":[{"href":"https:\/\/www.heartfailurematters.org\/pt-pt\/wp-json\/wp\/v2\/pages\/8810","targetHints":{"allow":["GET"]}}],"collection":[{"href":"https:\/\/www.heartfailurematters.org\/pt-pt\/wp-json\/wp\/v2\/pages"}],"about":[{"href":"https:\/\/www.heartfailurematters.org\/pt-pt\/wp-json\/wp\/v2\/types\/page"}],"author":[{"embeddable":true,"href":"https:\/\/www.heartfailurematters.org\/pt-pt\/wp-json\/wp\/v2\/users\/1"}],"replies":[{"embeddable":true,"href":"https:\/\/www.heartfailurematters.org\/pt-pt\/wp-json\/wp\/v2\/comments?post=8810"}],"version-history":[{"count":2,"href":"https:\/\/www.heartfailurematters.org\/pt-pt\/wp-json\/wp\/v2\/pages\/8810\/revisions"}],"predecessor-version":[{"id":13703,"href":"https:\/\/www.heartfailurematters.org\/pt-pt\/wp-json\/wp\/v2\/pages\/8810\/revisions\/13703"}],"up":[{"embeddable":true,"href":"https:\/\/www.heartfailurematters.org\/pt-pt\/wp-json\/wp\/v2\/pages\/8057"}],"wp:featuredmedia":[{"embeddable":true,"href":"https:\/\/www.heartfailurematters.org\/pt-pt\/wp-json\/wp\/v2\/media\/10629"}],"wp:attachment":[{"href":"https:\/\/www.heartfailurematters.org\/pt-pt\/wp-json\/wp\/v2\/media?parent=8810"}],"wp:term":[{"taxonomy":"category","embeddable":true,"href":"https:\/\/www.heartfailurematters.org\/pt-pt\/wp-json\/wp\/v2\/categories?post=8810"},{"taxonomy":"post_tag","embeddable":true,"href":"https:\/\/www.heartfailurematters.org\/pt-pt\/wp-json\/wp\/v2\/tags?post=8810"}],"curies":[{"name":"wp","href":"https:\/\/api.w.org\/{rel}","templated":true}]}}