{"id":8141,"date":"2021-04-12T11:41:14","date_gmt":"2021-04-12T10:41:14","guid":{"rendered":"https:\/\/www.heartfailurematters.org\/como-e-que-o-seu-medico-pode-ajudar\/estimuladores-de-gcs\/"},"modified":"2022-01-25T10:52:29","modified_gmt":"2022-01-25T10:52:29","slug":"estimuladores-de-gcs","status":"publish","type":"page","link":"https:\/\/www.heartfailurematters.org\/pt-pt\/o-que-o-seu-medico-ou-enfermeiro-pode-fazer\/estimuladores-de-gcs\/","title":{"rendered":"Estimuladores de GCs"},"content":{"rendered":"<p>Os estimuladores e ativadores sol\u00faveis da Guanilato Ciclase (tamb\u00e9m denominada Guanilil Ciclase) (GCs) reduzem o stress oxidativo aumentando os n\u00edveis de \u00f3xido n\u00edtrico no cora\u00e7\u00e3o e nos vasos sangu\u00edneos. Estes medicamentos s\u00e3o novos e a sua utiliza\u00e7\u00e3o na insufici\u00eancia card\u00edaca \u00e9 limitada. Um desses agentes GCs \u00e9 o riociguat, que est\u00e1 aprovado para o tratamento de uma condi\u00e7\u00e3o espec\u00edfica chamada hipertens\u00e3o pulmonar, que afeta os vasos sangu\u00edneos nos pulm\u00f5es. Outro agente GCs, o vericiguat, quando adicionado aos medicamentos padr\u00e3o, pode ajudar a prevenir a hospitaliza\u00e7\u00e3o com insufici\u00eancia card\u00edaca grave.<\/p>\n<p><strong>O que fazem:<\/strong> cerca de um quarto dos doentes com insufici\u00eancia card\u00edaca t\u00eam baixos n\u00edveis de monofosfato de guanosina c\u00edclico (MFGc). A mol\u00e9cula de MFGc \u00e9 um mensageiro intracelular fundamental, que protege o cora\u00e7\u00e3o, vasos e rins. Uma das principais a\u00e7\u00f5es do MFGc \u00e9 o relaxamento dos vasos sangu\u00edneos e das c\u00e9lulas card\u00edacas. Os estimuladores sol\u00faveis da Guanilato Ciclase (EsGC) aumentam a forma\u00e7\u00e3o de MFGc e, por isso, reduzem a rigidez das c\u00e9lulas e vasos card\u00edacos.<\/p>\n<p><strong>Quais s\u00e3o os benef\u00edcios esperados?<\/strong> Em doentes hospitalizados por insufici\u00eancia card\u00edaca com fra\u00e7\u00e3o de eje\u00e7\u00e3o do ventr\u00edculo esquerdo inferior a 45%, o vericiguat pode reduzir os reinternamentos relacionados com a insufici\u00eancia card\u00edaca e prolongar a vida.<\/p>\n<p><strong>Efeitos secund\u00e1rios: <\/strong>o vericiguat \u00e9 bem tolerado comparativamente ao placebo. Foram comunicadas hipotens\u00e3o sintom\u00e1tica (tens\u00e3o arterial demasiado baixa) e anemia num restrito n\u00famero de doentes.<\/p>\n<p><strong>Dicas principais:<\/strong> o vericiguat \u00e9 tomado como comprimido oral uma vez por dia. Tal como sucede com outros medicamentos para a insufici\u00eancia card\u00edaca, a dose \u00e9 aumentada lentamente em v\u00e1rias etapas.<\/p>\n<p>&nbsp;<\/p>\n<p><a title=\"Medicamentos para insufici\u00eancia card\u00edaca\" href=\"https:\/\/www.heartfailurematters.org\/what-your-doctor-can-do\/heart-failure-medicines\/\">Voltar a Medicamentos para insufici\u00eancia card\u00edaca<\/a><\/p>\n","protected":false},"excerpt":{"rendered":"<p>Os estimuladores e ativadores sol\u00faveis da Guanilato Ciclase (tamb\u00e9m denominada Guanilil Ciclase) (GCs) reduzem o stress oxidativo aumentando os n\u00edveis de \u00f3xido n\u00edtrico no cora\u00e7\u00e3o e nos vasos sangu\u00edneos. Estes medicamentos s\u00e3o novos e a sua utiliza\u00e7\u00e3o na insufici\u00eancia card\u00edaca \u00e9 limitada. Um desses agentes GCs \u00e9 o riociguat, que est\u00e1 aprovado para o tratamento [&hellip;]<\/p>\n","protected":false},"author":1,"featured_media":10871,"parent":2682,"menu_order":0,"comment_status":"closed","ping_status":"closed","template":"","meta":{"_acf_changed":false,"footnotes":""},"categories":[],"tags":[],"class_list":["post-8141","page","type-page","status-publish","has-post-thumbnail","hentry"],"acf":[],"yoast_head":"<!-- This site is optimized with the Yoast SEO plugin v24.8.1 - https:\/\/yoast.com\/wordpress\/plugins\/seo\/ -->\n<title>Estimuladores de GCs - Heart Failure Matters<\/title>\n<meta name=\"description\" content=\"Os estimuladores e ativadores sol\u00faveis da Guanilato Ciclase (GCs) reduzem o stress oxidativo aumentando os n\u00edveis de \u00f3xido n\u00edtrico no cora\u00e7\u00e3o\/vasos sangu\u00edneos.\" \/>\n<meta name=\"robots\" content=\"index, follow, max-snippet:-1, max-image-preview:large, max-video-preview:-1\" \/>\n<link rel=\"canonical\" href=\"https:\/\/www.heartfailurematters.org\/pt-pt\/o-que-o-seu-medico-ou-enfermeiro-pode-fazer\/estimuladores-de-gcs\/\" \/>\n<meta property=\"og:locale\" content=\"pt_PT\" \/>\n<meta property=\"og:type\" content=\"article\" \/>\n<meta property=\"og:title\" content=\"Estimuladores de GCs - Heart Failure Matters\" \/>\n<meta property=\"og:description\" content=\"Os estimuladores e ativadores sol\u00faveis da Guanilato Ciclase (GCs) reduzem o stress oxidativo aumentando os n\u00edveis de \u00f3xido n\u00edtrico no cora\u00e7\u00e3o\/vasos sangu\u00edneos.\" \/>\n<meta property=\"og:url\" content=\"https:\/\/www.heartfailurematters.org\/pt-pt\/o-que-o-seu-medico-ou-enfermeiro-pode-fazer\/estimuladores-de-gcs\/\" \/>\n<meta property=\"og:site_name\" content=\"Heart Failure Matters\" \/>\n<meta property=\"article:publisher\" content=\"https:\/\/www.facebook.com\/heartfailurematters\" \/>\n<meta property=\"article:modified_time\" content=\"2022-01-25T10:52:29+00:00\" \/>\n<meta property=\"og:image\" content=\"https:\/\/www.heartfailurematters.org\/wp-content\/uploads\/2022\/03\/shutterstock_441673426-1-min.jpg\" \/>\n\t<meta property=\"og:image:width\" content=\"900\" \/>\n\t<meta property=\"og:image:height\" content=\"596\" \/>\n\t<meta property=\"og:image:type\" content=\"image\/jpeg\" \/>\n<meta name=\"twitter:card\" content=\"summary_large_image\" \/>\n<meta name=\"twitter:label1\" content=\"Tempo estimado de leitura\" \/>\n\t<meta name=\"twitter:data1\" content=\"2 minutos\" \/>\n<script type=\"application\/ld+json\" class=\"yoast-schema-graph\">{\"@context\":\"https:\/\/schema.org\",\"@graph\":[{\"@type\":\"WebPage\",\"@id\":\"https:\/\/www.heartfailurematters.org\/pt-pt\/o-que-o-seu-medico-ou-enfermeiro-pode-fazer\/estimuladores-de-gcs\/\",\"url\":\"https:\/\/www.heartfailurematters.org\/pt-pt\/o-que-o-seu-medico-ou-enfermeiro-pode-fazer\/estimuladores-de-gcs\/\",\"name\":\"Estimuladores de GCs - Heart Failure Matters\",\"isPartOf\":{\"@id\":\"https:\/\/www.heartfailurematters.org\/pt-pt\/#website\"},\"primaryImageOfPage\":{\"@id\":\"https:\/\/www.heartfailurematters.org\/pt-pt\/o-que-o-seu-medico-ou-enfermeiro-pode-fazer\/estimuladores-de-gcs\/#primaryimage\"},\"image\":{\"@id\":\"https:\/\/www.heartfailurematters.org\/pt-pt\/o-que-o-seu-medico-ou-enfermeiro-pode-fazer\/estimuladores-de-gcs\/#primaryimage\"},\"thumbnailUrl\":\"https:\/\/www.heartfailurematters.org\/wp-content\/uploads\/2022\/03\/shutterstock_441673426-1-min.jpg\",\"datePublished\":\"2021-04-12T10:41:14+00:00\",\"dateModified\":\"2022-01-25T10:52:29+00:00\",\"description\":\"Os estimuladores e ativadores sol\u00faveis da Guanilato Ciclase (GCs) reduzem o stress oxidativo aumentando os n\u00edveis de \u00f3xido n\u00edtrico no cora\u00e7\u00e3o\/vasos sangu\u00edneos.\",\"breadcrumb\":{\"@id\":\"https:\/\/www.heartfailurematters.org\/pt-pt\/o-que-o-seu-medico-ou-enfermeiro-pode-fazer\/estimuladores-de-gcs\/#breadcrumb\"},\"inLanguage\":\"pt-PT\",\"potentialAction\":[{\"@type\":\"ReadAction\",\"target\":[\"https:\/\/www.heartfailurematters.org\/pt-pt\/o-que-o-seu-medico-ou-enfermeiro-pode-fazer\/estimuladores-de-gcs\/\"]}]},{\"@type\":\"ImageObject\",\"inLanguage\":\"pt-PT\",\"@id\":\"https:\/\/www.heartfailurematters.org\/pt-pt\/o-que-o-seu-medico-ou-enfermeiro-pode-fazer\/estimuladores-de-gcs\/#primaryimage\",\"url\":\"https:\/\/www.heartfailurematters.org\/wp-content\/uploads\/2022\/03\/shutterstock_441673426-1-min.jpg\",\"contentUrl\":\"https:\/\/www.heartfailurematters.org\/wp-content\/uploads\/2022\/03\/shutterstock_441673426-1-min.jpg\",\"width\":900,\"height\":596},{\"@type\":\"BreadcrumbList\",\"@id\":\"https:\/\/www.heartfailurematters.org\/pt-pt\/o-que-o-seu-medico-ou-enfermeiro-pode-fazer\/estimuladores-de-gcs\/#breadcrumb\",\"itemListElement\":[{\"@type\":\"ListItem\",\"position\":1,\"name\":\"P\u00e1gina inicial\",\"item\":\"https:\/\/www.heartfailurematters.org\/pt-pt\/\"},{\"@type\":\"ListItem\",\"position\":2,\"name\":\"O que o seu m\u00e9dico pode fazer\",\"item\":\"https:\/\/www.heartfailurematters.org\/pt-pt\/o-que-o-seu-medico-ou-enfermeiro-pode-fazer\/\"},{\"@type\":\"ListItem\",\"position\":3,\"name\":\"Estimuladores de GCs\"}]},{\"@type\":\"WebSite\",\"@id\":\"https:\/\/www.heartfailurematters.org\/pt-pt\/#website\",\"url\":\"https:\/\/www.heartfailurematters.org\/pt-pt\/\",\"name\":\"Heart Failure Matters\",\"description\":\"Practical information for patients, families and caregivers.\",\"publisher\":{\"@id\":\"https:\/\/www.heartfailurematters.org\/pt-pt\/#organization\"},\"potentialAction\":[{\"@type\":\"SearchAction\",\"target\":{\"@type\":\"EntryPoint\",\"urlTemplate\":\"https:\/\/www.heartfailurematters.org\/pt-pt\/?s={search_term_string}\"},\"query-input\":{\"@type\":\"PropertyValueSpecification\",\"valueRequired\":true,\"valueName\":\"search_term_string\"}}],\"inLanguage\":\"pt-PT\"},{\"@type\":\"Organization\",\"@id\":\"https:\/\/www.heartfailurematters.org\/pt-pt\/#organization\",\"name\":\"Heart Failure Matters\",\"url\":\"https:\/\/www.heartfailurematters.org\/pt-pt\/\",\"logo\":{\"@type\":\"ImageObject\",\"inLanguage\":\"pt-PT\",\"@id\":\"https:\/\/www.heartfailurematters.org\/pt-pt\/#\/schema\/logo\/image\/\",\"url\":\"https:\/\/cdn-endpoint-hfm.azureedge.net\/heartfailurematters\/2024\/07\/hfm-logo1.jpg\",\"contentUrl\":\"https:\/\/cdn-endpoint-hfm.azureedge.net\/heartfailurematters\/2024\/07\/hfm-logo1.jpg\",\"width\":1280,\"height\":720,\"caption\":\"Heart Failure Matters\"},\"image\":{\"@id\":\"https:\/\/www.heartfailurematters.org\/pt-pt\/#\/schema\/logo\/image\/\"},\"sameAs\":[\"https:\/\/www.facebook.com\/heartfailurematters\"]}]}<\/script>\n<!-- \/ Yoast SEO plugin. -->","yoast_head_json":{"title":"Estimuladores de GCs - Heart Failure Matters","description":"Os estimuladores e ativadores sol\u00faveis da Guanilato Ciclase (GCs) reduzem o stress oxidativo aumentando os n\u00edveis de \u00f3xido n\u00edtrico no cora\u00e7\u00e3o\/vasos sangu\u00edneos.","robots":{"index":"index","follow":"follow","max-snippet":"max-snippet:-1","max-image-preview":"max-image-preview:large","max-video-preview":"max-video-preview:-1"},"canonical":"https:\/\/www.heartfailurematters.org\/pt-pt\/o-que-o-seu-medico-ou-enfermeiro-pode-fazer\/estimuladores-de-gcs\/","og_locale":"pt_PT","og_type":"article","og_title":"Estimuladores de GCs - Heart Failure Matters","og_description":"Os estimuladores e ativadores sol\u00faveis da Guanilato Ciclase (GCs) reduzem o stress oxidativo aumentando os n\u00edveis de \u00f3xido n\u00edtrico no cora\u00e7\u00e3o\/vasos sangu\u00edneos.","og_url":"https:\/\/www.heartfailurematters.org\/pt-pt\/o-que-o-seu-medico-ou-enfermeiro-pode-fazer\/estimuladores-de-gcs\/","og_site_name":"Heart Failure Matters","article_publisher":"https:\/\/www.facebook.com\/heartfailurematters","article_modified_time":"2022-01-25T10:52:29+00:00","og_image":[{"width":900,"height":596,"url":"https:\/\/www.heartfailurematters.org\/wp-content\/uploads\/2022\/03\/shutterstock_441673426-1-min.jpg","type":"image\/jpeg"}],"twitter_card":"summary_large_image","twitter_misc":{"Tempo estimado de leitura":"2 minutos"},"schema":{"@context":"https:\/\/schema.org","@graph":[{"@type":"WebPage","@id":"https:\/\/www.heartfailurematters.org\/pt-pt\/o-que-o-seu-medico-ou-enfermeiro-pode-fazer\/estimuladores-de-gcs\/","url":"https:\/\/www.heartfailurematters.org\/pt-pt\/o-que-o-seu-medico-ou-enfermeiro-pode-fazer\/estimuladores-de-gcs\/","name":"Estimuladores de GCs - Heart Failure Matters","isPartOf":{"@id":"https:\/\/www.heartfailurematters.org\/pt-pt\/#website"},"primaryImageOfPage":{"@id":"https:\/\/www.heartfailurematters.org\/pt-pt\/o-que-o-seu-medico-ou-enfermeiro-pode-fazer\/estimuladores-de-gcs\/#primaryimage"},"image":{"@id":"https:\/\/www.heartfailurematters.org\/pt-pt\/o-que-o-seu-medico-ou-enfermeiro-pode-fazer\/estimuladores-de-gcs\/#primaryimage"},"thumbnailUrl":"https:\/\/www.heartfailurematters.org\/wp-content\/uploads\/2022\/03\/shutterstock_441673426-1-min.jpg","datePublished":"2021-04-12T10:41:14+00:00","dateModified":"2022-01-25T10:52:29+00:00","description":"Os estimuladores e ativadores sol\u00faveis da Guanilato Ciclase (GCs) reduzem o stress oxidativo aumentando os n\u00edveis de \u00f3xido n\u00edtrico no cora\u00e7\u00e3o\/vasos sangu\u00edneos.","breadcrumb":{"@id":"https:\/\/www.heartfailurematters.org\/pt-pt\/o-que-o-seu-medico-ou-enfermeiro-pode-fazer\/estimuladores-de-gcs\/#breadcrumb"},"inLanguage":"pt-PT","potentialAction":[{"@type":"ReadAction","target":["https:\/\/www.heartfailurematters.org\/pt-pt\/o-que-o-seu-medico-ou-enfermeiro-pode-fazer\/estimuladores-de-gcs\/"]}]},{"@type":"ImageObject","inLanguage":"pt-PT","@id":"https:\/\/www.heartfailurematters.org\/pt-pt\/o-que-o-seu-medico-ou-enfermeiro-pode-fazer\/estimuladores-de-gcs\/#primaryimage","url":"https:\/\/www.heartfailurematters.org\/wp-content\/uploads\/2022\/03\/shutterstock_441673426-1-min.jpg","contentUrl":"https:\/\/www.heartfailurematters.org\/wp-content\/uploads\/2022\/03\/shutterstock_441673426-1-min.jpg","width":900,"height":596},{"@type":"BreadcrumbList","@id":"https:\/\/www.heartfailurematters.org\/pt-pt\/o-que-o-seu-medico-ou-enfermeiro-pode-fazer\/estimuladores-de-gcs\/#breadcrumb","itemListElement":[{"@type":"ListItem","position":1,"name":"P\u00e1gina inicial","item":"https:\/\/www.heartfailurematters.org\/pt-pt\/"},{"@type":"ListItem","position":2,"name":"O que o seu m\u00e9dico pode fazer","item":"https:\/\/www.heartfailurematters.org\/pt-pt\/o-que-o-seu-medico-ou-enfermeiro-pode-fazer\/"},{"@type":"ListItem","position":3,"name":"Estimuladores de GCs"}]},{"@type":"WebSite","@id":"https:\/\/www.heartfailurematters.org\/pt-pt\/#website","url":"https:\/\/www.heartfailurematters.org\/pt-pt\/","name":"Heart Failure Matters","description":"Practical information for patients, families and caregivers.","publisher":{"@id":"https:\/\/www.heartfailurematters.org\/pt-pt\/#organization"},"potentialAction":[{"@type":"SearchAction","target":{"@type":"EntryPoint","urlTemplate":"https:\/\/www.heartfailurematters.org\/pt-pt\/?s={search_term_string}"},"query-input":{"@type":"PropertyValueSpecification","valueRequired":true,"valueName":"search_term_string"}}],"inLanguage":"pt-PT"},{"@type":"Organization","@id":"https:\/\/www.heartfailurematters.org\/pt-pt\/#organization","name":"Heart Failure Matters","url":"https:\/\/www.heartfailurematters.org\/pt-pt\/","logo":{"@type":"ImageObject","inLanguage":"pt-PT","@id":"https:\/\/www.heartfailurematters.org\/pt-pt\/#\/schema\/logo\/image\/","url":"https:\/\/cdn-endpoint-hfm.azureedge.net\/heartfailurematters\/2024\/07\/hfm-logo1.jpg","contentUrl":"https:\/\/cdn-endpoint-hfm.azureedge.net\/heartfailurematters\/2024\/07\/hfm-logo1.jpg","width":1280,"height":720,"caption":"Heart Failure Matters"},"image":{"@id":"https:\/\/www.heartfailurematters.org\/pt-pt\/#\/schema\/logo\/image\/"},"sameAs":["https:\/\/www.facebook.com\/heartfailurematters"]}]}},"_links":{"self":[{"href":"https:\/\/www.heartfailurematters.org\/pt-pt\/wp-json\/wp\/v2\/pages\/8141","targetHints":{"allow":["GET"]}}],"collection":[{"href":"https:\/\/www.heartfailurematters.org\/pt-pt\/wp-json\/wp\/v2\/pages"}],"about":[{"href":"https:\/\/www.heartfailurematters.org\/pt-pt\/wp-json\/wp\/v2\/types\/page"}],"author":[{"embeddable":true,"href":"https:\/\/www.heartfailurematters.org\/pt-pt\/wp-json\/wp\/v2\/users\/1"}],"replies":[{"embeddable":true,"href":"https:\/\/www.heartfailurematters.org\/pt-pt\/wp-json\/wp\/v2\/comments?post=8141"}],"version-history":[{"count":1,"href":"https:\/\/www.heartfailurematters.org\/pt-pt\/wp-json\/wp\/v2\/pages\/8141\/revisions"}],"predecessor-version":[{"id":9045,"href":"https:\/\/www.heartfailurematters.org\/pt-pt\/wp-json\/wp\/v2\/pages\/8141\/revisions\/9045"}],"up":[{"embeddable":true,"href":"https:\/\/www.heartfailurematters.org\/pt-pt\/wp-json\/wp\/v2\/pages\/2682"}],"wp:featuredmedia":[{"embeddable":true,"href":"https:\/\/www.heartfailurematters.org\/pt-pt\/wp-json\/wp\/v2\/media\/10871"}],"wp:attachment":[{"href":"https:\/\/www.heartfailurematters.org\/pt-pt\/wp-json\/wp\/v2\/media?parent=8141"}],"wp:term":[{"taxonomy":"category","embeddable":true,"href":"https:\/\/www.heartfailurematters.org\/pt-pt\/wp-json\/wp\/v2\/categories?post=8141"},{"taxonomy":"post_tag","embeddable":true,"href":"https:\/\/www.heartfailurematters.org\/pt-pt\/wp-json\/wp\/v2\/tags?post=8141"}],"curies":[{"name":"wp","href":"https:\/\/api.w.org\/{rel}","templated":true}]}}