{"id":8120,"date":"2021-04-12T11:41:08","date_gmt":"2021-04-12T10:41:08","guid":{"rendered":"https:\/\/www.heartfailurematters.org\/como-e-que-o-seu-medico-pode-ajudar\/inibidores-de-cgls2-cotransportador-de-glicose-sodica-2\/"},"modified":"2025-12-05T10:25:57","modified_gmt":"2025-12-05T10:25:57","slug":"inibidores-de-cgls2-cotransportador-de-glicose-sodica-2","status":"publish","type":"page","link":"https:\/\/www.heartfailurematters.org\/pt-pt\/o-que-o-seu-medico-ou-enfermeiro-pode-fazer\/inibidores-de-cgls2-cotransportador-de-glicose-sodica-2\/","title":{"rendered":"SGLT2 (Sodium Glucose Cotransporter 2) inhibitors"},"content":{"rendered":"<p><strong>Os estimuladores e ativadores sol\u00faveis da Guanilato Ciclase (tamb\u00e9m denominada Guanilil Ciclase) (GCs)<\/strong> podem reduzir o stress oxidativo ao aumentar os n\u00edveis de \u00f3xido n\u00edtrico no cora\u00e7\u00e3o e nos vasos sangu\u00edneos. Estes medicamentos s\u00e3o novos no tratamento da insufici\u00eancia card\u00edaca e ainda n\u00e3o est\u00e3o t\u00e3o amplamente implementados como outros medicamentos. Um destes agentes sGCS, o vericiguat, quando adicionado a medicamentos padr\u00e3o, pode ajudar a prevenir a interna\u00e7\u00e3o de doentes com insufici\u00eancia card\u00edaca grave. Outro agente sGCS \u00e9 o riociguat: est\u00e1 aprovado para o tratamento de uma condi\u00e7\u00e3o espec\u00edfica chamada hipertens\u00e3o pulmonar, ou seja, um aumento da press\u00e3o nos pulm\u00f5es que danifica os vasos sangu\u00edneos.<\/p>\n<p>Estudos recentes tamb\u00e9m demonstraram que esses medicamentos podem diminuir o risco de morte card\u00edaca e eventos graves e s\u00e3o seguros para pacientes que atualmente sofrem de insufici\u00eancia card\u00edaca, mesmo que n\u00e3o tenham diabetes.<\/p>\n<p>Os inibidores do cotransportador da Glucose S\u00f3dica 2 (SGLT2) s\u00e3o uma classe de medicamentos que t\u00eam sido utilizados para o tratamento de doentes com diabetes mellitus tipo 2. Estudos recentes demonstraram que estes medicamentos prolongam a vida e reduzem as interna\u00e7\u00f5es em doentes com insufici\u00eancia card\u00edaca, al\u00e9m de protegerem a fun\u00e7\u00e3o renal. Estes efeitos ben\u00e9ficos foram aparentes em doentes com ou sem diabetes mellitus.<\/p>\n<p><strong>O que fazem:<\/strong> Nos doentes com insufici\u00eancia card\u00edaca, os efeitos dos inibidores da SGLT2 no organismo s\u00e3o complexos e incluem uma melhoria do metabolismo card\u00edaco e muscular, uma melhoria da fun\u00e7\u00e3o renal, bem como os benef\u00edcios do efeito diur\u00e9tico ligeiro. Tudo isto pode reduzir os sintomas de congest\u00e3o na insufici\u00eancia card\u00edaca, independentemente da presen\u00e7a de diabetes mellitus.<\/p>\n<p>Em doentes com diabetes mellitus, os inibidores da SGLT2 bloqueiam a reabsor\u00e7\u00e3o de a\u00e7\u00facar no sangue (glicose) nos rins. Consequentemente, mais glicose \u00e9 eliminada do organismo e a mic\u00e7\u00e3o aumenta ligeiramente. Como resultado, os inibidores da SGLT2 reduzem os n\u00edveis de glucose no sangue. Geralmente, os pacientes perdem algum peso, enquanto a press\u00e3o arterial pode ser reduzida ligeiramente.<\/p>\n<p>Quais s\u00e3o os benef\u00edcios esperados? Em doentes com insufici\u00eancia card\u00edaca, demonstrou-se que os inibidores da SGLT2 reduzem as hospitaliza\u00e7\u00f5es relacionadas com insufici\u00eancia card\u00edaca, prolongam a vida, previnem problemas renais e melhoram a toler\u00e2ncia ao exerc\u00edcio e a qualidade de vida. Os inibidores da SGLT2 reduzem a glicose no sangue em pacientes com diabetes mellitus, mas n\u00e3o em pacientes sem diabetes mellitus tipo 2.<\/p>\n<p><strong>Efeitos secund\u00e1rios:<\/strong> os inibidores da SGLT2 s\u00e3o geralmente bem tolerados em doentes com insufici\u00eancia card\u00edaca e t\u00eam a mesma ocorr\u00eancia de efeitos secund\u00e1rios que o placebo. Em pacientes com diabetes mellitus tipo 2, os efeitos secund\u00e1rios mais frequentes s\u00e3o infe\u00e7\u00f5es f\u00fangicas do trato urogenital e \u00f3rg\u00e3os, exigindo principalmente tratamento t\u00f3pico (creme) durante alguns dias. Os efeitos secund\u00e1rios mais raros incluem tonturas em caso de descida da press\u00e3o arterial e um decl\u00ednio da fun\u00e7\u00e3o renal. Normalmente, o ajuste de outros medicamentos orais redutores da glucose ou diur\u00e9ticos n\u00e3o \u00e9 necess\u00e1rio, mas por vezes pode ser \u00fatil. As pessoas diab\u00e9ticas que tomam inibidores da SGLT2 devem ter cuidado durante per\u00edodos de doen\u00e7a grave, desidrata\u00e7\u00e3o ou se interromperem a insulina, uma vez que esta tem sido associada a cetoacidose diab\u00e9tica, com n\u00edveis elevados de glucose, que \u00e9 uma condi\u00e7\u00e3o m\u00e9dica grave que requer tratamento m\u00e9dico imediato.<\/p>\n<p>Principais dicas: os inibidores da SGLT2 podem ser iniciados ou interrompidos com seguran\u00e7a com o aumento ou diminui\u00e7\u00e3o gradual da dose. Normalmente, a dose inicial \u00e9 tamb\u00e9m a dose m\u00e1xima.<\/p>\n<h2>Tamb\u00e9m conhecidos como:<\/h2>\n<ul>\n<li><strong>Canagliflozina<\/strong><br \/>\n(Invokana\u00ae)<\/li>\n<li><strong>Dapagliflozina<\/strong><br \/>\n(Forxiga\u00ae)<\/li>\n<li><strong>Empagliflozina<\/strong><br \/>\n(Jardiance\u00ae).<\/li>\n<\/ul>\n<p>&nbsp;<\/p>\n","protected":false},"excerpt":{"rendered":"<p>Os estimuladores e ativadores sol\u00faveis da Guanilato Ciclase (tamb\u00e9m denominada Guanilil Ciclase) (GCs) podem reduzir o stress oxidativo ao aumentar os n\u00edveis de \u00f3xido n\u00edtrico no cora\u00e7\u00e3o e nos vasos sangu\u00edneos. Estes medicamentos s\u00e3o novos no tratamento da insufici\u00eancia card\u00edaca e ainda n\u00e3o est\u00e3o t\u00e3o amplamente implementados como outros medicamentos. Um destes agentes sGCS, o [&hellip;]<\/p>\n","protected":false},"author":1,"featured_media":10871,"parent":2682,"menu_order":0,"comment_status":"closed","ping_status":"closed","template":"","meta":{"_acf_changed":false,"footnotes":""},"categories":[],"tags":[],"class_list":["post-8120","page","type-page","status-publish","has-post-thumbnail","hentry"],"acf":[],"yoast_head":"<!-- This site is optimized with the Yoast SEO plugin v24.8.1 - https:\/\/yoast.com\/wordpress\/plugins\/seo\/ -->\n<title>Inibidores do Cotransportador da Glucose S\u00f3dica 2 e insufici\u00eancia card\u00edaca<\/title>\n<meta name=\"description\" content=\"Os inibidores do cotransportador da Glucose S\u00f3dica 2 (SGLT2) s\u00e3o utilizados para o tratamento de pacientes com diabetes tipo 2 e para o tratamento de pacientes com insufici\u00eancia card\u00edaca.\" \/>\n<meta name=\"robots\" content=\"index, follow, max-snippet:-1, max-image-preview:large, max-video-preview:-1\" \/>\n<link rel=\"canonical\" href=\"https:\/\/www.heartfailurematters.org\/pt-pt\/o-que-o-seu-medico-ou-enfermeiro-pode-fazer\/inibidores-de-cgls2-cotransportador-de-glicose-sodica-2\/\" \/>\n<meta property=\"og:locale\" content=\"pt_PT\" \/>\n<meta property=\"og:type\" content=\"article\" \/>\n<meta property=\"og:title\" content=\"Inibidores do Cotransportador da Glucose S\u00f3dica 2 e insufici\u00eancia card\u00edaca\" \/>\n<meta property=\"og:description\" content=\"Os inibidores do cotransportador da Glucose S\u00f3dica 2 (SGLT2) s\u00e3o utilizados para o tratamento de pacientes com diabetes tipo 2 e para o tratamento de pacientes com insufici\u00eancia card\u00edaca.\" \/>\n<meta property=\"og:url\" content=\"https:\/\/www.heartfailurematters.org\/pt-pt\/o-que-o-seu-medico-ou-enfermeiro-pode-fazer\/inibidores-de-cgls2-cotransportador-de-glicose-sodica-2\/\" \/>\n<meta property=\"og:site_name\" content=\"Heart Failure Matters\" \/>\n<meta property=\"article:publisher\" content=\"https:\/\/www.facebook.com\/heartfailurematters\" \/>\n<meta property=\"article:modified_time\" content=\"2025-12-05T10:25:57+00:00\" \/>\n<meta property=\"og:image\" content=\"https:\/\/www.heartfailurematters.org\/wp-content\/uploads\/2022\/03\/shutterstock_441673426-1-min.jpg\" \/>\n\t<meta property=\"og:image:width\" content=\"900\" \/>\n\t<meta property=\"og:image:height\" content=\"596\" \/>\n\t<meta property=\"og:image:type\" content=\"image\/jpeg\" \/>\n<meta name=\"twitter:card\" content=\"summary_large_image\" \/>\n<meta name=\"twitter:label1\" content=\"Tempo estimado de leitura\" \/>\n\t<meta name=\"twitter:data1\" content=\"3 minutos\" \/>\n<script type=\"application\/ld+json\" class=\"yoast-schema-graph\">{\"@context\":\"https:\/\/schema.org\",\"@graph\":[{\"@type\":\"WebPage\",\"@id\":\"https:\/\/www.heartfailurematters.org\/pt-pt\/o-que-o-seu-medico-ou-enfermeiro-pode-fazer\/inibidores-de-cgls2-cotransportador-de-glicose-sodica-2\/\",\"url\":\"https:\/\/www.heartfailurematters.org\/pt-pt\/o-que-o-seu-medico-ou-enfermeiro-pode-fazer\/inibidores-de-cgls2-cotransportador-de-glicose-sodica-2\/\",\"name\":\"Inibidores do Cotransportador da Glucose S\u00f3dica 2 e insufici\u00eancia card\u00edaca\",\"isPartOf\":{\"@id\":\"https:\/\/www.heartfailurematters.org\/pt-pt\/#website\"},\"primaryImageOfPage\":{\"@id\":\"https:\/\/www.heartfailurematters.org\/pt-pt\/o-que-o-seu-medico-ou-enfermeiro-pode-fazer\/inibidores-de-cgls2-cotransportador-de-glicose-sodica-2\/#primaryimage\"},\"image\":{\"@id\":\"https:\/\/www.heartfailurematters.org\/pt-pt\/o-que-o-seu-medico-ou-enfermeiro-pode-fazer\/inibidores-de-cgls2-cotransportador-de-glicose-sodica-2\/#primaryimage\"},\"thumbnailUrl\":\"https:\/\/www.heartfailurematters.org\/wp-content\/uploads\/2022\/03\/shutterstock_441673426-1-min.jpg\",\"datePublished\":\"2021-04-12T10:41:08+00:00\",\"dateModified\":\"2025-12-05T10:25:57+00:00\",\"description\":\"Os inibidores do cotransportador da Glucose S\u00f3dica 2 (SGLT2) s\u00e3o utilizados para o tratamento de pacientes com diabetes tipo 2 e para o tratamento de pacientes com insufici\u00eancia card\u00edaca.\",\"breadcrumb\":{\"@id\":\"https:\/\/www.heartfailurematters.org\/pt-pt\/o-que-o-seu-medico-ou-enfermeiro-pode-fazer\/inibidores-de-cgls2-cotransportador-de-glicose-sodica-2\/#breadcrumb\"},\"inLanguage\":\"pt-PT\",\"potentialAction\":[{\"@type\":\"ReadAction\",\"target\":[\"https:\/\/www.heartfailurematters.org\/pt-pt\/o-que-o-seu-medico-ou-enfermeiro-pode-fazer\/inibidores-de-cgls2-cotransportador-de-glicose-sodica-2\/\"]}]},{\"@type\":\"ImageObject\",\"inLanguage\":\"pt-PT\",\"@id\":\"https:\/\/www.heartfailurematters.org\/pt-pt\/o-que-o-seu-medico-ou-enfermeiro-pode-fazer\/inibidores-de-cgls2-cotransportador-de-glicose-sodica-2\/#primaryimage\",\"url\":\"https:\/\/www.heartfailurematters.org\/wp-content\/uploads\/2022\/03\/shutterstock_441673426-1-min.jpg\",\"contentUrl\":\"https:\/\/www.heartfailurematters.org\/wp-content\/uploads\/2022\/03\/shutterstock_441673426-1-min.jpg\",\"width\":900,\"height\":596},{\"@type\":\"BreadcrumbList\",\"@id\":\"https:\/\/www.heartfailurematters.org\/pt-pt\/o-que-o-seu-medico-ou-enfermeiro-pode-fazer\/inibidores-de-cgls2-cotransportador-de-glicose-sodica-2\/#breadcrumb\",\"itemListElement\":[{\"@type\":\"ListItem\",\"position\":1,\"name\":\"P\u00e1gina inicial\",\"item\":\"https:\/\/www.heartfailurematters.org\/pt-pt\/\"},{\"@type\":\"ListItem\",\"position\":2,\"name\":\"O que o seu m\u00e9dico pode fazer\",\"item\":\"https:\/\/www.heartfailurematters.org\/pt-pt\/o-que-o-seu-medico-ou-enfermeiro-pode-fazer\/\"},{\"@type\":\"ListItem\",\"position\":3,\"name\":\"SGLT2 (Sodium Glucose Cotransporter 2) inhibitors\"}]},{\"@type\":\"WebSite\",\"@id\":\"https:\/\/www.heartfailurematters.org\/pt-pt\/#website\",\"url\":\"https:\/\/www.heartfailurematters.org\/pt-pt\/\",\"name\":\"Heart Failure Matters\",\"description\":\"Practical information for patients, families and caregivers.\",\"publisher\":{\"@id\":\"https:\/\/www.heartfailurematters.org\/pt-pt\/#organization\"},\"potentialAction\":[{\"@type\":\"SearchAction\",\"target\":{\"@type\":\"EntryPoint\",\"urlTemplate\":\"https:\/\/www.heartfailurematters.org\/pt-pt\/?s={search_term_string}\"},\"query-input\":{\"@type\":\"PropertyValueSpecification\",\"valueRequired\":true,\"valueName\":\"search_term_string\"}}],\"inLanguage\":\"pt-PT\"},{\"@type\":\"Organization\",\"@id\":\"https:\/\/www.heartfailurematters.org\/pt-pt\/#organization\",\"name\":\"Heart Failure Matters\",\"url\":\"https:\/\/www.heartfailurematters.org\/pt-pt\/\",\"logo\":{\"@type\":\"ImageObject\",\"inLanguage\":\"pt-PT\",\"@id\":\"https:\/\/www.heartfailurematters.org\/pt-pt\/#\/schema\/logo\/image\/\",\"url\":\"https:\/\/cdn-endpoint-hfm.azureedge.net\/heartfailurematters\/2024\/07\/hfm-logo1.jpg\",\"contentUrl\":\"https:\/\/cdn-endpoint-hfm.azureedge.net\/heartfailurematters\/2024\/07\/hfm-logo1.jpg\",\"width\":1280,\"height\":720,\"caption\":\"Heart Failure Matters\"},\"image\":{\"@id\":\"https:\/\/www.heartfailurematters.org\/pt-pt\/#\/schema\/logo\/image\/\"},\"sameAs\":[\"https:\/\/www.facebook.com\/heartfailurematters\"]}]}<\/script>\n<!-- \/ Yoast SEO plugin. -->","yoast_head_json":{"title":"Inibidores do Cotransportador da Glucose S\u00f3dica 2 e insufici\u00eancia card\u00edaca","description":"Os inibidores do cotransportador da Glucose S\u00f3dica 2 (SGLT2) s\u00e3o utilizados para o tratamento de pacientes com diabetes tipo 2 e para o tratamento de pacientes com insufici\u00eancia card\u00edaca.","robots":{"index":"index","follow":"follow","max-snippet":"max-snippet:-1","max-image-preview":"max-image-preview:large","max-video-preview":"max-video-preview:-1"},"canonical":"https:\/\/www.heartfailurematters.org\/pt-pt\/o-que-o-seu-medico-ou-enfermeiro-pode-fazer\/inibidores-de-cgls2-cotransportador-de-glicose-sodica-2\/","og_locale":"pt_PT","og_type":"article","og_title":"Inibidores do Cotransportador da Glucose S\u00f3dica 2 e insufici\u00eancia card\u00edaca","og_description":"Os inibidores do cotransportador da Glucose S\u00f3dica 2 (SGLT2) s\u00e3o utilizados para o tratamento de pacientes com diabetes tipo 2 e para o tratamento de pacientes com insufici\u00eancia card\u00edaca.","og_url":"https:\/\/www.heartfailurematters.org\/pt-pt\/o-que-o-seu-medico-ou-enfermeiro-pode-fazer\/inibidores-de-cgls2-cotransportador-de-glicose-sodica-2\/","og_site_name":"Heart Failure Matters","article_publisher":"https:\/\/www.facebook.com\/heartfailurematters","article_modified_time":"2025-12-05T10:25:57+00:00","og_image":[{"width":900,"height":596,"url":"https:\/\/www.heartfailurematters.org\/wp-content\/uploads\/2022\/03\/shutterstock_441673426-1-min.jpg","type":"image\/jpeg"}],"twitter_card":"summary_large_image","twitter_misc":{"Tempo estimado de leitura":"3 minutos"},"schema":{"@context":"https:\/\/schema.org","@graph":[{"@type":"WebPage","@id":"https:\/\/www.heartfailurematters.org\/pt-pt\/o-que-o-seu-medico-ou-enfermeiro-pode-fazer\/inibidores-de-cgls2-cotransportador-de-glicose-sodica-2\/","url":"https:\/\/www.heartfailurematters.org\/pt-pt\/o-que-o-seu-medico-ou-enfermeiro-pode-fazer\/inibidores-de-cgls2-cotransportador-de-glicose-sodica-2\/","name":"Inibidores do Cotransportador da Glucose S\u00f3dica 2 e insufici\u00eancia card\u00edaca","isPartOf":{"@id":"https:\/\/www.heartfailurematters.org\/pt-pt\/#website"},"primaryImageOfPage":{"@id":"https:\/\/www.heartfailurematters.org\/pt-pt\/o-que-o-seu-medico-ou-enfermeiro-pode-fazer\/inibidores-de-cgls2-cotransportador-de-glicose-sodica-2\/#primaryimage"},"image":{"@id":"https:\/\/www.heartfailurematters.org\/pt-pt\/o-que-o-seu-medico-ou-enfermeiro-pode-fazer\/inibidores-de-cgls2-cotransportador-de-glicose-sodica-2\/#primaryimage"},"thumbnailUrl":"https:\/\/www.heartfailurematters.org\/wp-content\/uploads\/2022\/03\/shutterstock_441673426-1-min.jpg","datePublished":"2021-04-12T10:41:08+00:00","dateModified":"2025-12-05T10:25:57+00:00","description":"Os inibidores do cotransportador da Glucose S\u00f3dica 2 (SGLT2) s\u00e3o utilizados para o tratamento de pacientes com diabetes tipo 2 e para o tratamento de pacientes com insufici\u00eancia card\u00edaca.","breadcrumb":{"@id":"https:\/\/www.heartfailurematters.org\/pt-pt\/o-que-o-seu-medico-ou-enfermeiro-pode-fazer\/inibidores-de-cgls2-cotransportador-de-glicose-sodica-2\/#breadcrumb"},"inLanguage":"pt-PT","potentialAction":[{"@type":"ReadAction","target":["https:\/\/www.heartfailurematters.org\/pt-pt\/o-que-o-seu-medico-ou-enfermeiro-pode-fazer\/inibidores-de-cgls2-cotransportador-de-glicose-sodica-2\/"]}]},{"@type":"ImageObject","inLanguage":"pt-PT","@id":"https:\/\/www.heartfailurematters.org\/pt-pt\/o-que-o-seu-medico-ou-enfermeiro-pode-fazer\/inibidores-de-cgls2-cotransportador-de-glicose-sodica-2\/#primaryimage","url":"https:\/\/www.heartfailurematters.org\/wp-content\/uploads\/2022\/03\/shutterstock_441673426-1-min.jpg","contentUrl":"https:\/\/www.heartfailurematters.org\/wp-content\/uploads\/2022\/03\/shutterstock_441673426-1-min.jpg","width":900,"height":596},{"@type":"BreadcrumbList","@id":"https:\/\/www.heartfailurematters.org\/pt-pt\/o-que-o-seu-medico-ou-enfermeiro-pode-fazer\/inibidores-de-cgls2-cotransportador-de-glicose-sodica-2\/#breadcrumb","itemListElement":[{"@type":"ListItem","position":1,"name":"P\u00e1gina inicial","item":"https:\/\/www.heartfailurematters.org\/pt-pt\/"},{"@type":"ListItem","position":2,"name":"O que o seu m\u00e9dico pode fazer","item":"https:\/\/www.heartfailurematters.org\/pt-pt\/o-que-o-seu-medico-ou-enfermeiro-pode-fazer\/"},{"@type":"ListItem","position":3,"name":"SGLT2 (Sodium Glucose Cotransporter 2) inhibitors"}]},{"@type":"WebSite","@id":"https:\/\/www.heartfailurematters.org\/pt-pt\/#website","url":"https:\/\/www.heartfailurematters.org\/pt-pt\/","name":"Heart Failure Matters","description":"Practical information for patients, families and caregivers.","publisher":{"@id":"https:\/\/www.heartfailurematters.org\/pt-pt\/#organization"},"potentialAction":[{"@type":"SearchAction","target":{"@type":"EntryPoint","urlTemplate":"https:\/\/www.heartfailurematters.org\/pt-pt\/?s={search_term_string}"},"query-input":{"@type":"PropertyValueSpecification","valueRequired":true,"valueName":"search_term_string"}}],"inLanguage":"pt-PT"},{"@type":"Organization","@id":"https:\/\/www.heartfailurematters.org\/pt-pt\/#organization","name":"Heart Failure Matters","url":"https:\/\/www.heartfailurematters.org\/pt-pt\/","logo":{"@type":"ImageObject","inLanguage":"pt-PT","@id":"https:\/\/www.heartfailurematters.org\/pt-pt\/#\/schema\/logo\/image\/","url":"https:\/\/cdn-endpoint-hfm.azureedge.net\/heartfailurematters\/2024\/07\/hfm-logo1.jpg","contentUrl":"https:\/\/cdn-endpoint-hfm.azureedge.net\/heartfailurematters\/2024\/07\/hfm-logo1.jpg","width":1280,"height":720,"caption":"Heart Failure Matters"},"image":{"@id":"https:\/\/www.heartfailurematters.org\/pt-pt\/#\/schema\/logo\/image\/"},"sameAs":["https:\/\/www.facebook.com\/heartfailurematters"]}]}},"_links":{"self":[{"href":"https:\/\/www.heartfailurematters.org\/pt-pt\/wp-json\/wp\/v2\/pages\/8120","targetHints":{"allow":["GET"]}}],"collection":[{"href":"https:\/\/www.heartfailurematters.org\/pt-pt\/wp-json\/wp\/v2\/pages"}],"about":[{"href":"https:\/\/www.heartfailurematters.org\/pt-pt\/wp-json\/wp\/v2\/types\/page"}],"author":[{"embeddable":true,"href":"https:\/\/www.heartfailurematters.org\/pt-pt\/wp-json\/wp\/v2\/users\/1"}],"replies":[{"embeddable":true,"href":"https:\/\/www.heartfailurematters.org\/pt-pt\/wp-json\/wp\/v2\/comments?post=8120"}],"version-history":[{"count":3,"href":"https:\/\/www.heartfailurematters.org\/pt-pt\/wp-json\/wp\/v2\/pages\/8120\/revisions"}],"predecessor-version":[{"id":13692,"href":"https:\/\/www.heartfailurematters.org\/pt-pt\/wp-json\/wp\/v2\/pages\/8120\/revisions\/13692"}],"up":[{"embeddable":true,"href":"https:\/\/www.heartfailurematters.org\/pt-pt\/wp-json\/wp\/v2\/pages\/2682"}],"wp:featuredmedia":[{"embeddable":true,"href":"https:\/\/www.heartfailurematters.org\/pt-pt\/wp-json\/wp\/v2\/media\/10871"}],"wp:attachment":[{"href":"https:\/\/www.heartfailurematters.org\/pt-pt\/wp-json\/wp\/v2\/media?parent=8120"}],"wp:term":[{"taxonomy":"category","embeddable":true,"href":"https:\/\/www.heartfailurematters.org\/pt-pt\/wp-json\/wp\/v2\/categories?post=8120"},{"taxonomy":"post_tag","embeddable":true,"href":"https:\/\/www.heartfailurematters.org\/pt-pt\/wp-json\/wp\/v2\/tags?post=8120"}],"curies":[{"name":"wp","href":"https:\/\/api.w.org\/{rel}","templated":true}]}}