{"id":8109,"date":"2021-04-12T11:41:05","date_gmt":"2021-04-12T10:41:05","guid":{"rendered":"https:\/\/www.heartfailurematters.org\/causas-de-insuficiencia-cardiaca-e-outras-condicoes-medicas-comuns\/gota\/"},"modified":"2022-01-24T16:50:55","modified_gmt":"2022-01-24T16:50:55","slug":"gota","status":"publish","type":"page","link":"https:\/\/www.heartfailurematters.org\/pt-pt\/causas-de-insuficiencia-cardiaca-e-outras-condicoes-medicas-comuns\/gota\/","title":{"rendered":"Gota"},"content":{"rendered":"<p>A gota \u00e9 uma condi\u00e7\u00e3o m\u00e9dica comum, especialmente em adultos mais idosos. Consiste em epis\u00f3dios de inflama\u00e7\u00e3o dolorosa nas articula\u00e7\u00f5es e \u00e9 causada por uma maior quantidade de \u00e1cido \u00farico no sangue. O \u00e1cido \u00farico \u00e9 um produto residual normal encontrado na corrente sangu\u00ednea \u2013 mas demasiado \u00e1cido \u00farico no sangue pode levar a uma condi\u00e7\u00e3o chamada hiperuricemia (n\u00edveis elevados de \u00e1cido \u00farico no sangue). A acumula\u00e7\u00e3o de \u00e1cido \u00farico pode formar cristais semelhantes a agulhas numa articula\u00e7\u00e3o, geralmente as articula\u00e7\u00f5es mais frias, como no dedo grande do p\u00e9. Estes ataques resultam em dor s\u00fabita, sensibilidade, vermelhid\u00e3o, calor e incha\u00e7o.<\/p>\n<p>As pessoas que sofrem de gota s\u00e3o mais propensas a ter doen\u00e7a card\u00edaca, art\u00e9rias bloqueadas e frequentemente insufici\u00eancia card\u00edaca. A gota tamb\u00e9m est\u00e1 associada a um maior risco de doen\u00e7a renal, diabetes, cancro e apneia do sono, provavelmente devido a um elevado n\u00edvel de inflama\u00e7\u00e3o cr\u00f3nica. N\u00e3o tratada, a gota pode ser grave, com novas pesquisas a demonstrar que os doentes com gota t\u00eam o dobro do risco de ataque card\u00edaco ou acidente vascular cerebral.<\/p>\n<p>Em doentes com insufici\u00eancia card\u00edaca cr\u00f3nica, \u00e9 detetada frequentemente uma concentra\u00e7\u00e3o sangu\u00ednea elevada de \u00e1cido \u00farico em an\u00e1lises sangu\u00edneas de rotina. Os diur\u00e9ticos, que os doentes com insufici\u00eancia card\u00edaca necessitam habitualmente para reduzir a reten\u00e7\u00e3o de l\u00edquidos, aumentam frequentemente os n\u00edveis de \u00e1cido \u00farico e originam gota. O consumo cr\u00f3nico de \u00e1lcool e a obesidade tamb\u00e9m contribuem para o aumento da forma\u00e7\u00e3o de \u00e1cido \u00farico. Os sintomas de gota desenvolvem-se geralmente ap\u00f3s muitos anos de hiperuricemia sustentada. O aumento dos n\u00edveis de \u00e1cido \u00farico no organismo, bem como uma resposta satisfat\u00f3ria ao tratamento, podem ser confirmados por simples an\u00e1lises ao sangue.<\/p>\n<p>A manuten\u00e7\u00e3o de um n\u00edvel saud\u00e1vel de \u00e1cido \u00farico \u00e9 importante para reduzir o risco de gota em doentes com insufici\u00eancia card\u00edaca e o seu m\u00e9dico far\u00e1 an\u00e1lises sangu\u00edneas de \u00e1cido \u00farico de rotina, especialmente se utilizar diur\u00e9ticos ou se tiver tido um epis\u00f3dio de gota. Fazer exerc\u00edcio, manter um peso corporal saud\u00e1vel e evitar determinados alimentos que podem desencadear a gota s\u00e3o importantes para reduzir o risco. Estes alimentos e bebidas s\u00e3o muito ricos em purinas, compostos org\u00e2nicos essenciais que s\u00e3o decompostos em \u00e1cido \u00farico. Nestes incluem-se a cerveja; levedura, ervilhas, feij\u00e3o, lentilhas, espinafres, cogumelos; carne vermelha, borrego e carne de porco; carnes de \u00f3rg\u00e3os como f\u00edgado, rins e molejas; e frutos do mar, especialmente mariscos como camar\u00e3o, lagosta, anchovas e sardinhas.<\/p>\n<p>Os medicamentos como o alopurinol s\u00e3o vulgarmente utilizados para reduzir os n\u00edveis de \u00e1cido \u00farico, inibindo a sua bioss\u00edntese no corpo e prevenindo, assim, ataques de gota. Al\u00e9m disso, tomar alopurinol para baixar os n\u00edveis de \u00e1cido \u00farico pode proteg\u00ea-lo do agravamento da insufici\u00eancia card\u00edaca. \u00c9 importante tomar este medicamento conforme prescrito, a longo prazo, e n\u00e3o interromper o seu uso sem falar com o m\u00e9dico. Existem v\u00e1rios outros medicamentos para a gota aguda ou cr\u00f3nica que o seu m\u00e9dico pode receitar, se necess\u00e1rio. Lembre-se de evitar a utiliza\u00e7\u00e3o de Analgesia N\u00e3o Esteroide (NSAIDs).<\/p>\n<p><a href=\"https:\/\/www.heartfailurematters.org\/heart-failure-causes-and-other-common-medical-conditions\/other-common-medical-conditions-and-heart-failure\/\">Voltar a Outras condi\u00e7\u00f5es m\u00e9dicas comuns e insufici\u00eancia card\u00edaca<\/a><\/p>\n","protected":false},"excerpt":{"rendered":"<p>A gota \u00e9 uma condi\u00e7\u00e3o m\u00e9dica comum, especialmente em adultos mais idosos. Consiste em epis\u00f3dios de inflama\u00e7\u00e3o dolorosa nas articula\u00e7\u00f5es e \u00e9 causada por uma maior quantidade de \u00e1cido \u00farico no sangue. O \u00e1cido \u00farico \u00e9 um produto residual normal encontrado na corrente sangu\u00ednea \u2013 mas demasiado \u00e1cido \u00farico no sangue pode levar a uma [&hellip;]<\/p>\n","protected":false},"author":1,"featured_media":10831,"parent":8057,"menu_order":21,"comment_status":"closed","ping_status":"closed","template":"","meta":{"_acf_changed":false,"footnotes":""},"categories":[],"tags":[],"class_list":["post-8109","page","type-page","status-publish","has-post-thumbnail","hentry"],"acf":[],"yoast_head":"<!-- This site is optimized with the Yoast SEO plugin v24.8.1 - https:\/\/yoast.com\/wordpress\/plugins\/seo\/ -->\n<title>Gota e doentes com insufici\u00eancia card\u00edaca<\/title>\n<meta name=\"description\" content=\"A gota consiste em epis\u00f3dios de inflama\u00e7\u00e3o dolorosa nas articula\u00e7\u00f5es e \u00e9 causada por uma maior quantidade de \u00e1cido \u00farico no sangue.\" \/>\n<meta name=\"robots\" content=\"index, follow, max-snippet:-1, max-image-preview:large, max-video-preview:-1\" \/>\n<link rel=\"canonical\" href=\"https:\/\/www.heartfailurematters.org\/pt-pt\/causas-de-insuficiencia-cardiaca-e-outras-condicoes-medicas-comuns\/gota\/\" \/>\n<meta property=\"og:locale\" content=\"pt_PT\" \/>\n<meta property=\"og:type\" content=\"article\" \/>\n<meta property=\"og:title\" content=\"Gota e doentes com insufici\u00eancia card\u00edaca\" \/>\n<meta property=\"og:description\" content=\"A gota consiste em epis\u00f3dios de inflama\u00e7\u00e3o dolorosa nas articula\u00e7\u00f5es e \u00e9 causada por uma maior quantidade de \u00e1cido \u00farico no sangue.\" \/>\n<meta property=\"og:url\" content=\"https:\/\/www.heartfailurematters.org\/pt-pt\/causas-de-insuficiencia-cardiaca-e-outras-condicoes-medicas-comuns\/gota\/\" \/>\n<meta property=\"og:site_name\" content=\"Heart Failure Matters\" \/>\n<meta property=\"article:publisher\" content=\"https:\/\/www.facebook.com\/heartfailurematters\" \/>\n<meta property=\"article:modified_time\" content=\"2022-01-24T16:50:55+00:00\" \/>\n<meta property=\"og:image\" content=\"https:\/\/www.heartfailurematters.org\/wp-content\/uploads\/2022\/03\/shutterstock_1768051616-1-min.jpg\" \/>\n\t<meta property=\"og:image:width\" content=\"900\" \/>\n\t<meta property=\"og:image:height\" content=\"600\" \/>\n\t<meta property=\"og:image:type\" content=\"image\/jpeg\" \/>\n<meta name=\"twitter:card\" content=\"summary_large_image\" \/>\n<meta name=\"twitter:label1\" content=\"Tempo estimado de leitura\" \/>\n\t<meta name=\"twitter:data1\" content=\"3 minutos\" \/>\n<script type=\"application\/ld+json\" class=\"yoast-schema-graph\">{\"@context\":\"https:\/\/schema.org\",\"@graph\":[{\"@type\":\"WebPage\",\"@id\":\"https:\/\/www.heartfailurematters.org\/pt-pt\/causas-de-insuficiencia-cardiaca-e-outras-condicoes-medicas-comuns\/gota\/\",\"url\":\"https:\/\/www.heartfailurematters.org\/pt-pt\/causas-de-insuficiencia-cardiaca-e-outras-condicoes-medicas-comuns\/gota\/\",\"name\":\"Gota e doentes com insufici\u00eancia card\u00edaca\",\"isPartOf\":{\"@id\":\"https:\/\/www.heartfailurematters.org\/pt-pt\/#website\"},\"primaryImageOfPage\":{\"@id\":\"https:\/\/www.heartfailurematters.org\/pt-pt\/causas-de-insuficiencia-cardiaca-e-outras-condicoes-medicas-comuns\/gota\/#primaryimage\"},\"image\":{\"@id\":\"https:\/\/www.heartfailurematters.org\/pt-pt\/causas-de-insuficiencia-cardiaca-e-outras-condicoes-medicas-comuns\/gota\/#primaryimage\"},\"thumbnailUrl\":\"https:\/\/www.heartfailurematters.org\/wp-content\/uploads\/2022\/03\/shutterstock_1768051616-1-min.jpg\",\"datePublished\":\"2021-04-12T10:41:05+00:00\",\"dateModified\":\"2022-01-24T16:50:55+00:00\",\"description\":\"A gota consiste em epis\u00f3dios de inflama\u00e7\u00e3o dolorosa nas articula\u00e7\u00f5es e \u00e9 causada por uma maior quantidade de \u00e1cido \u00farico no sangue.\",\"breadcrumb\":{\"@id\":\"https:\/\/www.heartfailurematters.org\/pt-pt\/causas-de-insuficiencia-cardiaca-e-outras-condicoes-medicas-comuns\/gota\/#breadcrumb\"},\"inLanguage\":\"pt-PT\",\"potentialAction\":[{\"@type\":\"ReadAction\",\"target\":[\"https:\/\/www.heartfailurematters.org\/pt-pt\/causas-de-insuficiencia-cardiaca-e-outras-condicoes-medicas-comuns\/gota\/\"]}]},{\"@type\":\"ImageObject\",\"inLanguage\":\"pt-PT\",\"@id\":\"https:\/\/www.heartfailurematters.org\/pt-pt\/causas-de-insuficiencia-cardiaca-e-outras-condicoes-medicas-comuns\/gota\/#primaryimage\",\"url\":\"https:\/\/www.heartfailurematters.org\/wp-content\/uploads\/2022\/03\/shutterstock_1768051616-1-min.jpg\",\"contentUrl\":\"https:\/\/www.heartfailurematters.org\/wp-content\/uploads\/2022\/03\/shutterstock_1768051616-1-min.jpg\",\"width\":900,\"height\":600},{\"@type\":\"BreadcrumbList\",\"@id\":\"https:\/\/www.heartfailurematters.org\/pt-pt\/causas-de-insuficiencia-cardiaca-e-outras-condicoes-medicas-comuns\/gota\/#breadcrumb\",\"itemListElement\":[{\"@type\":\"ListItem\",\"position\":1,\"name\":\"P\u00e1gina inicial\",\"item\":\"https:\/\/www.heartfailurematters.org\/pt-pt\/\"},{\"@type\":\"ListItem\",\"position\":2,\"name\":\"Causas de insufici\u00eancia card\u00edaca e outras condi\u00e7\u00f5es m\u00e9dicas comuns\",\"item\":\"https:\/\/www.heartfailurematters.org\/pt-pt\/causas-de-insuficiencia-cardiaca-e-outras-condicoes-medicas-comuns\/\"},{\"@type\":\"ListItem\",\"position\":3,\"name\":\"Gota\"}]},{\"@type\":\"WebSite\",\"@id\":\"https:\/\/www.heartfailurematters.org\/pt-pt\/#website\",\"url\":\"https:\/\/www.heartfailurematters.org\/pt-pt\/\",\"name\":\"Heart Failure Matters\",\"description\":\"Practical information for patients, families and caregivers.\",\"publisher\":{\"@id\":\"https:\/\/www.heartfailurematters.org\/pt-pt\/#organization\"},\"potentialAction\":[{\"@type\":\"SearchAction\",\"target\":{\"@type\":\"EntryPoint\",\"urlTemplate\":\"https:\/\/www.heartfailurematters.org\/pt-pt\/?s={search_term_string}\"},\"query-input\":{\"@type\":\"PropertyValueSpecification\",\"valueRequired\":true,\"valueName\":\"search_term_string\"}}],\"inLanguage\":\"pt-PT\"},{\"@type\":\"Organization\",\"@id\":\"https:\/\/www.heartfailurematters.org\/pt-pt\/#organization\",\"name\":\"Heart Failure Matters\",\"url\":\"https:\/\/www.heartfailurematters.org\/pt-pt\/\",\"logo\":{\"@type\":\"ImageObject\",\"inLanguage\":\"pt-PT\",\"@id\":\"https:\/\/www.heartfailurematters.org\/pt-pt\/#\/schema\/logo\/image\/\",\"url\":\"https:\/\/cdn-endpoint-hfm.azureedge.net\/heartfailurematters\/2024\/07\/hfm-logo1.jpg\",\"contentUrl\":\"https:\/\/cdn-endpoint-hfm.azureedge.net\/heartfailurematters\/2024\/07\/hfm-logo1.jpg\",\"width\":1280,\"height\":720,\"caption\":\"Heart Failure Matters\"},\"image\":{\"@id\":\"https:\/\/www.heartfailurematters.org\/pt-pt\/#\/schema\/logo\/image\/\"},\"sameAs\":[\"https:\/\/www.facebook.com\/heartfailurematters\"]}]}<\/script>\n<!-- \/ Yoast SEO plugin. -->","yoast_head_json":{"title":"Gota e doentes com insufici\u00eancia card\u00edaca","description":"A gota consiste em epis\u00f3dios de inflama\u00e7\u00e3o dolorosa nas articula\u00e7\u00f5es e \u00e9 causada por uma maior quantidade de \u00e1cido \u00farico no sangue.","robots":{"index":"index","follow":"follow","max-snippet":"max-snippet:-1","max-image-preview":"max-image-preview:large","max-video-preview":"max-video-preview:-1"},"canonical":"https:\/\/www.heartfailurematters.org\/pt-pt\/causas-de-insuficiencia-cardiaca-e-outras-condicoes-medicas-comuns\/gota\/","og_locale":"pt_PT","og_type":"article","og_title":"Gota e doentes com insufici\u00eancia card\u00edaca","og_description":"A gota consiste em epis\u00f3dios de inflama\u00e7\u00e3o dolorosa nas articula\u00e7\u00f5es e \u00e9 causada por uma maior quantidade de \u00e1cido \u00farico no sangue.","og_url":"https:\/\/www.heartfailurematters.org\/pt-pt\/causas-de-insuficiencia-cardiaca-e-outras-condicoes-medicas-comuns\/gota\/","og_site_name":"Heart Failure Matters","article_publisher":"https:\/\/www.facebook.com\/heartfailurematters","article_modified_time":"2022-01-24T16:50:55+00:00","og_image":[{"width":900,"height":600,"url":"https:\/\/www.heartfailurematters.org\/wp-content\/uploads\/2022\/03\/shutterstock_1768051616-1-min.jpg","type":"image\/jpeg"}],"twitter_card":"summary_large_image","twitter_misc":{"Tempo estimado de leitura":"3 minutos"},"schema":{"@context":"https:\/\/schema.org","@graph":[{"@type":"WebPage","@id":"https:\/\/www.heartfailurematters.org\/pt-pt\/causas-de-insuficiencia-cardiaca-e-outras-condicoes-medicas-comuns\/gota\/","url":"https:\/\/www.heartfailurematters.org\/pt-pt\/causas-de-insuficiencia-cardiaca-e-outras-condicoes-medicas-comuns\/gota\/","name":"Gota e doentes com insufici\u00eancia card\u00edaca","isPartOf":{"@id":"https:\/\/www.heartfailurematters.org\/pt-pt\/#website"},"primaryImageOfPage":{"@id":"https:\/\/www.heartfailurematters.org\/pt-pt\/causas-de-insuficiencia-cardiaca-e-outras-condicoes-medicas-comuns\/gota\/#primaryimage"},"image":{"@id":"https:\/\/www.heartfailurematters.org\/pt-pt\/causas-de-insuficiencia-cardiaca-e-outras-condicoes-medicas-comuns\/gota\/#primaryimage"},"thumbnailUrl":"https:\/\/www.heartfailurematters.org\/wp-content\/uploads\/2022\/03\/shutterstock_1768051616-1-min.jpg","datePublished":"2021-04-12T10:41:05+00:00","dateModified":"2022-01-24T16:50:55+00:00","description":"A gota consiste em epis\u00f3dios de inflama\u00e7\u00e3o dolorosa nas articula\u00e7\u00f5es e \u00e9 causada por uma maior quantidade de \u00e1cido \u00farico no sangue.","breadcrumb":{"@id":"https:\/\/www.heartfailurematters.org\/pt-pt\/causas-de-insuficiencia-cardiaca-e-outras-condicoes-medicas-comuns\/gota\/#breadcrumb"},"inLanguage":"pt-PT","potentialAction":[{"@type":"ReadAction","target":["https:\/\/www.heartfailurematters.org\/pt-pt\/causas-de-insuficiencia-cardiaca-e-outras-condicoes-medicas-comuns\/gota\/"]}]},{"@type":"ImageObject","inLanguage":"pt-PT","@id":"https:\/\/www.heartfailurematters.org\/pt-pt\/causas-de-insuficiencia-cardiaca-e-outras-condicoes-medicas-comuns\/gota\/#primaryimage","url":"https:\/\/www.heartfailurematters.org\/wp-content\/uploads\/2022\/03\/shutterstock_1768051616-1-min.jpg","contentUrl":"https:\/\/www.heartfailurematters.org\/wp-content\/uploads\/2022\/03\/shutterstock_1768051616-1-min.jpg","width":900,"height":600},{"@type":"BreadcrumbList","@id":"https:\/\/www.heartfailurematters.org\/pt-pt\/causas-de-insuficiencia-cardiaca-e-outras-condicoes-medicas-comuns\/gota\/#breadcrumb","itemListElement":[{"@type":"ListItem","position":1,"name":"P\u00e1gina inicial","item":"https:\/\/www.heartfailurematters.org\/pt-pt\/"},{"@type":"ListItem","position":2,"name":"Causas de insufici\u00eancia card\u00edaca e outras condi\u00e7\u00f5es m\u00e9dicas comuns","item":"https:\/\/www.heartfailurematters.org\/pt-pt\/causas-de-insuficiencia-cardiaca-e-outras-condicoes-medicas-comuns\/"},{"@type":"ListItem","position":3,"name":"Gota"}]},{"@type":"WebSite","@id":"https:\/\/www.heartfailurematters.org\/pt-pt\/#website","url":"https:\/\/www.heartfailurematters.org\/pt-pt\/","name":"Heart Failure Matters","description":"Practical information for patients, families and caregivers.","publisher":{"@id":"https:\/\/www.heartfailurematters.org\/pt-pt\/#organization"},"potentialAction":[{"@type":"SearchAction","target":{"@type":"EntryPoint","urlTemplate":"https:\/\/www.heartfailurematters.org\/pt-pt\/?s={search_term_string}"},"query-input":{"@type":"PropertyValueSpecification","valueRequired":true,"valueName":"search_term_string"}}],"inLanguage":"pt-PT"},{"@type":"Organization","@id":"https:\/\/www.heartfailurematters.org\/pt-pt\/#organization","name":"Heart Failure Matters","url":"https:\/\/www.heartfailurematters.org\/pt-pt\/","logo":{"@type":"ImageObject","inLanguage":"pt-PT","@id":"https:\/\/www.heartfailurematters.org\/pt-pt\/#\/schema\/logo\/image\/","url":"https:\/\/cdn-endpoint-hfm.azureedge.net\/heartfailurematters\/2024\/07\/hfm-logo1.jpg","contentUrl":"https:\/\/cdn-endpoint-hfm.azureedge.net\/heartfailurematters\/2024\/07\/hfm-logo1.jpg","width":1280,"height":720,"caption":"Heart Failure Matters"},"image":{"@id":"https:\/\/www.heartfailurematters.org\/pt-pt\/#\/schema\/logo\/image\/"},"sameAs":["https:\/\/www.facebook.com\/heartfailurematters"]}]}},"_links":{"self":[{"href":"https:\/\/www.heartfailurematters.org\/pt-pt\/wp-json\/wp\/v2\/pages\/8109","targetHints":{"allow":["GET"]}}],"collection":[{"href":"https:\/\/www.heartfailurematters.org\/pt-pt\/wp-json\/wp\/v2\/pages"}],"about":[{"href":"https:\/\/www.heartfailurematters.org\/pt-pt\/wp-json\/wp\/v2\/types\/page"}],"author":[{"embeddable":true,"href":"https:\/\/www.heartfailurematters.org\/pt-pt\/wp-json\/wp\/v2\/users\/1"}],"replies":[{"embeddable":true,"href":"https:\/\/www.heartfailurematters.org\/pt-pt\/wp-json\/wp\/v2\/comments?post=8109"}],"version-history":[{"count":2,"href":"https:\/\/www.heartfailurematters.org\/pt-pt\/wp-json\/wp\/v2\/pages\/8109\/revisions"}],"predecessor-version":[{"id":10380,"href":"https:\/\/www.heartfailurematters.org\/pt-pt\/wp-json\/wp\/v2\/pages\/8109\/revisions\/10380"}],"up":[{"embeddable":true,"href":"https:\/\/www.heartfailurematters.org\/pt-pt\/wp-json\/wp\/v2\/pages\/8057"}],"wp:featuredmedia":[{"embeddable":true,"href":"https:\/\/www.heartfailurematters.org\/pt-pt\/wp-json\/wp\/v2\/media\/10831"}],"wp:attachment":[{"href":"https:\/\/www.heartfailurematters.org\/pt-pt\/wp-json\/wp\/v2\/media?parent=8109"}],"wp:term":[{"taxonomy":"category","embeddable":true,"href":"https:\/\/www.heartfailurematters.org\/pt-pt\/wp-json\/wp\/v2\/categories?post=8109"},{"taxonomy":"post_tag","embeddable":true,"href":"https:\/\/www.heartfailurematters.org\/pt-pt\/wp-json\/wp\/v2\/tags?post=8109"}],"curies":[{"name":"wp","href":"https:\/\/api.w.org\/{rel}","templated":true}]}}