{"id":2132,"date":"2021-01-27T22:06:51","date_gmt":"2021-01-27T22:06:51","guid":{"rendered":"http:\/\/heartfailurematters.local:8888\/antiarritmicos\/"},"modified":"2025-12-05T10:26:03","modified_gmt":"2025-12-05T10:26:03","slug":"antiarritmicos","status":"publish","type":"page","link":"https:\/\/www.heartfailurematters.org\/pt-pt\/o-que-o-seu-medico-ou-enfermeiro-pode-fazer\/antiarritmicos\/","title":{"rendered":"Antiarr\u00edtmicos"},"content":{"rendered":"<h2>O que fazem<\/h2>\n<p>Os medicamentos <strong>antiarr\u00edtmicos<\/strong> s\u00e3o um grupo maior de medicamentos que podem ser utilizados para controlar um ritmo card\u00edaco anormal. No entanto, na insufici\u00eancia card\u00edaca os medicamentos antiarr\u00edtmicos s\u00e3o prescritos com precau\u00e7\u00e3o, pois podem ter efeitos colaterais graves.<\/p>\n<h2>Efeitos colaterais de medicamentos antiarr\u00edtmicos selecionados<\/h2>\n<ul>\n<li>A <strong>amiodarona<\/strong> \u00e9 um medicamento muito potente e \u00e0s vezes \u00e9 necess\u00e1rio para controlar os dist\u00farbios do ritmo card\u00edaco na insufici\u00eancia card\u00edaca. No entanto, aumenta significativamente a sensibilidade da pele \u00e0 luz solar! Por isso, deve evitar a exposi\u00e7\u00e3o direta ao sol e usar sempre um protetor solar com um fator de prote\u00e7\u00e3o elevado. Recomenda-se consultar um dermatologista anualmente. Al\u00e9m disso, o tratamento a longo prazo com amiodarona tamb\u00e9m pode afetar a fun\u00e7\u00e3o da tiroide e a vis\u00e3o, que tamb\u00e9m devem ser verificadas regularmente. O n\u00edvel de amiodarona no seu organismo pode ser verificado com uma an\u00e1lise espec\u00edfica ao sangue.<\/li>\n<li><strong>Digoxina ou digitoxina<\/strong> s\u00e3o os chamados glicos\u00eddeos card\u00edacos. Abrandam os batimentos card\u00edacos em casos de fibrila\u00e7\u00e3o atrial. Atualmente, apenas s\u00e3o prescritos pequenas doses, o que torna estes medicamentos bastante toler\u00e1veis. Os efeitos colaterais s\u00e3o mais comuns com doses mais elevadas e incluem sintomas como n\u00e1useas, perda de apetite e diarreia. O n\u00edvel de digoxina ou digitoxina no seu organismo pode ser verificado com uma an\u00e1lise espec\u00edfica ao sangue.<\/li>\n<\/ul>\n<h2>Sugest\u00e3o<\/h2>\n<p>Alguns antiarr\u00edtmicos podem reagir ao sumo de toranja, alterando o efeito deste medicamento. O seu m\u00e9dico poder\u00e1 explicar-lhe isso.<\/p>\n<p><a href=\"https:\/\/www.heartfailurematters.org\/what-your-doctor-can-do\/heart-failure-medicines\/\">Voltar a Medicamentos para insufici\u00eancia card\u00edaca<\/a><\/p>\n","protected":false},"excerpt":{"rendered":"<p>O que fazem Os medicamentos antiarr\u00edtmicos s\u00e3o um grupo maior de medicamentos que podem ser utilizados para controlar um ritmo card\u00edaco anormal. No entanto, na insufici\u00eancia card\u00edaca os medicamentos antiarr\u00edtmicos s\u00e3o prescritos com precau\u00e7\u00e3o, pois podem ter efeitos colaterais graves. Efeitos colaterais de medicamentos antiarr\u00edtmicos selecionados A amiodarona \u00e9 um medicamento muito potente e \u00e0s [&hellip;]<\/p>\n","protected":false},"author":1,"featured_media":0,"parent":2682,"menu_order":0,"comment_status":"open","ping_status":"open","template":"","meta":{"_acf_changed":false,"footnotes":""},"categories":[],"tags":[],"class_list":["post-2132","page","type-page","status-publish","hentry"],"acf":[],"yoast_head":"<!-- This site is optimized with the Yoast SEO plugin v24.8.1 - https:\/\/yoast.com\/wordpress\/plugins\/seo\/ -->\n<title>Antiarr\u00edtmicos e insufici\u00eancia card\u00edaca<\/title>\n<meta name=\"description\" content=\"Antiarr\u00edtmicos s\u00e3o usados para controlar ritmos card\u00edacos anormais. Saiba mais sobre agentes antiarr\u00edtmicos, efeitos colaterais e as nossas principais dicas.\" \/>\n<meta name=\"robots\" content=\"index, follow, max-snippet:-1, max-image-preview:large, max-video-preview:-1\" \/>\n<link rel=\"canonical\" href=\"https:\/\/www.heartfailurematters.org\/pt-pt\/o-que-o-seu-medico-ou-enfermeiro-pode-fazer\/antiarritmicos\/\" \/>\n<meta property=\"og:locale\" content=\"pt_PT\" \/>\n<meta property=\"og:type\" content=\"article\" \/>\n<meta property=\"og:title\" content=\"Antiarr\u00edtmicos e insufici\u00eancia card\u00edaca\" \/>\n<meta property=\"og:description\" content=\"Antiarr\u00edtmicos s\u00e3o usados para controlar ritmos card\u00edacos anormais. Saiba mais sobre agentes antiarr\u00edtmicos, efeitos colaterais e as nossas principais dicas.\" \/>\n<meta property=\"og:url\" content=\"https:\/\/www.heartfailurematters.org\/pt-pt\/o-que-o-seu-medico-ou-enfermeiro-pode-fazer\/antiarritmicos\/\" \/>\n<meta property=\"og:site_name\" content=\"Heart Failure Matters\" \/>\n<meta property=\"article:publisher\" content=\"https:\/\/www.facebook.com\/heartfailurematters\" \/>\n<meta property=\"article:modified_time\" content=\"2025-12-05T10:26:03+00:00\" \/>\n<meta name=\"twitter:card\" content=\"summary_large_image\" \/>\n<meta name=\"twitter:label1\" content=\"Tempo estimado de leitura\" \/>\n\t<meta name=\"twitter:data1\" content=\"3 minutos\" \/>\n<script type=\"application\/ld+json\" class=\"yoast-schema-graph\">{\"@context\":\"https:\/\/schema.org\",\"@graph\":[{\"@type\":\"WebPage\",\"@id\":\"https:\/\/www.heartfailurematters.org\/pt-pt\/o-que-o-seu-medico-ou-enfermeiro-pode-fazer\/antiarritmicos\/\",\"url\":\"https:\/\/www.heartfailurematters.org\/pt-pt\/o-que-o-seu-medico-ou-enfermeiro-pode-fazer\/antiarritmicos\/\",\"name\":\"Antiarr\u00edtmicos e insufici\u00eancia card\u00edaca\",\"isPartOf\":{\"@id\":\"https:\/\/www.heartfailurematters.org\/pt-pt\/#website\"},\"datePublished\":\"2021-01-27T22:06:51+00:00\",\"dateModified\":\"2025-12-05T10:26:03+00:00\",\"description\":\"Antiarr\u00edtmicos s\u00e3o usados para controlar ritmos card\u00edacos anormais. Saiba mais sobre agentes antiarr\u00edtmicos, efeitos colaterais e as nossas principais dicas.\",\"breadcrumb\":{\"@id\":\"https:\/\/www.heartfailurematters.org\/pt-pt\/o-que-o-seu-medico-ou-enfermeiro-pode-fazer\/antiarritmicos\/#breadcrumb\"},\"inLanguage\":\"pt-PT\",\"potentialAction\":[{\"@type\":\"ReadAction\",\"target\":[\"https:\/\/www.heartfailurematters.org\/pt-pt\/o-que-o-seu-medico-ou-enfermeiro-pode-fazer\/antiarritmicos\/\"]}]},{\"@type\":\"BreadcrumbList\",\"@id\":\"https:\/\/www.heartfailurematters.org\/pt-pt\/o-que-o-seu-medico-ou-enfermeiro-pode-fazer\/antiarritmicos\/#breadcrumb\",\"itemListElement\":[{\"@type\":\"ListItem\",\"position\":1,\"name\":\"P\u00e1gina inicial\",\"item\":\"https:\/\/www.heartfailurematters.org\/pt-pt\/\"},{\"@type\":\"ListItem\",\"position\":2,\"name\":\"O que o seu m\u00e9dico pode fazer\",\"item\":\"https:\/\/www.heartfailurematters.org\/pt-pt\/o-que-o-seu-medico-ou-enfermeiro-pode-fazer\/\"},{\"@type\":\"ListItem\",\"position\":3,\"name\":\"Antiarr\u00edtmicos\"}]},{\"@type\":\"WebSite\",\"@id\":\"https:\/\/www.heartfailurematters.org\/pt-pt\/#website\",\"url\":\"https:\/\/www.heartfailurematters.org\/pt-pt\/\",\"name\":\"Heart Failure Matters\",\"description\":\"Practical information for patients, families and caregivers.\",\"publisher\":{\"@id\":\"https:\/\/www.heartfailurematters.org\/pt-pt\/#organization\"},\"potentialAction\":[{\"@type\":\"SearchAction\",\"target\":{\"@type\":\"EntryPoint\",\"urlTemplate\":\"https:\/\/www.heartfailurematters.org\/pt-pt\/?s={search_term_string}\"},\"query-input\":{\"@type\":\"PropertyValueSpecification\",\"valueRequired\":true,\"valueName\":\"search_term_string\"}}],\"inLanguage\":\"pt-PT\"},{\"@type\":\"Organization\",\"@id\":\"https:\/\/www.heartfailurematters.org\/pt-pt\/#organization\",\"name\":\"Heart Failure Matters\",\"url\":\"https:\/\/www.heartfailurematters.org\/pt-pt\/\",\"logo\":{\"@type\":\"ImageObject\",\"inLanguage\":\"pt-PT\",\"@id\":\"https:\/\/www.heartfailurematters.org\/pt-pt\/#\/schema\/logo\/image\/\",\"url\":\"https:\/\/cdn-endpoint-hfm.azureedge.net\/heartfailurematters\/2024\/07\/hfm-logo1.jpg\",\"contentUrl\":\"https:\/\/cdn-endpoint-hfm.azureedge.net\/heartfailurematters\/2024\/07\/hfm-logo1.jpg\",\"width\":1280,\"height\":720,\"caption\":\"Heart Failure Matters\"},\"image\":{\"@id\":\"https:\/\/www.heartfailurematters.org\/pt-pt\/#\/schema\/logo\/image\/\"},\"sameAs\":[\"https:\/\/www.facebook.com\/heartfailurematters\"]}]}<\/script>\n<!-- \/ Yoast SEO plugin. -->","yoast_head_json":{"title":"Antiarr\u00edtmicos e insufici\u00eancia card\u00edaca","description":"Antiarr\u00edtmicos s\u00e3o usados para controlar ritmos card\u00edacos anormais. Saiba mais sobre agentes antiarr\u00edtmicos, efeitos colaterais e as nossas principais dicas.","robots":{"index":"index","follow":"follow","max-snippet":"max-snippet:-1","max-image-preview":"max-image-preview:large","max-video-preview":"max-video-preview:-1"},"canonical":"https:\/\/www.heartfailurematters.org\/pt-pt\/o-que-o-seu-medico-ou-enfermeiro-pode-fazer\/antiarritmicos\/","og_locale":"pt_PT","og_type":"article","og_title":"Antiarr\u00edtmicos e insufici\u00eancia card\u00edaca","og_description":"Antiarr\u00edtmicos s\u00e3o usados para controlar ritmos card\u00edacos anormais. Saiba mais sobre agentes antiarr\u00edtmicos, efeitos colaterais e as nossas principais dicas.","og_url":"https:\/\/www.heartfailurematters.org\/pt-pt\/o-que-o-seu-medico-ou-enfermeiro-pode-fazer\/antiarritmicos\/","og_site_name":"Heart Failure Matters","article_publisher":"https:\/\/www.facebook.com\/heartfailurematters","article_modified_time":"2025-12-05T10:26:03+00:00","twitter_card":"summary_large_image","twitter_misc":{"Tempo estimado de leitura":"3 minutos"},"schema":{"@context":"https:\/\/schema.org","@graph":[{"@type":"WebPage","@id":"https:\/\/www.heartfailurematters.org\/pt-pt\/o-que-o-seu-medico-ou-enfermeiro-pode-fazer\/antiarritmicos\/","url":"https:\/\/www.heartfailurematters.org\/pt-pt\/o-que-o-seu-medico-ou-enfermeiro-pode-fazer\/antiarritmicos\/","name":"Antiarr\u00edtmicos e insufici\u00eancia card\u00edaca","isPartOf":{"@id":"https:\/\/www.heartfailurematters.org\/pt-pt\/#website"},"datePublished":"2021-01-27T22:06:51+00:00","dateModified":"2025-12-05T10:26:03+00:00","description":"Antiarr\u00edtmicos s\u00e3o usados para controlar ritmos card\u00edacos anormais. Saiba mais sobre agentes antiarr\u00edtmicos, efeitos colaterais e as nossas principais dicas.","breadcrumb":{"@id":"https:\/\/www.heartfailurematters.org\/pt-pt\/o-que-o-seu-medico-ou-enfermeiro-pode-fazer\/antiarritmicos\/#breadcrumb"},"inLanguage":"pt-PT","potentialAction":[{"@type":"ReadAction","target":["https:\/\/www.heartfailurematters.org\/pt-pt\/o-que-o-seu-medico-ou-enfermeiro-pode-fazer\/antiarritmicos\/"]}]},{"@type":"BreadcrumbList","@id":"https:\/\/www.heartfailurematters.org\/pt-pt\/o-que-o-seu-medico-ou-enfermeiro-pode-fazer\/antiarritmicos\/#breadcrumb","itemListElement":[{"@type":"ListItem","position":1,"name":"P\u00e1gina inicial","item":"https:\/\/www.heartfailurematters.org\/pt-pt\/"},{"@type":"ListItem","position":2,"name":"O que o seu m\u00e9dico pode fazer","item":"https:\/\/www.heartfailurematters.org\/pt-pt\/o-que-o-seu-medico-ou-enfermeiro-pode-fazer\/"},{"@type":"ListItem","position":3,"name":"Antiarr\u00edtmicos"}]},{"@type":"WebSite","@id":"https:\/\/www.heartfailurematters.org\/pt-pt\/#website","url":"https:\/\/www.heartfailurematters.org\/pt-pt\/","name":"Heart Failure Matters","description":"Practical information for patients, families and caregivers.","publisher":{"@id":"https:\/\/www.heartfailurematters.org\/pt-pt\/#organization"},"potentialAction":[{"@type":"SearchAction","target":{"@type":"EntryPoint","urlTemplate":"https:\/\/www.heartfailurematters.org\/pt-pt\/?s={search_term_string}"},"query-input":{"@type":"PropertyValueSpecification","valueRequired":true,"valueName":"search_term_string"}}],"inLanguage":"pt-PT"},{"@type":"Organization","@id":"https:\/\/www.heartfailurematters.org\/pt-pt\/#organization","name":"Heart Failure Matters","url":"https:\/\/www.heartfailurematters.org\/pt-pt\/","logo":{"@type":"ImageObject","inLanguage":"pt-PT","@id":"https:\/\/www.heartfailurematters.org\/pt-pt\/#\/schema\/logo\/image\/","url":"https:\/\/cdn-endpoint-hfm.azureedge.net\/heartfailurematters\/2024\/07\/hfm-logo1.jpg","contentUrl":"https:\/\/cdn-endpoint-hfm.azureedge.net\/heartfailurematters\/2024\/07\/hfm-logo1.jpg","width":1280,"height":720,"caption":"Heart Failure Matters"},"image":{"@id":"https:\/\/www.heartfailurematters.org\/pt-pt\/#\/schema\/logo\/image\/"},"sameAs":["https:\/\/www.facebook.com\/heartfailurematters"]}]}},"_links":{"self":[{"href":"https:\/\/www.heartfailurematters.org\/pt-pt\/wp-json\/wp\/v2\/pages\/2132","targetHints":{"allow":["GET"]}}],"collection":[{"href":"https:\/\/www.heartfailurematters.org\/pt-pt\/wp-json\/wp\/v2\/pages"}],"about":[{"href":"https:\/\/www.heartfailurematters.org\/pt-pt\/wp-json\/wp\/v2\/types\/page"}],"author":[{"embeddable":true,"href":"https:\/\/www.heartfailurematters.org\/pt-pt\/wp-json\/wp\/v2\/users\/1"}],"replies":[{"embeddable":true,"href":"https:\/\/www.heartfailurematters.org\/pt-pt\/wp-json\/wp\/v2\/comments?post=2132"}],"version-history":[{"count":3,"href":"https:\/\/www.heartfailurematters.org\/pt-pt\/wp-json\/wp\/v2\/pages\/2132\/revisions"}],"predecessor-version":[{"id":13701,"href":"https:\/\/www.heartfailurematters.org\/pt-pt\/wp-json\/wp\/v2\/pages\/2132\/revisions\/13701"}],"up":[{"embeddable":true,"href":"https:\/\/www.heartfailurematters.org\/pt-pt\/wp-json\/wp\/v2\/pages\/2682"}],"wp:attachment":[{"href":"https:\/\/www.heartfailurematters.org\/pt-pt\/wp-json\/wp\/v2\/media?parent=2132"}],"wp:term":[{"taxonomy":"category","embeddable":true,"href":"https:\/\/www.heartfailurematters.org\/pt-pt\/wp-json\/wp\/v2\/categories?post=2132"},{"taxonomy":"post_tag","embeddable":true,"href":"https:\/\/www.heartfailurematters.org\/pt-pt\/wp-json\/wp\/v2\/tags?post=2132"}],"curies":[{"name":"wp","href":"https:\/\/api.w.org\/{rel}","templated":true}]}}