{"id":2130,"date":"2021-01-27T22:06:51","date_gmt":"2021-01-27T22:06:51","guid":{"rendered":"http:\/\/heartfailurematters.local:8888\/informacoes-para-familiares-e-prestadores-de-cuidados\/"},"modified":"2025-12-05T10:19:23","modified_gmt":"2025-12-05T10:19:23","slug":"informacoes-para-familiares-e-prestadores-de-cuidados","status":"publish","type":"page","link":"https:\/\/www.heartfailurematters.org\/pt-pt\/para-os-cuidadores\/informacoes-para-familiares-e-prestadores-de-cuidados\/","title":{"rendered":"Informa\u00e7\u00f5es da fam\u00edlia e do cuidador"},"content":{"rendered":"<h2>Cora\u00e7\u00f5es paralelos &#8211; Alguma vez se perguntou como \u00e9 viver com insufici\u00eancia card\u00edaca?<\/h2>\n<p><iframe src=\"https:\/\/www.youtube.com\/embed\/i6UChrY04pk?rel=0\" width=\"100%\" height=\"300\" frameborder=\"0\" allowfullscreen=\"allowfullscreen\"\/><\/p>\n<p style=\"font-style: italic;\"><em>Cr\u00e9ditos de v\u00eddeo: Pumping Marvellous Foundation<\/em><\/p>\n<p>Clique em qualquer uma das op\u00e7\u00f5es \u00e0 esquerda para saber mais.<\/p>\n","protected":false},"excerpt":{"rendered":"<p>Cora\u00e7\u00f5es paralelos &#8211; Alguma vez se perguntou como \u00e9 viver com insufici\u00eancia card\u00edaca? Cr\u00e9ditos de v\u00eddeo: Pumping Marvellous Foundation Clique em qualquer uma das op\u00e7\u00f5es \u00e0 esquerda para saber mais.<\/p>\n","protected":false},"author":1,"featured_media":11146,"parent":2844,"menu_order":1,"comment_status":"open","ping_status":"closed","template":"","meta":{"_acf_changed":false,"footnotes":""},"categories":[85],"tags":[],"class_list":["post-2130","page","type-page","status-publish","has-post-thumbnail","hentry","category-for-caregivers-pt"],"acf":[],"yoast_head":"<!-- This site is optimized with the Yoast SEO plugin v24.8.1 - https:\/\/yoast.com\/wordpress\/plugins\/seo\/ -->\n<title>Informa\u00e7\u00f5es da fam\u00edlia e do cuidador<\/title>\n<meta name=\"description\" content=\"Leia mais sobre o papel de um cuidador e os desafios especiais que pode enfrentar ao cuidar do seu parceiro ou familiar com insufici\u00eancia card\u00edaca.\" \/>\n<meta name=\"robots\" content=\"index, follow, max-snippet:-1, max-image-preview:large, max-video-preview:-1\" \/>\n<link rel=\"canonical\" href=\"https:\/\/www.heartfailurematters.org\/pt-pt\/para-os-cuidadores\/informacoes-para-familiares-e-prestadores-de-cuidados\/\" \/>\n<meta property=\"og:locale\" content=\"pt_PT\" \/>\n<meta property=\"og:type\" content=\"article\" \/>\n<meta property=\"og:title\" content=\"Informa\u00e7\u00f5es da fam\u00edlia e do cuidador\" \/>\n<meta property=\"og:description\" content=\"Leia mais sobre o papel de um cuidador e os desafios especiais que pode enfrentar ao cuidar do seu parceiro ou familiar com insufici\u00eancia card\u00edaca.\" \/>\n<meta property=\"og:url\" content=\"https:\/\/www.heartfailurematters.org\/pt-pt\/para-os-cuidadores\/informacoes-para-familiares-e-prestadores-de-cuidados\/\" \/>\n<meta property=\"og:site_name\" content=\"Heart Failure Matters\" \/>\n<meta property=\"article:publisher\" content=\"https:\/\/www.facebook.com\/heartfailurematters\" \/>\n<meta property=\"article:modified_time\" content=\"2025-12-05T10:19:23+00:00\" \/>\n<meta property=\"og:image\" content=\"https:\/\/www.heartfailurematters.org\/wp-content\/uploads\/2022\/03\/shutterstock_326634329-1-min.jpg\" \/>\n\t<meta property=\"og:image:width\" content=\"900\" \/>\n\t<meta property=\"og:image:height\" content=\"600\" \/>\n\t<meta property=\"og:image:type\" content=\"image\/jpeg\" \/>\n<meta name=\"twitter:card\" content=\"summary_large_image\" \/>\n<meta name=\"twitter:label1\" content=\"Tempo estimado de leitura\" \/>\n\t<meta name=\"twitter:data1\" content=\"1 minuto\" \/>\n<script type=\"application\/ld+json\" class=\"yoast-schema-graph\">{\"@context\":\"https:\/\/schema.org\",\"@graph\":[{\"@type\":\"WebPage\",\"@id\":\"https:\/\/www.heartfailurematters.org\/pt-pt\/para-os-cuidadores\/informacoes-para-familiares-e-prestadores-de-cuidados\/\",\"url\":\"https:\/\/www.heartfailurematters.org\/pt-pt\/para-os-cuidadores\/informacoes-para-familiares-e-prestadores-de-cuidados\/\",\"name\":\"Informa\u00e7\u00f5es da fam\u00edlia e do cuidador\",\"isPartOf\":{\"@id\":\"https:\/\/www.heartfailurematters.org\/pt-pt\/#website\"},\"primaryImageOfPage\":{\"@id\":\"https:\/\/www.heartfailurematters.org\/pt-pt\/para-os-cuidadores\/informacoes-para-familiares-e-prestadores-de-cuidados\/#primaryimage\"},\"image\":{\"@id\":\"https:\/\/www.heartfailurematters.org\/pt-pt\/para-os-cuidadores\/informacoes-para-familiares-e-prestadores-de-cuidados\/#primaryimage\"},\"thumbnailUrl\":\"https:\/\/www.heartfailurematters.org\/wp-content\/uploads\/2022\/03\/shutterstock_326634329-1-min.jpg\",\"datePublished\":\"2021-01-27T22:06:51+00:00\",\"dateModified\":\"2025-12-05T10:19:23+00:00\",\"description\":\"Leia mais sobre o papel de um cuidador e os desafios especiais que pode enfrentar ao cuidar do seu parceiro ou familiar com insufici\u00eancia card\u00edaca.\",\"breadcrumb\":{\"@id\":\"https:\/\/www.heartfailurematters.org\/pt-pt\/para-os-cuidadores\/informacoes-para-familiares-e-prestadores-de-cuidados\/#breadcrumb\"},\"inLanguage\":\"pt-PT\",\"potentialAction\":[{\"@type\":\"ReadAction\",\"target\":[\"https:\/\/www.heartfailurematters.org\/pt-pt\/para-os-cuidadores\/informacoes-para-familiares-e-prestadores-de-cuidados\/\"]}]},{\"@type\":\"ImageObject\",\"inLanguage\":\"pt-PT\",\"@id\":\"https:\/\/www.heartfailurematters.org\/pt-pt\/para-os-cuidadores\/informacoes-para-familiares-e-prestadores-de-cuidados\/#primaryimage\",\"url\":\"https:\/\/www.heartfailurematters.org\/wp-content\/uploads\/2022\/03\/shutterstock_326634329-1-min.jpg\",\"contentUrl\":\"https:\/\/www.heartfailurematters.org\/wp-content\/uploads\/2022\/03\/shutterstock_326634329-1-min.jpg\",\"width\":900,\"height\":600},{\"@type\":\"BreadcrumbList\",\"@id\":\"https:\/\/www.heartfailurematters.org\/pt-pt\/para-os-cuidadores\/informacoes-para-familiares-e-prestadores-de-cuidados\/#breadcrumb\",\"itemListElement\":[{\"@type\":\"ListItem\",\"position\":1,\"name\":\"P\u00e1gina inicial\",\"item\":\"https:\/\/www.heartfailurematters.org\/pt-pt\/\"},{\"@type\":\"ListItem\",\"position\":2,\"name\":\"Para cuidadores\",\"item\":\"https:\/\/www.heartfailurematters.org\/pt-pt\/para-os-cuidadores\/\"},{\"@type\":\"ListItem\",\"position\":3,\"name\":\"Informa\u00e7\u00f5es da fam\u00edlia e do cuidador\"}]},{\"@type\":\"WebSite\",\"@id\":\"https:\/\/www.heartfailurematters.org\/pt-pt\/#website\",\"url\":\"https:\/\/www.heartfailurematters.org\/pt-pt\/\",\"name\":\"Heart Failure Matters\",\"description\":\"Practical information for patients, families and caregivers.\",\"publisher\":{\"@id\":\"https:\/\/www.heartfailurematters.org\/pt-pt\/#organization\"},\"potentialAction\":[{\"@type\":\"SearchAction\",\"target\":{\"@type\":\"EntryPoint\",\"urlTemplate\":\"https:\/\/www.heartfailurematters.org\/pt-pt\/?s={search_term_string}\"},\"query-input\":{\"@type\":\"PropertyValueSpecification\",\"valueRequired\":true,\"valueName\":\"search_term_string\"}}],\"inLanguage\":\"pt-PT\"},{\"@type\":\"Organization\",\"@id\":\"https:\/\/www.heartfailurematters.org\/pt-pt\/#organization\",\"name\":\"Heart Failure Matters\",\"url\":\"https:\/\/www.heartfailurematters.org\/pt-pt\/\",\"logo\":{\"@type\":\"ImageObject\",\"inLanguage\":\"pt-PT\",\"@id\":\"https:\/\/www.heartfailurematters.org\/pt-pt\/#\/schema\/logo\/image\/\",\"url\":\"https:\/\/cdn-endpoint-hfm.azureedge.net\/heartfailurematters\/2024\/07\/hfm-logo1.jpg\",\"contentUrl\":\"https:\/\/cdn-endpoint-hfm.azureedge.net\/heartfailurematters\/2024\/07\/hfm-logo1.jpg\",\"width\":1280,\"height\":720,\"caption\":\"Heart Failure Matters\"},\"image\":{\"@id\":\"https:\/\/www.heartfailurematters.org\/pt-pt\/#\/schema\/logo\/image\/\"},\"sameAs\":[\"https:\/\/www.facebook.com\/heartfailurematters\"]}]}<\/script>\n<!-- \/ Yoast SEO plugin. -->","yoast_head_json":{"title":"Informa\u00e7\u00f5es da fam\u00edlia e do cuidador","description":"Leia mais sobre o papel de um cuidador e os desafios especiais que pode enfrentar ao cuidar do seu parceiro ou familiar com insufici\u00eancia card\u00edaca.","robots":{"index":"index","follow":"follow","max-snippet":"max-snippet:-1","max-image-preview":"max-image-preview:large","max-video-preview":"max-video-preview:-1"},"canonical":"https:\/\/www.heartfailurematters.org\/pt-pt\/para-os-cuidadores\/informacoes-para-familiares-e-prestadores-de-cuidados\/","og_locale":"pt_PT","og_type":"article","og_title":"Informa\u00e7\u00f5es da fam\u00edlia e do cuidador","og_description":"Leia mais sobre o papel de um cuidador e os desafios especiais que pode enfrentar ao cuidar do seu parceiro ou familiar com insufici\u00eancia card\u00edaca.","og_url":"https:\/\/www.heartfailurematters.org\/pt-pt\/para-os-cuidadores\/informacoes-para-familiares-e-prestadores-de-cuidados\/","og_site_name":"Heart Failure Matters","article_publisher":"https:\/\/www.facebook.com\/heartfailurematters","article_modified_time":"2025-12-05T10:19:23+00:00","og_image":[{"width":900,"height":600,"url":"https:\/\/www.heartfailurematters.org\/wp-content\/uploads\/2022\/03\/shutterstock_326634329-1-min.jpg","type":"image\/jpeg"}],"twitter_card":"summary_large_image","twitter_misc":{"Tempo estimado de leitura":"1 minuto"},"schema":{"@context":"https:\/\/schema.org","@graph":[{"@type":"WebPage","@id":"https:\/\/www.heartfailurematters.org\/pt-pt\/para-os-cuidadores\/informacoes-para-familiares-e-prestadores-de-cuidados\/","url":"https:\/\/www.heartfailurematters.org\/pt-pt\/para-os-cuidadores\/informacoes-para-familiares-e-prestadores-de-cuidados\/","name":"Informa\u00e7\u00f5es da fam\u00edlia e do cuidador","isPartOf":{"@id":"https:\/\/www.heartfailurematters.org\/pt-pt\/#website"},"primaryImageOfPage":{"@id":"https:\/\/www.heartfailurematters.org\/pt-pt\/para-os-cuidadores\/informacoes-para-familiares-e-prestadores-de-cuidados\/#primaryimage"},"image":{"@id":"https:\/\/www.heartfailurematters.org\/pt-pt\/para-os-cuidadores\/informacoes-para-familiares-e-prestadores-de-cuidados\/#primaryimage"},"thumbnailUrl":"https:\/\/www.heartfailurematters.org\/wp-content\/uploads\/2022\/03\/shutterstock_326634329-1-min.jpg","datePublished":"2021-01-27T22:06:51+00:00","dateModified":"2025-12-05T10:19:23+00:00","description":"Leia mais sobre o papel de um cuidador e os desafios especiais que pode enfrentar ao cuidar do seu parceiro ou familiar com insufici\u00eancia card\u00edaca.","breadcrumb":{"@id":"https:\/\/www.heartfailurematters.org\/pt-pt\/para-os-cuidadores\/informacoes-para-familiares-e-prestadores-de-cuidados\/#breadcrumb"},"inLanguage":"pt-PT","potentialAction":[{"@type":"ReadAction","target":["https:\/\/www.heartfailurematters.org\/pt-pt\/para-os-cuidadores\/informacoes-para-familiares-e-prestadores-de-cuidados\/"]}]},{"@type":"ImageObject","inLanguage":"pt-PT","@id":"https:\/\/www.heartfailurematters.org\/pt-pt\/para-os-cuidadores\/informacoes-para-familiares-e-prestadores-de-cuidados\/#primaryimage","url":"https:\/\/www.heartfailurematters.org\/wp-content\/uploads\/2022\/03\/shutterstock_326634329-1-min.jpg","contentUrl":"https:\/\/www.heartfailurematters.org\/wp-content\/uploads\/2022\/03\/shutterstock_326634329-1-min.jpg","width":900,"height":600},{"@type":"BreadcrumbList","@id":"https:\/\/www.heartfailurematters.org\/pt-pt\/para-os-cuidadores\/informacoes-para-familiares-e-prestadores-de-cuidados\/#breadcrumb","itemListElement":[{"@type":"ListItem","position":1,"name":"P\u00e1gina inicial","item":"https:\/\/www.heartfailurematters.org\/pt-pt\/"},{"@type":"ListItem","position":2,"name":"Para cuidadores","item":"https:\/\/www.heartfailurematters.org\/pt-pt\/para-os-cuidadores\/"},{"@type":"ListItem","position":3,"name":"Informa\u00e7\u00f5es da fam\u00edlia e do cuidador"}]},{"@type":"WebSite","@id":"https:\/\/www.heartfailurematters.org\/pt-pt\/#website","url":"https:\/\/www.heartfailurematters.org\/pt-pt\/","name":"Heart Failure Matters","description":"Practical information for patients, families and caregivers.","publisher":{"@id":"https:\/\/www.heartfailurematters.org\/pt-pt\/#organization"},"potentialAction":[{"@type":"SearchAction","target":{"@type":"EntryPoint","urlTemplate":"https:\/\/www.heartfailurematters.org\/pt-pt\/?s={search_term_string}"},"query-input":{"@type":"PropertyValueSpecification","valueRequired":true,"valueName":"search_term_string"}}],"inLanguage":"pt-PT"},{"@type":"Organization","@id":"https:\/\/www.heartfailurematters.org\/pt-pt\/#organization","name":"Heart Failure Matters","url":"https:\/\/www.heartfailurematters.org\/pt-pt\/","logo":{"@type":"ImageObject","inLanguage":"pt-PT","@id":"https:\/\/www.heartfailurematters.org\/pt-pt\/#\/schema\/logo\/image\/","url":"https:\/\/cdn-endpoint-hfm.azureedge.net\/heartfailurematters\/2024\/07\/hfm-logo1.jpg","contentUrl":"https:\/\/cdn-endpoint-hfm.azureedge.net\/heartfailurematters\/2024\/07\/hfm-logo1.jpg","width":1280,"height":720,"caption":"Heart Failure Matters"},"image":{"@id":"https:\/\/www.heartfailurematters.org\/pt-pt\/#\/schema\/logo\/image\/"},"sameAs":["https:\/\/www.facebook.com\/heartfailurematters"]}]}},"_links":{"self":[{"href":"https:\/\/www.heartfailurematters.org\/pt-pt\/wp-json\/wp\/v2\/pages\/2130","targetHints":{"allow":["GET"]}}],"collection":[{"href":"https:\/\/www.heartfailurematters.org\/pt-pt\/wp-json\/wp\/v2\/pages"}],"about":[{"href":"https:\/\/www.heartfailurematters.org\/pt-pt\/wp-json\/wp\/v2\/types\/page"}],"author":[{"embeddable":true,"href":"https:\/\/www.heartfailurematters.org\/pt-pt\/wp-json\/wp\/v2\/users\/1"}],"replies":[{"embeddable":true,"href":"https:\/\/www.heartfailurematters.org\/pt-pt\/wp-json\/wp\/v2\/comments?post=2130"}],"version-history":[{"count":3,"href":"https:\/\/www.heartfailurematters.org\/pt-pt\/wp-json\/wp\/v2\/pages\/2130\/revisions"}],"predecessor-version":[{"id":13666,"href":"https:\/\/www.heartfailurematters.org\/pt-pt\/wp-json\/wp\/v2\/pages\/2130\/revisions\/13666"}],"up":[{"embeddable":true,"href":"https:\/\/www.heartfailurematters.org\/pt-pt\/wp-json\/wp\/v2\/pages\/2844"}],"wp:featuredmedia":[{"embeddable":true,"href":"https:\/\/www.heartfailurematters.org\/pt-pt\/wp-json\/wp\/v2\/media\/11146"}],"wp:attachment":[{"href":"https:\/\/www.heartfailurematters.org\/pt-pt\/wp-json\/wp\/v2\/media?parent=2130"}],"wp:term":[{"taxonomy":"category","embeddable":true,"href":"https:\/\/www.heartfailurematters.org\/pt-pt\/wp-json\/wp\/v2\/categories?post=2130"},{"taxonomy":"post_tag","embeddable":true,"href":"https:\/\/www.heartfailurematters.org\/pt-pt\/wp-json\/wp\/v2\/tags?post=2130"}],"curies":[{"name":"wp","href":"https:\/\/api.w.org\/{rel}","templated":true}]}}