{"id":2121,"date":"2021-01-27T22:06:51","date_gmt":"2021-01-27T22:06:51","guid":{"rendered":"http:\/\/heartfailurematters.local:8888\/defeitos-cardiacos-congenitos\/"},"modified":"2025-12-05T10:19:25","modified_gmt":"2025-12-05T10:19:25","slug":"defeitos-cardiacos-congenitos","status":"publish","type":"page","link":"https:\/\/www.heartfailurematters.org\/pt-pt\/causas-de-insuficiencia-cardiaca-e-outras-condicoes-medicas-comuns\/defeitos-cardiacos-congenitos\/","title":{"rendered":"Cardiopatia cong\u00e9nita do adulto"},"content":{"rendered":"<p>A cardiopatia cong\u00e9nita \u00e9 uma anomalia na estrutura do cora\u00e7\u00e3o que est\u00e1 presente desde o nascimento e afeta entre 1% e 2% de todos os nados-vivos. A qualidade dos cuidados prestados a beb\u00e9s e crian\u00e7as com cardiopatia cong\u00e9nita melhorou muito nas \u00faltimas d\u00e9cadas. Por isso, h\u00e1 mais adultos vivendo com cardiopatia cong\u00e9nita do que anteriormente. As cardiopatias cong\u00e9nitas podem variar de leves a complexas. Para obter informa\u00e7\u00f5es mais detalhadas sobre os diferentes tipos de cardiopatia cong\u00e9nita, clique <a href=\"https:\/\/www.mayoclinic.org\/diseases-conditions\/congenital-heart-defects-children\/symptoms-causes\/syc-20350074\" target=\"_blank\" rel=\"noopener\">aqui<\/a>.<\/p>\n<p>Muitos adultos vivem bem com cardiopatia cong\u00e9nita. Para eles, \u00e9 normal ir ao hospital para avalia\u00e7\u00f5es frequentes do cora\u00e7\u00e3o e dos sintomas. O acompanhamento por uma equipa especializada \u00e9 importante, pois as pessoas com cardiopatia cong\u00e9nita t\u00eam maior probabilidade de desenvolver outras doen\u00e7as card\u00edacas. Isto inclui ritmo card\u00edaco anormal (arritmias), infe\u00e7\u00f5es do cora\u00e7\u00e3o (endocardite), press\u00e3o arterial elevada nos pulm\u00f5es (hipertens\u00e3o pulmonar) e cirurgia ou outras interven\u00e7\u00f5es, como marcapasso ou desfibrilhadores.<\/p>\n<p>A insufici\u00eancia card\u00edaca \u00e9 uma complica\u00e7\u00e3o comum a longo prazo da doen\u00e7a cardiopatia cong\u00e9nita. Os fatores que contribuem para o desenvolvimento da insufici\u00eancia card\u00edaca incluem problemas estruturais, como v\u00e1lvulas card\u00edacas espessas ou com escapes, orif\u00edcios no cora\u00e7\u00e3o ou liga\u00e7\u00f5es anormais dos vasos sangu\u00edneos. Algumas pessoas t\u00eam as principais c\u00e2maras de bombeamento do cora\u00e7\u00e3o em lados opostos, enquanto outras podem ter apenas uma \u00fanica c\u00e2mara de bombeamento card\u00edaco. Em muitos destes doentes, a cirurgia ou outro tipo de interven\u00e7\u00e3o pode ajudar a melhorar a estrutura e a fun\u00e7\u00e3o do cora\u00e7\u00e3o. Os sinais e sintomas de insufici\u00eancia card\u00edaca nas cardiopatias cong\u00e9nitas s\u00e3o muito semelhantes aos presentes em outros tipos de insufici\u00eancia card\u00edaca, mas podem ser mais dif\u00edceis de reconhecer e tratar. \u00c9 por isso que \u00e9 importante o acompanhamento regular com um especialista em cardiopatia cong\u00e9nita. Eles t\u00eam acesso a an\u00e1lises sangu\u00edneas e outros exames que podem ajudar a identificar quando a fun\u00e7\u00e3o card\u00edaca come\u00e7a a mudar.<\/p>\n<p>Com o tempo, uma pessoa com cardiopatia cong\u00e9nita pode desenvolver uma fun\u00e7\u00e3o reduzida ou o endurecimento das c\u00e2maras respons\u00e1veis pelo bombeamento do cora\u00e7\u00e3o (ventr\u00edculos). Normalmente, os tratamentos incluem medicamentos e dispositivos semelhantes aos utilizados em pessoas com insufici\u00eancia card\u00edaca que n\u00e3o t\u00eam doen\u00e7a card\u00edaca cong\u00e9nita. Algumas pessoas podem necessitar de avalia\u00e7\u00e3o para transplante card\u00edaco. Se tem cardiopatia cong\u00e9nita, \u00e9 muito importante que tenha um estilo de vida saud\u00e1vel, incluindo exerc\u00edcio f\u00edsico regular e uma dieta saud\u00e1vel para o cora\u00e7\u00e3o.<\/p>\n<p>Pode encontrar mais informa\u00e7\u00f5es <a href=\"https:\/\/www.mayoclinic.org\/diseases-conditions\/congenital-heart-defects-children\/symptoms-causes\/syc-20350074\" target=\"_blank\" rel=\"noopener\">aqui<\/a>.<\/p>\n<h3>O que \u00e9 insufici\u00eancia card\u00edaca na cardiopatia cong\u00e9nita?<\/h3>\n<p><iframe title=\"Reprodutor de v\u00eddeo do YouTube\" src=\"https:\/\/www.youtube.com\/embed\/oXz_dkQ2PgI?si=wAEvAF8jqsrCNBDn\" width=\"560\" height=\"315\" frameborder=\"0\" allowfullscreen=\"allowfullscreen\"\/><\/p>\n<h3>O que os pacientes podem fazer para viver melhor com insufici\u00eancia card\u00edaca e cardiopatia cong\u00e9nita?<\/h3>\n<p><iframe title=\"Reprodutor de v\u00eddeo do YouTube\" src=\"https:\/\/www.youtube.com\/embed\/xt89C35G030?si=poYS8XrU1Vf5Vk_H\" width=\"560\" height=\"315\" frameborder=\"0\" allowfullscreen=\"allowfullscreen\"\/><\/p>\n<h3>Que tratamentos est\u00e3o dispon\u00edveis para pessoas com insufici\u00eancia card\u00edaca e cardiopatia cong\u00e9nita?<\/h3>\n<p><iframe title=\"Reprodutor de v\u00eddeo do YouTube\" src=\"https:\/\/www.youtube.com\/embed\/tCAQX2Rv4_E?si=rtD7-WqRU0FVGTkR\" width=\"560\" height=\"315\" frameborder=\"0\" allowfullscreen=\"allowfullscreen\"\/><\/p>\n<p><a title=\"Voltar \u00e0s Condi\u00e7\u00f5es card\u00edacas comuns\" href=\"https:\/\/www.heartfailurematters.org\/heart-failure-causes-and-other-common-medical-conditions\/common-heart-conditions\/\">Voltar \u00e0s Condi\u00e7\u00f5es card\u00edacas comuns<\/a><\/p>\n","protected":false},"excerpt":{"rendered":"<p>A cardiopatia cong\u00e9nita \u00e9 uma anomalia na estrutura do cora\u00e7\u00e3o que est\u00e1 presente desde o nascimento e afeta entre 1% e 2% de todos os nados-vivos. A qualidade dos cuidados prestados a beb\u00e9s e crian\u00e7as com cardiopatia cong\u00e9nita melhorou muito nas \u00faltimas d\u00e9cadas. Por isso, h\u00e1 mais adultos vivendo com cardiopatia cong\u00e9nita do que anteriormente. [&hellip;]<\/p>\n","protected":false},"author":1,"featured_media":10749,"parent":8057,"menu_order":8,"comment_status":"open","ping_status":"open","template":"","meta":{"_acf_changed":false,"footnotes":""},"categories":[],"tags":[],"class_list":["post-2121","page","type-page","status-publish","has-post-thumbnail","hentry"],"acf":[],"yoast_head":"<!-- This site is optimized with the Yoast SEO plugin v24.8.1 - https:\/\/yoast.com\/wordpress\/plugins\/seo\/ -->\n<title>Defeitos card\u00edacos cong\u00e9nitos e insufici\u00eancia card\u00edaca<\/title>\n<meta name=\"description\" content=\"Se o cora\u00e7\u00e3o e as suas c\u00e2maras n\u00e3o se formaram bem antes do parto, o fluxo sangu\u00edneo no cora\u00e7\u00e3o ou os vasos pr\u00f3ximos pode ficar bloqueado ou ter liga\u00e7\u00f5es anormais.\" \/>\n<meta name=\"robots\" content=\"index, follow, max-snippet:-1, max-image-preview:large, max-video-preview:-1\" \/>\n<link rel=\"canonical\" href=\"https:\/\/www.heartfailurematters.org\/pt-pt\/causas-de-insuficiencia-cardiaca-e-outras-condicoes-medicas-comuns\/defeitos-cardiacos-congenitos\/\" \/>\n<meta property=\"og:locale\" content=\"pt_PT\" \/>\n<meta property=\"og:type\" content=\"article\" \/>\n<meta property=\"og:title\" content=\"Defeitos card\u00edacos cong\u00e9nitos e insufici\u00eancia card\u00edaca\" \/>\n<meta property=\"og:description\" content=\"Se o cora\u00e7\u00e3o e as suas c\u00e2maras n\u00e3o se formaram bem antes do parto, o fluxo sangu\u00edneo no cora\u00e7\u00e3o ou os vasos pr\u00f3ximos pode ficar bloqueado ou ter liga\u00e7\u00f5es anormais.\" \/>\n<meta property=\"og:url\" content=\"https:\/\/www.heartfailurematters.org\/pt-pt\/causas-de-insuficiencia-cardiaca-e-outras-condicoes-medicas-comuns\/defeitos-cardiacos-congenitos\/\" \/>\n<meta property=\"og:site_name\" content=\"Heart Failure Matters\" \/>\n<meta property=\"article:publisher\" content=\"https:\/\/www.facebook.com\/heartfailurematters\" \/>\n<meta property=\"article:modified_time\" content=\"2025-12-05T10:19:25+00:00\" \/>\n<meta property=\"og:image\" content=\"https:\/\/www.heartfailurematters.org\/wp-content\/uploads\/2022\/03\/shutterstock_1673602240-1-min.jpg\" \/>\n\t<meta property=\"og:image:width\" content=\"900\" \/>\n\t<meta property=\"og:image:height\" content=\"601\" \/>\n\t<meta property=\"og:image:type\" content=\"image\/jpeg\" \/>\n<meta name=\"twitter:card\" content=\"summary_large_image\" \/>\n<meta name=\"twitter:label1\" content=\"Tempo estimado de leitura\" \/>\n\t<meta name=\"twitter:data1\" content=\"3 minutos\" \/>\n<script type=\"application\/ld+json\" class=\"yoast-schema-graph\">{\"@context\":\"https:\/\/schema.org\",\"@graph\":[{\"@type\":\"WebPage\",\"@id\":\"https:\/\/www.heartfailurematters.org\/pt-pt\/causas-de-insuficiencia-cardiaca-e-outras-condicoes-medicas-comuns\/defeitos-cardiacos-congenitos\/\",\"url\":\"https:\/\/www.heartfailurematters.org\/pt-pt\/causas-de-insuficiencia-cardiaca-e-outras-condicoes-medicas-comuns\/defeitos-cardiacos-congenitos\/\",\"name\":\"Defeitos card\u00edacos cong\u00e9nitos e insufici\u00eancia card\u00edaca\",\"isPartOf\":{\"@id\":\"https:\/\/www.heartfailurematters.org\/pt-pt\/#website\"},\"primaryImageOfPage\":{\"@id\":\"https:\/\/www.heartfailurematters.org\/pt-pt\/causas-de-insuficiencia-cardiaca-e-outras-condicoes-medicas-comuns\/defeitos-cardiacos-congenitos\/#primaryimage\"},\"image\":{\"@id\":\"https:\/\/www.heartfailurematters.org\/pt-pt\/causas-de-insuficiencia-cardiaca-e-outras-condicoes-medicas-comuns\/defeitos-cardiacos-congenitos\/#primaryimage\"},\"thumbnailUrl\":\"https:\/\/www.heartfailurematters.org\/wp-content\/uploads\/2022\/03\/shutterstock_1673602240-1-min.jpg\",\"datePublished\":\"2021-01-27T22:06:51+00:00\",\"dateModified\":\"2025-12-05T10:19:25+00:00\",\"description\":\"Se o cora\u00e7\u00e3o e as suas c\u00e2maras n\u00e3o se formaram bem antes do parto, o fluxo sangu\u00edneo no cora\u00e7\u00e3o ou os vasos pr\u00f3ximos pode ficar bloqueado ou ter liga\u00e7\u00f5es anormais.\",\"breadcrumb\":{\"@id\":\"https:\/\/www.heartfailurematters.org\/pt-pt\/causas-de-insuficiencia-cardiaca-e-outras-condicoes-medicas-comuns\/defeitos-cardiacos-congenitos\/#breadcrumb\"},\"inLanguage\":\"pt-PT\",\"potentialAction\":[{\"@type\":\"ReadAction\",\"target\":[\"https:\/\/www.heartfailurematters.org\/pt-pt\/causas-de-insuficiencia-cardiaca-e-outras-condicoes-medicas-comuns\/defeitos-cardiacos-congenitos\/\"]}]},{\"@type\":\"ImageObject\",\"inLanguage\":\"pt-PT\",\"@id\":\"https:\/\/www.heartfailurematters.org\/pt-pt\/causas-de-insuficiencia-cardiaca-e-outras-condicoes-medicas-comuns\/defeitos-cardiacos-congenitos\/#primaryimage\",\"url\":\"https:\/\/www.heartfailurematters.org\/wp-content\/uploads\/2022\/03\/shutterstock_1673602240-1-min.jpg\",\"contentUrl\":\"https:\/\/www.heartfailurematters.org\/wp-content\/uploads\/2022\/03\/shutterstock_1673602240-1-min.jpg\",\"width\":900,\"height\":601},{\"@type\":\"BreadcrumbList\",\"@id\":\"https:\/\/www.heartfailurematters.org\/pt-pt\/causas-de-insuficiencia-cardiaca-e-outras-condicoes-medicas-comuns\/defeitos-cardiacos-congenitos\/#breadcrumb\",\"itemListElement\":[{\"@type\":\"ListItem\",\"position\":1,\"name\":\"P\u00e1gina inicial\",\"item\":\"https:\/\/www.heartfailurematters.org\/pt-pt\/\"},{\"@type\":\"ListItem\",\"position\":2,\"name\":\"Causas de insufici\u00eancia card\u00edaca e outras condi\u00e7\u00f5es m\u00e9dicas comuns\",\"item\":\"https:\/\/www.heartfailurematters.org\/pt-pt\/causas-de-insuficiencia-cardiaca-e-outras-condicoes-medicas-comuns\/\"},{\"@type\":\"ListItem\",\"position\":3,\"name\":\"Cardiopatia cong\u00e9nita do adulto\"}]},{\"@type\":\"WebSite\",\"@id\":\"https:\/\/www.heartfailurematters.org\/pt-pt\/#website\",\"url\":\"https:\/\/www.heartfailurematters.org\/pt-pt\/\",\"name\":\"Heart Failure Matters\",\"description\":\"Practical information for patients, families and caregivers.\",\"publisher\":{\"@id\":\"https:\/\/www.heartfailurematters.org\/pt-pt\/#organization\"},\"potentialAction\":[{\"@type\":\"SearchAction\",\"target\":{\"@type\":\"EntryPoint\",\"urlTemplate\":\"https:\/\/www.heartfailurematters.org\/pt-pt\/?s={search_term_string}\"},\"query-input\":{\"@type\":\"PropertyValueSpecification\",\"valueRequired\":true,\"valueName\":\"search_term_string\"}}],\"inLanguage\":\"pt-PT\"},{\"@type\":\"Organization\",\"@id\":\"https:\/\/www.heartfailurematters.org\/pt-pt\/#organization\",\"name\":\"Heart Failure Matters\",\"url\":\"https:\/\/www.heartfailurematters.org\/pt-pt\/\",\"logo\":{\"@type\":\"ImageObject\",\"inLanguage\":\"pt-PT\",\"@id\":\"https:\/\/www.heartfailurematters.org\/pt-pt\/#\/schema\/logo\/image\/\",\"url\":\"https:\/\/cdn-endpoint-hfm.azureedge.net\/heartfailurematters\/2024\/07\/hfm-logo1.jpg\",\"contentUrl\":\"https:\/\/cdn-endpoint-hfm.azureedge.net\/heartfailurematters\/2024\/07\/hfm-logo1.jpg\",\"width\":1280,\"height\":720,\"caption\":\"Heart Failure Matters\"},\"image\":{\"@id\":\"https:\/\/www.heartfailurematters.org\/pt-pt\/#\/schema\/logo\/image\/\"},\"sameAs\":[\"https:\/\/www.facebook.com\/heartfailurematters\"]}]}<\/script>\n<!-- \/ Yoast SEO plugin. -->","yoast_head_json":{"title":"Defeitos card\u00edacos cong\u00e9nitos e insufici\u00eancia card\u00edaca","description":"Se o cora\u00e7\u00e3o e as suas c\u00e2maras n\u00e3o se formaram bem antes do parto, o fluxo sangu\u00edneo no cora\u00e7\u00e3o ou os vasos pr\u00f3ximos pode ficar bloqueado ou ter liga\u00e7\u00f5es anormais.","robots":{"index":"index","follow":"follow","max-snippet":"max-snippet:-1","max-image-preview":"max-image-preview:large","max-video-preview":"max-video-preview:-1"},"canonical":"https:\/\/www.heartfailurematters.org\/pt-pt\/causas-de-insuficiencia-cardiaca-e-outras-condicoes-medicas-comuns\/defeitos-cardiacos-congenitos\/","og_locale":"pt_PT","og_type":"article","og_title":"Defeitos card\u00edacos cong\u00e9nitos e insufici\u00eancia card\u00edaca","og_description":"Se o cora\u00e7\u00e3o e as suas c\u00e2maras n\u00e3o se formaram bem antes do parto, o fluxo sangu\u00edneo no cora\u00e7\u00e3o ou os vasos pr\u00f3ximos pode ficar bloqueado ou ter liga\u00e7\u00f5es anormais.","og_url":"https:\/\/www.heartfailurematters.org\/pt-pt\/causas-de-insuficiencia-cardiaca-e-outras-condicoes-medicas-comuns\/defeitos-cardiacos-congenitos\/","og_site_name":"Heart Failure Matters","article_publisher":"https:\/\/www.facebook.com\/heartfailurematters","article_modified_time":"2025-12-05T10:19:25+00:00","og_image":[{"width":900,"height":601,"url":"https:\/\/www.heartfailurematters.org\/wp-content\/uploads\/2022\/03\/shutterstock_1673602240-1-min.jpg","type":"image\/jpeg"}],"twitter_card":"summary_large_image","twitter_misc":{"Tempo estimado de leitura":"3 minutos"},"schema":{"@context":"https:\/\/schema.org","@graph":[{"@type":"WebPage","@id":"https:\/\/www.heartfailurematters.org\/pt-pt\/causas-de-insuficiencia-cardiaca-e-outras-condicoes-medicas-comuns\/defeitos-cardiacos-congenitos\/","url":"https:\/\/www.heartfailurematters.org\/pt-pt\/causas-de-insuficiencia-cardiaca-e-outras-condicoes-medicas-comuns\/defeitos-cardiacos-congenitos\/","name":"Defeitos card\u00edacos cong\u00e9nitos e insufici\u00eancia card\u00edaca","isPartOf":{"@id":"https:\/\/www.heartfailurematters.org\/pt-pt\/#website"},"primaryImageOfPage":{"@id":"https:\/\/www.heartfailurematters.org\/pt-pt\/causas-de-insuficiencia-cardiaca-e-outras-condicoes-medicas-comuns\/defeitos-cardiacos-congenitos\/#primaryimage"},"image":{"@id":"https:\/\/www.heartfailurematters.org\/pt-pt\/causas-de-insuficiencia-cardiaca-e-outras-condicoes-medicas-comuns\/defeitos-cardiacos-congenitos\/#primaryimage"},"thumbnailUrl":"https:\/\/www.heartfailurematters.org\/wp-content\/uploads\/2022\/03\/shutterstock_1673602240-1-min.jpg","datePublished":"2021-01-27T22:06:51+00:00","dateModified":"2025-12-05T10:19:25+00:00","description":"Se o cora\u00e7\u00e3o e as suas c\u00e2maras n\u00e3o se formaram bem antes do parto, o fluxo sangu\u00edneo no cora\u00e7\u00e3o ou os vasos pr\u00f3ximos pode ficar bloqueado ou ter liga\u00e7\u00f5es anormais.","breadcrumb":{"@id":"https:\/\/www.heartfailurematters.org\/pt-pt\/causas-de-insuficiencia-cardiaca-e-outras-condicoes-medicas-comuns\/defeitos-cardiacos-congenitos\/#breadcrumb"},"inLanguage":"pt-PT","potentialAction":[{"@type":"ReadAction","target":["https:\/\/www.heartfailurematters.org\/pt-pt\/causas-de-insuficiencia-cardiaca-e-outras-condicoes-medicas-comuns\/defeitos-cardiacos-congenitos\/"]}]},{"@type":"ImageObject","inLanguage":"pt-PT","@id":"https:\/\/www.heartfailurematters.org\/pt-pt\/causas-de-insuficiencia-cardiaca-e-outras-condicoes-medicas-comuns\/defeitos-cardiacos-congenitos\/#primaryimage","url":"https:\/\/www.heartfailurematters.org\/wp-content\/uploads\/2022\/03\/shutterstock_1673602240-1-min.jpg","contentUrl":"https:\/\/www.heartfailurematters.org\/wp-content\/uploads\/2022\/03\/shutterstock_1673602240-1-min.jpg","width":900,"height":601},{"@type":"BreadcrumbList","@id":"https:\/\/www.heartfailurematters.org\/pt-pt\/causas-de-insuficiencia-cardiaca-e-outras-condicoes-medicas-comuns\/defeitos-cardiacos-congenitos\/#breadcrumb","itemListElement":[{"@type":"ListItem","position":1,"name":"P\u00e1gina inicial","item":"https:\/\/www.heartfailurematters.org\/pt-pt\/"},{"@type":"ListItem","position":2,"name":"Causas de insufici\u00eancia card\u00edaca e outras condi\u00e7\u00f5es m\u00e9dicas comuns","item":"https:\/\/www.heartfailurematters.org\/pt-pt\/causas-de-insuficiencia-cardiaca-e-outras-condicoes-medicas-comuns\/"},{"@type":"ListItem","position":3,"name":"Cardiopatia cong\u00e9nita do adulto"}]},{"@type":"WebSite","@id":"https:\/\/www.heartfailurematters.org\/pt-pt\/#website","url":"https:\/\/www.heartfailurematters.org\/pt-pt\/","name":"Heart Failure Matters","description":"Practical information for patients, families and caregivers.","publisher":{"@id":"https:\/\/www.heartfailurematters.org\/pt-pt\/#organization"},"potentialAction":[{"@type":"SearchAction","target":{"@type":"EntryPoint","urlTemplate":"https:\/\/www.heartfailurematters.org\/pt-pt\/?s={search_term_string}"},"query-input":{"@type":"PropertyValueSpecification","valueRequired":true,"valueName":"search_term_string"}}],"inLanguage":"pt-PT"},{"@type":"Organization","@id":"https:\/\/www.heartfailurematters.org\/pt-pt\/#organization","name":"Heart Failure Matters","url":"https:\/\/www.heartfailurematters.org\/pt-pt\/","logo":{"@type":"ImageObject","inLanguage":"pt-PT","@id":"https:\/\/www.heartfailurematters.org\/pt-pt\/#\/schema\/logo\/image\/","url":"https:\/\/cdn-endpoint-hfm.azureedge.net\/heartfailurematters\/2024\/07\/hfm-logo1.jpg","contentUrl":"https:\/\/cdn-endpoint-hfm.azureedge.net\/heartfailurematters\/2024\/07\/hfm-logo1.jpg","width":1280,"height":720,"caption":"Heart Failure Matters"},"image":{"@id":"https:\/\/www.heartfailurematters.org\/pt-pt\/#\/schema\/logo\/image\/"},"sameAs":["https:\/\/www.facebook.com\/heartfailurematters"]}]}},"_links":{"self":[{"href":"https:\/\/www.heartfailurematters.org\/pt-pt\/wp-json\/wp\/v2\/pages\/2121","targetHints":{"allow":["GET"]}}],"collection":[{"href":"https:\/\/www.heartfailurematters.org\/pt-pt\/wp-json\/wp\/v2\/pages"}],"about":[{"href":"https:\/\/www.heartfailurematters.org\/pt-pt\/wp-json\/wp\/v2\/types\/page"}],"author":[{"embeddable":true,"href":"https:\/\/www.heartfailurematters.org\/pt-pt\/wp-json\/wp\/v2\/users\/1"}],"replies":[{"embeddable":true,"href":"https:\/\/www.heartfailurematters.org\/pt-pt\/wp-json\/wp\/v2\/comments?post=2121"}],"version-history":[{"count":2,"href":"https:\/\/www.heartfailurematters.org\/pt-pt\/wp-json\/wp\/v2\/pages\/2121\/revisions"}],"predecessor-version":[{"id":13671,"href":"https:\/\/www.heartfailurematters.org\/pt-pt\/wp-json\/wp\/v2\/pages\/2121\/revisions\/13671"}],"up":[{"embeddable":true,"href":"https:\/\/www.heartfailurematters.org\/pt-pt\/wp-json\/wp\/v2\/pages\/8057"}],"wp:featuredmedia":[{"embeddable":true,"href":"https:\/\/www.heartfailurematters.org\/pt-pt\/wp-json\/wp\/v2\/media\/10749"}],"wp:attachment":[{"href":"https:\/\/www.heartfailurematters.org\/pt-pt\/wp-json\/wp\/v2\/media?parent=2121"}],"wp:term":[{"taxonomy":"category","embeddable":true,"href":"https:\/\/www.heartfailurematters.org\/pt-pt\/wp-json\/wp\/v2\/categories?post=2121"},{"taxonomy":"post_tag","embeddable":true,"href":"https:\/\/www.heartfailurematters.org\/pt-pt\/wp-json\/wp\/v2\/tags?post=2121"}],"curies":[{"name":"wp","href":"https:\/\/api.w.org\/{rel}","templated":true}]}}