{"id":2115,"date":"2021-01-27T22:06:51","date_gmt":"2021-01-27T22:06:51","guid":{"rendered":"http:\/\/heartfailurematters.local:8888\/doenca-do-musculo-cardiaco-ou-inflamacao-do-coracao\/"},"modified":"2022-01-24T16:42:20","modified_gmt":"2022-01-24T16:42:20","slug":"doenca-do-musculo-cardiaco-ou-inflamacao-do-coracao","status":"publish","type":"page","link":"https:\/\/www.heartfailurematters.org\/pt-pt\/causas-de-insuficiencia-cardiaca-e-outras-condicoes-medicas-comuns\/doenca-do-musculo-cardiaco-ou-inflamacao-do-coracao\/","title":{"rendered":"Doen\u00e7a do m\u00fasculo card\u00edaco (cardiomiopatia e inflama\u00e7\u00e3o)"},"content":{"rendered":"<p>As doen\u00e7as do m\u00fasculo card\u00edaco, por oposi\u00e7\u00e3o aos problemas com o fornecimento de sangue do cora\u00e7\u00e3o, s\u00e3o chamadas cardiomiopatias (CMP). Estas condi\u00e7\u00f5es s\u00e3o uma causa frequente de insufici\u00eancia card\u00edaca. As CMPs n\u00e3o s\u00e3o, por defini\u00e7\u00e3o, causadas por um estreitamento das art\u00e9rias (doen\u00e7a arterial coron\u00e1ria) que reduz o fornecimento de sangue ao m\u00fasculo card\u00edaco (isquemia) e leva a uma fun\u00e7\u00e3o card\u00edaca reduzida, bem como a um ataque card\u00edaco (enfarte do mioc\u00e1rdio). Isto \u00e9 vulgarmente referido como cardiomiopatia isqu\u00e9mica, ao contr\u00e1rio das CMPs verdadeiras que s\u00e3o causadas por muta\u00e7\u00f5es gen\u00e9ticas ou por causas adquiridas, tais como infe\u00e7\u00f5es, quimioterapia, doen\u00e7as sist\u00e9micas\/autoimunes ou abuso de \u00e1lcool\/drogas. Os CMPs s\u00e3o geralmente de tr\u00eas tipos.<\/p>\n<p>A <strong>CMP dilatada<\/strong> inclui doentes com fun\u00e7\u00e3o card\u00edaca reduzida acompanhada de dilata\u00e7\u00e3o da c\u00e2mara de bombeamento principal ou ventr\u00edculo.<\/p>\n<p>A <strong>CMP hipertr\u00f3fica<\/strong> est\u00e1 associada ao espessamento e enrijecimento do m\u00fasculo da c\u00e2mara de bombeamento principal, o ventr\u00edculo esquerdo. A CMP arritmog\u00e9nica est\u00e1 associada a dist\u00farbios graves do ritmo card\u00edaco.<\/p>\n<p>A <strong>CMP gen\u00e9tica<\/strong> \u00e9 causada por um erro gen\u00e9tico inato que afeta a estrutura ou a fun\u00e7\u00e3o dos genes que controlam o desenvolvimento do cora\u00e7\u00e3o. Os sintomas podem ser \u00f3bvios desde o nascimento ou podem ter um in\u00edcio tardio na adolesc\u00eancia. Uma vez que estas CMPs gen\u00e9ticas afetam indiv\u00edduos relativamente jovens (idade m\u00e9dia de 45 a 50 anos), as consequ\u00eancias econ\u00f3micas e emocionais das CMPs gen\u00e9ticas s\u00e3o especialmente importantes.<\/p>\n<p>O diagn\u00f3stico de uma CMP tamb\u00e9m deve consistir em pesquisas aprofundadas para descobrir as causas adquiridas (por exemplo, quimioterapia anterior), aconselhamento gen\u00e9tico e testes, imagiologia, amostras de sangue e, quando indicado, amostragem card\u00edaca (bi\u00f3psias) que s\u00e3o realizadas em centros de refer\u00eancia especializados.<\/p>\n<h3>Quando suspeitar de uma doen\u00e7a do m\u00fasculo card\u00edaco geneticamente adquirida:<\/h3>\n<ul>\n<li>Presen\u00e7a na sua fam\u00edlia de insufici\u00eancia card\u00edaca inexplic\u00e1vel, dist\u00farbios do ritmo card\u00edaco, morte s\u00fabita ou qualquer outra doen\u00e7a muscular geral em tenra idade &lt; 55 anos.<br \/>\nDesmaios inexplic\u00e1veis (s\u00edncope), falta de ar (dispneia?), dor no peito ou eletrocardiograma anormal<\/li>\n<\/ul>\n<h3>Que teste de diagn\u00f3stico deve esperar quando consultar um cardiologista para o diagn\u00f3stico da sua doen\u00e7a card\u00edaca?<\/h3>\n<ul>\n<li>Recolha de informa\u00e7\u00f5es, incluindo hist\u00f3rico familiar, infe\u00e7\u00f5es recentes (doen\u00e7a de Lyme, infe\u00e7\u00f5es virais), causas t\u00f3xicas (\u00e1lcool, quimioterapia, abuso de drogas), doen\u00e7as sist\u00e9micas (inflama\u00e7\u00e3o, doen\u00e7as ou queixas em outros \u00f3rg\u00e3os, incluindo rins, f\u00edgado, articula\u00e7\u00f5es, pulm\u00f5es)<\/li>\n<li>Amostragem de sangue para testar o funcionamento de outros \u00f3rg\u00e3os.<\/li>\n<li>Imagiologia card\u00edaca: eletrocardiograma (ECG), ecocardiografia e imagiologia por resson\u00e2ncia magn\u00e9tica (RM) para procurar estrutura, fun\u00e7\u00e3o, inflama\u00e7\u00e3o e cicatrizes no cora\u00e7\u00e3o.<\/li>\n<\/ul>\n<p>O tratamento da CMP consiste em remover ou tratar as causas subjacentes (por exemplo, quimioterapia, \u00e1lcool ou infe\u00e7\u00f5es) e, al\u00e9m disso, a prescri\u00e7\u00e3o de medicamentos adequados para insufici\u00eancia card\u00edaca. Novas abordagens promissoras de tratamento est\u00e3o a ser pesquisadas com base numa compreens\u00e3o profunda das mudan\u00e7as moleculares no cora\u00e7\u00e3o. No geral, a expectativa de vida \u00e9 boa, pois a maioria dos doentes \u00e9 jovem e geralmente n\u00e3o tem outras doen\u00e7as.<\/p>\n<p><a title=\"Voltar \u00e0s Condi\u00e7\u00f5es card\u00edacas comuns\" href=\"https:\/\/www.heartfailurematters.org\/heart-failure-causes-and-other-common-medical-conditions\/common-heart-conditions\/\">Voltar \u00e0s Condi\u00e7\u00f5es card\u00edacas comuns<\/a><\/p>\n<p>&nbsp;<\/p>\n","protected":false},"excerpt":{"rendered":"<p>As doen\u00e7as do m\u00fasculo card\u00edaco, por oposi\u00e7\u00e3o aos problemas com o fornecimento de sangue do cora\u00e7\u00e3o, s\u00e3o chamadas cardiomiopatias (CMP). Estas condi\u00e7\u00f5es s\u00e3o uma causa frequente de insufici\u00eancia card\u00edaca. As CMPs n\u00e3o s\u00e3o, por defini\u00e7\u00e3o, causadas por um estreitamento das art\u00e9rias (doen\u00e7a arterial coron\u00e1ria) que reduz o fornecimento de sangue ao m\u00fasculo card\u00edaco (isquemia) e [&hellip;]<\/p>\n","protected":false},"author":1,"featured_media":10749,"parent":8057,"menu_order":7,"comment_status":"open","ping_status":"open","template":"","meta":{"_acf_changed":false,"footnotes":""},"categories":[],"tags":[],"class_list":["post-2115","page","type-page","status-publish","has-post-thumbnail","hentry"],"acf":[],"yoast_head":"<!-- This site is optimized with the Yoast SEO plugin v24.8.1 - https:\/\/yoast.com\/wordpress\/plugins\/seo\/ -->\n<title>Doen\u00e7a do M\u00fasculo Card\u00edaco ou Inflama\u00e7\u00e3o do Cora\u00e7\u00e3o<\/title>\n<meta name=\"description\" content=\"Quer a doen\u00e7a do m\u00fasculo card\u00edaco (cardiomiopatia), quer a inflama\u00e7\u00e3o do m\u00fasculo card\u00edaco (miocardite) afetam o m\u00fasculo card\u00edaco. \u00c9 esta a diferen\u00e7a entre eles\" \/>\n<meta name=\"robots\" content=\"index, follow, max-snippet:-1, max-image-preview:large, max-video-preview:-1\" \/>\n<link rel=\"canonical\" href=\"https:\/\/www.heartfailurematters.org\/pt-pt\/causas-de-insuficiencia-cardiaca-e-outras-condicoes-medicas-comuns\/doenca-do-musculo-cardiaco-ou-inflamacao-do-coracao\/\" \/>\n<meta property=\"og:locale\" content=\"pt_PT\" \/>\n<meta property=\"og:type\" content=\"article\" \/>\n<meta property=\"og:title\" content=\"Doen\u00e7a do M\u00fasculo Card\u00edaco ou Inflama\u00e7\u00e3o do Cora\u00e7\u00e3o\" \/>\n<meta property=\"og:description\" content=\"Quer a doen\u00e7a do m\u00fasculo card\u00edaco (cardiomiopatia), quer a inflama\u00e7\u00e3o do m\u00fasculo card\u00edaco (miocardite) afetam o m\u00fasculo card\u00edaco. \u00c9 esta a diferen\u00e7a entre eles\" \/>\n<meta property=\"og:url\" content=\"https:\/\/www.heartfailurematters.org\/pt-pt\/causas-de-insuficiencia-cardiaca-e-outras-condicoes-medicas-comuns\/doenca-do-musculo-cardiaco-ou-inflamacao-do-coracao\/\" \/>\n<meta property=\"og:site_name\" content=\"Heart Failure Matters\" \/>\n<meta property=\"article:publisher\" content=\"https:\/\/www.facebook.com\/heartfailurematters\" \/>\n<meta property=\"article:modified_time\" content=\"2022-01-24T16:42:20+00:00\" \/>\n<meta property=\"og:image\" content=\"https:\/\/www.heartfailurematters.org\/wp-content\/uploads\/2022\/03\/shutterstock_1673602240-1-min.jpg\" \/>\n\t<meta property=\"og:image:width\" content=\"900\" \/>\n\t<meta property=\"og:image:height\" content=\"601\" \/>\n\t<meta property=\"og:image:type\" content=\"image\/jpeg\" \/>\n<meta name=\"twitter:card\" content=\"summary_large_image\" \/>\n<meta name=\"twitter:label1\" content=\"Tempo estimado de leitura\" \/>\n\t<meta name=\"twitter:data1\" content=\"3 minutos\" \/>\n<script type=\"application\/ld+json\" class=\"yoast-schema-graph\">{\"@context\":\"https:\/\/schema.org\",\"@graph\":[{\"@type\":\"WebPage\",\"@id\":\"https:\/\/www.heartfailurematters.org\/pt-pt\/causas-de-insuficiencia-cardiaca-e-outras-condicoes-medicas-comuns\/doenca-do-musculo-cardiaco-ou-inflamacao-do-coracao\/\",\"url\":\"https:\/\/www.heartfailurematters.org\/pt-pt\/causas-de-insuficiencia-cardiaca-e-outras-condicoes-medicas-comuns\/doenca-do-musculo-cardiaco-ou-inflamacao-do-coracao\/\",\"name\":\"Doen\u00e7a do M\u00fasculo Card\u00edaco ou Inflama\u00e7\u00e3o do Cora\u00e7\u00e3o\",\"isPartOf\":{\"@id\":\"https:\/\/www.heartfailurematters.org\/pt-pt\/#website\"},\"primaryImageOfPage\":{\"@id\":\"https:\/\/www.heartfailurematters.org\/pt-pt\/causas-de-insuficiencia-cardiaca-e-outras-condicoes-medicas-comuns\/doenca-do-musculo-cardiaco-ou-inflamacao-do-coracao\/#primaryimage\"},\"image\":{\"@id\":\"https:\/\/www.heartfailurematters.org\/pt-pt\/causas-de-insuficiencia-cardiaca-e-outras-condicoes-medicas-comuns\/doenca-do-musculo-cardiaco-ou-inflamacao-do-coracao\/#primaryimage\"},\"thumbnailUrl\":\"https:\/\/www.heartfailurematters.org\/wp-content\/uploads\/2022\/03\/shutterstock_1673602240-1-min.jpg\",\"datePublished\":\"2021-01-27T22:06:51+00:00\",\"dateModified\":\"2022-01-24T16:42:20+00:00\",\"description\":\"Quer a doen\u00e7a do m\u00fasculo card\u00edaco (cardiomiopatia), quer a inflama\u00e7\u00e3o do m\u00fasculo card\u00edaco (miocardite) afetam o m\u00fasculo card\u00edaco. \u00c9 esta a diferen\u00e7a entre eles\",\"breadcrumb\":{\"@id\":\"https:\/\/www.heartfailurematters.org\/pt-pt\/causas-de-insuficiencia-cardiaca-e-outras-condicoes-medicas-comuns\/doenca-do-musculo-cardiaco-ou-inflamacao-do-coracao\/#breadcrumb\"},\"inLanguage\":\"pt-PT\",\"potentialAction\":[{\"@type\":\"ReadAction\",\"target\":[\"https:\/\/www.heartfailurematters.org\/pt-pt\/causas-de-insuficiencia-cardiaca-e-outras-condicoes-medicas-comuns\/doenca-do-musculo-cardiaco-ou-inflamacao-do-coracao\/\"]}]},{\"@type\":\"ImageObject\",\"inLanguage\":\"pt-PT\",\"@id\":\"https:\/\/www.heartfailurematters.org\/pt-pt\/causas-de-insuficiencia-cardiaca-e-outras-condicoes-medicas-comuns\/doenca-do-musculo-cardiaco-ou-inflamacao-do-coracao\/#primaryimage\",\"url\":\"https:\/\/www.heartfailurematters.org\/wp-content\/uploads\/2022\/03\/shutterstock_1673602240-1-min.jpg\",\"contentUrl\":\"https:\/\/www.heartfailurematters.org\/wp-content\/uploads\/2022\/03\/shutterstock_1673602240-1-min.jpg\",\"width\":900,\"height\":601},{\"@type\":\"BreadcrumbList\",\"@id\":\"https:\/\/www.heartfailurematters.org\/pt-pt\/causas-de-insuficiencia-cardiaca-e-outras-condicoes-medicas-comuns\/doenca-do-musculo-cardiaco-ou-inflamacao-do-coracao\/#breadcrumb\",\"itemListElement\":[{\"@type\":\"ListItem\",\"position\":1,\"name\":\"P\u00e1gina inicial\",\"item\":\"https:\/\/www.heartfailurematters.org\/pt-pt\/\"},{\"@type\":\"ListItem\",\"position\":2,\"name\":\"Causas de insufici\u00eancia card\u00edaca e outras condi\u00e7\u00f5es m\u00e9dicas comuns\",\"item\":\"https:\/\/www.heartfailurematters.org\/pt-pt\/causas-de-insuficiencia-cardiaca-e-outras-condicoes-medicas-comuns\/\"},{\"@type\":\"ListItem\",\"position\":3,\"name\":\"Doen\u00e7a do m\u00fasculo card\u00edaco (cardiomiopatia e inflama\u00e7\u00e3o)\"}]},{\"@type\":\"WebSite\",\"@id\":\"https:\/\/www.heartfailurematters.org\/pt-pt\/#website\",\"url\":\"https:\/\/www.heartfailurematters.org\/pt-pt\/\",\"name\":\"Heart Failure Matters\",\"description\":\"Practical information for patients, families and caregivers.\",\"publisher\":{\"@id\":\"https:\/\/www.heartfailurematters.org\/pt-pt\/#organization\"},\"potentialAction\":[{\"@type\":\"SearchAction\",\"target\":{\"@type\":\"EntryPoint\",\"urlTemplate\":\"https:\/\/www.heartfailurematters.org\/pt-pt\/?s={search_term_string}\"},\"query-input\":{\"@type\":\"PropertyValueSpecification\",\"valueRequired\":true,\"valueName\":\"search_term_string\"}}],\"inLanguage\":\"pt-PT\"},{\"@type\":\"Organization\",\"@id\":\"https:\/\/www.heartfailurematters.org\/pt-pt\/#organization\",\"name\":\"Heart Failure Matters\",\"url\":\"https:\/\/www.heartfailurematters.org\/pt-pt\/\",\"logo\":{\"@type\":\"ImageObject\",\"inLanguage\":\"pt-PT\",\"@id\":\"https:\/\/www.heartfailurematters.org\/pt-pt\/#\/schema\/logo\/image\/\",\"url\":\"https:\/\/cdn-endpoint-hfm.azureedge.net\/heartfailurematters\/2024\/07\/hfm-logo1.jpg\",\"contentUrl\":\"https:\/\/cdn-endpoint-hfm.azureedge.net\/heartfailurematters\/2024\/07\/hfm-logo1.jpg\",\"width\":1280,\"height\":720,\"caption\":\"Heart Failure Matters\"},\"image\":{\"@id\":\"https:\/\/www.heartfailurematters.org\/pt-pt\/#\/schema\/logo\/image\/\"},\"sameAs\":[\"https:\/\/www.facebook.com\/heartfailurematters\"]}]}<\/script>\n<!-- \/ Yoast SEO plugin. -->","yoast_head_json":{"title":"Doen\u00e7a do M\u00fasculo Card\u00edaco ou Inflama\u00e7\u00e3o do Cora\u00e7\u00e3o","description":"Quer a doen\u00e7a do m\u00fasculo card\u00edaco (cardiomiopatia), quer a inflama\u00e7\u00e3o do m\u00fasculo card\u00edaco (miocardite) afetam o m\u00fasculo card\u00edaco. \u00c9 esta a diferen\u00e7a entre eles","robots":{"index":"index","follow":"follow","max-snippet":"max-snippet:-1","max-image-preview":"max-image-preview:large","max-video-preview":"max-video-preview:-1"},"canonical":"https:\/\/www.heartfailurematters.org\/pt-pt\/causas-de-insuficiencia-cardiaca-e-outras-condicoes-medicas-comuns\/doenca-do-musculo-cardiaco-ou-inflamacao-do-coracao\/","og_locale":"pt_PT","og_type":"article","og_title":"Doen\u00e7a do M\u00fasculo Card\u00edaco ou Inflama\u00e7\u00e3o do Cora\u00e7\u00e3o","og_description":"Quer a doen\u00e7a do m\u00fasculo card\u00edaco (cardiomiopatia), quer a inflama\u00e7\u00e3o do m\u00fasculo card\u00edaco (miocardite) afetam o m\u00fasculo card\u00edaco. \u00c9 esta a diferen\u00e7a entre eles","og_url":"https:\/\/www.heartfailurematters.org\/pt-pt\/causas-de-insuficiencia-cardiaca-e-outras-condicoes-medicas-comuns\/doenca-do-musculo-cardiaco-ou-inflamacao-do-coracao\/","og_site_name":"Heart Failure Matters","article_publisher":"https:\/\/www.facebook.com\/heartfailurematters","article_modified_time":"2022-01-24T16:42:20+00:00","og_image":[{"width":900,"height":601,"url":"https:\/\/www.heartfailurematters.org\/wp-content\/uploads\/2022\/03\/shutterstock_1673602240-1-min.jpg","type":"image\/jpeg"}],"twitter_card":"summary_large_image","twitter_misc":{"Tempo estimado de leitura":"3 minutos"},"schema":{"@context":"https:\/\/schema.org","@graph":[{"@type":"WebPage","@id":"https:\/\/www.heartfailurematters.org\/pt-pt\/causas-de-insuficiencia-cardiaca-e-outras-condicoes-medicas-comuns\/doenca-do-musculo-cardiaco-ou-inflamacao-do-coracao\/","url":"https:\/\/www.heartfailurematters.org\/pt-pt\/causas-de-insuficiencia-cardiaca-e-outras-condicoes-medicas-comuns\/doenca-do-musculo-cardiaco-ou-inflamacao-do-coracao\/","name":"Doen\u00e7a do M\u00fasculo Card\u00edaco ou Inflama\u00e7\u00e3o do Cora\u00e7\u00e3o","isPartOf":{"@id":"https:\/\/www.heartfailurematters.org\/pt-pt\/#website"},"primaryImageOfPage":{"@id":"https:\/\/www.heartfailurematters.org\/pt-pt\/causas-de-insuficiencia-cardiaca-e-outras-condicoes-medicas-comuns\/doenca-do-musculo-cardiaco-ou-inflamacao-do-coracao\/#primaryimage"},"image":{"@id":"https:\/\/www.heartfailurematters.org\/pt-pt\/causas-de-insuficiencia-cardiaca-e-outras-condicoes-medicas-comuns\/doenca-do-musculo-cardiaco-ou-inflamacao-do-coracao\/#primaryimage"},"thumbnailUrl":"https:\/\/www.heartfailurematters.org\/wp-content\/uploads\/2022\/03\/shutterstock_1673602240-1-min.jpg","datePublished":"2021-01-27T22:06:51+00:00","dateModified":"2022-01-24T16:42:20+00:00","description":"Quer a doen\u00e7a do m\u00fasculo card\u00edaco (cardiomiopatia), quer a inflama\u00e7\u00e3o do m\u00fasculo card\u00edaco (miocardite) afetam o m\u00fasculo card\u00edaco. \u00c9 esta a diferen\u00e7a entre eles","breadcrumb":{"@id":"https:\/\/www.heartfailurematters.org\/pt-pt\/causas-de-insuficiencia-cardiaca-e-outras-condicoes-medicas-comuns\/doenca-do-musculo-cardiaco-ou-inflamacao-do-coracao\/#breadcrumb"},"inLanguage":"pt-PT","potentialAction":[{"@type":"ReadAction","target":["https:\/\/www.heartfailurematters.org\/pt-pt\/causas-de-insuficiencia-cardiaca-e-outras-condicoes-medicas-comuns\/doenca-do-musculo-cardiaco-ou-inflamacao-do-coracao\/"]}]},{"@type":"ImageObject","inLanguage":"pt-PT","@id":"https:\/\/www.heartfailurematters.org\/pt-pt\/causas-de-insuficiencia-cardiaca-e-outras-condicoes-medicas-comuns\/doenca-do-musculo-cardiaco-ou-inflamacao-do-coracao\/#primaryimage","url":"https:\/\/www.heartfailurematters.org\/wp-content\/uploads\/2022\/03\/shutterstock_1673602240-1-min.jpg","contentUrl":"https:\/\/www.heartfailurematters.org\/wp-content\/uploads\/2022\/03\/shutterstock_1673602240-1-min.jpg","width":900,"height":601},{"@type":"BreadcrumbList","@id":"https:\/\/www.heartfailurematters.org\/pt-pt\/causas-de-insuficiencia-cardiaca-e-outras-condicoes-medicas-comuns\/doenca-do-musculo-cardiaco-ou-inflamacao-do-coracao\/#breadcrumb","itemListElement":[{"@type":"ListItem","position":1,"name":"P\u00e1gina inicial","item":"https:\/\/www.heartfailurematters.org\/pt-pt\/"},{"@type":"ListItem","position":2,"name":"Causas de insufici\u00eancia card\u00edaca e outras condi\u00e7\u00f5es m\u00e9dicas comuns","item":"https:\/\/www.heartfailurematters.org\/pt-pt\/causas-de-insuficiencia-cardiaca-e-outras-condicoes-medicas-comuns\/"},{"@type":"ListItem","position":3,"name":"Doen\u00e7a do m\u00fasculo card\u00edaco (cardiomiopatia e inflama\u00e7\u00e3o)"}]},{"@type":"WebSite","@id":"https:\/\/www.heartfailurematters.org\/pt-pt\/#website","url":"https:\/\/www.heartfailurematters.org\/pt-pt\/","name":"Heart Failure Matters","description":"Practical information for patients, families and caregivers.","publisher":{"@id":"https:\/\/www.heartfailurematters.org\/pt-pt\/#organization"},"potentialAction":[{"@type":"SearchAction","target":{"@type":"EntryPoint","urlTemplate":"https:\/\/www.heartfailurematters.org\/pt-pt\/?s={search_term_string}"},"query-input":{"@type":"PropertyValueSpecification","valueRequired":true,"valueName":"search_term_string"}}],"inLanguage":"pt-PT"},{"@type":"Organization","@id":"https:\/\/www.heartfailurematters.org\/pt-pt\/#organization","name":"Heart Failure Matters","url":"https:\/\/www.heartfailurematters.org\/pt-pt\/","logo":{"@type":"ImageObject","inLanguage":"pt-PT","@id":"https:\/\/www.heartfailurematters.org\/pt-pt\/#\/schema\/logo\/image\/","url":"https:\/\/cdn-endpoint-hfm.azureedge.net\/heartfailurematters\/2024\/07\/hfm-logo1.jpg","contentUrl":"https:\/\/cdn-endpoint-hfm.azureedge.net\/heartfailurematters\/2024\/07\/hfm-logo1.jpg","width":1280,"height":720,"caption":"Heart Failure Matters"},"image":{"@id":"https:\/\/www.heartfailurematters.org\/pt-pt\/#\/schema\/logo\/image\/"},"sameAs":["https:\/\/www.facebook.com\/heartfailurematters"]}]}},"_links":{"self":[{"href":"https:\/\/www.heartfailurematters.org\/pt-pt\/wp-json\/wp\/v2\/pages\/2115","targetHints":{"allow":["GET"]}}],"collection":[{"href":"https:\/\/www.heartfailurematters.org\/pt-pt\/wp-json\/wp\/v2\/pages"}],"about":[{"href":"https:\/\/www.heartfailurematters.org\/pt-pt\/wp-json\/wp\/v2\/types\/page"}],"author":[{"embeddable":true,"href":"https:\/\/www.heartfailurematters.org\/pt-pt\/wp-json\/wp\/v2\/users\/1"}],"replies":[{"embeddable":true,"href":"https:\/\/www.heartfailurematters.org\/pt-pt\/wp-json\/wp\/v2\/comments?post=2115"}],"version-history":[{"count":3,"href":"https:\/\/www.heartfailurematters.org\/pt-pt\/wp-json\/wp\/v2\/pages\/2115\/revisions"}],"predecessor-version":[{"id":10372,"href":"https:\/\/www.heartfailurematters.org\/pt-pt\/wp-json\/wp\/v2\/pages\/2115\/revisions\/10372"}],"up":[{"embeddable":true,"href":"https:\/\/www.heartfailurematters.org\/pt-pt\/wp-json\/wp\/v2\/pages\/8057"}],"wp:featuredmedia":[{"embeddable":true,"href":"https:\/\/www.heartfailurematters.org\/pt-pt\/wp-json\/wp\/v2\/media\/10749"}],"wp:attachment":[{"href":"https:\/\/www.heartfailurematters.org\/pt-pt\/wp-json\/wp\/v2\/media?parent=2115"}],"wp:term":[{"taxonomy":"category","embeddable":true,"href":"https:\/\/www.heartfailurematters.org\/pt-pt\/wp-json\/wp\/v2\/categories?post=2115"},{"taxonomy":"post_tag","embeddable":true,"href":"https:\/\/www.heartfailurematters.org\/pt-pt\/wp-json\/wp\/v2\/tags?post=2115"}],"curies":[{"name":"wp","href":"https:\/\/api.w.org\/{rel}","templated":true}]}}