{"id":2104,"date":"2021-01-27T22:06:46","date_gmt":"2021-01-27T22:06:46","guid":{"rendered":"http:\/\/heartfailurematters.local:8888\/anticoagulantes-e-novos-anticoagulantes-orais\/"},"modified":"2025-12-05T10:19:21","modified_gmt":"2025-12-05T10:19:21","slug":"anticoagulantes-e-novos-anticoagulantes-orais","status":"publish","type":"page","link":"https:\/\/www.heartfailurematters.org\/pt-pt\/o-que-o-seu-medico-ou-enfermeiro-pode-fazer\/anticoagulantes-e-novos-anticoagulantes-orais\/","title":{"rendered":"Anticoagulantes e novos anticoagulantes orais"},"content":{"rendered":"<h2>O que fazem<\/h2>\n<p>Os <strong>anticoagulantes<\/strong> (ou <strong>antitromb\u00f3ticos<\/strong>) previnem a forma\u00e7\u00e3o ou crescimento de co\u00e1gulos sangu\u00edneos. S\u00e3o importantes porque as pessoas com insufici\u00eancia card\u00edaca podem formar co\u00e1gulos sangu\u00edneos no cora\u00e7\u00e3o ou nos vasos sangu\u00edneos que retornam o sangue para o cora\u00e7\u00e3o. Para os doentes com <strong>fibrilha\u00e7\u00e3o atrial que \u00e9 um ritmo card\u00edaco irregular especialmente comum em doentes com insufici\u00eancia card\u00edaca, os <\/strong><a class=\"addtooltip\" title=\"&lt;div id='ToolTipTextWrap'&gt;anticoagulantes&lt;\/div&gt;&lt;p&gt; Medicamentos que impedem a forma\u00e7\u00e3o de co\u00e1gulos sangu\u00edneos, principalmente nas art\u00e9rias coron\u00e1rias.&lt;\/p&gt;\"><strong>anticoagulantes<\/strong><\/a> s\u00e3o de extrema import\u00e2ncia, pois protegem contra a forma\u00e7\u00e3o de co\u00e1gulos sangu\u00edneos no \u00e1trio esquerdo, que se podem deslocar e provocar um acidente vascular cerebral (AVC).<\/p>\n<p>Embora os <a class=\"addtooltip\" title=\"&lt;div id='ToolTipTextWrap'&gt;anticoagulantes&lt;\/div&gt;&lt;p&gt; Medicamentos que impedem a forma\u00e7\u00e3o de co\u00e1gulos sangu\u00edneos, principalmente nas art\u00e9rias coron\u00e1rias.&lt;\/p&gt;\"><strong>anticoagulantes<\/strong><\/a> sejam muitas vezes referidos como afinadores do sangue, estes n\u00e3o permitem que o sangue flua mais livremente atrav\u00e9s dos vasos. Pense neles como subst\u00e2ncias que evitam que o sangue por estar mais  \u201clento\u201d forme co\u00e1gulos onde n\u00e3o deveria.<\/p>\n<p>A varfarina \u00e9 o anticoagulante mais comum e \u00e9 tomada em comprimidos. A dose de varfarina varia de pessoa para pessoa. O seu m\u00e9dico ou enfermeiro ir\u00e1 avaliar o seu <strong>RIN (Rela\u00e7\u00e3o internacional normalizada)<\/strong> regularmente, principalmente durante o in\u00edcio do tratamento e depois de forma rotineira para determinar a dose correta para voce. \u00c9 importante que n\u00e3o se esque\u00e7a de nenhum comprimido nem tome doses extras. Se isso acontecer, informe o seu m\u00e9dico ou enfermeiro.<\/p>\n<p>Por vezes, pode receber uma inje\u00e7\u00e3o subcut\u00e2nea de anticoagulante sob a pele (geralmente um tipo de heparina) em vez de varfarina. Isto \u00e9 normalmente feito no hospital durante per\u00edodos de imobiliza\u00e7\u00e3o, por exemplo, durante um internamento antes de um procedimento m\u00e9dico, ou se n\u00e3o puder tomar comprimidos.<\/p>\n<p>Nos \u00faltimos anos, foi desenvolvida uma nova gera\u00e7\u00e3o de <a class=\"addtooltip\" title=\"&lt;div id='ToolTipTextWrap'&gt;anticoagulantes&lt;\/div&gt;&lt;p&gt; Medicamentos que impedem a forma\u00e7\u00e3o de co\u00e1gulos sangu\u00edneos, principalmente nas art\u00e9rias coron\u00e1rias.&lt;\/p&gt;\"><strong>anticoagulantes<\/strong><\/a>, conhecidos como \u201cnovos anticoagulantes orais\u201d ou <strong>NOAC<\/strong>. Estes medicamentos s\u00e3o agora frequentemente utilizados para prote\u00e7\u00e3o contra AVC em doentes com fibrila\u00e7\u00e3o atrial. Os NOAC s\u00e3o pelo menos t\u00e3o eficazes como a varfarina e podem ser mais f\u00e1ceis de utilizar, uma vez que n\u00e3o precisam de ser feitas an\u00e1lises ao sangue (RNI) de rotina para medir a tend\u00eancia do sangue para formar um co\u00e1gulo.<\/p>\n<h2>Efeitos colaterais<\/h2>\n<p>Os anticoagulantes podem aumentar a tend\u00eancia do organismo para sangrar, geralmente manifestada por hematomas ou pequenos sangramentos. No entanto, embora o risco seja baixo, existe tamb\u00e9m um risco acrescido de uma <strong>hemorragia<\/strong> grave, por exemplo, quando existe uma \u00falcera do est\u00f4mago.<\/p>\n<p>O efeito da varfarina durar\u00e1 v\u00e1rios dias ap\u00f3s a interrup\u00e7\u00e3o da utiliza\u00e7\u00e3o dos comprimidos, embora o seu m\u00e9dico possa administrar um tratamento que reduzir\u00e1 rapidamente a tend\u00eancia para hemorragias. Por outro lado, o efeito de um NOAC \u00e9 de curta dura\u00e7\u00e3o, algumas horas em vez de dias, portanto qualquer tend\u00eancia para hemorragias pode ser mais f\u00e1cil de controlar.<\/p>\n<h2>Principais dicas<\/h2>\n<p>\u00c9 essencial que trabalhe em estreita colabora\u00e7\u00e3o com o seu m\u00e9dico ou enfermeiro quando o tratamento \u00e9 iniciado para determinar a dose de varfarina ou um noac que seja adequado para voc\u00ea, mantendo um grau est\u00e1vel de anticoagula\u00e7\u00e3o.<\/p>\n<p>Deve informar todos os seus m\u00e9dicos, incluindo o seu m\u00e9dico de fam\u00edlia, o seu dentista e farmac\u00eautico, se estiver send tratado(a) com varfarina ou um NOAC. Em caso de emerg\u00eancias, \u00e9 \u00fatil ter consigo um cart\u00e3o de alerta m\u00e9dico ou uma pulseira para indicar que est\u00e1 sob tratamento com varfarina ou um NOAC em caso de emerg\u00eancias.<\/p>\n<p>Devido ao risco de hemorragia, \u00e9 importante que avise o seu m\u00e9dico imediatamente se notar qualquer sinal de sangramento anormal, incluindo hematomas inexplic\u00e1veis ou sangramento nas gengivas, nariz, trato urin\u00e1rio ou intestino. \u00c9 muito importante informar exatamente quando tomou a \u00faltima dose de um anticoagulante, como a varfarina ou um NOAC.<\/p>\n<h2>Tamb\u00e9m conhecidos como:<\/h2>\n<ul>\n<li><strong>Anticoagulantes orais<\/strong><\/li>\n<li><strong>Varfarina<br \/>\n<\/strong>(Coumadin\u00ae, Jantoven\u00ae, Marevan\u00ae, Waran\u00ae)<\/li>\n<li><strong>Acenocumarol\/nicoumalona<br \/>\n<\/strong>(Sinthrome\u00ae)<\/li>\n<li><strong>Fenindiona <\/strong><\/li>\n<li><strong>NOAC<\/strong><\/li>\n<li><strong>Dabigatrana<br \/>\n<\/strong>Pradaxa\u00ae<\/li>\n<li><strong>Rivaroxabana<br \/>\n<\/strong>Xarelto\u00ae<\/li>\n<li><strong>Apixabana<\/strong><br \/>\nEliquis\u00ae<\/li>\n<li><a href=\"http:\/\/flexikon.doccheck.com\/de\/Edoxaban\"><strong>Edoxabana<\/strong><\/a><\/li>\n<li>Femprocumoma (Marcoumar\u00ae)<\/li>\n<\/ul>\n<p><strong> <\/strong><\/p>\n<p><strong>Anticoagulantes por inje\u00e7\u00e3o <\/strong><\/p>\n<p><strong>Dalteparina s\u00f3dica<\/strong><br \/>\n(Fragmin\u00ae)<\/p>\n<p><strong>Enoxaparina s\u00f3dica<\/strong><br \/>\n(Clexane\u00ae) (Klexane\u00ae)<\/p>\n<p><strong>Tinzaparina s\u00f3dica<br \/>\n<\/strong>(Innohep\u00ae)<\/p>\n<p><strong>Fondaparinux<\/strong><br \/>\n(Arixtra\u00ae)<\/p>\n<p><strong>Heparina<\/strong><\/p>\n<p><a href=\"https:\/\/www.heartfailurematters.org\/what-your-doctor-can-do\/heart-failure-medicines\/\">Voltar a Medicamentos para insufici\u00eancia card\u00edaca<\/a><\/p>\n","protected":false},"excerpt":{"rendered":"<p>O que fazem Os anticoagulantes (ou antitromb\u00f3ticos) previnem a forma\u00e7\u00e3o ou crescimento de co\u00e1gulos sangu\u00edneos. S\u00e3o importantes porque as pessoas com insufici\u00eancia card\u00edaca podem formar co\u00e1gulos sangu\u00edneos no cora\u00e7\u00e3o ou nos vasos sangu\u00edneos que retornam o sangue para o cora\u00e7\u00e3o. Para os doentes com fibrilha\u00e7\u00e3o atrial que \u00e9 um ritmo card\u00edaco irregular especialmente comum em [&hellip;]<\/p>\n","protected":false},"author":1,"featured_media":10871,"parent":2682,"menu_order":0,"comment_status":"open","ping_status":"open","template":"","meta":{"_acf_changed":false,"footnotes":""},"categories":[],"tags":[],"class_list":["post-2104","page","type-page","status-publish","has-post-thumbnail","hentry"],"acf":[],"yoast_head":"<!-- This site is optimized with the Yoast SEO plugin v24.8.1 - https:\/\/yoast.com\/wordpress\/plugins\/seo\/ -->\n<title>Anticoagulantes e novos anticoagulantes orais<\/title>\n<meta name=\"description\" content=\"Anticoagulantes (ou antitromb\u00f3ticos) previnem a forma\u00e7\u00e3o ou crescimento de co\u00e1gulos sangu\u00edneos. Saiba mais sobre o uso de Anticoagulantes por pacientes com insufici\u00eancia card\u00edaca.\" \/>\n<meta name=\"robots\" content=\"index, follow, max-snippet:-1, max-image-preview:large, max-video-preview:-1\" \/>\n<link rel=\"canonical\" href=\"https:\/\/www.heartfailurematters.org\/pt-pt\/o-que-o-seu-medico-ou-enfermeiro-pode-fazer\/anticoagulantes-e-novos-anticoagulantes-orais\/\" \/>\n<meta property=\"og:locale\" content=\"pt_PT\" \/>\n<meta property=\"og:type\" content=\"article\" \/>\n<meta property=\"og:title\" content=\"Anticoagulantes e novos anticoagulantes orais\" \/>\n<meta property=\"og:description\" content=\"Anticoagulantes (ou antitromb\u00f3ticos) previnem a forma\u00e7\u00e3o ou crescimento de co\u00e1gulos sangu\u00edneos. Saiba mais sobre o uso de Anticoagulantes por pacientes com insufici\u00eancia card\u00edaca.\" \/>\n<meta property=\"og:url\" content=\"https:\/\/www.heartfailurematters.org\/pt-pt\/o-que-o-seu-medico-ou-enfermeiro-pode-fazer\/anticoagulantes-e-novos-anticoagulantes-orais\/\" \/>\n<meta property=\"og:site_name\" content=\"Heart Failure Matters\" \/>\n<meta property=\"article:publisher\" content=\"https:\/\/www.facebook.com\/heartfailurematters\" \/>\n<meta property=\"article:modified_time\" content=\"2025-12-05T10:19:21+00:00\" \/>\n<meta property=\"og:image\" content=\"https:\/\/www.heartfailurematters.org\/wp-content\/uploads\/2022\/03\/shutterstock_441673426-1-min.jpg\" \/>\n\t<meta property=\"og:image:width\" content=\"900\" \/>\n\t<meta property=\"og:image:height\" content=\"596\" \/>\n\t<meta property=\"og:image:type\" content=\"image\/jpeg\" \/>\n<meta name=\"twitter:card\" content=\"summary_large_image\" \/>\n<meta name=\"twitter:label1\" content=\"Tempo estimado de leitura\" \/>\n\t<meta name=\"twitter:data1\" content=\"3 minutos\" \/>\n<script type=\"application\/ld+json\" class=\"yoast-schema-graph\">{\"@context\":\"https:\/\/schema.org\",\"@graph\":[{\"@type\":\"WebPage\",\"@id\":\"https:\/\/www.heartfailurematters.org\/pt-pt\/o-que-o-seu-medico-ou-enfermeiro-pode-fazer\/anticoagulantes-e-novos-anticoagulantes-orais\/\",\"url\":\"https:\/\/www.heartfailurematters.org\/pt-pt\/o-que-o-seu-medico-ou-enfermeiro-pode-fazer\/anticoagulantes-e-novos-anticoagulantes-orais\/\",\"name\":\"Anticoagulantes e novos anticoagulantes orais\",\"isPartOf\":{\"@id\":\"https:\/\/www.heartfailurematters.org\/pt-pt\/#website\"},\"primaryImageOfPage\":{\"@id\":\"https:\/\/www.heartfailurematters.org\/pt-pt\/o-que-o-seu-medico-ou-enfermeiro-pode-fazer\/anticoagulantes-e-novos-anticoagulantes-orais\/#primaryimage\"},\"image\":{\"@id\":\"https:\/\/www.heartfailurematters.org\/pt-pt\/o-que-o-seu-medico-ou-enfermeiro-pode-fazer\/anticoagulantes-e-novos-anticoagulantes-orais\/#primaryimage\"},\"thumbnailUrl\":\"https:\/\/www.heartfailurematters.org\/wp-content\/uploads\/2022\/03\/shutterstock_441673426-1-min.jpg\",\"datePublished\":\"2021-01-27T22:06:46+00:00\",\"dateModified\":\"2025-12-05T10:19:21+00:00\",\"description\":\"Anticoagulantes (ou antitromb\u00f3ticos) previnem a forma\u00e7\u00e3o ou crescimento de co\u00e1gulos sangu\u00edneos. Saiba mais sobre o uso de Anticoagulantes por pacientes com insufici\u00eancia card\u00edaca.\",\"breadcrumb\":{\"@id\":\"https:\/\/www.heartfailurematters.org\/pt-pt\/o-que-o-seu-medico-ou-enfermeiro-pode-fazer\/anticoagulantes-e-novos-anticoagulantes-orais\/#breadcrumb\"},\"inLanguage\":\"pt-PT\",\"potentialAction\":[{\"@type\":\"ReadAction\",\"target\":[\"https:\/\/www.heartfailurematters.org\/pt-pt\/o-que-o-seu-medico-ou-enfermeiro-pode-fazer\/anticoagulantes-e-novos-anticoagulantes-orais\/\"]}]},{\"@type\":\"ImageObject\",\"inLanguage\":\"pt-PT\",\"@id\":\"https:\/\/www.heartfailurematters.org\/pt-pt\/o-que-o-seu-medico-ou-enfermeiro-pode-fazer\/anticoagulantes-e-novos-anticoagulantes-orais\/#primaryimage\",\"url\":\"https:\/\/www.heartfailurematters.org\/wp-content\/uploads\/2022\/03\/shutterstock_441673426-1-min.jpg\",\"contentUrl\":\"https:\/\/www.heartfailurematters.org\/wp-content\/uploads\/2022\/03\/shutterstock_441673426-1-min.jpg\",\"width\":900,\"height\":596},{\"@type\":\"BreadcrumbList\",\"@id\":\"https:\/\/www.heartfailurematters.org\/pt-pt\/o-que-o-seu-medico-ou-enfermeiro-pode-fazer\/anticoagulantes-e-novos-anticoagulantes-orais\/#breadcrumb\",\"itemListElement\":[{\"@type\":\"ListItem\",\"position\":1,\"name\":\"P\u00e1gina inicial\",\"item\":\"https:\/\/www.heartfailurematters.org\/pt-pt\/\"},{\"@type\":\"ListItem\",\"position\":2,\"name\":\"O que o seu m\u00e9dico pode fazer\",\"item\":\"https:\/\/www.heartfailurematters.org\/pt-pt\/o-que-o-seu-medico-ou-enfermeiro-pode-fazer\/\"},{\"@type\":\"ListItem\",\"position\":3,\"name\":\"Anticoagulantes e novos anticoagulantes orais\"}]},{\"@type\":\"WebSite\",\"@id\":\"https:\/\/www.heartfailurematters.org\/pt-pt\/#website\",\"url\":\"https:\/\/www.heartfailurematters.org\/pt-pt\/\",\"name\":\"Heart Failure Matters\",\"description\":\"Practical information for patients, families and caregivers.\",\"publisher\":{\"@id\":\"https:\/\/www.heartfailurematters.org\/pt-pt\/#organization\"},\"potentialAction\":[{\"@type\":\"SearchAction\",\"target\":{\"@type\":\"EntryPoint\",\"urlTemplate\":\"https:\/\/www.heartfailurematters.org\/pt-pt\/?s={search_term_string}\"},\"query-input\":{\"@type\":\"PropertyValueSpecification\",\"valueRequired\":true,\"valueName\":\"search_term_string\"}}],\"inLanguage\":\"pt-PT\"},{\"@type\":\"Organization\",\"@id\":\"https:\/\/www.heartfailurematters.org\/pt-pt\/#organization\",\"name\":\"Heart Failure Matters\",\"url\":\"https:\/\/www.heartfailurematters.org\/pt-pt\/\",\"logo\":{\"@type\":\"ImageObject\",\"inLanguage\":\"pt-PT\",\"@id\":\"https:\/\/www.heartfailurematters.org\/pt-pt\/#\/schema\/logo\/image\/\",\"url\":\"https:\/\/cdn-endpoint-hfm.azureedge.net\/heartfailurematters\/2024\/07\/hfm-logo1.jpg\",\"contentUrl\":\"https:\/\/cdn-endpoint-hfm.azureedge.net\/heartfailurematters\/2024\/07\/hfm-logo1.jpg\",\"width\":1280,\"height\":720,\"caption\":\"Heart Failure Matters\"},\"image\":{\"@id\":\"https:\/\/www.heartfailurematters.org\/pt-pt\/#\/schema\/logo\/image\/\"},\"sameAs\":[\"https:\/\/www.facebook.com\/heartfailurematters\"]}]}<\/script>\n<!-- \/ Yoast SEO plugin. -->","yoast_head_json":{"title":"Anticoagulantes e novos anticoagulantes orais","description":"Anticoagulantes (ou antitromb\u00f3ticos) previnem a forma\u00e7\u00e3o ou crescimento de co\u00e1gulos sangu\u00edneos. Saiba mais sobre o uso de Anticoagulantes por pacientes com insufici\u00eancia card\u00edaca.","robots":{"index":"index","follow":"follow","max-snippet":"max-snippet:-1","max-image-preview":"max-image-preview:large","max-video-preview":"max-video-preview:-1"},"canonical":"https:\/\/www.heartfailurematters.org\/pt-pt\/o-que-o-seu-medico-ou-enfermeiro-pode-fazer\/anticoagulantes-e-novos-anticoagulantes-orais\/","og_locale":"pt_PT","og_type":"article","og_title":"Anticoagulantes e novos anticoagulantes orais","og_description":"Anticoagulantes (ou antitromb\u00f3ticos) previnem a forma\u00e7\u00e3o ou crescimento de co\u00e1gulos sangu\u00edneos. Saiba mais sobre o uso de Anticoagulantes por pacientes com insufici\u00eancia card\u00edaca.","og_url":"https:\/\/www.heartfailurematters.org\/pt-pt\/o-que-o-seu-medico-ou-enfermeiro-pode-fazer\/anticoagulantes-e-novos-anticoagulantes-orais\/","og_site_name":"Heart Failure Matters","article_publisher":"https:\/\/www.facebook.com\/heartfailurematters","article_modified_time":"2025-12-05T10:19:21+00:00","og_image":[{"width":900,"height":596,"url":"https:\/\/www.heartfailurematters.org\/wp-content\/uploads\/2022\/03\/shutterstock_441673426-1-min.jpg","type":"image\/jpeg"}],"twitter_card":"summary_large_image","twitter_misc":{"Tempo estimado de leitura":"3 minutos"},"schema":{"@context":"https:\/\/schema.org","@graph":[{"@type":"WebPage","@id":"https:\/\/www.heartfailurematters.org\/pt-pt\/o-que-o-seu-medico-ou-enfermeiro-pode-fazer\/anticoagulantes-e-novos-anticoagulantes-orais\/","url":"https:\/\/www.heartfailurematters.org\/pt-pt\/o-que-o-seu-medico-ou-enfermeiro-pode-fazer\/anticoagulantes-e-novos-anticoagulantes-orais\/","name":"Anticoagulantes e novos anticoagulantes orais","isPartOf":{"@id":"https:\/\/www.heartfailurematters.org\/pt-pt\/#website"},"primaryImageOfPage":{"@id":"https:\/\/www.heartfailurematters.org\/pt-pt\/o-que-o-seu-medico-ou-enfermeiro-pode-fazer\/anticoagulantes-e-novos-anticoagulantes-orais\/#primaryimage"},"image":{"@id":"https:\/\/www.heartfailurematters.org\/pt-pt\/o-que-o-seu-medico-ou-enfermeiro-pode-fazer\/anticoagulantes-e-novos-anticoagulantes-orais\/#primaryimage"},"thumbnailUrl":"https:\/\/www.heartfailurematters.org\/wp-content\/uploads\/2022\/03\/shutterstock_441673426-1-min.jpg","datePublished":"2021-01-27T22:06:46+00:00","dateModified":"2025-12-05T10:19:21+00:00","description":"Anticoagulantes (ou antitromb\u00f3ticos) previnem a forma\u00e7\u00e3o ou crescimento de co\u00e1gulos sangu\u00edneos. Saiba mais sobre o uso de Anticoagulantes por pacientes com insufici\u00eancia card\u00edaca.","breadcrumb":{"@id":"https:\/\/www.heartfailurematters.org\/pt-pt\/o-que-o-seu-medico-ou-enfermeiro-pode-fazer\/anticoagulantes-e-novos-anticoagulantes-orais\/#breadcrumb"},"inLanguage":"pt-PT","potentialAction":[{"@type":"ReadAction","target":["https:\/\/www.heartfailurematters.org\/pt-pt\/o-que-o-seu-medico-ou-enfermeiro-pode-fazer\/anticoagulantes-e-novos-anticoagulantes-orais\/"]}]},{"@type":"ImageObject","inLanguage":"pt-PT","@id":"https:\/\/www.heartfailurematters.org\/pt-pt\/o-que-o-seu-medico-ou-enfermeiro-pode-fazer\/anticoagulantes-e-novos-anticoagulantes-orais\/#primaryimage","url":"https:\/\/www.heartfailurematters.org\/wp-content\/uploads\/2022\/03\/shutterstock_441673426-1-min.jpg","contentUrl":"https:\/\/www.heartfailurematters.org\/wp-content\/uploads\/2022\/03\/shutterstock_441673426-1-min.jpg","width":900,"height":596},{"@type":"BreadcrumbList","@id":"https:\/\/www.heartfailurematters.org\/pt-pt\/o-que-o-seu-medico-ou-enfermeiro-pode-fazer\/anticoagulantes-e-novos-anticoagulantes-orais\/#breadcrumb","itemListElement":[{"@type":"ListItem","position":1,"name":"P\u00e1gina inicial","item":"https:\/\/www.heartfailurematters.org\/pt-pt\/"},{"@type":"ListItem","position":2,"name":"O que o seu m\u00e9dico pode fazer","item":"https:\/\/www.heartfailurematters.org\/pt-pt\/o-que-o-seu-medico-ou-enfermeiro-pode-fazer\/"},{"@type":"ListItem","position":3,"name":"Anticoagulantes e novos anticoagulantes orais"}]},{"@type":"WebSite","@id":"https:\/\/www.heartfailurematters.org\/pt-pt\/#website","url":"https:\/\/www.heartfailurematters.org\/pt-pt\/","name":"Heart Failure Matters","description":"Practical information for patients, families and caregivers.","publisher":{"@id":"https:\/\/www.heartfailurematters.org\/pt-pt\/#organization"},"potentialAction":[{"@type":"SearchAction","target":{"@type":"EntryPoint","urlTemplate":"https:\/\/www.heartfailurematters.org\/pt-pt\/?s={search_term_string}"},"query-input":{"@type":"PropertyValueSpecification","valueRequired":true,"valueName":"search_term_string"}}],"inLanguage":"pt-PT"},{"@type":"Organization","@id":"https:\/\/www.heartfailurematters.org\/pt-pt\/#organization","name":"Heart Failure Matters","url":"https:\/\/www.heartfailurematters.org\/pt-pt\/","logo":{"@type":"ImageObject","inLanguage":"pt-PT","@id":"https:\/\/www.heartfailurematters.org\/pt-pt\/#\/schema\/logo\/image\/","url":"https:\/\/cdn-endpoint-hfm.azureedge.net\/heartfailurematters\/2024\/07\/hfm-logo1.jpg","contentUrl":"https:\/\/cdn-endpoint-hfm.azureedge.net\/heartfailurematters\/2024\/07\/hfm-logo1.jpg","width":1280,"height":720,"caption":"Heart Failure Matters"},"image":{"@id":"https:\/\/www.heartfailurematters.org\/pt-pt\/#\/schema\/logo\/image\/"},"sameAs":["https:\/\/www.facebook.com\/heartfailurematters"]}]}},"_links":{"self":[{"href":"https:\/\/www.heartfailurematters.org\/pt-pt\/wp-json\/wp\/v2\/pages\/2104","targetHints":{"allow":["GET"]}}],"collection":[{"href":"https:\/\/www.heartfailurematters.org\/pt-pt\/wp-json\/wp\/v2\/pages"}],"about":[{"href":"https:\/\/www.heartfailurematters.org\/pt-pt\/wp-json\/wp\/v2\/types\/page"}],"author":[{"embeddable":true,"href":"https:\/\/www.heartfailurematters.org\/pt-pt\/wp-json\/wp\/v2\/users\/1"}],"replies":[{"embeddable":true,"href":"https:\/\/www.heartfailurematters.org\/pt-pt\/wp-json\/wp\/v2\/comments?post=2104"}],"version-history":[{"count":2,"href":"https:\/\/www.heartfailurematters.org\/pt-pt\/wp-json\/wp\/v2\/pages\/2104\/revisions"}],"predecessor-version":[{"id":13663,"href":"https:\/\/www.heartfailurematters.org\/pt-pt\/wp-json\/wp\/v2\/pages\/2104\/revisions\/13663"}],"up":[{"embeddable":true,"href":"https:\/\/www.heartfailurematters.org\/pt-pt\/wp-json\/wp\/v2\/pages\/2682"}],"wp:featuredmedia":[{"embeddable":true,"href":"https:\/\/www.heartfailurematters.org\/pt-pt\/wp-json\/wp\/v2\/media\/10871"}],"wp:attachment":[{"href":"https:\/\/www.heartfailurematters.org\/pt-pt\/wp-json\/wp\/v2\/media?parent=2104"}],"wp:term":[{"taxonomy":"category","embeddable":true,"href":"https:\/\/www.heartfailurematters.org\/pt-pt\/wp-json\/wp\/v2\/categories?post=2104"},{"taxonomy":"post_tag","embeddable":true,"href":"https:\/\/www.heartfailurematters.org\/pt-pt\/wp-json\/wp\/v2\/tags?post=2104"}],"curies":[{"name":"wp","href":"https:\/\/api.w.org\/{rel}","templated":true}]}}