{"id":2091,"date":"2021-01-27T22:06:40","date_gmt":"2021-01-27T22:06:40","guid":{"rendered":"http:\/\/heartfailurematters.local:8888\/tomografia-computorizada-multicorte-tac-multicorte\/"},"modified":"2022-01-24T16:35:32","modified_gmt":"2022-01-24T16:35:32","slug":"tomografia-computorizada-multicorte-tac-multicorte","status":"publish","type":"page","link":"https:\/\/www.heartfailurematters.org\/pt-pt\/o-que-e-a-insuficiencia-cardiaca\/tomografia-computorizada-multicorte-tac-multicorte\/","title":{"rendered":"Tomografia computorizada multicorte (TAC multicorte)"},"content":{"rendered":"<p>A imagiologia card\u00edaca por <a class=\"addtooltip\" title=\"Exame que utiliza uma m\u00e1quina de radiografia muito r\u00e1pida e um l\u00edquido de contraste para fornecer imagens n\u00edtidas e detalhadas do cora\u00e7\u00e3o e das art\u00e9rias coron\u00e1rias.\"><strong>tomografia computorizada multicorte (TAC multicorte)<\/strong><\/a> \u00e9 uma t\u00e9cnica recentemente desenvolvida para avaliar a fun\u00e7\u00e3o card\u00edaca e das <a class=\"addtooltip\" title=\"Vasos sangu\u00edneos que fornecem sangue ao m\u00fasculo card&amp;iacute\"><strong>art\u00e9rias coron\u00e1rias\u00a0<\/strong><\/a>de forma n\u00e3o invasiva. A TAC multicorte card\u00edaca utiliza feixes de raios X e um l\u00edquido de contraste para criar uma imagem 3D do cora\u00e7\u00e3o e dos vasos. A m\u00e1quina utilizada \u00e9 muito sofisticada e examina o cora\u00e7\u00e3o muito rapidamente. Isto fornece imagens n\u00edtidas e detalhadas que n\u00e3o podem ser obtidas com outros exames. Tal como numa angiografia, \u00e9 injetado um l\u00edquido de contraste para se observar o estreitamento das art\u00e9rias coron\u00e1rias.<\/p>\n<p>Ao contr\u00e1rio da angiografia coron\u00e1ria, em que o l\u00edquido de contraste \u00e9 injetado por um <a class=\"addtooltip\" title=\"&lt;div id='ToolTipTextWrap'&gt;cateter&lt;\/div&gt;&lt;p&gt; Tubo fino e flex\u00edvel utilizado em v\u00e1rios procedimentos.&lt;\/p&gt;\"><strong>cateter<\/strong><\/a> invasivo diretamente nas <a class=\"addtooltip\" title=\"&lt;div id='ToolTipTextWrap'&gt;art\u00e9rias coron\u00e1rias&lt;\/div&gt;&lt;p&gt; Vasos sangu\u00edneos que fornecem sangue ao m\u00fasculo card\u00edaco.&lt;\/p&gt;\"><strong>art\u00e9rias coron\u00e1rias<\/strong><\/a>, neste exame o l\u00edquido de contraste \u00e9 injetado numa veia superficial, com uma agulha pequena, colocada nas costas da m\u00e3o ou na parte interna do antebra\u00e7o. Em seguida, o organismo transporta o l\u00edquido de contraste na circula\u00e7\u00e3o sangu\u00ednea e o exame \u00e9 iniciado quando atingir as art\u00e9rias coron\u00e1rias.<\/p>\n<p>Uma m\u00e1quina de TAC utiliza raios X para detetar o movimento do l\u00edquido de contraste atrav\u00e9s do cora\u00e7\u00e3o e respetivos vasos sangu\u00edneos para criar imagens n\u00edtidas e detalhadas. O exame demora apenas alguns segundos e \u00e9 normalmente realizado durante uma breve suspens\u00e3o da respira\u00e7\u00e3o. A quantidade de radia\u00e7\u00e3o a que est\u00e1 exposto \u00e9 muito baixa.<\/p>\n<p><a title=\"\" href=\"https:\/\/www.heartfailurematters.org\/pt-pt\/o-que-e-a-insuficiencia-cardiaca\/exames-comuns-para-detetar-a-insuficiencia-cardiaca\/\">Voltar \u00e0 sec\u00e7\u00e3o Exames comuns para detetar a insufici\u00eancia card\u00edaca<\/a><\/p>\n<p>&nbsp;<\/p>\n","protected":false},"excerpt":{"rendered":"<p>A imagiologia card\u00edaca por tomografia computorizada multicorte (TAC multicorte) \u00e9 uma t\u00e9cnica recentemente desenvolvida para avaliar a fun\u00e7\u00e3o card\u00edaca e das art\u00e9rias coron\u00e1rias\u00a0de forma n\u00e3o invasiva. A TAC multicorte card\u00edaca utiliza feixes de raios X e um l\u00edquido de contraste para criar uma imagem 3D do cora\u00e7\u00e3o e dos vasos. A m\u00e1quina utilizada \u00e9 muito [&hellip;]<\/p>\n","protected":false},"author":1,"featured_media":10709,"parent":1889,"menu_order":0,"comment_status":"open","ping_status":"open","template":"","meta":{"_acf_changed":false,"footnotes":""},"categories":[],"tags":[],"class_list":["post-2091","page","type-page","status-publish","has-post-thumbnail","hentry"],"acf":[],"yoast_head":"<!-- This site is optimized with the Yoast SEO plugin v24.8.1 - https:\/\/yoast.com\/wordpress\/plugins\/seo\/ -->\n<title>Tomografia computorizada multicorte (TAC multicorte)<\/title>\n<meta name=\"description\" content=\"A imagiologia card\u00edaca por tomografia computadorizada multislice (MSCT) \u00e9 uma t\u00e9cnica n\u00e3o invasiva para avaliar o funcionamento do cora\u00e7\u00e3o\/art\u00e9rias coron\u00e1rias.\" \/>\n<meta name=\"robots\" content=\"index, follow, max-snippet:-1, max-image-preview:large, max-video-preview:-1\" \/>\n<link rel=\"canonical\" href=\"https:\/\/www.heartfailurematters.org\/pt-pt\/o-que-e-a-insuficiencia-cardiaca\/tomografia-computorizada-multicorte-tac-multicorte\/\" \/>\n<meta property=\"og:locale\" content=\"pt_PT\" \/>\n<meta property=\"og:type\" content=\"article\" \/>\n<meta property=\"og:title\" content=\"Tomografia computorizada multicorte (TAC multicorte)\" \/>\n<meta property=\"og:description\" content=\"A imagiologia card\u00edaca por tomografia computadorizada multislice (MSCT) \u00e9 uma t\u00e9cnica n\u00e3o invasiva para avaliar o funcionamento do cora\u00e7\u00e3o\/art\u00e9rias coron\u00e1rias.\" \/>\n<meta property=\"og:url\" content=\"https:\/\/www.heartfailurematters.org\/pt-pt\/o-que-e-a-insuficiencia-cardiaca\/tomografia-computorizada-multicorte-tac-multicorte\/\" \/>\n<meta property=\"og:site_name\" content=\"Heart Failure Matters\" \/>\n<meta property=\"article:publisher\" content=\"https:\/\/www.facebook.com\/heartfailurematters\" \/>\n<meta property=\"article:modified_time\" content=\"2022-01-24T16:35:32+00:00\" \/>\n<meta property=\"og:image\" content=\"https:\/\/www.heartfailurematters.org\/wp-content\/uploads\/2022\/02\/shutterstock_1314962018-1-min.jpg\" \/>\n\t<meta property=\"og:image:width\" content=\"900\" \/>\n\t<meta property=\"og:image:height\" content=\"600\" \/>\n\t<meta property=\"og:image:type\" content=\"image\/jpeg\" \/>\n<meta name=\"twitter:card\" content=\"summary_large_image\" \/>\n<meta name=\"twitter:label1\" content=\"Tempo estimado de leitura\" \/>\n\t<meta name=\"twitter:data1\" content=\"1 minuto\" \/>\n<script type=\"application\/ld+json\" class=\"yoast-schema-graph\">{\"@context\":\"https:\/\/schema.org\",\"@graph\":[{\"@type\":\"WebPage\",\"@id\":\"https:\/\/www.heartfailurematters.org\/pt-pt\/o-que-e-a-insuficiencia-cardiaca\/tomografia-computorizada-multicorte-tac-multicorte\/\",\"url\":\"https:\/\/www.heartfailurematters.org\/pt-pt\/o-que-e-a-insuficiencia-cardiaca\/tomografia-computorizada-multicorte-tac-multicorte\/\",\"name\":\"Tomografia computorizada multicorte (TAC multicorte)\",\"isPartOf\":{\"@id\":\"https:\/\/www.heartfailurematters.org\/pt-pt\/#website\"},\"primaryImageOfPage\":{\"@id\":\"https:\/\/www.heartfailurematters.org\/pt-pt\/o-que-e-a-insuficiencia-cardiaca\/tomografia-computorizada-multicorte-tac-multicorte\/#primaryimage\"},\"image\":{\"@id\":\"https:\/\/www.heartfailurematters.org\/pt-pt\/o-que-e-a-insuficiencia-cardiaca\/tomografia-computorizada-multicorte-tac-multicorte\/#primaryimage\"},\"thumbnailUrl\":\"https:\/\/www.heartfailurematters.org\/wp-content\/uploads\/2022\/02\/shutterstock_1314962018-1-min.jpg\",\"datePublished\":\"2021-01-27T22:06:40+00:00\",\"dateModified\":\"2022-01-24T16:35:32+00:00\",\"description\":\"A imagiologia card\u00edaca por tomografia computadorizada multislice (MSCT) \u00e9 uma t\u00e9cnica n\u00e3o invasiva para avaliar o funcionamento do cora\u00e7\u00e3o\/art\u00e9rias coron\u00e1rias.\",\"breadcrumb\":{\"@id\":\"https:\/\/www.heartfailurematters.org\/pt-pt\/o-que-e-a-insuficiencia-cardiaca\/tomografia-computorizada-multicorte-tac-multicorte\/#breadcrumb\"},\"inLanguage\":\"pt-PT\",\"potentialAction\":[{\"@type\":\"ReadAction\",\"target\":[\"https:\/\/www.heartfailurematters.org\/pt-pt\/o-que-e-a-insuficiencia-cardiaca\/tomografia-computorizada-multicorte-tac-multicorte\/\"]}]},{\"@type\":\"ImageObject\",\"inLanguage\":\"pt-PT\",\"@id\":\"https:\/\/www.heartfailurematters.org\/pt-pt\/o-que-e-a-insuficiencia-cardiaca\/tomografia-computorizada-multicorte-tac-multicorte\/#primaryimage\",\"url\":\"https:\/\/www.heartfailurematters.org\/wp-content\/uploads\/2022\/02\/shutterstock_1314962018-1-min.jpg\",\"contentUrl\":\"https:\/\/www.heartfailurematters.org\/wp-content\/uploads\/2022\/02\/shutterstock_1314962018-1-min.jpg\",\"width\":900,\"height\":600},{\"@type\":\"BreadcrumbList\",\"@id\":\"https:\/\/www.heartfailurematters.org\/pt-pt\/o-que-e-a-insuficiencia-cardiaca\/tomografia-computorizada-multicorte-tac-multicorte\/#breadcrumb\",\"itemListElement\":[{\"@type\":\"ListItem\",\"position\":1,\"name\":\"P\u00e1gina inicial\",\"item\":\"https:\/\/www.heartfailurematters.org\/pt-pt\/\"},{\"@type\":\"ListItem\",\"position\":2,\"name\":\"Compreender a insufici\u00eancia card\u00edaca\",\"item\":\"https:\/\/www.heartfailurematters.org\/pt-pt\/o-que-e-a-insuficiencia-cardiaca\/\"},{\"@type\":\"ListItem\",\"position\":3,\"name\":\"Tomografia computorizada multicorte (TAC multicorte)\"}]},{\"@type\":\"WebSite\",\"@id\":\"https:\/\/www.heartfailurematters.org\/pt-pt\/#website\",\"url\":\"https:\/\/www.heartfailurematters.org\/pt-pt\/\",\"name\":\"Heart Failure Matters\",\"description\":\"Practical information for patients, families and caregivers.\",\"publisher\":{\"@id\":\"https:\/\/www.heartfailurematters.org\/pt-pt\/#organization\"},\"potentialAction\":[{\"@type\":\"SearchAction\",\"target\":{\"@type\":\"EntryPoint\",\"urlTemplate\":\"https:\/\/www.heartfailurematters.org\/pt-pt\/?s={search_term_string}\"},\"query-input\":{\"@type\":\"PropertyValueSpecification\",\"valueRequired\":true,\"valueName\":\"search_term_string\"}}],\"inLanguage\":\"pt-PT\"},{\"@type\":\"Organization\",\"@id\":\"https:\/\/www.heartfailurematters.org\/pt-pt\/#organization\",\"name\":\"Heart Failure Matters\",\"url\":\"https:\/\/www.heartfailurematters.org\/pt-pt\/\",\"logo\":{\"@type\":\"ImageObject\",\"inLanguage\":\"pt-PT\",\"@id\":\"https:\/\/www.heartfailurematters.org\/pt-pt\/#\/schema\/logo\/image\/\",\"url\":\"https:\/\/cdn-endpoint-hfm.azureedge.net\/heartfailurematters\/2024\/07\/hfm-logo1.jpg\",\"contentUrl\":\"https:\/\/cdn-endpoint-hfm.azureedge.net\/heartfailurematters\/2024\/07\/hfm-logo1.jpg\",\"width\":1280,\"height\":720,\"caption\":\"Heart Failure Matters\"},\"image\":{\"@id\":\"https:\/\/www.heartfailurematters.org\/pt-pt\/#\/schema\/logo\/image\/\"},\"sameAs\":[\"https:\/\/www.facebook.com\/heartfailurematters\"]}]}<\/script>\n<!-- \/ Yoast SEO plugin. -->","yoast_head_json":{"title":"Tomografia computorizada multicorte (TAC multicorte)","description":"A imagiologia card\u00edaca por tomografia computadorizada multislice (MSCT) \u00e9 uma t\u00e9cnica n\u00e3o invasiva para avaliar o funcionamento do cora\u00e7\u00e3o\/art\u00e9rias coron\u00e1rias.","robots":{"index":"index","follow":"follow","max-snippet":"max-snippet:-1","max-image-preview":"max-image-preview:large","max-video-preview":"max-video-preview:-1"},"canonical":"https:\/\/www.heartfailurematters.org\/pt-pt\/o-que-e-a-insuficiencia-cardiaca\/tomografia-computorizada-multicorte-tac-multicorte\/","og_locale":"pt_PT","og_type":"article","og_title":"Tomografia computorizada multicorte (TAC multicorte)","og_description":"A imagiologia card\u00edaca por tomografia computadorizada multislice (MSCT) \u00e9 uma t\u00e9cnica n\u00e3o invasiva para avaliar o funcionamento do cora\u00e7\u00e3o\/art\u00e9rias coron\u00e1rias.","og_url":"https:\/\/www.heartfailurematters.org\/pt-pt\/o-que-e-a-insuficiencia-cardiaca\/tomografia-computorizada-multicorte-tac-multicorte\/","og_site_name":"Heart Failure Matters","article_publisher":"https:\/\/www.facebook.com\/heartfailurematters","article_modified_time":"2022-01-24T16:35:32+00:00","og_image":[{"width":900,"height":600,"url":"https:\/\/www.heartfailurematters.org\/wp-content\/uploads\/2022\/02\/shutterstock_1314962018-1-min.jpg","type":"image\/jpeg"}],"twitter_card":"summary_large_image","twitter_misc":{"Tempo estimado de leitura":"1 minuto"},"schema":{"@context":"https:\/\/schema.org","@graph":[{"@type":"WebPage","@id":"https:\/\/www.heartfailurematters.org\/pt-pt\/o-que-e-a-insuficiencia-cardiaca\/tomografia-computorizada-multicorte-tac-multicorte\/","url":"https:\/\/www.heartfailurematters.org\/pt-pt\/o-que-e-a-insuficiencia-cardiaca\/tomografia-computorizada-multicorte-tac-multicorte\/","name":"Tomografia computorizada multicorte (TAC multicorte)","isPartOf":{"@id":"https:\/\/www.heartfailurematters.org\/pt-pt\/#website"},"primaryImageOfPage":{"@id":"https:\/\/www.heartfailurematters.org\/pt-pt\/o-que-e-a-insuficiencia-cardiaca\/tomografia-computorizada-multicorte-tac-multicorte\/#primaryimage"},"image":{"@id":"https:\/\/www.heartfailurematters.org\/pt-pt\/o-que-e-a-insuficiencia-cardiaca\/tomografia-computorizada-multicorte-tac-multicorte\/#primaryimage"},"thumbnailUrl":"https:\/\/www.heartfailurematters.org\/wp-content\/uploads\/2022\/02\/shutterstock_1314962018-1-min.jpg","datePublished":"2021-01-27T22:06:40+00:00","dateModified":"2022-01-24T16:35:32+00:00","description":"A imagiologia card\u00edaca por tomografia computadorizada multislice (MSCT) \u00e9 uma t\u00e9cnica n\u00e3o invasiva para avaliar o funcionamento do cora\u00e7\u00e3o\/art\u00e9rias coron\u00e1rias.","breadcrumb":{"@id":"https:\/\/www.heartfailurematters.org\/pt-pt\/o-que-e-a-insuficiencia-cardiaca\/tomografia-computorizada-multicorte-tac-multicorte\/#breadcrumb"},"inLanguage":"pt-PT","potentialAction":[{"@type":"ReadAction","target":["https:\/\/www.heartfailurematters.org\/pt-pt\/o-que-e-a-insuficiencia-cardiaca\/tomografia-computorizada-multicorte-tac-multicorte\/"]}]},{"@type":"ImageObject","inLanguage":"pt-PT","@id":"https:\/\/www.heartfailurematters.org\/pt-pt\/o-que-e-a-insuficiencia-cardiaca\/tomografia-computorizada-multicorte-tac-multicorte\/#primaryimage","url":"https:\/\/www.heartfailurematters.org\/wp-content\/uploads\/2022\/02\/shutterstock_1314962018-1-min.jpg","contentUrl":"https:\/\/www.heartfailurematters.org\/wp-content\/uploads\/2022\/02\/shutterstock_1314962018-1-min.jpg","width":900,"height":600},{"@type":"BreadcrumbList","@id":"https:\/\/www.heartfailurematters.org\/pt-pt\/o-que-e-a-insuficiencia-cardiaca\/tomografia-computorizada-multicorte-tac-multicorte\/#breadcrumb","itemListElement":[{"@type":"ListItem","position":1,"name":"P\u00e1gina inicial","item":"https:\/\/www.heartfailurematters.org\/pt-pt\/"},{"@type":"ListItem","position":2,"name":"Compreender a insufici\u00eancia card\u00edaca","item":"https:\/\/www.heartfailurematters.org\/pt-pt\/o-que-e-a-insuficiencia-cardiaca\/"},{"@type":"ListItem","position":3,"name":"Tomografia computorizada multicorte (TAC multicorte)"}]},{"@type":"WebSite","@id":"https:\/\/www.heartfailurematters.org\/pt-pt\/#website","url":"https:\/\/www.heartfailurematters.org\/pt-pt\/","name":"Heart Failure Matters","description":"Practical information for patients, families and caregivers.","publisher":{"@id":"https:\/\/www.heartfailurematters.org\/pt-pt\/#organization"},"potentialAction":[{"@type":"SearchAction","target":{"@type":"EntryPoint","urlTemplate":"https:\/\/www.heartfailurematters.org\/pt-pt\/?s={search_term_string}"},"query-input":{"@type":"PropertyValueSpecification","valueRequired":true,"valueName":"search_term_string"}}],"inLanguage":"pt-PT"},{"@type":"Organization","@id":"https:\/\/www.heartfailurematters.org\/pt-pt\/#organization","name":"Heart Failure Matters","url":"https:\/\/www.heartfailurematters.org\/pt-pt\/","logo":{"@type":"ImageObject","inLanguage":"pt-PT","@id":"https:\/\/www.heartfailurematters.org\/pt-pt\/#\/schema\/logo\/image\/","url":"https:\/\/cdn-endpoint-hfm.azureedge.net\/heartfailurematters\/2024\/07\/hfm-logo1.jpg","contentUrl":"https:\/\/cdn-endpoint-hfm.azureedge.net\/heartfailurematters\/2024\/07\/hfm-logo1.jpg","width":1280,"height":720,"caption":"Heart Failure Matters"},"image":{"@id":"https:\/\/www.heartfailurematters.org\/pt-pt\/#\/schema\/logo\/image\/"},"sameAs":["https:\/\/www.facebook.com\/heartfailurematters"]}]}},"_links":{"self":[{"href":"https:\/\/www.heartfailurematters.org\/pt-pt\/wp-json\/wp\/v2\/pages\/2091","targetHints":{"allow":["GET"]}}],"collection":[{"href":"https:\/\/www.heartfailurematters.org\/pt-pt\/wp-json\/wp\/v2\/pages"}],"about":[{"href":"https:\/\/www.heartfailurematters.org\/pt-pt\/wp-json\/wp\/v2\/types\/page"}],"author":[{"embeddable":true,"href":"https:\/\/www.heartfailurematters.org\/pt-pt\/wp-json\/wp\/v2\/users\/1"}],"replies":[{"embeddable":true,"href":"https:\/\/www.heartfailurematters.org\/pt-pt\/wp-json\/wp\/v2\/comments?post=2091"}],"version-history":[{"count":1,"href":"https:\/\/www.heartfailurematters.org\/pt-pt\/wp-json\/wp\/v2\/pages\/2091\/revisions"}],"predecessor-version":[{"id":10364,"href":"https:\/\/www.heartfailurematters.org\/pt-pt\/wp-json\/wp\/v2\/pages\/2091\/revisions\/10364"}],"up":[{"embeddable":true,"href":"https:\/\/www.heartfailurematters.org\/pt-pt\/wp-json\/wp\/v2\/pages\/1889"}],"wp:featuredmedia":[{"embeddable":true,"href":"https:\/\/www.heartfailurematters.org\/pt-pt\/wp-json\/wp\/v2\/media\/10709"}],"wp:attachment":[{"href":"https:\/\/www.heartfailurematters.org\/pt-pt\/wp-json\/wp\/v2\/media?parent=2091"}],"wp:term":[{"taxonomy":"category","embeddable":true,"href":"https:\/\/www.heartfailurematters.org\/pt-pt\/wp-json\/wp\/v2\/categories?post=2091"},{"taxonomy":"post_tag","embeddable":true,"href":"https:\/\/www.heartfailurematters.org\/pt-pt\/wp-json\/wp\/v2\/tags?post=2091"}],"curies":[{"name":"wp","href":"https:\/\/api.w.org\/{rel}","templated":true}]}}