{"id":2088,"date":"2021-01-27T22:06:40","date_gmt":"2021-01-27T22:06:40","guid":{"rendered":"http:\/\/heartfailurematters.local:8888\/perguntas-para-fazer-ao-medico\/"},"modified":"2025-12-05T10:19:29","modified_gmt":"2025-12-05T10:19:29","slug":"perguntas-para-fazer-ao-medico","status":"publish","type":"page","link":"https:\/\/www.heartfailurematters.org\/pt-pt\/o-que-o-seu-medico-ou-enfermeiro-pode-fazer\/perguntas-para-fazer-ao-medico\/","title":{"rendered":"Perguntas para fazer ao seu m\u00e9dico ou enfermeiro"},"content":{"rendered":"<p>\u00c9 importante aproveitar ao m\u00e1ximo as consultas com o seu m\u00e9dico, principalmente para obter respostas para quaisquer d\u00favidas que possa ter sobre o seu tratamento para insufici\u00eancia card\u00edaca. Aqui pode ver uma lista de perguntas gerais e uma explica\u00e7\u00e3o do porqu\u00ea pode achar \u00fatil faz\u00ea-las. Pode imprimir e levar consigo na pr\u00f3xima consulta m\u00e9dica.<\/p>\n<h2>MEDICAMENTOS<\/h2>\n<h3>Quantos comprimidos devo tomar e quando?<\/h3>\n<p>O seu m\u00e9dico, farmac\u00eautico ou enfermeiro ir\u00e1 ajudar a criar o seu pr\u00f3prio gr\u00e1fico de medicamentos pessoal, para acompanhar quando e com que frequ\u00eancia deve tomar os seus medicamentos.<\/p>\n<h3>O(s) meu(s) medicamento(s) pode(m) causar efeitos secund\u00e1rios?<\/h3>\n<p>Ao fazer esta pergunta ir\u00e1 garantir que sabe o que esperar ao tomar o medicamento e ir\u00e1 permitir-lhe preparar-se para quaisquer efeitos secund\u00e1rios indesejados, por exemplo, se a tontura for um efeito secund\u00e1rio do seu medicamento, pode precaver-se ao n\u00e3o se levantar muito rapidamente e sair da cama lentamente.<\/p>\n<h3>Quem devo contactar se achar que estou a ter uma rea\u00e7\u00e3o adversa ao(s) meu(s) medicamento(s)?<\/h3>\n<p>O seu m\u00e9dico ir\u00e1 aconselhar sobre quem deve contactar se n\u00e3o se sentir bem depois de tomar o seu medicamento para a insufici\u00eancia card\u00edaca. Certifique-se de que tem sempre toda a informa\u00e7\u00e3o \u00e0 m\u00e3o e compartilhe com a fam\u00edlia e amigos.<\/p>\n<h3>E se esquecer de tomar um comprimido?<\/h3>\n<p>O seu m\u00e9dico ir\u00e1 aconselhar sobre o que fazer caso se esque\u00e7a de uma ou mais doses do seu medicamento. Para que a os medicamentos para a insufici\u00eancia card\u00edaca funcionem da melhor forma, deve tomar a dose correta na hora correta. Ao tomar um comprimido mais tardie ou dois comprimidos ao mesmo tempo, pode aumentar a quantidade de medicamento no seu organismo para um n\u00edvel que pode resultar em efeitos secund\u00e1rios.<\/p>\n<h3>Com que frequ\u00eancia preciso de obter uma nova receita?<\/h3>\n<p>O seu m\u00e9dico ir\u00e1 prescrever o seu medicamento durante um per\u00edodo de tempo espec\u00edfico e dir\u00e1 se precisa de marcar outra consulta para obter uma outra receita ou se pode obter na sua cl\u00ednica ou farm\u00e1cia. A maioria dos medicamentos para insufici\u00eancia card\u00edaca deve ser tomada todos os dias, por isso \u00e9 importante planear com anteced\u00eancia para garantir que n\u00e3o fique sem nenhum e que se lembra sempre que vai sair de f\u00e9rias ou tem viagens planeadas.<\/p>\n<h2>DISPOSITIVOS<\/h2>\n<h3>Como sei se preciso de um dispositivo?<\/h3>\n<p>O seu m\u00e9dico ir\u00e1 avaliar os seus sintomas e a fun\u00e7\u00e3o card\u00edaca. Se o seu cora\u00e7\u00e3o bater demasiado devagar, poder\u00e1 precisar de um marca passo. Se tiver sintomas moderados ou graves de insufici\u00eancia card\u00edaca e evid\u00eancia de contra\u00e7\u00e3o fraca e irregular, poder\u00e1 precisar de um TRC. Se j\u00e1 teve epis\u00f3dios com altera\u00e7\u00f5es graves do ritmo, poder\u00e1 ser considerado para um CDI.<\/p>\n<h3>Quais s\u00e3o os riscos associados ao implante de um dispositivo?<\/h3>\n<p>O seu m\u00e9dico dever\u00e1 informar sobre os riscos associados ao implante de um dispositivo. Para a maioria dos doentes, os benef\u00edcios de ter um dispositivo superam em muito quaisquer riscos.<\/p>\n<h3>Vou precisar de anestesia geral ou local para me implantarem o dispositivo?<\/h3>\n<p>Com anestesia geral a pessoa adormece, com anestesia local a pessoa fica acordada mas a parte do corpo que est\u00e1 a ser operada ficar\u00e1 dormente. O seu m\u00e9dico poder\u00e1 dizer-lhe se precisa de uma anestesia local ou geral para que possa estar preparado(a). Pode ser pedido para n\u00e3o comer ou beber nada por at\u00e9 6 horas antes da maioria dos procedimentos, incluindo cirurgias com anestesia geral.<\/p>\n<h3>Precisarei passar a noite no hospital quando for colocar o dispositivo?<\/h3>\n<p>O seu m\u00e9dico dir\u00e1 se precisa de passar a noite no hospital. Ir\u00e1 depender se precisa de anestesia geral, pois o tempo de recupera\u00e7\u00e3o ser\u00e1 mais longo para procedimentos com anestesia geral do que para anestesia local. Poder\u00e1 ter de ir para o hospital na noite anterior se o seu dispositivo for colocado de manh\u00e3 cedo.<\/p>\n<h3>Com que frequ\u00eancia terei de voltar para verificar o meu dispositivo?<\/h3>\n<p>O seu m\u00e9dico dever\u00e1 informar sobre com que frequ\u00eancia o seu dispositivo precisa de ser verificado. \u00c9 muito importante comparecer a essas consultas, ent\u00e3o certifique-se de planear com anteced\u00eancia e que n\u00e3o vai sair de f\u00e9rias quando tiver uma verifica\u00e7\u00e3o de dispositivo agendada. O seu dispositivo precisar\u00e1 de ser substitu\u00eddo a certa altura, mas o seu m\u00e9dico dever\u00e1 informar sobre quando ser\u00e1.<\/p>\n<h3>Poderei viajar de avi\u00e3o, conduzir um carro e realizar outras atividades normais?<\/h3>\n<p>Ap\u00f3s a inser\u00e7\u00e3o do seu dispositivo, ainda deve poder viajar de avi\u00e3o e conduzir um carro. No entanto, o seu m\u00e9dico dever\u00e1 aconselhar sobre o que deve evitar fazer. Pode haver algumas restri\u00e7\u00f5es na condu\u00e7\u00e3o ap\u00f3s o seu dispositivo ter sido implantado e isso deve ser discutido. O seu m\u00e9dico ou fisioterapeuta ir\u00e1 recomendar um programa de atividade f\u00edsica gradual, para garantir que n\u00e3o coloca demasiada press\u00e3o sobre o seu corpo muito rapidamente.<\/p>\n<h3>Terei que tomar algum medicamento extra ap\u00f3s o implante do dispositivo?<\/h3>\n<p>Pode precisar de tomar medicamentos adicionais ou pode precisar de alterar a medica\u00e7\u00e3o que estava a tomar antes de receber o dispositivo. O seu m\u00e9dico dir\u00e1 quais os medicamentos que precisa de tomar, com que frequ\u00eancia e durante quanto tempo. Poder\u00e1 ent\u00e3o adicion\u00e1-los \u00e0 sua rotina di\u00e1ria e adicion\u00e1-los a um gr\u00e1fico de medicamentos para se lembrar de tomar corretamente.<\/p>\n<h2>CIRURGIA E PROCEDIMENTOS<\/h2>\n<h3>Quais s\u00e3o os riscos associados a esta cirurgia?<\/h3>\n<p>Antes de fazer qualquer cirurgia, o seu m\u00e9dico informar\u00e1 sobre o procedimento e riscos associados. Para a maioria dos doentes, os benef\u00edcios da cirurgia superam em muito os riscos.<\/p>\n<h3>Terei que ficar no hospital?<\/h3>\n<p>O seu m\u00e9dico poder\u00e1 dizer-lhe se precisa de tomar provid\u00eancias para ficar no hospital durante a noite, depois poder\u00e1 planear de acordo.<\/p>\n<h3>Quanto tempo demora a cirurgia\/procedimento?<\/h3>\n<p>O seu m\u00e9dico deve dar uma ideia de quanto tempo levar\u00e1 o procedimento e quanto tempo estar\u00e1 no hospital para que possa planejar-se.<\/p>\n<h3>Vou sentir alguma coisa?<\/h3>\n<p>O seu m\u00e9dico ir\u00e1 informar se precisar\u00e1 de uma anestesia geral ou local durante o procedimento. Se for uma anestesia geral, ser\u00e1 adormecido(a) e n\u00e3o estar\u00e1 consciente durante a cirurgia ou procedimento. Se for uma anestesia local, ficar\u00e1 acordado(a) durante o procedimento mas n\u00e3o dever\u00e1 conseguir sentir nada, pois a \u00e1rea a ser operada ficar\u00e1 dormente.<\/p>\n<h3>Terei que tomar algum medicamento extra ap\u00f3s o procedimento?<\/h3>\n<p>Pode ser necess\u00e1rio tomar medicamentos ap\u00f3s a cirurgia que sejam diferentes dos que estava a tomar antes do procedimento. Pode levar as perguntas da <a href=\"https:\/\/www.heartfailurematters.org\/what-your-doctor-can-do\/heart-failure-medicines\/\">lista de medicamentos<\/a> para que ap\u00f3s o procedimento possa verificar a quantidade a tomar, a frequ\u00eancia e se existem efeitos secund\u00e1rios associados.<\/p>\n<h3>Quanto tempo demora para come\u00e7ar a sentir-me melhor?<\/h3>\n<p>O seu m\u00e9dico poder\u00e1 informar de quanto tempo demorar\u00e1 para recuperar da opera\u00e7\u00e3o. Embora a recupera\u00e7\u00e3o da cirurgia n\u00e3o seja muito longa, pode demorar algum tempo at\u00e9 que se percebam os benef\u00edcios da cirurgia nos sintomas de insufici\u00eancia card\u00edaca.<\/p>\n<h3>Terei que fazer altera\u00e7\u00f5es no estilo de vida?<\/h3>\n<p>Ap\u00f3s a cirurgia, poder\u00e1 n\u00e3o conseguir regressar \u00e0 sua dieta e atividade f\u00edsica normais imediatamente. O seu m\u00e9dico dever\u00e1 aconselhar sobre o que pode fazer e o que deve evitar fazer.<\/p>\n<p>&nbsp;<\/p>\n<p><a href=\"https:\/\/cdn-endpoint-hfm.azureedge.net\/heartfailurematters\/2023\/08\/Patient-Guide-Tool_EN.pdf\">Prepara\u00e7\u00e3o para a sua pr\u00f3xima consulta<\/a><\/p>\n<p>&nbsp;<\/p>\n","protected":false},"excerpt":{"rendered":"<p>\u00c9 importante aproveitar ao m\u00e1ximo as consultas com o seu m\u00e9dico, principalmente para obter respostas para quaisquer d\u00favidas que possa ter sobre o seu tratamento para insufici\u00eancia card\u00edaca. Aqui pode ver uma lista de perguntas gerais e uma explica\u00e7\u00e3o do porqu\u00ea pode achar \u00fatil faz\u00ea-las. Pode imprimir e levar consigo na pr\u00f3xima consulta m\u00e9dica. MEDICAMENTOS [&hellip;]<\/p>\n","protected":false},"author":1,"featured_media":10540,"parent":2682,"menu_order":9,"comment_status":"open","ping_status":"closed","template":"","meta":{"_acf_changed":false,"footnotes":""},"categories":[147],"tags":[],"class_list":["post-2088","page","type-page","status-publish","has-post-thumbnail","hentry","category-what-can-your-doctor-do-pt"],"acf":[],"yoast_head":"<!-- This site is optimized with the Yoast SEO plugin v24.8.1 - https:\/\/yoast.com\/wordpress\/plugins\/seo\/ -->\n<title>Perguntas para fazer ao seu m\u00e9dico ou enfermeiro sobre insufici\u00eancia card\u00edaca<\/title>\n<meta name=\"description\" content=\"\u00c9 importante aproveitar ao m\u00e1ximo as consultas com o seu m\u00e9dico para ter respostas para quaisquer d\u00favidas que possa ter sobre o seu tratamento para insufici\u00eancia card\u00edaca.\" \/>\n<meta name=\"robots\" content=\"index, follow, max-snippet:-1, max-image-preview:large, max-video-preview:-1\" \/>\n<link rel=\"canonical\" href=\"https:\/\/www.heartfailurematters.org\/pt-pt\/o-que-o-seu-medico-ou-enfermeiro-pode-fazer\/perguntas-para-fazer-ao-medico\/\" \/>\n<meta property=\"og:locale\" content=\"pt_PT\" \/>\n<meta property=\"og:type\" content=\"article\" \/>\n<meta property=\"og:title\" content=\"Perguntas para fazer ao seu m\u00e9dico ou enfermeiro sobre insufici\u00eancia card\u00edaca\" \/>\n<meta property=\"og:description\" content=\"\u00c9 importante aproveitar ao m\u00e1ximo as consultas com o seu m\u00e9dico para ter respostas para quaisquer d\u00favidas que possa ter sobre o seu tratamento para insufici\u00eancia card\u00edaca.\" \/>\n<meta property=\"og:url\" content=\"https:\/\/www.heartfailurematters.org\/pt-pt\/o-que-o-seu-medico-ou-enfermeiro-pode-fazer\/perguntas-para-fazer-ao-medico\/\" \/>\n<meta property=\"og:site_name\" content=\"Heart Failure Matters\" \/>\n<meta property=\"article:publisher\" content=\"https:\/\/www.facebook.com\/heartfailurematters\" \/>\n<meta property=\"article:modified_time\" content=\"2025-12-05T10:19:29+00:00\" \/>\n<meta property=\"og:image\" content=\"https:\/\/www.heartfailurematters.org\/wp-content\/uploads\/2022\/02\/shutterstock_258402434-1-min.jpg\" \/>\n\t<meta property=\"og:image:width\" content=\"900\" \/>\n\t<meta property=\"og:image:height\" content=\"475\" \/>\n\t<meta property=\"og:image:type\" content=\"image\/jpeg\" \/>\n<meta name=\"twitter:card\" content=\"summary_large_image\" \/>\n<meta name=\"twitter:label1\" content=\"Tempo estimado de leitura\" \/>\n\t<meta name=\"twitter:data1\" content=\"6 minutos\" \/>\n<script type=\"application\/ld+json\" class=\"yoast-schema-graph\">{\"@context\":\"https:\/\/schema.org\",\"@graph\":[{\"@type\":\"WebPage\",\"@id\":\"https:\/\/www.heartfailurematters.org\/pt-pt\/o-que-o-seu-medico-ou-enfermeiro-pode-fazer\/perguntas-para-fazer-ao-medico\/\",\"url\":\"https:\/\/www.heartfailurematters.org\/pt-pt\/o-que-o-seu-medico-ou-enfermeiro-pode-fazer\/perguntas-para-fazer-ao-medico\/\",\"name\":\"Perguntas para fazer ao seu m\u00e9dico ou enfermeiro sobre insufici\u00eancia card\u00edaca\",\"isPartOf\":{\"@id\":\"https:\/\/www.heartfailurematters.org\/pt-pt\/#website\"},\"primaryImageOfPage\":{\"@id\":\"https:\/\/www.heartfailurematters.org\/pt-pt\/o-que-o-seu-medico-ou-enfermeiro-pode-fazer\/perguntas-para-fazer-ao-medico\/#primaryimage\"},\"image\":{\"@id\":\"https:\/\/www.heartfailurematters.org\/pt-pt\/o-que-o-seu-medico-ou-enfermeiro-pode-fazer\/perguntas-para-fazer-ao-medico\/#primaryimage\"},\"thumbnailUrl\":\"https:\/\/www.heartfailurematters.org\/wp-content\/uploads\/2022\/02\/shutterstock_258402434-1-min.jpg\",\"datePublished\":\"2021-01-27T22:06:40+00:00\",\"dateModified\":\"2025-12-05T10:19:29+00:00\",\"description\":\"\u00c9 importante aproveitar ao m\u00e1ximo as consultas com o seu m\u00e9dico para ter respostas para quaisquer d\u00favidas que possa ter sobre o seu tratamento para insufici\u00eancia card\u00edaca.\",\"breadcrumb\":{\"@id\":\"https:\/\/www.heartfailurematters.org\/pt-pt\/o-que-o-seu-medico-ou-enfermeiro-pode-fazer\/perguntas-para-fazer-ao-medico\/#breadcrumb\"},\"inLanguage\":\"pt-PT\",\"potentialAction\":[{\"@type\":\"ReadAction\",\"target\":[\"https:\/\/www.heartfailurematters.org\/pt-pt\/o-que-o-seu-medico-ou-enfermeiro-pode-fazer\/perguntas-para-fazer-ao-medico\/\"]}]},{\"@type\":\"ImageObject\",\"inLanguage\":\"pt-PT\",\"@id\":\"https:\/\/www.heartfailurematters.org\/pt-pt\/o-que-o-seu-medico-ou-enfermeiro-pode-fazer\/perguntas-para-fazer-ao-medico\/#primaryimage\",\"url\":\"https:\/\/www.heartfailurematters.org\/wp-content\/uploads\/2022\/02\/shutterstock_258402434-1-min.jpg\",\"contentUrl\":\"https:\/\/www.heartfailurematters.org\/wp-content\/uploads\/2022\/02\/shutterstock_258402434-1-min.jpg\",\"width\":900,\"height\":475},{\"@type\":\"BreadcrumbList\",\"@id\":\"https:\/\/www.heartfailurematters.org\/pt-pt\/o-que-o-seu-medico-ou-enfermeiro-pode-fazer\/perguntas-para-fazer-ao-medico\/#breadcrumb\",\"itemListElement\":[{\"@type\":\"ListItem\",\"position\":1,\"name\":\"P\u00e1gina inicial\",\"item\":\"https:\/\/www.heartfailurematters.org\/pt-pt\/\"},{\"@type\":\"ListItem\",\"position\":2,\"name\":\"O que o seu m\u00e9dico pode fazer\",\"item\":\"https:\/\/www.heartfailurematters.org\/pt-pt\/o-que-o-seu-medico-ou-enfermeiro-pode-fazer\/\"},{\"@type\":\"ListItem\",\"position\":3,\"name\":\"Perguntas para fazer ao seu m\u00e9dico ou enfermeiro\"}]},{\"@type\":\"WebSite\",\"@id\":\"https:\/\/www.heartfailurematters.org\/pt-pt\/#website\",\"url\":\"https:\/\/www.heartfailurematters.org\/pt-pt\/\",\"name\":\"Heart Failure Matters\",\"description\":\"Practical information for patients, families and caregivers.\",\"publisher\":{\"@id\":\"https:\/\/www.heartfailurematters.org\/pt-pt\/#organization\"},\"potentialAction\":[{\"@type\":\"SearchAction\",\"target\":{\"@type\":\"EntryPoint\",\"urlTemplate\":\"https:\/\/www.heartfailurematters.org\/pt-pt\/?s={search_term_string}\"},\"query-input\":{\"@type\":\"PropertyValueSpecification\",\"valueRequired\":true,\"valueName\":\"search_term_string\"}}],\"inLanguage\":\"pt-PT\"},{\"@type\":\"Organization\",\"@id\":\"https:\/\/www.heartfailurematters.org\/pt-pt\/#organization\",\"name\":\"Heart Failure Matters\",\"url\":\"https:\/\/www.heartfailurematters.org\/pt-pt\/\",\"logo\":{\"@type\":\"ImageObject\",\"inLanguage\":\"pt-PT\",\"@id\":\"https:\/\/www.heartfailurematters.org\/pt-pt\/#\/schema\/logo\/image\/\",\"url\":\"https:\/\/cdn-endpoint-hfm.azureedge.net\/heartfailurematters\/2024\/07\/hfm-logo1.jpg\",\"contentUrl\":\"https:\/\/cdn-endpoint-hfm.azureedge.net\/heartfailurematters\/2024\/07\/hfm-logo1.jpg\",\"width\":1280,\"height\":720,\"caption\":\"Heart Failure Matters\"},\"image\":{\"@id\":\"https:\/\/www.heartfailurematters.org\/pt-pt\/#\/schema\/logo\/image\/\"},\"sameAs\":[\"https:\/\/www.facebook.com\/heartfailurematters\"]}]}<\/script>\n<!-- \/ Yoast SEO plugin. -->","yoast_head_json":{"title":"Perguntas para fazer ao seu m\u00e9dico ou enfermeiro sobre insufici\u00eancia card\u00edaca","description":"\u00c9 importante aproveitar ao m\u00e1ximo as consultas com o seu m\u00e9dico para ter respostas para quaisquer d\u00favidas que possa ter sobre o seu tratamento para insufici\u00eancia card\u00edaca.","robots":{"index":"index","follow":"follow","max-snippet":"max-snippet:-1","max-image-preview":"max-image-preview:large","max-video-preview":"max-video-preview:-1"},"canonical":"https:\/\/www.heartfailurematters.org\/pt-pt\/o-que-o-seu-medico-ou-enfermeiro-pode-fazer\/perguntas-para-fazer-ao-medico\/","og_locale":"pt_PT","og_type":"article","og_title":"Perguntas para fazer ao seu m\u00e9dico ou enfermeiro sobre insufici\u00eancia card\u00edaca","og_description":"\u00c9 importante aproveitar ao m\u00e1ximo as consultas com o seu m\u00e9dico para ter respostas para quaisquer d\u00favidas que possa ter sobre o seu tratamento para insufici\u00eancia card\u00edaca.","og_url":"https:\/\/www.heartfailurematters.org\/pt-pt\/o-que-o-seu-medico-ou-enfermeiro-pode-fazer\/perguntas-para-fazer-ao-medico\/","og_site_name":"Heart Failure Matters","article_publisher":"https:\/\/www.facebook.com\/heartfailurematters","article_modified_time":"2025-12-05T10:19:29+00:00","og_image":[{"width":900,"height":475,"url":"https:\/\/www.heartfailurematters.org\/wp-content\/uploads\/2022\/02\/shutterstock_258402434-1-min.jpg","type":"image\/jpeg"}],"twitter_card":"summary_large_image","twitter_misc":{"Tempo estimado de leitura":"6 minutos"},"schema":{"@context":"https:\/\/schema.org","@graph":[{"@type":"WebPage","@id":"https:\/\/www.heartfailurematters.org\/pt-pt\/o-que-o-seu-medico-ou-enfermeiro-pode-fazer\/perguntas-para-fazer-ao-medico\/","url":"https:\/\/www.heartfailurematters.org\/pt-pt\/o-que-o-seu-medico-ou-enfermeiro-pode-fazer\/perguntas-para-fazer-ao-medico\/","name":"Perguntas para fazer ao seu m\u00e9dico ou enfermeiro sobre insufici\u00eancia card\u00edaca","isPartOf":{"@id":"https:\/\/www.heartfailurematters.org\/pt-pt\/#website"},"primaryImageOfPage":{"@id":"https:\/\/www.heartfailurematters.org\/pt-pt\/o-que-o-seu-medico-ou-enfermeiro-pode-fazer\/perguntas-para-fazer-ao-medico\/#primaryimage"},"image":{"@id":"https:\/\/www.heartfailurematters.org\/pt-pt\/o-que-o-seu-medico-ou-enfermeiro-pode-fazer\/perguntas-para-fazer-ao-medico\/#primaryimage"},"thumbnailUrl":"https:\/\/www.heartfailurematters.org\/wp-content\/uploads\/2022\/02\/shutterstock_258402434-1-min.jpg","datePublished":"2021-01-27T22:06:40+00:00","dateModified":"2025-12-05T10:19:29+00:00","description":"\u00c9 importante aproveitar ao m\u00e1ximo as consultas com o seu m\u00e9dico para ter respostas para quaisquer d\u00favidas que possa ter sobre o seu tratamento para insufici\u00eancia card\u00edaca.","breadcrumb":{"@id":"https:\/\/www.heartfailurematters.org\/pt-pt\/o-que-o-seu-medico-ou-enfermeiro-pode-fazer\/perguntas-para-fazer-ao-medico\/#breadcrumb"},"inLanguage":"pt-PT","potentialAction":[{"@type":"ReadAction","target":["https:\/\/www.heartfailurematters.org\/pt-pt\/o-que-o-seu-medico-ou-enfermeiro-pode-fazer\/perguntas-para-fazer-ao-medico\/"]}]},{"@type":"ImageObject","inLanguage":"pt-PT","@id":"https:\/\/www.heartfailurematters.org\/pt-pt\/o-que-o-seu-medico-ou-enfermeiro-pode-fazer\/perguntas-para-fazer-ao-medico\/#primaryimage","url":"https:\/\/www.heartfailurematters.org\/wp-content\/uploads\/2022\/02\/shutterstock_258402434-1-min.jpg","contentUrl":"https:\/\/www.heartfailurematters.org\/wp-content\/uploads\/2022\/02\/shutterstock_258402434-1-min.jpg","width":900,"height":475},{"@type":"BreadcrumbList","@id":"https:\/\/www.heartfailurematters.org\/pt-pt\/o-que-o-seu-medico-ou-enfermeiro-pode-fazer\/perguntas-para-fazer-ao-medico\/#breadcrumb","itemListElement":[{"@type":"ListItem","position":1,"name":"P\u00e1gina inicial","item":"https:\/\/www.heartfailurematters.org\/pt-pt\/"},{"@type":"ListItem","position":2,"name":"O que o seu m\u00e9dico pode fazer","item":"https:\/\/www.heartfailurematters.org\/pt-pt\/o-que-o-seu-medico-ou-enfermeiro-pode-fazer\/"},{"@type":"ListItem","position":3,"name":"Perguntas para fazer ao seu m\u00e9dico ou enfermeiro"}]},{"@type":"WebSite","@id":"https:\/\/www.heartfailurematters.org\/pt-pt\/#website","url":"https:\/\/www.heartfailurematters.org\/pt-pt\/","name":"Heart Failure Matters","description":"Practical information for patients, families and caregivers.","publisher":{"@id":"https:\/\/www.heartfailurematters.org\/pt-pt\/#organization"},"potentialAction":[{"@type":"SearchAction","target":{"@type":"EntryPoint","urlTemplate":"https:\/\/www.heartfailurematters.org\/pt-pt\/?s={search_term_string}"},"query-input":{"@type":"PropertyValueSpecification","valueRequired":true,"valueName":"search_term_string"}}],"inLanguage":"pt-PT"},{"@type":"Organization","@id":"https:\/\/www.heartfailurematters.org\/pt-pt\/#organization","name":"Heart Failure Matters","url":"https:\/\/www.heartfailurematters.org\/pt-pt\/","logo":{"@type":"ImageObject","inLanguage":"pt-PT","@id":"https:\/\/www.heartfailurematters.org\/pt-pt\/#\/schema\/logo\/image\/","url":"https:\/\/cdn-endpoint-hfm.azureedge.net\/heartfailurematters\/2024\/07\/hfm-logo1.jpg","contentUrl":"https:\/\/cdn-endpoint-hfm.azureedge.net\/heartfailurematters\/2024\/07\/hfm-logo1.jpg","width":1280,"height":720,"caption":"Heart Failure Matters"},"image":{"@id":"https:\/\/www.heartfailurematters.org\/pt-pt\/#\/schema\/logo\/image\/"},"sameAs":["https:\/\/www.facebook.com\/heartfailurematters"]}]}},"_links":{"self":[{"href":"https:\/\/www.heartfailurematters.org\/pt-pt\/wp-json\/wp\/v2\/pages\/2088","targetHints":{"allow":["GET"]}}],"collection":[{"href":"https:\/\/www.heartfailurematters.org\/pt-pt\/wp-json\/wp\/v2\/pages"}],"about":[{"href":"https:\/\/www.heartfailurematters.org\/pt-pt\/wp-json\/wp\/v2\/types\/page"}],"author":[{"embeddable":true,"href":"https:\/\/www.heartfailurematters.org\/pt-pt\/wp-json\/wp\/v2\/users\/1"}],"replies":[{"embeddable":true,"href":"https:\/\/www.heartfailurematters.org\/pt-pt\/wp-json\/wp\/v2\/comments?post=2088"}],"version-history":[{"count":3,"href":"https:\/\/www.heartfailurematters.org\/pt-pt\/wp-json\/wp\/v2\/pages\/2088\/revisions"}],"predecessor-version":[{"id":13684,"href":"https:\/\/www.heartfailurematters.org\/pt-pt\/wp-json\/wp\/v2\/pages\/2088\/revisions\/13684"}],"up":[{"embeddable":true,"href":"https:\/\/www.heartfailurematters.org\/pt-pt\/wp-json\/wp\/v2\/pages\/2682"}],"wp:featuredmedia":[{"embeddable":true,"href":"https:\/\/www.heartfailurematters.org\/pt-pt\/wp-json\/wp\/v2\/media\/10540"}],"wp:attachment":[{"href":"https:\/\/www.heartfailurematters.org\/pt-pt\/wp-json\/wp\/v2\/media?parent=2088"}],"wp:term":[{"taxonomy":"category","embeddable":true,"href":"https:\/\/www.heartfailurematters.org\/pt-pt\/wp-json\/wp\/v2\/categories?post=2088"},{"taxonomy":"post_tag","embeddable":true,"href":"https:\/\/www.heartfailurematters.org\/pt-pt\/wp-json\/wp\/v2\/tags?post=2088"}],"curies":[{"name":"wp","href":"https:\/\/api.w.org\/{rel}","templated":true}]}}