{"id":2086,"date":"2021-01-27T22:06:40","date_gmt":"2021-01-27T22:06:40","guid":{"rendered":"http:\/\/heartfailurematters.local:8888\/nitratos-ou-vasodilatadores\/"},"modified":"2025-12-05T10:19:23","modified_gmt":"2025-12-05T10:19:23","slug":"nitratos-ou-vasodilatadores","status":"publish","type":"page","link":"https:\/\/www.heartfailurematters.org\/pt-pt\/o-que-o-seu-medico-ou-enfermeiro-pode-fazer\/nitratos-ou-vasodilatadores\/","title":{"rendered":"Nitratos\/Vasodilatadores"},"content":{"rendered":"<h2>O que fazem<\/h2>\n<p><a class=\"addtooltip\" title=\"&lt;div id='ToolTipTextWrap'&gt;nitratos&lt;\/div&gt;&lt;p&gt; LNitroglicerina de a\u00e7\u00e3o prolongada tomada oralmente.&lt;\/p&gt;\"><strong>Nitratos<\/strong><\/a> s\u00e3o medicamentos que fazem com que os vasos sangu\u00edneos relaxem ou dilatem, reduzindo assim a resist\u00eancia no sistema de vasos sangu\u00edneos. A fun\u00e7\u00e3o vasodilatadora dos nitratos reduz a press\u00e3o arterial, permite que o sangue flua mais facilmente pelo organismo, podendo por isso melhorar os sintomas.<\/p>\n<p>Alguns nitratos s\u00e3o tomados regularmente. No entanto, alguns nitratos de a\u00e7\u00e3o curta (como trinitrato de gliceril\/nitroglicerina) podem ser tomados como um spray ou comprimidos que s\u00e3o colocados sob a l\u00edngua &#8220;quando necess\u00e1rio&#8221; para dor no peito (angina). Existem v\u00e1rios outros tipos de vasodilatadores que n\u00e3o s\u00e3o nitratos utilizados na insufici\u00eancia card\u00edaca. Tamb\u00e9m podem ser administrados na forma de adesivos e pomadas, que s\u00e3o aplicados na pele (angina). Existem v\u00e1rios outros tipos de vasodilatadores que n\u00e3o s\u00e3o nitratos utilizados na insufici\u00eancia card\u00edaca. Tamb\u00e9m podem ser administrados na forma de adesivos e pomadas, que s\u00e3o aplicados na pele.<\/p>\n<h2>Quais s\u00e3o os benef\u00edcios esperados?<\/h2>\n<p>Os <strong>nitratos<\/strong> reduzem a ocorr\u00eancia e a intensidade da dor no peito (angina de peito) e, portanto, s\u00e3o administrados para al\u00edvio dos sintomas. Outros vasodilatadores, como Hidralazina e Minoxidil, podem ser utilizados para melhorar sintomas como falta de ar.<\/p>\n<h2>Quais s\u00e3o os benef\u00edcios esperados?<\/h2>\n<p>Os nitratos reduzem a ocorr\u00eancia e a intensidade da dor no peito (angina de peito) e, portanto, s\u00e3o administrados para al\u00edvio dos sintomas. Outros vasodilatadores, como Hidralazina e Minoxidil, podem ser utilizados para melhorar sintomas como falta de ar.<\/p>\n<h2>Efeitos colaterais<\/h2>\n<p>Os vasodilatadores podem causar queda na press\u00e3o arterial, o que pode fazer com que sinta fraqueza ou tonturas ao sentar-se ou levantar-se muito rapidamente. Outros efeitos secund\u00e1rios s\u00e3o: dores de cabe\u00e7a, rubor, palpita\u00e7\u00f5es e congest\u00e3o nasal. As dores de cabe\u00e7a s\u00e3o especialmente comuns com vasodilatadores de a\u00e7\u00e3o prolongada, como nitratos.<\/p>\n<h2>Principais dicas<\/h2>\n<p>As <a href=\"https:\/\/www.heartfailurematters.org\/understanding-heart-failure\/dizziness\/\" shape=\"rect\">tonturas<\/a> podem ocorrer com qualquer medicamento que reduza a press\u00e3o arterial. No entanto, na insufici\u00eancia card\u00edaca, o cora\u00e7\u00e3o pode funcionar melhor com press\u00f5es mais baixas.<\/p>\n<p>Se sentir tonturas pela manh\u00e3, tente mover os p\u00e9s para frente e para tr\u00e1s cerca de dez vezes antes de se levantar. Ou ent\u00e3o experimente balan\u00e7ar as pernas para o lado da cama antes de se sentar e, em seguida, sentar-se na lateral da cama durante um minuto antes de se levantar. Deve evitar levantar-se muito rapidamente, quer esteja sentado(a) ou abaixado(a), pois isso pode fazer com que sinta tonturas. N\u00e3o tenha pressa e permita que o seu corpo se adapte.<\/p>\n<h2>Nitratos\/Vasodilatadores:<\/h2>\n<ul>\n<li><strong>Preparados de trinitrato de gliceril\/GTN\/nitroglicerina<\/strong><br \/>\n(Coro-Nitro Pump Spray\u00ae, Glytrin Spray\u00ae, Nitrolingual Pumpspray\u00ae, Nitromin\u00ae, Suscard\u00ae, Deponit\u00ae, Minitran\u00ae, Nitro-Dur\u00ae, Percutol\u00ae, Transiderm-Nitro\u00ae)<\/li>\n<li><strong>Dinitrato de isossorbida<\/strong><br \/>\n(Angitak\u00ae, Isoket Retard\u00ae)<\/li>\n<li><strong>Mononitrato de isossorbida<\/strong><br \/>\n(Angeze\u00ae, Angeze SR\u00ae, Chemydur 60X\u00ae, Elantan\u00ae, Ismo\u00ae, Elantan LA\u00ae, Imdur\u00ae, Isib 60XL\u00ae, Ismo Retard\u00ae, Isodur\u00ae, Isotard\u00ae, Modisal LA\u00ae, Modisal XL\u00ae, Monomax\u00ae, Monomil X\u00ae, Monosorb XL 60\u00ae, Zemon\u00ae)<\/li>\n<li><strong>Hidralazina<\/strong><br \/>\n(Apresoline\u00ae)<\/li>\n<li><strong>Minoxidil<\/strong><br \/>\n(Loniten\u00ae)<\/li>\n<li><strong>Nesiritide<\/strong><br \/>\n(Natrecor\u00ae)<\/li>\n<li><strong>Levosimendan<\/strong><br \/>\n(Simdax\u00ae)&#8221;<\/li>\n<\/ul>\n<table border=\"1\" width=\"100%\" cellspacing=\"0\" cellpadding=\"0\">\n<tbody>\n<tr>\n<td style=\"width: 25%;\">\n<h2>Anima\u00e7\u00e3o<\/h2>\n<\/td>\n<td style=\"width: 75%; vertical-align: middle; text-align: left;\"\/>\n<\/tr>\n<tr>\n<td style=\"width: 25%;\"><a class=\"lightview\" href=\"https:\/\/www.youtube.com\/embed\/lx_ReyaK408?hl=en_UK&amp;autoplay=1;&amp;version=3&amp;rel=0&amp;showinfo=0\" data-lightview-caption=\"The animation above shows how ACE (Angiotensin converting enzyme) inhibitors can help you by causing your blood vessels to relax and thus lower your blood pressure. This means your heart doesn't have to work so hard to squeeze your blood around your body.\" data-lightview-title=\"How ACE inhibitors work in heart failure\" data-lightview-options=\"width: 535, height: 400\" data-lightview-type=\"iframe\" data-lightview-group=\"journey\"><img decoding=\"async\" class=\"alignleft size-full wp-image-5071\" src=\"https:\/\/cdn-endpoint-hfm.azureedge.net\/heartfailurematters\/2021\/02\/07-animation.jpg\" alt=\"\" width=\"180\" height=\"130\"\/><\/a><\/td>\n<td style=\"width: 75%; vertical-align: middle; text-align: left;\">A anima\u00e7\u00e3o explica como os vasodilatadores funcionam na insufici\u00eancia card\u00edaca<\/td>\n<\/tr>\n<\/tbody>\n<\/table>\n<p><a href=\"https:\/\/www.heartfailurematters.org\/what-your-doctor-can-do\/heart-failure-medicines\/\" shape=\"rect\">Voltar a Medicamentos para insufici\u00eancia card\u00edaca<\/a><\/p>\n","protected":false},"excerpt":{"rendered":"<p>O que fazem Nitratos s\u00e3o medicamentos que fazem com que os vasos sangu\u00edneos relaxem ou dilatem, reduzindo assim a resist\u00eancia no sistema de vasos sangu\u00edneos. A fun\u00e7\u00e3o vasodilatadora dos nitratos reduz a press\u00e3o arterial, permite que o sangue flua mais facilmente pelo organismo, podendo por isso melhorar os sintomas. Alguns nitratos s\u00e3o tomados regularmente. No [&hellip;]<\/p>\n","protected":false},"author":1,"featured_media":10871,"parent":2682,"menu_order":0,"comment_status":"open","ping_status":"open","template":"","meta":{"_acf_changed":false,"footnotes":""},"categories":[],"tags":[],"class_list":["post-2086","page","type-page","status-publish","has-post-thumbnail","hentry"],"acf":[],"yoast_head":"<!-- This site is optimized with the Yoast SEO plugin v24.8.1 - https:\/\/yoast.com\/wordpress\/plugins\/seo\/ -->\n<title>Nitratos\/Vasodilatadores e insufici\u00eancia card\u00edaca<\/title>\n<meta name=\"description\" content=\"Vasodilatadores para insufici\u00eancia card\u00edaca: descubra o que s\u00e3o, o que fazem, poss\u00edveis efeitos secund\u00e1rios e outras sugest\u00f5es para gerir efeitos secund\u00e1rios.\" \/>\n<meta name=\"robots\" content=\"index, follow, max-snippet:-1, max-image-preview:large, max-video-preview:-1\" \/>\n<link rel=\"canonical\" href=\"https:\/\/www.heartfailurematters.org\/pt-pt\/o-que-o-seu-medico-ou-enfermeiro-pode-fazer\/nitratos-ou-vasodilatadores\/\" \/>\n<meta property=\"og:locale\" content=\"pt_PT\" \/>\n<meta property=\"og:type\" content=\"article\" \/>\n<meta property=\"og:title\" content=\"Nitratos\/Vasodilatadores e insufici\u00eancia card\u00edaca\" \/>\n<meta property=\"og:description\" content=\"Vasodilatadores para insufici\u00eancia card\u00edaca: descubra o que s\u00e3o, o que fazem, poss\u00edveis efeitos secund\u00e1rios e outras sugest\u00f5es para gerir efeitos secund\u00e1rios.\" \/>\n<meta property=\"og:url\" content=\"https:\/\/www.heartfailurematters.org\/pt-pt\/o-que-o-seu-medico-ou-enfermeiro-pode-fazer\/nitratos-ou-vasodilatadores\/\" \/>\n<meta property=\"og:site_name\" content=\"Heart Failure Matters\" \/>\n<meta property=\"article:publisher\" content=\"https:\/\/www.facebook.com\/heartfailurematters\" \/>\n<meta property=\"article:modified_time\" content=\"2025-12-05T10:19:23+00:00\" \/>\n<meta property=\"og:image\" content=\"https:\/\/www.heartfailurematters.org\/wp-content\/uploads\/2022\/03\/shutterstock_441673426-1-min.jpg\" \/>\n\t<meta property=\"og:image:width\" content=\"900\" \/>\n\t<meta property=\"og:image:height\" content=\"596\" \/>\n\t<meta property=\"og:image:type\" content=\"image\/jpeg\" \/>\n<meta name=\"twitter:card\" content=\"summary_large_image\" \/>\n<meta name=\"twitter:label1\" content=\"Tempo estimado de leitura\" \/>\n\t<meta name=\"twitter:data1\" content=\"2 minutos\" \/>\n<script type=\"application\/ld+json\" class=\"yoast-schema-graph\">{\"@context\":\"https:\/\/schema.org\",\"@graph\":[{\"@type\":\"WebPage\",\"@id\":\"https:\/\/www.heartfailurematters.org\/pt-pt\/o-que-o-seu-medico-ou-enfermeiro-pode-fazer\/nitratos-ou-vasodilatadores\/\",\"url\":\"https:\/\/www.heartfailurematters.org\/pt-pt\/o-que-o-seu-medico-ou-enfermeiro-pode-fazer\/nitratos-ou-vasodilatadores\/\",\"name\":\"Nitratos\/Vasodilatadores e insufici\u00eancia card\u00edaca\",\"isPartOf\":{\"@id\":\"https:\/\/www.heartfailurematters.org\/pt-pt\/#website\"},\"primaryImageOfPage\":{\"@id\":\"https:\/\/www.heartfailurematters.org\/pt-pt\/o-que-o-seu-medico-ou-enfermeiro-pode-fazer\/nitratos-ou-vasodilatadores\/#primaryimage\"},\"image\":{\"@id\":\"https:\/\/www.heartfailurematters.org\/pt-pt\/o-que-o-seu-medico-ou-enfermeiro-pode-fazer\/nitratos-ou-vasodilatadores\/#primaryimage\"},\"thumbnailUrl\":\"https:\/\/www.heartfailurematters.org\/wp-content\/uploads\/2022\/03\/shutterstock_441673426-1-min.jpg\",\"datePublished\":\"2021-01-27T22:06:40+00:00\",\"dateModified\":\"2025-12-05T10:19:23+00:00\",\"description\":\"Vasodilatadores para insufici\u00eancia card\u00edaca: descubra o que s\u00e3o, o que fazem, poss\u00edveis efeitos secund\u00e1rios e outras sugest\u00f5es para gerir efeitos secund\u00e1rios.\",\"breadcrumb\":{\"@id\":\"https:\/\/www.heartfailurematters.org\/pt-pt\/o-que-o-seu-medico-ou-enfermeiro-pode-fazer\/nitratos-ou-vasodilatadores\/#breadcrumb\"},\"inLanguage\":\"pt-PT\",\"potentialAction\":[{\"@type\":\"ReadAction\",\"target\":[\"https:\/\/www.heartfailurematters.org\/pt-pt\/o-que-o-seu-medico-ou-enfermeiro-pode-fazer\/nitratos-ou-vasodilatadores\/\"]}]},{\"@type\":\"ImageObject\",\"inLanguage\":\"pt-PT\",\"@id\":\"https:\/\/www.heartfailurematters.org\/pt-pt\/o-que-o-seu-medico-ou-enfermeiro-pode-fazer\/nitratos-ou-vasodilatadores\/#primaryimage\",\"url\":\"https:\/\/www.heartfailurematters.org\/wp-content\/uploads\/2022\/03\/shutterstock_441673426-1-min.jpg\",\"contentUrl\":\"https:\/\/www.heartfailurematters.org\/wp-content\/uploads\/2022\/03\/shutterstock_441673426-1-min.jpg\",\"width\":900,\"height\":596},{\"@type\":\"BreadcrumbList\",\"@id\":\"https:\/\/www.heartfailurematters.org\/pt-pt\/o-que-o-seu-medico-ou-enfermeiro-pode-fazer\/nitratos-ou-vasodilatadores\/#breadcrumb\",\"itemListElement\":[{\"@type\":\"ListItem\",\"position\":1,\"name\":\"P\u00e1gina inicial\",\"item\":\"https:\/\/www.heartfailurematters.org\/pt-pt\/\"},{\"@type\":\"ListItem\",\"position\":2,\"name\":\"O que o seu m\u00e9dico pode fazer\",\"item\":\"https:\/\/www.heartfailurematters.org\/pt-pt\/o-que-o-seu-medico-ou-enfermeiro-pode-fazer\/\"},{\"@type\":\"ListItem\",\"position\":3,\"name\":\"Nitratos\/Vasodilatadores\"}]},{\"@type\":\"WebSite\",\"@id\":\"https:\/\/www.heartfailurematters.org\/pt-pt\/#website\",\"url\":\"https:\/\/www.heartfailurematters.org\/pt-pt\/\",\"name\":\"Heart Failure Matters\",\"description\":\"Practical information for patients, families and caregivers.\",\"publisher\":{\"@id\":\"https:\/\/www.heartfailurematters.org\/pt-pt\/#organization\"},\"potentialAction\":[{\"@type\":\"SearchAction\",\"target\":{\"@type\":\"EntryPoint\",\"urlTemplate\":\"https:\/\/www.heartfailurematters.org\/pt-pt\/?s={search_term_string}\"},\"query-input\":{\"@type\":\"PropertyValueSpecification\",\"valueRequired\":true,\"valueName\":\"search_term_string\"}}],\"inLanguage\":\"pt-PT\"},{\"@type\":\"Organization\",\"@id\":\"https:\/\/www.heartfailurematters.org\/pt-pt\/#organization\",\"name\":\"Heart Failure Matters\",\"url\":\"https:\/\/www.heartfailurematters.org\/pt-pt\/\",\"logo\":{\"@type\":\"ImageObject\",\"inLanguage\":\"pt-PT\",\"@id\":\"https:\/\/www.heartfailurematters.org\/pt-pt\/#\/schema\/logo\/image\/\",\"url\":\"https:\/\/cdn-endpoint-hfm.azureedge.net\/heartfailurematters\/2024\/07\/hfm-logo1.jpg\",\"contentUrl\":\"https:\/\/cdn-endpoint-hfm.azureedge.net\/heartfailurematters\/2024\/07\/hfm-logo1.jpg\",\"width\":1280,\"height\":720,\"caption\":\"Heart Failure Matters\"},\"image\":{\"@id\":\"https:\/\/www.heartfailurematters.org\/pt-pt\/#\/schema\/logo\/image\/\"},\"sameAs\":[\"https:\/\/www.facebook.com\/heartfailurematters\"]}]}<\/script>\n<!-- \/ Yoast SEO plugin. -->","yoast_head_json":{"title":"Nitratos\/Vasodilatadores e insufici\u00eancia card\u00edaca","description":"Vasodilatadores para insufici\u00eancia card\u00edaca: descubra o que s\u00e3o, o que fazem, poss\u00edveis efeitos secund\u00e1rios e outras sugest\u00f5es para gerir efeitos secund\u00e1rios.","robots":{"index":"index","follow":"follow","max-snippet":"max-snippet:-1","max-image-preview":"max-image-preview:large","max-video-preview":"max-video-preview:-1"},"canonical":"https:\/\/www.heartfailurematters.org\/pt-pt\/o-que-o-seu-medico-ou-enfermeiro-pode-fazer\/nitratos-ou-vasodilatadores\/","og_locale":"pt_PT","og_type":"article","og_title":"Nitratos\/Vasodilatadores e insufici\u00eancia card\u00edaca","og_description":"Vasodilatadores para insufici\u00eancia card\u00edaca: descubra o que s\u00e3o, o que fazem, poss\u00edveis efeitos secund\u00e1rios e outras sugest\u00f5es para gerir efeitos secund\u00e1rios.","og_url":"https:\/\/www.heartfailurematters.org\/pt-pt\/o-que-o-seu-medico-ou-enfermeiro-pode-fazer\/nitratos-ou-vasodilatadores\/","og_site_name":"Heart Failure Matters","article_publisher":"https:\/\/www.facebook.com\/heartfailurematters","article_modified_time":"2025-12-05T10:19:23+00:00","og_image":[{"width":900,"height":596,"url":"https:\/\/www.heartfailurematters.org\/wp-content\/uploads\/2022\/03\/shutterstock_441673426-1-min.jpg","type":"image\/jpeg"}],"twitter_card":"summary_large_image","twitter_misc":{"Tempo estimado de leitura":"2 minutos"},"schema":{"@context":"https:\/\/schema.org","@graph":[{"@type":"WebPage","@id":"https:\/\/www.heartfailurematters.org\/pt-pt\/o-que-o-seu-medico-ou-enfermeiro-pode-fazer\/nitratos-ou-vasodilatadores\/","url":"https:\/\/www.heartfailurematters.org\/pt-pt\/o-que-o-seu-medico-ou-enfermeiro-pode-fazer\/nitratos-ou-vasodilatadores\/","name":"Nitratos\/Vasodilatadores e insufici\u00eancia card\u00edaca","isPartOf":{"@id":"https:\/\/www.heartfailurematters.org\/pt-pt\/#website"},"primaryImageOfPage":{"@id":"https:\/\/www.heartfailurematters.org\/pt-pt\/o-que-o-seu-medico-ou-enfermeiro-pode-fazer\/nitratos-ou-vasodilatadores\/#primaryimage"},"image":{"@id":"https:\/\/www.heartfailurematters.org\/pt-pt\/o-que-o-seu-medico-ou-enfermeiro-pode-fazer\/nitratos-ou-vasodilatadores\/#primaryimage"},"thumbnailUrl":"https:\/\/www.heartfailurematters.org\/wp-content\/uploads\/2022\/03\/shutterstock_441673426-1-min.jpg","datePublished":"2021-01-27T22:06:40+00:00","dateModified":"2025-12-05T10:19:23+00:00","description":"Vasodilatadores para insufici\u00eancia card\u00edaca: descubra o que s\u00e3o, o que fazem, poss\u00edveis efeitos secund\u00e1rios e outras sugest\u00f5es para gerir efeitos secund\u00e1rios.","breadcrumb":{"@id":"https:\/\/www.heartfailurematters.org\/pt-pt\/o-que-o-seu-medico-ou-enfermeiro-pode-fazer\/nitratos-ou-vasodilatadores\/#breadcrumb"},"inLanguage":"pt-PT","potentialAction":[{"@type":"ReadAction","target":["https:\/\/www.heartfailurematters.org\/pt-pt\/o-que-o-seu-medico-ou-enfermeiro-pode-fazer\/nitratos-ou-vasodilatadores\/"]}]},{"@type":"ImageObject","inLanguage":"pt-PT","@id":"https:\/\/www.heartfailurematters.org\/pt-pt\/o-que-o-seu-medico-ou-enfermeiro-pode-fazer\/nitratos-ou-vasodilatadores\/#primaryimage","url":"https:\/\/www.heartfailurematters.org\/wp-content\/uploads\/2022\/03\/shutterstock_441673426-1-min.jpg","contentUrl":"https:\/\/www.heartfailurematters.org\/wp-content\/uploads\/2022\/03\/shutterstock_441673426-1-min.jpg","width":900,"height":596},{"@type":"BreadcrumbList","@id":"https:\/\/www.heartfailurematters.org\/pt-pt\/o-que-o-seu-medico-ou-enfermeiro-pode-fazer\/nitratos-ou-vasodilatadores\/#breadcrumb","itemListElement":[{"@type":"ListItem","position":1,"name":"P\u00e1gina inicial","item":"https:\/\/www.heartfailurematters.org\/pt-pt\/"},{"@type":"ListItem","position":2,"name":"O que o seu m\u00e9dico pode fazer","item":"https:\/\/www.heartfailurematters.org\/pt-pt\/o-que-o-seu-medico-ou-enfermeiro-pode-fazer\/"},{"@type":"ListItem","position":3,"name":"Nitratos\/Vasodilatadores"}]},{"@type":"WebSite","@id":"https:\/\/www.heartfailurematters.org\/pt-pt\/#website","url":"https:\/\/www.heartfailurematters.org\/pt-pt\/","name":"Heart Failure Matters","description":"Practical information for patients, families and caregivers.","publisher":{"@id":"https:\/\/www.heartfailurematters.org\/pt-pt\/#organization"},"potentialAction":[{"@type":"SearchAction","target":{"@type":"EntryPoint","urlTemplate":"https:\/\/www.heartfailurematters.org\/pt-pt\/?s={search_term_string}"},"query-input":{"@type":"PropertyValueSpecification","valueRequired":true,"valueName":"search_term_string"}}],"inLanguage":"pt-PT"},{"@type":"Organization","@id":"https:\/\/www.heartfailurematters.org\/pt-pt\/#organization","name":"Heart Failure Matters","url":"https:\/\/www.heartfailurematters.org\/pt-pt\/","logo":{"@type":"ImageObject","inLanguage":"pt-PT","@id":"https:\/\/www.heartfailurematters.org\/pt-pt\/#\/schema\/logo\/image\/","url":"https:\/\/cdn-endpoint-hfm.azureedge.net\/heartfailurematters\/2024\/07\/hfm-logo1.jpg","contentUrl":"https:\/\/cdn-endpoint-hfm.azureedge.net\/heartfailurematters\/2024\/07\/hfm-logo1.jpg","width":1280,"height":720,"caption":"Heart Failure Matters"},"image":{"@id":"https:\/\/www.heartfailurematters.org\/pt-pt\/#\/schema\/logo\/image\/"},"sameAs":["https:\/\/www.facebook.com\/heartfailurematters"]}]}},"_links":{"self":[{"href":"https:\/\/www.heartfailurematters.org\/pt-pt\/wp-json\/wp\/v2\/pages\/2086","targetHints":{"allow":["GET"]}}],"collection":[{"href":"https:\/\/www.heartfailurematters.org\/pt-pt\/wp-json\/wp\/v2\/pages"}],"about":[{"href":"https:\/\/www.heartfailurematters.org\/pt-pt\/wp-json\/wp\/v2\/types\/page"}],"author":[{"embeddable":true,"href":"https:\/\/www.heartfailurematters.org\/pt-pt\/wp-json\/wp\/v2\/users\/1"}],"replies":[{"embeddable":true,"href":"https:\/\/www.heartfailurematters.org\/pt-pt\/wp-json\/wp\/v2\/comments?post=2086"}],"version-history":[{"count":5,"href":"https:\/\/www.heartfailurematters.org\/pt-pt\/wp-json\/wp\/v2\/pages\/2086\/revisions"}],"predecessor-version":[{"id":13669,"href":"https:\/\/www.heartfailurematters.org\/pt-pt\/wp-json\/wp\/v2\/pages\/2086\/revisions\/13669"}],"up":[{"embeddable":true,"href":"https:\/\/www.heartfailurematters.org\/pt-pt\/wp-json\/wp\/v2\/pages\/2682"}],"wp:featuredmedia":[{"embeddable":true,"href":"https:\/\/www.heartfailurematters.org\/pt-pt\/wp-json\/wp\/v2\/media\/10871"}],"wp:attachment":[{"href":"https:\/\/www.heartfailurematters.org\/pt-pt\/wp-json\/wp\/v2\/media?parent=2086"}],"wp:term":[{"taxonomy":"category","embeddable":true,"href":"https:\/\/www.heartfailurematters.org\/pt-pt\/wp-json\/wp\/v2\/categories?post=2086"},{"taxonomy":"post_tag","embeddable":true,"href":"https:\/\/www.heartfailurematters.org\/pt-pt\/wp-json\/wp\/v2\/tags?post=2086"}],"curies":[{"name":"wp","href":"https:\/\/api.w.org\/{rel}","templated":true}]}}