{"id":2084,"date":"2021-01-27T22:06:40","date_gmt":"2021-01-27T22:06:40","guid":{"rendered":"http:\/\/heartfailurematters.local:8888\/ajustar-a-sua-alimentacao-alcool\/"},"modified":"2022-01-25T11:17:48","modified_gmt":"2022-01-25T11:17:48","slug":"ajustar-a-sua-alimentacao-alcool","status":"publish","type":"page","link":"https:\/\/www.heartfailurematters.org\/pt-pt\/o-que-pode-fazer\/ajustar-a-sua-alimentacao-alcool\/","title":{"rendered":"Ajustar a sua alimenta\u00e7\u00e3o: \u00e1lcool"},"content":{"rendered":"<p>O \u00e1lcool poder\u00e1 relaxar o m\u00fasculo card\u00edaco, retardando os batimentos card\u00edacos e reduzindo a press\u00e3o arterial. Embora o consumo moderado de \u00e1lcool possa ajudar a prevenir a <a class=\"addtooltip\" title=\"Ocorre quando existe um estreitamento ou uma obstru\u00e7\u00e3o total das art\u00e9rias coron\u00e1rias. Isto provoca a redu\u00e7\u00e3o do fluxo sangu\u00edneo e pode causar angina, ataque card\u00edaco e insufici\u00eancia card\u00edaca.\"><strong>doen\u00e7a das art\u00e9rias coron\u00e1rias<\/strong><\/a>, o consumo excessivo quando se tem uma doen\u00e7a card\u00edaca poder\u00e1 aumentar a frequ\u00eancia card\u00edaca e a press\u00e3o arterial e o abuso de \u00e1lcool a longo prazo pode causar <a class=\"addtooltip\" title=\"Uma doen\u00e7a que causa a dilata\u00e7\u00e3o, o aumento anormal da espessura ou a rigidez do m\u00fasculo card\u00edaco. Existem muitas causas para a miocardiopatia.\"><strong>miocardiopatia<\/strong><\/a>.<\/p>\n<p>O seu m\u00e9dico ou enfermeiro especialista em insufici\u00eancia card\u00edaca poder\u00e3o aconselh\u00e1-lo relativamente \u00e0 quantidade de \u00e1lcool que pode beber. Em geral, recomenda-se que n\u00e3o exceda mais de uma ou duas bebidas alco\u00f3licas por dia (uma dose de bebida corresponde a um copo de cerveja ou vinho ou a uma bebida misturada com apenas uma medida de \u00e1lcool). Se apresentar sintomas graves, poder\u00e1 ser aconselhado a evitar totalmente o consumo de \u00e1lcool.<\/p>\n<p>N\u00e3o se esque\u00e7a de que as bebidas alco\u00f3licas devem ser inclu\u00eddas na quantidade de l\u00edquidos permitida diariamente.<\/p>\n<p><a href=\"https:\/\/www.heartfailurematters.org\/pt-pt\/o-que-pode-fazer\/ajustar-a-alimentacao\/\">Voltar \u00e0 sec\u00e7\u00e3o Ajustar a sua alimenta\u00e7\u00e3o<\/a><\/p>\n","protected":false},"excerpt":{"rendered":"<p>O \u00e1lcool poder\u00e1 relaxar o m\u00fasculo card\u00edaco, retardando os batimentos card\u00edacos e reduzindo a press\u00e3o arterial. Embora o consumo moderado de \u00e1lcool possa ajudar a prevenir a doen\u00e7a das art\u00e9rias coron\u00e1rias, o consumo excessivo quando se tem uma doen\u00e7a card\u00edaca poder\u00e1 aumentar a frequ\u00eancia card\u00edaca e a press\u00e3o arterial e o abuso de \u00e1lcool a [&hellip;]<\/p>\n","protected":false},"author":1,"featured_media":10841,"parent":2718,"menu_order":0,"comment_status":"open","ping_status":"open","template":"","meta":{"_acf_changed":false,"footnotes":""},"categories":[],"tags":[],"class_list":["post-2084","page","type-page","status-publish","has-post-thumbnail","hentry"],"acf":[],"yoast_head":"<!-- This site is optimized with the Yoast SEO plugin v24.8.1 - https:\/\/yoast.com\/wordpress\/plugins\/seo\/ -->\n<title>Ajustar a sua alimenta\u00e7\u00e3o: \u00e1lcool<\/title>\n<meta name=\"description\" content=\"Embora um pouco de \u00e1lcool possa ajudar a prevenir a doen\u00e7a coron\u00e1ria, a ingest\u00e3o excessiva com uma doen\u00e7a card\u00edaca existente pode aumentar a frequ\u00eancia card\u00edaca\" \/>\n<meta name=\"robots\" content=\"index, follow, max-snippet:-1, max-image-preview:large, max-video-preview:-1\" \/>\n<link rel=\"canonical\" href=\"https:\/\/www.heartfailurematters.org\/pt-pt\/o-que-pode-fazer\/ajustar-a-sua-alimentacao-alcool\/\" \/>\n<meta property=\"og:locale\" content=\"pt_PT\" \/>\n<meta property=\"og:type\" content=\"article\" \/>\n<meta property=\"og:title\" content=\"Ajustar a sua alimenta\u00e7\u00e3o: \u00e1lcool\" \/>\n<meta property=\"og:description\" content=\"Embora um pouco de \u00e1lcool possa ajudar a prevenir a doen\u00e7a coron\u00e1ria, a ingest\u00e3o excessiva com uma doen\u00e7a card\u00edaca existente pode aumentar a frequ\u00eancia card\u00edaca\" \/>\n<meta property=\"og:url\" content=\"https:\/\/www.heartfailurematters.org\/pt-pt\/o-que-pode-fazer\/ajustar-a-sua-alimentacao-alcool\/\" \/>\n<meta property=\"og:site_name\" content=\"Heart Failure Matters\" \/>\n<meta property=\"article:publisher\" content=\"https:\/\/www.facebook.com\/heartfailurematters\" \/>\n<meta property=\"article:modified_time\" content=\"2022-01-25T11:17:48+00:00\" \/>\n<meta property=\"og:image\" content=\"https:\/\/www.heartfailurematters.org\/wp-content\/uploads\/2022\/03\/shutterstock_1671285592-1-min.jpg\" \/>\n\t<meta property=\"og:image:width\" content=\"900\" \/>\n\t<meta property=\"og:image:height\" content=\"450\" \/>\n\t<meta property=\"og:image:type\" content=\"image\/jpeg\" \/>\n<meta name=\"twitter:card\" content=\"summary_large_image\" \/>\n<meta name=\"twitter:label1\" content=\"Tempo estimado de leitura\" \/>\n\t<meta name=\"twitter:data1\" content=\"1 minuto\" \/>\n<script type=\"application\/ld+json\" class=\"yoast-schema-graph\">{\"@context\":\"https:\/\/schema.org\",\"@graph\":[{\"@type\":\"WebPage\",\"@id\":\"https:\/\/www.heartfailurematters.org\/pt-pt\/o-que-pode-fazer\/ajustar-a-sua-alimentacao-alcool\/\",\"url\":\"https:\/\/www.heartfailurematters.org\/pt-pt\/o-que-pode-fazer\/ajustar-a-sua-alimentacao-alcool\/\",\"name\":\"Ajustar a sua alimenta\u00e7\u00e3o: \u00e1lcool\",\"isPartOf\":{\"@id\":\"https:\/\/www.heartfailurematters.org\/pt-pt\/#website\"},\"primaryImageOfPage\":{\"@id\":\"https:\/\/www.heartfailurematters.org\/pt-pt\/o-que-pode-fazer\/ajustar-a-sua-alimentacao-alcool\/#primaryimage\"},\"image\":{\"@id\":\"https:\/\/www.heartfailurematters.org\/pt-pt\/o-que-pode-fazer\/ajustar-a-sua-alimentacao-alcool\/#primaryimage\"},\"thumbnailUrl\":\"https:\/\/www.heartfailurematters.org\/wp-content\/uploads\/2022\/03\/shutterstock_1671285592-1-min.jpg\",\"datePublished\":\"2021-01-27T22:06:40+00:00\",\"dateModified\":\"2022-01-25T11:17:48+00:00\",\"description\":\"Embora um pouco de \u00e1lcool possa ajudar a prevenir a doen\u00e7a coron\u00e1ria, a ingest\u00e3o excessiva com uma doen\u00e7a card\u00edaca existente pode aumentar a frequ\u00eancia card\u00edaca\",\"breadcrumb\":{\"@id\":\"https:\/\/www.heartfailurematters.org\/pt-pt\/o-que-pode-fazer\/ajustar-a-sua-alimentacao-alcool\/#breadcrumb\"},\"inLanguage\":\"pt-PT\",\"potentialAction\":[{\"@type\":\"ReadAction\",\"target\":[\"https:\/\/www.heartfailurematters.org\/pt-pt\/o-que-pode-fazer\/ajustar-a-sua-alimentacao-alcool\/\"]}]},{\"@type\":\"ImageObject\",\"inLanguage\":\"pt-PT\",\"@id\":\"https:\/\/www.heartfailurematters.org\/pt-pt\/o-que-pode-fazer\/ajustar-a-sua-alimentacao-alcool\/#primaryimage\",\"url\":\"https:\/\/www.heartfailurematters.org\/wp-content\/uploads\/2022\/03\/shutterstock_1671285592-1-min.jpg\",\"contentUrl\":\"https:\/\/www.heartfailurematters.org\/wp-content\/uploads\/2022\/03\/shutterstock_1671285592-1-min.jpg\",\"width\":900,\"height\":450},{\"@type\":\"BreadcrumbList\",\"@id\":\"https:\/\/www.heartfailurematters.org\/pt-pt\/o-que-pode-fazer\/ajustar-a-sua-alimentacao-alcool\/#breadcrumb\",\"itemListElement\":[{\"@type\":\"ListItem\",\"position\":1,\"name\":\"P\u00e1gina inicial\",\"item\":\"https:\/\/www.heartfailurematters.org\/pt-pt\/\"},{\"@type\":\"ListItem\",\"position\":2,\"name\":\"O que pode fazer\",\"item\":\"https:\/\/www.heartfailurematters.org\/pt-pt\/o-que-pode-fazer\/\"},{\"@type\":\"ListItem\",\"position\":3,\"name\":\"Ajustar a sua alimenta\u00e7\u00e3o: \u00e1lcool\"}]},{\"@type\":\"WebSite\",\"@id\":\"https:\/\/www.heartfailurematters.org\/pt-pt\/#website\",\"url\":\"https:\/\/www.heartfailurematters.org\/pt-pt\/\",\"name\":\"Heart Failure Matters\",\"description\":\"Practical information for patients, families and caregivers.\",\"publisher\":{\"@id\":\"https:\/\/www.heartfailurematters.org\/pt-pt\/#organization\"},\"potentialAction\":[{\"@type\":\"SearchAction\",\"target\":{\"@type\":\"EntryPoint\",\"urlTemplate\":\"https:\/\/www.heartfailurematters.org\/pt-pt\/?s={search_term_string}\"},\"query-input\":{\"@type\":\"PropertyValueSpecification\",\"valueRequired\":true,\"valueName\":\"search_term_string\"}}],\"inLanguage\":\"pt-PT\"},{\"@type\":\"Organization\",\"@id\":\"https:\/\/www.heartfailurematters.org\/pt-pt\/#organization\",\"name\":\"Heart Failure Matters\",\"url\":\"https:\/\/www.heartfailurematters.org\/pt-pt\/\",\"logo\":{\"@type\":\"ImageObject\",\"inLanguage\":\"pt-PT\",\"@id\":\"https:\/\/www.heartfailurematters.org\/pt-pt\/#\/schema\/logo\/image\/\",\"url\":\"https:\/\/cdn-endpoint-hfm.azureedge.net\/heartfailurematters\/2024\/07\/hfm-logo1.jpg\",\"contentUrl\":\"https:\/\/cdn-endpoint-hfm.azureedge.net\/heartfailurematters\/2024\/07\/hfm-logo1.jpg\",\"width\":1280,\"height\":720,\"caption\":\"Heart Failure Matters\"},\"image\":{\"@id\":\"https:\/\/www.heartfailurematters.org\/pt-pt\/#\/schema\/logo\/image\/\"},\"sameAs\":[\"https:\/\/www.facebook.com\/heartfailurematters\"]}]}<\/script>\n<!-- \/ Yoast SEO plugin. -->","yoast_head_json":{"title":"Ajustar a sua alimenta\u00e7\u00e3o: \u00e1lcool","description":"Embora um pouco de \u00e1lcool possa ajudar a prevenir a doen\u00e7a coron\u00e1ria, a ingest\u00e3o excessiva com uma doen\u00e7a card\u00edaca existente pode aumentar a frequ\u00eancia card\u00edaca","robots":{"index":"index","follow":"follow","max-snippet":"max-snippet:-1","max-image-preview":"max-image-preview:large","max-video-preview":"max-video-preview:-1"},"canonical":"https:\/\/www.heartfailurematters.org\/pt-pt\/o-que-pode-fazer\/ajustar-a-sua-alimentacao-alcool\/","og_locale":"pt_PT","og_type":"article","og_title":"Ajustar a sua alimenta\u00e7\u00e3o: \u00e1lcool","og_description":"Embora um pouco de \u00e1lcool possa ajudar a prevenir a doen\u00e7a coron\u00e1ria, a ingest\u00e3o excessiva com uma doen\u00e7a card\u00edaca existente pode aumentar a frequ\u00eancia card\u00edaca","og_url":"https:\/\/www.heartfailurematters.org\/pt-pt\/o-que-pode-fazer\/ajustar-a-sua-alimentacao-alcool\/","og_site_name":"Heart Failure Matters","article_publisher":"https:\/\/www.facebook.com\/heartfailurematters","article_modified_time":"2022-01-25T11:17:48+00:00","og_image":[{"width":900,"height":450,"url":"https:\/\/www.heartfailurematters.org\/wp-content\/uploads\/2022\/03\/shutterstock_1671285592-1-min.jpg","type":"image\/jpeg"}],"twitter_card":"summary_large_image","twitter_misc":{"Tempo estimado de leitura":"1 minuto"},"schema":{"@context":"https:\/\/schema.org","@graph":[{"@type":"WebPage","@id":"https:\/\/www.heartfailurematters.org\/pt-pt\/o-que-pode-fazer\/ajustar-a-sua-alimentacao-alcool\/","url":"https:\/\/www.heartfailurematters.org\/pt-pt\/o-que-pode-fazer\/ajustar-a-sua-alimentacao-alcool\/","name":"Ajustar a sua alimenta\u00e7\u00e3o: \u00e1lcool","isPartOf":{"@id":"https:\/\/www.heartfailurematters.org\/pt-pt\/#website"},"primaryImageOfPage":{"@id":"https:\/\/www.heartfailurematters.org\/pt-pt\/o-que-pode-fazer\/ajustar-a-sua-alimentacao-alcool\/#primaryimage"},"image":{"@id":"https:\/\/www.heartfailurematters.org\/pt-pt\/o-que-pode-fazer\/ajustar-a-sua-alimentacao-alcool\/#primaryimage"},"thumbnailUrl":"https:\/\/www.heartfailurematters.org\/wp-content\/uploads\/2022\/03\/shutterstock_1671285592-1-min.jpg","datePublished":"2021-01-27T22:06:40+00:00","dateModified":"2022-01-25T11:17:48+00:00","description":"Embora um pouco de \u00e1lcool possa ajudar a prevenir a doen\u00e7a coron\u00e1ria, a ingest\u00e3o excessiva com uma doen\u00e7a card\u00edaca existente pode aumentar a frequ\u00eancia card\u00edaca","breadcrumb":{"@id":"https:\/\/www.heartfailurematters.org\/pt-pt\/o-que-pode-fazer\/ajustar-a-sua-alimentacao-alcool\/#breadcrumb"},"inLanguage":"pt-PT","potentialAction":[{"@type":"ReadAction","target":["https:\/\/www.heartfailurematters.org\/pt-pt\/o-que-pode-fazer\/ajustar-a-sua-alimentacao-alcool\/"]}]},{"@type":"ImageObject","inLanguage":"pt-PT","@id":"https:\/\/www.heartfailurematters.org\/pt-pt\/o-que-pode-fazer\/ajustar-a-sua-alimentacao-alcool\/#primaryimage","url":"https:\/\/www.heartfailurematters.org\/wp-content\/uploads\/2022\/03\/shutterstock_1671285592-1-min.jpg","contentUrl":"https:\/\/www.heartfailurematters.org\/wp-content\/uploads\/2022\/03\/shutterstock_1671285592-1-min.jpg","width":900,"height":450},{"@type":"BreadcrumbList","@id":"https:\/\/www.heartfailurematters.org\/pt-pt\/o-que-pode-fazer\/ajustar-a-sua-alimentacao-alcool\/#breadcrumb","itemListElement":[{"@type":"ListItem","position":1,"name":"P\u00e1gina inicial","item":"https:\/\/www.heartfailurematters.org\/pt-pt\/"},{"@type":"ListItem","position":2,"name":"O que pode fazer","item":"https:\/\/www.heartfailurematters.org\/pt-pt\/o-que-pode-fazer\/"},{"@type":"ListItem","position":3,"name":"Ajustar a sua alimenta\u00e7\u00e3o: \u00e1lcool"}]},{"@type":"WebSite","@id":"https:\/\/www.heartfailurematters.org\/pt-pt\/#website","url":"https:\/\/www.heartfailurematters.org\/pt-pt\/","name":"Heart Failure Matters","description":"Practical information for patients, families and caregivers.","publisher":{"@id":"https:\/\/www.heartfailurematters.org\/pt-pt\/#organization"},"potentialAction":[{"@type":"SearchAction","target":{"@type":"EntryPoint","urlTemplate":"https:\/\/www.heartfailurematters.org\/pt-pt\/?s={search_term_string}"},"query-input":{"@type":"PropertyValueSpecification","valueRequired":true,"valueName":"search_term_string"}}],"inLanguage":"pt-PT"},{"@type":"Organization","@id":"https:\/\/www.heartfailurematters.org\/pt-pt\/#organization","name":"Heart Failure Matters","url":"https:\/\/www.heartfailurematters.org\/pt-pt\/","logo":{"@type":"ImageObject","inLanguage":"pt-PT","@id":"https:\/\/www.heartfailurematters.org\/pt-pt\/#\/schema\/logo\/image\/","url":"https:\/\/cdn-endpoint-hfm.azureedge.net\/heartfailurematters\/2024\/07\/hfm-logo1.jpg","contentUrl":"https:\/\/cdn-endpoint-hfm.azureedge.net\/heartfailurematters\/2024\/07\/hfm-logo1.jpg","width":1280,"height":720,"caption":"Heart Failure Matters"},"image":{"@id":"https:\/\/www.heartfailurematters.org\/pt-pt\/#\/schema\/logo\/image\/"},"sameAs":["https:\/\/www.facebook.com\/heartfailurematters"]}]}},"_links":{"self":[{"href":"https:\/\/www.heartfailurematters.org\/pt-pt\/wp-json\/wp\/v2\/pages\/2084","targetHints":{"allow":["GET"]}}],"collection":[{"href":"https:\/\/www.heartfailurematters.org\/pt-pt\/wp-json\/wp\/v2\/pages"}],"about":[{"href":"https:\/\/www.heartfailurematters.org\/pt-pt\/wp-json\/wp\/v2\/types\/page"}],"author":[{"embeddable":true,"href":"https:\/\/www.heartfailurematters.org\/pt-pt\/wp-json\/wp\/v2\/users\/1"}],"replies":[{"embeddable":true,"href":"https:\/\/www.heartfailurematters.org\/pt-pt\/wp-json\/wp\/v2\/comments?post=2084"}],"version-history":[{"count":2,"href":"https:\/\/www.heartfailurematters.org\/pt-pt\/wp-json\/wp\/v2\/pages\/2084\/revisions"}],"predecessor-version":[{"id":10399,"href":"https:\/\/www.heartfailurematters.org\/pt-pt\/wp-json\/wp\/v2\/pages\/2084\/revisions\/10399"}],"up":[{"embeddable":true,"href":"https:\/\/www.heartfailurematters.org\/pt-pt\/wp-json\/wp\/v2\/pages\/2718"}],"wp:featuredmedia":[{"embeddable":true,"href":"https:\/\/www.heartfailurematters.org\/pt-pt\/wp-json\/wp\/v2\/media\/10841"}],"wp:attachment":[{"href":"https:\/\/www.heartfailurematters.org\/pt-pt\/wp-json\/wp\/v2\/media?parent=2084"}],"wp:term":[{"taxonomy":"category","embeddable":true,"href":"https:\/\/www.heartfailurematters.org\/pt-pt\/wp-json\/wp\/v2\/categories?post=2084"},{"taxonomy":"post_tag","embeddable":true,"href":"https:\/\/www.heartfailurematters.org\/pt-pt\/wp-json\/wp\/v2\/tags?post=2084"}],"curies":[{"name":"wp","href":"https:\/\/api.w.org\/{rel}","templated":true}]}}