{"id":2082,"date":"2021-01-27T22:06:40","date_gmt":"2021-01-27T22:06:40","guid":{"rendered":"http:\/\/heartfailurematters.local:8888\/alimentacao\/"},"modified":"2022-01-25T12:24:22","modified_gmt":"2022-01-25T12:24:22","slug":"alimentacao","status":"publish","type":"page","link":"https:\/\/www.heartfailurematters.org\/pt-pt\/para-os-cuidadores\/alimentacao\/","title":{"rendered":"Alimenta\u00e7\u00e3o"},"content":{"rendered":"<p>Ter uma alimenta\u00e7\u00e3o equilibrada, conforme recomendado pelo seu m\u00e9dico, enfermeiro ou nutricionista, ajudar\u00e1 o seu c\u00f4njuge ou familiar a sentir-se melhor, controlar os sintomas da insufici\u00eancia card\u00edaca e, possivelmente, melhorar o n\u00edvel de energia. Incentive o seu c\u00f4njuge ou familiar a ter uma alimenta\u00e7\u00e3o saud\u00e1vel, evitar o consumo excessivo de sal e manter um peso saud\u00e1vel. Al\u00e9m disso, deve evitar o consumo excessivo de l\u00edquidos. Em circunst\u00e2ncias especiais, como em per\u00edodos de temperaturas extremamente elevadas e humidade ou em casos de v\u00f3mitos ou diarreia, o seu c\u00f4njuge ou familiar poder\u00e1 ter de aumentar a ingest\u00e3o de l\u00edquidos.<\/p>\n<p>Normalmente n\u00e3o \u00e9 necess\u00e1rio limitar o consumo de l\u00edquidos, mas alguns doentes com insufici\u00eancia card\u00edaca grave e congest\u00e3o poder\u00e3o ter de limitar o consumo de l\u00edquidos entre 1,5 e 2 litros por dia.<\/p>\n<p><a href=\"https:\/\/www.heartfailurematters.org\/pt-pt\/o-que-pode-fazer\/ajustar-a-alimentacao\/\">Clique aqui<\/a>\u00a0para mais informa\u00e7\u00f5es sobre como ter uma alimenta\u00e7\u00e3o saud\u00e1vel.<\/p>\n<p><a href=\"https:\/\/www.heartfailurematters.org\/pt-pt\/para-os-cuidadores\/coisas-simples-que-pode-fazer-para-ajudar\/\">Voltar \u00e0 sec\u00e7\u00e3o Coisas simples que pode fazer para ajudar<\/a><\/p>\n","protected":false},"excerpt":{"rendered":"<p>Ter uma alimenta\u00e7\u00e3o equilibrada, conforme recomendado pelo seu m\u00e9dico, enfermeiro ou nutricionista, ajudar\u00e1 o seu c\u00f4njuge ou familiar a sentir-se melhor, controlar os sintomas da insufici\u00eancia card\u00edaca e, possivelmente, melhorar o n\u00edvel de energia. Incentive o seu c\u00f4njuge ou familiar a ter uma alimenta\u00e7\u00e3o saud\u00e1vel, evitar o consumo excessivo de sal e manter um peso [&hellip;]<\/p>\n","protected":false},"author":1,"featured_media":10997,"parent":2844,"menu_order":0,"comment_status":"open","ping_status":"open","template":"","meta":{"_acf_changed":false,"footnotes":""},"categories":[],"tags":[],"class_list":["post-2082","page","type-page","status-publish","has-post-thumbnail","hentry"],"acf":[],"yoast_head":"<!-- This site is optimized with the Yoast SEO plugin v24.8.1 - https:\/\/yoast.com\/wordpress\/plugins\/seo\/ -->\n<title>Alimenta\u00e7\u00e3o e insufici\u00eancia card\u00edaca para cuidadores<\/title>\n<meta name=\"description\" content=\"Seguir uma dieta equilibrada ajudar\u00e1 o seu parceiro\/familiar a sentir-se melhor, controlar os sintomas de insufici\u00eancia card\u00edaca e aumentar o n\u00edvel de energia.\" \/>\n<meta name=\"robots\" content=\"index, follow, max-snippet:-1, max-image-preview:large, max-video-preview:-1\" \/>\n<link rel=\"canonical\" href=\"https:\/\/www.heartfailurematters.org\/pt-pt\/para-os-cuidadores\/alimentacao\/\" \/>\n<meta property=\"og:locale\" content=\"pt_PT\" \/>\n<meta property=\"og:type\" content=\"article\" \/>\n<meta property=\"og:title\" content=\"Alimenta\u00e7\u00e3o e insufici\u00eancia card\u00edaca para cuidadores\" \/>\n<meta property=\"og:description\" content=\"Seguir uma dieta equilibrada ajudar\u00e1 o seu parceiro\/familiar a sentir-se melhor, controlar os sintomas de insufici\u00eancia card\u00edaca e aumentar o n\u00edvel de energia.\" \/>\n<meta property=\"og:url\" content=\"https:\/\/www.heartfailurematters.org\/pt-pt\/para-os-cuidadores\/alimentacao\/\" \/>\n<meta property=\"og:site_name\" content=\"Heart Failure Matters\" \/>\n<meta property=\"article:publisher\" content=\"https:\/\/www.facebook.com\/heartfailurematters\" \/>\n<meta property=\"article:modified_time\" content=\"2022-01-25T12:24:22+00:00\" \/>\n<meta property=\"og:image\" content=\"https:\/\/www.heartfailurematters.org\/wp-content\/uploads\/2022\/03\/shutterstock_1130328140-1-min.jpg\" \/>\n\t<meta property=\"og:image:width\" content=\"900\" \/>\n\t<meta property=\"og:image:height\" content=\"599\" \/>\n\t<meta property=\"og:image:type\" content=\"image\/jpeg\" \/>\n<meta name=\"twitter:card\" content=\"summary_large_image\" \/>\n<meta name=\"twitter:label1\" content=\"Tempo estimado de leitura\" \/>\n\t<meta name=\"twitter:data1\" content=\"1 minuto\" \/>\n<script type=\"application\/ld+json\" class=\"yoast-schema-graph\">{\"@context\":\"https:\/\/schema.org\",\"@graph\":[{\"@type\":\"WebPage\",\"@id\":\"https:\/\/www.heartfailurematters.org\/pt-pt\/para-os-cuidadores\/alimentacao\/\",\"url\":\"https:\/\/www.heartfailurematters.org\/pt-pt\/para-os-cuidadores\/alimentacao\/\",\"name\":\"Alimenta\u00e7\u00e3o e insufici\u00eancia card\u00edaca para cuidadores\",\"isPartOf\":{\"@id\":\"https:\/\/www.heartfailurematters.org\/pt-pt\/#website\"},\"primaryImageOfPage\":{\"@id\":\"https:\/\/www.heartfailurematters.org\/pt-pt\/para-os-cuidadores\/alimentacao\/#primaryimage\"},\"image\":{\"@id\":\"https:\/\/www.heartfailurematters.org\/pt-pt\/para-os-cuidadores\/alimentacao\/#primaryimage\"},\"thumbnailUrl\":\"https:\/\/www.heartfailurematters.org\/wp-content\/uploads\/2022\/03\/shutterstock_1130328140-1-min.jpg\",\"datePublished\":\"2021-01-27T22:06:40+00:00\",\"dateModified\":\"2022-01-25T12:24:22+00:00\",\"description\":\"Seguir uma dieta equilibrada ajudar\u00e1 o seu parceiro\/familiar a sentir-se melhor, controlar os sintomas de insufici\u00eancia card\u00edaca e aumentar o n\u00edvel de energia.\",\"breadcrumb\":{\"@id\":\"https:\/\/www.heartfailurematters.org\/pt-pt\/para-os-cuidadores\/alimentacao\/#breadcrumb\"},\"inLanguage\":\"pt-PT\",\"potentialAction\":[{\"@type\":\"ReadAction\",\"target\":[\"https:\/\/www.heartfailurematters.org\/pt-pt\/para-os-cuidadores\/alimentacao\/\"]}]},{\"@type\":\"ImageObject\",\"inLanguage\":\"pt-PT\",\"@id\":\"https:\/\/www.heartfailurematters.org\/pt-pt\/para-os-cuidadores\/alimentacao\/#primaryimage\",\"url\":\"https:\/\/www.heartfailurematters.org\/wp-content\/uploads\/2022\/03\/shutterstock_1130328140-1-min.jpg\",\"contentUrl\":\"https:\/\/www.heartfailurematters.org\/wp-content\/uploads\/2022\/03\/shutterstock_1130328140-1-min.jpg\",\"width\":900,\"height\":599},{\"@type\":\"BreadcrumbList\",\"@id\":\"https:\/\/www.heartfailurematters.org\/pt-pt\/para-os-cuidadores\/alimentacao\/#breadcrumb\",\"itemListElement\":[{\"@type\":\"ListItem\",\"position\":1,\"name\":\"P\u00e1gina inicial\",\"item\":\"https:\/\/www.heartfailurematters.org\/pt-pt\/\"},{\"@type\":\"ListItem\",\"position\":2,\"name\":\"Para cuidadores\",\"item\":\"https:\/\/www.heartfailurematters.org\/pt-pt\/para-os-cuidadores\/\"},{\"@type\":\"ListItem\",\"position\":3,\"name\":\"Alimenta\u00e7\u00e3o\"}]},{\"@type\":\"WebSite\",\"@id\":\"https:\/\/www.heartfailurematters.org\/pt-pt\/#website\",\"url\":\"https:\/\/www.heartfailurematters.org\/pt-pt\/\",\"name\":\"Heart Failure Matters\",\"description\":\"Practical information for patients, families and caregivers.\",\"publisher\":{\"@id\":\"https:\/\/www.heartfailurematters.org\/pt-pt\/#organization\"},\"potentialAction\":[{\"@type\":\"SearchAction\",\"target\":{\"@type\":\"EntryPoint\",\"urlTemplate\":\"https:\/\/www.heartfailurematters.org\/pt-pt\/?s={search_term_string}\"},\"query-input\":{\"@type\":\"PropertyValueSpecification\",\"valueRequired\":true,\"valueName\":\"search_term_string\"}}],\"inLanguage\":\"pt-PT\"},{\"@type\":\"Organization\",\"@id\":\"https:\/\/www.heartfailurematters.org\/pt-pt\/#organization\",\"name\":\"Heart Failure Matters\",\"url\":\"https:\/\/www.heartfailurematters.org\/pt-pt\/\",\"logo\":{\"@type\":\"ImageObject\",\"inLanguage\":\"pt-PT\",\"@id\":\"https:\/\/www.heartfailurematters.org\/pt-pt\/#\/schema\/logo\/image\/\",\"url\":\"https:\/\/cdn-endpoint-hfm.azureedge.net\/heartfailurematters\/2024\/07\/hfm-logo1.jpg\",\"contentUrl\":\"https:\/\/cdn-endpoint-hfm.azureedge.net\/heartfailurematters\/2024\/07\/hfm-logo1.jpg\",\"width\":1280,\"height\":720,\"caption\":\"Heart Failure Matters\"},\"image\":{\"@id\":\"https:\/\/www.heartfailurematters.org\/pt-pt\/#\/schema\/logo\/image\/\"},\"sameAs\":[\"https:\/\/www.facebook.com\/heartfailurematters\"]}]}<\/script>\n<!-- \/ Yoast SEO plugin. -->","yoast_head_json":{"title":"Alimenta\u00e7\u00e3o e insufici\u00eancia card\u00edaca para cuidadores","description":"Seguir uma dieta equilibrada ajudar\u00e1 o seu parceiro\/familiar a sentir-se melhor, controlar os sintomas de insufici\u00eancia card\u00edaca e aumentar o n\u00edvel de energia.","robots":{"index":"index","follow":"follow","max-snippet":"max-snippet:-1","max-image-preview":"max-image-preview:large","max-video-preview":"max-video-preview:-1"},"canonical":"https:\/\/www.heartfailurematters.org\/pt-pt\/para-os-cuidadores\/alimentacao\/","og_locale":"pt_PT","og_type":"article","og_title":"Alimenta\u00e7\u00e3o e insufici\u00eancia card\u00edaca para cuidadores","og_description":"Seguir uma dieta equilibrada ajudar\u00e1 o seu parceiro\/familiar a sentir-se melhor, controlar os sintomas de insufici\u00eancia card\u00edaca e aumentar o n\u00edvel de energia.","og_url":"https:\/\/www.heartfailurematters.org\/pt-pt\/para-os-cuidadores\/alimentacao\/","og_site_name":"Heart Failure Matters","article_publisher":"https:\/\/www.facebook.com\/heartfailurematters","article_modified_time":"2022-01-25T12:24:22+00:00","og_image":[{"width":900,"height":599,"url":"https:\/\/www.heartfailurematters.org\/wp-content\/uploads\/2022\/03\/shutterstock_1130328140-1-min.jpg","type":"image\/jpeg"}],"twitter_card":"summary_large_image","twitter_misc":{"Tempo estimado de leitura":"1 minuto"},"schema":{"@context":"https:\/\/schema.org","@graph":[{"@type":"WebPage","@id":"https:\/\/www.heartfailurematters.org\/pt-pt\/para-os-cuidadores\/alimentacao\/","url":"https:\/\/www.heartfailurematters.org\/pt-pt\/para-os-cuidadores\/alimentacao\/","name":"Alimenta\u00e7\u00e3o e insufici\u00eancia card\u00edaca para cuidadores","isPartOf":{"@id":"https:\/\/www.heartfailurematters.org\/pt-pt\/#website"},"primaryImageOfPage":{"@id":"https:\/\/www.heartfailurematters.org\/pt-pt\/para-os-cuidadores\/alimentacao\/#primaryimage"},"image":{"@id":"https:\/\/www.heartfailurematters.org\/pt-pt\/para-os-cuidadores\/alimentacao\/#primaryimage"},"thumbnailUrl":"https:\/\/www.heartfailurematters.org\/wp-content\/uploads\/2022\/03\/shutterstock_1130328140-1-min.jpg","datePublished":"2021-01-27T22:06:40+00:00","dateModified":"2022-01-25T12:24:22+00:00","description":"Seguir uma dieta equilibrada ajudar\u00e1 o seu parceiro\/familiar a sentir-se melhor, controlar os sintomas de insufici\u00eancia card\u00edaca e aumentar o n\u00edvel de energia.","breadcrumb":{"@id":"https:\/\/www.heartfailurematters.org\/pt-pt\/para-os-cuidadores\/alimentacao\/#breadcrumb"},"inLanguage":"pt-PT","potentialAction":[{"@type":"ReadAction","target":["https:\/\/www.heartfailurematters.org\/pt-pt\/para-os-cuidadores\/alimentacao\/"]}]},{"@type":"ImageObject","inLanguage":"pt-PT","@id":"https:\/\/www.heartfailurematters.org\/pt-pt\/para-os-cuidadores\/alimentacao\/#primaryimage","url":"https:\/\/www.heartfailurematters.org\/wp-content\/uploads\/2022\/03\/shutterstock_1130328140-1-min.jpg","contentUrl":"https:\/\/www.heartfailurematters.org\/wp-content\/uploads\/2022\/03\/shutterstock_1130328140-1-min.jpg","width":900,"height":599},{"@type":"BreadcrumbList","@id":"https:\/\/www.heartfailurematters.org\/pt-pt\/para-os-cuidadores\/alimentacao\/#breadcrumb","itemListElement":[{"@type":"ListItem","position":1,"name":"P\u00e1gina inicial","item":"https:\/\/www.heartfailurematters.org\/pt-pt\/"},{"@type":"ListItem","position":2,"name":"Para cuidadores","item":"https:\/\/www.heartfailurematters.org\/pt-pt\/para-os-cuidadores\/"},{"@type":"ListItem","position":3,"name":"Alimenta\u00e7\u00e3o"}]},{"@type":"WebSite","@id":"https:\/\/www.heartfailurematters.org\/pt-pt\/#website","url":"https:\/\/www.heartfailurematters.org\/pt-pt\/","name":"Heart Failure Matters","description":"Practical information for patients, families and caregivers.","publisher":{"@id":"https:\/\/www.heartfailurematters.org\/pt-pt\/#organization"},"potentialAction":[{"@type":"SearchAction","target":{"@type":"EntryPoint","urlTemplate":"https:\/\/www.heartfailurematters.org\/pt-pt\/?s={search_term_string}"},"query-input":{"@type":"PropertyValueSpecification","valueRequired":true,"valueName":"search_term_string"}}],"inLanguage":"pt-PT"},{"@type":"Organization","@id":"https:\/\/www.heartfailurematters.org\/pt-pt\/#organization","name":"Heart Failure Matters","url":"https:\/\/www.heartfailurematters.org\/pt-pt\/","logo":{"@type":"ImageObject","inLanguage":"pt-PT","@id":"https:\/\/www.heartfailurematters.org\/pt-pt\/#\/schema\/logo\/image\/","url":"https:\/\/cdn-endpoint-hfm.azureedge.net\/heartfailurematters\/2024\/07\/hfm-logo1.jpg","contentUrl":"https:\/\/cdn-endpoint-hfm.azureedge.net\/heartfailurematters\/2024\/07\/hfm-logo1.jpg","width":1280,"height":720,"caption":"Heart Failure Matters"},"image":{"@id":"https:\/\/www.heartfailurematters.org\/pt-pt\/#\/schema\/logo\/image\/"},"sameAs":["https:\/\/www.facebook.com\/heartfailurematters"]}]}},"_links":{"self":[{"href":"https:\/\/www.heartfailurematters.org\/pt-pt\/wp-json\/wp\/v2\/pages\/2082","targetHints":{"allow":["GET"]}}],"collection":[{"href":"https:\/\/www.heartfailurematters.org\/pt-pt\/wp-json\/wp\/v2\/pages"}],"about":[{"href":"https:\/\/www.heartfailurematters.org\/pt-pt\/wp-json\/wp\/v2\/types\/page"}],"author":[{"embeddable":true,"href":"https:\/\/www.heartfailurematters.org\/pt-pt\/wp-json\/wp\/v2\/users\/1"}],"replies":[{"embeddable":true,"href":"https:\/\/www.heartfailurematters.org\/pt-pt\/wp-json\/wp\/v2\/comments?post=2082"}],"version-history":[{"count":1,"href":"https:\/\/www.heartfailurematters.org\/pt-pt\/wp-json\/wp\/v2\/pages\/2082\/revisions"}],"predecessor-version":[{"id":10418,"href":"https:\/\/www.heartfailurematters.org\/pt-pt\/wp-json\/wp\/v2\/pages\/2082\/revisions\/10418"}],"up":[{"embeddable":true,"href":"https:\/\/www.heartfailurematters.org\/pt-pt\/wp-json\/wp\/v2\/pages\/2844"}],"wp:featuredmedia":[{"embeddable":true,"href":"https:\/\/www.heartfailurematters.org\/pt-pt\/wp-json\/wp\/v2\/media\/10997"}],"wp:attachment":[{"href":"https:\/\/www.heartfailurematters.org\/pt-pt\/wp-json\/wp\/v2\/media?parent=2082"}],"wp:term":[{"taxonomy":"category","embeddable":true,"href":"https:\/\/www.heartfailurematters.org\/pt-pt\/wp-json\/wp\/v2\/categories?post=2082"},{"taxonomy":"post_tag","embeddable":true,"href":"https:\/\/www.heartfailurematters.org\/pt-pt\/wp-json\/wp\/v2\/tags?post=2082"}],"curies":[{"name":"wp","href":"https:\/\/api.w.org\/{rel}","templated":true}]}}