{"id":2067,"date":"2021-01-27T22:06:35","date_gmt":"2021-01-27T22:06:35","guid":{"rendered":"http:\/\/heartfailurematters.local:8888\/cirurgia-2\/"},"modified":"2025-12-05T10:19:25","modified_gmt":"2025-12-05T10:19:25","slug":"cirurgia","status":"publish","type":"page","link":"https:\/\/www.heartfailurematters.org\/pt-pt\/o-que-o-seu-medico-ou-enfermeiro-pode-fazer\/cirurgia\/","title":{"rendered":"Cirurgia"},"content":{"rendered":"<p>Por vezes, pode ser necess\u00e1rio fazer uma cirurgia card\u00edaca. Embora a cirurgia geralmente melhore a insufici\u00eancia card\u00edaca, s\u00f3 ser\u00e1 realizada se os benef\u00edcios esperados do procedimento superarem os riscos.<\/p>\n<p>Cirurgias que podem melhorar a insufici\u00eancia card\u00edaca incluem <a class=\"addtooltip\" title=\"Cirurgia de Revasculariza\u00e7\u00e3o coronariana (RC): procedimento cir\u00fargico para reencaminhar o fluxo sangu\u00edneo \u00e0 volta de uma obstru\u00e7\u00e3o numa art\u00e9ria coron\u00e1ria. \u00c9 retirado um vaso sangu\u00edneo da perna ou parede tor\u00e1cica e enxertado na art\u00e9ria afetada por cima e por baixo da obstru\u00e7\u00e3o.\"><strong>bypass da art\u00e9ria coron\u00e1ria<\/strong><\/a>, <a class=\"addtooltip\" title=\"Cirurgia de substitui\u00e7\u00e3o de v\u00e1lvula: cirurgia utilizada para substituir uma v\u00e1lvula card\u00edaca que n\u00e3o funciona corretamente por uma v\u00e1lvula artificial ou uma v\u00e1lvula de tecido.\"><strong> cirurgia de substitui\u00e7\u00e3o de v\u00e1lvula<\/strong><\/a> e <a class=\"addtooltip\" title=\"Transplante card\u00edaco: procedimento cir\u00fargico que retira um cora\u00e7\u00e3o funcional de um dador de \u00f3rg\u00e3os recentemente falecido e o implanta numa pessoa cujo cora\u00e7\u00e3o n\u00e3o funciona corretamente.\"><strong>transplante card\u00edaco<\/strong><\/a>. Devido aos recentes avan\u00e7os na medicina, estas cirurgias s\u00e3o amplamente realizadas.<\/p>\n<h2>Cirurgia e outras interven\u00e7\u00f5es<\/h2>\n<p>Dependendo da causa da insufici\u00eancia card\u00edaca ou de outras condi\u00e7\u00f5es card\u00edacas, pode ser necess\u00e1rio que uma pessoa seja submetida a uma cirurgia card\u00edaca. As op\u00e7\u00f5es cir\u00fargicas incluem revasculariza\u00e7\u00e3o coron\u00e1ria, substitui\u00e7\u00e3o da v\u00e1lvula ou cirurgia de reconstru\u00e7\u00e3o da v\u00e1lvula e transplante card\u00edaco. Devido aos recentes avan\u00e7os na medicina e melhorias t\u00e9cnicas, estas cirurgias s\u00e3o agora uma op\u00e7\u00e3o frequente de tratamento, dependendo da causa da insufici\u00eancia card\u00edaca e s\u00e3o amplamente realizadas. Algumas pessoas podem ter a op\u00e7\u00e3o de um procedimento minimamente invasivo para corrigir os problemas da v\u00e1lvula card\u00edaca sem necessitar de uma cirurgia de peito aberto.<\/p>\n<p>Para garantir que obt\u00e9m o melhor tratamento para si, uma equipa de cardiologistas, cirurgi\u00f5es card\u00edacos, anestesistas e outros profissionais de sa\u00fade discutir\u00e1 cada caso antes de decidir a melhor op\u00e7\u00e3o para voc\u00ea. A cirurgia e outras interven\u00e7\u00f5es s\u00f3 ser\u00e3o recomendadas se os prov\u00e1veis benef\u00edcios do procedimento superarem os riscos, sendo que essas considera\u00e7\u00f5es devem ser discutidas com cada paciente e a fam\u00edlia.<\/p>\n<p>Clique em qualquer uma das op\u00e7\u00f5es abaixo para saber mais sobre os procedimentos cir\u00fargicos atualmente dispon\u00edveis:<\/p>\n<ul>\n<li><a title=\"Cirurgia de Revasculariza\u00e7\u00e3o mioc\u00e1rdica (CRVM)\" href=\"https:\/\/www.heartfailurematters.org\/what-your-doctor-can-do\/coronary-artery-bypass-grafting-cabg\/\">Cirurgia de Revasculariza\u00e7\u00e3o mioc\u00e1rdica (CRVM)<\/a><\/li>\n<li><a title=\"Cirurgia valvular\" href=\"https:\/\/www.heartfailurematters.org\/what-your-doctor-can-do\/valve-surgery\/\">Cirurgia valvular<\/a><\/li>\n<li><a title=\"Transplante card\u00edaco\" href=\"https:\/\/www.heartfailurematters.org\/what-your-doctor-can-do\/heart-transplantation\/\">Transplante card\u00edaco<\/a><\/li>\n<\/ul>\n<p>&nbsp;<\/p>\n","protected":false},"excerpt":{"rendered":"<p>Por vezes, pode ser necess\u00e1rio fazer uma cirurgia card\u00edaca. Embora a cirurgia geralmente melhore a insufici\u00eancia card\u00edaca, s\u00f3 ser\u00e1 realizada se os benef\u00edcios esperados do procedimento superarem os riscos. Cirurgias que podem melhorar a insufici\u00eancia card\u00edaca incluem bypass da art\u00e9ria coron\u00e1ria, cirurgia de substitui\u00e7\u00e3o de v\u00e1lvula e transplante card\u00edaco. Devido aos recentes avan\u00e7os na medicina, [&hellip;]<\/p>\n","protected":false},"author":1,"featured_media":10936,"parent":2682,"menu_order":7,"comment_status":"open","ping_status":"closed","template":"","meta":{"_acf_changed":false,"footnotes":""},"categories":[147],"tags":[],"class_list":["post-2067","page","type-page","status-publish","has-post-thumbnail","hentry","category-what-can-your-doctor-do-pt"],"acf":[],"yoast_head":"<!-- This site is optimized with the Yoast SEO plugin v24.8.1 - https:\/\/yoast.com\/wordpress\/plugins\/seo\/ -->\n<title>Op\u00e7\u00f5es de cirurgia para pacientes com insufici\u00eancia card\u00edaca<\/title>\n<meta name=\"description\" content=\"Por vezes, se sofre de insufici\u00eancia card\u00edaca, pode ser necess\u00e1rio fazer uma cirurgia card\u00edaca. Saiba mais sobre procedimentos cir\u00fargicos atualmente dispon\u00edveis\" \/>\n<meta name=\"robots\" content=\"index, follow, max-snippet:-1, max-image-preview:large, max-video-preview:-1\" \/>\n<link rel=\"canonical\" href=\"https:\/\/www.heartfailurematters.org\/pt-pt\/o-que-o-seu-medico-ou-enfermeiro-pode-fazer\/cirurgia\/\" \/>\n<meta property=\"og:locale\" content=\"pt_PT\" \/>\n<meta property=\"og:type\" content=\"article\" \/>\n<meta property=\"og:title\" content=\"Op\u00e7\u00f5es de cirurgia para pacientes com insufici\u00eancia card\u00edaca\" \/>\n<meta property=\"og:description\" content=\"Por vezes, se sofre de insufici\u00eancia card\u00edaca, pode ser necess\u00e1rio fazer uma cirurgia card\u00edaca. Saiba mais sobre procedimentos cir\u00fargicos atualmente dispon\u00edveis\" \/>\n<meta property=\"og:url\" content=\"https:\/\/www.heartfailurematters.org\/pt-pt\/o-que-o-seu-medico-ou-enfermeiro-pode-fazer\/cirurgia\/\" \/>\n<meta property=\"og:site_name\" content=\"Heart Failure Matters\" \/>\n<meta property=\"article:publisher\" content=\"https:\/\/www.facebook.com\/heartfailurematters\" \/>\n<meta property=\"article:modified_time\" content=\"2025-12-05T10:19:25+00:00\" \/>\n<meta property=\"og:image\" content=\"https:\/\/www.heartfailurematters.org\/wp-content\/uploads\/2022\/03\/shutterstock_2073525971-1-min.jpg\" \/>\n\t<meta property=\"og:image:width\" content=\"900\" \/>\n\t<meta property=\"og:image:height\" content=\"559\" \/>\n\t<meta property=\"og:image:type\" content=\"image\/jpeg\" \/>\n<meta name=\"twitter:card\" content=\"summary_large_image\" \/>\n<meta name=\"twitter:label1\" content=\"Tempo estimado de leitura\" \/>\n\t<meta name=\"twitter:data1\" content=\"1 minuto\" \/>\n<script type=\"application\/ld+json\" class=\"yoast-schema-graph\">{\"@context\":\"https:\/\/schema.org\",\"@graph\":[{\"@type\":\"WebPage\",\"@id\":\"https:\/\/www.heartfailurematters.org\/pt-pt\/o-que-o-seu-medico-ou-enfermeiro-pode-fazer\/cirurgia\/\",\"url\":\"https:\/\/www.heartfailurematters.org\/pt-pt\/o-que-o-seu-medico-ou-enfermeiro-pode-fazer\/cirurgia\/\",\"name\":\"Op\u00e7\u00f5es de cirurgia para pacientes com insufici\u00eancia card\u00edaca\",\"isPartOf\":{\"@id\":\"https:\/\/www.heartfailurematters.org\/pt-pt\/#website\"},\"primaryImageOfPage\":{\"@id\":\"https:\/\/www.heartfailurematters.org\/pt-pt\/o-que-o-seu-medico-ou-enfermeiro-pode-fazer\/cirurgia\/#primaryimage\"},\"image\":{\"@id\":\"https:\/\/www.heartfailurematters.org\/pt-pt\/o-que-o-seu-medico-ou-enfermeiro-pode-fazer\/cirurgia\/#primaryimage\"},\"thumbnailUrl\":\"https:\/\/www.heartfailurematters.org\/wp-content\/uploads\/2022\/03\/shutterstock_2073525971-1-min.jpg\",\"datePublished\":\"2021-01-27T22:06:35+00:00\",\"dateModified\":\"2025-12-05T10:19:25+00:00\",\"description\":\"Por vezes, se sofre de insufici\u00eancia card\u00edaca, pode ser necess\u00e1rio fazer uma cirurgia card\u00edaca. Saiba mais sobre procedimentos cir\u00fargicos atualmente dispon\u00edveis\",\"breadcrumb\":{\"@id\":\"https:\/\/www.heartfailurematters.org\/pt-pt\/o-que-o-seu-medico-ou-enfermeiro-pode-fazer\/cirurgia\/#breadcrumb\"},\"inLanguage\":\"pt-PT\",\"potentialAction\":[{\"@type\":\"ReadAction\",\"target\":[\"https:\/\/www.heartfailurematters.org\/pt-pt\/o-que-o-seu-medico-ou-enfermeiro-pode-fazer\/cirurgia\/\"]}]},{\"@type\":\"ImageObject\",\"inLanguage\":\"pt-PT\",\"@id\":\"https:\/\/www.heartfailurematters.org\/pt-pt\/o-que-o-seu-medico-ou-enfermeiro-pode-fazer\/cirurgia\/#primaryimage\",\"url\":\"https:\/\/www.heartfailurematters.org\/wp-content\/uploads\/2022\/03\/shutterstock_2073525971-1-min.jpg\",\"contentUrl\":\"https:\/\/www.heartfailurematters.org\/wp-content\/uploads\/2022\/03\/shutterstock_2073525971-1-min.jpg\",\"width\":900,\"height\":559},{\"@type\":\"BreadcrumbList\",\"@id\":\"https:\/\/www.heartfailurematters.org\/pt-pt\/o-que-o-seu-medico-ou-enfermeiro-pode-fazer\/cirurgia\/#breadcrumb\",\"itemListElement\":[{\"@type\":\"ListItem\",\"position\":1,\"name\":\"P\u00e1gina inicial\",\"item\":\"https:\/\/www.heartfailurematters.org\/pt-pt\/\"},{\"@type\":\"ListItem\",\"position\":2,\"name\":\"O que o seu m\u00e9dico pode fazer\",\"item\":\"https:\/\/www.heartfailurematters.org\/pt-pt\/o-que-o-seu-medico-ou-enfermeiro-pode-fazer\/\"},{\"@type\":\"ListItem\",\"position\":3,\"name\":\"Cirurgia\"}]},{\"@type\":\"WebSite\",\"@id\":\"https:\/\/www.heartfailurematters.org\/pt-pt\/#website\",\"url\":\"https:\/\/www.heartfailurematters.org\/pt-pt\/\",\"name\":\"Heart Failure Matters\",\"description\":\"Practical information for patients, families and caregivers.\",\"publisher\":{\"@id\":\"https:\/\/www.heartfailurematters.org\/pt-pt\/#organization\"},\"potentialAction\":[{\"@type\":\"SearchAction\",\"target\":{\"@type\":\"EntryPoint\",\"urlTemplate\":\"https:\/\/www.heartfailurematters.org\/pt-pt\/?s={search_term_string}\"},\"query-input\":{\"@type\":\"PropertyValueSpecification\",\"valueRequired\":true,\"valueName\":\"search_term_string\"}}],\"inLanguage\":\"pt-PT\"},{\"@type\":\"Organization\",\"@id\":\"https:\/\/www.heartfailurematters.org\/pt-pt\/#organization\",\"name\":\"Heart Failure Matters\",\"url\":\"https:\/\/www.heartfailurematters.org\/pt-pt\/\",\"logo\":{\"@type\":\"ImageObject\",\"inLanguage\":\"pt-PT\",\"@id\":\"https:\/\/www.heartfailurematters.org\/pt-pt\/#\/schema\/logo\/image\/\",\"url\":\"https:\/\/cdn-endpoint-hfm.azureedge.net\/heartfailurematters\/2024\/07\/hfm-logo1.jpg\",\"contentUrl\":\"https:\/\/cdn-endpoint-hfm.azureedge.net\/heartfailurematters\/2024\/07\/hfm-logo1.jpg\",\"width\":1280,\"height\":720,\"caption\":\"Heart Failure Matters\"},\"image\":{\"@id\":\"https:\/\/www.heartfailurematters.org\/pt-pt\/#\/schema\/logo\/image\/\"},\"sameAs\":[\"https:\/\/www.facebook.com\/heartfailurematters\"]}]}<\/script>\n<!-- \/ Yoast SEO plugin. -->","yoast_head_json":{"title":"Op\u00e7\u00f5es de cirurgia para pacientes com insufici\u00eancia card\u00edaca","description":"Por vezes, se sofre de insufici\u00eancia card\u00edaca, pode ser necess\u00e1rio fazer uma cirurgia card\u00edaca. Saiba mais sobre procedimentos cir\u00fargicos atualmente dispon\u00edveis","robots":{"index":"index","follow":"follow","max-snippet":"max-snippet:-1","max-image-preview":"max-image-preview:large","max-video-preview":"max-video-preview:-1"},"canonical":"https:\/\/www.heartfailurematters.org\/pt-pt\/o-que-o-seu-medico-ou-enfermeiro-pode-fazer\/cirurgia\/","og_locale":"pt_PT","og_type":"article","og_title":"Op\u00e7\u00f5es de cirurgia para pacientes com insufici\u00eancia card\u00edaca","og_description":"Por vezes, se sofre de insufici\u00eancia card\u00edaca, pode ser necess\u00e1rio fazer uma cirurgia card\u00edaca. Saiba mais sobre procedimentos cir\u00fargicos atualmente dispon\u00edveis","og_url":"https:\/\/www.heartfailurematters.org\/pt-pt\/o-que-o-seu-medico-ou-enfermeiro-pode-fazer\/cirurgia\/","og_site_name":"Heart Failure Matters","article_publisher":"https:\/\/www.facebook.com\/heartfailurematters","article_modified_time":"2025-12-05T10:19:25+00:00","og_image":[{"width":900,"height":559,"url":"https:\/\/www.heartfailurematters.org\/wp-content\/uploads\/2022\/03\/shutterstock_2073525971-1-min.jpg","type":"image\/jpeg"}],"twitter_card":"summary_large_image","twitter_misc":{"Tempo estimado de leitura":"1 minuto"},"schema":{"@context":"https:\/\/schema.org","@graph":[{"@type":"WebPage","@id":"https:\/\/www.heartfailurematters.org\/pt-pt\/o-que-o-seu-medico-ou-enfermeiro-pode-fazer\/cirurgia\/","url":"https:\/\/www.heartfailurematters.org\/pt-pt\/o-que-o-seu-medico-ou-enfermeiro-pode-fazer\/cirurgia\/","name":"Op\u00e7\u00f5es de cirurgia para pacientes com insufici\u00eancia card\u00edaca","isPartOf":{"@id":"https:\/\/www.heartfailurematters.org\/pt-pt\/#website"},"primaryImageOfPage":{"@id":"https:\/\/www.heartfailurematters.org\/pt-pt\/o-que-o-seu-medico-ou-enfermeiro-pode-fazer\/cirurgia\/#primaryimage"},"image":{"@id":"https:\/\/www.heartfailurematters.org\/pt-pt\/o-que-o-seu-medico-ou-enfermeiro-pode-fazer\/cirurgia\/#primaryimage"},"thumbnailUrl":"https:\/\/www.heartfailurematters.org\/wp-content\/uploads\/2022\/03\/shutterstock_2073525971-1-min.jpg","datePublished":"2021-01-27T22:06:35+00:00","dateModified":"2025-12-05T10:19:25+00:00","description":"Por vezes, se sofre de insufici\u00eancia card\u00edaca, pode ser necess\u00e1rio fazer uma cirurgia card\u00edaca. Saiba mais sobre procedimentos cir\u00fargicos atualmente dispon\u00edveis","breadcrumb":{"@id":"https:\/\/www.heartfailurematters.org\/pt-pt\/o-que-o-seu-medico-ou-enfermeiro-pode-fazer\/cirurgia\/#breadcrumb"},"inLanguage":"pt-PT","potentialAction":[{"@type":"ReadAction","target":["https:\/\/www.heartfailurematters.org\/pt-pt\/o-que-o-seu-medico-ou-enfermeiro-pode-fazer\/cirurgia\/"]}]},{"@type":"ImageObject","inLanguage":"pt-PT","@id":"https:\/\/www.heartfailurematters.org\/pt-pt\/o-que-o-seu-medico-ou-enfermeiro-pode-fazer\/cirurgia\/#primaryimage","url":"https:\/\/www.heartfailurematters.org\/wp-content\/uploads\/2022\/03\/shutterstock_2073525971-1-min.jpg","contentUrl":"https:\/\/www.heartfailurematters.org\/wp-content\/uploads\/2022\/03\/shutterstock_2073525971-1-min.jpg","width":900,"height":559},{"@type":"BreadcrumbList","@id":"https:\/\/www.heartfailurematters.org\/pt-pt\/o-que-o-seu-medico-ou-enfermeiro-pode-fazer\/cirurgia\/#breadcrumb","itemListElement":[{"@type":"ListItem","position":1,"name":"P\u00e1gina inicial","item":"https:\/\/www.heartfailurematters.org\/pt-pt\/"},{"@type":"ListItem","position":2,"name":"O que o seu m\u00e9dico pode fazer","item":"https:\/\/www.heartfailurematters.org\/pt-pt\/o-que-o-seu-medico-ou-enfermeiro-pode-fazer\/"},{"@type":"ListItem","position":3,"name":"Cirurgia"}]},{"@type":"WebSite","@id":"https:\/\/www.heartfailurematters.org\/pt-pt\/#website","url":"https:\/\/www.heartfailurematters.org\/pt-pt\/","name":"Heart Failure Matters","description":"Practical information for patients, families and caregivers.","publisher":{"@id":"https:\/\/www.heartfailurematters.org\/pt-pt\/#organization"},"potentialAction":[{"@type":"SearchAction","target":{"@type":"EntryPoint","urlTemplate":"https:\/\/www.heartfailurematters.org\/pt-pt\/?s={search_term_string}"},"query-input":{"@type":"PropertyValueSpecification","valueRequired":true,"valueName":"search_term_string"}}],"inLanguage":"pt-PT"},{"@type":"Organization","@id":"https:\/\/www.heartfailurematters.org\/pt-pt\/#organization","name":"Heart Failure Matters","url":"https:\/\/www.heartfailurematters.org\/pt-pt\/","logo":{"@type":"ImageObject","inLanguage":"pt-PT","@id":"https:\/\/www.heartfailurematters.org\/pt-pt\/#\/schema\/logo\/image\/","url":"https:\/\/cdn-endpoint-hfm.azureedge.net\/heartfailurematters\/2024\/07\/hfm-logo1.jpg","contentUrl":"https:\/\/cdn-endpoint-hfm.azureedge.net\/heartfailurematters\/2024\/07\/hfm-logo1.jpg","width":1280,"height":720,"caption":"Heart Failure Matters"},"image":{"@id":"https:\/\/www.heartfailurematters.org\/pt-pt\/#\/schema\/logo\/image\/"},"sameAs":["https:\/\/www.facebook.com\/heartfailurematters"]}]}},"_links":{"self":[{"href":"https:\/\/www.heartfailurematters.org\/pt-pt\/wp-json\/wp\/v2\/pages\/2067","targetHints":{"allow":["GET"]}}],"collection":[{"href":"https:\/\/www.heartfailurematters.org\/pt-pt\/wp-json\/wp\/v2\/pages"}],"about":[{"href":"https:\/\/www.heartfailurematters.org\/pt-pt\/wp-json\/wp\/v2\/types\/page"}],"author":[{"embeddable":true,"href":"https:\/\/www.heartfailurematters.org\/pt-pt\/wp-json\/wp\/v2\/users\/1"}],"replies":[{"embeddable":true,"href":"https:\/\/www.heartfailurematters.org\/pt-pt\/wp-json\/wp\/v2\/comments?post=2067"}],"version-history":[{"count":4,"href":"https:\/\/www.heartfailurematters.org\/pt-pt\/wp-json\/wp\/v2\/pages\/2067\/revisions"}],"predecessor-version":[{"id":13674,"href":"https:\/\/www.heartfailurematters.org\/pt-pt\/wp-json\/wp\/v2\/pages\/2067\/revisions\/13674"}],"up":[{"embeddable":true,"href":"https:\/\/www.heartfailurematters.org\/pt-pt\/wp-json\/wp\/v2\/pages\/2682"}],"wp:featuredmedia":[{"embeddable":true,"href":"https:\/\/www.heartfailurematters.org\/pt-pt\/wp-json\/wp\/v2\/media\/10936"}],"wp:attachment":[{"href":"https:\/\/www.heartfailurematters.org\/pt-pt\/wp-json\/wp\/v2\/media?parent=2067"}],"wp:term":[{"taxonomy":"category","embeddable":true,"href":"https:\/\/www.heartfailurematters.org\/pt-pt\/wp-json\/wp\/v2\/categories?post=2067"},{"taxonomy":"post_tag","embeddable":true,"href":"https:\/\/www.heartfailurematters.org\/pt-pt\/wp-json\/wp\/v2\/tags?post=2067"}],"curies":[{"name":"wp","href":"https:\/\/api.w.org\/{rel}","templated":true}]}}