{"id":2064,"date":"2021-01-27T22:06:35","date_gmt":"2021-01-27T22:06:35","guid":{"rendered":"http:\/\/heartfailurematters.local:8888\/intervencao-coronaria-percutanea-icp\/"},"modified":"2022-01-24T16:44:02","modified_gmt":"2022-01-24T16:44:02","slug":"intervencao-coronaria-percutanea-icp","status":"publish","type":"page","link":"https:\/\/www.heartfailurematters.org\/pt-pt\/o-que-o-seu-medico-ou-enfermeiro-pode-fazer\/intervencao-coronaria-percutanea-icp\/","title":{"rendered":"Interven\u00e7\u00e3o coron\u00e1ria percut\u00e2nea (ICP)"},"content":{"rendered":"<h2>Por que motivo \u00e9 realizada?<\/h2>\n<p>A acumula\u00e7\u00e3o de colesterol e gordura (designado como <a class=\"addtooltip\" title=\"Acumula\u00e7\u00e3o de colesterol, compostos gordos, c\u00e1lcio e subst\u00e2ncias de coagula\u00e7\u00e3o de sangue na parede de uma art\u00e9ria.\" href=\"https:\/\/www.heartfailurematters.org\/pt-pt\/o-que-o-seu-medico-ou-enfermeiro-pode-fazer\/intervencao-coronaria-percutanea-icp\/\"><strong>placa<\/strong><\/a>), ou grandes co\u00e1gulos sangu\u00edneos pode causar o estreitamento ou a obstru\u00e7\u00e3o das art\u00e9rias. Isto pode fazer com que o m\u00fasculo card\u00edaco tenha muita falta de oxig\u00e9nio, porque o fluxo sangu\u00edneo est\u00e1 significativamente reduzido. A <strong><a class=\"addtooltip\" title=\"Procedimento utilizado para restabelecer o fornecimento de sangue a uma art\u00e9ria estreita atrav\u00e9s da dilata\u00e7\u00e3o do vaso com um bal\u00e3o. Isto poder\u00e1 ser utilizado na fase grave de um ataque card\u00edaco e \u00e9 frequentemente utilizado um stent.\" href=\"https:\/\/www.heartfailurematters.org\/pt-pt\/o-que-o-seu-medico-ou-enfermeiro-pode-fazer\/intervencao-coronaria-percutanea-icp\/\">interven\u00e7\u00e3o coron\u00e1ria percut\u00e2nea (ICP)<\/a><\/strong> visa restabelecer o fornecimento de sangue ao cora\u00e7\u00e3o, desobstruindo as art\u00e9rias estreitadas que podem estar a causar a insufici\u00eancia card\u00edaca. \u00c9 menos invasiva que a cirurgia. Em muitos casos, a ICP, em conjunto com a coloca\u00e7\u00e3o de <a title=\"\" href=\"https:\/\/www.heartfailurematters.org\/what-your-doctor-can-do\/stenting\/\">stent<\/a>, demonstrou ser um sucesso.<\/p>\n<h2>O que implica?<\/h2>\n<p>Um tubo fino e flex\u00edvel e oco (<a class=\"addtooltip\" title=\"Tubo fino e flex\u00edvel utilizado em v\u00e1rios procedimentos.\" href=\"https:\/\/www.heartfailurematters.org\/pt-pt\/o-que-o-seu-medico-ou-enfermeiro-pode-fazer\/intervencao-coronaria-percutanea-icp\/\"><strong>cateter<\/strong><\/a>) com um pequeno bal\u00e3o insufl\u00e1vel na ponta \u00e9 avan\u00e7ado atrav\u00e9s de uma art\u00e9ria, pela virilha ou bra\u00e7o, em dire\u00e7\u00e3o ao cora\u00e7\u00e3o e com visualiza\u00e7\u00e3o por raios X. Depois de alcan\u00e7ar a sec\u00e7\u00e3o estreitada ou obstru\u00edda, o bal\u00e3o \u00e9 insuflado para dilatar ligeiramente a art\u00e9ria e restabelecer o fluxo sangu\u00edneo. Todos os doentes t\u00eam de tomar antitromb\u00f3ticos ap\u00f3s o procedimento para prevenir a forma\u00e7\u00e3o de co\u00e1gulos.<\/p>\n<h2>Perguntas a fazer ao seu m\u00e9dico:<\/h2>\n<ul>\n<li>Quais s\u00e3o os riscos associados a este procedimento?<\/li>\n<li>Tenho de ficar internado no hospital?<\/li>\n<li>Tenho de fazer alguma prepara\u00e7\u00e3o para o procedimento?<\/li>\n<li>Precisarei de uma anestesia geral ou local?<\/li>\n<li>Ap\u00f3s o procedimento terei de tomar mais medicamentos?<\/li>\n<li>Ser\u00e1 colocado um stent durante o procedimento de ICP?<\/li>\n<\/ul>\n<p><a title=\"\" href=\"https:\/\/www.heartfailurematters.org\/pt-pt\/o-que-o-seu-medico-ou-enfermeiro-pode-fazer\/outros-procedimentos\/\">Voltar \u00e0 sec\u00e7\u00e3o Outros procedimentos<\/a><\/p>\n","protected":false},"excerpt":{"rendered":"<p>Por que motivo \u00e9 realizada? A acumula\u00e7\u00e3o de colesterol e gordura (designado como placa), ou grandes co\u00e1gulos sangu\u00edneos pode causar o estreitamento ou a obstru\u00e7\u00e3o das art\u00e9rias. Isto pode fazer com que o m\u00fasculo card\u00edaco tenha muita falta de oxig\u00e9nio, porque o fluxo sangu\u00edneo est\u00e1 significativamente reduzido. A interven\u00e7\u00e3o coron\u00e1ria percut\u00e2nea (ICP) visa restabelecer o [&hellip;]<\/p>\n","protected":false},"author":1,"featured_media":10689,"parent":2682,"menu_order":0,"comment_status":"open","ping_status":"open","template":"","meta":{"_acf_changed":false,"footnotes":""},"categories":[],"tags":[],"class_list":["post-2064","page","type-page","status-publish","has-post-thumbnail","hentry"],"acf":[],"yoast_head":"<!-- This site is optimized with the Yoast SEO plugin v24.8.1 - https:\/\/yoast.com\/wordpress\/plugins\/seo\/ -->\n<title>Interven\u00e7\u00e3o coron\u00e1ria percut\u00e2nea (ICP)<\/title>\n<meta name=\"description\" content=\"Interven\u00e7\u00e3o coron\u00e1ria percut\u00e2nea (ICP) visa restaurar o fornecimento de sangue ao cora\u00e7\u00e3o, desbloqueando art\u00e9rias estreitadas que podem causar insuf. card\u00edaca.\" \/>\n<meta name=\"robots\" content=\"index, follow, max-snippet:-1, max-image-preview:large, max-video-preview:-1\" \/>\n<link rel=\"canonical\" href=\"https:\/\/www.heartfailurematters.org\/pt-pt\/o-que-o-seu-medico-ou-enfermeiro-pode-fazer\/intervencao-coronaria-percutanea-icp\/\" \/>\n<meta property=\"og:locale\" content=\"pt_PT\" \/>\n<meta property=\"og:type\" content=\"article\" \/>\n<meta property=\"og:title\" content=\"Interven\u00e7\u00e3o coron\u00e1ria percut\u00e2nea (ICP)\" \/>\n<meta property=\"og:description\" content=\"Interven\u00e7\u00e3o coron\u00e1ria percut\u00e2nea (ICP) visa restaurar o fornecimento de sangue ao cora\u00e7\u00e3o, desbloqueando art\u00e9rias estreitadas que podem causar insuf. card\u00edaca.\" \/>\n<meta property=\"og:url\" content=\"https:\/\/www.heartfailurematters.org\/pt-pt\/o-que-o-seu-medico-ou-enfermeiro-pode-fazer\/intervencao-coronaria-percutanea-icp\/\" \/>\n<meta property=\"og:site_name\" content=\"Heart Failure Matters\" \/>\n<meta property=\"article:publisher\" content=\"https:\/\/www.facebook.com\/heartfailurematters\" \/>\n<meta property=\"article:modified_time\" content=\"2022-01-24T16:44:02+00:00\" \/>\n<meta property=\"og:image\" content=\"https:\/\/www.heartfailurematters.org\/wp-content\/uploads\/2022\/02\/shutterstock_26945083-1-min.jpg\" \/>\n\t<meta property=\"og:image:width\" content=\"900\" \/>\n\t<meta property=\"og:image:height\" content=\"600\" \/>\n\t<meta property=\"og:image:type\" content=\"image\/jpeg\" \/>\n<meta name=\"twitter:card\" content=\"summary_large_image\" \/>\n<meta name=\"twitter:label1\" content=\"Tempo estimado de leitura\" \/>\n\t<meta name=\"twitter:data1\" content=\"1 minuto\" \/>\n<script type=\"application\/ld+json\" class=\"yoast-schema-graph\">{\"@context\":\"https:\/\/schema.org\",\"@graph\":[{\"@type\":\"WebPage\",\"@id\":\"https:\/\/www.heartfailurematters.org\/pt-pt\/o-que-o-seu-medico-ou-enfermeiro-pode-fazer\/intervencao-coronaria-percutanea-icp\/\",\"url\":\"https:\/\/www.heartfailurematters.org\/pt-pt\/o-que-o-seu-medico-ou-enfermeiro-pode-fazer\/intervencao-coronaria-percutanea-icp\/\",\"name\":\"Interven\u00e7\u00e3o coron\u00e1ria percut\u00e2nea (ICP)\",\"isPartOf\":{\"@id\":\"https:\/\/www.heartfailurematters.org\/pt-pt\/#website\"},\"primaryImageOfPage\":{\"@id\":\"https:\/\/www.heartfailurematters.org\/pt-pt\/o-que-o-seu-medico-ou-enfermeiro-pode-fazer\/intervencao-coronaria-percutanea-icp\/#primaryimage\"},\"image\":{\"@id\":\"https:\/\/www.heartfailurematters.org\/pt-pt\/o-que-o-seu-medico-ou-enfermeiro-pode-fazer\/intervencao-coronaria-percutanea-icp\/#primaryimage\"},\"thumbnailUrl\":\"https:\/\/www.heartfailurematters.org\/wp-content\/uploads\/2022\/02\/shutterstock_26945083-1-min.jpg\",\"datePublished\":\"2021-01-27T22:06:35+00:00\",\"dateModified\":\"2022-01-24T16:44:02+00:00\",\"description\":\"Interven\u00e7\u00e3o coron\u00e1ria percut\u00e2nea (ICP) visa restaurar o fornecimento de sangue ao cora\u00e7\u00e3o, desbloqueando art\u00e9rias estreitadas que podem causar insuf. card\u00edaca.\",\"breadcrumb\":{\"@id\":\"https:\/\/www.heartfailurematters.org\/pt-pt\/o-que-o-seu-medico-ou-enfermeiro-pode-fazer\/intervencao-coronaria-percutanea-icp\/#breadcrumb\"},\"inLanguage\":\"pt-PT\",\"potentialAction\":[{\"@type\":\"ReadAction\",\"target\":[\"https:\/\/www.heartfailurematters.org\/pt-pt\/o-que-o-seu-medico-ou-enfermeiro-pode-fazer\/intervencao-coronaria-percutanea-icp\/\"]}]},{\"@type\":\"ImageObject\",\"inLanguage\":\"pt-PT\",\"@id\":\"https:\/\/www.heartfailurematters.org\/pt-pt\/o-que-o-seu-medico-ou-enfermeiro-pode-fazer\/intervencao-coronaria-percutanea-icp\/#primaryimage\",\"url\":\"https:\/\/www.heartfailurematters.org\/wp-content\/uploads\/2022\/02\/shutterstock_26945083-1-min.jpg\",\"contentUrl\":\"https:\/\/www.heartfailurematters.org\/wp-content\/uploads\/2022\/02\/shutterstock_26945083-1-min.jpg\",\"width\":900,\"height\":600},{\"@type\":\"BreadcrumbList\",\"@id\":\"https:\/\/www.heartfailurematters.org\/pt-pt\/o-que-o-seu-medico-ou-enfermeiro-pode-fazer\/intervencao-coronaria-percutanea-icp\/#breadcrumb\",\"itemListElement\":[{\"@type\":\"ListItem\",\"position\":1,\"name\":\"P\u00e1gina inicial\",\"item\":\"https:\/\/www.heartfailurematters.org\/pt-pt\/\"},{\"@type\":\"ListItem\",\"position\":2,\"name\":\"O que o seu m\u00e9dico pode fazer\",\"item\":\"https:\/\/www.heartfailurematters.org\/pt-pt\/o-que-o-seu-medico-ou-enfermeiro-pode-fazer\/\"},{\"@type\":\"ListItem\",\"position\":3,\"name\":\"Interven\u00e7\u00e3o coron\u00e1ria percut\u00e2nea (ICP)\"}]},{\"@type\":\"WebSite\",\"@id\":\"https:\/\/www.heartfailurematters.org\/pt-pt\/#website\",\"url\":\"https:\/\/www.heartfailurematters.org\/pt-pt\/\",\"name\":\"Heart Failure Matters\",\"description\":\"Practical information for patients, families and caregivers.\",\"publisher\":{\"@id\":\"https:\/\/www.heartfailurematters.org\/pt-pt\/#organization\"},\"potentialAction\":[{\"@type\":\"SearchAction\",\"target\":{\"@type\":\"EntryPoint\",\"urlTemplate\":\"https:\/\/www.heartfailurematters.org\/pt-pt\/?s={search_term_string}\"},\"query-input\":{\"@type\":\"PropertyValueSpecification\",\"valueRequired\":true,\"valueName\":\"search_term_string\"}}],\"inLanguage\":\"pt-PT\"},{\"@type\":\"Organization\",\"@id\":\"https:\/\/www.heartfailurematters.org\/pt-pt\/#organization\",\"name\":\"Heart Failure Matters\",\"url\":\"https:\/\/www.heartfailurematters.org\/pt-pt\/\",\"logo\":{\"@type\":\"ImageObject\",\"inLanguage\":\"pt-PT\",\"@id\":\"https:\/\/www.heartfailurematters.org\/pt-pt\/#\/schema\/logo\/image\/\",\"url\":\"https:\/\/cdn-endpoint-hfm.azureedge.net\/heartfailurematters\/2024\/07\/hfm-logo1.jpg\",\"contentUrl\":\"https:\/\/cdn-endpoint-hfm.azureedge.net\/heartfailurematters\/2024\/07\/hfm-logo1.jpg\",\"width\":1280,\"height\":720,\"caption\":\"Heart Failure Matters\"},\"image\":{\"@id\":\"https:\/\/www.heartfailurematters.org\/pt-pt\/#\/schema\/logo\/image\/\"},\"sameAs\":[\"https:\/\/www.facebook.com\/heartfailurematters\"]}]}<\/script>\n<!-- \/ Yoast SEO plugin. -->","yoast_head_json":{"title":"Interven\u00e7\u00e3o coron\u00e1ria percut\u00e2nea (ICP)","description":"Interven\u00e7\u00e3o coron\u00e1ria percut\u00e2nea (ICP) visa restaurar o fornecimento de sangue ao cora\u00e7\u00e3o, desbloqueando art\u00e9rias estreitadas que podem causar insuf. card\u00edaca.","robots":{"index":"index","follow":"follow","max-snippet":"max-snippet:-1","max-image-preview":"max-image-preview:large","max-video-preview":"max-video-preview:-1"},"canonical":"https:\/\/www.heartfailurematters.org\/pt-pt\/o-que-o-seu-medico-ou-enfermeiro-pode-fazer\/intervencao-coronaria-percutanea-icp\/","og_locale":"pt_PT","og_type":"article","og_title":"Interven\u00e7\u00e3o coron\u00e1ria percut\u00e2nea (ICP)","og_description":"Interven\u00e7\u00e3o coron\u00e1ria percut\u00e2nea (ICP) visa restaurar o fornecimento de sangue ao cora\u00e7\u00e3o, desbloqueando art\u00e9rias estreitadas que podem causar insuf. card\u00edaca.","og_url":"https:\/\/www.heartfailurematters.org\/pt-pt\/o-que-o-seu-medico-ou-enfermeiro-pode-fazer\/intervencao-coronaria-percutanea-icp\/","og_site_name":"Heart Failure Matters","article_publisher":"https:\/\/www.facebook.com\/heartfailurematters","article_modified_time":"2022-01-24T16:44:02+00:00","og_image":[{"width":900,"height":600,"url":"https:\/\/www.heartfailurematters.org\/wp-content\/uploads\/2022\/02\/shutterstock_26945083-1-min.jpg","type":"image\/jpeg"}],"twitter_card":"summary_large_image","twitter_misc":{"Tempo estimado de leitura":"1 minuto"},"schema":{"@context":"https:\/\/schema.org","@graph":[{"@type":"WebPage","@id":"https:\/\/www.heartfailurematters.org\/pt-pt\/o-que-o-seu-medico-ou-enfermeiro-pode-fazer\/intervencao-coronaria-percutanea-icp\/","url":"https:\/\/www.heartfailurematters.org\/pt-pt\/o-que-o-seu-medico-ou-enfermeiro-pode-fazer\/intervencao-coronaria-percutanea-icp\/","name":"Interven\u00e7\u00e3o coron\u00e1ria percut\u00e2nea (ICP)","isPartOf":{"@id":"https:\/\/www.heartfailurematters.org\/pt-pt\/#website"},"primaryImageOfPage":{"@id":"https:\/\/www.heartfailurematters.org\/pt-pt\/o-que-o-seu-medico-ou-enfermeiro-pode-fazer\/intervencao-coronaria-percutanea-icp\/#primaryimage"},"image":{"@id":"https:\/\/www.heartfailurematters.org\/pt-pt\/o-que-o-seu-medico-ou-enfermeiro-pode-fazer\/intervencao-coronaria-percutanea-icp\/#primaryimage"},"thumbnailUrl":"https:\/\/www.heartfailurematters.org\/wp-content\/uploads\/2022\/02\/shutterstock_26945083-1-min.jpg","datePublished":"2021-01-27T22:06:35+00:00","dateModified":"2022-01-24T16:44:02+00:00","description":"Interven\u00e7\u00e3o coron\u00e1ria percut\u00e2nea (ICP) visa restaurar o fornecimento de sangue ao cora\u00e7\u00e3o, desbloqueando art\u00e9rias estreitadas que podem causar insuf. card\u00edaca.","breadcrumb":{"@id":"https:\/\/www.heartfailurematters.org\/pt-pt\/o-que-o-seu-medico-ou-enfermeiro-pode-fazer\/intervencao-coronaria-percutanea-icp\/#breadcrumb"},"inLanguage":"pt-PT","potentialAction":[{"@type":"ReadAction","target":["https:\/\/www.heartfailurematters.org\/pt-pt\/o-que-o-seu-medico-ou-enfermeiro-pode-fazer\/intervencao-coronaria-percutanea-icp\/"]}]},{"@type":"ImageObject","inLanguage":"pt-PT","@id":"https:\/\/www.heartfailurematters.org\/pt-pt\/o-que-o-seu-medico-ou-enfermeiro-pode-fazer\/intervencao-coronaria-percutanea-icp\/#primaryimage","url":"https:\/\/www.heartfailurematters.org\/wp-content\/uploads\/2022\/02\/shutterstock_26945083-1-min.jpg","contentUrl":"https:\/\/www.heartfailurematters.org\/wp-content\/uploads\/2022\/02\/shutterstock_26945083-1-min.jpg","width":900,"height":600},{"@type":"BreadcrumbList","@id":"https:\/\/www.heartfailurematters.org\/pt-pt\/o-que-o-seu-medico-ou-enfermeiro-pode-fazer\/intervencao-coronaria-percutanea-icp\/#breadcrumb","itemListElement":[{"@type":"ListItem","position":1,"name":"P\u00e1gina inicial","item":"https:\/\/www.heartfailurematters.org\/pt-pt\/"},{"@type":"ListItem","position":2,"name":"O que o seu m\u00e9dico pode fazer","item":"https:\/\/www.heartfailurematters.org\/pt-pt\/o-que-o-seu-medico-ou-enfermeiro-pode-fazer\/"},{"@type":"ListItem","position":3,"name":"Interven\u00e7\u00e3o coron\u00e1ria percut\u00e2nea (ICP)"}]},{"@type":"WebSite","@id":"https:\/\/www.heartfailurematters.org\/pt-pt\/#website","url":"https:\/\/www.heartfailurematters.org\/pt-pt\/","name":"Heart Failure Matters","description":"Practical information for patients, families and caregivers.","publisher":{"@id":"https:\/\/www.heartfailurematters.org\/pt-pt\/#organization"},"potentialAction":[{"@type":"SearchAction","target":{"@type":"EntryPoint","urlTemplate":"https:\/\/www.heartfailurematters.org\/pt-pt\/?s={search_term_string}"},"query-input":{"@type":"PropertyValueSpecification","valueRequired":true,"valueName":"search_term_string"}}],"inLanguage":"pt-PT"},{"@type":"Organization","@id":"https:\/\/www.heartfailurematters.org\/pt-pt\/#organization","name":"Heart Failure Matters","url":"https:\/\/www.heartfailurematters.org\/pt-pt\/","logo":{"@type":"ImageObject","inLanguage":"pt-PT","@id":"https:\/\/www.heartfailurematters.org\/pt-pt\/#\/schema\/logo\/image\/","url":"https:\/\/cdn-endpoint-hfm.azureedge.net\/heartfailurematters\/2024\/07\/hfm-logo1.jpg","contentUrl":"https:\/\/cdn-endpoint-hfm.azureedge.net\/heartfailurematters\/2024\/07\/hfm-logo1.jpg","width":1280,"height":720,"caption":"Heart Failure Matters"},"image":{"@id":"https:\/\/www.heartfailurematters.org\/pt-pt\/#\/schema\/logo\/image\/"},"sameAs":["https:\/\/www.facebook.com\/heartfailurematters"]}]}},"_links":{"self":[{"href":"https:\/\/www.heartfailurematters.org\/pt-pt\/wp-json\/wp\/v2\/pages\/2064","targetHints":{"allow":["GET"]}}],"collection":[{"href":"https:\/\/www.heartfailurematters.org\/pt-pt\/wp-json\/wp\/v2\/pages"}],"about":[{"href":"https:\/\/www.heartfailurematters.org\/pt-pt\/wp-json\/wp\/v2\/types\/page"}],"author":[{"embeddable":true,"href":"https:\/\/www.heartfailurematters.org\/pt-pt\/wp-json\/wp\/v2\/users\/1"}],"replies":[{"embeddable":true,"href":"https:\/\/www.heartfailurematters.org\/pt-pt\/wp-json\/wp\/v2\/comments?post=2064"}],"version-history":[{"count":2,"href":"https:\/\/www.heartfailurematters.org\/pt-pt\/wp-json\/wp\/v2\/pages\/2064\/revisions"}],"predecessor-version":[{"id":8641,"href":"https:\/\/www.heartfailurematters.org\/pt-pt\/wp-json\/wp\/v2\/pages\/2064\/revisions\/8641"}],"up":[{"embeddable":true,"href":"https:\/\/www.heartfailurematters.org\/pt-pt\/wp-json\/wp\/v2\/pages\/2682"}],"wp:featuredmedia":[{"embeddable":true,"href":"https:\/\/www.heartfailurematters.org\/pt-pt\/wp-json\/wp\/v2\/media\/10689"}],"wp:attachment":[{"href":"https:\/\/www.heartfailurematters.org\/pt-pt\/wp-json\/wp\/v2\/media?parent=2064"}],"wp:term":[{"taxonomy":"category","embeddable":true,"href":"https:\/\/www.heartfailurematters.org\/pt-pt\/wp-json\/wp\/v2\/categories?post=2064"},{"taxonomy":"post_tag","embeddable":true,"href":"https:\/\/www.heartfailurematters.org\/pt-pt\/wp-json\/wp\/v2\/tags?post=2064"}],"curies":[{"name":"wp","href":"https:\/\/api.w.org\/{rel}","templated":true}]}}