{"id":2061,"date":"2021-01-27T22:06:35","date_gmt":"2021-01-27T22:06:35","guid":{"rendered":"http:\/\/heartfailurematters.local:8888\/prova-de-esforco\/"},"modified":"2022-01-24T16:34:01","modified_gmt":"2022-01-24T16:34:01","slug":"prova-de-esforco","status":"publish","type":"page","link":"https:\/\/www.heartfailurematters.org\/pt-pt\/o-que-e-a-insuficiencia-cardiaca\/prova-de-esforco\/","title":{"rendered":"Prova de esfor\u00e7o"},"content":{"rendered":"<p><strong><a class=\"addtooltip\" title=\"Atividade f\u00edsica controlada, normalmente numa passadeira ou bicicleta est\u00e1tica, utilizada para avaliar como o cora\u00e7\u00e3o e o corpo lidam com o exerc\u00edcio f\u00edsico ou stress. Este exame poder\u00e1 mostrar isquemia causada pela doen\u00e7a arterial coron\u00e1ria.\" href=\"https:\/\/www.heartfailurematters.org\/pt-pt\/o-que-e-a-insuficiencia-cardiaca\/prova-de-esforco\/\">A prova de esfor\u00e7o<\/a>\u00a0<\/strong>ajuda o seu m\u00e9dico a avaliar como o seu cora\u00e7\u00e3o se comporta com exerc\u00edcio f\u00edsico ou stress. Este exame implica praticar exerc\u00edcio f\u00edsico numa passadeira, ao mesmo tempo que a frequ\u00eancia card\u00edaca, a respira\u00e7\u00e3o, a press\u00e3o arterial e a atividade el\u00e9trica do cora\u00e7\u00e3o s\u00e3o monitorizados.<\/p>\n<p>Est\u00e1 ligado a um equipamento de monitoriza\u00e7\u00e3o e ser-lhe-\u00e1 pedido para caminhar lentamente numa passadeira ou pedalar numa bicicleta est\u00e1tica. A velocidade \u00e9 aumentada e a passadeira \u00e9 inclinada para reproduzir o efeito de subida (na bicicleta, a carga nos pedais aumenta continuamente ou de forma gradual). Poder\u00e1 ser-lhe solicitado que respire para um tubo durante alguns minutos.<\/p>\n<p>Os exames podem ser interrompidos em qualquer altura, se necess\u00e1rio. Em seguida, ir\u00e1 sentar-se ou deitar-se para medir a press\u00e3o arterial e avaliar o cora\u00e7\u00e3o.<\/p>\n<p>Por vezes, al\u00e9m da prova de esfor\u00e7o normal, ter\u00e1 de usar uma m\u00e1scara para recolher o ar que expira para medir o quanto respira e avaliar a rapidez com que o organismo consome oxig\u00e9nio. Este exame \u00e9 designado por prova de esfor\u00e7o cardiopulmonar.<\/p>\n<p>\u00c0 medida que o corpo se esfor\u00e7a mais durante o exame, requer mais oxig\u00e9nio e o cora\u00e7\u00e3o tem de bombear mais sangue. O exame pode mostrar se o fluxo sangu\u00edneo \u00e9 reduzido nas art\u00e9rias que fornecem sangue ao cora\u00e7\u00e3o. Tamb\u00e9m ajuda a avaliar a sua capacidade de exerc\u00edcio f\u00edsico e decidir o tipo e o grau de exerc\u00edcio f\u00edsico ideal para si.<\/p>\n<p>A prova de esfor\u00e7o \u00e9 \u00fatil para diagnosticar a <a class=\"addtooltip\" title=\"Ocorre quando as art\u00e9rias coron\u00e1rias tornam-se estreitas ou completamente obstru\u00eddas. Isto causa a redu\u00e7\u00e3o do fluxo sangu\u00edneo e pode provocar angina, ataque card\u00edaco e insufici\u00eancia card\u00edaca.\" href=\"https:\/\/www.heartfailurematters.org\/pt-pt\/o-que-e-a-insuficiencia-cardiaca\/prova-de-esforco\/\"><strong>doen\u00e7a das art\u00e9rias coron\u00e1rias<\/strong><\/a>, um grande fator de risco da insufici\u00eancia card\u00edaca e avaliar a sua <a class=\"addtooltip\" title=\"Termo utilizado para descrever a condi\u00e7\u00e3o f\u00edsica de uma pessoa ou o n\u00edvel de exerc\u00edcio f\u00edsico que pode praticar.\" href=\"https:\/\/www.heartfailurematters.org\/pt-pt\/o-que-e-a-insuficiencia-cardiaca\/prova-de-esforco\/\"><strong>capacidade para praticar exerc\u00edcio f\u00edsico<\/strong><\/a>.<\/p>\n<table border=\"1\" width=\"100%\" cellspacing=\"0\" cellpadding=\"0\">\n<tbody>\n<tr>\n<td width=\"100%\"><img decoding=\"async\" class=\"alignleft size-full wp-image-6739\" src=\"https:\/\/cdn-endpoint-hfm.azureedge.net\/heartfailurematters\/2021\/02\/Patient-during-an-exercise-test.jpg\" alt=\"\" width=\"211\" height=\"206\" \/><\/td>\n<\/tr>\n<tr>\n<td width=\"100%\"><span class=\"caption\">\u00a9 Siemens<\/span><br \/>\n<span style=\"font-size: medium;\">Doente durante uma prova de esfor\u00e7o<\/span><\/td>\n<\/tr>\n<\/tbody>\n<\/table>\n<p>Voltar \u00e0 sec\u00e7\u00e3o Exames comuns para detetar insufici\u00eancia card\u00edaca<\/p>\n","protected":false},"excerpt":{"rendered":"<p>A prova de esfor\u00e7o\u00a0ajuda o seu m\u00e9dico a avaliar como o seu cora\u00e7\u00e3o se comporta com exerc\u00edcio f\u00edsico ou stress. Este exame implica praticar exerc\u00edcio f\u00edsico numa passadeira, ao mesmo tempo que a frequ\u00eancia card\u00edaca, a respira\u00e7\u00e3o, a press\u00e3o arterial e a atividade el\u00e9trica do cora\u00e7\u00e3o s\u00e3o monitorizados. Est\u00e1 ligado a um equipamento de monitoriza\u00e7\u00e3o [&hellip;]<\/p>\n","protected":false},"author":1,"featured_media":10669,"parent":1889,"menu_order":0,"comment_status":"open","ping_status":"open","template":"","meta":{"_acf_changed":false,"footnotes":""},"categories":[],"tags":[],"class_list":["post-2061","page","type-page","status-publish","has-post-thumbnail","hentry"],"acf":[],"yoast_head":"<!-- This site is optimized with the Yoast SEO plugin v24.8.1 - https:\/\/yoast.com\/wordpress\/plugins\/seo\/ -->\n<title>Testes de Exerc\u00edcio para Insufici\u00eancia Card\u00edaca<\/title>\n<meta name=\"description\" content=\"Os testes de exerc\u00edcio ajudam o m\u00e9dico a descobrir como o seu cora\u00e7\u00e3o lida com o exerc\u00edcio ou stress, incluindo a atividade el\u00e9trica no seu cora\u00e7\u00e3o.\" \/>\n<meta name=\"robots\" content=\"index, follow, max-snippet:-1, max-image-preview:large, max-video-preview:-1\" \/>\n<link rel=\"canonical\" href=\"https:\/\/www.heartfailurematters.org\/pt-pt\/o-que-e-a-insuficiencia-cardiaca\/prova-de-esforco\/\" \/>\n<meta property=\"og:locale\" content=\"pt_PT\" \/>\n<meta property=\"og:type\" content=\"article\" \/>\n<meta property=\"og:title\" content=\"Testes de Exerc\u00edcio para Insufici\u00eancia Card\u00edaca\" \/>\n<meta property=\"og:description\" content=\"Os testes de exerc\u00edcio ajudam o m\u00e9dico a descobrir como o seu cora\u00e7\u00e3o lida com o exerc\u00edcio ou stress, incluindo a atividade el\u00e9trica no seu cora\u00e7\u00e3o.\" \/>\n<meta property=\"og:url\" content=\"https:\/\/www.heartfailurematters.org\/pt-pt\/o-que-e-a-insuficiencia-cardiaca\/prova-de-esforco\/\" \/>\n<meta property=\"og:site_name\" content=\"Heart Failure Matters\" \/>\n<meta property=\"article:publisher\" content=\"https:\/\/www.facebook.com\/heartfailurematters\" \/>\n<meta property=\"article:modified_time\" content=\"2022-01-24T16:34:01+00:00\" \/>\n<meta property=\"og:image\" content=\"https:\/\/www.heartfailurematters.org\/wp-content\/uploads\/2022\/02\/shutterstock_362699957-1-min.jpg\" \/>\n\t<meta property=\"og:image:width\" content=\"900\" \/>\n\t<meta property=\"og:image:height\" content=\"600\" \/>\n\t<meta property=\"og:image:type\" content=\"image\/jpeg\" \/>\n<meta name=\"twitter:card\" content=\"summary_large_image\" \/>\n<meta name=\"twitter:label1\" content=\"Tempo estimado de leitura\" \/>\n\t<meta name=\"twitter:data1\" content=\"2 minutos\" \/>\n<script type=\"application\/ld+json\" class=\"yoast-schema-graph\">{\"@context\":\"https:\/\/schema.org\",\"@graph\":[{\"@type\":\"WebPage\",\"@id\":\"https:\/\/www.heartfailurematters.org\/pt-pt\/o-que-e-a-insuficiencia-cardiaca\/prova-de-esforco\/\",\"url\":\"https:\/\/www.heartfailurematters.org\/pt-pt\/o-que-e-a-insuficiencia-cardiaca\/prova-de-esforco\/\",\"name\":\"Testes de Exerc\u00edcio para Insufici\u00eancia Card\u00edaca\",\"isPartOf\":{\"@id\":\"https:\/\/www.heartfailurematters.org\/pt-pt\/#website\"},\"primaryImageOfPage\":{\"@id\":\"https:\/\/www.heartfailurematters.org\/pt-pt\/o-que-e-a-insuficiencia-cardiaca\/prova-de-esforco\/#primaryimage\"},\"image\":{\"@id\":\"https:\/\/www.heartfailurematters.org\/pt-pt\/o-que-e-a-insuficiencia-cardiaca\/prova-de-esforco\/#primaryimage\"},\"thumbnailUrl\":\"https:\/\/www.heartfailurematters.org\/wp-content\/uploads\/2022\/02\/shutterstock_362699957-1-min.jpg\",\"datePublished\":\"2021-01-27T22:06:35+00:00\",\"dateModified\":\"2022-01-24T16:34:01+00:00\",\"description\":\"Os testes de exerc\u00edcio ajudam o m\u00e9dico a descobrir como o seu cora\u00e7\u00e3o lida com o exerc\u00edcio ou stress, incluindo a atividade el\u00e9trica no seu cora\u00e7\u00e3o.\",\"breadcrumb\":{\"@id\":\"https:\/\/www.heartfailurematters.org\/pt-pt\/o-que-e-a-insuficiencia-cardiaca\/prova-de-esforco\/#breadcrumb\"},\"inLanguage\":\"pt-PT\",\"potentialAction\":[{\"@type\":\"ReadAction\",\"target\":[\"https:\/\/www.heartfailurematters.org\/pt-pt\/o-que-e-a-insuficiencia-cardiaca\/prova-de-esforco\/\"]}]},{\"@type\":\"ImageObject\",\"inLanguage\":\"pt-PT\",\"@id\":\"https:\/\/www.heartfailurematters.org\/pt-pt\/o-que-e-a-insuficiencia-cardiaca\/prova-de-esforco\/#primaryimage\",\"url\":\"https:\/\/www.heartfailurematters.org\/wp-content\/uploads\/2022\/02\/shutterstock_362699957-1-min.jpg\",\"contentUrl\":\"https:\/\/www.heartfailurematters.org\/wp-content\/uploads\/2022\/02\/shutterstock_362699957-1-min.jpg\",\"width\":900,\"height\":600},{\"@type\":\"BreadcrumbList\",\"@id\":\"https:\/\/www.heartfailurematters.org\/pt-pt\/o-que-e-a-insuficiencia-cardiaca\/prova-de-esforco\/#breadcrumb\",\"itemListElement\":[{\"@type\":\"ListItem\",\"position\":1,\"name\":\"P\u00e1gina inicial\",\"item\":\"https:\/\/www.heartfailurematters.org\/pt-pt\/\"},{\"@type\":\"ListItem\",\"position\":2,\"name\":\"Compreender a insufici\u00eancia card\u00edaca\",\"item\":\"https:\/\/www.heartfailurematters.org\/pt-pt\/o-que-e-a-insuficiencia-cardiaca\/\"},{\"@type\":\"ListItem\",\"position\":3,\"name\":\"Prova de esfor\u00e7o\"}]},{\"@type\":\"WebSite\",\"@id\":\"https:\/\/www.heartfailurematters.org\/pt-pt\/#website\",\"url\":\"https:\/\/www.heartfailurematters.org\/pt-pt\/\",\"name\":\"Heart Failure Matters\",\"description\":\"Practical information for patients, families and caregivers.\",\"publisher\":{\"@id\":\"https:\/\/www.heartfailurematters.org\/pt-pt\/#organization\"},\"potentialAction\":[{\"@type\":\"SearchAction\",\"target\":{\"@type\":\"EntryPoint\",\"urlTemplate\":\"https:\/\/www.heartfailurematters.org\/pt-pt\/?s={search_term_string}\"},\"query-input\":{\"@type\":\"PropertyValueSpecification\",\"valueRequired\":true,\"valueName\":\"search_term_string\"}}],\"inLanguage\":\"pt-PT\"},{\"@type\":\"Organization\",\"@id\":\"https:\/\/www.heartfailurematters.org\/pt-pt\/#organization\",\"name\":\"Heart Failure Matters\",\"url\":\"https:\/\/www.heartfailurematters.org\/pt-pt\/\",\"logo\":{\"@type\":\"ImageObject\",\"inLanguage\":\"pt-PT\",\"@id\":\"https:\/\/www.heartfailurematters.org\/pt-pt\/#\/schema\/logo\/image\/\",\"url\":\"https:\/\/cdn-endpoint-hfm.azureedge.net\/heartfailurematters\/2024\/07\/hfm-logo1.jpg\",\"contentUrl\":\"https:\/\/cdn-endpoint-hfm.azureedge.net\/heartfailurematters\/2024\/07\/hfm-logo1.jpg\",\"width\":1280,\"height\":720,\"caption\":\"Heart Failure Matters\"},\"image\":{\"@id\":\"https:\/\/www.heartfailurematters.org\/pt-pt\/#\/schema\/logo\/image\/\"},\"sameAs\":[\"https:\/\/www.facebook.com\/heartfailurematters\"]}]}<\/script>\n<!-- \/ Yoast SEO plugin. -->","yoast_head_json":{"title":"Testes de Exerc\u00edcio para Insufici\u00eancia Card\u00edaca","description":"Os testes de exerc\u00edcio ajudam o m\u00e9dico a descobrir como o seu cora\u00e7\u00e3o lida com o exerc\u00edcio ou stress, incluindo a atividade el\u00e9trica no seu cora\u00e7\u00e3o.","robots":{"index":"index","follow":"follow","max-snippet":"max-snippet:-1","max-image-preview":"max-image-preview:large","max-video-preview":"max-video-preview:-1"},"canonical":"https:\/\/www.heartfailurematters.org\/pt-pt\/o-que-e-a-insuficiencia-cardiaca\/prova-de-esforco\/","og_locale":"pt_PT","og_type":"article","og_title":"Testes de Exerc\u00edcio para Insufici\u00eancia Card\u00edaca","og_description":"Os testes de exerc\u00edcio ajudam o m\u00e9dico a descobrir como o seu cora\u00e7\u00e3o lida com o exerc\u00edcio ou stress, incluindo a atividade el\u00e9trica no seu cora\u00e7\u00e3o.","og_url":"https:\/\/www.heartfailurematters.org\/pt-pt\/o-que-e-a-insuficiencia-cardiaca\/prova-de-esforco\/","og_site_name":"Heart Failure Matters","article_publisher":"https:\/\/www.facebook.com\/heartfailurematters","article_modified_time":"2022-01-24T16:34:01+00:00","og_image":[{"width":900,"height":600,"url":"https:\/\/www.heartfailurematters.org\/wp-content\/uploads\/2022\/02\/shutterstock_362699957-1-min.jpg","type":"image\/jpeg"}],"twitter_card":"summary_large_image","twitter_misc":{"Tempo estimado de leitura":"2 minutos"},"schema":{"@context":"https:\/\/schema.org","@graph":[{"@type":"WebPage","@id":"https:\/\/www.heartfailurematters.org\/pt-pt\/o-que-e-a-insuficiencia-cardiaca\/prova-de-esforco\/","url":"https:\/\/www.heartfailurematters.org\/pt-pt\/o-que-e-a-insuficiencia-cardiaca\/prova-de-esforco\/","name":"Testes de Exerc\u00edcio para Insufici\u00eancia Card\u00edaca","isPartOf":{"@id":"https:\/\/www.heartfailurematters.org\/pt-pt\/#website"},"primaryImageOfPage":{"@id":"https:\/\/www.heartfailurematters.org\/pt-pt\/o-que-e-a-insuficiencia-cardiaca\/prova-de-esforco\/#primaryimage"},"image":{"@id":"https:\/\/www.heartfailurematters.org\/pt-pt\/o-que-e-a-insuficiencia-cardiaca\/prova-de-esforco\/#primaryimage"},"thumbnailUrl":"https:\/\/www.heartfailurematters.org\/wp-content\/uploads\/2022\/02\/shutterstock_362699957-1-min.jpg","datePublished":"2021-01-27T22:06:35+00:00","dateModified":"2022-01-24T16:34:01+00:00","description":"Os testes de exerc\u00edcio ajudam o m\u00e9dico a descobrir como o seu cora\u00e7\u00e3o lida com o exerc\u00edcio ou stress, incluindo a atividade el\u00e9trica no seu cora\u00e7\u00e3o.","breadcrumb":{"@id":"https:\/\/www.heartfailurematters.org\/pt-pt\/o-que-e-a-insuficiencia-cardiaca\/prova-de-esforco\/#breadcrumb"},"inLanguage":"pt-PT","potentialAction":[{"@type":"ReadAction","target":["https:\/\/www.heartfailurematters.org\/pt-pt\/o-que-e-a-insuficiencia-cardiaca\/prova-de-esforco\/"]}]},{"@type":"ImageObject","inLanguage":"pt-PT","@id":"https:\/\/www.heartfailurematters.org\/pt-pt\/o-que-e-a-insuficiencia-cardiaca\/prova-de-esforco\/#primaryimage","url":"https:\/\/www.heartfailurematters.org\/wp-content\/uploads\/2022\/02\/shutterstock_362699957-1-min.jpg","contentUrl":"https:\/\/www.heartfailurematters.org\/wp-content\/uploads\/2022\/02\/shutterstock_362699957-1-min.jpg","width":900,"height":600},{"@type":"BreadcrumbList","@id":"https:\/\/www.heartfailurematters.org\/pt-pt\/o-que-e-a-insuficiencia-cardiaca\/prova-de-esforco\/#breadcrumb","itemListElement":[{"@type":"ListItem","position":1,"name":"P\u00e1gina inicial","item":"https:\/\/www.heartfailurematters.org\/pt-pt\/"},{"@type":"ListItem","position":2,"name":"Compreender a insufici\u00eancia card\u00edaca","item":"https:\/\/www.heartfailurematters.org\/pt-pt\/o-que-e-a-insuficiencia-cardiaca\/"},{"@type":"ListItem","position":3,"name":"Prova de esfor\u00e7o"}]},{"@type":"WebSite","@id":"https:\/\/www.heartfailurematters.org\/pt-pt\/#website","url":"https:\/\/www.heartfailurematters.org\/pt-pt\/","name":"Heart Failure Matters","description":"Practical information for patients, families and caregivers.","publisher":{"@id":"https:\/\/www.heartfailurematters.org\/pt-pt\/#organization"},"potentialAction":[{"@type":"SearchAction","target":{"@type":"EntryPoint","urlTemplate":"https:\/\/www.heartfailurematters.org\/pt-pt\/?s={search_term_string}"},"query-input":{"@type":"PropertyValueSpecification","valueRequired":true,"valueName":"search_term_string"}}],"inLanguage":"pt-PT"},{"@type":"Organization","@id":"https:\/\/www.heartfailurematters.org\/pt-pt\/#organization","name":"Heart Failure Matters","url":"https:\/\/www.heartfailurematters.org\/pt-pt\/","logo":{"@type":"ImageObject","inLanguage":"pt-PT","@id":"https:\/\/www.heartfailurematters.org\/pt-pt\/#\/schema\/logo\/image\/","url":"https:\/\/cdn-endpoint-hfm.azureedge.net\/heartfailurematters\/2024\/07\/hfm-logo1.jpg","contentUrl":"https:\/\/cdn-endpoint-hfm.azureedge.net\/heartfailurematters\/2024\/07\/hfm-logo1.jpg","width":1280,"height":720,"caption":"Heart Failure Matters"},"image":{"@id":"https:\/\/www.heartfailurematters.org\/pt-pt\/#\/schema\/logo\/image\/"},"sameAs":["https:\/\/www.facebook.com\/heartfailurematters"]}]}},"_links":{"self":[{"href":"https:\/\/www.heartfailurematters.org\/pt-pt\/wp-json\/wp\/v2\/pages\/2061","targetHints":{"allow":["GET"]}}],"collection":[{"href":"https:\/\/www.heartfailurematters.org\/pt-pt\/wp-json\/wp\/v2\/pages"}],"about":[{"href":"https:\/\/www.heartfailurematters.org\/pt-pt\/wp-json\/wp\/v2\/types\/page"}],"author":[{"embeddable":true,"href":"https:\/\/www.heartfailurematters.org\/pt-pt\/wp-json\/wp\/v2\/users\/1"}],"replies":[{"embeddable":true,"href":"https:\/\/www.heartfailurematters.org\/pt-pt\/wp-json\/wp\/v2\/comments?post=2061"}],"version-history":[{"count":2,"href":"https:\/\/www.heartfailurematters.org\/pt-pt\/wp-json\/wp\/v2\/pages\/2061\/revisions"}],"predecessor-version":[{"id":9604,"href":"https:\/\/www.heartfailurematters.org\/pt-pt\/wp-json\/wp\/v2\/pages\/2061\/revisions\/9604"}],"up":[{"embeddable":true,"href":"https:\/\/www.heartfailurematters.org\/pt-pt\/wp-json\/wp\/v2\/pages\/1889"}],"wp:featuredmedia":[{"embeddable":true,"href":"https:\/\/www.heartfailurematters.org\/pt-pt\/wp-json\/wp\/v2\/media\/10669"}],"wp:attachment":[{"href":"https:\/\/www.heartfailurematters.org\/pt-pt\/wp-json\/wp\/v2\/media?parent=2061"}],"wp:term":[{"taxonomy":"category","embeddable":true,"href":"https:\/\/www.heartfailurematters.org\/pt-pt\/wp-json\/wp\/v2\/categories?post=2061"},{"taxonomy":"post_tag","embeddable":true,"href":"https:\/\/www.heartfailurematters.org\/pt-pt\/wp-json\/wp\/v2\/tags?post=2061"}],"curies":[{"name":"wp","href":"https:\/\/api.w.org\/{rel}","templated":true}]}}