{"id":2056,"date":"2021-01-27T22:06:35","date_gmt":"2021-01-27T22:06:35","guid":{"rendered":"http:\/\/heartfailurematters.local:8888\/atividade-e-exercicio-fisico-2\/"},"modified":"2025-12-05T10:19:29","modified_gmt":"2025-12-05T10:19:29","slug":"atividade-e-exercicio-fisico","status":"publish","type":"page","link":"https:\/\/www.heartfailurematters.org\/pt-pt\/viver-com-insuficiencia-cardiaca\/atividade-e-exercicio-fisico\/","title":{"rendered":"Atividade e exerc\u00edcio"},"content":{"rendered":"<p>A atividade f\u00edsica e o exerc\u00edcio s\u00e3o importantes. O exerc\u00edcio pode ajudar a sentir-se melhor, pode melhorar o funcionamento do seu cora\u00e7\u00e3o e melhorar os seus sintomas. A atividade f\u00edsica leve \u00e9 ben\u00e9fica para a maioria das pessoas com insufici\u00eancia card\u00edaca.<\/p>\n<h2>Como?<\/h2>\n<p>Antes de iniciar um programa de exerc\u00edcios ou antes de mudar o tipo de exerc\u00edcio que pratica, fale com o seu m\u00e9dico ou enfermeiro para garantir que n\u00e3o est\u00e1 a colocar muita press\u00e3o no cora\u00e7\u00e3o demasiado depressa. Pode contactar uma unidade de reabilita\u00e7\u00e3o card\u00edaca local e perguntar se t\u00eam programas adequados \u00e0 sua condi\u00e7\u00e3o. Eles podem aconselhar a fazer um teste de esfor\u00e7o primeiro, a fim de definir o melhor n\u00edvel de treino de resist\u00eancia. A equipa de reabilita\u00e7\u00e3o tamb\u00e9m poder\u00e1 aconselhar sobre as atividades que devem ser evitadas.<\/p>\n<p>A chave para o sucesso \u00e9 a atividade f\u00edsica <strong>regular<\/strong>. Planeie praticar exerc\u00edcio 1-2 horas ap\u00f3s uma refei\u00e7\u00e3o leve. Para implementar atividade ou exerc\u00edcio f\u00edsico no seu dia a dia <strong>escolha uma atividade que goste<\/strong>. Praticar exerc\u00edcio com um amigo tamb\u00e9m ajuda, uma vez que se podem incentivar um ao outro. Fa\u00e7a sempre o aquecimento com um per\u00edodo definido de alongamento antes de come\u00e7ar o exerc\u00edcio \u2013 um instrutor qualificado poder\u00e1 mostrar como fazer isso com seguran\u00e7a.<\/p>\n<p>Caminhar \u00e9 uma boa atividade para come\u00e7ar. Se j\u00e1 caminha e se considera fisicamente ativo(a), experimente outras atividades que goste, como andar de bicicleta ou ir ao gin\u00e1sio. Comece devagar e aumente gradualmente a dist\u00e2ncia ou intensidade da atividade \u00e0 medida que a sua for\u00e7a e aptid\u00e3o f\u00edsica melhoram.<\/p>\n<p>Uma boa regra geral \u00e9 que <strong>deve conseguir falar enquanto se exercita<\/strong>. Caso contr\u00e1rio, provavelmente est\u00e1 a exagerar. Abrande se sentir uma maior falta de ar.<\/p>\n<p>Pare o exerc\u00edcio se sentir tonturas, dores no peito, n\u00e1useas ou suores frios. Se os sintomas persistirem, contacte o seu m\u00e9dico ou enfermeiro.<\/p>\n<p>Muitas pessoas com insufici\u00eancia card\u00edaca t\u00eam receio de n\u00e3o conseguirem brincar com os filhos ou netos. Ou\u00e7a os sinais que o seu corpo lhe envia. Tenha cuidado com atividades em que tenha de suster a respira\u00e7\u00e3o, fazer for\u00e7a ou explos\u00f5es repentinas de energia, pois podem causar sintomas desagrad\u00e1veis.<\/p>\n","protected":false},"excerpt":{"rendered":"<p>A atividade f\u00edsica e o exerc\u00edcio s\u00e3o importantes. O exerc\u00edcio pode ajudar a sentir-se melhor, pode melhorar o funcionamento do seu cora\u00e7\u00e3o e melhorar os seus sintomas. A atividade f\u00edsica leve \u00e9 ben\u00e9fica para a maioria das pessoas com insufici\u00eancia card\u00edaca. Como? Antes de iniciar um programa de exerc\u00edcios ou antes de mudar o tipo [&hellip;]<\/p>\n","protected":false},"author":1,"featured_media":10987,"parent":2815,"menu_order":0,"comment_status":"open","ping_status":"open","template":"","meta":{"_acf_changed":false,"footnotes":""},"categories":[],"tags":[],"class_list":["post-2056","page","type-page","status-publish","has-post-thumbnail","hentry"],"acf":[],"yoast_head":"<!-- This site is optimized with the Yoast SEO plugin v24.8.1 - https:\/\/yoast.com\/wordpress\/plugins\/seo\/ -->\n<title>Atividade e exerc\u00edcio na insufici\u00eancia card\u00edaca<\/title>\n<meta name=\"description\" content=\"A atividade pode melhorar o funcionamento do cora\u00e7\u00e3o, reduzindo a carga de trabalho e permitindo que bata de forma mais eficiente. Isto melhorar\u00e1 os sintomas.\" \/>\n<meta name=\"robots\" content=\"index, follow, max-snippet:-1, max-image-preview:large, max-video-preview:-1\" \/>\n<link rel=\"canonical\" href=\"https:\/\/www.heartfailurematters.org\/pt-pt\/viver-com-insuficiencia-cardiaca\/atividade-e-exercicio-fisico\/\" \/>\n<meta property=\"og:locale\" content=\"pt_PT\" \/>\n<meta property=\"og:type\" content=\"article\" \/>\n<meta property=\"og:title\" content=\"Atividade e exerc\u00edcio na insufici\u00eancia card\u00edaca\" \/>\n<meta property=\"og:description\" content=\"A atividade pode melhorar o funcionamento do cora\u00e7\u00e3o, reduzindo a carga de trabalho e permitindo que bata de forma mais eficiente. Isto melhorar\u00e1 os sintomas.\" \/>\n<meta property=\"og:url\" content=\"https:\/\/www.heartfailurematters.org\/pt-pt\/viver-com-insuficiencia-cardiaca\/atividade-e-exercicio-fisico\/\" \/>\n<meta property=\"og:site_name\" content=\"Heart Failure Matters\" \/>\n<meta property=\"article:publisher\" content=\"https:\/\/www.facebook.com\/heartfailurematters\" \/>\n<meta property=\"article:modified_time\" content=\"2025-12-05T10:19:29+00:00\" \/>\n<meta property=\"og:image\" content=\"https:\/\/www.heartfailurematters.org\/wp-content\/uploads\/2022\/03\/shutterstock_1215825016-1-min.jpg\" \/>\n\t<meta property=\"og:image:width\" content=\"900\" \/>\n\t<meta property=\"og:image:height\" content=\"601\" \/>\n\t<meta property=\"og:image:type\" content=\"image\/jpeg\" \/>\n<meta name=\"twitter:card\" content=\"summary_large_image\" \/>\n<meta name=\"twitter:label1\" content=\"Tempo estimado de leitura\" \/>\n\t<meta name=\"twitter:data1\" content=\"2 minutos\" \/>\n<script type=\"application\/ld+json\" class=\"yoast-schema-graph\">{\"@context\":\"https:\/\/schema.org\",\"@graph\":[{\"@type\":\"WebPage\",\"@id\":\"https:\/\/www.heartfailurematters.org\/pt-pt\/viver-com-insuficiencia-cardiaca\/atividade-e-exercicio-fisico\/\",\"url\":\"https:\/\/www.heartfailurematters.org\/pt-pt\/viver-com-insuficiencia-cardiaca\/atividade-e-exercicio-fisico\/\",\"name\":\"Atividade e exerc\u00edcio na insufici\u00eancia card\u00edaca\",\"isPartOf\":{\"@id\":\"https:\/\/www.heartfailurematters.org\/pt-pt\/#website\"},\"primaryImageOfPage\":{\"@id\":\"https:\/\/www.heartfailurematters.org\/pt-pt\/viver-com-insuficiencia-cardiaca\/atividade-e-exercicio-fisico\/#primaryimage\"},\"image\":{\"@id\":\"https:\/\/www.heartfailurematters.org\/pt-pt\/viver-com-insuficiencia-cardiaca\/atividade-e-exercicio-fisico\/#primaryimage\"},\"thumbnailUrl\":\"https:\/\/www.heartfailurematters.org\/wp-content\/uploads\/2022\/03\/shutterstock_1215825016-1-min.jpg\",\"datePublished\":\"2021-01-27T22:06:35+00:00\",\"dateModified\":\"2025-12-05T10:19:29+00:00\",\"description\":\"A atividade pode melhorar o funcionamento do cora\u00e7\u00e3o, reduzindo a carga de trabalho e permitindo que bata de forma mais eficiente. Isto melhorar\u00e1 os sintomas.\",\"breadcrumb\":{\"@id\":\"https:\/\/www.heartfailurematters.org\/pt-pt\/viver-com-insuficiencia-cardiaca\/atividade-e-exercicio-fisico\/#breadcrumb\"},\"inLanguage\":\"pt-PT\",\"potentialAction\":[{\"@type\":\"ReadAction\",\"target\":[\"https:\/\/www.heartfailurematters.org\/pt-pt\/viver-com-insuficiencia-cardiaca\/atividade-e-exercicio-fisico\/\"]}]},{\"@type\":\"ImageObject\",\"inLanguage\":\"pt-PT\",\"@id\":\"https:\/\/www.heartfailurematters.org\/pt-pt\/viver-com-insuficiencia-cardiaca\/atividade-e-exercicio-fisico\/#primaryimage\",\"url\":\"https:\/\/www.heartfailurematters.org\/wp-content\/uploads\/2022\/03\/shutterstock_1215825016-1-min.jpg\",\"contentUrl\":\"https:\/\/www.heartfailurematters.org\/wp-content\/uploads\/2022\/03\/shutterstock_1215825016-1-min.jpg\",\"width\":900,\"height\":601},{\"@type\":\"BreadcrumbList\",\"@id\":\"https:\/\/www.heartfailurematters.org\/pt-pt\/viver-com-insuficiencia-cardiaca\/atividade-e-exercicio-fisico\/#breadcrumb\",\"itemListElement\":[{\"@type\":\"ListItem\",\"position\":1,\"name\":\"P\u00e1gina inicial\",\"item\":\"https:\/\/www.heartfailurematters.org\/pt-pt\/\"},{\"@type\":\"ListItem\",\"position\":2,\"name\":\"Viver com insufici\u00eancia card\u00edaca\",\"item\":\"https:\/\/www.heartfailurematters.org\/pt-pt\/viver-com-insuficiencia-cardiaca\/\"},{\"@type\":\"ListItem\",\"position\":3,\"name\":\"Atividade e exerc\u00edcio\"}]},{\"@type\":\"WebSite\",\"@id\":\"https:\/\/www.heartfailurematters.org\/pt-pt\/#website\",\"url\":\"https:\/\/www.heartfailurematters.org\/pt-pt\/\",\"name\":\"Heart Failure Matters\",\"description\":\"Practical information for patients, families and caregivers.\",\"publisher\":{\"@id\":\"https:\/\/www.heartfailurematters.org\/pt-pt\/#organization\"},\"potentialAction\":[{\"@type\":\"SearchAction\",\"target\":{\"@type\":\"EntryPoint\",\"urlTemplate\":\"https:\/\/www.heartfailurematters.org\/pt-pt\/?s={search_term_string}\"},\"query-input\":{\"@type\":\"PropertyValueSpecification\",\"valueRequired\":true,\"valueName\":\"search_term_string\"}}],\"inLanguage\":\"pt-PT\"},{\"@type\":\"Organization\",\"@id\":\"https:\/\/www.heartfailurematters.org\/pt-pt\/#organization\",\"name\":\"Heart Failure Matters\",\"url\":\"https:\/\/www.heartfailurematters.org\/pt-pt\/\",\"logo\":{\"@type\":\"ImageObject\",\"inLanguage\":\"pt-PT\",\"@id\":\"https:\/\/www.heartfailurematters.org\/pt-pt\/#\/schema\/logo\/image\/\",\"url\":\"https:\/\/cdn-endpoint-hfm.azureedge.net\/heartfailurematters\/2024\/07\/hfm-logo1.jpg\",\"contentUrl\":\"https:\/\/cdn-endpoint-hfm.azureedge.net\/heartfailurematters\/2024\/07\/hfm-logo1.jpg\",\"width\":1280,\"height\":720,\"caption\":\"Heart Failure Matters\"},\"image\":{\"@id\":\"https:\/\/www.heartfailurematters.org\/pt-pt\/#\/schema\/logo\/image\/\"},\"sameAs\":[\"https:\/\/www.facebook.com\/heartfailurematters\"]}]}<\/script>\n<!-- \/ Yoast SEO plugin. -->","yoast_head_json":{"title":"Atividade e exerc\u00edcio na insufici\u00eancia card\u00edaca","description":"A atividade pode melhorar o funcionamento do cora\u00e7\u00e3o, reduzindo a carga de trabalho e permitindo que bata de forma mais eficiente. Isto melhorar\u00e1 os sintomas.","robots":{"index":"index","follow":"follow","max-snippet":"max-snippet:-1","max-image-preview":"max-image-preview:large","max-video-preview":"max-video-preview:-1"},"canonical":"https:\/\/www.heartfailurematters.org\/pt-pt\/viver-com-insuficiencia-cardiaca\/atividade-e-exercicio-fisico\/","og_locale":"pt_PT","og_type":"article","og_title":"Atividade e exerc\u00edcio na insufici\u00eancia card\u00edaca","og_description":"A atividade pode melhorar o funcionamento do cora\u00e7\u00e3o, reduzindo a carga de trabalho e permitindo que bata de forma mais eficiente. Isto melhorar\u00e1 os sintomas.","og_url":"https:\/\/www.heartfailurematters.org\/pt-pt\/viver-com-insuficiencia-cardiaca\/atividade-e-exercicio-fisico\/","og_site_name":"Heart Failure Matters","article_publisher":"https:\/\/www.facebook.com\/heartfailurematters","article_modified_time":"2025-12-05T10:19:29+00:00","og_image":[{"width":900,"height":601,"url":"https:\/\/www.heartfailurematters.org\/wp-content\/uploads\/2022\/03\/shutterstock_1215825016-1-min.jpg","type":"image\/jpeg"}],"twitter_card":"summary_large_image","twitter_misc":{"Tempo estimado de leitura":"2 minutos"},"schema":{"@context":"https:\/\/schema.org","@graph":[{"@type":"WebPage","@id":"https:\/\/www.heartfailurematters.org\/pt-pt\/viver-com-insuficiencia-cardiaca\/atividade-e-exercicio-fisico\/","url":"https:\/\/www.heartfailurematters.org\/pt-pt\/viver-com-insuficiencia-cardiaca\/atividade-e-exercicio-fisico\/","name":"Atividade e exerc\u00edcio na insufici\u00eancia card\u00edaca","isPartOf":{"@id":"https:\/\/www.heartfailurematters.org\/pt-pt\/#website"},"primaryImageOfPage":{"@id":"https:\/\/www.heartfailurematters.org\/pt-pt\/viver-com-insuficiencia-cardiaca\/atividade-e-exercicio-fisico\/#primaryimage"},"image":{"@id":"https:\/\/www.heartfailurematters.org\/pt-pt\/viver-com-insuficiencia-cardiaca\/atividade-e-exercicio-fisico\/#primaryimage"},"thumbnailUrl":"https:\/\/www.heartfailurematters.org\/wp-content\/uploads\/2022\/03\/shutterstock_1215825016-1-min.jpg","datePublished":"2021-01-27T22:06:35+00:00","dateModified":"2025-12-05T10:19:29+00:00","description":"A atividade pode melhorar o funcionamento do cora\u00e7\u00e3o, reduzindo a carga de trabalho e permitindo que bata de forma mais eficiente. Isto melhorar\u00e1 os sintomas.","breadcrumb":{"@id":"https:\/\/www.heartfailurematters.org\/pt-pt\/viver-com-insuficiencia-cardiaca\/atividade-e-exercicio-fisico\/#breadcrumb"},"inLanguage":"pt-PT","potentialAction":[{"@type":"ReadAction","target":["https:\/\/www.heartfailurematters.org\/pt-pt\/viver-com-insuficiencia-cardiaca\/atividade-e-exercicio-fisico\/"]}]},{"@type":"ImageObject","inLanguage":"pt-PT","@id":"https:\/\/www.heartfailurematters.org\/pt-pt\/viver-com-insuficiencia-cardiaca\/atividade-e-exercicio-fisico\/#primaryimage","url":"https:\/\/www.heartfailurematters.org\/wp-content\/uploads\/2022\/03\/shutterstock_1215825016-1-min.jpg","contentUrl":"https:\/\/www.heartfailurematters.org\/wp-content\/uploads\/2022\/03\/shutterstock_1215825016-1-min.jpg","width":900,"height":601},{"@type":"BreadcrumbList","@id":"https:\/\/www.heartfailurematters.org\/pt-pt\/viver-com-insuficiencia-cardiaca\/atividade-e-exercicio-fisico\/#breadcrumb","itemListElement":[{"@type":"ListItem","position":1,"name":"P\u00e1gina inicial","item":"https:\/\/www.heartfailurematters.org\/pt-pt\/"},{"@type":"ListItem","position":2,"name":"Viver com insufici\u00eancia card\u00edaca","item":"https:\/\/www.heartfailurematters.org\/pt-pt\/viver-com-insuficiencia-cardiaca\/"},{"@type":"ListItem","position":3,"name":"Atividade e exerc\u00edcio"}]},{"@type":"WebSite","@id":"https:\/\/www.heartfailurematters.org\/pt-pt\/#website","url":"https:\/\/www.heartfailurematters.org\/pt-pt\/","name":"Heart Failure Matters","description":"Practical information for patients, families and caregivers.","publisher":{"@id":"https:\/\/www.heartfailurematters.org\/pt-pt\/#organization"},"potentialAction":[{"@type":"SearchAction","target":{"@type":"EntryPoint","urlTemplate":"https:\/\/www.heartfailurematters.org\/pt-pt\/?s={search_term_string}"},"query-input":{"@type":"PropertyValueSpecification","valueRequired":true,"valueName":"search_term_string"}}],"inLanguage":"pt-PT"},{"@type":"Organization","@id":"https:\/\/www.heartfailurematters.org\/pt-pt\/#organization","name":"Heart Failure Matters","url":"https:\/\/www.heartfailurematters.org\/pt-pt\/","logo":{"@type":"ImageObject","inLanguage":"pt-PT","@id":"https:\/\/www.heartfailurematters.org\/pt-pt\/#\/schema\/logo\/image\/","url":"https:\/\/cdn-endpoint-hfm.azureedge.net\/heartfailurematters\/2024\/07\/hfm-logo1.jpg","contentUrl":"https:\/\/cdn-endpoint-hfm.azureedge.net\/heartfailurematters\/2024\/07\/hfm-logo1.jpg","width":1280,"height":720,"caption":"Heart Failure Matters"},"image":{"@id":"https:\/\/www.heartfailurematters.org\/pt-pt\/#\/schema\/logo\/image\/"},"sameAs":["https:\/\/www.facebook.com\/heartfailurematters"]}]}},"_links":{"self":[{"href":"https:\/\/www.heartfailurematters.org\/pt-pt\/wp-json\/wp\/v2\/pages\/2056","targetHints":{"allow":["GET"]}}],"collection":[{"href":"https:\/\/www.heartfailurematters.org\/pt-pt\/wp-json\/wp\/v2\/pages"}],"about":[{"href":"https:\/\/www.heartfailurematters.org\/pt-pt\/wp-json\/wp\/v2\/types\/page"}],"author":[{"embeddable":true,"href":"https:\/\/www.heartfailurematters.org\/pt-pt\/wp-json\/wp\/v2\/users\/1"}],"replies":[{"embeddable":true,"href":"https:\/\/www.heartfailurematters.org\/pt-pt\/wp-json\/wp\/v2\/comments?post=2056"}],"version-history":[{"count":2,"href":"https:\/\/www.heartfailurematters.org\/pt-pt\/wp-json\/wp\/v2\/pages\/2056\/revisions"}],"predecessor-version":[{"id":13683,"href":"https:\/\/www.heartfailurematters.org\/pt-pt\/wp-json\/wp\/v2\/pages\/2056\/revisions\/13683"}],"up":[{"embeddable":true,"href":"https:\/\/www.heartfailurematters.org\/pt-pt\/wp-json\/wp\/v2\/pages\/2815"}],"wp:featuredmedia":[{"embeddable":true,"href":"https:\/\/www.heartfailurematters.org\/pt-pt\/wp-json\/wp\/v2\/media\/10987"}],"wp:attachment":[{"href":"https:\/\/www.heartfailurematters.org\/pt-pt\/wp-json\/wp\/v2\/media?parent=2056"}],"wp:term":[{"taxonomy":"category","embeddable":true,"href":"https:\/\/www.heartfailurematters.org\/pt-pt\/wp-json\/wp\/v2\/categories?post=2056"},{"taxonomy":"post_tag","embeddable":true,"href":"https:\/\/www.heartfailurematters.org\/pt-pt\/wp-json\/wp\/v2\/tags?post=2056"}],"curies":[{"name":"wp","href":"https:\/\/api.w.org\/{rel}","templated":true}]}}