{"id":2055,"date":"2021-01-27T22:06:35","date_gmt":"2021-01-27T22:06:35","guid":{"rendered":"http:\/\/heartfailurematters.local:8888\/inibidor-dos-recetores-da-neprilisina-e-angiotensina-arni\/"},"modified":"2025-12-05T10:19:21","modified_gmt":"2025-12-05T10:19:21","slug":"inibidor-dos-recetores-da-neprilisina-e-angiotensina-arni","status":"publish","type":"page","link":"https:\/\/www.heartfailurematters.org\/pt-pt\/o-que-o-seu-medico-ou-enfermeiro-pode-fazer\/inibidor-dos-recetores-da-neprilisina-e-angiotensina-arni\/","title":{"rendered":"Recetor da Angiotensina &#8211; Inibidor da Neprilisina (ARNI) &#8211; Sacubitril\/Valsartan"},"content":{"rendered":"<p><strong>O recetor da angiotensina &#8211; inibidor da neprilisina (ARNI)<\/strong> foi criado especificamente para tratar a insufici\u00eancia card\u00edaca. Consiste em 2 componentes que funcionam em conjunto: um bloqueador do recetor da angiotensina II e um inibidor da neprilisina.<\/p>\n<p>Estudos demonstraram que o ARNi pode prolongar a vida e reduzir o risco de ter um novo internamento por insufici\u00eancia card\u00edaca. O ARNI \u00e9 atualmente utilizado para o tratamento de doentes com insufici\u00eancia card\u00edaca com fra\u00e7\u00e3o de eje\u00e7\u00e3o reduzida, o que significa uma fun\u00e7\u00e3o reduzida da cavidade principal de bombeamento.<\/p>\n<p><strong>O que eles fazem:<\/strong> as duas subst\u00e2ncias ativas, sacubitril e valsartan, funcionam de formas diferentes. O valsartan bloqueia a a\u00e7\u00e3o de uma hormona do rim denominada de angiotensina II, que pode ser prejudicial em doentes com insufici\u00eancia card\u00edaca. Este efeito impede os efeitos nocivos da hormona no cora\u00e7\u00e3o e permite que os vasos sangu\u00edneos se dilatem ou alarguem.<\/p>\n<p>O sacubitril bloqueia a decomposi\u00e7\u00e3o de p\u00e9ptidos natriur\u00e9ticos produzidos no organismo. Os p\u00e9ptidos natriur\u00e9ticos fazem com que o s\u00f3dio e a \u00e1gua passem para a urina. Este efeito reduz o trabalho do cora\u00e7\u00e3o e baixa a press\u00e3o arterial. O efeito combinado dos dois medicamentos reduz o esfor\u00e7o do cora\u00e7\u00e3o debilitado.<\/p>\n<p><strong>Quais s\u00e3o os benef\u00edcios esperados?<\/strong> O sacubitril\/valsartan demonstrou ajudar as pessoas a viver mais tempo, reduzir os internamentos por insufici\u00eancia card\u00edaca descompensada e melhorar os sintomas e a qualidade de vida.<\/p>\n<p><strong>Efeitos secund\u00e1rios:<\/strong> o tratamento com ARNI \u00e9 bem tolerado. Podem ocorrer tonturas leves, especialmente no in\u00edcio do tratamento. Tamb\u00e9m se pode verificar press\u00e3o arterial baixa. Pode evitar que a sua press\u00e3o arterial fique demasiado baixa se tomar os outros medicamentos para a press\u00e3o arterial em momentos diferentes da sua dose de ARNi. Fale com o seu profissional de sa\u00fade sobre espa\u00e7ar a toma dos medicamentos para a press\u00e3o arterial. Este efeito secund\u00e1rio normalmente desaparece no prazo de at\u00e9 14 dias. Caso contr\u00e1rio, o seu m\u00e9dico pode aconselhar a tomar uma dose menor de ARNi.<\/p>\n<p><strong>Dicas principais:<\/strong> As Orienta\u00e7\u00f5es da ESC mais recentes recomendam que o sacubitril\/valsartan seja prescrito a doentes com insufici\u00eancia card\u00edaca que ainda estejam sintom\u00e1ticos apesar do tratamento com a dose completa de inibidores da ECA ou do ARA. O ARNi tamb\u00e9m pode ser considerado em doentes sintom\u00e1ticos com fra\u00e7\u00e3o de eje\u00e7\u00e3o reduzida que n\u00e3o tenham sido tratados previamente com inibidores da ECA ou do ARA. N\u00e3o pode ser tomado por doentes atualmente a tomar inibidores da ECA ou antagonista dos recetores da angiotensina (ARA).&#8221;<\/p>\n<p><a href=\"https:\/\/www.heartfailurematters.org\/what-your-doctor-can-do\/heart-failure-medicines\/\">Voltar a Medicamentos para insufici\u00eancia card\u00edaca<\/a><\/p>\n","protected":false},"excerpt":{"rendered":"<p>O recetor da angiotensina &#8211; inibidor da neprilisina (ARNI) foi criado especificamente para tratar a insufici\u00eancia card\u00edaca. Consiste em 2 componentes que funcionam em conjunto: um bloqueador do recetor da angiotensina II e um inibidor da neprilisina. Estudos demonstraram que o ARNi pode prolongar a vida e reduzir o risco de ter um novo internamento [&hellip;]<\/p>\n","protected":false},"author":1,"featured_media":10871,"parent":2682,"menu_order":0,"comment_status":"open","ping_status":"open","template":"","meta":{"_acf_changed":false,"footnotes":""},"categories":[],"tags":[],"class_list":["post-2055","page","type-page","status-publish","has-post-thumbnail","hentry"],"acf":[],"yoast_head":"<!-- This site is optimized with the Yoast SEO plugin v24.8.1 - https:\/\/yoast.com\/wordpress\/plugins\/seo\/ -->\n<title>ARNI (recetor da angiotensina - inibidor da neprilisina)<\/title>\n<meta name=\"description\" content=\"Os bloqueadores dos recetores da angiotensina II (ARA) bloqueiam as a\u00e7\u00f5es da angiotensina II, uma hormona produzida naturalmente pelos rins. Saiba mais\" \/>\n<meta name=\"robots\" content=\"index, follow, max-snippet:-1, max-image-preview:large, max-video-preview:-1\" \/>\n<link rel=\"canonical\" href=\"https:\/\/www.heartfailurematters.org\/pt-pt\/o-que-o-seu-medico-ou-enfermeiro-pode-fazer\/inibidor-dos-recetores-da-neprilisina-e-angiotensina-arni\/\" \/>\n<meta property=\"og:locale\" content=\"pt_PT\" \/>\n<meta property=\"og:type\" content=\"article\" \/>\n<meta property=\"og:title\" content=\"ARNI (recetor da angiotensina - inibidor da neprilisina)\" \/>\n<meta property=\"og:description\" content=\"Os bloqueadores dos recetores da angiotensina II (ARA) bloqueiam as a\u00e7\u00f5es da angiotensina II, uma hormona produzida naturalmente pelos rins. Saiba mais\" \/>\n<meta property=\"og:url\" content=\"https:\/\/www.heartfailurematters.org\/pt-pt\/o-que-o-seu-medico-ou-enfermeiro-pode-fazer\/inibidor-dos-recetores-da-neprilisina-e-angiotensina-arni\/\" \/>\n<meta property=\"og:site_name\" content=\"Heart Failure Matters\" \/>\n<meta property=\"article:publisher\" content=\"https:\/\/www.facebook.com\/heartfailurematters\" \/>\n<meta property=\"article:modified_time\" content=\"2025-12-05T10:19:21+00:00\" \/>\n<meta property=\"og:image\" content=\"https:\/\/www.heartfailurematters.org\/wp-content\/uploads\/2022\/03\/shutterstock_441673426-1-min.jpg\" \/>\n\t<meta property=\"og:image:width\" content=\"900\" \/>\n\t<meta property=\"og:image:height\" content=\"596\" \/>\n\t<meta property=\"og:image:type\" content=\"image\/jpeg\" \/>\n<meta name=\"twitter:card\" content=\"summary_large_image\" \/>\n<meta name=\"twitter:label1\" content=\"Tempo estimado de leitura\" \/>\n\t<meta name=\"twitter:data1\" content=\"3 minutos\" \/>\n<script type=\"application\/ld+json\" class=\"yoast-schema-graph\">{\"@context\":\"https:\/\/schema.org\",\"@graph\":[{\"@type\":\"WebPage\",\"@id\":\"https:\/\/www.heartfailurematters.org\/pt-pt\/o-que-o-seu-medico-ou-enfermeiro-pode-fazer\/inibidor-dos-recetores-da-neprilisina-e-angiotensina-arni\/\",\"url\":\"https:\/\/www.heartfailurematters.org\/pt-pt\/o-que-o-seu-medico-ou-enfermeiro-pode-fazer\/inibidor-dos-recetores-da-neprilisina-e-angiotensina-arni\/\",\"name\":\"ARNI (recetor da angiotensina - inibidor da neprilisina)\",\"isPartOf\":{\"@id\":\"https:\/\/www.heartfailurematters.org\/pt-pt\/#website\"},\"primaryImageOfPage\":{\"@id\":\"https:\/\/www.heartfailurematters.org\/pt-pt\/o-que-o-seu-medico-ou-enfermeiro-pode-fazer\/inibidor-dos-recetores-da-neprilisina-e-angiotensina-arni\/#primaryimage\"},\"image\":{\"@id\":\"https:\/\/www.heartfailurematters.org\/pt-pt\/o-que-o-seu-medico-ou-enfermeiro-pode-fazer\/inibidor-dos-recetores-da-neprilisina-e-angiotensina-arni\/#primaryimage\"},\"thumbnailUrl\":\"https:\/\/www.heartfailurematters.org\/wp-content\/uploads\/2022\/03\/shutterstock_441673426-1-min.jpg\",\"datePublished\":\"2021-01-27T22:06:35+00:00\",\"dateModified\":\"2025-12-05T10:19:21+00:00\",\"description\":\"Os bloqueadores dos recetores da angiotensina II (ARA) bloqueiam as a\u00e7\u00f5es da angiotensina II, uma hormona produzida naturalmente pelos rins. Saiba mais\",\"breadcrumb\":{\"@id\":\"https:\/\/www.heartfailurematters.org\/pt-pt\/o-que-o-seu-medico-ou-enfermeiro-pode-fazer\/inibidor-dos-recetores-da-neprilisina-e-angiotensina-arni\/#breadcrumb\"},\"inLanguage\":\"pt-PT\",\"potentialAction\":[{\"@type\":\"ReadAction\",\"target\":[\"https:\/\/www.heartfailurematters.org\/pt-pt\/o-que-o-seu-medico-ou-enfermeiro-pode-fazer\/inibidor-dos-recetores-da-neprilisina-e-angiotensina-arni\/\"]}]},{\"@type\":\"ImageObject\",\"inLanguage\":\"pt-PT\",\"@id\":\"https:\/\/www.heartfailurematters.org\/pt-pt\/o-que-o-seu-medico-ou-enfermeiro-pode-fazer\/inibidor-dos-recetores-da-neprilisina-e-angiotensina-arni\/#primaryimage\",\"url\":\"https:\/\/www.heartfailurematters.org\/wp-content\/uploads\/2022\/03\/shutterstock_441673426-1-min.jpg\",\"contentUrl\":\"https:\/\/www.heartfailurematters.org\/wp-content\/uploads\/2022\/03\/shutterstock_441673426-1-min.jpg\",\"width\":900,\"height\":596},{\"@type\":\"BreadcrumbList\",\"@id\":\"https:\/\/www.heartfailurematters.org\/pt-pt\/o-que-o-seu-medico-ou-enfermeiro-pode-fazer\/inibidor-dos-recetores-da-neprilisina-e-angiotensina-arni\/#breadcrumb\",\"itemListElement\":[{\"@type\":\"ListItem\",\"position\":1,\"name\":\"P\u00e1gina inicial\",\"item\":\"https:\/\/www.heartfailurematters.org\/pt-pt\/\"},{\"@type\":\"ListItem\",\"position\":2,\"name\":\"O que o seu m\u00e9dico pode fazer\",\"item\":\"https:\/\/www.heartfailurematters.org\/pt-pt\/o-que-o-seu-medico-ou-enfermeiro-pode-fazer\/\"},{\"@type\":\"ListItem\",\"position\":3,\"name\":\"Recetor da Angiotensina &#8211; Inibidor da Neprilisina (ARNI) &#8211; Sacubitril\/Valsartan\"}]},{\"@type\":\"WebSite\",\"@id\":\"https:\/\/www.heartfailurematters.org\/pt-pt\/#website\",\"url\":\"https:\/\/www.heartfailurematters.org\/pt-pt\/\",\"name\":\"Heart Failure Matters\",\"description\":\"Practical information for patients, families and caregivers.\",\"publisher\":{\"@id\":\"https:\/\/www.heartfailurematters.org\/pt-pt\/#organization\"},\"potentialAction\":[{\"@type\":\"SearchAction\",\"target\":{\"@type\":\"EntryPoint\",\"urlTemplate\":\"https:\/\/www.heartfailurematters.org\/pt-pt\/?s={search_term_string}\"},\"query-input\":{\"@type\":\"PropertyValueSpecification\",\"valueRequired\":true,\"valueName\":\"search_term_string\"}}],\"inLanguage\":\"pt-PT\"},{\"@type\":\"Organization\",\"@id\":\"https:\/\/www.heartfailurematters.org\/pt-pt\/#organization\",\"name\":\"Heart Failure Matters\",\"url\":\"https:\/\/www.heartfailurematters.org\/pt-pt\/\",\"logo\":{\"@type\":\"ImageObject\",\"inLanguage\":\"pt-PT\",\"@id\":\"https:\/\/www.heartfailurematters.org\/pt-pt\/#\/schema\/logo\/image\/\",\"url\":\"https:\/\/cdn-endpoint-hfm.azureedge.net\/heartfailurematters\/2024\/07\/hfm-logo1.jpg\",\"contentUrl\":\"https:\/\/cdn-endpoint-hfm.azureedge.net\/heartfailurematters\/2024\/07\/hfm-logo1.jpg\",\"width\":1280,\"height\":720,\"caption\":\"Heart Failure Matters\"},\"image\":{\"@id\":\"https:\/\/www.heartfailurematters.org\/pt-pt\/#\/schema\/logo\/image\/\"},\"sameAs\":[\"https:\/\/www.facebook.com\/heartfailurematters\"]}]}<\/script>\n<!-- \/ Yoast SEO plugin. -->","yoast_head_json":{"title":"ARNI (recetor da angiotensina - inibidor da neprilisina)","description":"Os bloqueadores dos recetores da angiotensina II (ARA) bloqueiam as a\u00e7\u00f5es da angiotensina II, uma hormona produzida naturalmente pelos rins. Saiba mais","robots":{"index":"index","follow":"follow","max-snippet":"max-snippet:-1","max-image-preview":"max-image-preview:large","max-video-preview":"max-video-preview:-1"},"canonical":"https:\/\/www.heartfailurematters.org\/pt-pt\/o-que-o-seu-medico-ou-enfermeiro-pode-fazer\/inibidor-dos-recetores-da-neprilisina-e-angiotensina-arni\/","og_locale":"pt_PT","og_type":"article","og_title":"ARNI (recetor da angiotensina - inibidor da neprilisina)","og_description":"Os bloqueadores dos recetores da angiotensina II (ARA) bloqueiam as a\u00e7\u00f5es da angiotensina II, uma hormona produzida naturalmente pelos rins. Saiba mais","og_url":"https:\/\/www.heartfailurematters.org\/pt-pt\/o-que-o-seu-medico-ou-enfermeiro-pode-fazer\/inibidor-dos-recetores-da-neprilisina-e-angiotensina-arni\/","og_site_name":"Heart Failure Matters","article_publisher":"https:\/\/www.facebook.com\/heartfailurematters","article_modified_time":"2025-12-05T10:19:21+00:00","og_image":[{"width":900,"height":596,"url":"https:\/\/www.heartfailurematters.org\/wp-content\/uploads\/2022\/03\/shutterstock_441673426-1-min.jpg","type":"image\/jpeg"}],"twitter_card":"summary_large_image","twitter_misc":{"Tempo estimado de leitura":"3 minutos"},"schema":{"@context":"https:\/\/schema.org","@graph":[{"@type":"WebPage","@id":"https:\/\/www.heartfailurematters.org\/pt-pt\/o-que-o-seu-medico-ou-enfermeiro-pode-fazer\/inibidor-dos-recetores-da-neprilisina-e-angiotensina-arni\/","url":"https:\/\/www.heartfailurematters.org\/pt-pt\/o-que-o-seu-medico-ou-enfermeiro-pode-fazer\/inibidor-dos-recetores-da-neprilisina-e-angiotensina-arni\/","name":"ARNI (recetor da angiotensina - inibidor da neprilisina)","isPartOf":{"@id":"https:\/\/www.heartfailurematters.org\/pt-pt\/#website"},"primaryImageOfPage":{"@id":"https:\/\/www.heartfailurematters.org\/pt-pt\/o-que-o-seu-medico-ou-enfermeiro-pode-fazer\/inibidor-dos-recetores-da-neprilisina-e-angiotensina-arni\/#primaryimage"},"image":{"@id":"https:\/\/www.heartfailurematters.org\/pt-pt\/o-que-o-seu-medico-ou-enfermeiro-pode-fazer\/inibidor-dos-recetores-da-neprilisina-e-angiotensina-arni\/#primaryimage"},"thumbnailUrl":"https:\/\/www.heartfailurematters.org\/wp-content\/uploads\/2022\/03\/shutterstock_441673426-1-min.jpg","datePublished":"2021-01-27T22:06:35+00:00","dateModified":"2025-12-05T10:19:21+00:00","description":"Os bloqueadores dos recetores da angiotensina II (ARA) bloqueiam as a\u00e7\u00f5es da angiotensina II, uma hormona produzida naturalmente pelos rins. Saiba mais","breadcrumb":{"@id":"https:\/\/www.heartfailurematters.org\/pt-pt\/o-que-o-seu-medico-ou-enfermeiro-pode-fazer\/inibidor-dos-recetores-da-neprilisina-e-angiotensina-arni\/#breadcrumb"},"inLanguage":"pt-PT","potentialAction":[{"@type":"ReadAction","target":["https:\/\/www.heartfailurematters.org\/pt-pt\/o-que-o-seu-medico-ou-enfermeiro-pode-fazer\/inibidor-dos-recetores-da-neprilisina-e-angiotensina-arni\/"]}]},{"@type":"ImageObject","inLanguage":"pt-PT","@id":"https:\/\/www.heartfailurematters.org\/pt-pt\/o-que-o-seu-medico-ou-enfermeiro-pode-fazer\/inibidor-dos-recetores-da-neprilisina-e-angiotensina-arni\/#primaryimage","url":"https:\/\/www.heartfailurematters.org\/wp-content\/uploads\/2022\/03\/shutterstock_441673426-1-min.jpg","contentUrl":"https:\/\/www.heartfailurematters.org\/wp-content\/uploads\/2022\/03\/shutterstock_441673426-1-min.jpg","width":900,"height":596},{"@type":"BreadcrumbList","@id":"https:\/\/www.heartfailurematters.org\/pt-pt\/o-que-o-seu-medico-ou-enfermeiro-pode-fazer\/inibidor-dos-recetores-da-neprilisina-e-angiotensina-arni\/#breadcrumb","itemListElement":[{"@type":"ListItem","position":1,"name":"P\u00e1gina inicial","item":"https:\/\/www.heartfailurematters.org\/pt-pt\/"},{"@type":"ListItem","position":2,"name":"O que o seu m\u00e9dico pode fazer","item":"https:\/\/www.heartfailurematters.org\/pt-pt\/o-que-o-seu-medico-ou-enfermeiro-pode-fazer\/"},{"@type":"ListItem","position":3,"name":"Recetor da Angiotensina &#8211; Inibidor da Neprilisina (ARNI) &#8211; Sacubitril\/Valsartan"}]},{"@type":"WebSite","@id":"https:\/\/www.heartfailurematters.org\/pt-pt\/#website","url":"https:\/\/www.heartfailurematters.org\/pt-pt\/","name":"Heart Failure Matters","description":"Practical information for patients, families and caregivers.","publisher":{"@id":"https:\/\/www.heartfailurematters.org\/pt-pt\/#organization"},"potentialAction":[{"@type":"SearchAction","target":{"@type":"EntryPoint","urlTemplate":"https:\/\/www.heartfailurematters.org\/pt-pt\/?s={search_term_string}"},"query-input":{"@type":"PropertyValueSpecification","valueRequired":true,"valueName":"search_term_string"}}],"inLanguage":"pt-PT"},{"@type":"Organization","@id":"https:\/\/www.heartfailurematters.org\/pt-pt\/#organization","name":"Heart Failure Matters","url":"https:\/\/www.heartfailurematters.org\/pt-pt\/","logo":{"@type":"ImageObject","inLanguage":"pt-PT","@id":"https:\/\/www.heartfailurematters.org\/pt-pt\/#\/schema\/logo\/image\/","url":"https:\/\/cdn-endpoint-hfm.azureedge.net\/heartfailurematters\/2024\/07\/hfm-logo1.jpg","contentUrl":"https:\/\/cdn-endpoint-hfm.azureedge.net\/heartfailurematters\/2024\/07\/hfm-logo1.jpg","width":1280,"height":720,"caption":"Heart Failure Matters"},"image":{"@id":"https:\/\/www.heartfailurematters.org\/pt-pt\/#\/schema\/logo\/image\/"},"sameAs":["https:\/\/www.facebook.com\/heartfailurematters"]}]}},"_links":{"self":[{"href":"https:\/\/www.heartfailurematters.org\/pt-pt\/wp-json\/wp\/v2\/pages\/2055","targetHints":{"allow":["GET"]}}],"collection":[{"href":"https:\/\/www.heartfailurematters.org\/pt-pt\/wp-json\/wp\/v2\/pages"}],"about":[{"href":"https:\/\/www.heartfailurematters.org\/pt-pt\/wp-json\/wp\/v2\/types\/page"}],"author":[{"embeddable":true,"href":"https:\/\/www.heartfailurematters.org\/pt-pt\/wp-json\/wp\/v2\/users\/1"}],"replies":[{"embeddable":true,"href":"https:\/\/www.heartfailurematters.org\/pt-pt\/wp-json\/wp\/v2\/comments?post=2055"}],"version-history":[{"count":5,"href":"https:\/\/www.heartfailurematters.org\/pt-pt\/wp-json\/wp\/v2\/pages\/2055\/revisions"}],"predecessor-version":[{"id":13660,"href":"https:\/\/www.heartfailurematters.org\/pt-pt\/wp-json\/wp\/v2\/pages\/2055\/revisions\/13660"}],"up":[{"embeddable":true,"href":"https:\/\/www.heartfailurematters.org\/pt-pt\/wp-json\/wp\/v2\/pages\/2682"}],"wp:featuredmedia":[{"embeddable":true,"href":"https:\/\/www.heartfailurematters.org\/pt-pt\/wp-json\/wp\/v2\/media\/10871"}],"wp:attachment":[{"href":"https:\/\/www.heartfailurematters.org\/pt-pt\/wp-json\/wp\/v2\/media?parent=2055"}],"wp:term":[{"taxonomy":"category","embeddable":true,"href":"https:\/\/www.heartfailurematters.org\/pt-pt\/wp-json\/wp\/v2\/categories?post=2055"},{"taxonomy":"post_tag","embeddable":true,"href":"https:\/\/www.heartfailurematters.org\/pt-pt\/wp-json\/wp\/v2\/tags?post=2055"}],"curies":[{"name":"wp","href":"https:\/\/api.w.org\/{rel}","templated":true}]}}