{"id":2049,"date":"2021-01-27T22:06:27","date_gmt":"2021-01-27T22:06:27","guid":{"rendered":"http:\/\/heartfailurematters.local:8888\/quais-sao-as-causas-da-insuficiencia-cardiaca\/"},"modified":"2025-12-05T10:19:23","modified_gmt":"2025-12-05T10:19:23","slug":"quais-sao-as-causas-da-insuficiencia-cardiaca","status":"publish","type":"page","link":"https:\/\/www.heartfailurematters.org\/pt-pt\/o-que-e-a-insuficiencia-cardiaca\/quais-sao-as-causas-da-insuficiencia-cardiaca\/","title":{"rendered":"O que causa a insufici\u00eancia card\u00edaca?"},"content":{"rendered":"<p>Os pacientes e os cuidadores dizem-nos que \u00e9 importante saber por que motivo t\u00eam insufici\u00eancia card\u00edaca, uma vez que isso contextualiza o diagn\u00f3stico. A insufici\u00eancia card\u00edaca pode ser causada por condi\u00e7\u00f5es m\u00e9dicas atuais ou passadas, que danificam ou aumentam o volume de trabalho do cora\u00e7\u00e3o. Se tem (ou teve) mais do que uma destas condi\u00e7\u00f5es, o risco de insufici\u00eancia card\u00edaca \u00e9 substancialmente maior. O seu m\u00e9dico deve conseguir dizer-lhe o que pode ter causado a sua insufici\u00eancia card\u00edaca.<\/p>\n<p>Esta sec\u00e7\u00e3o enumera as diferentes condi\u00e7\u00f5es que podem causar ou desencadear insufici\u00eancia card\u00edaca, explicando em que consiste cada condi\u00e7\u00e3o e como pode causar insufici\u00eancia card\u00edaca. Basta clicar em qualquer uma das condi\u00e7\u00f5es abaixo para saber mais.<\/p>\n<p>Nas causas mais comuns de insufici\u00eancia card\u00edaca est\u00e3o inclu\u00eddos:<\/p>\n<ul>\n<li><a title=\"Ataques card\u00edacos passados\" href=\"https:\/\/www.heartfailurematters.org\/heart-failure-causes-and-other-common-medical-conditions\/past-heart-attacks\/\">Ataques card\u00edacos passados<\/a><\/li>\n<li><a title=\"Doen\u00e7a arterial coron\u00e1ria\" href=\"https:\/\/www.heartfailurematters.org\/heart-failure-causes-and-other-common-medical-conditions\/coronary-artery-disease\/\">Doen\u00e7a arterial coron\u00e1ria<\/a><\/li>\n<li><a title=\"Press\u00e3o arterial elevada\" href=\"https:\/\/www.heartfailurematters.org\/heart-failure-causes-and-other-common-medical-conditions\/high-blood-pressure\/\">Press\u00e3o arterial elevada<\/a><\/li>\n<li><a title=\"Doen\u00e7a valvular card\u00edaca\" href=\"https:\/\/www.heartfailurematters.org\/heart-failure-causes-and-other-common-medical-conditions\/valvular-heart-disease-and-heart-failure\/\">Doen\u00e7a valvular card\u00edaca<\/a><\/li>\n<li><a title=\"Doen\u00e7a do m\u00fasculo card\u00edaco ou inflama\u00e7\u00e3o do cora\u00e7\u00e3o\" href=\"https:\/\/www.heartfailurematters.org\/heart-failure-causes-and-other-common-medical-conditions\/heart-muscle-disease-or-inflammation-of-the-heart\/\">Doen\u00e7a do m\u00fasculo card\u00edaco ou inflama\u00e7\u00e3o do cora\u00e7\u00e3o<\/a><\/li>\n<li><a title=\"Defeitos card\u00edacos cong\u00e9nitos\" href=\"https:\/\/www.heartfailurematters.org\/heart-failure-causes-and-other-common-medical-conditions\/adult-congenital-heart-disease\/\">Defeitos card\u00edacos cong\u00e9nitos<\/a><\/li>\n<li><a title=\"Doen\u00e7as pulmonares\" href=\"https:\/\/www.heartfailurematters.org\/heart-failure-causes-and-other-common-medical-conditions\/lung-disease\/\">Doen\u00e7as pulmonares<\/a><\/li>\n<li><a title=\"Abuso de \u00e1lcool\/drogas\" href=\"https:\/\/www.heartfailurematters.org\/heart-failure-causes-and-other-common-medical-conditions\/alcohol-drug-abuse\/\">Abuso de \u00e1lcool\/drogas<\/a><\/li>\n<\/ul>\n<p>Em alguns casos, se o organismo estiver a compensar bem a sua insufici\u00eancia card\u00edaca, pode desenvolver sintomas se o cora\u00e7\u00e3o for temporariamente incapaz de acompanhar as necessidades do corpo. As condi\u00e7\u00f5es que podem desencadear este tipo de insufici\u00eancia card\u00edaca incluem:<\/p>\n<ul>\n<li><a title=\"Infe\u00e7\u00e3o\" href=\"https:\/\/www.heartfailurematters.org\/heart-failure-causes-and-other-common-medical-conditions\/infection\/\">Infe\u00e7\u00e3o<\/a><\/li>\n<li><a title=\"Doen\u00e7a renal\/insufici\u00eancia renal\" href=\"https:\/\/www.heartfailurematters.org\/heart-failure-causes-and-other-common-medical-conditions\/kidney-disease-poor-kidney-function\/\">Doen\u00e7a renal\/insufici\u00eancia renal<\/a><\/li>\n<li><a title=\"Anemia\" href=\"https:\/\/www.heartfailurematters.org\/heart-failure-causes-and-other-common-medical-conditions\/anaemia\/\">Anemia<\/a><\/li>\n<li><a href=\"https:\/\/www.heartfailurematters.org\/heart-failure-causes-and-other-common-medical-conditions\/iron-deficiency\/\">Defici\u00eancia de ferro <\/a><\/li>\n<li><a title=\"Ritmo card\u00edaco anormal\" href=\"https:\/\/www.heartfailurematters.org\/heart-failure-causes-and-other-common-medical-conditions\/abnormal-heart-rhythm-atrial-fibrillation\/\">Ritmo card\u00edaco anormal<\/a><\/li>\n<li><a title=\"Gl\u00e2ndula tiroide hiperativa\" href=\"https:\/\/www.heartfailurematters.org\/heart-failure-causes-and-other-common-medical-conditions\/abnormal-thyroid-function\/\">Gl\u00e2ndula tiroide hiperativa<\/a><\/li>\n<\/ul>\n<p>Se estes est\u00edmulos forem tratados, muitas vezes a insufici\u00eancia card\u00edaca pode melhorar.<\/p>\n<p>Outras condi\u00e7\u00f5es, como a <a title=\"diabetes\" href=\"https:\/\/www.heartfailurematters.org\/heart-failure-causes-and-other-common-medical-conditions\/diabetes\/\">diabetes<\/a>, podem agravar a insufici\u00eancia card\u00edaca.<\/p>\n<p>Al\u00e9m disso, as pessoas com insufici\u00eancia card\u00edaca tornam-se, frequentemente, sintom\u00e1ticas se pararem de tomar os medicamentos ou n\u00e3o seguirem devidamente o plano de tratamento.<\/p>\n<p>Para <a title=\"Para sugest\u00f5es sobre como gerir os seus medicamentos e seguir o seu plano de tratamento\" href=\"https:\/\/www.heartfailurematters.org\/what-your-doctor-can-do\/the-importance-of-taking-your-medicines\/\">sugest\u00f5es sobre como gerir os seus medicamentos e seguir o seu plano de tratamento<\/a>, clique aqui.<\/p>\n<p>Para algumas pessoas, a causa da insufici\u00eancia card\u00edaca \u00e9 desconhecida e n\u00e3o t\u00eam nenhuma das condi\u00e7\u00f5es indicadas acima.<\/p>\n<p>Se n\u00e3o tiver a certeza da causa da sua insufici\u00eancia card\u00edaca, deve falar com o seu m\u00e9dico.<\/p>\n","protected":false},"excerpt":{"rendered":"<p>Os pacientes e os cuidadores dizem-nos que \u00e9 importante saber por que motivo t\u00eam insufici\u00eancia card\u00edaca, uma vez que isso contextualiza o diagn\u00f3stico. A insufici\u00eancia card\u00edaca pode ser causada por condi\u00e7\u00f5es m\u00e9dicas atuais ou passadas, que danificam ou aumentam o volume de trabalho do cora\u00e7\u00e3o. Se tem (ou teve) mais do que uma destas condi\u00e7\u00f5es, [&hellip;]<\/p>\n","protected":false},"author":1,"featured_media":0,"parent":1889,"menu_order":12,"comment_status":"open","ping_status":"closed","template":"","meta":{"_acf_changed":false,"footnotes":""},"categories":[121],"tags":[],"class_list":["post-2049","page","type-page","status-publish","hentry","category-understanding-heart-failure-pt"],"acf":[],"yoast_head":"<!-- This site is optimized with the Yoast SEO plugin v24.8.1 - https:\/\/yoast.com\/wordpress\/plugins\/seo\/ -->\n<title>O que causa a insufici\u00eancia card\u00edaca em doentes?<\/title>\n<meta name=\"description\" content=\"Esta \u00e9 uma lista das diferentes condi\u00e7\u00f5es que podem causar\/desencadear insufici\u00eancia card\u00edaca, explicando em que consiste cada condi\u00e7\u00e3o e os problemas que podem causar\" \/>\n<meta name=\"robots\" content=\"index, follow, max-snippet:-1, max-image-preview:large, max-video-preview:-1\" \/>\n<link rel=\"canonical\" href=\"https:\/\/www.heartfailurematters.org\/pt-pt\/o-que-e-a-insuficiencia-cardiaca\/quais-sao-as-causas-da-insuficiencia-cardiaca\/\" \/>\n<meta property=\"og:locale\" content=\"pt_PT\" \/>\n<meta property=\"og:type\" content=\"article\" \/>\n<meta property=\"og:title\" content=\"O que causa a insufici\u00eancia card\u00edaca em doentes?\" \/>\n<meta property=\"og:description\" content=\"Esta \u00e9 uma lista das diferentes condi\u00e7\u00f5es que podem causar\/desencadear insufici\u00eancia card\u00edaca, explicando em que consiste cada condi\u00e7\u00e3o e os problemas que podem causar\" \/>\n<meta property=\"og:url\" content=\"https:\/\/www.heartfailurematters.org\/pt-pt\/o-que-e-a-insuficiencia-cardiaca\/quais-sao-as-causas-da-insuficiencia-cardiaca\/\" \/>\n<meta property=\"og:site_name\" content=\"Heart Failure Matters\" \/>\n<meta property=\"article:publisher\" content=\"https:\/\/www.facebook.com\/heartfailurematters\" \/>\n<meta property=\"article:modified_time\" content=\"2025-12-05T10:19:23+00:00\" \/>\n<meta name=\"twitter:card\" content=\"summary_large_image\" \/>\n<meta name=\"twitter:label1\" content=\"Tempo estimado de leitura\" \/>\n\t<meta name=\"twitter:data1\" content=\"2 minutos\" \/>\n<script type=\"application\/ld+json\" class=\"yoast-schema-graph\">{\"@context\":\"https:\/\/schema.org\",\"@graph\":[{\"@type\":\"WebPage\",\"@id\":\"https:\/\/www.heartfailurematters.org\/pt-pt\/o-que-e-a-insuficiencia-cardiaca\/quais-sao-as-causas-da-insuficiencia-cardiaca\/\",\"url\":\"https:\/\/www.heartfailurematters.org\/pt-pt\/o-que-e-a-insuficiencia-cardiaca\/quais-sao-as-causas-da-insuficiencia-cardiaca\/\",\"name\":\"O que causa a insufici\u00eancia card\u00edaca em doentes?\",\"isPartOf\":{\"@id\":\"https:\/\/www.heartfailurematters.org\/pt-pt\/#website\"},\"datePublished\":\"2021-01-27T22:06:27+00:00\",\"dateModified\":\"2025-12-05T10:19:23+00:00\",\"description\":\"Esta \u00e9 uma lista das diferentes condi\u00e7\u00f5es que podem causar\/desencadear insufici\u00eancia card\u00edaca, explicando em que consiste cada condi\u00e7\u00e3o e os problemas que podem causar\",\"breadcrumb\":{\"@id\":\"https:\/\/www.heartfailurematters.org\/pt-pt\/o-que-e-a-insuficiencia-cardiaca\/quais-sao-as-causas-da-insuficiencia-cardiaca\/#breadcrumb\"},\"inLanguage\":\"pt-PT\",\"potentialAction\":[{\"@type\":\"ReadAction\",\"target\":[\"https:\/\/www.heartfailurematters.org\/pt-pt\/o-que-e-a-insuficiencia-cardiaca\/quais-sao-as-causas-da-insuficiencia-cardiaca\/\"]}]},{\"@type\":\"BreadcrumbList\",\"@id\":\"https:\/\/www.heartfailurematters.org\/pt-pt\/o-que-e-a-insuficiencia-cardiaca\/quais-sao-as-causas-da-insuficiencia-cardiaca\/#breadcrumb\",\"itemListElement\":[{\"@type\":\"ListItem\",\"position\":1,\"name\":\"P\u00e1gina inicial\",\"item\":\"https:\/\/www.heartfailurematters.org\/pt-pt\/\"},{\"@type\":\"ListItem\",\"position\":2,\"name\":\"Compreender a insufici\u00eancia card\u00edaca\",\"item\":\"https:\/\/www.heartfailurematters.org\/pt-pt\/o-que-e-a-insuficiencia-cardiaca\/\"},{\"@type\":\"ListItem\",\"position\":3,\"name\":\"O que causa a insufici\u00eancia card\u00edaca?\"}]},{\"@type\":\"WebSite\",\"@id\":\"https:\/\/www.heartfailurematters.org\/pt-pt\/#website\",\"url\":\"https:\/\/www.heartfailurematters.org\/pt-pt\/\",\"name\":\"Heart Failure Matters\",\"description\":\"Practical information for patients, families and caregivers.\",\"publisher\":{\"@id\":\"https:\/\/www.heartfailurematters.org\/pt-pt\/#organization\"},\"potentialAction\":[{\"@type\":\"SearchAction\",\"target\":{\"@type\":\"EntryPoint\",\"urlTemplate\":\"https:\/\/www.heartfailurematters.org\/pt-pt\/?s={search_term_string}\"},\"query-input\":{\"@type\":\"PropertyValueSpecification\",\"valueRequired\":true,\"valueName\":\"search_term_string\"}}],\"inLanguage\":\"pt-PT\"},{\"@type\":\"Organization\",\"@id\":\"https:\/\/www.heartfailurematters.org\/pt-pt\/#organization\",\"name\":\"Heart Failure Matters\",\"url\":\"https:\/\/www.heartfailurematters.org\/pt-pt\/\",\"logo\":{\"@type\":\"ImageObject\",\"inLanguage\":\"pt-PT\",\"@id\":\"https:\/\/www.heartfailurematters.org\/pt-pt\/#\/schema\/logo\/image\/\",\"url\":\"https:\/\/cdn-endpoint-hfm.azureedge.net\/heartfailurematters\/2024\/07\/hfm-logo1.jpg\",\"contentUrl\":\"https:\/\/cdn-endpoint-hfm.azureedge.net\/heartfailurematters\/2024\/07\/hfm-logo1.jpg\",\"width\":1280,\"height\":720,\"caption\":\"Heart Failure Matters\"},\"image\":{\"@id\":\"https:\/\/www.heartfailurematters.org\/pt-pt\/#\/schema\/logo\/image\/\"},\"sameAs\":[\"https:\/\/www.facebook.com\/heartfailurematters\"]}]}<\/script>\n<!-- \/ Yoast SEO plugin. -->","yoast_head_json":{"title":"O que causa a insufici\u00eancia card\u00edaca em doentes?","description":"Esta \u00e9 uma lista das diferentes condi\u00e7\u00f5es que podem causar\/desencadear insufici\u00eancia card\u00edaca, explicando em que consiste cada condi\u00e7\u00e3o e os problemas que podem causar","robots":{"index":"index","follow":"follow","max-snippet":"max-snippet:-1","max-image-preview":"max-image-preview:large","max-video-preview":"max-video-preview:-1"},"canonical":"https:\/\/www.heartfailurematters.org\/pt-pt\/o-que-e-a-insuficiencia-cardiaca\/quais-sao-as-causas-da-insuficiencia-cardiaca\/","og_locale":"pt_PT","og_type":"article","og_title":"O que causa a insufici\u00eancia card\u00edaca em doentes?","og_description":"Esta \u00e9 uma lista das diferentes condi\u00e7\u00f5es que podem causar\/desencadear insufici\u00eancia card\u00edaca, explicando em que consiste cada condi\u00e7\u00e3o e os problemas que podem causar","og_url":"https:\/\/www.heartfailurematters.org\/pt-pt\/o-que-e-a-insuficiencia-cardiaca\/quais-sao-as-causas-da-insuficiencia-cardiaca\/","og_site_name":"Heart Failure Matters","article_publisher":"https:\/\/www.facebook.com\/heartfailurematters","article_modified_time":"2025-12-05T10:19:23+00:00","twitter_card":"summary_large_image","twitter_misc":{"Tempo estimado de leitura":"2 minutos"},"schema":{"@context":"https:\/\/schema.org","@graph":[{"@type":"WebPage","@id":"https:\/\/www.heartfailurematters.org\/pt-pt\/o-que-e-a-insuficiencia-cardiaca\/quais-sao-as-causas-da-insuficiencia-cardiaca\/","url":"https:\/\/www.heartfailurematters.org\/pt-pt\/o-que-e-a-insuficiencia-cardiaca\/quais-sao-as-causas-da-insuficiencia-cardiaca\/","name":"O que causa a insufici\u00eancia card\u00edaca em doentes?","isPartOf":{"@id":"https:\/\/www.heartfailurematters.org\/pt-pt\/#website"},"datePublished":"2021-01-27T22:06:27+00:00","dateModified":"2025-12-05T10:19:23+00:00","description":"Esta \u00e9 uma lista das diferentes condi\u00e7\u00f5es que podem causar\/desencadear insufici\u00eancia card\u00edaca, explicando em que consiste cada condi\u00e7\u00e3o e os problemas que podem causar","breadcrumb":{"@id":"https:\/\/www.heartfailurematters.org\/pt-pt\/o-que-e-a-insuficiencia-cardiaca\/quais-sao-as-causas-da-insuficiencia-cardiaca\/#breadcrumb"},"inLanguage":"pt-PT","potentialAction":[{"@type":"ReadAction","target":["https:\/\/www.heartfailurematters.org\/pt-pt\/o-que-e-a-insuficiencia-cardiaca\/quais-sao-as-causas-da-insuficiencia-cardiaca\/"]}]},{"@type":"BreadcrumbList","@id":"https:\/\/www.heartfailurematters.org\/pt-pt\/o-que-e-a-insuficiencia-cardiaca\/quais-sao-as-causas-da-insuficiencia-cardiaca\/#breadcrumb","itemListElement":[{"@type":"ListItem","position":1,"name":"P\u00e1gina inicial","item":"https:\/\/www.heartfailurematters.org\/pt-pt\/"},{"@type":"ListItem","position":2,"name":"Compreender a insufici\u00eancia card\u00edaca","item":"https:\/\/www.heartfailurematters.org\/pt-pt\/o-que-e-a-insuficiencia-cardiaca\/"},{"@type":"ListItem","position":3,"name":"O que causa a insufici\u00eancia card\u00edaca?"}]},{"@type":"WebSite","@id":"https:\/\/www.heartfailurematters.org\/pt-pt\/#website","url":"https:\/\/www.heartfailurematters.org\/pt-pt\/","name":"Heart Failure Matters","description":"Practical information for patients, families and caregivers.","publisher":{"@id":"https:\/\/www.heartfailurematters.org\/pt-pt\/#organization"},"potentialAction":[{"@type":"SearchAction","target":{"@type":"EntryPoint","urlTemplate":"https:\/\/www.heartfailurematters.org\/pt-pt\/?s={search_term_string}"},"query-input":{"@type":"PropertyValueSpecification","valueRequired":true,"valueName":"search_term_string"}}],"inLanguage":"pt-PT"},{"@type":"Organization","@id":"https:\/\/www.heartfailurematters.org\/pt-pt\/#organization","name":"Heart Failure Matters","url":"https:\/\/www.heartfailurematters.org\/pt-pt\/","logo":{"@type":"ImageObject","inLanguage":"pt-PT","@id":"https:\/\/www.heartfailurematters.org\/pt-pt\/#\/schema\/logo\/image\/","url":"https:\/\/cdn-endpoint-hfm.azureedge.net\/heartfailurematters\/2024\/07\/hfm-logo1.jpg","contentUrl":"https:\/\/cdn-endpoint-hfm.azureedge.net\/heartfailurematters\/2024\/07\/hfm-logo1.jpg","width":1280,"height":720,"caption":"Heart Failure Matters"},"image":{"@id":"https:\/\/www.heartfailurematters.org\/pt-pt\/#\/schema\/logo\/image\/"},"sameAs":["https:\/\/www.facebook.com\/heartfailurematters"]}]}},"_links":{"self":[{"href":"https:\/\/www.heartfailurematters.org\/pt-pt\/wp-json\/wp\/v2\/pages\/2049","targetHints":{"allow":["GET"]}}],"collection":[{"href":"https:\/\/www.heartfailurematters.org\/pt-pt\/wp-json\/wp\/v2\/pages"}],"about":[{"href":"https:\/\/www.heartfailurematters.org\/pt-pt\/wp-json\/wp\/v2\/types\/page"}],"author":[{"embeddable":true,"href":"https:\/\/www.heartfailurematters.org\/pt-pt\/wp-json\/wp\/v2\/users\/1"}],"replies":[{"embeddable":true,"href":"https:\/\/www.heartfailurematters.org\/pt-pt\/wp-json\/wp\/v2\/comments?post=2049"}],"version-history":[{"count":3,"href":"https:\/\/www.heartfailurematters.org\/pt-pt\/wp-json\/wp\/v2\/pages\/2049\/revisions"}],"predecessor-version":[{"id":13665,"href":"https:\/\/www.heartfailurematters.org\/pt-pt\/wp-json\/wp\/v2\/pages\/2049\/revisions\/13665"}],"up":[{"embeddable":true,"href":"https:\/\/www.heartfailurematters.org\/pt-pt\/wp-json\/wp\/v2\/pages\/1889"}],"wp:attachment":[{"href":"https:\/\/www.heartfailurematters.org\/pt-pt\/wp-json\/wp\/v2\/media?parent=2049"}],"wp:term":[{"taxonomy":"category","embeddable":true,"href":"https:\/\/www.heartfailurematters.org\/pt-pt\/wp-json\/wp\/v2\/categories?post=2049"},{"taxonomy":"post_tag","embeddable":true,"href":"https:\/\/www.heartfailurematters.org\/pt-pt\/wp-json\/wp\/v2\/tags?post=2049"}],"curies":[{"name":"wp","href":"https:\/\/api.w.org\/{rel}","templated":true}]}}