{"id":2045,"date":"2021-01-27T22:06:27","date_gmt":"2021-01-27T22:06:27","guid":{"rendered":"http:\/\/heartfailurematters.local:8888\/dor-toracica\/"},"modified":"2022-01-24T16:00:29","modified_gmt":"2022-01-24T16:00:29","slug":"dor-toracica","status":"publish","type":"page","link":"https:\/\/www.heartfailurematters.org\/pt-pt\/sinais-de-aviso\/dor-toracica\/","title":{"rendered":"Dor tor\u00e1cica"},"content":{"rendered":"<p>As dores causadas por problemas card\u00edacos s\u00e3o normalmente sentidas no peito, embora possam estar localizadas em qualquer parte do abd\u00f3men superior (tronco superior) e na garganta, incluindo bra\u00e7os e ombros. Pode ser uma sensa\u00e7\u00e3o de desconforto, press\u00e3o, gases ou sensa\u00e7\u00e3o de ardor ou dor.<\/p>\n<p>A dor tor\u00e1cica deve ser SEMPRE tratada como grave, pois pode indicar o agravamento da insufici\u00eancia card\u00edaca, <a class=\"addtooltip\" title=\"Dor ou desconforto no peito resultante da redu\u00e7\u00e3o do fornecimento sangu\u00edneo numa parte do m\u00fasculo card\u00edaco. \"><strong title=\"\">angina<\/strong><\/a> ou um\u00a0<a class=\"addtooltip\" title=\" Uma les\u00e3o que ocorre no m\u00fasculo card\u00edaco quando uma art\u00e9ria coron\u00e1ria est\u00e1 obstru\u00edda e o fluxo sangu\u00edneo para uma parte do m\u00fasculo \u00e9 drasticamente reduzido ou interrompido. \"><strong title=\"\">ataque card\u00edaco<\/strong><\/a>. Deve sentar-se ou deitar-se imediatamente e descansar.<\/p>\n<p>Se sentir dor ou desconforto no peito que dure mais de 15 minutos ou que n\u00e3o alivie com repouso, nem com <a class=\"addtooltip\" title=\"A medicine used to treat episodes of angina. It is usually administered under the tongue as tablets, sprays or patches. Also known as glyceryl trinitrate \/ GTN.\"><strong title=\"\">trinitrato de glicerilo<\/strong><\/a> (GTN\/nitroglicerina) (se tiver sido receitado pelo seu m\u00e9dico), deve ligar para as emerg\u00eancias e pedir ajuda imediatamente.<\/p>\n","protected":false},"excerpt":{"rendered":"<p>As dores causadas por problemas card\u00edacos s\u00e3o normalmente sentidas no peito, embora possam estar localizadas em qualquer parte do abd\u00f3men superior (tronco superior) e na garganta, incluindo bra\u00e7os e ombros. Pode ser uma sensa\u00e7\u00e3o de desconforto, press\u00e3o, gases ou sensa\u00e7\u00e3o de ardor ou dor. A dor tor\u00e1cica deve ser SEMPRE tratada como grave, pois pode [&hellip;]<\/p>\n","protected":false},"author":1,"featured_media":11194,"parent":2867,"menu_order":2,"comment_status":"open","ping_status":"closed","template":"","meta":{"_acf_changed":false,"footnotes":""},"categories":[130],"tags":[],"class_list":["post-2045","page","type-page","status-publish","has-post-thumbnail","hentry","category-warning-signs-pt"],"acf":[],"yoast_head":"<!-- This site is optimized with the Yoast SEO plugin v24.8.1 - https:\/\/yoast.com\/wordpress\/plugins\/seo\/ -->\n<title>Dor tor\u00e1cica e insufici\u00eancia card\u00edaca<\/title>\n<meta name=\"description\" content=\"Dor por problemas card\u00edacos \u00e9 normalmente sentida no peito, mas pode ocorrer em qualquer ponto entre abd\u00f3men superior e a garganta, incluindo bra\u00e7os ou ombros.\" \/>\n<meta name=\"robots\" content=\"index, follow, max-snippet:-1, max-image-preview:large, max-video-preview:-1\" \/>\n<link rel=\"canonical\" href=\"https:\/\/www.heartfailurematters.org\/pt-pt\/sinais-de-aviso\/dor-toracica\/\" \/>\n<meta property=\"og:locale\" content=\"pt_PT\" \/>\n<meta property=\"og:type\" content=\"article\" \/>\n<meta property=\"og:title\" content=\"Dor tor\u00e1cica e insufici\u00eancia card\u00edaca\" \/>\n<meta property=\"og:description\" content=\"Dor por problemas card\u00edacos \u00e9 normalmente sentida no peito, mas pode ocorrer em qualquer ponto entre abd\u00f3men superior e a garganta, incluindo bra\u00e7os ou ombros.\" \/>\n<meta property=\"og:url\" content=\"https:\/\/www.heartfailurematters.org\/pt-pt\/sinais-de-aviso\/dor-toracica\/\" \/>\n<meta property=\"og:site_name\" content=\"Heart Failure Matters\" \/>\n<meta property=\"article:publisher\" content=\"https:\/\/www.facebook.com\/heartfailurematters\" \/>\n<meta property=\"article:modified_time\" content=\"2022-01-24T16:00:29+00:00\" \/>\n<meta property=\"og:image\" content=\"https:\/\/www.heartfailurematters.org\/wp-content\/uploads\/2022\/03\/shutterstock_759199153-1-min.jpg?_t=1773222850\" \/>\n\t<meta property=\"og:image:width\" content=\"900\" \/>\n\t<meta property=\"og:image:height\" content=\"534\" \/>\n\t<meta property=\"og:image:type\" content=\"image\/jpeg\" \/>\n<meta name=\"twitter:card\" content=\"summary_large_image\" \/>\n<meta name=\"twitter:label1\" content=\"Tempo estimado de leitura\" \/>\n\t<meta name=\"twitter:data1\" content=\"1 minuto\" \/>\n<script type=\"application\/ld+json\" class=\"yoast-schema-graph\">{\"@context\":\"https:\/\/schema.org\",\"@graph\":[{\"@type\":\"WebPage\",\"@id\":\"https:\/\/www.heartfailurematters.org\/pt-pt\/sinais-de-aviso\/dor-toracica\/\",\"url\":\"https:\/\/www.heartfailurematters.org\/pt-pt\/sinais-de-aviso\/dor-toracica\/\",\"name\":\"Dor tor\u00e1cica e insufici\u00eancia card\u00edaca\",\"isPartOf\":{\"@id\":\"https:\/\/www.heartfailurematters.org\/pt-pt\/#website\"},\"primaryImageOfPage\":{\"@id\":\"https:\/\/www.heartfailurematters.org\/pt-pt\/sinais-de-aviso\/dor-toracica\/#primaryimage\"},\"image\":{\"@id\":\"https:\/\/www.heartfailurematters.org\/pt-pt\/sinais-de-aviso\/dor-toracica\/#primaryimage\"},\"thumbnailUrl\":\"https:\/\/www.heartfailurematters.org\/wp-content\/uploads\/2022\/03\/shutterstock_759199153-1-min.jpg\",\"datePublished\":\"2021-01-27T22:06:27+00:00\",\"dateModified\":\"2022-01-24T16:00:29+00:00\",\"description\":\"Dor por problemas card\u00edacos \u00e9 normalmente sentida no peito, mas pode ocorrer em qualquer ponto entre abd\u00f3men superior e a garganta, incluindo bra\u00e7os ou ombros.\",\"breadcrumb\":{\"@id\":\"https:\/\/www.heartfailurematters.org\/pt-pt\/sinais-de-aviso\/dor-toracica\/#breadcrumb\"},\"inLanguage\":\"pt-PT\",\"potentialAction\":[{\"@type\":\"ReadAction\",\"target\":[\"https:\/\/www.heartfailurematters.org\/pt-pt\/sinais-de-aviso\/dor-toracica\/\"]}]},{\"@type\":\"ImageObject\",\"inLanguage\":\"pt-PT\",\"@id\":\"https:\/\/www.heartfailurematters.org\/pt-pt\/sinais-de-aviso\/dor-toracica\/#primaryimage\",\"url\":\"https:\/\/www.heartfailurematters.org\/wp-content\/uploads\/2022\/03\/shutterstock_759199153-1-min.jpg\",\"contentUrl\":\"https:\/\/www.heartfailurematters.org\/wp-content\/uploads\/2022\/03\/shutterstock_759199153-1-min.jpg\",\"width\":900,\"height\":534},{\"@type\":\"BreadcrumbList\",\"@id\":\"https:\/\/www.heartfailurematters.org\/pt-pt\/sinais-de-aviso\/dor-toracica\/#breadcrumb\",\"itemListElement\":[{\"@type\":\"ListItem\",\"position\":1,\"name\":\"P\u00e1gina inicial\",\"item\":\"https:\/\/www.heartfailurematters.org\/pt-pt\/\"},{\"@type\":\"ListItem\",\"position\":2,\"name\":\"Sinais de aviso\",\"item\":\"https:\/\/www.heartfailurematters.org\/pt-pt\/sinais-de-aviso\/\"},{\"@type\":\"ListItem\",\"position\":3,\"name\":\"Dor tor\u00e1cica\"}]},{\"@type\":\"WebSite\",\"@id\":\"https:\/\/www.heartfailurematters.org\/pt-pt\/#website\",\"url\":\"https:\/\/www.heartfailurematters.org\/pt-pt\/\",\"name\":\"Heart Failure Matters\",\"description\":\"Practical information for patients, families and caregivers.\",\"publisher\":{\"@id\":\"https:\/\/www.heartfailurematters.org\/pt-pt\/#organization\"},\"potentialAction\":[{\"@type\":\"SearchAction\",\"target\":{\"@type\":\"EntryPoint\",\"urlTemplate\":\"https:\/\/www.heartfailurematters.org\/pt-pt\/?s={search_term_string}\"},\"query-input\":{\"@type\":\"PropertyValueSpecification\",\"valueRequired\":true,\"valueName\":\"search_term_string\"}}],\"inLanguage\":\"pt-PT\"},{\"@type\":\"Organization\",\"@id\":\"https:\/\/www.heartfailurematters.org\/pt-pt\/#organization\",\"name\":\"Heart Failure Matters\",\"url\":\"https:\/\/www.heartfailurematters.org\/pt-pt\/\",\"logo\":{\"@type\":\"ImageObject\",\"inLanguage\":\"pt-PT\",\"@id\":\"https:\/\/www.heartfailurematters.org\/pt-pt\/#\/schema\/logo\/image\/\",\"url\":\"https:\/\/cdn-endpoint-hfm.azureedge.net\/heartfailurematters\/2024\/07\/hfm-logo1.jpg\",\"contentUrl\":\"https:\/\/cdn-endpoint-hfm.azureedge.net\/heartfailurematters\/2024\/07\/hfm-logo1.jpg\",\"width\":1280,\"height\":720,\"caption\":\"Heart Failure Matters\"},\"image\":{\"@id\":\"https:\/\/www.heartfailurematters.org\/pt-pt\/#\/schema\/logo\/image\/\"},\"sameAs\":[\"https:\/\/www.facebook.com\/heartfailurematters\"]}]}<\/script>\n<!-- \/ Yoast SEO plugin. -->","yoast_head_json":{"title":"Dor tor\u00e1cica e insufici\u00eancia card\u00edaca","description":"Dor por problemas card\u00edacos \u00e9 normalmente sentida no peito, mas pode ocorrer em qualquer ponto entre abd\u00f3men superior e a garganta, incluindo bra\u00e7os ou ombros.","robots":{"index":"index","follow":"follow","max-snippet":"max-snippet:-1","max-image-preview":"max-image-preview:large","max-video-preview":"max-video-preview:-1"},"canonical":"https:\/\/www.heartfailurematters.org\/pt-pt\/sinais-de-aviso\/dor-toracica\/","og_locale":"pt_PT","og_type":"article","og_title":"Dor tor\u00e1cica e insufici\u00eancia card\u00edaca","og_description":"Dor por problemas card\u00edacos \u00e9 normalmente sentida no peito, mas pode ocorrer em qualquer ponto entre abd\u00f3men superior e a garganta, incluindo bra\u00e7os ou ombros.","og_url":"https:\/\/www.heartfailurematters.org\/pt-pt\/sinais-de-aviso\/dor-toracica\/","og_site_name":"Heart Failure Matters","article_publisher":"https:\/\/www.facebook.com\/heartfailurematters","article_modified_time":"2022-01-24T16:00:29+00:00","og_image":[{"width":900,"height":534,"url":"https:\/\/www.heartfailurematters.org\/wp-content\/uploads\/2022\/03\/shutterstock_759199153-1-min.jpg?_t=1773222850","type":"image\/jpeg"}],"twitter_card":"summary_large_image","twitter_misc":{"Tempo estimado de leitura":"1 minuto"},"schema":{"@context":"https:\/\/schema.org","@graph":[{"@type":"WebPage","@id":"https:\/\/www.heartfailurematters.org\/pt-pt\/sinais-de-aviso\/dor-toracica\/","url":"https:\/\/www.heartfailurematters.org\/pt-pt\/sinais-de-aviso\/dor-toracica\/","name":"Dor tor\u00e1cica e insufici\u00eancia card\u00edaca","isPartOf":{"@id":"https:\/\/www.heartfailurematters.org\/pt-pt\/#website"},"primaryImageOfPage":{"@id":"https:\/\/www.heartfailurematters.org\/pt-pt\/sinais-de-aviso\/dor-toracica\/#primaryimage"},"image":{"@id":"https:\/\/www.heartfailurematters.org\/pt-pt\/sinais-de-aviso\/dor-toracica\/#primaryimage"},"thumbnailUrl":"https:\/\/www.heartfailurematters.org\/wp-content\/uploads\/2022\/03\/shutterstock_759199153-1-min.jpg","datePublished":"2021-01-27T22:06:27+00:00","dateModified":"2022-01-24T16:00:29+00:00","description":"Dor por problemas card\u00edacos \u00e9 normalmente sentida no peito, mas pode ocorrer em qualquer ponto entre abd\u00f3men superior e a garganta, incluindo bra\u00e7os ou ombros.","breadcrumb":{"@id":"https:\/\/www.heartfailurematters.org\/pt-pt\/sinais-de-aviso\/dor-toracica\/#breadcrumb"},"inLanguage":"pt-PT","potentialAction":[{"@type":"ReadAction","target":["https:\/\/www.heartfailurematters.org\/pt-pt\/sinais-de-aviso\/dor-toracica\/"]}]},{"@type":"ImageObject","inLanguage":"pt-PT","@id":"https:\/\/www.heartfailurematters.org\/pt-pt\/sinais-de-aviso\/dor-toracica\/#primaryimage","url":"https:\/\/www.heartfailurematters.org\/wp-content\/uploads\/2022\/03\/shutterstock_759199153-1-min.jpg","contentUrl":"https:\/\/www.heartfailurematters.org\/wp-content\/uploads\/2022\/03\/shutterstock_759199153-1-min.jpg","width":900,"height":534},{"@type":"BreadcrumbList","@id":"https:\/\/www.heartfailurematters.org\/pt-pt\/sinais-de-aviso\/dor-toracica\/#breadcrumb","itemListElement":[{"@type":"ListItem","position":1,"name":"P\u00e1gina inicial","item":"https:\/\/www.heartfailurematters.org\/pt-pt\/"},{"@type":"ListItem","position":2,"name":"Sinais de aviso","item":"https:\/\/www.heartfailurematters.org\/pt-pt\/sinais-de-aviso\/"},{"@type":"ListItem","position":3,"name":"Dor tor\u00e1cica"}]},{"@type":"WebSite","@id":"https:\/\/www.heartfailurematters.org\/pt-pt\/#website","url":"https:\/\/www.heartfailurematters.org\/pt-pt\/","name":"Heart Failure Matters","description":"Practical information for patients, families and caregivers.","publisher":{"@id":"https:\/\/www.heartfailurematters.org\/pt-pt\/#organization"},"potentialAction":[{"@type":"SearchAction","target":{"@type":"EntryPoint","urlTemplate":"https:\/\/www.heartfailurematters.org\/pt-pt\/?s={search_term_string}"},"query-input":{"@type":"PropertyValueSpecification","valueRequired":true,"valueName":"search_term_string"}}],"inLanguage":"pt-PT"},{"@type":"Organization","@id":"https:\/\/www.heartfailurematters.org\/pt-pt\/#organization","name":"Heart Failure Matters","url":"https:\/\/www.heartfailurematters.org\/pt-pt\/","logo":{"@type":"ImageObject","inLanguage":"pt-PT","@id":"https:\/\/www.heartfailurematters.org\/pt-pt\/#\/schema\/logo\/image\/","url":"https:\/\/cdn-endpoint-hfm.azureedge.net\/heartfailurematters\/2024\/07\/hfm-logo1.jpg","contentUrl":"https:\/\/cdn-endpoint-hfm.azureedge.net\/heartfailurematters\/2024\/07\/hfm-logo1.jpg","width":1280,"height":720,"caption":"Heart Failure Matters"},"image":{"@id":"https:\/\/www.heartfailurematters.org\/pt-pt\/#\/schema\/logo\/image\/"},"sameAs":["https:\/\/www.facebook.com\/heartfailurematters"]}]}},"_links":{"self":[{"href":"https:\/\/www.heartfailurematters.org\/pt-pt\/wp-json\/wp\/v2\/pages\/2045","targetHints":{"allow":["GET"]}}],"collection":[{"href":"https:\/\/www.heartfailurematters.org\/pt-pt\/wp-json\/wp\/v2\/pages"}],"about":[{"href":"https:\/\/www.heartfailurematters.org\/pt-pt\/wp-json\/wp\/v2\/types\/page"}],"author":[{"embeddable":true,"href":"https:\/\/www.heartfailurematters.org\/pt-pt\/wp-json\/wp\/v2\/users\/1"}],"replies":[{"embeddable":true,"href":"https:\/\/www.heartfailurematters.org\/pt-pt\/wp-json\/wp\/v2\/comments?post=2045"}],"version-history":[{"count":1,"href":"https:\/\/www.heartfailurematters.org\/pt-pt\/wp-json\/wp\/v2\/pages\/2045\/revisions"}],"predecessor-version":[{"id":10352,"href":"https:\/\/www.heartfailurematters.org\/pt-pt\/wp-json\/wp\/v2\/pages\/2045\/revisions\/10352"}],"up":[{"embeddable":true,"href":"https:\/\/www.heartfailurematters.org\/pt-pt\/wp-json\/wp\/v2\/pages\/2867"}],"wp:featuredmedia":[{"embeddable":true,"href":"https:\/\/www.heartfailurematters.org\/pt-pt\/wp-json\/wp\/v2\/media\/11194"}],"wp:attachment":[{"href":"https:\/\/www.heartfailurematters.org\/pt-pt\/wp-json\/wp\/v2\/media?parent=2045"}],"wp:term":[{"taxonomy":"category","embeddable":true,"href":"https:\/\/www.heartfailurematters.org\/pt-pt\/wp-json\/wp\/v2\/categories?post=2045"},{"taxonomy":"post_tag","embeddable":true,"href":"https:\/\/www.heartfailurematters.org\/pt-pt\/wp-json\/wp\/v2\/tags?post=2045"}],"curies":[{"name":"wp","href":"https:\/\/api.w.org\/{rel}","templated":true}]}}