{"id":2040,"date":"2021-01-27T22:06:27","date_gmt":"2021-01-27T22:06:27","guid":{"rendered":"http:\/\/heartfailurematters.local:8888\/bloqueadores-beta\/"},"modified":"2025-12-05T10:19:25","modified_gmt":"2025-12-05T10:19:25","slug":"bloqueadores-beta","status":"publish","type":"page","link":"https:\/\/www.heartfailurematters.org\/pt-pt\/o-que-o-seu-medico-ou-enfermeiro-pode-fazer\/bloqueadores-beta\/","title":{"rendered":"Betabloqueadores"},"content":{"rendered":"<h2>O que fazem<\/h2>\n<p>Quando o cora\u00e7\u00e3o n\u00e3o est\u00e1 a bombear t\u00e3o bem como deveria, o organismo tentar\u00e1 compensar ao produzir <a class=\"addtooltip\" title=\"&lt;div id='ToolTipTextWrap'&gt;adrenalina&lt;\/div&gt;&lt;p&gt; Uma hormona produzida em momentos de stress que afeta a frequ\u00eancia card\u00edaca, a circula\u00e7\u00e3o sangu\u00ednea e outras fun\u00e7\u00f5es do organismo.&lt;\/p&gt;\"><strong>adrenalina<\/strong><\/a> e noradrenalina, <a class=\"addtooltip\" title=\"&lt;div id='ToolTipTextWrap'&gt;hormonas&lt;\/div&gt;&lt;p&gt; Subst\u00e2ncias libertadas no sangue por v\u00e1rias gl\u00e2ndulas do organismo, que regulam as fun\u00e7\u00f5es essenciais.&lt;\/p&gt;\"><strong>hormonas<\/strong><\/a> que fazem o cora\u00e7\u00e3o bater mais r\u00e1pido e aumentam a press\u00e3o arterial. Se este efeito for prolongado, pode ter efeitos nocivos num cora\u00e7\u00e3o que j\u00e1 tem dificuldades para funcionar eficazmente. <a class=\"addtooltip\" title=\"&lt;div id='ToolTipTextWrap'&gt;Betabloqueadores&lt;\/div&gt;&lt;p&gt; Classe de medicamentos utilizada para reduzir a frequ\u00eancia card\u00edaca ou baixar a press\u00e3o arterial.&lt;\/p&gt;\"><strong> Os betabloqueadores <\/strong><\/a> ajudam o cora\u00e7\u00e3o a bater mais lentamente e a baixar a press\u00e3o arterial, protegendo assim o cora\u00e7\u00e3o dos efeitos nocivos da atividade prolongada da <a class=\"addtooltip\" title=\"&lt;div id='ToolTipTextWrap'&gt;adrenalina&lt;\/div&gt;&lt;p&gt; Uma hormona produzida em momentos de stress que afeta a frequ\u00eancia card\u00edaca, a circula\u00e7\u00e3o sangu\u00ednea e outras fun\u00e7\u00f5es do organismo.&lt;\/p&gt;\"><strong>adrenalina<\/strong><\/a> e da <a class=\"addtooltip\" title=\"&lt;div id='ToolTipTextWrap'&gt;noradrenalina&lt;\/div&gt;&lt;p&gt; Hormona produzida em momentos de stress que afeta a frequ\u00eancia card\u00edaca, a circula\u00e7\u00e3o sangu\u00ednea e outras fun\u00e7\u00f5es do organismo.&lt;\/p&gt;\"><strong>noradrenalina<\/strong><\/a>.<\/p>\n<p>Os <a class=\"addtooltip\" title=\"&lt;div id='ToolTipTextWrap'&gt;Betabloqueadores&lt;\/div&gt;&lt;p&gt; Classe de medicamentos utilizada para reduzir a frequ\u00eancia card\u00edaca ou baixar a press\u00e3o arterial.&lt;\/p&gt;\"><strong>betabloqueadores<\/strong><\/a> s\u00e3o uma parte importante da gest\u00e3o da insufici\u00eancia card\u00edaca. No entanto, pessoas com insufici\u00eancia card\u00edaca moderada ou grave podem precisar de come\u00e7ar com uma dose baixa, que \u00e9 posteriormente aumentada lentamente. Isto acontece porque algumas pessoas podem sentir um aumento tempor\u00e1rio nos sintomas de insufici\u00eancia card\u00edaca durante as primeiras semanas de tratamento com betabloqueadores.<\/p>\n<h2>Quais s\u00e3o os benef\u00edcios esperados?<\/h2>\n<p>Os betabloqueadores demonstraram reduzir os internamentos relacionados com a insufici\u00eancia card\u00edaca, prolongar a vida e melhorar a toler\u00e2ncia ao exerc\u00edcio e a qualidade de vida.<\/p>\n<h2><strong>Efeitos colaterais<\/strong><\/h2>\n<p>Os <strong>betabloqueadores<\/strong> diminuem a frequ\u00eancia card\u00edaca e baixam a press\u00e3o arterial. Por isso, tamb\u00e9m podem reduzir levemente a sua toler\u00e2ncia ao exerc\u00edcio (capacidade de exerc\u00edcio). Isto significa que pode sentir mais cansa\u00e7o quando est\u00e1 fisicamente ativo(a). No entanto, esse efeito inicial geralmente passa quando os sistemas do seu organismo se habituam aos efeitos do medicamento.<br \/>\n\u00c9 importante referir que existem certas doses-alvo para cada betabloqueador e o m\u00e9dico pode aumentar a dose lentamente, para que obtenha o melhor benef\u00edcio.<\/p>\n<p>Por vezes, os betabloqueadores podem fazer com que sinta frio nas m\u00e3os e nos p\u00e9s. As luvas podem ajudar.<\/p>\n<p>Os betabloqueadores tamb\u00e9m podem piorar a asma, por isso certifique-se de que informa o seu m\u00e9dico se tiver asma.<\/p>\n<p>Por vezes pode ocorrer depress\u00e3o com algum tratamento com betabloqueadores. Deve indicar quaisquer sintomas que tenha ao seu enfermeiro ou m\u00e9dico.<\/p>\n<p>Os doentes que sofrem de problemas de pele, como psor\u00edase, devem estar cientes de que os betabloqueadores podem piorar a condi\u00e7\u00e3o em alguns doentes.<\/p>\n<h2>Principais dicas<\/h2>\n<p>Inicialmente, os betabloqueadores podem fazer com que sinta tonturas e cansa\u00e7o, pois diminuem a press\u00e3o arterial e a frequ\u00eancia card\u00edaca. Recomenda-se que os doentes que iniciam o tratamento com betabloqueadores &#8220;comecem devagar, com calma&#8221;. Pode demorar algumas semanas a sentir-se melhor depois de come\u00e7ar a tomar um betabloqueador \u2013 mas se continuar a sentir tonturas ap\u00f3s este per\u00edodo, contacte o seu m\u00e9dico ou enfermeiro para se certificar de que recebeu a dose certa.<\/p>\n<p>\u00c9 \u00fatil manter o controlo do seu peso diariamente e contactar o seu m\u00e9dico ou enfermeiro se houver alguma altera\u00e7\u00e3o significativa.<\/p>\n<p>\u00c9 muito importante que registe a sua press\u00e3o arterial, frequ\u00eancia card\u00edaca e peso diariamente, por exemplo, em papel ou formato digital. Consulte o Gr\u00e1fico de Monitoriza\u00e7\u00e3o que pode descarregar em Ferramentas \u00dateis na p\u00e1gina inicial deste site. Contacte o seu m\u00e9dico ou enfermeiro se notar quaisquer altera\u00e7\u00f5es significativas.<\/p>\n<p>Se se sentir muito ofegante ou com falta de ar, contacte o seu m\u00e9dico, pois isso pode dever-se a sintomas subjacentes de asma.<\/p>\n<p>\u00c9 importante que n\u00e3o deixe de tomar os seus betabloqueadores de repente. Qualquer redu\u00e7\u00e3o da dose ou descontinua\u00e7\u00e3o do tratamento deve ser discutida primeiro com o seu m\u00e9dico.<\/p>\n<h2>Tamb\u00e9m conhecidos como:<\/h2>\n<ul>\n<li><strong>Acebutolol<br \/>\n<\/strong>(Sectral\u00ae, Prent\u00ae)<\/li>\n<li><strong>Atenolol<\/strong><br \/>\n(Atenix\u00ae, Tenormin\u00ae)<\/li>\n<li><strong>Bisoprolol<br \/>\n<\/strong>(Soloc\u00ae, Vivacor\u00ae, Cardicor\u00ae, Emcor\u00ae, Concor\u00ae)<\/li>\n<li><strong>Carvedilol<\/strong><br \/>\n(Eucardic\u00ae, Coreg\u00ae)<\/li>\n<li><strong>Celiprolol<br \/>\n<\/strong>(Celectol\u00ae)<\/li>\n<li><strong>Labetalol<br \/>\n<\/strong>(Normodyne\u00ae, Trandate\u00ae, Normozyde\u00ae)<\/li>\n<li><strong>Metoprolol<br \/>\n<\/strong>(Betaloc\u00ae, Betaloc SA\u00ae, Lopressor\u00ae, Lopressor LA\u00ae, Toprol XL\u00ae)<\/li>\n<li><strong>Nadolol<br \/>\n<\/strong>(Corgard\u00ae)<\/li>\n<li><strong>Nebivolol<br \/>\n<\/strong>(Nebilet\u00ae)<\/li>\n<li><strong>Oxprenolol<br \/>\n<\/strong>(Trasicor\u00ae, Slow-Trasicor\u00ae)<\/li>\n<li><strong>Pindolol<\/strong><br \/>\n(Visken\u00ae)<\/li>\n<li><strong>Propanolol<br \/>\n<\/strong>(Angilol\u00ae, Syprol\u00ae, Bedranol SR\u00ae, Beta Prograne\u00ae, Slo-Pro\u00ae, Inderal\u00ae, Half-Inderal LA\u00ae, Inderal-LA\u00ae)<\/li>\n<li><strong>Sotalol<\/strong><br \/>\n(Beta-Cardone\u00ae, Sotocor\u00ae)<\/li>\n<li><strong>Timolol<br \/>\n<\/strong>(Betim\u00ae)<\/li>\n<li><strong>Produtos combinados<\/strong><br \/>\n(Co-tenidone\u00ae, Kalten\u00ae, Tenoret\u00ae, Tenoretic\u00ae, Viskaldix\u00ae, Prestim\u00ae, Beta-Adalat\u00ae, Tenif\u00ae)<\/li>\n<\/ul>\n<p><a href=\"https:\/\/www.heartfailurematters.org\/what-your-doctor-can-do\/heart-failure-medicines\/\">Voltar a Medicamentos para insufici\u00eancia card\u00edaca<\/a><\/p>\n","protected":false},"excerpt":{"rendered":"<p>O que fazem Quando o cora\u00e7\u00e3o n\u00e3o est\u00e1 a bombear t\u00e3o bem como deveria, o organismo tentar\u00e1 compensar ao produzir adrenalina e noradrenalina, hormonas que fazem o cora\u00e7\u00e3o bater mais r\u00e1pido e aumentam a press\u00e3o arterial. Se este efeito for prolongado, pode ter efeitos nocivos num cora\u00e7\u00e3o que j\u00e1 tem dificuldades para funcionar eficazmente. Os [&hellip;]<\/p>\n","protected":false},"author":1,"featured_media":10871,"parent":2682,"menu_order":0,"comment_status":"open","ping_status":"open","template":"","meta":{"_acf_changed":false,"footnotes":""},"categories":[],"tags":[],"class_list":["post-2040","page","type-page","status-publish","has-post-thumbnail","hentry"],"acf":[],"yoast_head":"<!-- This site is optimized with the Yoast SEO plugin v24.8.1 - https:\/\/yoast.com\/wordpress\/plugins\/seo\/ -->\n<title>Betabloqueadores e gest\u00e3o da insufici\u00eancia card\u00edaca<\/title>\n<meta name=\"description\" content=\"Obtenha mais informa\u00e7\u00f5es sobre os betabloqueadores na insufici\u00eancia card\u00edaca, o que s\u00e3o, como podem ajudar e quais s\u00e3o os poss\u00edveis efeitos secund\u00e1rios.\" \/>\n<meta name=\"robots\" content=\"index, follow, max-snippet:-1, max-image-preview:large, max-video-preview:-1\" \/>\n<link rel=\"canonical\" href=\"https:\/\/www.heartfailurematters.org\/pt-pt\/o-que-o-seu-medico-ou-enfermeiro-pode-fazer\/bloqueadores-beta\/\" \/>\n<meta property=\"og:locale\" content=\"pt_PT\" \/>\n<meta property=\"og:type\" content=\"article\" \/>\n<meta property=\"og:title\" content=\"Betabloqueadores e gest\u00e3o da insufici\u00eancia card\u00edaca\" \/>\n<meta property=\"og:description\" content=\"Obtenha mais informa\u00e7\u00f5es sobre os betabloqueadores na insufici\u00eancia card\u00edaca, o que s\u00e3o, como podem ajudar e quais s\u00e3o os poss\u00edveis efeitos secund\u00e1rios.\" \/>\n<meta property=\"og:url\" content=\"https:\/\/www.heartfailurematters.org\/pt-pt\/o-que-o-seu-medico-ou-enfermeiro-pode-fazer\/bloqueadores-beta\/\" \/>\n<meta property=\"og:site_name\" content=\"Heart Failure Matters\" \/>\n<meta property=\"article:publisher\" content=\"https:\/\/www.facebook.com\/heartfailurematters\" \/>\n<meta property=\"article:modified_time\" content=\"2025-12-05T10:19:25+00:00\" \/>\n<meta property=\"og:image\" content=\"https:\/\/www.heartfailurematters.org\/wp-content\/uploads\/2022\/03\/shutterstock_441673426-1-min.jpg\" \/>\n\t<meta property=\"og:image:width\" content=\"900\" \/>\n\t<meta property=\"og:image:height\" content=\"596\" \/>\n\t<meta property=\"og:image:type\" content=\"image\/jpeg\" \/>\n<meta name=\"twitter:card\" content=\"summary_large_image\" \/>\n<meta name=\"twitter:label1\" content=\"Tempo estimado de leitura\" \/>\n\t<meta name=\"twitter:data1\" content=\"3 minutos\" \/>\n<script type=\"application\/ld+json\" class=\"yoast-schema-graph\">{\"@context\":\"https:\/\/schema.org\",\"@graph\":[{\"@type\":\"WebPage\",\"@id\":\"https:\/\/www.heartfailurematters.org\/pt-pt\/o-que-o-seu-medico-ou-enfermeiro-pode-fazer\/bloqueadores-beta\/\",\"url\":\"https:\/\/www.heartfailurematters.org\/pt-pt\/o-que-o-seu-medico-ou-enfermeiro-pode-fazer\/bloqueadores-beta\/\",\"name\":\"Betabloqueadores e gest\u00e3o da insufici\u00eancia card\u00edaca\",\"isPartOf\":{\"@id\":\"https:\/\/www.heartfailurematters.org\/pt-pt\/#website\"},\"primaryImageOfPage\":{\"@id\":\"https:\/\/www.heartfailurematters.org\/pt-pt\/o-que-o-seu-medico-ou-enfermeiro-pode-fazer\/bloqueadores-beta\/#primaryimage\"},\"image\":{\"@id\":\"https:\/\/www.heartfailurematters.org\/pt-pt\/o-que-o-seu-medico-ou-enfermeiro-pode-fazer\/bloqueadores-beta\/#primaryimage\"},\"thumbnailUrl\":\"https:\/\/www.heartfailurematters.org\/wp-content\/uploads\/2022\/03\/shutterstock_441673426-1-min.jpg\",\"datePublished\":\"2021-01-27T22:06:27+00:00\",\"dateModified\":\"2025-12-05T10:19:25+00:00\",\"description\":\"Obtenha mais informa\u00e7\u00f5es sobre os betabloqueadores na insufici\u00eancia card\u00edaca, o que s\u00e3o, como podem ajudar e quais s\u00e3o os poss\u00edveis efeitos secund\u00e1rios.\",\"breadcrumb\":{\"@id\":\"https:\/\/www.heartfailurematters.org\/pt-pt\/o-que-o-seu-medico-ou-enfermeiro-pode-fazer\/bloqueadores-beta\/#breadcrumb\"},\"inLanguage\":\"pt-PT\",\"potentialAction\":[{\"@type\":\"ReadAction\",\"target\":[\"https:\/\/www.heartfailurematters.org\/pt-pt\/o-que-o-seu-medico-ou-enfermeiro-pode-fazer\/bloqueadores-beta\/\"]}]},{\"@type\":\"ImageObject\",\"inLanguage\":\"pt-PT\",\"@id\":\"https:\/\/www.heartfailurematters.org\/pt-pt\/o-que-o-seu-medico-ou-enfermeiro-pode-fazer\/bloqueadores-beta\/#primaryimage\",\"url\":\"https:\/\/www.heartfailurematters.org\/wp-content\/uploads\/2022\/03\/shutterstock_441673426-1-min.jpg\",\"contentUrl\":\"https:\/\/www.heartfailurematters.org\/wp-content\/uploads\/2022\/03\/shutterstock_441673426-1-min.jpg\",\"width\":900,\"height\":596},{\"@type\":\"BreadcrumbList\",\"@id\":\"https:\/\/www.heartfailurematters.org\/pt-pt\/o-que-o-seu-medico-ou-enfermeiro-pode-fazer\/bloqueadores-beta\/#breadcrumb\",\"itemListElement\":[{\"@type\":\"ListItem\",\"position\":1,\"name\":\"P\u00e1gina inicial\",\"item\":\"https:\/\/www.heartfailurematters.org\/pt-pt\/\"},{\"@type\":\"ListItem\",\"position\":2,\"name\":\"O que o seu m\u00e9dico pode fazer\",\"item\":\"https:\/\/www.heartfailurematters.org\/pt-pt\/o-que-o-seu-medico-ou-enfermeiro-pode-fazer\/\"},{\"@type\":\"ListItem\",\"position\":3,\"name\":\"Betabloqueadores\"}]},{\"@type\":\"WebSite\",\"@id\":\"https:\/\/www.heartfailurematters.org\/pt-pt\/#website\",\"url\":\"https:\/\/www.heartfailurematters.org\/pt-pt\/\",\"name\":\"Heart Failure Matters\",\"description\":\"Practical information for patients, families and caregivers.\",\"publisher\":{\"@id\":\"https:\/\/www.heartfailurematters.org\/pt-pt\/#organization\"},\"potentialAction\":[{\"@type\":\"SearchAction\",\"target\":{\"@type\":\"EntryPoint\",\"urlTemplate\":\"https:\/\/www.heartfailurematters.org\/pt-pt\/?s={search_term_string}\"},\"query-input\":{\"@type\":\"PropertyValueSpecification\",\"valueRequired\":true,\"valueName\":\"search_term_string\"}}],\"inLanguage\":\"pt-PT\"},{\"@type\":\"Organization\",\"@id\":\"https:\/\/www.heartfailurematters.org\/pt-pt\/#organization\",\"name\":\"Heart Failure Matters\",\"url\":\"https:\/\/www.heartfailurematters.org\/pt-pt\/\",\"logo\":{\"@type\":\"ImageObject\",\"inLanguage\":\"pt-PT\",\"@id\":\"https:\/\/www.heartfailurematters.org\/pt-pt\/#\/schema\/logo\/image\/\",\"url\":\"https:\/\/cdn-endpoint-hfm.azureedge.net\/heartfailurematters\/2024\/07\/hfm-logo1.jpg\",\"contentUrl\":\"https:\/\/cdn-endpoint-hfm.azureedge.net\/heartfailurematters\/2024\/07\/hfm-logo1.jpg\",\"width\":1280,\"height\":720,\"caption\":\"Heart Failure Matters\"},\"image\":{\"@id\":\"https:\/\/www.heartfailurematters.org\/pt-pt\/#\/schema\/logo\/image\/\"},\"sameAs\":[\"https:\/\/www.facebook.com\/heartfailurematters\"]}]}<\/script>\n<!-- \/ Yoast SEO plugin. -->","yoast_head_json":{"title":"Betabloqueadores e gest\u00e3o da insufici\u00eancia card\u00edaca","description":"Obtenha mais informa\u00e7\u00f5es sobre os betabloqueadores na insufici\u00eancia card\u00edaca, o que s\u00e3o, como podem ajudar e quais s\u00e3o os poss\u00edveis efeitos secund\u00e1rios.","robots":{"index":"index","follow":"follow","max-snippet":"max-snippet:-1","max-image-preview":"max-image-preview:large","max-video-preview":"max-video-preview:-1"},"canonical":"https:\/\/www.heartfailurematters.org\/pt-pt\/o-que-o-seu-medico-ou-enfermeiro-pode-fazer\/bloqueadores-beta\/","og_locale":"pt_PT","og_type":"article","og_title":"Betabloqueadores e gest\u00e3o da insufici\u00eancia card\u00edaca","og_description":"Obtenha mais informa\u00e7\u00f5es sobre os betabloqueadores na insufici\u00eancia card\u00edaca, o que s\u00e3o, como podem ajudar e quais s\u00e3o os poss\u00edveis efeitos secund\u00e1rios.","og_url":"https:\/\/www.heartfailurematters.org\/pt-pt\/o-que-o-seu-medico-ou-enfermeiro-pode-fazer\/bloqueadores-beta\/","og_site_name":"Heart Failure Matters","article_publisher":"https:\/\/www.facebook.com\/heartfailurematters","article_modified_time":"2025-12-05T10:19:25+00:00","og_image":[{"width":900,"height":596,"url":"https:\/\/www.heartfailurematters.org\/wp-content\/uploads\/2022\/03\/shutterstock_441673426-1-min.jpg","type":"image\/jpeg"}],"twitter_card":"summary_large_image","twitter_misc":{"Tempo estimado de leitura":"3 minutos"},"schema":{"@context":"https:\/\/schema.org","@graph":[{"@type":"WebPage","@id":"https:\/\/www.heartfailurematters.org\/pt-pt\/o-que-o-seu-medico-ou-enfermeiro-pode-fazer\/bloqueadores-beta\/","url":"https:\/\/www.heartfailurematters.org\/pt-pt\/o-que-o-seu-medico-ou-enfermeiro-pode-fazer\/bloqueadores-beta\/","name":"Betabloqueadores e gest\u00e3o da insufici\u00eancia card\u00edaca","isPartOf":{"@id":"https:\/\/www.heartfailurematters.org\/pt-pt\/#website"},"primaryImageOfPage":{"@id":"https:\/\/www.heartfailurematters.org\/pt-pt\/o-que-o-seu-medico-ou-enfermeiro-pode-fazer\/bloqueadores-beta\/#primaryimage"},"image":{"@id":"https:\/\/www.heartfailurematters.org\/pt-pt\/o-que-o-seu-medico-ou-enfermeiro-pode-fazer\/bloqueadores-beta\/#primaryimage"},"thumbnailUrl":"https:\/\/www.heartfailurematters.org\/wp-content\/uploads\/2022\/03\/shutterstock_441673426-1-min.jpg","datePublished":"2021-01-27T22:06:27+00:00","dateModified":"2025-12-05T10:19:25+00:00","description":"Obtenha mais informa\u00e7\u00f5es sobre os betabloqueadores na insufici\u00eancia card\u00edaca, o que s\u00e3o, como podem ajudar e quais s\u00e3o os poss\u00edveis efeitos secund\u00e1rios.","breadcrumb":{"@id":"https:\/\/www.heartfailurematters.org\/pt-pt\/o-que-o-seu-medico-ou-enfermeiro-pode-fazer\/bloqueadores-beta\/#breadcrumb"},"inLanguage":"pt-PT","potentialAction":[{"@type":"ReadAction","target":["https:\/\/www.heartfailurematters.org\/pt-pt\/o-que-o-seu-medico-ou-enfermeiro-pode-fazer\/bloqueadores-beta\/"]}]},{"@type":"ImageObject","inLanguage":"pt-PT","@id":"https:\/\/www.heartfailurematters.org\/pt-pt\/o-que-o-seu-medico-ou-enfermeiro-pode-fazer\/bloqueadores-beta\/#primaryimage","url":"https:\/\/www.heartfailurematters.org\/wp-content\/uploads\/2022\/03\/shutterstock_441673426-1-min.jpg","contentUrl":"https:\/\/www.heartfailurematters.org\/wp-content\/uploads\/2022\/03\/shutterstock_441673426-1-min.jpg","width":900,"height":596},{"@type":"BreadcrumbList","@id":"https:\/\/www.heartfailurematters.org\/pt-pt\/o-que-o-seu-medico-ou-enfermeiro-pode-fazer\/bloqueadores-beta\/#breadcrumb","itemListElement":[{"@type":"ListItem","position":1,"name":"P\u00e1gina inicial","item":"https:\/\/www.heartfailurematters.org\/pt-pt\/"},{"@type":"ListItem","position":2,"name":"O que o seu m\u00e9dico pode fazer","item":"https:\/\/www.heartfailurematters.org\/pt-pt\/o-que-o-seu-medico-ou-enfermeiro-pode-fazer\/"},{"@type":"ListItem","position":3,"name":"Betabloqueadores"}]},{"@type":"WebSite","@id":"https:\/\/www.heartfailurematters.org\/pt-pt\/#website","url":"https:\/\/www.heartfailurematters.org\/pt-pt\/","name":"Heart Failure Matters","description":"Practical information for patients, families and caregivers.","publisher":{"@id":"https:\/\/www.heartfailurematters.org\/pt-pt\/#organization"},"potentialAction":[{"@type":"SearchAction","target":{"@type":"EntryPoint","urlTemplate":"https:\/\/www.heartfailurematters.org\/pt-pt\/?s={search_term_string}"},"query-input":{"@type":"PropertyValueSpecification","valueRequired":true,"valueName":"search_term_string"}}],"inLanguage":"pt-PT"},{"@type":"Organization","@id":"https:\/\/www.heartfailurematters.org\/pt-pt\/#organization","name":"Heart Failure Matters","url":"https:\/\/www.heartfailurematters.org\/pt-pt\/","logo":{"@type":"ImageObject","inLanguage":"pt-PT","@id":"https:\/\/www.heartfailurematters.org\/pt-pt\/#\/schema\/logo\/image\/","url":"https:\/\/cdn-endpoint-hfm.azureedge.net\/heartfailurematters\/2024\/07\/hfm-logo1.jpg","contentUrl":"https:\/\/cdn-endpoint-hfm.azureedge.net\/heartfailurematters\/2024\/07\/hfm-logo1.jpg","width":1280,"height":720,"caption":"Heart Failure Matters"},"image":{"@id":"https:\/\/www.heartfailurematters.org\/pt-pt\/#\/schema\/logo\/image\/"},"sameAs":["https:\/\/www.facebook.com\/heartfailurematters"]}]}},"_links":{"self":[{"href":"https:\/\/www.heartfailurematters.org\/pt-pt\/wp-json\/wp\/v2\/pages\/2040","targetHints":{"allow":["GET"]}}],"collection":[{"href":"https:\/\/www.heartfailurematters.org\/pt-pt\/wp-json\/wp\/v2\/pages"}],"about":[{"href":"https:\/\/www.heartfailurematters.org\/pt-pt\/wp-json\/wp\/v2\/types\/page"}],"author":[{"embeddable":true,"href":"https:\/\/www.heartfailurematters.org\/pt-pt\/wp-json\/wp\/v2\/users\/1"}],"replies":[{"embeddable":true,"href":"https:\/\/www.heartfailurematters.org\/pt-pt\/wp-json\/wp\/v2\/comments?post=2040"}],"version-history":[{"count":1,"href":"https:\/\/www.heartfailurematters.org\/pt-pt\/wp-json\/wp\/v2\/pages\/2040\/revisions"}],"predecessor-version":[{"id":13670,"href":"https:\/\/www.heartfailurematters.org\/pt-pt\/wp-json\/wp\/v2\/pages\/2040\/revisions\/13670"}],"up":[{"embeddable":true,"href":"https:\/\/www.heartfailurematters.org\/pt-pt\/wp-json\/wp\/v2\/pages\/2682"}],"wp:featuredmedia":[{"embeddable":true,"href":"https:\/\/www.heartfailurematters.org\/pt-pt\/wp-json\/wp\/v2\/media\/10871"}],"wp:attachment":[{"href":"https:\/\/www.heartfailurematters.org\/pt-pt\/wp-json\/wp\/v2\/media?parent=2040"}],"wp:term":[{"taxonomy":"category","embeddable":true,"href":"https:\/\/www.heartfailurematters.org\/pt-pt\/wp-json\/wp\/v2\/categories?post=2040"},{"taxonomy":"post_tag","embeddable":true,"href":"https:\/\/www.heartfailurematters.org\/pt-pt\/wp-json\/wp\/v2\/tags?post=2040"}],"curies":[{"name":"wp","href":"https:\/\/api.w.org\/{rel}","templated":true}]}}