{"id":2031,"date":"2021-01-27T22:06:20","date_gmt":"2021-01-27T22:06:20","guid":{"rendered":"http:\/\/heartfailurematters.local:8888\/sinais-de-aviso\/"},"modified":"2022-01-25T12:22:28","modified_gmt":"2022-01-25T12:22:28","slug":"sinais-de-aviso","status":"publish","type":"page","link":"https:\/\/www.heartfailurematters.org\/pt-pt\/sinais-de-aviso\/sinais-de-aviso\/","title":{"rendered":"Sinais de aviso"},"content":{"rendered":"<p>A insufici\u00eancia card\u00edaca pode ser bem gerida com o tratamento certo e ajustes no estilo de vida, conforme recomendado pelo seu m\u00e9dico ou enfermeiro. Contudo, \u00e9 importante controlar regularmente todos os sintomas, uma vez que a insufici\u00eancia card\u00edaca pode evoluir lentamente.<\/p>\n<p>Pode utilizar a lista \u00e0 esquerda ou qualquer uma das liga\u00e7\u00f5es abaixo para obter mais informa\u00e7\u00f5es sobre os sintomas que deve controlar e o que fazer caso se agravem.<\/p>\n<p>Deve pedir imediatamente ajuda se sentir:<\/p>\n<p><a title=\"Persistent Chest pain \" href=\"https:\/\/www.heartfailurematters.org\/pt-pt\/sinais-de-aviso\/dor-toracica\/\" shape=\"rect\">Dores persistentes no t\u00f3rax<\/a>\u00a0que n\u00e3o aliviam com trinitrato de glicerilo (NTG\/nitroglicerina)<br \/>\n<a title=\"Severe and persistent shortness of breath\" href=\"https:\/\/www.heartfailurematters.org\/pt-pt\/sinais-de-aviso\/falta-de-ar\/\" shape=\"rect\">Falta de ar grave e persistente<\/a><br \/>\n<a title=\"Fainting\" href=\"https:\/\/www.heartfailurematters.org\/pt-pt\/sinais-de-aviso\/desmaios-e-ou-tonturas\/\" shape=\"rect\">Desmaios<\/a><\/p>\n<p>Deve informar o seu m\u00e9dico o mais rapidamente\u00a0poss\u00edvel se:<\/p>\n<p><a title=\"Increasing shortness of breath\" href=\"https:\/\/www.heartfailurematters.org\/pt-pt\/sinais-de-aviso\/falta-de-ar\/\" shape=\"rect\">Tiver mais falta de ar<\/a><br \/>\n<a title=\"Frequent awakenings due to shortness of breath\" href=\"https:\/\/www.heartfailurematters.org\/pt-pt\/sinais-de-aviso\/acordar-com-falta-de-ar-ou-precisar-de-mais-almofadas\/\" shape=\"rect\">Acordar mais vezes devido \u00e0 falta de ar<\/a><br \/>\n<a title=\"Needing more pillows to sleep comfortably\" href=\"https:\/\/www.heartfailurematters.org\/pt-pt\/sinais-de-aviso\/acordar-com-falta-de-ar-ou-precisar-de-mais-almofadas\/\" shape=\"rect\">Tiver necessidade de mais almofadas para dormir confortavelmente<\/a><br \/>\n<a title=\"Rapid heart rate or worsening palpitations\" href=\"https:\/\/www.heartfailurematters.org\/pt-pt\/sinais-de-aviso\/palpitacoes\/\" shape=\"rect\">Tiver frequ\u00eancia card\u00edaca acelerada ou agravamento das palpita\u00e7\u00f5es<\/a><\/p>\n<p>Deve falar com o seu m\u00e9dico ou enfermeiro se verificar algum dos sintomas seguintes:<\/p>\n<p><a title=\"Rapid weight gain\" href=\"https:\/\/www.heartfailurematters.org\/pt-pt\/sinais-de-aviso\/rapido-aumento-de-peso\/\" shape=\"rect\">Aumento s\u00fabito de peso<\/a><br \/>\n<a title=\"Progressive swelling or pain in the abdomen\" href=\"https:\/\/www.heartfailurematters.org\/pt-pt\/sinais-de-aviso\/inchaco-ou-dor-no-abdomen\/\" shape=\"rect\">Dor ou incha\u00e7o progressivo no abd\u00f3men<\/a><br \/>\n<a title=\"Increased swelling of the legs or ankles\" href=\"https:\/\/www.heartfailurematters.org\/pt-pt\/sinais-de-aviso\/aumento-do-inchaco-das-pernas-ou-tornozelos\/\" shape=\"rect\">Maior incha\u00e7o nas pernas ou nos tornozelos<\/a><br \/>\n<a title=\"Loss of appetite\/nausea\" href=\"https:\/\/www.heartfailurematters.org\/pt-pt\/sinais-de-aviso\/perda-de-apetite-e-nauseas\/\" shape=\"rect\">Perda de apetite e n\u00e1useas<\/a><br \/>\n<a title=\"Increasing fatigue\" href=\"https:\/\/www.heartfailurematters.org\/pt-pt\/o-que-e-a-insuficiencia-cardiaca\/cansaco-e-fadiga\/\" shape=\"rect\">Aumento da fadiga<\/a><br \/>\n<a title=\"Worsening cough\" href=\"https:\/\/www.heartfailurematters.org\/pt-pt\/o-que-e-a-insuficiencia-cardiaca\/tosse-ou-pieira\/\" shape=\"rect\">Agravamento da tosse<\/a><\/p>\n<p>Para o ajudar a controlar os sintomas, clique nas liga\u00e7\u00f5es abaixo para encontrar recursos \u00fateis que pode transferir, imprimir e preencher. Pode levar estes recursos consigo na pr\u00f3xima consulta com o seu m\u00e9dico ou enfermeiro e falar sobre os sintomas.<\/p>\n<p><a title=\"Symptom and event diary\" href=\"\/wp-content\/uploads\/2021\/02\/DIARIO-DE-SINTOMAS-E-EVENTOS.pdf\" target=\"_blank\" rel=\"noopener\" shape=\"rect\">Di\u00e1rio de sintomas e eventos<\/a><br \/>\n<a title=\"Monitoring your heart failure chart\" href=\"\/wp-content\/uploads\/2021\/02\/TABELA-DE-SINAIS.pdf\" target=\"_blank\" rel=\"noopener\" shape=\"rect\">Tabela de controlo da insufici\u00eancia card\u00edaca<\/a><br \/>\n<a title=\"Warning signs leaflet\" href=\"\/wp-content\/uploads\/2021\/02\/SINAIS-DE-ALERTA.pdf\" target=\"_blank\" rel=\"noopener\" shape=\"rect\">Folheto de sinais de alerta<\/a><\/p>\n","protected":false},"excerpt":{"rendered":"<p>A insufici\u00eancia card\u00edaca pode ser bem gerida com o tratamento certo e ajustes no estilo de vida, conforme recomendado pelo seu m\u00e9dico ou enfermeiro. Contudo, \u00e9 importante controlar regularmente todos os sintomas, uma vez que a insufici\u00eancia card\u00edaca pode evoluir lentamente. Pode utilizar a lista \u00e0 esquerda ou qualquer uma das liga\u00e7\u00f5es abaixo para obter [&hellip;]<\/p>\n","protected":false},"author":1,"featured_media":0,"parent":2867,"menu_order":0,"comment_status":"open","ping_status":"open","template":"","meta":{"_acf_changed":false,"footnotes":""},"categories":[],"tags":[],"class_list":["post-2031","page","type-page","status-publish","hentry"],"acf":[],"yoast_head":"<!-- This site is optimized with the Yoast SEO plugin v24.8.1 - https:\/\/yoast.com\/wordpress\/plugins\/seo\/ -->\n<title>Sinais de aviso da insufici\u00eancia card\u00edaca<\/title>\n<meta name=\"description\" content=\"A insufici\u00eancia card\u00edaca pode ser controlada eficazmente. Para tal, \u00e9 importante vigiar os sintomas regularmente. Ligue para obter ajuda se tiver estes sintomas\" \/>\n<meta name=\"robots\" content=\"index, follow, max-snippet:-1, max-image-preview:large, max-video-preview:-1\" \/>\n<link rel=\"canonical\" href=\"https:\/\/www.heartfailurematters.org\/pt-pt\/sinais-de-aviso\/sinais-de-aviso\/\" \/>\n<meta property=\"og:locale\" content=\"pt_PT\" \/>\n<meta property=\"og:type\" content=\"article\" \/>\n<meta property=\"og:title\" content=\"Sinais de aviso da insufici\u00eancia card\u00edaca\" \/>\n<meta property=\"og:description\" content=\"A insufici\u00eancia card\u00edaca pode ser controlada eficazmente. Para tal, \u00e9 importante vigiar os sintomas regularmente. Ligue para obter ajuda se tiver estes sintomas\" \/>\n<meta property=\"og:url\" content=\"https:\/\/www.heartfailurematters.org\/pt-pt\/sinais-de-aviso\/sinais-de-aviso\/\" \/>\n<meta property=\"og:site_name\" content=\"Heart Failure Matters\" \/>\n<meta property=\"article:publisher\" content=\"https:\/\/www.facebook.com\/heartfailurematters\" \/>\n<meta property=\"article:modified_time\" content=\"2022-01-25T12:22:28+00:00\" \/>\n<meta name=\"twitter:card\" content=\"summary_large_image\" \/>\n<meta name=\"twitter:label1\" content=\"Tempo estimado de leitura\" \/>\n\t<meta name=\"twitter:data1\" content=\"2 minutos\" \/>\n<script type=\"application\/ld+json\" class=\"yoast-schema-graph\">{\"@context\":\"https:\/\/schema.org\",\"@graph\":[{\"@type\":\"WebPage\",\"@id\":\"https:\/\/www.heartfailurematters.org\/pt-pt\/sinais-de-aviso\/sinais-de-aviso\/\",\"url\":\"https:\/\/www.heartfailurematters.org\/pt-pt\/sinais-de-aviso\/sinais-de-aviso\/\",\"name\":\"Sinais de aviso da insufici\u00eancia card\u00edaca\",\"isPartOf\":{\"@id\":\"https:\/\/www.heartfailurematters.org\/pt-pt\/#website\"},\"datePublished\":\"2021-01-27T22:06:20+00:00\",\"dateModified\":\"2022-01-25T12:22:28+00:00\",\"description\":\"A insufici\u00eancia card\u00edaca pode ser controlada eficazmente. Para tal, \u00e9 importante vigiar os sintomas regularmente. Ligue para obter ajuda se tiver estes sintomas\",\"breadcrumb\":{\"@id\":\"https:\/\/www.heartfailurematters.org\/pt-pt\/sinais-de-aviso\/sinais-de-aviso\/#breadcrumb\"},\"inLanguage\":\"pt-PT\",\"potentialAction\":[{\"@type\":\"ReadAction\",\"target\":[\"https:\/\/www.heartfailurematters.org\/pt-pt\/sinais-de-aviso\/sinais-de-aviso\/\"]}]},{\"@type\":\"BreadcrumbList\",\"@id\":\"https:\/\/www.heartfailurematters.org\/pt-pt\/sinais-de-aviso\/sinais-de-aviso\/#breadcrumb\",\"itemListElement\":[{\"@type\":\"ListItem\",\"position\":1,\"name\":\"P\u00e1gina inicial\",\"item\":\"https:\/\/www.heartfailurematters.org\/pt-pt\/\"},{\"@type\":\"ListItem\",\"position\":2,\"name\":\"Sinais de aviso\",\"item\":\"https:\/\/www.heartfailurematters.org\/pt-pt\/sinais-de-aviso\/\"},{\"@type\":\"ListItem\",\"position\":3,\"name\":\"Sinais de aviso\"}]},{\"@type\":\"WebSite\",\"@id\":\"https:\/\/www.heartfailurematters.org\/pt-pt\/#website\",\"url\":\"https:\/\/www.heartfailurematters.org\/pt-pt\/\",\"name\":\"Heart Failure Matters\",\"description\":\"Practical information for patients, families and caregivers.\",\"publisher\":{\"@id\":\"https:\/\/www.heartfailurematters.org\/pt-pt\/#organization\"},\"potentialAction\":[{\"@type\":\"SearchAction\",\"target\":{\"@type\":\"EntryPoint\",\"urlTemplate\":\"https:\/\/www.heartfailurematters.org\/pt-pt\/?s={search_term_string}\"},\"query-input\":{\"@type\":\"PropertyValueSpecification\",\"valueRequired\":true,\"valueName\":\"search_term_string\"}}],\"inLanguage\":\"pt-PT\"},{\"@type\":\"Organization\",\"@id\":\"https:\/\/www.heartfailurematters.org\/pt-pt\/#organization\",\"name\":\"Heart Failure Matters\",\"url\":\"https:\/\/www.heartfailurematters.org\/pt-pt\/\",\"logo\":{\"@type\":\"ImageObject\",\"inLanguage\":\"pt-PT\",\"@id\":\"https:\/\/www.heartfailurematters.org\/pt-pt\/#\/schema\/logo\/image\/\",\"url\":\"https:\/\/cdn-endpoint-hfm.azureedge.net\/heartfailurematters\/2024\/07\/hfm-logo1.jpg\",\"contentUrl\":\"https:\/\/cdn-endpoint-hfm.azureedge.net\/heartfailurematters\/2024\/07\/hfm-logo1.jpg\",\"width\":1280,\"height\":720,\"caption\":\"Heart Failure Matters\"},\"image\":{\"@id\":\"https:\/\/www.heartfailurematters.org\/pt-pt\/#\/schema\/logo\/image\/\"},\"sameAs\":[\"https:\/\/www.facebook.com\/heartfailurematters\"]}]}<\/script>\n<!-- \/ Yoast SEO plugin. -->","yoast_head_json":{"title":"Sinais de aviso da insufici\u00eancia card\u00edaca","description":"A insufici\u00eancia card\u00edaca pode ser controlada eficazmente. Para tal, \u00e9 importante vigiar os sintomas regularmente. Ligue para obter ajuda se tiver estes sintomas","robots":{"index":"index","follow":"follow","max-snippet":"max-snippet:-1","max-image-preview":"max-image-preview:large","max-video-preview":"max-video-preview:-1"},"canonical":"https:\/\/www.heartfailurematters.org\/pt-pt\/sinais-de-aviso\/sinais-de-aviso\/","og_locale":"pt_PT","og_type":"article","og_title":"Sinais de aviso da insufici\u00eancia card\u00edaca","og_description":"A insufici\u00eancia card\u00edaca pode ser controlada eficazmente. Para tal, \u00e9 importante vigiar os sintomas regularmente. Ligue para obter ajuda se tiver estes sintomas","og_url":"https:\/\/www.heartfailurematters.org\/pt-pt\/sinais-de-aviso\/sinais-de-aviso\/","og_site_name":"Heart Failure Matters","article_publisher":"https:\/\/www.facebook.com\/heartfailurematters","article_modified_time":"2022-01-25T12:22:28+00:00","twitter_card":"summary_large_image","twitter_misc":{"Tempo estimado de leitura":"2 minutos"},"schema":{"@context":"https:\/\/schema.org","@graph":[{"@type":"WebPage","@id":"https:\/\/www.heartfailurematters.org\/pt-pt\/sinais-de-aviso\/sinais-de-aviso\/","url":"https:\/\/www.heartfailurematters.org\/pt-pt\/sinais-de-aviso\/sinais-de-aviso\/","name":"Sinais de aviso da insufici\u00eancia card\u00edaca","isPartOf":{"@id":"https:\/\/www.heartfailurematters.org\/pt-pt\/#website"},"datePublished":"2021-01-27T22:06:20+00:00","dateModified":"2022-01-25T12:22:28+00:00","description":"A insufici\u00eancia card\u00edaca pode ser controlada eficazmente. Para tal, \u00e9 importante vigiar os sintomas regularmente. Ligue para obter ajuda se tiver estes sintomas","breadcrumb":{"@id":"https:\/\/www.heartfailurematters.org\/pt-pt\/sinais-de-aviso\/sinais-de-aviso\/#breadcrumb"},"inLanguage":"pt-PT","potentialAction":[{"@type":"ReadAction","target":["https:\/\/www.heartfailurematters.org\/pt-pt\/sinais-de-aviso\/sinais-de-aviso\/"]}]},{"@type":"BreadcrumbList","@id":"https:\/\/www.heartfailurematters.org\/pt-pt\/sinais-de-aviso\/sinais-de-aviso\/#breadcrumb","itemListElement":[{"@type":"ListItem","position":1,"name":"P\u00e1gina inicial","item":"https:\/\/www.heartfailurematters.org\/pt-pt\/"},{"@type":"ListItem","position":2,"name":"Sinais de aviso","item":"https:\/\/www.heartfailurematters.org\/pt-pt\/sinais-de-aviso\/"},{"@type":"ListItem","position":3,"name":"Sinais de aviso"}]},{"@type":"WebSite","@id":"https:\/\/www.heartfailurematters.org\/pt-pt\/#website","url":"https:\/\/www.heartfailurematters.org\/pt-pt\/","name":"Heart Failure Matters","description":"Practical information for patients, families and caregivers.","publisher":{"@id":"https:\/\/www.heartfailurematters.org\/pt-pt\/#organization"},"potentialAction":[{"@type":"SearchAction","target":{"@type":"EntryPoint","urlTemplate":"https:\/\/www.heartfailurematters.org\/pt-pt\/?s={search_term_string}"},"query-input":{"@type":"PropertyValueSpecification","valueRequired":true,"valueName":"search_term_string"}}],"inLanguage":"pt-PT"},{"@type":"Organization","@id":"https:\/\/www.heartfailurematters.org\/pt-pt\/#organization","name":"Heart Failure Matters","url":"https:\/\/www.heartfailurematters.org\/pt-pt\/","logo":{"@type":"ImageObject","inLanguage":"pt-PT","@id":"https:\/\/www.heartfailurematters.org\/pt-pt\/#\/schema\/logo\/image\/","url":"https:\/\/cdn-endpoint-hfm.azureedge.net\/heartfailurematters\/2024\/07\/hfm-logo1.jpg","contentUrl":"https:\/\/cdn-endpoint-hfm.azureedge.net\/heartfailurematters\/2024\/07\/hfm-logo1.jpg","width":1280,"height":720,"caption":"Heart Failure Matters"},"image":{"@id":"https:\/\/www.heartfailurematters.org\/pt-pt\/#\/schema\/logo\/image\/"},"sameAs":["https:\/\/www.facebook.com\/heartfailurematters"]}]}},"_links":{"self":[{"href":"https:\/\/www.heartfailurematters.org\/pt-pt\/wp-json\/wp\/v2\/pages\/2031","targetHints":{"allow":["GET"]}}],"collection":[{"href":"https:\/\/www.heartfailurematters.org\/pt-pt\/wp-json\/wp\/v2\/pages"}],"about":[{"href":"https:\/\/www.heartfailurematters.org\/pt-pt\/wp-json\/wp\/v2\/types\/page"}],"author":[{"embeddable":true,"href":"https:\/\/www.heartfailurematters.org\/pt-pt\/wp-json\/wp\/v2\/users\/1"}],"replies":[{"embeddable":true,"href":"https:\/\/www.heartfailurematters.org\/pt-pt\/wp-json\/wp\/v2\/comments?post=2031"}],"version-history":[{"count":5,"href":"https:\/\/www.heartfailurematters.org\/pt-pt\/wp-json\/wp\/v2\/pages\/2031\/revisions"}],"predecessor-version":[{"id":10417,"href":"https:\/\/www.heartfailurematters.org\/pt-pt\/wp-json\/wp\/v2\/pages\/2031\/revisions\/10417"}],"up":[{"embeddable":true,"href":"https:\/\/www.heartfailurematters.org\/pt-pt\/wp-json\/wp\/v2\/pages\/2867"}],"wp:attachment":[{"href":"https:\/\/www.heartfailurematters.org\/pt-pt\/wp-json\/wp\/v2\/media?parent=2031"}],"wp:term":[{"taxonomy":"category","embeddable":true,"href":"https:\/\/www.heartfailurematters.org\/pt-pt\/wp-json\/wp\/v2\/categories?post=2031"},{"taxonomy":"post_tag","embeddable":true,"href":"https:\/\/www.heartfailurematters.org\/pt-pt\/wp-json\/wp\/v2\/tags?post=2031"}],"curies":[{"name":"wp","href":"https:\/\/api.w.org\/{rel}","templated":true}]}}