{"id":2023,"date":"2021-01-27T22:06:20","date_gmt":"2021-01-27T22:06:20","guid":{"rendered":"http:\/\/heartfailurematters.local:8888\/perguntas-para-fazer-ao-medico-enfermeiro-ou-farmaceutico-sobre-os-medicamentos\/"},"modified":"2022-01-25T12:54:13","modified_gmt":"2022-01-25T12:54:13","slug":"perguntas-para-fazer-ao-medico-enfermeiro-ou-farmaceutico-sobre-os-medicamentos","status":"publish","type":"page","link":"https:\/\/www.heartfailurematters.org\/pt-pt\/o-que-pode-fazer\/perguntas-para-fazer-ao-medico-enfermeiro-ou-farmaceutico-sobre-os-medicamentos\/","title":{"rendered":"Perguntas para fazer ao m\u00e9dico, enfermeiro ou farmac\u00eautico sobre os medicamentos"},"content":{"rendered":"<ul>\n<li>Quais s\u00e3o os efeitos secund\u00e1rios associados aos meus medicamento?<\/li>\n<li>H\u00e1 algo que posso fazer para reduzir os efeitos secund\u00e1rios?<\/li>\n<li>O que acontece se me esquecer de tomar uma dose?<\/li>\n<li>H\u00e1 algo que n\u00e3o posso comer ou beber quando tomar os medicamentos?<\/li>\n<li>Qual a hora do dia (de manh\u00e3 ou \u00e0 noite) que devo tomar os meus medicamentos?<\/li>\n<\/ul>\n<p><a title=\"\" href=\"https:\/\/www.heartfailurematters.org\/pt-pt\/o-que-pode-fazer\/gerir-os-medicamentos\/\">Voltar \u00e0 sec\u00e7\u00e3o Gest\u00e3o dos medicamentos<\/a><\/p>\n","protected":false},"excerpt":{"rendered":"<p>Quais s\u00e3o os efeitos secund\u00e1rios associados aos meus medicamento? H\u00e1 algo que posso fazer para reduzir os efeitos secund\u00e1rios? O que acontece se me esquecer de tomar uma dose? H\u00e1 algo que n\u00e3o posso comer ou beber quando tomar os medicamentos? Qual a hora do dia (de manh\u00e3 ou \u00e0 noite) que devo tomar os [&hellip;]<\/p>\n","protected":false},"author":1,"featured_media":0,"parent":2718,"menu_order":0,"comment_status":"open","ping_status":"open","template":"","meta":{"_acf_changed":false,"footnotes":""},"categories":[],"tags":[],"class_list":["post-2023","page","type-page","status-publish","hentry"],"acf":[],"yoast_head":"<!-- This site is optimized with the Yoast SEO plugin v24.8.1 - https:\/\/yoast.com\/wordpress\/plugins\/seo\/ -->\n<title>Perguntas a fazer ao m\u00e9dico sobre medica\u00e7\u00e3o insuf. card\u00edaca<\/title>\n<meta name=\"description\" content=\"Descubra algumas das perguntas importantes que deve fazer ao seu m\u00e9dico sobre os medicamentos para insufici\u00eancia card\u00edaca e respetivo impacto na sa\u00fade.\" \/>\n<meta name=\"robots\" content=\"index, follow, max-snippet:-1, max-image-preview:large, max-video-preview:-1\" \/>\n<link rel=\"canonical\" href=\"https:\/\/www.heartfailurematters.org\/pt-pt\/o-que-pode-fazer\/perguntas-para-fazer-ao-medico-enfermeiro-ou-farmaceutico-sobre-os-medicamentos\/\" \/>\n<meta property=\"og:locale\" content=\"pt_PT\" \/>\n<meta property=\"og:type\" content=\"article\" \/>\n<meta property=\"og:title\" content=\"Perguntas a fazer ao m\u00e9dico sobre medica\u00e7\u00e3o insuf. card\u00edaca\" \/>\n<meta property=\"og:description\" content=\"Descubra algumas das perguntas importantes que deve fazer ao seu m\u00e9dico sobre os medicamentos para insufici\u00eancia card\u00edaca e respetivo impacto na sa\u00fade.\" \/>\n<meta property=\"og:url\" content=\"https:\/\/www.heartfailurematters.org\/pt-pt\/o-que-pode-fazer\/perguntas-para-fazer-ao-medico-enfermeiro-ou-farmaceutico-sobre-os-medicamentos\/\" \/>\n<meta property=\"og:site_name\" content=\"Heart Failure Matters\" \/>\n<meta property=\"article:publisher\" content=\"https:\/\/www.facebook.com\/heartfailurematters\" \/>\n<meta property=\"article:modified_time\" content=\"2022-01-25T12:54:13+00:00\" \/>\n<meta name=\"twitter:card\" content=\"summary_large_image\" \/>\n<script type=\"application\/ld+json\" class=\"yoast-schema-graph\">{\"@context\":\"https:\/\/schema.org\",\"@graph\":[{\"@type\":\"WebPage\",\"@id\":\"https:\/\/www.heartfailurematters.org\/pt-pt\/o-que-pode-fazer\/perguntas-para-fazer-ao-medico-enfermeiro-ou-farmaceutico-sobre-os-medicamentos\/\",\"url\":\"https:\/\/www.heartfailurematters.org\/pt-pt\/o-que-pode-fazer\/perguntas-para-fazer-ao-medico-enfermeiro-ou-farmaceutico-sobre-os-medicamentos\/\",\"name\":\"Perguntas a fazer ao m\u00e9dico sobre medica\u00e7\u00e3o insuf. card\u00edaca\",\"isPartOf\":{\"@id\":\"https:\/\/www.heartfailurematters.org\/pt-pt\/#website\"},\"datePublished\":\"2021-01-27T22:06:20+00:00\",\"dateModified\":\"2022-01-25T12:54:13+00:00\",\"description\":\"Descubra algumas das perguntas importantes que deve fazer ao seu m\u00e9dico sobre os medicamentos para insufici\u00eancia card\u00edaca e respetivo impacto na sa\u00fade.\",\"breadcrumb\":{\"@id\":\"https:\/\/www.heartfailurematters.org\/pt-pt\/o-que-pode-fazer\/perguntas-para-fazer-ao-medico-enfermeiro-ou-farmaceutico-sobre-os-medicamentos\/#breadcrumb\"},\"inLanguage\":\"pt-PT\",\"potentialAction\":[{\"@type\":\"ReadAction\",\"target\":[\"https:\/\/www.heartfailurematters.org\/pt-pt\/o-que-pode-fazer\/perguntas-para-fazer-ao-medico-enfermeiro-ou-farmaceutico-sobre-os-medicamentos\/\"]}]},{\"@type\":\"BreadcrumbList\",\"@id\":\"https:\/\/www.heartfailurematters.org\/pt-pt\/o-que-pode-fazer\/perguntas-para-fazer-ao-medico-enfermeiro-ou-farmaceutico-sobre-os-medicamentos\/#breadcrumb\",\"itemListElement\":[{\"@type\":\"ListItem\",\"position\":1,\"name\":\"P\u00e1gina inicial\",\"item\":\"https:\/\/www.heartfailurematters.org\/pt-pt\/\"},{\"@type\":\"ListItem\",\"position\":2,\"name\":\"O que pode fazer\",\"item\":\"https:\/\/www.heartfailurematters.org\/pt-pt\/o-que-pode-fazer\/\"},{\"@type\":\"ListItem\",\"position\":3,\"name\":\"Perguntas para fazer ao m\u00e9dico, enfermeiro ou farmac\u00eautico sobre os medicamentos\"}]},{\"@type\":\"WebSite\",\"@id\":\"https:\/\/www.heartfailurematters.org\/pt-pt\/#website\",\"url\":\"https:\/\/www.heartfailurematters.org\/pt-pt\/\",\"name\":\"Heart Failure Matters\",\"description\":\"Practical information for patients, families and caregivers.\",\"publisher\":{\"@id\":\"https:\/\/www.heartfailurematters.org\/pt-pt\/#organization\"},\"potentialAction\":[{\"@type\":\"SearchAction\",\"target\":{\"@type\":\"EntryPoint\",\"urlTemplate\":\"https:\/\/www.heartfailurematters.org\/pt-pt\/?s={search_term_string}\"},\"query-input\":{\"@type\":\"PropertyValueSpecification\",\"valueRequired\":true,\"valueName\":\"search_term_string\"}}],\"inLanguage\":\"pt-PT\"},{\"@type\":\"Organization\",\"@id\":\"https:\/\/www.heartfailurematters.org\/pt-pt\/#organization\",\"name\":\"Heart Failure Matters\",\"url\":\"https:\/\/www.heartfailurematters.org\/pt-pt\/\",\"logo\":{\"@type\":\"ImageObject\",\"inLanguage\":\"pt-PT\",\"@id\":\"https:\/\/www.heartfailurematters.org\/pt-pt\/#\/schema\/logo\/image\/\",\"url\":\"https:\/\/cdn-endpoint-hfm.azureedge.net\/heartfailurematters\/2024\/07\/hfm-logo1.jpg\",\"contentUrl\":\"https:\/\/cdn-endpoint-hfm.azureedge.net\/heartfailurematters\/2024\/07\/hfm-logo1.jpg\",\"width\":1280,\"height\":720,\"caption\":\"Heart Failure Matters\"},\"image\":{\"@id\":\"https:\/\/www.heartfailurematters.org\/pt-pt\/#\/schema\/logo\/image\/\"},\"sameAs\":[\"https:\/\/www.facebook.com\/heartfailurematters\"]}]}<\/script>\n<!-- \/ Yoast SEO plugin. -->","yoast_head_json":{"title":"Perguntas a fazer ao m\u00e9dico sobre medica\u00e7\u00e3o insuf. card\u00edaca","description":"Descubra algumas das perguntas importantes que deve fazer ao seu m\u00e9dico sobre os medicamentos para insufici\u00eancia card\u00edaca e respetivo impacto na sa\u00fade.","robots":{"index":"index","follow":"follow","max-snippet":"max-snippet:-1","max-image-preview":"max-image-preview:large","max-video-preview":"max-video-preview:-1"},"canonical":"https:\/\/www.heartfailurematters.org\/pt-pt\/o-que-pode-fazer\/perguntas-para-fazer-ao-medico-enfermeiro-ou-farmaceutico-sobre-os-medicamentos\/","og_locale":"pt_PT","og_type":"article","og_title":"Perguntas a fazer ao m\u00e9dico sobre medica\u00e7\u00e3o insuf. card\u00edaca","og_description":"Descubra algumas das perguntas importantes que deve fazer ao seu m\u00e9dico sobre os medicamentos para insufici\u00eancia card\u00edaca e respetivo impacto na sa\u00fade.","og_url":"https:\/\/www.heartfailurematters.org\/pt-pt\/o-que-pode-fazer\/perguntas-para-fazer-ao-medico-enfermeiro-ou-farmaceutico-sobre-os-medicamentos\/","og_site_name":"Heart Failure Matters","article_publisher":"https:\/\/www.facebook.com\/heartfailurematters","article_modified_time":"2022-01-25T12:54:13+00:00","twitter_card":"summary_large_image","schema":{"@context":"https:\/\/schema.org","@graph":[{"@type":"WebPage","@id":"https:\/\/www.heartfailurematters.org\/pt-pt\/o-que-pode-fazer\/perguntas-para-fazer-ao-medico-enfermeiro-ou-farmaceutico-sobre-os-medicamentos\/","url":"https:\/\/www.heartfailurematters.org\/pt-pt\/o-que-pode-fazer\/perguntas-para-fazer-ao-medico-enfermeiro-ou-farmaceutico-sobre-os-medicamentos\/","name":"Perguntas a fazer ao m\u00e9dico sobre medica\u00e7\u00e3o insuf. card\u00edaca","isPartOf":{"@id":"https:\/\/www.heartfailurematters.org\/pt-pt\/#website"},"datePublished":"2021-01-27T22:06:20+00:00","dateModified":"2022-01-25T12:54:13+00:00","description":"Descubra algumas das perguntas importantes que deve fazer ao seu m\u00e9dico sobre os medicamentos para insufici\u00eancia card\u00edaca e respetivo impacto na sa\u00fade.","breadcrumb":{"@id":"https:\/\/www.heartfailurematters.org\/pt-pt\/o-que-pode-fazer\/perguntas-para-fazer-ao-medico-enfermeiro-ou-farmaceutico-sobre-os-medicamentos\/#breadcrumb"},"inLanguage":"pt-PT","potentialAction":[{"@type":"ReadAction","target":["https:\/\/www.heartfailurematters.org\/pt-pt\/o-que-pode-fazer\/perguntas-para-fazer-ao-medico-enfermeiro-ou-farmaceutico-sobre-os-medicamentos\/"]}]},{"@type":"BreadcrumbList","@id":"https:\/\/www.heartfailurematters.org\/pt-pt\/o-que-pode-fazer\/perguntas-para-fazer-ao-medico-enfermeiro-ou-farmaceutico-sobre-os-medicamentos\/#breadcrumb","itemListElement":[{"@type":"ListItem","position":1,"name":"P\u00e1gina inicial","item":"https:\/\/www.heartfailurematters.org\/pt-pt\/"},{"@type":"ListItem","position":2,"name":"O que pode fazer","item":"https:\/\/www.heartfailurematters.org\/pt-pt\/o-que-pode-fazer\/"},{"@type":"ListItem","position":3,"name":"Perguntas para fazer ao m\u00e9dico, enfermeiro ou farmac\u00eautico sobre os medicamentos"}]},{"@type":"WebSite","@id":"https:\/\/www.heartfailurematters.org\/pt-pt\/#website","url":"https:\/\/www.heartfailurematters.org\/pt-pt\/","name":"Heart Failure Matters","description":"Practical information for patients, families and caregivers.","publisher":{"@id":"https:\/\/www.heartfailurematters.org\/pt-pt\/#organization"},"potentialAction":[{"@type":"SearchAction","target":{"@type":"EntryPoint","urlTemplate":"https:\/\/www.heartfailurematters.org\/pt-pt\/?s={search_term_string}"},"query-input":{"@type":"PropertyValueSpecification","valueRequired":true,"valueName":"search_term_string"}}],"inLanguage":"pt-PT"},{"@type":"Organization","@id":"https:\/\/www.heartfailurematters.org\/pt-pt\/#organization","name":"Heart Failure Matters","url":"https:\/\/www.heartfailurematters.org\/pt-pt\/","logo":{"@type":"ImageObject","inLanguage":"pt-PT","@id":"https:\/\/www.heartfailurematters.org\/pt-pt\/#\/schema\/logo\/image\/","url":"https:\/\/cdn-endpoint-hfm.azureedge.net\/heartfailurematters\/2024\/07\/hfm-logo1.jpg","contentUrl":"https:\/\/cdn-endpoint-hfm.azureedge.net\/heartfailurematters\/2024\/07\/hfm-logo1.jpg","width":1280,"height":720,"caption":"Heart Failure Matters"},"image":{"@id":"https:\/\/www.heartfailurematters.org\/pt-pt\/#\/schema\/logo\/image\/"},"sameAs":["https:\/\/www.facebook.com\/heartfailurematters"]}]}},"_links":{"self":[{"href":"https:\/\/www.heartfailurematters.org\/pt-pt\/wp-json\/wp\/v2\/pages\/2023","targetHints":{"allow":["GET"]}}],"collection":[{"href":"https:\/\/www.heartfailurematters.org\/pt-pt\/wp-json\/wp\/v2\/pages"}],"about":[{"href":"https:\/\/www.heartfailurematters.org\/pt-pt\/wp-json\/wp\/v2\/types\/page"}],"author":[{"embeddable":true,"href":"https:\/\/www.heartfailurematters.org\/pt-pt\/wp-json\/wp\/v2\/users\/1"}],"replies":[{"embeddable":true,"href":"https:\/\/www.heartfailurematters.org\/pt-pt\/wp-json\/wp\/v2\/comments?post=2023"}],"version-history":[{"count":1,"href":"https:\/\/www.heartfailurematters.org\/pt-pt\/wp-json\/wp\/v2\/pages\/2023\/revisions"}],"predecessor-version":[{"id":10428,"href":"https:\/\/www.heartfailurematters.org\/pt-pt\/wp-json\/wp\/v2\/pages\/2023\/revisions\/10428"}],"up":[{"embeddable":true,"href":"https:\/\/www.heartfailurematters.org\/pt-pt\/wp-json\/wp\/v2\/pages\/2718"}],"wp:attachment":[{"href":"https:\/\/www.heartfailurematters.org\/pt-pt\/wp-json\/wp\/v2\/media?parent=2023"}],"wp:term":[{"taxonomy":"category","embeddable":true,"href":"https:\/\/www.heartfailurematters.org\/pt-pt\/wp-json\/wp\/v2\/categories?post=2023"},{"taxonomy":"post_tag","embeddable":true,"href":"https:\/\/www.heartfailurematters.org\/pt-pt\/wp-json\/wp\/v2\/tags?post=2023"}],"curies":[{"name":"wp","href":"https:\/\/api.w.org\/{rel}","templated":true}]}}