{"id":2017,"date":"2021-01-27T22:06:20","date_gmt":"2021-01-27T22:06:20","guid":{"rendered":"http:\/\/heartfailurematters.local:8888\/diureticos\/"},"modified":"2025-12-05T10:19:29","modified_gmt":"2025-12-05T10:19:29","slug":"diureticos","status":"publish","type":"page","link":"https:\/\/www.heartfailurematters.org\/pt-pt\/o-que-o-seu-medico-ou-enfermeiro-pode-fazer\/diureticos\/","title":{"rendered":"Diur\u00e9ticos"},"content":{"rendered":"<table border=\"1\" width=\"100%\" cellspacing=\"0\" cellpadding=\"0\">\n<tbody>\n<tr>\n<td style=\"width: 25%;\"\/>\n<td style=\"width: 75%; vertical-align: middle; text-align: left;\"\/>\n<\/tr>\n<tr>\n<td style=\"width: 25%;\">\n<h2>Anima\u00e7\u00e3o<\/h2>\n<\/td>\n<td style=\"width: 75%; vertical-align: middle; text-align: left;\"\/>\n<\/tr>\n<tr>\n<td style=\"width: 25%;\"><a class=\"lightview\" href=\"https:\/\/www.youtube.com\/embed\/XVb7ykMfR68?hl=en_UK&amp;autoplay=1;&amp;version=3&amp;rel=0&amp;showinfo=0\" data-lightview-title=\"How diuretics work in heart failure\" data-lightview-options=\"width: 620, height: 450\" data-lightview-type=\"iframe\" data-lightview-group=\"journey\"><img decoding=\"async\" class=\"alignnone size-full wp-image-5082\" src=\"https:\/\/cdn-endpoint-hfm.azureedge.net\/heartfailurematters\/2021\/02\/08-animation.jpg\" alt=\"\" width=\"180\" height=\"130\"\/><\/a><\/td>\n<td style=\"width: 75%; vertical-align: middle; text-align: left;\">A anima\u00e7\u00e3o explica o funcionamento<br \/>\ndos diur\u00e9ticos em casos de insufici\u00eancia card\u00edaca<\/td>\n<\/tr>\n<\/tbody>\n<\/table>\n<p>&nbsp;<\/p>\n<h2>O que fazem<\/h2>\n<p>Os <a class=\"addtooltip\" title=\"&lt;div id='ToolTipTextWrap'&gt;Diur\u00e9tico&lt;\/div&gt;&lt;p&gt; Uma classe de medicamentos que atua nos rins para produzir mais urina e reduzir a reten\u00e7\u00e3o de l\u00edquidos e a congest\u00e3o.&lt;\/p&gt;\"><strong>diur\u00e9ticos<\/strong><\/a> ajudam o organismo a eliminar o excesso de l\u00edquidos e ajudam os rins a produzir mais urina. Voc\u00ea vai perceber que urina mais quando toma um diur\u00e9tico, mas isso n\u00e3o \u00e9 motivo de preocupa\u00e7\u00e3o. Pode ser necess\u00e1rio planear viagens de acordo com os hor\u00e1rios dos seus comprimidos ou, por vezes, pode alterar a hora em que toma os comprimidos. Consulte o seu m\u00e9dico ou enfermeiro sobre isso. Livrar-se desse excesso de l\u00edquido reduz o esfor\u00e7o para o cora\u00e7\u00e3o, pois h\u00e1 menos l\u00edquido para bombear pelo organismo. Isto deve aliviar a <a class=\"addtooltip\" title=\"&lt;div id='ToolTipTextWrap'&gt;congest\u00e3o&lt;\/div&gt;&lt;p&gt; Excesso de l\u00edquidos numa parte do corpo.&lt;\/p&gt;\"><strong>congest\u00e3o<\/strong><\/a> nos pulm\u00f5es, o que facilita a respira\u00e7\u00e3o. O incha\u00e7o (<a class=\"addtooltip\" title=\"&lt;div id='ToolTipTextWrap'&gt;edema&lt;\/div&gt;&lt;p&gt; Incha\u00e7o de um tecido causado pela acumula\u00e7\u00e3o de l\u00edquidos e congest\u00e3o.&lt;\/p&gt;\"><strong>Edema<\/strong><\/a>) nas pernas e em outras partes do corpo tamb\u00e9m deve diminuir. Isto pode levar a perda de peso.<\/p>\n<h2>Quais s\u00e3o os benef\u00edcios esperados?<\/h2>\n<p>Os diur\u00e9ticos aliviam os sintomas da insufici\u00eancia card\u00edaca, reduzindo especialmente a falta de ar e o incha\u00e7o provocados pela reten\u00e7\u00e3o de l\u00edquidos.<\/p>\n<h2>Efeitos colaterais<\/h2>\n<p>O uso prolongado de diur\u00e9ticos pode fazer com que perca <a class=\"addtooltip\" title=\"&lt;div id='ToolTipTextWrap'&gt;pot\u00e1ssio&lt;\/div&gt;&lt;p&gt;Um mineral essencial que o organismo necessita para a fun\u00e7\u00e3o celular normal. Os diur\u00e9ticos poder\u00e3o causar perda de pot\u00e1ssio.&lt;\/p&gt;\"><strong>pot\u00e1ssio<\/strong><\/a>, um sal necess\u00e1rio para que o organismo e o cora\u00e7\u00e3o funcionem adequadamente. \u00c9 por isso que o seu m\u00e9dico ir\u00e1 monitorizar os seus n\u00edveis de pot\u00e1ssio com an\u00e1lises ao sangue regulares e poder\u00e1 aconselhar a comer mais <a title=\"alimentos que contenham pot\u00e1ssio\" href=\"https:\/\/www.heartfailurematters.org\/what-you-can-do\/adjusting-your-diet-potassium\/\">alimentos que contenham pot\u00e1ssio<\/a>.<\/p>\n<p>Os diur\u00e9ticos tamb\u00e9m podem fazer com que urine com mais frequ\u00eancia. Se tomar doses muito elevadas de diur\u00e9ticos, pode ficar desidratado(a) e possivelmente sentir tonturas.<\/p>\n<h2>Principais dicas<\/h2>\n<p>\u00c9 boa ideia pesar-se diariamente e anotar o seu peso para mostrar ao seu m\u00e9dico ou enfermeiro. Isto ir\u00e1 ajudar a perceber se est\u00e1 a perder muito ou pouco l\u00edquido, para que possam ajustar a sua dose de diur\u00e9tico, se necess\u00e1rio.<\/p>\n<p>Algumas pessoas acham melhor tomar diur\u00e9ticos de manh\u00e3 para que a necessidade de urinar ocorra principalmente durante o dia. Tom\u00e1-los \u00e0 noite pode interromper o sono.<\/p>\n<h2>Tamb\u00e9m conhecidos como:<\/h2>\n<ul>\n<li><strong>Amilorida<\/strong><br \/>\n(Amilamont\u00ae, Midamor\u00ae)<\/li>\n<li><strong> Bendroflumetiazida \/ bendrofluazida<br \/>\n<\/strong>(Aprinox\u00ae, Neo-NaClex\u00ae)<\/li>\n<li><strong> Bumetanida<br \/>\n<\/strong>(Bumex\u00ae)<\/li>\n<li><strong>Clorotiazida<\/strong><br \/>\n(Diuril\u00ae)<\/li>\n<li><strong>Clortalidona<br \/>\n<\/strong>(Hygroton\u00ae)<\/li>\n<li><strong>Ciclopentiazida<br \/>\n<\/strong>(Navidrex\u00ae)<\/li>\n<li><strong>Eplerenona<br \/>\n<\/strong>(Inspra\u00ae)<\/li>\n<li><strong>Furosemida<br \/>\n<\/strong>(Froop\u00ae, Frusid\u00ae, Rusyde\u00ae, Frusol\u00ae, Lasix\u00ae)<\/li>\n<li><strong>Hidroclorotiazida<\/strong><br \/>\n(HydroDIURIL\u00ae)<\/li>\n<li><strong> Indapamida<br \/>\n<\/strong>(Natrilix\u00ae, Apo-Indapamide \u00ae, Arifon\u00ae, Bajaten \u00ae, Cormil \u00ae, Damide \u00ae, Fludex\u00ae, Gen-Indapamide \u00ae, Idapamide \u00ae, Indaflex \u00ae, Indamol \u00ae, Indapamida \u00ae, Indapamidum \u00ae, Ipamix \u00ae, Lozide \u00ae, Lozol\u00ae, Natrilix\u00ae, Natrix\u00ae, Noranat \u00ae, Novo-Indapamide \u00ae, Nu-Indapamide \u00ae, Pressurai \u00ae, Tandix \u00ae, Tertensif \u00ae, Veroxil \u00ae)<\/li>\n<li><strong>Metolazona<br \/>\n<\/strong>(Metenix\u00ae, Zaroxolyn\u00ae)<\/li>\n<li><strong>Politiazida<br \/>\n<\/strong>(Renese\u00ae, Minizide\u00ae, Nindaxa\u00ae, Natrilix SR\u00ae, Nephril\u00ae)<\/li>\n<li><strong>Espironolactona<br \/>\n<\/strong>(Aldactone\u00ae)<\/li>\n<li><strong>Torsemida\/torasemida<br \/>\n<\/strong>(Demadex\u00ae, Torem\u00ae)<\/li>\n<li><strong>Triantereno<br \/>\n<\/strong>(Dytac\u00ae, Dyrenium\u00ae)<\/li>\n<li><strong>Xipamida<\/strong><br \/>\n(Diurexan\u00ae)<\/li>\n<li><strong>Drogas combinadas<\/strong><br \/>\n(Moduret\u00ae, Amil-Co\u00ae, Moduretic\u00ae, Navispare\u00ae, Frumil LS\u00ae, Froop-Co\u00ae, Fru-Co\u00ae, Aridil\u00ae, Burinex A\u00ae, Triam-Co\u00ae, Dytide\u00ae, Kalspare\u00ae, Frusene\u00ae, Aldactide\u00ae, Lasilactone\u00ae, Burinex K\u00ae, Centyl K\u00ae, Diumide-K\u00ae, Lasikal\u00ae, Neo0NaClex-K\u00ae, Dyazide\u00ae)<\/li>\n<\/ul>\n<p><a title=\"Voltar a Medicamentos para insufici\u00eancia card\u00edaca\" href=\"https:\/\/www.heartfailurematters.org\/what-your-doctor-can-do\/heart-failure-medicines\/\">Voltar a Medicamentos para insufici\u00eancia card\u00edaca<\/a><\/p>\n<p>&nbsp;<\/p>\n","protected":false},"excerpt":{"rendered":"<p>Anima\u00e7\u00e3o A anima\u00e7\u00e3o explica o funcionamento dos diur\u00e9ticos em casos de insufici\u00eancia card\u00edaca &nbsp; O que fazem Os diur\u00e9ticos ajudam o organismo a eliminar o excesso de l\u00edquidos e ajudam os rins a produzir mais urina. Voc\u00ea vai perceber que urina mais quando toma um diur\u00e9tico, mas isso n\u00e3o \u00e9 motivo de preocupa\u00e7\u00e3o. Pode ser [&hellip;]<\/p>\n","protected":false},"author":1,"featured_media":10871,"parent":2682,"menu_order":0,"comment_status":"open","ping_status":"open","template":"","meta":{"_acf_changed":false,"footnotes":""},"categories":[],"tags":[],"class_list":["post-2017","page","type-page","status-publish","has-post-thumbnail","hentry"],"acf":[],"yoast_head":"<!-- This site is optimized with the Yoast SEO plugin v24.8.1 - https:\/\/yoast.com\/wordpress\/plugins\/seo\/ -->\n<title>Diur\u00e9ticos para os doentes com insufici\u00eancia card\u00edaca<\/title>\n<meta name=\"description\" content=\"Os diur\u00e9ticos ajudam os rins a produzir mais urina. Livrar-se desse excesso de l\u00edquido reduz o esfor\u00e7o para o cora\u00e7\u00e3o, pois h\u00e1 menos l\u00edquido para bombear\" \/>\n<meta name=\"robots\" content=\"index, follow, max-snippet:-1, max-image-preview:large, max-video-preview:-1\" \/>\n<link rel=\"canonical\" href=\"https:\/\/www.heartfailurematters.org\/pt-pt\/o-que-o-seu-medico-ou-enfermeiro-pode-fazer\/diureticos\/\" \/>\n<meta property=\"og:locale\" content=\"pt_PT\" \/>\n<meta property=\"og:type\" content=\"article\" \/>\n<meta property=\"og:title\" content=\"Diur\u00e9ticos para os doentes com insufici\u00eancia card\u00edaca\" \/>\n<meta property=\"og:description\" content=\"Os diur\u00e9ticos ajudam os rins a produzir mais urina. Livrar-se desse excesso de l\u00edquido reduz o esfor\u00e7o para o cora\u00e7\u00e3o, pois h\u00e1 menos l\u00edquido para bombear\" \/>\n<meta property=\"og:url\" content=\"https:\/\/www.heartfailurematters.org\/pt-pt\/o-que-o-seu-medico-ou-enfermeiro-pode-fazer\/diureticos\/\" \/>\n<meta property=\"og:site_name\" content=\"Heart Failure Matters\" \/>\n<meta property=\"article:publisher\" content=\"https:\/\/www.facebook.com\/heartfailurematters\" \/>\n<meta property=\"article:modified_time\" content=\"2025-12-05T10:19:29+00:00\" \/>\n<meta property=\"og:image\" content=\"https:\/\/www.heartfailurematters.org\/wp-content\/uploads\/2022\/03\/shutterstock_441673426-1-min.jpg\" \/>\n\t<meta property=\"og:image:width\" content=\"900\" \/>\n\t<meta property=\"og:image:height\" content=\"596\" \/>\n\t<meta property=\"og:image:type\" content=\"image\/jpeg\" \/>\n<meta name=\"twitter:card\" content=\"summary_large_image\" \/>\n<meta name=\"twitter:label1\" content=\"Tempo estimado de leitura\" \/>\n\t<meta name=\"twitter:data1\" content=\"2 minutos\" \/>\n<script type=\"application\/ld+json\" class=\"yoast-schema-graph\">{\"@context\":\"https:\/\/schema.org\",\"@graph\":[{\"@type\":\"WebPage\",\"@id\":\"https:\/\/www.heartfailurematters.org\/pt-pt\/o-que-o-seu-medico-ou-enfermeiro-pode-fazer\/diureticos\/\",\"url\":\"https:\/\/www.heartfailurematters.org\/pt-pt\/o-que-o-seu-medico-ou-enfermeiro-pode-fazer\/diureticos\/\",\"name\":\"Diur\u00e9ticos para os doentes com insufici\u00eancia card\u00edaca\",\"isPartOf\":{\"@id\":\"https:\/\/www.heartfailurematters.org\/pt-pt\/#website\"},\"primaryImageOfPage\":{\"@id\":\"https:\/\/www.heartfailurematters.org\/pt-pt\/o-que-o-seu-medico-ou-enfermeiro-pode-fazer\/diureticos\/#primaryimage\"},\"image\":{\"@id\":\"https:\/\/www.heartfailurematters.org\/pt-pt\/o-que-o-seu-medico-ou-enfermeiro-pode-fazer\/diureticos\/#primaryimage\"},\"thumbnailUrl\":\"https:\/\/www.heartfailurematters.org\/wp-content\/uploads\/2022\/03\/shutterstock_441673426-1-min.jpg\",\"datePublished\":\"2021-01-27T22:06:20+00:00\",\"dateModified\":\"2025-12-05T10:19:29+00:00\",\"description\":\"Os diur\u00e9ticos ajudam os rins a produzir mais urina. Livrar-se desse excesso de l\u00edquido reduz o esfor\u00e7o para o cora\u00e7\u00e3o, pois h\u00e1 menos l\u00edquido para bombear\",\"breadcrumb\":{\"@id\":\"https:\/\/www.heartfailurematters.org\/pt-pt\/o-que-o-seu-medico-ou-enfermeiro-pode-fazer\/diureticos\/#breadcrumb\"},\"inLanguage\":\"pt-PT\",\"potentialAction\":[{\"@type\":\"ReadAction\",\"target\":[\"https:\/\/www.heartfailurematters.org\/pt-pt\/o-que-o-seu-medico-ou-enfermeiro-pode-fazer\/diureticos\/\"]}]},{\"@type\":\"ImageObject\",\"inLanguage\":\"pt-PT\",\"@id\":\"https:\/\/www.heartfailurematters.org\/pt-pt\/o-que-o-seu-medico-ou-enfermeiro-pode-fazer\/diureticos\/#primaryimage\",\"url\":\"https:\/\/www.heartfailurematters.org\/wp-content\/uploads\/2022\/03\/shutterstock_441673426-1-min.jpg\",\"contentUrl\":\"https:\/\/www.heartfailurematters.org\/wp-content\/uploads\/2022\/03\/shutterstock_441673426-1-min.jpg\",\"width\":900,\"height\":596},{\"@type\":\"BreadcrumbList\",\"@id\":\"https:\/\/www.heartfailurematters.org\/pt-pt\/o-que-o-seu-medico-ou-enfermeiro-pode-fazer\/diureticos\/#breadcrumb\",\"itemListElement\":[{\"@type\":\"ListItem\",\"position\":1,\"name\":\"P\u00e1gina inicial\",\"item\":\"https:\/\/www.heartfailurematters.org\/pt-pt\/\"},{\"@type\":\"ListItem\",\"position\":2,\"name\":\"O que o seu m\u00e9dico pode fazer\",\"item\":\"https:\/\/www.heartfailurematters.org\/pt-pt\/o-que-o-seu-medico-ou-enfermeiro-pode-fazer\/\"},{\"@type\":\"ListItem\",\"position\":3,\"name\":\"Diur\u00e9ticos\"}]},{\"@type\":\"WebSite\",\"@id\":\"https:\/\/www.heartfailurematters.org\/pt-pt\/#website\",\"url\":\"https:\/\/www.heartfailurematters.org\/pt-pt\/\",\"name\":\"Heart Failure Matters\",\"description\":\"Practical information for patients, families and caregivers.\",\"publisher\":{\"@id\":\"https:\/\/www.heartfailurematters.org\/pt-pt\/#organization\"},\"potentialAction\":[{\"@type\":\"SearchAction\",\"target\":{\"@type\":\"EntryPoint\",\"urlTemplate\":\"https:\/\/www.heartfailurematters.org\/pt-pt\/?s={search_term_string}\"},\"query-input\":{\"@type\":\"PropertyValueSpecification\",\"valueRequired\":true,\"valueName\":\"search_term_string\"}}],\"inLanguage\":\"pt-PT\"},{\"@type\":\"Organization\",\"@id\":\"https:\/\/www.heartfailurematters.org\/pt-pt\/#organization\",\"name\":\"Heart Failure Matters\",\"url\":\"https:\/\/www.heartfailurematters.org\/pt-pt\/\",\"logo\":{\"@type\":\"ImageObject\",\"inLanguage\":\"pt-PT\",\"@id\":\"https:\/\/www.heartfailurematters.org\/pt-pt\/#\/schema\/logo\/image\/\",\"url\":\"https:\/\/cdn-endpoint-hfm.azureedge.net\/heartfailurematters\/2024\/07\/hfm-logo1.jpg\",\"contentUrl\":\"https:\/\/cdn-endpoint-hfm.azureedge.net\/heartfailurematters\/2024\/07\/hfm-logo1.jpg\",\"width\":1280,\"height\":720,\"caption\":\"Heart Failure Matters\"},\"image\":{\"@id\":\"https:\/\/www.heartfailurematters.org\/pt-pt\/#\/schema\/logo\/image\/\"},\"sameAs\":[\"https:\/\/www.facebook.com\/heartfailurematters\"]}]}<\/script>\n<!-- \/ Yoast SEO plugin. -->","yoast_head_json":{"title":"Diur\u00e9ticos para os doentes com insufici\u00eancia card\u00edaca","description":"Os diur\u00e9ticos ajudam os rins a produzir mais urina. Livrar-se desse excesso de l\u00edquido reduz o esfor\u00e7o para o cora\u00e7\u00e3o, pois h\u00e1 menos l\u00edquido para bombear","robots":{"index":"index","follow":"follow","max-snippet":"max-snippet:-1","max-image-preview":"max-image-preview:large","max-video-preview":"max-video-preview:-1"},"canonical":"https:\/\/www.heartfailurematters.org\/pt-pt\/o-que-o-seu-medico-ou-enfermeiro-pode-fazer\/diureticos\/","og_locale":"pt_PT","og_type":"article","og_title":"Diur\u00e9ticos para os doentes com insufici\u00eancia card\u00edaca","og_description":"Os diur\u00e9ticos ajudam os rins a produzir mais urina. Livrar-se desse excesso de l\u00edquido reduz o esfor\u00e7o para o cora\u00e7\u00e3o, pois h\u00e1 menos l\u00edquido para bombear","og_url":"https:\/\/www.heartfailurematters.org\/pt-pt\/o-que-o-seu-medico-ou-enfermeiro-pode-fazer\/diureticos\/","og_site_name":"Heart Failure Matters","article_publisher":"https:\/\/www.facebook.com\/heartfailurematters","article_modified_time":"2025-12-05T10:19:29+00:00","og_image":[{"width":900,"height":596,"url":"https:\/\/www.heartfailurematters.org\/wp-content\/uploads\/2022\/03\/shutterstock_441673426-1-min.jpg","type":"image\/jpeg"}],"twitter_card":"summary_large_image","twitter_misc":{"Tempo estimado de leitura":"2 minutos"},"schema":{"@context":"https:\/\/schema.org","@graph":[{"@type":"WebPage","@id":"https:\/\/www.heartfailurematters.org\/pt-pt\/o-que-o-seu-medico-ou-enfermeiro-pode-fazer\/diureticos\/","url":"https:\/\/www.heartfailurematters.org\/pt-pt\/o-que-o-seu-medico-ou-enfermeiro-pode-fazer\/diureticos\/","name":"Diur\u00e9ticos para os doentes com insufici\u00eancia card\u00edaca","isPartOf":{"@id":"https:\/\/www.heartfailurematters.org\/pt-pt\/#website"},"primaryImageOfPage":{"@id":"https:\/\/www.heartfailurematters.org\/pt-pt\/o-que-o-seu-medico-ou-enfermeiro-pode-fazer\/diureticos\/#primaryimage"},"image":{"@id":"https:\/\/www.heartfailurematters.org\/pt-pt\/o-que-o-seu-medico-ou-enfermeiro-pode-fazer\/diureticos\/#primaryimage"},"thumbnailUrl":"https:\/\/www.heartfailurematters.org\/wp-content\/uploads\/2022\/03\/shutterstock_441673426-1-min.jpg","datePublished":"2021-01-27T22:06:20+00:00","dateModified":"2025-12-05T10:19:29+00:00","description":"Os diur\u00e9ticos ajudam os rins a produzir mais urina. Livrar-se desse excesso de l\u00edquido reduz o esfor\u00e7o para o cora\u00e7\u00e3o, pois h\u00e1 menos l\u00edquido para bombear","breadcrumb":{"@id":"https:\/\/www.heartfailurematters.org\/pt-pt\/o-que-o-seu-medico-ou-enfermeiro-pode-fazer\/diureticos\/#breadcrumb"},"inLanguage":"pt-PT","potentialAction":[{"@type":"ReadAction","target":["https:\/\/www.heartfailurematters.org\/pt-pt\/o-que-o-seu-medico-ou-enfermeiro-pode-fazer\/diureticos\/"]}]},{"@type":"ImageObject","inLanguage":"pt-PT","@id":"https:\/\/www.heartfailurematters.org\/pt-pt\/o-que-o-seu-medico-ou-enfermeiro-pode-fazer\/diureticos\/#primaryimage","url":"https:\/\/www.heartfailurematters.org\/wp-content\/uploads\/2022\/03\/shutterstock_441673426-1-min.jpg","contentUrl":"https:\/\/www.heartfailurematters.org\/wp-content\/uploads\/2022\/03\/shutterstock_441673426-1-min.jpg","width":900,"height":596},{"@type":"BreadcrumbList","@id":"https:\/\/www.heartfailurematters.org\/pt-pt\/o-que-o-seu-medico-ou-enfermeiro-pode-fazer\/diureticos\/#breadcrumb","itemListElement":[{"@type":"ListItem","position":1,"name":"P\u00e1gina inicial","item":"https:\/\/www.heartfailurematters.org\/pt-pt\/"},{"@type":"ListItem","position":2,"name":"O que o seu m\u00e9dico pode fazer","item":"https:\/\/www.heartfailurematters.org\/pt-pt\/o-que-o-seu-medico-ou-enfermeiro-pode-fazer\/"},{"@type":"ListItem","position":3,"name":"Diur\u00e9ticos"}]},{"@type":"WebSite","@id":"https:\/\/www.heartfailurematters.org\/pt-pt\/#website","url":"https:\/\/www.heartfailurematters.org\/pt-pt\/","name":"Heart Failure Matters","description":"Practical information for patients, families and caregivers.","publisher":{"@id":"https:\/\/www.heartfailurematters.org\/pt-pt\/#organization"},"potentialAction":[{"@type":"SearchAction","target":{"@type":"EntryPoint","urlTemplate":"https:\/\/www.heartfailurematters.org\/pt-pt\/?s={search_term_string}"},"query-input":{"@type":"PropertyValueSpecification","valueRequired":true,"valueName":"search_term_string"}}],"inLanguage":"pt-PT"},{"@type":"Organization","@id":"https:\/\/www.heartfailurematters.org\/pt-pt\/#organization","name":"Heart Failure Matters","url":"https:\/\/www.heartfailurematters.org\/pt-pt\/","logo":{"@type":"ImageObject","inLanguage":"pt-PT","@id":"https:\/\/www.heartfailurematters.org\/pt-pt\/#\/schema\/logo\/image\/","url":"https:\/\/cdn-endpoint-hfm.azureedge.net\/heartfailurematters\/2024\/07\/hfm-logo1.jpg","contentUrl":"https:\/\/cdn-endpoint-hfm.azureedge.net\/heartfailurematters\/2024\/07\/hfm-logo1.jpg","width":1280,"height":720,"caption":"Heart Failure Matters"},"image":{"@id":"https:\/\/www.heartfailurematters.org\/pt-pt\/#\/schema\/logo\/image\/"},"sameAs":["https:\/\/www.facebook.com\/heartfailurematters"]}]}},"_links":{"self":[{"href":"https:\/\/www.heartfailurematters.org\/pt-pt\/wp-json\/wp\/v2\/pages\/2017","targetHints":{"allow":["GET"]}}],"collection":[{"href":"https:\/\/www.heartfailurematters.org\/pt-pt\/wp-json\/wp\/v2\/pages"}],"about":[{"href":"https:\/\/www.heartfailurematters.org\/pt-pt\/wp-json\/wp\/v2\/types\/page"}],"author":[{"embeddable":true,"href":"https:\/\/www.heartfailurematters.org\/pt-pt\/wp-json\/wp\/v2\/users\/1"}],"replies":[{"embeddable":true,"href":"https:\/\/www.heartfailurematters.org\/pt-pt\/wp-json\/wp\/v2\/comments?post=2017"}],"version-history":[{"count":3,"href":"https:\/\/www.heartfailurematters.org\/pt-pt\/wp-json\/wp\/v2\/pages\/2017\/revisions"}],"predecessor-version":[{"id":13682,"href":"https:\/\/www.heartfailurematters.org\/pt-pt\/wp-json\/wp\/v2\/pages\/2017\/revisions\/13682"}],"up":[{"embeddable":true,"href":"https:\/\/www.heartfailurematters.org\/pt-pt\/wp-json\/wp\/v2\/pages\/2682"}],"wp:featuredmedia":[{"embeddable":true,"href":"https:\/\/www.heartfailurematters.org\/pt-pt\/wp-json\/wp\/v2\/media\/10871"}],"wp:attachment":[{"href":"https:\/\/www.heartfailurematters.org\/pt-pt\/wp-json\/wp\/v2\/media?parent=2017"}],"wp:term":[{"taxonomy":"category","embeddable":true,"href":"https:\/\/www.heartfailurematters.org\/pt-pt\/wp-json\/wp\/v2\/categories?post=2017"},{"taxonomy":"post_tag","embeddable":true,"href":"https:\/\/www.heartfailurematters.org\/pt-pt\/wp-json\/wp\/v2\/tags?post=2017"}],"curies":[{"name":"wp","href":"https:\/\/api.w.org\/{rel}","templated":true}]}}