{"id":2015,"date":"2021-01-27T22:06:20","date_gmt":"2021-01-27T22:06:20","guid":{"rendered":"http:\/\/heartfailurematters.local:8888\/medicamentos-para-a-insuficiencia-cardiaca\/"},"modified":"2025-12-05T10:19:21","modified_gmt":"2025-12-05T10:19:21","slug":"medicamentos-para-a-insuficiencia-cardiaca","status":"publish","type":"page","link":"https:\/\/www.heartfailurematters.org\/pt-pt\/o-que-o-seu-medico-ou-enfermeiro-pode-fazer\/medicamentos-para-a-insuficiencia-cardiaca\/","title":{"rendered":"Medicamentos para insufici\u00eancia card\u00edaca"},"content":{"rendered":"<p>Abaixo encontrar\u00e1 um guia com os diferentes medicamentos para a insufici\u00eancia card\u00edaca que est\u00e3o dispon\u00edveis. A maioria dos pacientes gosta de saber por que tem de tomar um determinado medicamento, os seus benef\u00edcios e efeitos secund\u00e1rios, em que dose e em que momentos. Assim, \u00e9 importante que fale com o seu profissional de sa\u00fade sobre eventuais preocupa\u00e7\u00f5es ou d\u00favidas que tenha sobre os seus medicamentos para insufici\u00eancia card\u00edaca. A maioria das pessoas com insufici\u00eancia card\u00edaca ir\u00e1 precisar de continuar com essa medica\u00e7\u00e3o para o resto da vida.<\/p>\n<p>Existem alguns medicamentos importantes para a insufici\u00eancia card\u00edaca que est\u00e3o dispon\u00edveis atualmente. Estes podem ajudar a manter os seus sintomas sob controle, melhorar a sua qualidade de vida e fazer com que viva mais tempo. Alguns desses medicamentos t\u00eam efeitos secund\u00e1rios, mas, de um modo geral, os benef\u00edcios ultrapassam largamente os problemas. Se for dif\u00edcil tomar um dos seus medicamentos devido aos efeitos secund\u00e1rios, \u00e9 importante falar com o seu m\u00e9dico ou farmac\u00eautico para que o(a) ajude. N\u00e3o deixe de tomar os seus medicamentos nem ajuste as doses por decis\u00e3o pr\u00f3pria. O seu m\u00e9dico pode trabalhar consigo para encontrar uma dose ou um medicamento mais adequado. Em muitos doentes, os efeitos secund\u00e1rios iniciais dos medicamentos para insufici\u00eancia card\u00edaca desaparecem rapidamente ou melhoram ap\u00f3s algum tempo. Por isso, \u00e9 essencial continuar o tratamento e procurar a ajuda do seu m\u00e9dico ou enfermeiro.<\/p>\n<p>Nem todos os medicamentos s\u00e3o necess\u00e1rios para todas as pessoas com insufici\u00eancia card\u00edaca. Os medicamentos certos para voc\u00ea depender\u00e3o dos seus sintomas, tipo de insufici\u00eancia card\u00edaca, sa\u00fade geral e estilo de vida. O seu m\u00e9dico tamb\u00e9m ir\u00e1 considerar quaisquer outros problemas m\u00e9dicos que tenha e que possam afetar o seu tratamento. Contudo, \u00e9 muito importante que tome os seus medicamentos exatamente como foram receitados, uma vez que isso ir\u00e1 garantir que o medicamento funcione. Para que obtenha os melhores efeitos, alguns medicamentos t\u00eam de ser administrados na dose ideal, o que normalmente significa que a dose dos comprimidos deve ser aumentada ao longo do tempo. Isto \u00e9 designado de titula\u00e7\u00e3o, que significa aumentar gradualmente a dose do medicamento. Os resultados da press\u00e3o arterial, frequ\u00eancia card\u00edaca e an\u00e1lises ao sangue podem precisar de uma monitoriza\u00e7\u00e3o mais cuidadosa durante os per\u00edodos em que a medica\u00e7\u00e3o \u00e9 alterada: o seu m\u00e9dico ou enfermeiro poder\u00e3o aconselhar sobre isso. As medica\u00e7\u00f5es para insufici\u00eancia card\u00edaca funcionam de maneiras diferentes, ent\u00e3o \u00e9 prov\u00e1vel que precise de mais de um medicamento de cada vez. H\u00e1 muitas evid\u00eancias que mostram que a combina\u00e7\u00e3o de comprimidos para insufici\u00eancia card\u00edaca pode melhorar os seus sintomas, reduzir o risco de internamento hospitalar com insufici\u00eancia card\u00edaca e ajudar a viver mais tempo. Fazer uma anota\u00e7\u00e3o ou um gr\u00e1fico pode ajudar a controlar o rem\u00e9dios que toma. Veja algumas ferramentas \u00fateis na p\u00e1gina inicial deste site.<\/p>\n<p>Clique em qualquer uma das liga\u00e7\u00f5es abaixo para saber mais sobre os diferentes grupos de medicamentos para insufici\u00eancia card\u00edaca dispon\u00edveis:<\/p>\n<p>Descarregar a ferramenta &#8220;<a href=\"\/wp-content\/uploads\/2021\/02\/Medicine_chart_EN.pdf\" target=\"_blank\" rel=\"noopener\">Tabela de Medicamentos<\/a>&#8220;.<\/p>\n<h2>Lista de medicamentos<\/h2>\n<ul>\n<li><a title=\"Diur\u00e9ticos\" href=\"https:\/\/www.heartfailurematters.org\/what-your-doctor-can-do\/diuretics\/\">Diur\u00e9ticos<\/a><\/li>\n<li><a title=\"Inibidores da ECA (enzima conversora da angiotensina)\" href=\"https:\/\/www.heartfailurematters.org\/what-your-doctor-can-do\/ace-angiotensin-converting-enzyme-inhibitors\/\">Inibidores da ECA (enzima conversora da angiotensina)<\/a><\/li>\n<li><a title=\"ARA (antagonistas dos recetores da angiotensina II)\" href=\"https:\/\/www.heartfailurematters.org\/what-your-doctor-can-do\/arbs-angiotensin-ii-receptor-blockers\/\">ARA (antagonistas dos recetores da angiotensina II)<\/a><\/li>\n<li><a href=\"https:\/\/www.heartfailurematters.org\/what-your-doctor-can-do\/angiotensin-receptor-neprilysin-inhibitor-arni-sacubitril-valsartan\/\">ARNI (recetor da angiotensina \u2013 inibidores da neprilisina)<\/a><\/li>\n<li><a title=\"Betabloqueadores\" href=\"https:\/\/www.heartfailurematters.org\/what-your-doctor-can-do\/beta-blockers\/\">Betabloqueadores<\/a><\/li>\n<li><a title=\"Antagonistas dos recetores da aldosterona\" href=\"https:\/\/www.heartfailurematters.org\/what-your-doctor-can-do\/aldosterone-receptor-antagonists-or-mineralocorticoid-receptor-antagonist-mras\/\">Antagonistas dos recetores da aldosterona<\/a><\/li>\n<li><a title=\"SGLT2 (Sodium Glucose Cotransporter 2) inhibitors\" href=\"https:\/\/www.heartfailurematters.org\/what-your-doctor-can-do\/sglt2-sodium-glucose-cotransporter-2-inhibitors\/\">SGLT2 (Sodium Glucose Cotransporter 2) inhibitors<\/a><\/li>\n<li><a title=\"Inibidores dos n\u00f3s sinusais\" href=\"https:\/\/www.heartfailurematters.org\/what-your-doctor-can-do\/sinus-node-inhibitors\/\">Inibidores dos n\u00f3s sinusais<\/a><\/li>\n<li><a title=\"Ferro intravenoso\" href=\"https:\/\/www.heartfailurematters.org\/what-your-doctor-can-do\/iron-therapy-in-patients-with-heart-failure-and-iron-deficiency\/\">Ferro intravenoso<\/a><\/li>\n<li><a title=\"Estimuladores de GCs\" href=\"https:\/\/www.heartfailurematters.org\/what-your-doctor-can-do\/sgc-stimulators\/\">Estimuladores de GCs<\/a><\/li>\n<li><a title=\"Vasodilatadores\" href=\"https:\/\/www.heartfailurematters.org\/what-your-doctor-can-do\/nitrates-vasodilators\/\">Nitratos\/Vasodilatadores<\/a><\/li>\n<li><a title=\"Prepara\u00e7\u00f5es de digit\u00e1licos\" href=\"https:\/\/www.heartfailurematters.org\/what-your-doctor-can-do\/digitalis\/\">Digit\u00e1licos<\/a><\/li>\n<li><a title=\"Anticoagulantes\" href=\"https:\/\/www.heartfailurematters.org\/what-your-doctor-can-do\/anticoagulants-and-new-oral-anticoagulants\/\">Anticoagulantes, incluindo novos anticoagulantes orais (NOAC)<\/a><\/li>\n<li><a href=\"https:\/\/www.heartfailurematters.org\/what-your-doctor-can-do\/antiplatelet-treatment\/\">Inibidores de plaquetas<\/a><\/li>\n<li><a title=\"Estatinas\" href=\"https:\/\/www.heartfailurematters.org\/what-your-doctor-can-do\/statins\/\">Estatinas<\/a><\/li>\n<li><a title=\"Medicamentos para insufici\u00eancia card\u00edaca grave\" href=\"https:\/\/www.heartfailurematters.org\/what-your-doctor-can-do\/medicines-for-acute-heart-failure\/\">Medicamentos para insufici\u00eancia card\u00edaca grave<\/a><\/li>\n<\/ul>\n<p>&nbsp;<\/p>\n<h2>Conselhos<\/h2>\n<ul>\n<li><a title=\"Tabela de medicamentos\" href=\"https:\/\/www.heartfailurematters.org\/what-your-doctor-can-do\/medicine-chart\/\">Tabela de medicamentos<\/a><\/li>\n<li><a title=\"A import\u00e2ncia de tomar os seus medicamentos\" href=\"https:\/\/www.heartfailurematters.org\/what-your-doctor-can-do\/the-importance-of-taking-your-medicines\/\">A import\u00e2ncia de tomar os seus medicamentos<\/a><\/li>\n<li><a title=\"Perguntas a fazer ao seu m\u00e9dico, farmac\u00eautico ou enfermeiro sobre os seus medicamentos\" href=\"https:\/\/www.heartfailurematters.org\/what-your-doctor-can-do\/questions-to-ask-your-doctor-pharmacist-or-nurse-about-your-medicines\/\">Perguntas a fazer ao seu m\u00e9dico, farmac\u00eautico ou enfermeiro sobre os seus medicamentos<\/a><\/li>\n<li><a title=\"E quanto aos rem\u00e9dios alternativos\/naturais?\" href=\"https:\/\/www.heartfailurematters.org\/what-your-doctor-can-do\/what-about-alternative-or-natural-remedies\/\">E quanto aos rem\u00e9dios alternativos\/naturais?<\/a><\/li>\n<\/ul>\n","protected":false},"excerpt":{"rendered":"<p>Abaixo encontrar\u00e1 um guia com os diferentes medicamentos para a insufici\u00eancia card\u00edaca que est\u00e3o dispon\u00edveis. A maioria dos pacientes gosta de saber por que tem de tomar um determinado medicamento, os seus benef\u00edcios e efeitos secund\u00e1rios, em que dose e em que momentos. Assim, \u00e9 importante que fale com o seu profissional de sa\u00fade sobre [&hellip;]<\/p>\n","protected":false},"author":1,"featured_media":10871,"parent":2682,"menu_order":5,"comment_status":"open","ping_status":"closed","template":"","meta":{"_acf_changed":false,"footnotes":""},"categories":[147],"tags":[],"class_list":["post-2015","page","type-page","status-publish","has-post-thumbnail","hentry","category-what-can-your-doctor-do-pt"],"acf":[],"yoast_head":"<!-- This site is optimized with the Yoast SEO plugin v24.8.1 - https:\/\/yoast.com\/wordpress\/plugins\/seo\/ -->\n<title>Medicamentos para insufici\u00eancia card\u00edaca e efeitos colaterais<\/title>\n<meta name=\"description\" content=\"Fornecemos um guia para os tipos de medicamentos dispon\u00edveis para insufici\u00eancia card\u00edaca. \u00c9 importante que fale com o seu m\u00e9dico sobre preocupa\u00e7\u00f5es ou d\u00favidas que tenha.\" \/>\n<meta name=\"robots\" content=\"index, follow, max-snippet:-1, max-image-preview:large, max-video-preview:-1\" \/>\n<link rel=\"canonical\" href=\"https:\/\/www.heartfailurematters.org\/pt-pt\/o-que-o-seu-medico-ou-enfermeiro-pode-fazer\/medicamentos-para-a-insuficiencia-cardiaca\/\" \/>\n<meta property=\"og:locale\" content=\"pt_PT\" \/>\n<meta property=\"og:type\" content=\"article\" \/>\n<meta property=\"og:title\" content=\"Medicamentos para insufici\u00eancia card\u00edaca e efeitos colaterais\" \/>\n<meta property=\"og:description\" content=\"Fornecemos um guia para os tipos de medicamentos dispon\u00edveis para insufici\u00eancia card\u00edaca. \u00c9 importante que fale com o seu m\u00e9dico sobre preocupa\u00e7\u00f5es ou d\u00favidas que tenha.\" \/>\n<meta property=\"og:url\" content=\"https:\/\/www.heartfailurematters.org\/pt-pt\/o-que-o-seu-medico-ou-enfermeiro-pode-fazer\/medicamentos-para-a-insuficiencia-cardiaca\/\" \/>\n<meta property=\"og:site_name\" content=\"Heart Failure Matters\" \/>\n<meta property=\"article:publisher\" content=\"https:\/\/www.facebook.com\/heartfailurematters\" \/>\n<meta property=\"article:modified_time\" content=\"2025-12-05T10:19:21+00:00\" \/>\n<meta property=\"og:image\" content=\"https:\/\/www.heartfailurematters.org\/wp-content\/uploads\/2022\/03\/shutterstock_441673426-1-min.jpg\" \/>\n\t<meta property=\"og:image:width\" content=\"900\" \/>\n\t<meta property=\"og:image:height\" content=\"596\" \/>\n\t<meta property=\"og:image:type\" content=\"image\/jpeg\" \/>\n<meta name=\"twitter:card\" content=\"summary_large_image\" \/>\n<meta name=\"twitter:label1\" content=\"Tempo estimado de leitura\" \/>\n\t<meta name=\"twitter:data1\" content=\"2 minutos\" \/>\n<script type=\"application\/ld+json\" class=\"yoast-schema-graph\">{\"@context\":\"https:\/\/schema.org\",\"@graph\":[{\"@type\":\"WebPage\",\"@id\":\"https:\/\/www.heartfailurematters.org\/pt-pt\/o-que-o-seu-medico-ou-enfermeiro-pode-fazer\/medicamentos-para-a-insuficiencia-cardiaca\/\",\"url\":\"https:\/\/www.heartfailurematters.org\/pt-pt\/o-que-o-seu-medico-ou-enfermeiro-pode-fazer\/medicamentos-para-a-insuficiencia-cardiaca\/\",\"name\":\"Medicamentos para insufici\u00eancia card\u00edaca e efeitos colaterais\",\"isPartOf\":{\"@id\":\"https:\/\/www.heartfailurematters.org\/pt-pt\/#website\"},\"primaryImageOfPage\":{\"@id\":\"https:\/\/www.heartfailurematters.org\/pt-pt\/o-que-o-seu-medico-ou-enfermeiro-pode-fazer\/medicamentos-para-a-insuficiencia-cardiaca\/#primaryimage\"},\"image\":{\"@id\":\"https:\/\/www.heartfailurematters.org\/pt-pt\/o-que-o-seu-medico-ou-enfermeiro-pode-fazer\/medicamentos-para-a-insuficiencia-cardiaca\/#primaryimage\"},\"thumbnailUrl\":\"https:\/\/www.heartfailurematters.org\/wp-content\/uploads\/2022\/03\/shutterstock_441673426-1-min.jpg\",\"datePublished\":\"2021-01-27T22:06:20+00:00\",\"dateModified\":\"2025-12-05T10:19:21+00:00\",\"description\":\"Fornecemos um guia para os tipos de medicamentos dispon\u00edveis para insufici\u00eancia card\u00edaca. \u00c9 importante que fale com o seu m\u00e9dico sobre preocupa\u00e7\u00f5es ou d\u00favidas que tenha.\",\"breadcrumb\":{\"@id\":\"https:\/\/www.heartfailurematters.org\/pt-pt\/o-que-o-seu-medico-ou-enfermeiro-pode-fazer\/medicamentos-para-a-insuficiencia-cardiaca\/#breadcrumb\"},\"inLanguage\":\"pt-PT\",\"potentialAction\":[{\"@type\":\"ReadAction\",\"target\":[\"https:\/\/www.heartfailurematters.org\/pt-pt\/o-que-o-seu-medico-ou-enfermeiro-pode-fazer\/medicamentos-para-a-insuficiencia-cardiaca\/\"]}]},{\"@type\":\"ImageObject\",\"inLanguage\":\"pt-PT\",\"@id\":\"https:\/\/www.heartfailurematters.org\/pt-pt\/o-que-o-seu-medico-ou-enfermeiro-pode-fazer\/medicamentos-para-a-insuficiencia-cardiaca\/#primaryimage\",\"url\":\"https:\/\/www.heartfailurematters.org\/wp-content\/uploads\/2022\/03\/shutterstock_441673426-1-min.jpg\",\"contentUrl\":\"https:\/\/www.heartfailurematters.org\/wp-content\/uploads\/2022\/03\/shutterstock_441673426-1-min.jpg\",\"width\":900,\"height\":596},{\"@type\":\"BreadcrumbList\",\"@id\":\"https:\/\/www.heartfailurematters.org\/pt-pt\/o-que-o-seu-medico-ou-enfermeiro-pode-fazer\/medicamentos-para-a-insuficiencia-cardiaca\/#breadcrumb\",\"itemListElement\":[{\"@type\":\"ListItem\",\"position\":1,\"name\":\"P\u00e1gina inicial\",\"item\":\"https:\/\/www.heartfailurematters.org\/pt-pt\/\"},{\"@type\":\"ListItem\",\"position\":2,\"name\":\"O que o seu m\u00e9dico pode fazer\",\"item\":\"https:\/\/www.heartfailurematters.org\/pt-pt\/o-que-o-seu-medico-ou-enfermeiro-pode-fazer\/\"},{\"@type\":\"ListItem\",\"position\":3,\"name\":\"Medicamentos para insufici\u00eancia card\u00edaca\"}]},{\"@type\":\"WebSite\",\"@id\":\"https:\/\/www.heartfailurematters.org\/pt-pt\/#website\",\"url\":\"https:\/\/www.heartfailurematters.org\/pt-pt\/\",\"name\":\"Heart Failure Matters\",\"description\":\"Practical information for patients, families and caregivers.\",\"publisher\":{\"@id\":\"https:\/\/www.heartfailurematters.org\/pt-pt\/#organization\"},\"potentialAction\":[{\"@type\":\"SearchAction\",\"target\":{\"@type\":\"EntryPoint\",\"urlTemplate\":\"https:\/\/www.heartfailurematters.org\/pt-pt\/?s={search_term_string}\"},\"query-input\":{\"@type\":\"PropertyValueSpecification\",\"valueRequired\":true,\"valueName\":\"search_term_string\"}}],\"inLanguage\":\"pt-PT\"},{\"@type\":\"Organization\",\"@id\":\"https:\/\/www.heartfailurematters.org\/pt-pt\/#organization\",\"name\":\"Heart Failure Matters\",\"url\":\"https:\/\/www.heartfailurematters.org\/pt-pt\/\",\"logo\":{\"@type\":\"ImageObject\",\"inLanguage\":\"pt-PT\",\"@id\":\"https:\/\/www.heartfailurematters.org\/pt-pt\/#\/schema\/logo\/image\/\",\"url\":\"https:\/\/cdn-endpoint-hfm.azureedge.net\/heartfailurematters\/2024\/07\/hfm-logo1.jpg\",\"contentUrl\":\"https:\/\/cdn-endpoint-hfm.azureedge.net\/heartfailurematters\/2024\/07\/hfm-logo1.jpg\",\"width\":1280,\"height\":720,\"caption\":\"Heart Failure Matters\"},\"image\":{\"@id\":\"https:\/\/www.heartfailurematters.org\/pt-pt\/#\/schema\/logo\/image\/\"},\"sameAs\":[\"https:\/\/www.facebook.com\/heartfailurematters\"]}]}<\/script>\n<!-- \/ Yoast SEO plugin. -->","yoast_head_json":{"title":"Medicamentos para insufici\u00eancia card\u00edaca e efeitos colaterais","description":"Fornecemos um guia para os tipos de medicamentos dispon\u00edveis para insufici\u00eancia card\u00edaca. \u00c9 importante que fale com o seu m\u00e9dico sobre preocupa\u00e7\u00f5es ou d\u00favidas que tenha.","robots":{"index":"index","follow":"follow","max-snippet":"max-snippet:-1","max-image-preview":"max-image-preview:large","max-video-preview":"max-video-preview:-1"},"canonical":"https:\/\/www.heartfailurematters.org\/pt-pt\/o-que-o-seu-medico-ou-enfermeiro-pode-fazer\/medicamentos-para-a-insuficiencia-cardiaca\/","og_locale":"pt_PT","og_type":"article","og_title":"Medicamentos para insufici\u00eancia card\u00edaca e efeitos colaterais","og_description":"Fornecemos um guia para os tipos de medicamentos dispon\u00edveis para insufici\u00eancia card\u00edaca. \u00c9 importante que fale com o seu m\u00e9dico sobre preocupa\u00e7\u00f5es ou d\u00favidas que tenha.","og_url":"https:\/\/www.heartfailurematters.org\/pt-pt\/o-que-o-seu-medico-ou-enfermeiro-pode-fazer\/medicamentos-para-a-insuficiencia-cardiaca\/","og_site_name":"Heart Failure Matters","article_publisher":"https:\/\/www.facebook.com\/heartfailurematters","article_modified_time":"2025-12-05T10:19:21+00:00","og_image":[{"width":900,"height":596,"url":"https:\/\/www.heartfailurematters.org\/wp-content\/uploads\/2022\/03\/shutterstock_441673426-1-min.jpg","type":"image\/jpeg"}],"twitter_card":"summary_large_image","twitter_misc":{"Tempo estimado de leitura":"2 minutos"},"schema":{"@context":"https:\/\/schema.org","@graph":[{"@type":"WebPage","@id":"https:\/\/www.heartfailurematters.org\/pt-pt\/o-que-o-seu-medico-ou-enfermeiro-pode-fazer\/medicamentos-para-a-insuficiencia-cardiaca\/","url":"https:\/\/www.heartfailurematters.org\/pt-pt\/o-que-o-seu-medico-ou-enfermeiro-pode-fazer\/medicamentos-para-a-insuficiencia-cardiaca\/","name":"Medicamentos para insufici\u00eancia card\u00edaca e efeitos colaterais","isPartOf":{"@id":"https:\/\/www.heartfailurematters.org\/pt-pt\/#website"},"primaryImageOfPage":{"@id":"https:\/\/www.heartfailurematters.org\/pt-pt\/o-que-o-seu-medico-ou-enfermeiro-pode-fazer\/medicamentos-para-a-insuficiencia-cardiaca\/#primaryimage"},"image":{"@id":"https:\/\/www.heartfailurematters.org\/pt-pt\/o-que-o-seu-medico-ou-enfermeiro-pode-fazer\/medicamentos-para-a-insuficiencia-cardiaca\/#primaryimage"},"thumbnailUrl":"https:\/\/www.heartfailurematters.org\/wp-content\/uploads\/2022\/03\/shutterstock_441673426-1-min.jpg","datePublished":"2021-01-27T22:06:20+00:00","dateModified":"2025-12-05T10:19:21+00:00","description":"Fornecemos um guia para os tipos de medicamentos dispon\u00edveis para insufici\u00eancia card\u00edaca. \u00c9 importante que fale com o seu m\u00e9dico sobre preocupa\u00e7\u00f5es ou d\u00favidas que tenha.","breadcrumb":{"@id":"https:\/\/www.heartfailurematters.org\/pt-pt\/o-que-o-seu-medico-ou-enfermeiro-pode-fazer\/medicamentos-para-a-insuficiencia-cardiaca\/#breadcrumb"},"inLanguage":"pt-PT","potentialAction":[{"@type":"ReadAction","target":["https:\/\/www.heartfailurematters.org\/pt-pt\/o-que-o-seu-medico-ou-enfermeiro-pode-fazer\/medicamentos-para-a-insuficiencia-cardiaca\/"]}]},{"@type":"ImageObject","inLanguage":"pt-PT","@id":"https:\/\/www.heartfailurematters.org\/pt-pt\/o-que-o-seu-medico-ou-enfermeiro-pode-fazer\/medicamentos-para-a-insuficiencia-cardiaca\/#primaryimage","url":"https:\/\/www.heartfailurematters.org\/wp-content\/uploads\/2022\/03\/shutterstock_441673426-1-min.jpg","contentUrl":"https:\/\/www.heartfailurematters.org\/wp-content\/uploads\/2022\/03\/shutterstock_441673426-1-min.jpg","width":900,"height":596},{"@type":"BreadcrumbList","@id":"https:\/\/www.heartfailurematters.org\/pt-pt\/o-que-o-seu-medico-ou-enfermeiro-pode-fazer\/medicamentos-para-a-insuficiencia-cardiaca\/#breadcrumb","itemListElement":[{"@type":"ListItem","position":1,"name":"P\u00e1gina inicial","item":"https:\/\/www.heartfailurematters.org\/pt-pt\/"},{"@type":"ListItem","position":2,"name":"O que o seu m\u00e9dico pode fazer","item":"https:\/\/www.heartfailurematters.org\/pt-pt\/o-que-o-seu-medico-ou-enfermeiro-pode-fazer\/"},{"@type":"ListItem","position":3,"name":"Medicamentos para insufici\u00eancia card\u00edaca"}]},{"@type":"WebSite","@id":"https:\/\/www.heartfailurematters.org\/pt-pt\/#website","url":"https:\/\/www.heartfailurematters.org\/pt-pt\/","name":"Heart Failure Matters","description":"Practical information for patients, families and caregivers.","publisher":{"@id":"https:\/\/www.heartfailurematters.org\/pt-pt\/#organization"},"potentialAction":[{"@type":"SearchAction","target":{"@type":"EntryPoint","urlTemplate":"https:\/\/www.heartfailurematters.org\/pt-pt\/?s={search_term_string}"},"query-input":{"@type":"PropertyValueSpecification","valueRequired":true,"valueName":"search_term_string"}}],"inLanguage":"pt-PT"},{"@type":"Organization","@id":"https:\/\/www.heartfailurematters.org\/pt-pt\/#organization","name":"Heart Failure Matters","url":"https:\/\/www.heartfailurematters.org\/pt-pt\/","logo":{"@type":"ImageObject","inLanguage":"pt-PT","@id":"https:\/\/www.heartfailurematters.org\/pt-pt\/#\/schema\/logo\/image\/","url":"https:\/\/cdn-endpoint-hfm.azureedge.net\/heartfailurematters\/2024\/07\/hfm-logo1.jpg","contentUrl":"https:\/\/cdn-endpoint-hfm.azureedge.net\/heartfailurematters\/2024\/07\/hfm-logo1.jpg","width":1280,"height":720,"caption":"Heart Failure Matters"},"image":{"@id":"https:\/\/www.heartfailurematters.org\/pt-pt\/#\/schema\/logo\/image\/"},"sameAs":["https:\/\/www.facebook.com\/heartfailurematters"]}]}},"_links":{"self":[{"href":"https:\/\/www.heartfailurematters.org\/pt-pt\/wp-json\/wp\/v2\/pages\/2015","targetHints":{"allow":["GET"]}}],"collection":[{"href":"https:\/\/www.heartfailurematters.org\/pt-pt\/wp-json\/wp\/v2\/pages"}],"about":[{"href":"https:\/\/www.heartfailurematters.org\/pt-pt\/wp-json\/wp\/v2\/types\/page"}],"author":[{"embeddable":true,"href":"https:\/\/www.heartfailurematters.org\/pt-pt\/wp-json\/wp\/v2\/users\/1"}],"replies":[{"embeddable":true,"href":"https:\/\/www.heartfailurematters.org\/pt-pt\/wp-json\/wp\/v2\/comments?post=2015"}],"version-history":[{"count":4,"href":"https:\/\/www.heartfailurematters.org\/pt-pt\/wp-json\/wp\/v2\/pages\/2015\/revisions"}],"predecessor-version":[{"id":13662,"href":"https:\/\/www.heartfailurematters.org\/pt-pt\/wp-json\/wp\/v2\/pages\/2015\/revisions\/13662"}],"up":[{"embeddable":true,"href":"https:\/\/www.heartfailurematters.org\/pt-pt\/wp-json\/wp\/v2\/pages\/2682"}],"wp:featuredmedia":[{"embeddable":true,"href":"https:\/\/www.heartfailurematters.org\/pt-pt\/wp-json\/wp\/v2\/media\/10871"}],"wp:attachment":[{"href":"https:\/\/www.heartfailurematters.org\/pt-pt\/wp-json\/wp\/v2\/media?parent=2015"}],"wp:term":[{"taxonomy":"category","embeddable":true,"href":"https:\/\/www.heartfailurematters.org\/pt-pt\/wp-json\/wp\/v2\/categories?post=2015"},{"taxonomy":"post_tag","embeddable":true,"href":"https:\/\/www.heartfailurematters.org\/pt-pt\/wp-json\/wp\/v2\/tags?post=2015"}],"curies":[{"name":"wp","href":"https:\/\/api.w.org\/{rel}","templated":true}]}}