{"id":2006,"date":"2021-01-27T22:06:13","date_gmt":"2021-01-27T22:06:13","guid":{"rendered":"http:\/\/heartfailurematters.local:8888\/ligacoes-uteis\/"},"modified":"2026-03-17T10:27:20","modified_gmt":"2026-03-17T10:27:20","slug":"ligacoes-uteis","status":"publish","type":"page","link":"https:\/\/www.heartfailurematters.org\/pt-pt\/ligacoes-uteis\/","title":{"rendered":"Liga\u00e7\u00f5es \u00fateis"},"content":{"rendered":"<p><strong>Sociedades nacionais<\/strong><\/p>\n<p><a href=\"http:\/\/www.atcardio.at\/\" target=\"_blank\" rel=\"noopener\" shape=\"rect\">Austrian Society of Cardiology<\/a><br \/>\n<a href=\"http:\/\/www.liguecardiologique.be\/\" target=\"_blank\" rel=\"noopener\" shape=\"rect\">Belgian Heart League<\/a><br \/>\n<a href=\"http:\/\/www.bscardio.be\/Generic\/jsp\/index.jsp\" target=\"_blank\" rel=\"noopener\" shape=\"rect\">Belgian Society of Cardiology<\/a><br \/>\n<a href=\"http:\/\/www.ukbih.com\/\" target=\"_blank\" rel=\"noopener\" shape=\"rect\">Association of Cardiologists of Bosnia &amp; Herzegovina<\/a><br \/>\n<a href=\"http:\/\/www.bcs.com\/pages\/default.asp\" target=\"_blank\" rel=\"noopener\" shape=\"rect\">British Cardiovascular Society<\/a><br \/>\n<a href=\"http:\/\/www.cardiobg.com\/\" target=\"_blank\" rel=\"noopener\" shape=\"rect\">Bulgarian Society of Cardiology<\/a><br \/>\n<a href=\"http:\/\/www.kardio.hr\/\" target=\"_blank\" rel=\"noopener\" shape=\"rect\">Croatian Cardiac Society<\/a><br \/>\n<a href=\"http:\/\/www.heartfoundation.org.cy\/\" target=\"_blank\" rel=\"noopener\" shape=\"rect\">Cyprus Heart Foundation<\/a><br \/>\n<a href=\"http:\/\/www.cardio.cz\/\" target=\"_blank\" rel=\"noopener\" shape=\"rect\">Czech Society of Cardiology<\/a><br \/>\n<a href=\"http:\/\/www.hjerteforeningen.dk\/sw175.asp\" target=\"_blank\" rel=\"noopener\" shape=\"rect\">Danish Heart Foundation<\/a><br \/>\n<a href=\"http:\/\/www.cardio.dk\/\" target=\"_blank\" rel=\"noopener\" shape=\"rect\">Danish Society of Cardiology<\/a><br \/>\n<a href=\"http:\/\/www.eks.kliinikum.ee\/\" target=\"_blank\" rel=\"noopener\" shape=\"rect\">Estonian Cardiac Society<\/a><br \/>\n<a href=\"http:\/\/www.fincardio.fi\/\" target=\"_blank\" rel=\"noopener\" shape=\"rect\">Finnish Cardiac Society<\/a><br \/>\n<a href=\"http:\/\/www.sydanliitto.fi\/\" target=\"_blank\" rel=\"noopener\" shape=\"rect\">Finnish Heart Association<\/a><br \/>\n<a href=\"http:\/\/www.cardio-sfc.org\/\" target=\"_blank\" rel=\"noopener\" shape=\"rect\">French Society of Cardiology<\/a><br \/>\n<a href=\"http:\/\/www.dgk.org\/\" target=\"_blank\" rel=\"noopener\" shape=\"rect\">German Cardiac Society<\/a><br \/>\n<a href=\"http:\/\/www.herzstiftung.de\/\" target=\"_blank\" rel=\"noopener\" shape=\"rect\">German Heart Foundation<\/a><br \/>\n<a href=\"http:\/\/www.hcs.gr\/\" target=\"_blank\" rel=\"noopener\" shape=\"rect\">Hellenic Cardiological Society<\/a><br \/>\n<a href=\"http:\/\/www.mnsza.hu\/\" target=\"_blank\" rel=\"noopener\" shape=\"rect\">Hungarian National Heart Foundation<\/a><br \/>\n<a href=\"http:\/\/www.hjarta.is\/\" target=\"_blank\" rel=\"noopener\" shape=\"rect\">Iceland Heart Association<\/a><br \/>\n<a href=\"http:\/\/www.irishcardiacsociety.com\/\" target=\"_blank\" rel=\"noopener\" shape=\"rect\">Irish Cardiac Society<\/a><br \/>\n<a href=\"http:\/\/www.irishheart.ie\/\" target=\"_blank\" rel=\"noopener\" shape=\"rect\">Irish Heart Foundation<\/a><br \/>\n<a href=\"http:\/\/www.israel-heart.org.il\/\" target=\"_blank\" rel=\"noopener\" shape=\"rect\">Israel Heart Society<\/a><br \/>\n<a href=\"http:\/\/www.sicardiologia.it\/\" target=\"_blank\" rel=\"noopener\" shape=\"rect\">Italian Federation of Cardiology<\/a><br \/>\n<a href=\"http:\/\/www.fondazionecuore.it\/\" target=\"_blank\" rel=\"noopener\" shape=\"rect\">Italian Heart Foundation<\/a><br \/>\n<a href=\"http:\/\/www.heart.lt\/\" target=\"_blank\" rel=\"noopener\" shape=\"rect\">Lithuanian Heart Association<\/a><br \/>\n<a href=\"http:\/\/www.lcs.lt\/\" target=\"_blank\" rel=\"noopener\" shape=\"rect\">Lithuanian Society of Cardiology<\/a><br \/>\n<a href=\"http:\/\/www.ihdmkd.edu.mk\/\" target=\"_blank\" rel=\"noopener\" shape=\"rect\">Macedonia Society of Cardiology<\/a><br \/>\n<a href=\"http:\/\/www.hartstichting.nl\/\" target=\"_blank\" rel=\"noopener\" shape=\"rect\">Netherlands Heart Foundation<\/a><br \/>\n<a href=\"http:\/\/www.cardiologie.nl\/\" target=\"_blank\" rel=\"noopener\" shape=\"rect\">The Netherlands Society of Cardiology<\/a><br \/>\n<a href=\"http:\/\/www.hjerte.no\/\" target=\"_blank\" rel=\"noopener\" shape=\"rect\">Norwegian Society of Cardiology<\/a><br \/>\n<a href=\"http:\/\/www.ptkardio.pl\/\" target=\"_blank\" rel=\"noopener\" shape=\"rect\">Polish Cardiac Society<\/a><br \/>\n<a href=\"http:\/\/www.fpcardiologia.pt\/\" target=\"_blank\" rel=\"noopener\" shape=\"rect\">Funda\u00e7\u00e3o Portuguesa de Cardiologia<\/a><br \/>\n<a href=\"http:\/\/www.spc.pt\/spc\/index.aspx\" target=\"_blank\" rel=\"noopener\" shape=\"rect\">Sociedade Portuguesa de Cardiologia<\/a><br \/>\n<a href=\"http:\/\/www.cardioportal.ro\/\" target=\"_blank\" rel=\"noopener\" shape=\"rect\">Romanian Society of Cardiology<\/a><br \/>\n<a href=\"http:\/\/www.cardiosite.ru\/eng\/\" target=\"_blank\" rel=\"noopener\" shape=\"rect\">Society of Cardiology of the Russian Federation<\/a><br \/>\n<a href=\"http:\/\/www.cardiology.sk\/\" target=\"_blank\" rel=\"noopener\" shape=\"rect\">Slovak Society of Cardiology<\/a><br \/>\n<a href=\"http:\/\/www.zasrce.si\/\" target=\"_blank\" rel=\"noopener\" shape=\"rect\">Slovenian Heart Foundation<\/a><br \/>\n<a href=\"http:\/\/www.sicardio.org\/\" target=\"_blank\" rel=\"noopener\" shape=\"rect\">Slovenian Society of Cardiology<\/a><br \/>\n<a href=\"http:\/\/www.fundaciondelcorazon.com\/\" target=\"_blank\" rel=\"noopener\" shape=\"rect\">Spanish Heart Foundation<\/a><br \/>\n<a href=\"http:\/\/www.secardiologia.es\/main.asp?w=1024\" target=\"_blank\" rel=\"noopener\" shape=\"rect\">Spanish Society of Cardiology<\/a><br \/>\n<a href=\"http:\/\/www.hjart-lungfonden.se\/\" target=\"_blank\" rel=\"noopener\" shape=\"rect\">Swedish Heart Lung Foundation<\/a><br \/>\n<a href=\"http:\/\/www.cardio.se\/\" target=\"_blank\" rel=\"noopener\" shape=\"rect\">Swedish Society of Cardiology<\/a><br \/>\n<a href=\"http:\/\/www.swissheart.ch\/\" target=\"_blank\" rel=\"noopener\" shape=\"rect\">Swiss Heart Foundation<\/a><br \/>\n<a href=\"http:\/\/www.swisscardio.ch\/\" target=\"_blank\" rel=\"noopener\" shape=\"rect\">Swiss Society of Cardiology<\/a><br \/>\n<a href=\"http:\/\/www.tkv.org.tr\/\" target=\"_blank\" rel=\"noopener\" shape=\"rect\">Turkish Heart Foundation<\/a><br \/>\n<a href=\"http:\/\/www.tkd.org.tr\/\" target=\"_blank\" rel=\"noopener\" shape=\"rect\">Turkish Society of Cardiology<\/a><\/p>\n<p>Os websites indicados acima s\u00e3o administrados por organiza\u00e7\u00f5es fora da ESC. A inclus\u00e3o destas liga\u00e7\u00f5es por parte da ESC n\u00e3o implica a aprova\u00e7\u00e3o dos materiais destes websites. \u00c9 da exclusiva responsabilidade do utilizador avaliar a precis\u00e3o e integridade das informa\u00e7\u00f5es contidas nos websites.<\/p>\n","protected":false},"excerpt":{"rendered":"<p>Sociedades nacionais Austrian Society of Cardiology Belgian Heart League Belgian Society of Cardiology Association of Cardiologists of Bosnia &amp; Herzegovina British Cardiovascular Society Bulgarian Society of Cardiology Croatian Cardiac Society Cyprus Heart Foundation Czech Society of Cardiology Danish Heart Foundation Danish Society of Cardiology Estonian Cardiac Society Finnish Cardiac Society Finnish Heart Association French Society [&hellip;]<\/p>\n","protected":false},"author":1,"featured_media":0,"parent":0,"menu_order":0,"comment_status":"open","ping_status":"open","template":"","meta":{"_acf_changed":false,"footnotes":""},"categories":[],"tags":[],"class_list":["post-2006","page","type-page","status-publish","hentry"],"acf":[],"yoast_head":"<!-- This site is optimized with the Yoast SEO plugin v24.8.1 - https:\/\/yoast.com\/wordpress\/plugins\/seo\/ -->\n<title>Liga\u00e7\u00f5es \u00fateis<\/title>\n<meta name=\"description\" content=\"Aqui encontrar\u00e1 algumas liga\u00e7\u00f5es \u00fateis para outros websites relacionados com a insufici\u00eancia card\u00edaca.\" \/>\n<meta name=\"robots\" content=\"index, follow, max-snippet:-1, max-image-preview:large, max-video-preview:-1\" \/>\n<link rel=\"canonical\" href=\"https:\/\/www.heartfailurematters.org\/pt-pt\/ligacoes-uteis\/\" \/>\n<meta property=\"og:locale\" content=\"pt_PT\" \/>\n<meta property=\"og:type\" content=\"article\" \/>\n<meta property=\"og:title\" content=\"Liga\u00e7\u00f5es \u00fateis\" \/>\n<meta property=\"og:description\" content=\"Aqui encontrar\u00e1 algumas liga\u00e7\u00f5es \u00fateis para outros websites relacionados com a insufici\u00eancia card\u00edaca.\" \/>\n<meta property=\"og:url\" content=\"https:\/\/www.heartfailurematters.org\/pt-pt\/ligacoes-uteis\/\" \/>\n<meta property=\"og:site_name\" content=\"Heart Failure Matters\" \/>\n<meta property=\"article:publisher\" content=\"https:\/\/www.facebook.com\/heartfailurematters\" \/>\n<meta property=\"article:modified_time\" content=\"2026-03-17T10:27:20+00:00\" \/>\n<meta name=\"twitter:card\" content=\"summary_large_image\" \/>\n<meta name=\"twitter:label1\" content=\"Tempo estimado de leitura\" \/>\n\t<meta name=\"twitter:data1\" content=\"1 minuto\" \/>\n<script type=\"application\/ld+json\" class=\"yoast-schema-graph\">{\"@context\":\"https:\/\/schema.org\",\"@graph\":[{\"@type\":\"WebPage\",\"@id\":\"https:\/\/www.heartfailurematters.org\/pt-pt\/ligacoes-uteis\/\",\"url\":\"https:\/\/www.heartfailurematters.org\/pt-pt\/ligacoes-uteis\/\",\"name\":\"Liga\u00e7\u00f5es \u00fateis\",\"isPartOf\":{\"@id\":\"https:\/\/www.heartfailurematters.org\/pt-pt\/#website\"},\"datePublished\":\"2021-01-27T22:06:13+00:00\",\"dateModified\":\"2026-03-17T10:27:20+00:00\",\"description\":\"Aqui encontrar\u00e1 algumas liga\u00e7\u00f5es \u00fateis para outros websites relacionados com a insufici\u00eancia card\u00edaca.\",\"breadcrumb\":{\"@id\":\"https:\/\/www.heartfailurematters.org\/pt-pt\/ligacoes-uteis\/#breadcrumb\"},\"inLanguage\":\"pt-PT\",\"potentialAction\":[{\"@type\":\"ReadAction\",\"target\":[\"https:\/\/www.heartfailurematters.org\/pt-pt\/ligacoes-uteis\/\"]}]},{\"@type\":\"BreadcrumbList\",\"@id\":\"https:\/\/www.heartfailurematters.org\/pt-pt\/ligacoes-uteis\/#breadcrumb\",\"itemListElement\":[{\"@type\":\"ListItem\",\"position\":1,\"name\":\"P\u00e1gina inicial\",\"item\":\"https:\/\/www.heartfailurematters.org\/pt-pt\/\"},{\"@type\":\"ListItem\",\"position\":2,\"name\":\"Liga\u00e7\u00f5es \u00fateis\"}]},{\"@type\":\"WebSite\",\"@id\":\"https:\/\/www.heartfailurematters.org\/pt-pt\/#website\",\"url\":\"https:\/\/www.heartfailurematters.org\/pt-pt\/\",\"name\":\"Heart Failure Matters\",\"description\":\"Practical information for patients, families and caregivers.\",\"publisher\":{\"@id\":\"https:\/\/www.heartfailurematters.org\/pt-pt\/#organization\"},\"potentialAction\":[{\"@type\":\"SearchAction\",\"target\":{\"@type\":\"EntryPoint\",\"urlTemplate\":\"https:\/\/www.heartfailurematters.org\/pt-pt\/?s={search_term_string}\"},\"query-input\":{\"@type\":\"PropertyValueSpecification\",\"valueRequired\":true,\"valueName\":\"search_term_string\"}}],\"inLanguage\":\"pt-PT\"},{\"@type\":\"Organization\",\"@id\":\"https:\/\/www.heartfailurematters.org\/pt-pt\/#organization\",\"name\":\"Heart Failure Matters\",\"url\":\"https:\/\/www.heartfailurematters.org\/pt-pt\/\",\"logo\":{\"@type\":\"ImageObject\",\"inLanguage\":\"pt-PT\",\"@id\":\"https:\/\/www.heartfailurematters.org\/pt-pt\/#\/schema\/logo\/image\/\",\"url\":\"https:\/\/cdn-endpoint-hfm.azureedge.net\/heartfailurematters\/2024\/07\/hfm-logo1.jpg\",\"contentUrl\":\"https:\/\/cdn-endpoint-hfm.azureedge.net\/heartfailurematters\/2024\/07\/hfm-logo1.jpg\",\"width\":1280,\"height\":720,\"caption\":\"Heart Failure Matters\"},\"image\":{\"@id\":\"https:\/\/www.heartfailurematters.org\/pt-pt\/#\/schema\/logo\/image\/\"},\"sameAs\":[\"https:\/\/www.facebook.com\/heartfailurematters\"]}]}<\/script>\n<!-- \/ Yoast SEO plugin. -->","yoast_head_json":{"title":"Liga\u00e7\u00f5es \u00fateis","description":"Aqui encontrar\u00e1 algumas liga\u00e7\u00f5es \u00fateis para outros websites relacionados com a insufici\u00eancia card\u00edaca.","robots":{"index":"index","follow":"follow","max-snippet":"max-snippet:-1","max-image-preview":"max-image-preview:large","max-video-preview":"max-video-preview:-1"},"canonical":"https:\/\/www.heartfailurematters.org\/pt-pt\/ligacoes-uteis\/","og_locale":"pt_PT","og_type":"article","og_title":"Liga\u00e7\u00f5es \u00fateis","og_description":"Aqui encontrar\u00e1 algumas liga\u00e7\u00f5es \u00fateis para outros websites relacionados com a insufici\u00eancia card\u00edaca.","og_url":"https:\/\/www.heartfailurematters.org\/pt-pt\/ligacoes-uteis\/","og_site_name":"Heart Failure Matters","article_publisher":"https:\/\/www.facebook.com\/heartfailurematters","article_modified_time":"2026-03-17T10:27:20+00:00","twitter_card":"summary_large_image","twitter_misc":{"Tempo estimado de leitura":"1 minuto"},"schema":{"@context":"https:\/\/schema.org","@graph":[{"@type":"WebPage","@id":"https:\/\/www.heartfailurematters.org\/pt-pt\/ligacoes-uteis\/","url":"https:\/\/www.heartfailurematters.org\/pt-pt\/ligacoes-uteis\/","name":"Liga\u00e7\u00f5es \u00fateis","isPartOf":{"@id":"https:\/\/www.heartfailurematters.org\/pt-pt\/#website"},"datePublished":"2021-01-27T22:06:13+00:00","dateModified":"2026-03-17T10:27:20+00:00","description":"Aqui encontrar\u00e1 algumas liga\u00e7\u00f5es \u00fateis para outros websites relacionados com a insufici\u00eancia card\u00edaca.","breadcrumb":{"@id":"https:\/\/www.heartfailurematters.org\/pt-pt\/ligacoes-uteis\/#breadcrumb"},"inLanguage":"pt-PT","potentialAction":[{"@type":"ReadAction","target":["https:\/\/www.heartfailurematters.org\/pt-pt\/ligacoes-uteis\/"]}]},{"@type":"BreadcrumbList","@id":"https:\/\/www.heartfailurematters.org\/pt-pt\/ligacoes-uteis\/#breadcrumb","itemListElement":[{"@type":"ListItem","position":1,"name":"P\u00e1gina inicial","item":"https:\/\/www.heartfailurematters.org\/pt-pt\/"},{"@type":"ListItem","position":2,"name":"Liga\u00e7\u00f5es \u00fateis"}]},{"@type":"WebSite","@id":"https:\/\/www.heartfailurematters.org\/pt-pt\/#website","url":"https:\/\/www.heartfailurematters.org\/pt-pt\/","name":"Heart Failure Matters","description":"Practical information for patients, families and caregivers.","publisher":{"@id":"https:\/\/www.heartfailurematters.org\/pt-pt\/#organization"},"potentialAction":[{"@type":"SearchAction","target":{"@type":"EntryPoint","urlTemplate":"https:\/\/www.heartfailurematters.org\/pt-pt\/?s={search_term_string}"},"query-input":{"@type":"PropertyValueSpecification","valueRequired":true,"valueName":"search_term_string"}}],"inLanguage":"pt-PT"},{"@type":"Organization","@id":"https:\/\/www.heartfailurematters.org\/pt-pt\/#organization","name":"Heart Failure Matters","url":"https:\/\/www.heartfailurematters.org\/pt-pt\/","logo":{"@type":"ImageObject","inLanguage":"pt-PT","@id":"https:\/\/www.heartfailurematters.org\/pt-pt\/#\/schema\/logo\/image\/","url":"https:\/\/cdn-endpoint-hfm.azureedge.net\/heartfailurematters\/2024\/07\/hfm-logo1.jpg","contentUrl":"https:\/\/cdn-endpoint-hfm.azureedge.net\/heartfailurematters\/2024\/07\/hfm-logo1.jpg","width":1280,"height":720,"caption":"Heart Failure Matters"},"image":{"@id":"https:\/\/www.heartfailurematters.org\/pt-pt\/#\/schema\/logo\/image\/"},"sameAs":["https:\/\/www.facebook.com\/heartfailurematters"]}]}},"_links":{"self":[{"href":"https:\/\/www.heartfailurematters.org\/pt-pt\/wp-json\/wp\/v2\/pages\/2006","targetHints":{"allow":["GET"]}}],"collection":[{"href":"https:\/\/www.heartfailurematters.org\/pt-pt\/wp-json\/wp\/v2\/pages"}],"about":[{"href":"https:\/\/www.heartfailurematters.org\/pt-pt\/wp-json\/wp\/v2\/types\/page"}],"author":[{"embeddable":true,"href":"https:\/\/www.heartfailurematters.org\/pt-pt\/wp-json\/wp\/v2\/users\/1"}],"replies":[{"embeddable":true,"href":"https:\/\/www.heartfailurematters.org\/pt-pt\/wp-json\/wp\/v2\/comments?post=2006"}],"version-history":[{"count":1,"href":"https:\/\/www.heartfailurematters.org\/pt-pt\/wp-json\/wp\/v2\/pages\/2006\/revisions"}],"predecessor-version":[{"id":14287,"href":"https:\/\/www.heartfailurematters.org\/pt-pt\/wp-json\/wp\/v2\/pages\/2006\/revisions\/14287"}],"wp:attachment":[{"href":"https:\/\/www.heartfailurematters.org\/pt-pt\/wp-json\/wp\/v2\/media?parent=2006"}],"wp:term":[{"taxonomy":"category","embeddable":true,"href":"https:\/\/www.heartfailurematters.org\/pt-pt\/wp-json\/wp\/v2\/categories?post=2006"},{"taxonomy":"post_tag","embeddable":true,"href":"https:\/\/www.heartfailurematters.org\/pt-pt\/wp-json\/wp\/v2\/tags?post=2006"}],"curies":[{"name":"wp","href":"https:\/\/api.w.org\/{rel}","templated":true}]}}