{"id":2000,"date":"2021-01-27T22:06:13","date_gmt":"2021-01-27T22:06:13","guid":{"rendered":"http:\/\/heartfailurematters.local:8888\/factos-e-mitos-sobre-a-insuficiencia-cardiaca\/"},"modified":"2021-01-27T22:06:13","modified_gmt":"2021-01-27T22:06:13","slug":"factos-e-mitos-sobre-a-insuficiencia-cardiaca","status":"publish","type":"page","link":"https:\/\/www.heartfailurematters.org\/pt-pt\/o-que-e-a-insuficiencia-cardiaca\/factos-e-mitos-sobre-a-insuficiencia-cardiaca\/","title":{"rendered":"Factos e mitos sobre a insufici\u00eancia card\u00edaca"},"content":{"rendered":"<p><strong>Insufici&ecirc;ncia card&iacute;aca significa que o cora&ccedil;&atilde;o parou de bater<\/strong><\/p>\n<p>MITO: a insufici&ecirc;ncia card&iacute;aca n&atilde;o significa que o cora&ccedil;&atilde;o parou de bater. A insufici&ecirc;ncia card&iacute;aca ocorre quando existem les&otilde;es no m&uacute;sculo card&iacute;aco ou nas&nbsp;<a class=\"addtooltip\" title=\"V&aacute;lvulas que controlam o fluxo unidirecional do sangue no cora&ccedil;&atilde;o, impedindo o sangue de circular para tr&aacute;s.\"><strong>v&aacute;lvulas <\/strong><\/a><a class=\"addtooltip\" title=\"\" div=\"\">&nbsp;<\/a> e o cora&ccedil;&atilde;o n&atilde;o consegue bombear sangue para o corpo t&atilde;o bem como deveria.<\/p>\n<p><strong>A insufici&ecirc;ncia card&iacute;aca &eacute; grave<\/strong><\/p>\n<p>FACTO: a insufici&ecirc;ncia card&iacute;aca &eacute; uma doen&ccedil;a muito grave e pode reduzir o tempo de vida. Contudo, se trabalhar em conjunto com o seu m&eacute;dico e enfermeiro, poder&aacute; receber tratamentos eficazes e implementar mudan&ccedil;as no seu estilo de vida que permitir&atilde;o n&atilde;o s&oacute; aliviar os sintomas, como tamb&eacute;m prolongar a sua vida.<\/p>\n<p><strong>A insufici&ecirc;ncia card&iacute;aca &eacute; comum<\/strong><\/p>\n<p>FACTO: atualmente, calculamos que cerca de 1% a 2% da popula&ccedil;&atilde;o adulta em pa&iacute;ses desenvolvidos tem insufici&ecirc;ncia card&iacute;aca, aumentando para &ge;10% nas pessoas com mais de 70 anos.<\/p>\n<p><strong>A insufici&ecirc;ncia card&iacute;aca n&atilde;o pode ser tratada<\/strong><\/p>\n<p>MITO: existem muitos tratamentos dispon&iacute;veis para a insufici&ecirc;ncia card&iacute;aca que s&atilde;o muito eficazes para reduzir os sintomas e atrasar a evolu&ccedil;&atilde;o da doen&ccedil;a. Dever&aacute; falar sobre as op&ccedil;&otilde;es de tratamento com o seu m&eacute;dico.<\/p>\n<p><strong>Se sofrer de insufici&ecirc;ncia card&iacute;aca n&atilde;o deve praticar exerc&iacute;cio f&iacute;sico<\/strong><\/p>\n<p>MITO: &eacute; muito importante que as pessoas com insufici&ecirc;ncia card&iacute;aca pratiquem exerc&iacute;cio f&iacute;sico. No entanto, tamb&eacute;m &eacute; importante que n&atilde;o exagerem. A quantidade certa de exerc&iacute;cio f&iacute;sico pode ajudar a melhorar o fluxo sangu&iacute;neo e aliviar alguns dos sintomas.<\/p>\n<p>Para obter mais informa&ccedil;&otilde;es sobre a pr&aacute;tica de exerc&iacute;cio f&iacute;sico com insufici&ecirc;ncia card&iacute;aca, <a href=\"https:\/\/www.heartfailurematters.org\/pt-pt\/o-que-pode-fazer\/atividade-e-exercicio-fisico\/\" title=\"Click here to learn more about exercising with heart failure\">clique aqui<\/a>.<\/p>\n<p><strong>A insufici&ecirc;ncia card&iacute;aca &eacute; uma consequ&ecirc;ncia normal do envelhecimento<\/strong><\/p>\n<p>MITO: a insufici&ecirc;ncia card&iacute;aca n&atilde;o tem idade e afeta pessoas de todas as idades. A maioria das pessoas com insufici&ecirc;ncia card&iacute;aca &eacute; idosa, contudo, a insufici&ecirc;ncia card&iacute;aca n&atilde;o faz necessariamente parte do processo de envelhecimento. &Eacute; uma doen&ccedil;a cardiovascular grave, que muitas vezes pode ser evitada e bastante mitigada com os tratamentos dispon&iacute;veis.<\/p>\n","protected":false},"excerpt":{"rendered":"<p>Insufici&ecirc;ncia card&iacute;aca significa que o cora&ccedil;&atilde;o parou de bater MITO: a insufici&ecirc;ncia card&iacute;aca n&atilde;o significa que o cora&ccedil;&atilde;o parou de bater. A insufici&ecirc;ncia card&iacute;aca ocorre quando existem les&otilde;es no m&uacute;sculo card&iacute;aco ou nas&nbsp;v&aacute;lvulas &nbsp; e o cora&ccedil;&atilde;o n&atilde;o consegue bombear sangue para o corpo t&atilde;o bem como deveria. A insufici&ecirc;ncia card&iacute;aca &eacute; grave FACTO: a [&hellip;]<\/p>\n","protected":false},"author":1,"featured_media":10598,"parent":1889,"menu_order":12,"comment_status":"open","ping_status":"closed","template":"","meta":{"_acf_changed":false,"footnotes":""},"categories":[121],"tags":[],"class_list":["post-2000","page","type-page","status-publish","has-post-thumbnail","hentry","category-understanding-heart-failure-pt"],"acf":[],"yoast_head":"<!-- This site is optimized with the Yoast SEO plugin v24.8.1 - https:\/\/yoast.com\/wordpress\/plugins\/seo\/ -->\n<title>Factos e mitos sobre a insufici\u00eancia card\u00edaca<\/title>\n<meta name=\"description\" content=\"Falemos sobre insufici\u00eancia card\u00edaca: pode mat\u00e1-lo? \u00c9 muito comum? Pode ser curada? Deve fazer exerc\u00edcio f\u00edsico? Nesta sec\u00e7\u00e3o, vamos desmascarar mitos e afirmar factos\" \/>\n<meta name=\"robots\" content=\"index, follow, max-snippet:-1, max-image-preview:large, max-video-preview:-1\" \/>\n<link rel=\"canonical\" href=\"https:\/\/www.heartfailurematters.org\/pt-pt\/o-que-e-a-insuficiencia-cardiaca\/factos-e-mitos-sobre-a-insuficiencia-cardiaca\/\" \/>\n<meta property=\"og:locale\" content=\"pt_PT\" \/>\n<meta property=\"og:type\" content=\"article\" \/>\n<meta property=\"og:title\" content=\"Factos e mitos sobre a insufici\u00eancia card\u00edaca\" \/>\n<meta property=\"og:description\" content=\"Falemos sobre insufici\u00eancia card\u00edaca: pode mat\u00e1-lo? \u00c9 muito comum? Pode ser curada? Deve fazer exerc\u00edcio f\u00edsico? Nesta sec\u00e7\u00e3o, vamos desmascarar mitos e afirmar factos\" \/>\n<meta property=\"og:url\" content=\"https:\/\/www.heartfailurematters.org\/pt-pt\/o-que-e-a-insuficiencia-cardiaca\/factos-e-mitos-sobre-a-insuficiencia-cardiaca\/\" \/>\n<meta property=\"og:site_name\" content=\"Heart Failure Matters\" \/>\n<meta property=\"article:publisher\" content=\"https:\/\/www.facebook.com\/heartfailurematters\" \/>\n<meta property=\"og:image\" content=\"https:\/\/www.heartfailurematters.org\/wp-content\/uploads\/2022\/02\/shutterstock_294962735-1-min.jpg?_t=1773221718\" \/>\n\t<meta property=\"og:image:width\" content=\"900\" \/>\n\t<meta property=\"og:image:height\" content=\"601\" \/>\n\t<meta property=\"og:image:type\" content=\"image\/jpeg\" \/>\n<meta name=\"twitter:card\" content=\"summary_large_image\" \/>\n<meta name=\"twitter:label1\" content=\"Tempo estimado de leitura\" \/>\n\t<meta name=\"twitter:data1\" content=\"2 minutos\" \/>\n<script type=\"application\/ld+json\" class=\"yoast-schema-graph\">{\"@context\":\"https:\/\/schema.org\",\"@graph\":[{\"@type\":\"WebPage\",\"@id\":\"https:\/\/www.heartfailurematters.org\/pt-pt\/o-que-e-a-insuficiencia-cardiaca\/factos-e-mitos-sobre-a-insuficiencia-cardiaca\/\",\"url\":\"https:\/\/www.heartfailurematters.org\/pt-pt\/o-que-e-a-insuficiencia-cardiaca\/factos-e-mitos-sobre-a-insuficiencia-cardiaca\/\",\"name\":\"Factos e mitos sobre a insufici\u00eancia card\u00edaca\",\"isPartOf\":{\"@id\":\"https:\/\/www.heartfailurematters.org\/pt-pt\/#website\"},\"primaryImageOfPage\":{\"@id\":\"https:\/\/www.heartfailurematters.org\/pt-pt\/o-que-e-a-insuficiencia-cardiaca\/factos-e-mitos-sobre-a-insuficiencia-cardiaca\/#primaryimage\"},\"image\":{\"@id\":\"https:\/\/www.heartfailurematters.org\/pt-pt\/o-que-e-a-insuficiencia-cardiaca\/factos-e-mitos-sobre-a-insuficiencia-cardiaca\/#primaryimage\"},\"thumbnailUrl\":\"https:\/\/www.heartfailurematters.org\/wp-content\/uploads\/2022\/02\/shutterstock_294962735-1-min.jpg\",\"datePublished\":\"2021-01-27T22:06:13+00:00\",\"description\":\"Falemos sobre insufici\u00eancia card\u00edaca: pode mat\u00e1-lo? \u00c9 muito comum? Pode ser curada? Deve fazer exerc\u00edcio f\u00edsico? Nesta sec\u00e7\u00e3o, vamos desmascarar mitos e afirmar factos\",\"breadcrumb\":{\"@id\":\"https:\/\/www.heartfailurematters.org\/pt-pt\/o-que-e-a-insuficiencia-cardiaca\/factos-e-mitos-sobre-a-insuficiencia-cardiaca\/#breadcrumb\"},\"inLanguage\":\"pt-PT\",\"potentialAction\":[{\"@type\":\"ReadAction\",\"target\":[\"https:\/\/www.heartfailurematters.org\/pt-pt\/o-que-e-a-insuficiencia-cardiaca\/factos-e-mitos-sobre-a-insuficiencia-cardiaca\/\"]}]},{\"@type\":\"ImageObject\",\"inLanguage\":\"pt-PT\",\"@id\":\"https:\/\/www.heartfailurematters.org\/pt-pt\/o-que-e-a-insuficiencia-cardiaca\/factos-e-mitos-sobre-a-insuficiencia-cardiaca\/#primaryimage\",\"url\":\"https:\/\/www.heartfailurematters.org\/wp-content\/uploads\/2022\/02\/shutterstock_294962735-1-min.jpg\",\"contentUrl\":\"https:\/\/www.heartfailurematters.org\/wp-content\/uploads\/2022\/02\/shutterstock_294962735-1-min.jpg\",\"width\":900,\"height\":601},{\"@type\":\"BreadcrumbList\",\"@id\":\"https:\/\/www.heartfailurematters.org\/pt-pt\/o-que-e-a-insuficiencia-cardiaca\/factos-e-mitos-sobre-a-insuficiencia-cardiaca\/#breadcrumb\",\"itemListElement\":[{\"@type\":\"ListItem\",\"position\":1,\"name\":\"P\u00e1gina inicial\",\"item\":\"https:\/\/www.heartfailurematters.org\/pt-pt\/\"},{\"@type\":\"ListItem\",\"position\":2,\"name\":\"Compreender a insufici\u00eancia card\u00edaca\",\"item\":\"https:\/\/www.heartfailurematters.org\/pt-pt\/o-que-e-a-insuficiencia-cardiaca\/\"},{\"@type\":\"ListItem\",\"position\":3,\"name\":\"Factos e mitos sobre a insufici\u00eancia card\u00edaca\"}]},{\"@type\":\"WebSite\",\"@id\":\"https:\/\/www.heartfailurematters.org\/pt-pt\/#website\",\"url\":\"https:\/\/www.heartfailurematters.org\/pt-pt\/\",\"name\":\"Heart Failure Matters\",\"description\":\"Practical information for patients, families and caregivers.\",\"publisher\":{\"@id\":\"https:\/\/www.heartfailurematters.org\/pt-pt\/#organization\"},\"potentialAction\":[{\"@type\":\"SearchAction\",\"target\":{\"@type\":\"EntryPoint\",\"urlTemplate\":\"https:\/\/www.heartfailurematters.org\/pt-pt\/?s={search_term_string}\"},\"query-input\":{\"@type\":\"PropertyValueSpecification\",\"valueRequired\":true,\"valueName\":\"search_term_string\"}}],\"inLanguage\":\"pt-PT\"},{\"@type\":\"Organization\",\"@id\":\"https:\/\/www.heartfailurematters.org\/pt-pt\/#organization\",\"name\":\"Heart Failure Matters\",\"url\":\"https:\/\/www.heartfailurematters.org\/pt-pt\/\",\"logo\":{\"@type\":\"ImageObject\",\"inLanguage\":\"pt-PT\",\"@id\":\"https:\/\/www.heartfailurematters.org\/pt-pt\/#\/schema\/logo\/image\/\",\"url\":\"https:\/\/cdn-endpoint-hfm.azureedge.net\/heartfailurematters\/2024\/07\/hfm-logo1.jpg\",\"contentUrl\":\"https:\/\/cdn-endpoint-hfm.azureedge.net\/heartfailurematters\/2024\/07\/hfm-logo1.jpg\",\"width\":1280,\"height\":720,\"caption\":\"Heart Failure Matters\"},\"image\":{\"@id\":\"https:\/\/www.heartfailurematters.org\/pt-pt\/#\/schema\/logo\/image\/\"},\"sameAs\":[\"https:\/\/www.facebook.com\/heartfailurematters\"]}]}<\/script>\n<!-- \/ Yoast SEO plugin. -->","yoast_head_json":{"title":"Factos e mitos sobre a insufici\u00eancia card\u00edaca","description":"Falemos sobre insufici\u00eancia card\u00edaca: pode mat\u00e1-lo? \u00c9 muito comum? Pode ser curada? Deve fazer exerc\u00edcio f\u00edsico? Nesta sec\u00e7\u00e3o, vamos desmascarar mitos e afirmar factos","robots":{"index":"index","follow":"follow","max-snippet":"max-snippet:-1","max-image-preview":"max-image-preview:large","max-video-preview":"max-video-preview:-1"},"canonical":"https:\/\/www.heartfailurematters.org\/pt-pt\/o-que-e-a-insuficiencia-cardiaca\/factos-e-mitos-sobre-a-insuficiencia-cardiaca\/","og_locale":"pt_PT","og_type":"article","og_title":"Factos e mitos sobre a insufici\u00eancia card\u00edaca","og_description":"Falemos sobre insufici\u00eancia card\u00edaca: pode mat\u00e1-lo? \u00c9 muito comum? Pode ser curada? Deve fazer exerc\u00edcio f\u00edsico? Nesta sec\u00e7\u00e3o, vamos desmascarar mitos e afirmar factos","og_url":"https:\/\/www.heartfailurematters.org\/pt-pt\/o-que-e-a-insuficiencia-cardiaca\/factos-e-mitos-sobre-a-insuficiencia-cardiaca\/","og_site_name":"Heart Failure Matters","article_publisher":"https:\/\/www.facebook.com\/heartfailurematters","og_image":[{"width":900,"height":601,"url":"https:\/\/www.heartfailurematters.org\/wp-content\/uploads\/2022\/02\/shutterstock_294962735-1-min.jpg?_t=1773221718","type":"image\/jpeg"}],"twitter_card":"summary_large_image","twitter_misc":{"Tempo estimado de leitura":"2 minutos"},"schema":{"@context":"https:\/\/schema.org","@graph":[{"@type":"WebPage","@id":"https:\/\/www.heartfailurematters.org\/pt-pt\/o-que-e-a-insuficiencia-cardiaca\/factos-e-mitos-sobre-a-insuficiencia-cardiaca\/","url":"https:\/\/www.heartfailurematters.org\/pt-pt\/o-que-e-a-insuficiencia-cardiaca\/factos-e-mitos-sobre-a-insuficiencia-cardiaca\/","name":"Factos e mitos sobre a insufici\u00eancia card\u00edaca","isPartOf":{"@id":"https:\/\/www.heartfailurematters.org\/pt-pt\/#website"},"primaryImageOfPage":{"@id":"https:\/\/www.heartfailurematters.org\/pt-pt\/o-que-e-a-insuficiencia-cardiaca\/factos-e-mitos-sobre-a-insuficiencia-cardiaca\/#primaryimage"},"image":{"@id":"https:\/\/www.heartfailurematters.org\/pt-pt\/o-que-e-a-insuficiencia-cardiaca\/factos-e-mitos-sobre-a-insuficiencia-cardiaca\/#primaryimage"},"thumbnailUrl":"https:\/\/www.heartfailurematters.org\/wp-content\/uploads\/2022\/02\/shutterstock_294962735-1-min.jpg","datePublished":"2021-01-27T22:06:13+00:00","description":"Falemos sobre insufici\u00eancia card\u00edaca: pode mat\u00e1-lo? \u00c9 muito comum? Pode ser curada? Deve fazer exerc\u00edcio f\u00edsico? Nesta sec\u00e7\u00e3o, vamos desmascarar mitos e afirmar factos","breadcrumb":{"@id":"https:\/\/www.heartfailurematters.org\/pt-pt\/o-que-e-a-insuficiencia-cardiaca\/factos-e-mitos-sobre-a-insuficiencia-cardiaca\/#breadcrumb"},"inLanguage":"pt-PT","potentialAction":[{"@type":"ReadAction","target":["https:\/\/www.heartfailurematters.org\/pt-pt\/o-que-e-a-insuficiencia-cardiaca\/factos-e-mitos-sobre-a-insuficiencia-cardiaca\/"]}]},{"@type":"ImageObject","inLanguage":"pt-PT","@id":"https:\/\/www.heartfailurematters.org\/pt-pt\/o-que-e-a-insuficiencia-cardiaca\/factos-e-mitos-sobre-a-insuficiencia-cardiaca\/#primaryimage","url":"https:\/\/www.heartfailurematters.org\/wp-content\/uploads\/2022\/02\/shutterstock_294962735-1-min.jpg","contentUrl":"https:\/\/www.heartfailurematters.org\/wp-content\/uploads\/2022\/02\/shutterstock_294962735-1-min.jpg","width":900,"height":601},{"@type":"BreadcrumbList","@id":"https:\/\/www.heartfailurematters.org\/pt-pt\/o-que-e-a-insuficiencia-cardiaca\/factos-e-mitos-sobre-a-insuficiencia-cardiaca\/#breadcrumb","itemListElement":[{"@type":"ListItem","position":1,"name":"P\u00e1gina inicial","item":"https:\/\/www.heartfailurematters.org\/pt-pt\/"},{"@type":"ListItem","position":2,"name":"Compreender a insufici\u00eancia card\u00edaca","item":"https:\/\/www.heartfailurematters.org\/pt-pt\/o-que-e-a-insuficiencia-cardiaca\/"},{"@type":"ListItem","position":3,"name":"Factos e mitos sobre a insufici\u00eancia card\u00edaca"}]},{"@type":"WebSite","@id":"https:\/\/www.heartfailurematters.org\/pt-pt\/#website","url":"https:\/\/www.heartfailurematters.org\/pt-pt\/","name":"Heart Failure Matters","description":"Practical information for patients, families and caregivers.","publisher":{"@id":"https:\/\/www.heartfailurematters.org\/pt-pt\/#organization"},"potentialAction":[{"@type":"SearchAction","target":{"@type":"EntryPoint","urlTemplate":"https:\/\/www.heartfailurematters.org\/pt-pt\/?s={search_term_string}"},"query-input":{"@type":"PropertyValueSpecification","valueRequired":true,"valueName":"search_term_string"}}],"inLanguage":"pt-PT"},{"@type":"Organization","@id":"https:\/\/www.heartfailurematters.org\/pt-pt\/#organization","name":"Heart Failure Matters","url":"https:\/\/www.heartfailurematters.org\/pt-pt\/","logo":{"@type":"ImageObject","inLanguage":"pt-PT","@id":"https:\/\/www.heartfailurematters.org\/pt-pt\/#\/schema\/logo\/image\/","url":"https:\/\/cdn-endpoint-hfm.azureedge.net\/heartfailurematters\/2024\/07\/hfm-logo1.jpg","contentUrl":"https:\/\/cdn-endpoint-hfm.azureedge.net\/heartfailurematters\/2024\/07\/hfm-logo1.jpg","width":1280,"height":720,"caption":"Heart Failure Matters"},"image":{"@id":"https:\/\/www.heartfailurematters.org\/pt-pt\/#\/schema\/logo\/image\/"},"sameAs":["https:\/\/www.facebook.com\/heartfailurematters"]}]}},"_links":{"self":[{"href":"https:\/\/www.heartfailurematters.org\/pt-pt\/wp-json\/wp\/v2\/pages\/2000","targetHints":{"allow":["GET"]}}],"collection":[{"href":"https:\/\/www.heartfailurematters.org\/pt-pt\/wp-json\/wp\/v2\/pages"}],"about":[{"href":"https:\/\/www.heartfailurematters.org\/pt-pt\/wp-json\/wp\/v2\/types\/page"}],"author":[{"embeddable":true,"href":"https:\/\/www.heartfailurematters.org\/pt-pt\/wp-json\/wp\/v2\/users\/1"}],"replies":[{"embeddable":true,"href":"https:\/\/www.heartfailurematters.org\/pt-pt\/wp-json\/wp\/v2\/comments?post=2000"}],"version-history":[{"count":0,"href":"https:\/\/www.heartfailurematters.org\/pt-pt\/wp-json\/wp\/v2\/pages\/2000\/revisions"}],"up":[{"embeddable":true,"href":"https:\/\/www.heartfailurematters.org\/pt-pt\/wp-json\/wp\/v2\/pages\/1889"}],"wp:featuredmedia":[{"embeddable":true,"href":"https:\/\/www.heartfailurematters.org\/pt-pt\/wp-json\/wp\/v2\/media\/10598"}],"wp:attachment":[{"href":"https:\/\/www.heartfailurematters.org\/pt-pt\/wp-json\/wp\/v2\/media?parent=2000"}],"wp:term":[{"taxonomy":"category","embeddable":true,"href":"https:\/\/www.heartfailurematters.org\/pt-pt\/wp-json\/wp\/v2\/categories?post=2000"},{"taxonomy":"post_tag","embeddable":true,"href":"https:\/\/www.heartfailurematters.org\/pt-pt\/wp-json\/wp\/v2\/tags?post=2000"}],"curies":[{"name":"wp","href":"https:\/\/api.w.org\/{rel}","templated":true}]}}