{"id":1996,"date":"2021-01-27T22:06:13","date_gmt":"2021-01-27T22:06:13","guid":{"rendered":"http:\/\/heartfailurematters.local:8888\/sugestoes-para-se-lembrar-de-tomar-os-medicamentos\/"},"modified":"2021-01-27T22:06:13","modified_gmt":"2021-01-27T22:06:13","slug":"sugestoes-para-se-lembrar-de-tomar-os-medicamentos","status":"publish","type":"page","link":"https:\/\/www.heartfailurematters.org\/pt-pt\/o-que-pode-fazer\/sugestoes-para-se-lembrar-de-tomar-os-medicamentos\/","title":{"rendered":"Sugest\u00f5es para se lembrar de tomar os medicamentos"},"content":{"rendered":"<p>&nbsp;<\/p>\n<h2>Por que motivo tem de os tomar?<\/h2>\n<p>&Eacute; importante tomar os medicamentos para garantir que obt&eacute;m os melhores resultados poss&iacute;veis com o tratamento.<\/p>\n<h2>Sugest&otilde;es e ferramentas para se lembrar de os tomar<\/h2>\n<p>Ser-lhe-&atilde;o prescritos v&aacute;rios medicamentos para a insufici&ecirc;ncia card&iacute;aca, que tem de tomar a diferentes horas do dia. As seguintes sugest&otilde;es e ferramentas poder&atilde;o ajud&aacute;-lo a lembrar-se de tomar os medicamentos &agrave; hora certa:<\/p>\n<ul>\n<li>Crie uma tabela de parede com os nomes dos medicamentos, a dose e a hora do dia a que tem de os tomar.<\/li>\n<li>Compre uma caixa de comprimidos, com etiquetas dos dias da semana e das horas do dia. Normalmente, pode compr&aacute;-las na farm&aacute;cia. Encha a caixa no in&iacute;cio da semana para o ajudar a manter o controlo. Pe&ccedil;a a um familiar ou ao enfermeiro para verificar a caixa, para saber se est&aacute; tudo bem.<\/li>\n<li>Programe um alarme para se lembrar de tomar um medicamento a uma determinada hora.<\/li>\n<li>Informe os seus familiares e amigos sobre o calend&aacute;rio de medica&ccedil;&atilde;o, para que possam lembr&aacute;-lo.<\/li>\n<li>Crie um h&aacute;bito ou uma rotina ao tomar o medicamento para o ajudar a lembrar-se, por exemplo depois de lavar os dentes, tomar o pequeno-almo&ccedil;o ou ao jantar.<\/li>\n<li>Lembre-se de levar os medicamentos consigo quando sair de casa, para garantir que os toma &agrave; hora certa.<\/li>\n<li>Quando for de f&eacute;rias, leve medicamentos suficientes e coloque-os sempre na bagagem de m&atilde;o.<\/li>\n<li>Pe&ccedil;a novas receitas com anteced&ecirc;ncia, para garantir que n&atilde;o acabam.<\/li>\n<li>Se tiver dificuldades em organizar os comprimidos, fale com o seu farmac&ecirc;utico ou m&eacute;dico de fam&iacute;lia. Alguns farmac&ecirc;uticos fornecem embalagens em blister com os comprimidos j&aacute; organizados em doses di&aacute;rias.<\/li>\n<li>Se n&atilde;o poder sair de casa e tiver dificuldades em tomar os comprimidos, o seu m&eacute;dico de fam&iacute;lia poder&aacute; solicitar a visita de um enfermeiro ao domic&iacute;lio para organizar os comprimidos numa caixa pr&oacute;pria. Os enfermeiros poder&atilde;o fazer domic&iacute;lios di&aacute;rios para o ajudar a tomar os comprimidos, embora este servi&ccedil;o s&oacute; esteja normalmente dispon&iacute;vel se n&atilde;o conseguir tomar os seus comprimidos de outro modo.<\/li>\n<\/ul>\n<h2>Outras prescri&ccedil;&otilde;es e medicamentos n&atilde;o sujeitos a receita m&eacute;dica<\/h2>\n<p>Alguns medicamentos sujeitos a receita m&eacute;dica podem interagir com os comprimidos que toma e podem causar efeitos secund&aacute;rios se os tomar em conjunto. N&atilde;o se esque&ccedil;a que alguns medicamentos n&atilde;o sujeitos a receita m&eacute;dica tamb&eacute;m podem interagir com os medicamentos para a insufici&ecirc;ncia card&iacute;aca. Confirme sempre com o seu m&eacute;dico ou farmac&ecirc;utico antes de tomar quaisquer outros medicamentos n&atilde;o sujeitos a receita m&eacute;dica.<\/p>\n<p><a title=\"Return to Managing your medicines\" href=\"https:\/\/www.heartfailurematters.org\/pt-pt\/o-que-pode-fazer\/gerir-os-medicamentos\/\">Voltar &agrave; sec&ccedil;&atilde;o Gerir os medicamentos<\/a><\/p>\n","protected":false},"excerpt":{"rendered":"<p>&nbsp; Por que motivo tem de os tomar? &Eacute; importante tomar os medicamentos para garantir que obt&eacute;m os melhores resultados poss&iacute;veis com o tratamento. Sugest&otilde;es e ferramentas para se lembrar de os tomar Ser-lhe-&atilde;o prescritos v&aacute;rios medicamentos para a insufici&ecirc;ncia card&iacute;aca, que tem de tomar a diferentes horas do dia. As seguintes sugest&otilde;es e ferramentas [&hellip;]<\/p>\n","protected":false},"author":1,"featured_media":0,"parent":2718,"menu_order":0,"comment_status":"open","ping_status":"open","template":"","meta":{"_acf_changed":false,"footnotes":""},"categories":[],"tags":[],"class_list":["post-1996","page","type-page","status-publish","hentry"],"acf":[],"yoast_head":"<!-- This site is optimized with the Yoast SEO plugin v24.8.1 - https:\/\/yoast.com\/wordpress\/plugins\/seo\/ -->\n<title>Sugest\u00f5es para se lembrar de tomar os medicamentos<\/title>\n<meta name=\"description\" content=\"\u00c9 importante tomar os seus medicamentos para garantir os melhores resultados poss\u00edveis no tratamento. Saiba como pode lembrar-se de tomar os seus medicamentos\" \/>\n<meta name=\"robots\" content=\"index, follow, max-snippet:-1, max-image-preview:large, max-video-preview:-1\" \/>\n<link rel=\"canonical\" href=\"https:\/\/www.heartfailurematters.org\/pt-pt\/o-que-pode-fazer\/sugestoes-para-se-lembrar-de-tomar-os-medicamentos\/\" \/>\n<meta property=\"og:locale\" content=\"pt_PT\" \/>\n<meta property=\"og:type\" content=\"article\" \/>\n<meta property=\"og:title\" content=\"Sugest\u00f5es para se lembrar de tomar os medicamentos\" \/>\n<meta property=\"og:description\" content=\"\u00c9 importante tomar os seus medicamentos para garantir os melhores resultados poss\u00edveis no tratamento. Saiba como pode lembrar-se de tomar os seus medicamentos\" \/>\n<meta property=\"og:url\" content=\"https:\/\/www.heartfailurematters.org\/pt-pt\/o-que-pode-fazer\/sugestoes-para-se-lembrar-de-tomar-os-medicamentos\/\" \/>\n<meta property=\"og:site_name\" content=\"Heart Failure Matters\" \/>\n<meta property=\"article:publisher\" content=\"https:\/\/www.facebook.com\/heartfailurematters\" \/>\n<meta name=\"twitter:card\" content=\"summary_large_image\" \/>\n<meta name=\"twitter:label1\" content=\"Tempo estimado de leitura\" \/>\n\t<meta name=\"twitter:data1\" content=\"3 minutos\" \/>\n<script type=\"application\/ld+json\" class=\"yoast-schema-graph\">{\"@context\":\"https:\/\/schema.org\",\"@graph\":[{\"@type\":\"WebPage\",\"@id\":\"https:\/\/www.heartfailurematters.org\/pt-pt\/o-que-pode-fazer\/sugestoes-para-se-lembrar-de-tomar-os-medicamentos\/\",\"url\":\"https:\/\/www.heartfailurematters.org\/pt-pt\/o-que-pode-fazer\/sugestoes-para-se-lembrar-de-tomar-os-medicamentos\/\",\"name\":\"Sugest\u00f5es para se lembrar de tomar os medicamentos\",\"isPartOf\":{\"@id\":\"https:\/\/www.heartfailurematters.org\/pt-pt\/#website\"},\"datePublished\":\"2021-01-27T22:06:13+00:00\",\"description\":\"\u00c9 importante tomar os seus medicamentos para garantir os melhores resultados poss\u00edveis no tratamento. Saiba como pode lembrar-se de tomar os seus medicamentos\",\"breadcrumb\":{\"@id\":\"https:\/\/www.heartfailurematters.org\/pt-pt\/o-que-pode-fazer\/sugestoes-para-se-lembrar-de-tomar-os-medicamentos\/#breadcrumb\"},\"inLanguage\":\"pt-PT\",\"potentialAction\":[{\"@type\":\"ReadAction\",\"target\":[\"https:\/\/www.heartfailurematters.org\/pt-pt\/o-que-pode-fazer\/sugestoes-para-se-lembrar-de-tomar-os-medicamentos\/\"]}]},{\"@type\":\"BreadcrumbList\",\"@id\":\"https:\/\/www.heartfailurematters.org\/pt-pt\/o-que-pode-fazer\/sugestoes-para-se-lembrar-de-tomar-os-medicamentos\/#breadcrumb\",\"itemListElement\":[{\"@type\":\"ListItem\",\"position\":1,\"name\":\"P\u00e1gina inicial\",\"item\":\"https:\/\/www.heartfailurematters.org\/pt-pt\/\"},{\"@type\":\"ListItem\",\"position\":2,\"name\":\"O que pode fazer\",\"item\":\"https:\/\/www.heartfailurematters.org\/pt-pt\/o-que-pode-fazer\/\"},{\"@type\":\"ListItem\",\"position\":3,\"name\":\"Sugest\u00f5es para se lembrar de tomar os medicamentos\"}]},{\"@type\":\"WebSite\",\"@id\":\"https:\/\/www.heartfailurematters.org\/pt-pt\/#website\",\"url\":\"https:\/\/www.heartfailurematters.org\/pt-pt\/\",\"name\":\"Heart Failure Matters\",\"description\":\"Practical information for patients, families and caregivers.\",\"publisher\":{\"@id\":\"https:\/\/www.heartfailurematters.org\/pt-pt\/#organization\"},\"potentialAction\":[{\"@type\":\"SearchAction\",\"target\":{\"@type\":\"EntryPoint\",\"urlTemplate\":\"https:\/\/www.heartfailurematters.org\/pt-pt\/?s={search_term_string}\"},\"query-input\":{\"@type\":\"PropertyValueSpecification\",\"valueRequired\":true,\"valueName\":\"search_term_string\"}}],\"inLanguage\":\"pt-PT\"},{\"@type\":\"Organization\",\"@id\":\"https:\/\/www.heartfailurematters.org\/pt-pt\/#organization\",\"name\":\"Heart Failure Matters\",\"url\":\"https:\/\/www.heartfailurematters.org\/pt-pt\/\",\"logo\":{\"@type\":\"ImageObject\",\"inLanguage\":\"pt-PT\",\"@id\":\"https:\/\/www.heartfailurematters.org\/pt-pt\/#\/schema\/logo\/image\/\",\"url\":\"https:\/\/cdn-endpoint-hfm.azureedge.net\/heartfailurematters\/2024\/07\/hfm-logo1.jpg\",\"contentUrl\":\"https:\/\/cdn-endpoint-hfm.azureedge.net\/heartfailurematters\/2024\/07\/hfm-logo1.jpg\",\"width\":1280,\"height\":720,\"caption\":\"Heart Failure Matters\"},\"image\":{\"@id\":\"https:\/\/www.heartfailurematters.org\/pt-pt\/#\/schema\/logo\/image\/\"},\"sameAs\":[\"https:\/\/www.facebook.com\/heartfailurematters\"]}]}<\/script>\n<!-- \/ Yoast SEO plugin. -->","yoast_head_json":{"title":"Sugest\u00f5es para se lembrar de tomar os medicamentos","description":"\u00c9 importante tomar os seus medicamentos para garantir os melhores resultados poss\u00edveis no tratamento. Saiba como pode lembrar-se de tomar os seus medicamentos","robots":{"index":"index","follow":"follow","max-snippet":"max-snippet:-1","max-image-preview":"max-image-preview:large","max-video-preview":"max-video-preview:-1"},"canonical":"https:\/\/www.heartfailurematters.org\/pt-pt\/o-que-pode-fazer\/sugestoes-para-se-lembrar-de-tomar-os-medicamentos\/","og_locale":"pt_PT","og_type":"article","og_title":"Sugest\u00f5es para se lembrar de tomar os medicamentos","og_description":"\u00c9 importante tomar os seus medicamentos para garantir os melhores resultados poss\u00edveis no tratamento. Saiba como pode lembrar-se de tomar os seus medicamentos","og_url":"https:\/\/www.heartfailurematters.org\/pt-pt\/o-que-pode-fazer\/sugestoes-para-se-lembrar-de-tomar-os-medicamentos\/","og_site_name":"Heart Failure Matters","article_publisher":"https:\/\/www.facebook.com\/heartfailurematters","twitter_card":"summary_large_image","twitter_misc":{"Tempo estimado de leitura":"3 minutos"},"schema":{"@context":"https:\/\/schema.org","@graph":[{"@type":"WebPage","@id":"https:\/\/www.heartfailurematters.org\/pt-pt\/o-que-pode-fazer\/sugestoes-para-se-lembrar-de-tomar-os-medicamentos\/","url":"https:\/\/www.heartfailurematters.org\/pt-pt\/o-que-pode-fazer\/sugestoes-para-se-lembrar-de-tomar-os-medicamentos\/","name":"Sugest\u00f5es para se lembrar de tomar os medicamentos","isPartOf":{"@id":"https:\/\/www.heartfailurematters.org\/pt-pt\/#website"},"datePublished":"2021-01-27T22:06:13+00:00","description":"\u00c9 importante tomar os seus medicamentos para garantir os melhores resultados poss\u00edveis no tratamento. Saiba como pode lembrar-se de tomar os seus medicamentos","breadcrumb":{"@id":"https:\/\/www.heartfailurematters.org\/pt-pt\/o-que-pode-fazer\/sugestoes-para-se-lembrar-de-tomar-os-medicamentos\/#breadcrumb"},"inLanguage":"pt-PT","potentialAction":[{"@type":"ReadAction","target":["https:\/\/www.heartfailurematters.org\/pt-pt\/o-que-pode-fazer\/sugestoes-para-se-lembrar-de-tomar-os-medicamentos\/"]}]},{"@type":"BreadcrumbList","@id":"https:\/\/www.heartfailurematters.org\/pt-pt\/o-que-pode-fazer\/sugestoes-para-se-lembrar-de-tomar-os-medicamentos\/#breadcrumb","itemListElement":[{"@type":"ListItem","position":1,"name":"P\u00e1gina inicial","item":"https:\/\/www.heartfailurematters.org\/pt-pt\/"},{"@type":"ListItem","position":2,"name":"O que pode fazer","item":"https:\/\/www.heartfailurematters.org\/pt-pt\/o-que-pode-fazer\/"},{"@type":"ListItem","position":3,"name":"Sugest\u00f5es para se lembrar de tomar os medicamentos"}]},{"@type":"WebSite","@id":"https:\/\/www.heartfailurematters.org\/pt-pt\/#website","url":"https:\/\/www.heartfailurematters.org\/pt-pt\/","name":"Heart Failure Matters","description":"Practical information for patients, families and caregivers.","publisher":{"@id":"https:\/\/www.heartfailurematters.org\/pt-pt\/#organization"},"potentialAction":[{"@type":"SearchAction","target":{"@type":"EntryPoint","urlTemplate":"https:\/\/www.heartfailurematters.org\/pt-pt\/?s={search_term_string}"},"query-input":{"@type":"PropertyValueSpecification","valueRequired":true,"valueName":"search_term_string"}}],"inLanguage":"pt-PT"},{"@type":"Organization","@id":"https:\/\/www.heartfailurematters.org\/pt-pt\/#organization","name":"Heart Failure Matters","url":"https:\/\/www.heartfailurematters.org\/pt-pt\/","logo":{"@type":"ImageObject","inLanguage":"pt-PT","@id":"https:\/\/www.heartfailurematters.org\/pt-pt\/#\/schema\/logo\/image\/","url":"https:\/\/cdn-endpoint-hfm.azureedge.net\/heartfailurematters\/2024\/07\/hfm-logo1.jpg","contentUrl":"https:\/\/cdn-endpoint-hfm.azureedge.net\/heartfailurematters\/2024\/07\/hfm-logo1.jpg","width":1280,"height":720,"caption":"Heart Failure Matters"},"image":{"@id":"https:\/\/www.heartfailurematters.org\/pt-pt\/#\/schema\/logo\/image\/"},"sameAs":["https:\/\/www.facebook.com\/heartfailurematters"]}]}},"_links":{"self":[{"href":"https:\/\/www.heartfailurematters.org\/pt-pt\/wp-json\/wp\/v2\/pages\/1996","targetHints":{"allow":["GET"]}}],"collection":[{"href":"https:\/\/www.heartfailurematters.org\/pt-pt\/wp-json\/wp\/v2\/pages"}],"about":[{"href":"https:\/\/www.heartfailurematters.org\/pt-pt\/wp-json\/wp\/v2\/types\/page"}],"author":[{"embeddable":true,"href":"https:\/\/www.heartfailurematters.org\/pt-pt\/wp-json\/wp\/v2\/users\/1"}],"replies":[{"embeddable":true,"href":"https:\/\/www.heartfailurematters.org\/pt-pt\/wp-json\/wp\/v2\/comments?post=1996"}],"version-history":[{"count":0,"href":"https:\/\/www.heartfailurematters.org\/pt-pt\/wp-json\/wp\/v2\/pages\/1996\/revisions"}],"up":[{"embeddable":true,"href":"https:\/\/www.heartfailurematters.org\/pt-pt\/wp-json\/wp\/v2\/pages\/2718"}],"wp:attachment":[{"href":"https:\/\/www.heartfailurematters.org\/pt-pt\/wp-json\/wp\/v2\/media?parent=1996"}],"wp:term":[{"taxonomy":"category","embeddable":true,"href":"https:\/\/www.heartfailurematters.org\/pt-pt\/wp-json\/wp\/v2\/categories?post=1996"},{"taxonomy":"post_tag","embeddable":true,"href":"https:\/\/www.heartfailurematters.org\/pt-pt\/wp-json\/wp\/v2\/tags?post=1996"}],"curies":[{"name":"wp","href":"https:\/\/api.w.org\/{rel}","templated":true}]}}