{"id":1995,"date":"2021-01-27T22:06:13","date_gmt":"2021-01-27T22:06:13","guid":{"rendered":"http:\/\/heartfailurematters.local:8888\/historia-clinica-e-exame-fisico\/"},"modified":"2022-01-24T16:37:07","modified_gmt":"2022-01-24T16:37:07","slug":"historia-clinica-e-exame-fisico","status":"publish","type":"page","link":"https:\/\/www.heartfailurematters.org\/pt-pt\/o-que-e-a-insuficiencia-cardiaca\/historia-clinica-e-exame-fisico\/","title":{"rendered":"Hist\u00f3ria cl\u00ednica e exame f\u00edsico"},"content":{"rendered":"<p><img decoding=\"async\" class=\"alignleft size-full wp-image-6700\" src=\"https:\/\/cdn-endpoint-hfm.azureedge.net\/heartfailurematters\/2021\/02\/General-physician-1.jpg\" alt=\"\" width=\"211\" height=\"206\" \/><\/p>\n<p>A primeira coisa que um m\u00e9dico far\u00e1 se suspeitar que tem insufici\u00eancia card\u00edaca \u00e9 fazer a sua <a class=\"addtooltip\" title=\"Informa\u00e7\u00f5es sobre uma pessoa\"><strong>hist\u00f3ria cl\u00ednica<\/strong><\/a> e realizar um exame f\u00edsico minucioso. Isto \u00e9 importante para identificar os sintomas atuais, mas tamb\u00e9m para tentar identificar a poss\u00edvel causa da insufici\u00eancia card\u00edaca. Durante a <a class=\"addtooltip\" title=\"&lt;div id='ToolTipTextWrap'&gt;hist\u00f3ria cl\u00ednica&lt;\/div&gt;&lt;p&gt; Informa\u00e7\u00f5es sobre uma pessoa&lt;\/p&gt;\"><strong>hist\u00f3ria cl\u00ednica<\/strong><\/a> e <a class=\"addtooltip\" title=\"Exame minucioso de um doente para identificar sinais de doen\u00e7a ou anormalidade.\"><strong>exame f\u00edsico<\/strong><\/a> o seu m\u00e9dico ir\u00e1 perguntar-lhe sobre os seus sintomas, doen\u00e7as atuais e anteriores, atividade f\u00edsica, respira\u00e7\u00e3o, sono, alimenta\u00e7\u00e3o e outras atividades. Depois de concluir a sua hist\u00f3ria cl\u00ednica, o m\u00e9dico realizar\u00e1 um exame f\u00edsico. As partes do <a class=\"addtooltip\" title=\"Exame minucioso de um doente para identificar sinais de uma doen\u00e7a ou anomalia.\"><strong>exame f\u00edsico<\/strong><\/a> que s\u00e3o as mais \u00fateis no diagn\u00f3stico da insufici\u00eancia card\u00edaca s\u00e3o:<\/p>\n<ul>\n<li>Me\u00e7a a press\u00e3o arterial e a pulsa\u00e7\u00e3o. A press\u00e3o arterial elevada exerce esfor\u00e7o adicional no cora\u00e7\u00e3o e uma frequ\u00eancia card\u00edaca r\u00e1pida e\/ou irregular poder\u00e1 indicar que o cora\u00e7\u00e3o est\u00e1 a tentar bombear mais rapidamente para compensar.<\/li>\n<li>Avalie a cor e a temperatura da pele.<\/li>\n<li>Verifique as veias no pesco\u00e7o. Se o sangue estiver a acumular no cora\u00e7\u00e3o, as veias no pesco\u00e7o poder\u00e3o inchar ou ficar salientes.<\/li>\n<li>Oi\u00e7a a sua respira\u00e7\u00e3o e o cora\u00e7\u00e3o com um estetosc\u00f3pio. Um som de triturar nos pulm\u00f5es ou pieira poder\u00e1 indicar <a class=\"addtooltip\" title=\"Quando existe demasiado l\u00edquido na circula\u00e7\u00e3o sangu\u00ednea e congest\u00e3o, a press\u00e3o aumenta nos vasos sangu\u00edneos. Consequentemente, ocorre extravasamento de l\u00edquido para os tecidos circundantes, onde se acumula provocando edema.\"><strong>acumula\u00e7\u00e3o de l\u00edquidos<\/strong><\/a> nos pulm\u00f5es. Os sons card\u00edacos anormais (sopros) podem indicar defeitos nas v\u00e1lvulas.<\/li>\n<li>Verifique o abd\u00f3men para incha\u00e7o causado pela acumula\u00e7\u00e3o de l\u00edquidos.<\/li>\n<li>Verifique os tornozelos e pernas para incha\u00e7o causado pela acumula\u00e7\u00e3o de l\u00edquidos.<\/li>\n<li>Pese-se.<\/li>\n<\/ul>\n<p><a title=\"\" href=\"https:\/\/www.heartfailurematters.org\/pt-pt\/o-que-e-a-insuficiencia-cardiaca\/exames-comuns-para-detetar-a-insuficiencia-cardiaca\/\">Voltar \u00e0 sec\u00e7\u00e3o Exames comuns para detetar a insufici\u00eancia card\u00edaca<\/a><\/p>\n","protected":false},"excerpt":{"rendered":"<p>A primeira coisa que um m\u00e9dico far\u00e1 se suspeitar que tem insufici\u00eancia card\u00edaca \u00e9 fazer a sua hist\u00f3ria cl\u00ednica e realizar um exame f\u00edsico minucioso. Isto \u00e9 importante para identificar os sintomas atuais, mas tamb\u00e9m para tentar identificar a poss\u00edvel causa da insufici\u00eancia card\u00edaca. Durante a hist\u00f3ria cl\u00ednica e exame f\u00edsico o seu m\u00e9dico ir\u00e1 [&hellip;]<\/p>\n","protected":false},"author":1,"featured_media":10618,"parent":1889,"menu_order":0,"comment_status":"open","ping_status":"open","template":"","meta":{"_acf_changed":false,"footnotes":""},"categories":[],"tags":[],"class_list":["post-1995","page","type-page","status-publish","has-post-thumbnail","hentry"],"acf":[],"yoast_head":"<!-- This site is optimized with the Yoast SEO plugin v24.8.1 - https:\/\/yoast.com\/wordpress\/plugins\/seo\/ -->\n<title>Hist\u00f3ria cl\u00ednica e exame f\u00edsico<\/title>\n<meta name=\"description\" content=\"A primeira coisa que um m\u00e9dico far\u00e1 se suspeitar que sofre de insufici\u00eancia card\u00edaca \u00e9 analisar o seu historial m\u00e9dico e realizar um exame completo ao corpo.\" \/>\n<meta name=\"robots\" content=\"index, follow, max-snippet:-1, max-image-preview:large, max-video-preview:-1\" \/>\n<link rel=\"canonical\" href=\"https:\/\/www.heartfailurematters.org\/pt-pt\/o-que-e-a-insuficiencia-cardiaca\/historia-clinica-e-exame-fisico\/\" \/>\n<meta property=\"og:locale\" content=\"pt_PT\" \/>\n<meta property=\"og:type\" content=\"article\" \/>\n<meta property=\"og:title\" content=\"Hist\u00f3ria cl\u00ednica e exame f\u00edsico\" \/>\n<meta property=\"og:description\" content=\"A primeira coisa que um m\u00e9dico far\u00e1 se suspeitar que sofre de insufici\u00eancia card\u00edaca \u00e9 analisar o seu historial m\u00e9dico e realizar um exame completo ao corpo.\" \/>\n<meta property=\"og:url\" content=\"https:\/\/www.heartfailurematters.org\/pt-pt\/o-que-e-a-insuficiencia-cardiaca\/historia-clinica-e-exame-fisico\/\" \/>\n<meta property=\"og:site_name\" content=\"Heart Failure Matters\" \/>\n<meta property=\"article:publisher\" content=\"https:\/\/www.facebook.com\/heartfailurematters\" \/>\n<meta property=\"article:modified_time\" content=\"2022-01-24T16:37:07+00:00\" \/>\n<meta property=\"og:image\" content=\"https:\/\/www.heartfailurematters.org\/wp-content\/uploads\/2022\/02\/shutterstock_470730977-1-min.jpg\" \/>\n\t<meta property=\"og:image:width\" content=\"900\" \/>\n\t<meta property=\"og:image:height\" content=\"590\" \/>\n\t<meta property=\"og:image:type\" content=\"image\/jpeg\" \/>\n<meta name=\"twitter:card\" content=\"summary_large_image\" \/>\n<meta name=\"twitter:label1\" content=\"Tempo estimado de leitura\" \/>\n\t<meta name=\"twitter:data1\" content=\"2 minutos\" \/>\n<script type=\"application\/ld+json\" class=\"yoast-schema-graph\">{\"@context\":\"https:\/\/schema.org\",\"@graph\":[{\"@type\":\"WebPage\",\"@id\":\"https:\/\/www.heartfailurematters.org\/pt-pt\/o-que-e-a-insuficiencia-cardiaca\/historia-clinica-e-exame-fisico\/\",\"url\":\"https:\/\/www.heartfailurematters.org\/pt-pt\/o-que-e-a-insuficiencia-cardiaca\/historia-clinica-e-exame-fisico\/\",\"name\":\"Hist\u00f3ria cl\u00ednica e exame f\u00edsico\",\"isPartOf\":{\"@id\":\"https:\/\/www.heartfailurematters.org\/pt-pt\/#website\"},\"primaryImageOfPage\":{\"@id\":\"https:\/\/www.heartfailurematters.org\/pt-pt\/o-que-e-a-insuficiencia-cardiaca\/historia-clinica-e-exame-fisico\/#primaryimage\"},\"image\":{\"@id\":\"https:\/\/www.heartfailurematters.org\/pt-pt\/o-que-e-a-insuficiencia-cardiaca\/historia-clinica-e-exame-fisico\/#primaryimage\"},\"thumbnailUrl\":\"https:\/\/www.heartfailurematters.org\/wp-content\/uploads\/2022\/02\/shutterstock_470730977-1-min.jpg\",\"datePublished\":\"2021-01-27T22:06:13+00:00\",\"dateModified\":\"2022-01-24T16:37:07+00:00\",\"description\":\"A primeira coisa que um m\u00e9dico far\u00e1 se suspeitar que sofre de insufici\u00eancia card\u00edaca \u00e9 analisar o seu historial m\u00e9dico e realizar um exame completo ao corpo.\",\"breadcrumb\":{\"@id\":\"https:\/\/www.heartfailurematters.org\/pt-pt\/o-que-e-a-insuficiencia-cardiaca\/historia-clinica-e-exame-fisico\/#breadcrumb\"},\"inLanguage\":\"pt-PT\",\"potentialAction\":[{\"@type\":\"ReadAction\",\"target\":[\"https:\/\/www.heartfailurematters.org\/pt-pt\/o-que-e-a-insuficiencia-cardiaca\/historia-clinica-e-exame-fisico\/\"]}]},{\"@type\":\"ImageObject\",\"inLanguage\":\"pt-PT\",\"@id\":\"https:\/\/www.heartfailurematters.org\/pt-pt\/o-que-e-a-insuficiencia-cardiaca\/historia-clinica-e-exame-fisico\/#primaryimage\",\"url\":\"https:\/\/www.heartfailurematters.org\/wp-content\/uploads\/2022\/02\/shutterstock_470730977-1-min.jpg\",\"contentUrl\":\"https:\/\/www.heartfailurematters.org\/wp-content\/uploads\/2022\/02\/shutterstock_470730977-1-min.jpg\",\"width\":900,\"height\":590},{\"@type\":\"BreadcrumbList\",\"@id\":\"https:\/\/www.heartfailurematters.org\/pt-pt\/o-que-e-a-insuficiencia-cardiaca\/historia-clinica-e-exame-fisico\/#breadcrumb\",\"itemListElement\":[{\"@type\":\"ListItem\",\"position\":1,\"name\":\"P\u00e1gina inicial\",\"item\":\"https:\/\/www.heartfailurematters.org\/pt-pt\/\"},{\"@type\":\"ListItem\",\"position\":2,\"name\":\"Compreender a insufici\u00eancia card\u00edaca\",\"item\":\"https:\/\/www.heartfailurematters.org\/pt-pt\/o-que-e-a-insuficiencia-cardiaca\/\"},{\"@type\":\"ListItem\",\"position\":3,\"name\":\"Hist\u00f3ria cl\u00ednica e exame f\u00edsico\"}]},{\"@type\":\"WebSite\",\"@id\":\"https:\/\/www.heartfailurematters.org\/pt-pt\/#website\",\"url\":\"https:\/\/www.heartfailurematters.org\/pt-pt\/\",\"name\":\"Heart Failure Matters\",\"description\":\"Practical information for patients, families and caregivers.\",\"publisher\":{\"@id\":\"https:\/\/www.heartfailurematters.org\/pt-pt\/#organization\"},\"potentialAction\":[{\"@type\":\"SearchAction\",\"target\":{\"@type\":\"EntryPoint\",\"urlTemplate\":\"https:\/\/www.heartfailurematters.org\/pt-pt\/?s={search_term_string}\"},\"query-input\":{\"@type\":\"PropertyValueSpecification\",\"valueRequired\":true,\"valueName\":\"search_term_string\"}}],\"inLanguage\":\"pt-PT\"},{\"@type\":\"Organization\",\"@id\":\"https:\/\/www.heartfailurematters.org\/pt-pt\/#organization\",\"name\":\"Heart Failure Matters\",\"url\":\"https:\/\/www.heartfailurematters.org\/pt-pt\/\",\"logo\":{\"@type\":\"ImageObject\",\"inLanguage\":\"pt-PT\",\"@id\":\"https:\/\/www.heartfailurematters.org\/pt-pt\/#\/schema\/logo\/image\/\",\"url\":\"https:\/\/cdn-endpoint-hfm.azureedge.net\/heartfailurematters\/2024\/07\/hfm-logo1.jpg\",\"contentUrl\":\"https:\/\/cdn-endpoint-hfm.azureedge.net\/heartfailurematters\/2024\/07\/hfm-logo1.jpg\",\"width\":1280,\"height\":720,\"caption\":\"Heart Failure Matters\"},\"image\":{\"@id\":\"https:\/\/www.heartfailurematters.org\/pt-pt\/#\/schema\/logo\/image\/\"},\"sameAs\":[\"https:\/\/www.facebook.com\/heartfailurematters\"]}]}<\/script>\n<!-- \/ Yoast SEO plugin. -->","yoast_head_json":{"title":"Hist\u00f3ria cl\u00ednica e exame f\u00edsico","description":"A primeira coisa que um m\u00e9dico far\u00e1 se suspeitar que sofre de insufici\u00eancia card\u00edaca \u00e9 analisar o seu historial m\u00e9dico e realizar um exame completo ao corpo.","robots":{"index":"index","follow":"follow","max-snippet":"max-snippet:-1","max-image-preview":"max-image-preview:large","max-video-preview":"max-video-preview:-1"},"canonical":"https:\/\/www.heartfailurematters.org\/pt-pt\/o-que-e-a-insuficiencia-cardiaca\/historia-clinica-e-exame-fisico\/","og_locale":"pt_PT","og_type":"article","og_title":"Hist\u00f3ria cl\u00ednica e exame f\u00edsico","og_description":"A primeira coisa que um m\u00e9dico far\u00e1 se suspeitar que sofre de insufici\u00eancia card\u00edaca \u00e9 analisar o seu historial m\u00e9dico e realizar um exame completo ao corpo.","og_url":"https:\/\/www.heartfailurematters.org\/pt-pt\/o-que-e-a-insuficiencia-cardiaca\/historia-clinica-e-exame-fisico\/","og_site_name":"Heart Failure Matters","article_publisher":"https:\/\/www.facebook.com\/heartfailurematters","article_modified_time":"2022-01-24T16:37:07+00:00","og_image":[{"width":900,"height":590,"url":"https:\/\/www.heartfailurematters.org\/wp-content\/uploads\/2022\/02\/shutterstock_470730977-1-min.jpg","type":"image\/jpeg"}],"twitter_card":"summary_large_image","twitter_misc":{"Tempo estimado de leitura":"2 minutos"},"schema":{"@context":"https:\/\/schema.org","@graph":[{"@type":"WebPage","@id":"https:\/\/www.heartfailurematters.org\/pt-pt\/o-que-e-a-insuficiencia-cardiaca\/historia-clinica-e-exame-fisico\/","url":"https:\/\/www.heartfailurematters.org\/pt-pt\/o-que-e-a-insuficiencia-cardiaca\/historia-clinica-e-exame-fisico\/","name":"Hist\u00f3ria cl\u00ednica e exame f\u00edsico","isPartOf":{"@id":"https:\/\/www.heartfailurematters.org\/pt-pt\/#website"},"primaryImageOfPage":{"@id":"https:\/\/www.heartfailurematters.org\/pt-pt\/o-que-e-a-insuficiencia-cardiaca\/historia-clinica-e-exame-fisico\/#primaryimage"},"image":{"@id":"https:\/\/www.heartfailurematters.org\/pt-pt\/o-que-e-a-insuficiencia-cardiaca\/historia-clinica-e-exame-fisico\/#primaryimage"},"thumbnailUrl":"https:\/\/www.heartfailurematters.org\/wp-content\/uploads\/2022\/02\/shutterstock_470730977-1-min.jpg","datePublished":"2021-01-27T22:06:13+00:00","dateModified":"2022-01-24T16:37:07+00:00","description":"A primeira coisa que um m\u00e9dico far\u00e1 se suspeitar que sofre de insufici\u00eancia card\u00edaca \u00e9 analisar o seu historial m\u00e9dico e realizar um exame completo ao corpo.","breadcrumb":{"@id":"https:\/\/www.heartfailurematters.org\/pt-pt\/o-que-e-a-insuficiencia-cardiaca\/historia-clinica-e-exame-fisico\/#breadcrumb"},"inLanguage":"pt-PT","potentialAction":[{"@type":"ReadAction","target":["https:\/\/www.heartfailurematters.org\/pt-pt\/o-que-e-a-insuficiencia-cardiaca\/historia-clinica-e-exame-fisico\/"]}]},{"@type":"ImageObject","inLanguage":"pt-PT","@id":"https:\/\/www.heartfailurematters.org\/pt-pt\/o-que-e-a-insuficiencia-cardiaca\/historia-clinica-e-exame-fisico\/#primaryimage","url":"https:\/\/www.heartfailurematters.org\/wp-content\/uploads\/2022\/02\/shutterstock_470730977-1-min.jpg","contentUrl":"https:\/\/www.heartfailurematters.org\/wp-content\/uploads\/2022\/02\/shutterstock_470730977-1-min.jpg","width":900,"height":590},{"@type":"BreadcrumbList","@id":"https:\/\/www.heartfailurematters.org\/pt-pt\/o-que-e-a-insuficiencia-cardiaca\/historia-clinica-e-exame-fisico\/#breadcrumb","itemListElement":[{"@type":"ListItem","position":1,"name":"P\u00e1gina inicial","item":"https:\/\/www.heartfailurematters.org\/pt-pt\/"},{"@type":"ListItem","position":2,"name":"Compreender a insufici\u00eancia card\u00edaca","item":"https:\/\/www.heartfailurematters.org\/pt-pt\/o-que-e-a-insuficiencia-cardiaca\/"},{"@type":"ListItem","position":3,"name":"Hist\u00f3ria cl\u00ednica e exame f\u00edsico"}]},{"@type":"WebSite","@id":"https:\/\/www.heartfailurematters.org\/pt-pt\/#website","url":"https:\/\/www.heartfailurematters.org\/pt-pt\/","name":"Heart Failure Matters","description":"Practical information for patients, families and caregivers.","publisher":{"@id":"https:\/\/www.heartfailurematters.org\/pt-pt\/#organization"},"potentialAction":[{"@type":"SearchAction","target":{"@type":"EntryPoint","urlTemplate":"https:\/\/www.heartfailurematters.org\/pt-pt\/?s={search_term_string}"},"query-input":{"@type":"PropertyValueSpecification","valueRequired":true,"valueName":"search_term_string"}}],"inLanguage":"pt-PT"},{"@type":"Organization","@id":"https:\/\/www.heartfailurematters.org\/pt-pt\/#organization","name":"Heart Failure Matters","url":"https:\/\/www.heartfailurematters.org\/pt-pt\/","logo":{"@type":"ImageObject","inLanguage":"pt-PT","@id":"https:\/\/www.heartfailurematters.org\/pt-pt\/#\/schema\/logo\/image\/","url":"https:\/\/cdn-endpoint-hfm.azureedge.net\/heartfailurematters\/2024\/07\/hfm-logo1.jpg","contentUrl":"https:\/\/cdn-endpoint-hfm.azureedge.net\/heartfailurematters\/2024\/07\/hfm-logo1.jpg","width":1280,"height":720,"caption":"Heart Failure Matters"},"image":{"@id":"https:\/\/www.heartfailurematters.org\/pt-pt\/#\/schema\/logo\/image\/"},"sameAs":["https:\/\/www.facebook.com\/heartfailurematters"]}]}},"_links":{"self":[{"href":"https:\/\/www.heartfailurematters.org\/pt-pt\/wp-json\/wp\/v2\/pages\/1995","targetHints":{"allow":["GET"]}}],"collection":[{"href":"https:\/\/www.heartfailurematters.org\/pt-pt\/wp-json\/wp\/v2\/pages"}],"about":[{"href":"https:\/\/www.heartfailurematters.org\/pt-pt\/wp-json\/wp\/v2\/types\/page"}],"author":[{"embeddable":true,"href":"https:\/\/www.heartfailurematters.org\/pt-pt\/wp-json\/wp\/v2\/users\/1"}],"replies":[{"embeddable":true,"href":"https:\/\/www.heartfailurematters.org\/pt-pt\/wp-json\/wp\/v2\/comments?post=1995"}],"version-history":[{"count":2,"href":"https:\/\/www.heartfailurematters.org\/pt-pt\/wp-json\/wp\/v2\/pages\/1995\/revisions"}],"predecessor-version":[{"id":10365,"href":"https:\/\/www.heartfailurematters.org\/pt-pt\/wp-json\/wp\/v2\/pages\/1995\/revisions\/10365"}],"up":[{"embeddable":true,"href":"https:\/\/www.heartfailurematters.org\/pt-pt\/wp-json\/wp\/v2\/pages\/1889"}],"wp:featuredmedia":[{"embeddable":true,"href":"https:\/\/www.heartfailurematters.org\/pt-pt\/wp-json\/wp\/v2\/media\/10618"}],"wp:attachment":[{"href":"https:\/\/www.heartfailurematters.org\/pt-pt\/wp-json\/wp\/v2\/media?parent=1995"}],"wp:term":[{"taxonomy":"category","embeddable":true,"href":"https:\/\/www.heartfailurematters.org\/pt-pt\/wp-json\/wp\/v2\/categories?post=1995"},{"taxonomy":"post_tag","embeddable":true,"href":"https:\/\/www.heartfailurematters.org\/pt-pt\/wp-json\/wp\/v2\/tags?post=1995"}],"curies":[{"name":"wp","href":"https:\/\/api.w.org\/{rel}","templated":true}]}}