{"id":1992,"date":"2021-01-27T22:06:05","date_gmt":"2021-01-27T22:06:05","guid":{"rendered":"http:\/\/heartfailurematters.local:8888\/cirurgia-valvular\/"},"modified":"2022-01-25T12:53:09","modified_gmt":"2022-01-25T12:53:09","slug":"cirurgia-valvular","status":"publish","type":"page","link":"https:\/\/www.heartfailurematters.org\/pt-pt\/o-que-o-seu-medico-ou-enfermeiro-pode-fazer\/cirurgia-valvular\/","title":{"rendered":"Cirurgia valvular"},"content":{"rendered":"<h2>Por que motivo \u00e9 realizada?<\/h2>\n<p>A sua insufici\u00eancia card\u00edaca poder\u00e1 ter sido causada por uma v\u00e1lvula card\u00edaca doente ou com defeito. <a class=\"addtooltip\" title=\"&lt;div id='ToolTipTextWrap'&gt;V\u00e1lvulas&lt;\/div&gt;&lt;p&gt; As v\u00e1lvulas controlam o fluxo unidirecional do sangue atrav\u00e9s do cora\u00e7\u00e3o, impedindo-o de circular para tr\u00e1s.&lt;\/p&gt;\"><strong>v\u00e1lvulas<\/strong><\/a> card\u00edaca encaminham o fluxo unidirecional do sangue no interior do cora\u00e7\u00e3o. As v\u00e1lvulas podem ficar apertadas, ou n\u00e3o fechar bem, ou ambos. Se n\u00e3o funcionarem corretamente, isto sobrecarrega o cora\u00e7\u00e3o e pode causar insufici\u00eancia card\u00edaca. Este problema pode ser melhorado ou curado com cirurgia, que s\u00f3 ser\u00e1 realizada se os benef\u00edcios esperados superarem os riscos.<\/p>\n<h2>O que implica?<\/h2>\n<p>Durante a cirurgia, estar\u00e1 ligado a uma m\u00e1quina cardiopulmonar que fornece sangue ao c\u00e9rebro e corpo, enquanto a v\u00e1lvula com defeito \u00e9 removida e substitu\u00edda.<\/p>\n<h2>O seu m\u00e9dico ir\u00e1 dizer-lhe que tipo de v\u00e1lvula \u00e9 mais indicada para si:<\/h2>\n<ul>\n<li>Uma v\u00e1lvula mec\u00e2nica (artificial) de carbono, metal ou pl\u00e1stico<\/li>\n<li>Uma v\u00e1lvula met\u00e1lica ou pl\u00e1stica<\/li>\n<li>Uma v\u00e1lvula feita de tecido humano ou tecido de animais (normalmente, de porco)<\/li>\n<\/ul>\n<p>Em alguns casos, a v\u00e1lvula pode ser reparada sem materiais artificiais e sem ser necess\u00e1rio realizar uma cirurgia de cora\u00e7\u00e3o aberto. Estes procedimentos como a valvuloplastia mitral ou a implanta\u00e7\u00e3o transcateter da v\u00e1lvula a\u00f3rtica (TAVI) s\u00e3o realizados a partir da virilha e com anestesia local.<\/p>\n<p>Ap\u00f3s a cirurgia, poder\u00e1 ter de tomar medicamentos (<a class=\"addtooltip\" title=\"Medicamentos que impedem a forma\u00e7\u00e3o de co\u00e1gulos sangu\u00edneos, especialmente nas art\u00e9rias coron\u00e1rias.&lt;\/p&gt;\"><strong>anticoagulantes<\/strong><\/a>) para prevenir a forma\u00e7\u00e3o de co\u00e1gulos sangu\u00edneos na nova v\u00e1lvula card\u00edaca. Normalmente, isto n\u00e3o \u00e9 necess\u00e1rio quando se utilizam v\u00e1lvulas de tecido.<\/p>\n<p>Se for necess\u00e1rio realizar qualquer outro tipo de cirurgia posteriormente, ser-lhe-\u00e1 administrado um antibi\u00f3tico para evitar a infe\u00e7\u00e3o da v\u00e1lvula.<\/p>\n<h2>Perguntas para fazer ao seu m\u00e9dico:<\/h2>\n<ul>\n<li>Quais s\u00e3o os riscos associados a esta cirurgia?<\/li>\n<li>Quanto tempo terei de ficar no hospital?<\/li>\n<li>Quanto tempo demorar\u00e1 a recupera\u00e7\u00e3o?<\/li>\n<li>Qual \u00e9 o n\u00edvel de atividade f\u00edsica que posso fazer ap\u00f3s a cirurgia?<\/li>\n<li>Quais os medicamentos que tenho de tomar ap\u00f3s a cirurgia?<\/li>\n<\/ul>\n<p><a href=\"https:\/\/www.heartfailurematters.org\/what-your-doctor-can-do\/surgery\/\">Voltar \u00e0 sec\u00e7\u00e3o Cirurgia<\/a><\/p>\n","protected":false},"excerpt":{"rendered":"<p>Por que motivo \u00e9 realizada? A sua insufici\u00eancia card\u00edaca poder\u00e1 ter sido causada por uma v\u00e1lvula card\u00edaca doente ou com defeito. v\u00e1lvulas card\u00edaca encaminham o fluxo unidirecional do sangue no interior do cora\u00e7\u00e3o. As v\u00e1lvulas podem ficar apertadas, ou n\u00e3o fechar bem, ou ambos. Se n\u00e3o funcionarem corretamente, isto sobrecarrega o cora\u00e7\u00e3o e pode causar [&hellip;]<\/p>\n","protected":false},"author":1,"featured_media":10936,"parent":2682,"menu_order":0,"comment_status":"open","ping_status":"open","template":"","meta":{"_acf_changed":false,"footnotes":""},"categories":[],"tags":[],"class_list":["post-1992","page","type-page","status-publish","has-post-thumbnail","hentry"],"acf":[],"yoast_head":"<!-- This site is optimized with the Yoast SEO plugin v24.8.1 - https:\/\/yoast.com\/wordpress\/plugins\/seo\/ -->\n<title>Cirurgia valvular para doentes com insufici\u00eancia card\u00edaca<\/title>\n<meta name=\"description\" content=\"Na opera\u00e7\u00e3o, ser\u00e1 ligado a uma m\u00e1quina de cora\u00e7\u00e3o-pulm\u00e3o que fornece sangue ao c\u00e9rebro e ao corpo, permitindo a remo\u00e7\u00e3o e substitui\u00e7\u00e3o da v\u00e1lvula defeituosa.\" \/>\n<meta name=\"robots\" content=\"index, follow, max-snippet:-1, max-image-preview:large, max-video-preview:-1\" \/>\n<link rel=\"canonical\" href=\"https:\/\/www.heartfailurematters.org\/pt-pt\/o-que-o-seu-medico-ou-enfermeiro-pode-fazer\/cirurgia-valvular\/\" \/>\n<meta property=\"og:locale\" content=\"pt_PT\" \/>\n<meta property=\"og:type\" content=\"article\" \/>\n<meta property=\"og:title\" content=\"Cirurgia valvular para doentes com insufici\u00eancia card\u00edaca\" \/>\n<meta property=\"og:description\" content=\"Na opera\u00e7\u00e3o, ser\u00e1 ligado a uma m\u00e1quina de cora\u00e7\u00e3o-pulm\u00e3o que fornece sangue ao c\u00e9rebro e ao corpo, permitindo a remo\u00e7\u00e3o e substitui\u00e7\u00e3o da v\u00e1lvula defeituosa.\" \/>\n<meta property=\"og:url\" content=\"https:\/\/www.heartfailurematters.org\/pt-pt\/o-que-o-seu-medico-ou-enfermeiro-pode-fazer\/cirurgia-valvular\/\" \/>\n<meta property=\"og:site_name\" content=\"Heart Failure Matters\" \/>\n<meta property=\"article:publisher\" content=\"https:\/\/www.facebook.com\/heartfailurematters\" \/>\n<meta property=\"article:modified_time\" content=\"2022-01-25T12:53:09+00:00\" \/>\n<meta property=\"og:image\" content=\"https:\/\/www.heartfailurematters.org\/wp-content\/uploads\/2022\/03\/shutterstock_2073525971-1-min.jpg\" \/>\n\t<meta property=\"og:image:width\" content=\"900\" \/>\n\t<meta property=\"og:image:height\" content=\"559\" \/>\n\t<meta property=\"og:image:type\" content=\"image\/jpeg\" \/>\n<meta name=\"twitter:card\" content=\"summary_large_image\" \/>\n<meta name=\"twitter:label1\" content=\"Tempo estimado de leitura\" \/>\n\t<meta name=\"twitter:data1\" content=\"2 minutos\" \/>\n<script type=\"application\/ld+json\" class=\"yoast-schema-graph\">{\"@context\":\"https:\/\/schema.org\",\"@graph\":[{\"@type\":\"WebPage\",\"@id\":\"https:\/\/www.heartfailurematters.org\/pt-pt\/o-que-o-seu-medico-ou-enfermeiro-pode-fazer\/cirurgia-valvular\/\",\"url\":\"https:\/\/www.heartfailurematters.org\/pt-pt\/o-que-o-seu-medico-ou-enfermeiro-pode-fazer\/cirurgia-valvular\/\",\"name\":\"Cirurgia valvular para doentes com insufici\u00eancia card\u00edaca\",\"isPartOf\":{\"@id\":\"https:\/\/www.heartfailurematters.org\/pt-pt\/#website\"},\"primaryImageOfPage\":{\"@id\":\"https:\/\/www.heartfailurematters.org\/pt-pt\/o-que-o-seu-medico-ou-enfermeiro-pode-fazer\/cirurgia-valvular\/#primaryimage\"},\"image\":{\"@id\":\"https:\/\/www.heartfailurematters.org\/pt-pt\/o-que-o-seu-medico-ou-enfermeiro-pode-fazer\/cirurgia-valvular\/#primaryimage\"},\"thumbnailUrl\":\"https:\/\/www.heartfailurematters.org\/wp-content\/uploads\/2022\/03\/shutterstock_2073525971-1-min.jpg\",\"datePublished\":\"2021-01-27T22:06:05+00:00\",\"dateModified\":\"2022-01-25T12:53:09+00:00\",\"description\":\"Na opera\u00e7\u00e3o, ser\u00e1 ligado a uma m\u00e1quina de cora\u00e7\u00e3o-pulm\u00e3o que fornece sangue ao c\u00e9rebro e ao corpo, permitindo a remo\u00e7\u00e3o e substitui\u00e7\u00e3o da v\u00e1lvula defeituosa.\",\"breadcrumb\":{\"@id\":\"https:\/\/www.heartfailurematters.org\/pt-pt\/o-que-o-seu-medico-ou-enfermeiro-pode-fazer\/cirurgia-valvular\/#breadcrumb\"},\"inLanguage\":\"pt-PT\",\"potentialAction\":[{\"@type\":\"ReadAction\",\"target\":[\"https:\/\/www.heartfailurematters.org\/pt-pt\/o-que-o-seu-medico-ou-enfermeiro-pode-fazer\/cirurgia-valvular\/\"]}]},{\"@type\":\"ImageObject\",\"inLanguage\":\"pt-PT\",\"@id\":\"https:\/\/www.heartfailurematters.org\/pt-pt\/o-que-o-seu-medico-ou-enfermeiro-pode-fazer\/cirurgia-valvular\/#primaryimage\",\"url\":\"https:\/\/www.heartfailurematters.org\/wp-content\/uploads\/2022\/03\/shutterstock_2073525971-1-min.jpg\",\"contentUrl\":\"https:\/\/www.heartfailurematters.org\/wp-content\/uploads\/2022\/03\/shutterstock_2073525971-1-min.jpg\",\"width\":900,\"height\":559},{\"@type\":\"BreadcrumbList\",\"@id\":\"https:\/\/www.heartfailurematters.org\/pt-pt\/o-que-o-seu-medico-ou-enfermeiro-pode-fazer\/cirurgia-valvular\/#breadcrumb\",\"itemListElement\":[{\"@type\":\"ListItem\",\"position\":1,\"name\":\"P\u00e1gina inicial\",\"item\":\"https:\/\/www.heartfailurematters.org\/pt-pt\/\"},{\"@type\":\"ListItem\",\"position\":2,\"name\":\"O que o seu m\u00e9dico pode fazer\",\"item\":\"https:\/\/www.heartfailurematters.org\/pt-pt\/o-que-o-seu-medico-ou-enfermeiro-pode-fazer\/\"},{\"@type\":\"ListItem\",\"position\":3,\"name\":\"Cirurgia valvular\"}]},{\"@type\":\"WebSite\",\"@id\":\"https:\/\/www.heartfailurematters.org\/pt-pt\/#website\",\"url\":\"https:\/\/www.heartfailurematters.org\/pt-pt\/\",\"name\":\"Heart Failure Matters\",\"description\":\"Practical information for patients, families and caregivers.\",\"publisher\":{\"@id\":\"https:\/\/www.heartfailurematters.org\/pt-pt\/#organization\"},\"potentialAction\":[{\"@type\":\"SearchAction\",\"target\":{\"@type\":\"EntryPoint\",\"urlTemplate\":\"https:\/\/www.heartfailurematters.org\/pt-pt\/?s={search_term_string}\"},\"query-input\":{\"@type\":\"PropertyValueSpecification\",\"valueRequired\":true,\"valueName\":\"search_term_string\"}}],\"inLanguage\":\"pt-PT\"},{\"@type\":\"Organization\",\"@id\":\"https:\/\/www.heartfailurematters.org\/pt-pt\/#organization\",\"name\":\"Heart Failure Matters\",\"url\":\"https:\/\/www.heartfailurematters.org\/pt-pt\/\",\"logo\":{\"@type\":\"ImageObject\",\"inLanguage\":\"pt-PT\",\"@id\":\"https:\/\/www.heartfailurematters.org\/pt-pt\/#\/schema\/logo\/image\/\",\"url\":\"https:\/\/cdn-endpoint-hfm.azureedge.net\/heartfailurematters\/2024\/07\/hfm-logo1.jpg\",\"contentUrl\":\"https:\/\/cdn-endpoint-hfm.azureedge.net\/heartfailurematters\/2024\/07\/hfm-logo1.jpg\",\"width\":1280,\"height\":720,\"caption\":\"Heart Failure Matters\"},\"image\":{\"@id\":\"https:\/\/www.heartfailurematters.org\/pt-pt\/#\/schema\/logo\/image\/\"},\"sameAs\":[\"https:\/\/www.facebook.com\/heartfailurematters\"]}]}<\/script>\n<!-- \/ Yoast SEO plugin. -->","yoast_head_json":{"title":"Cirurgia valvular para doentes com insufici\u00eancia card\u00edaca","description":"Na opera\u00e7\u00e3o, ser\u00e1 ligado a uma m\u00e1quina de cora\u00e7\u00e3o-pulm\u00e3o que fornece sangue ao c\u00e9rebro e ao corpo, permitindo a remo\u00e7\u00e3o e substitui\u00e7\u00e3o da v\u00e1lvula defeituosa.","robots":{"index":"index","follow":"follow","max-snippet":"max-snippet:-1","max-image-preview":"max-image-preview:large","max-video-preview":"max-video-preview:-1"},"canonical":"https:\/\/www.heartfailurematters.org\/pt-pt\/o-que-o-seu-medico-ou-enfermeiro-pode-fazer\/cirurgia-valvular\/","og_locale":"pt_PT","og_type":"article","og_title":"Cirurgia valvular para doentes com insufici\u00eancia card\u00edaca","og_description":"Na opera\u00e7\u00e3o, ser\u00e1 ligado a uma m\u00e1quina de cora\u00e7\u00e3o-pulm\u00e3o que fornece sangue ao c\u00e9rebro e ao corpo, permitindo a remo\u00e7\u00e3o e substitui\u00e7\u00e3o da v\u00e1lvula defeituosa.","og_url":"https:\/\/www.heartfailurematters.org\/pt-pt\/o-que-o-seu-medico-ou-enfermeiro-pode-fazer\/cirurgia-valvular\/","og_site_name":"Heart Failure Matters","article_publisher":"https:\/\/www.facebook.com\/heartfailurematters","article_modified_time":"2022-01-25T12:53:09+00:00","og_image":[{"width":900,"height":559,"url":"https:\/\/www.heartfailurematters.org\/wp-content\/uploads\/2022\/03\/shutterstock_2073525971-1-min.jpg","type":"image\/jpeg"}],"twitter_card":"summary_large_image","twitter_misc":{"Tempo estimado de leitura":"2 minutos"},"schema":{"@context":"https:\/\/schema.org","@graph":[{"@type":"WebPage","@id":"https:\/\/www.heartfailurematters.org\/pt-pt\/o-que-o-seu-medico-ou-enfermeiro-pode-fazer\/cirurgia-valvular\/","url":"https:\/\/www.heartfailurematters.org\/pt-pt\/o-que-o-seu-medico-ou-enfermeiro-pode-fazer\/cirurgia-valvular\/","name":"Cirurgia valvular para doentes com insufici\u00eancia card\u00edaca","isPartOf":{"@id":"https:\/\/www.heartfailurematters.org\/pt-pt\/#website"},"primaryImageOfPage":{"@id":"https:\/\/www.heartfailurematters.org\/pt-pt\/o-que-o-seu-medico-ou-enfermeiro-pode-fazer\/cirurgia-valvular\/#primaryimage"},"image":{"@id":"https:\/\/www.heartfailurematters.org\/pt-pt\/o-que-o-seu-medico-ou-enfermeiro-pode-fazer\/cirurgia-valvular\/#primaryimage"},"thumbnailUrl":"https:\/\/www.heartfailurematters.org\/wp-content\/uploads\/2022\/03\/shutterstock_2073525971-1-min.jpg","datePublished":"2021-01-27T22:06:05+00:00","dateModified":"2022-01-25T12:53:09+00:00","description":"Na opera\u00e7\u00e3o, ser\u00e1 ligado a uma m\u00e1quina de cora\u00e7\u00e3o-pulm\u00e3o que fornece sangue ao c\u00e9rebro e ao corpo, permitindo a remo\u00e7\u00e3o e substitui\u00e7\u00e3o da v\u00e1lvula defeituosa.","breadcrumb":{"@id":"https:\/\/www.heartfailurematters.org\/pt-pt\/o-que-o-seu-medico-ou-enfermeiro-pode-fazer\/cirurgia-valvular\/#breadcrumb"},"inLanguage":"pt-PT","potentialAction":[{"@type":"ReadAction","target":["https:\/\/www.heartfailurematters.org\/pt-pt\/o-que-o-seu-medico-ou-enfermeiro-pode-fazer\/cirurgia-valvular\/"]}]},{"@type":"ImageObject","inLanguage":"pt-PT","@id":"https:\/\/www.heartfailurematters.org\/pt-pt\/o-que-o-seu-medico-ou-enfermeiro-pode-fazer\/cirurgia-valvular\/#primaryimage","url":"https:\/\/www.heartfailurematters.org\/wp-content\/uploads\/2022\/03\/shutterstock_2073525971-1-min.jpg","contentUrl":"https:\/\/www.heartfailurematters.org\/wp-content\/uploads\/2022\/03\/shutterstock_2073525971-1-min.jpg","width":900,"height":559},{"@type":"BreadcrumbList","@id":"https:\/\/www.heartfailurematters.org\/pt-pt\/o-que-o-seu-medico-ou-enfermeiro-pode-fazer\/cirurgia-valvular\/#breadcrumb","itemListElement":[{"@type":"ListItem","position":1,"name":"P\u00e1gina inicial","item":"https:\/\/www.heartfailurematters.org\/pt-pt\/"},{"@type":"ListItem","position":2,"name":"O que o seu m\u00e9dico pode fazer","item":"https:\/\/www.heartfailurematters.org\/pt-pt\/o-que-o-seu-medico-ou-enfermeiro-pode-fazer\/"},{"@type":"ListItem","position":3,"name":"Cirurgia valvular"}]},{"@type":"WebSite","@id":"https:\/\/www.heartfailurematters.org\/pt-pt\/#website","url":"https:\/\/www.heartfailurematters.org\/pt-pt\/","name":"Heart Failure Matters","description":"Practical information for patients, families and caregivers.","publisher":{"@id":"https:\/\/www.heartfailurematters.org\/pt-pt\/#organization"},"potentialAction":[{"@type":"SearchAction","target":{"@type":"EntryPoint","urlTemplate":"https:\/\/www.heartfailurematters.org\/pt-pt\/?s={search_term_string}"},"query-input":{"@type":"PropertyValueSpecification","valueRequired":true,"valueName":"search_term_string"}}],"inLanguage":"pt-PT"},{"@type":"Organization","@id":"https:\/\/www.heartfailurematters.org\/pt-pt\/#organization","name":"Heart Failure Matters","url":"https:\/\/www.heartfailurematters.org\/pt-pt\/","logo":{"@type":"ImageObject","inLanguage":"pt-PT","@id":"https:\/\/www.heartfailurematters.org\/pt-pt\/#\/schema\/logo\/image\/","url":"https:\/\/cdn-endpoint-hfm.azureedge.net\/heartfailurematters\/2024\/07\/hfm-logo1.jpg","contentUrl":"https:\/\/cdn-endpoint-hfm.azureedge.net\/heartfailurematters\/2024\/07\/hfm-logo1.jpg","width":1280,"height":720,"caption":"Heart Failure Matters"},"image":{"@id":"https:\/\/www.heartfailurematters.org\/pt-pt\/#\/schema\/logo\/image\/"},"sameAs":["https:\/\/www.facebook.com\/heartfailurematters"]}]}},"_links":{"self":[{"href":"https:\/\/www.heartfailurematters.org\/pt-pt\/wp-json\/wp\/v2\/pages\/1992","targetHints":{"allow":["GET"]}}],"collection":[{"href":"https:\/\/www.heartfailurematters.org\/pt-pt\/wp-json\/wp\/v2\/pages"}],"about":[{"href":"https:\/\/www.heartfailurematters.org\/pt-pt\/wp-json\/wp\/v2\/types\/page"}],"author":[{"embeddable":true,"href":"https:\/\/www.heartfailurematters.org\/pt-pt\/wp-json\/wp\/v2\/users\/1"}],"replies":[{"embeddable":true,"href":"https:\/\/www.heartfailurematters.org\/pt-pt\/wp-json\/wp\/v2\/comments?post=1992"}],"version-history":[{"count":1,"href":"https:\/\/www.heartfailurematters.org\/pt-pt\/wp-json\/wp\/v2\/pages\/1992\/revisions"}],"predecessor-version":[{"id":8715,"href":"https:\/\/www.heartfailurematters.org\/pt-pt\/wp-json\/wp\/v2\/pages\/1992\/revisions\/8715"}],"up":[{"embeddable":true,"href":"https:\/\/www.heartfailurematters.org\/pt-pt\/wp-json\/wp\/v2\/pages\/2682"}],"wp:featuredmedia":[{"embeddable":true,"href":"https:\/\/www.heartfailurematters.org\/pt-pt\/wp-json\/wp\/v2\/media\/10936"}],"wp:attachment":[{"href":"https:\/\/www.heartfailurematters.org\/pt-pt\/wp-json\/wp\/v2\/media?parent=1992"}],"wp:term":[{"taxonomy":"category","embeddable":true,"href":"https:\/\/www.heartfailurematters.org\/pt-pt\/wp-json\/wp\/v2\/categories?post=1992"},{"taxonomy":"post_tag","embeddable":true,"href":"https:\/\/www.heartfailurematters.org\/pt-pt\/wp-json\/wp\/v2\/tags?post=1992"}],"curies":[{"name":"wp","href":"https:\/\/api.w.org\/{rel}","templated":true}]}}