{"id":1991,"date":"2021-01-27T22:06:05","date_gmt":"2021-01-27T22:06:05","guid":{"rendered":"http:\/\/heartfailurematters.local:8888\/digitalicos\/"},"modified":"2025-12-05T10:19:27","modified_gmt":"2025-12-05T10:19:27","slug":"digitalicos","status":"publish","type":"page","link":"https:\/\/www.heartfailurematters.org\/pt-pt\/o-que-o-seu-medico-ou-enfermeiro-pode-fazer\/digitalicos\/","title":{"rendered":"Digit\u00e1licos"},"content":{"rendered":"<h2>O que fazem<\/h2>\n<p>Os preparados de digit\u00e1licos mais utilizados s\u00e3o a <a class=\"addtooltip\" title=\"&lt;div id='ToolTipTextWrap'&gt;digoxina&lt;\/div&gt;&lt;p&gt; Um medicamento utilizado para controlar os ritmos card\u00edacos anormais e melhorar o funcionamento.&lt;\/p&gt;\"><strong>digoxina<\/strong><\/a> e a digitoxina. Ambas podem fortalecer moderadamente o cora\u00e7\u00e3o e reduzir ligeiramente a frequ\u00eancia card\u00edaca. Os digit\u00e1licos tamb\u00e9m podem diminuir o <a class=\"addtooltip\" title=\"&lt;div id='ToolTipTextWrap'&gt;edema&lt;\/div&gt;&lt;p&gt; Incha\u00e7o de um tecido causado pela acumula\u00e7\u00e3o de l\u00edquidos e congest\u00e3o.&lt;\/p&gt;\"><strong>edema<\/strong><\/a> (incha\u00e7o causado pela acumula\u00e7\u00e3o de l\u00edquidos). \u00c9 especialmente \u00fatil em pessoas com ritmos card\u00edacos irregulares, nomeadamente <a class=\"addtooltip\" title=\"&lt;div id='ToolTipTextWrap'&gt;fibrilha\u00e7\u00e3o auricular&lt;\/div&gt;&lt;p&gt; Batimento irregular e frequentemente r\u00e1pido da c\u00e2mara superior esquerda (aur\u00edcula) do cora\u00e7\u00e3o, que causa o batimento irregular dos ventr\u00edculos.&lt;\/p&gt;\"><strong>fibrilha\u00e7\u00e3o auricular<\/strong><\/a> com uma frequ\u00eancia card\u00edaca r\u00e1pida.<\/p>\n<h2>Quais s\u00e3o os benef\u00edcios esperados?<\/h2>\n<p>Os digit\u00e1licos ajudam a controlar a frequ\u00eancia card\u00edaca, melhorando assim os sintomas.<\/p>\n<h2>Efeitos colaterais<\/h2>\n<p>\u00c9 importante que receba a dose certa de digoxina &#8211; o seu m\u00e9dico ou enfermeiro far\u00e1 an\u00e1lises ao sangue regulares para verificar isso. Se lhe for administrada digoxina em excesso, pode perder o apetite ou desenvolver n\u00e1useas (sensa\u00e7\u00e3o de enjoo), dor de cabe\u00e7a ou vis\u00e3o turva\/alterada na cor.<\/p>\n<p>Ocasionalmente, os n\u00edveis elevados de digoxina podem causar ritmos card\u00edacos anormais que podem fazer com que sinta <a class=\"addtooltip\" title=\"&lt;div id='ToolTipTextWrap'&gt;palpita\u00e7\u00f5es&lt;\/div&gt;&lt;p&gt;Sensa\u00e7\u00e3o de falha de batimentos card\u00edacos, em excesso ou irregulares.&lt;\/p&gt;\"><strong>palpita\u00e7\u00f5es<\/strong><\/a> ou <a class=\"addtooltip\" title=\"&lt;div id='ToolTipTextWrap'&gt;perda de consci\u00eancia&lt;\/div&gt;&lt;p&gt;Termo utilizado para a perda de consci\u00eancia s\u00fabita e tempor\u00e1ria causada pela redu\u00e7\u00e3o do fluxo sangu\u00edneo (e por conseguinte, de oxig\u00e9nio) no c\u00e9rebro. \u00c9 normalmente causada pela press\u00e3o arterial baixa ou pela frequ\u00eancia card\u00edaca lenta.&lt;\/p&gt;\"><strong>perdas de consci\u00eancia<\/strong><\/a> &#8211; se tiver algum destes sintomas, deve consultar o seu m\u00e9dico.<\/p>\n<h2>Principais dicas<\/h2>\n<p>Se tiver um n\u00edvel de <a class=\"addtooltip\" title=\"&lt;div id='ToolTipTextWrap'&gt;pot\u00e1ssio&lt;\/div&gt;&lt;p&gt; Mineral essencial que o organismo necessita para a fun\u00e7\u00e3o celular normal. Os diur\u00e9ticos poder\u00e3o causar perda de pot\u00e1ssio.&lt;\/p&gt;\"><strong>pot\u00e1ssio<\/strong><\/a> inferior \u00e0 m\u00e9dia (isto pode acontecer, por exemplo, se tiver <a class=\"addtooltip\" title=\"&lt;div id='ToolTipTextWrap'&gt;insulina&lt;\/div&gt;&lt;p&gt; Hormona produzida pelo p\u00e2ncreas que permite ao organismo utilizar a glucose para criar energia.&lt;\/p&gt;\"><strong> diabetes insulinodependente <\/strong><\/a>, ou estiver a tomar diur\u00e9ticos), poder\u00e1 ter maior probabilidade de apresentar n\u00edveis elevados de digoxina. Deve, portanto, assegurar-se de que consegue reconhecer os sinais precoces de excesso de digoxina, tais como n\u00e1useas, perda de apetite ou um ritmo card\u00edaco extremamente lento. Deve consultar o seu m\u00e9dico caso desenvolva algum destes sintomas.<\/p>\n<p>Antes de realizar qualquer tipo de cirurgia, incluindo tratamentos dent\u00e1rios ou de emerg\u00eancia, deve informar o seu m\u00e9dico, dentista ou cirurgi\u00e3o de que est\u00e1 a tomar digoxina.<\/p>\n<h2>Tamb\u00e9m conhecidos como:<\/h2>\n<ul>\n<li> <strong> Digoxina<\/strong> (Lanoxin\u00ae, Lanicor\u00ae)<\/li>\n<li><strong> Acetildigoxina<\/strong> (Novodigal\u00ae)<\/li>\n<li><strong> Metildigoxina<\/strong> (Lanitop\u00ae)<\/li>\n<li><strong> Digitoxina<\/strong> (Digitoxina AWD\u00ae)<\/li>\n<\/ul>\n<p><a href=\"https:\/\/www.heartfailurematters.org\/what-your-doctor-can-do\/heart-failure-medicines\/\">Voltar a Medicamentos para insufici\u00eancia card\u00edaca<\/a><\/p>\n","protected":false},"excerpt":{"rendered":"<p>O que fazem Os preparados de digit\u00e1licos mais utilizados s\u00e3o a digoxina e a digitoxina. Ambas podem fortalecer moderadamente o cora\u00e7\u00e3o e reduzir ligeiramente a frequ\u00eancia card\u00edaca. Os digit\u00e1licos tamb\u00e9m podem diminuir o edema (incha\u00e7o causado pela acumula\u00e7\u00e3o de l\u00edquidos). \u00c9 especialmente \u00fatil em pessoas com ritmos card\u00edacos irregulares, nomeadamente fibrilha\u00e7\u00e3o auricular com uma frequ\u00eancia [&hellip;]<\/p>\n","protected":false},"author":1,"featured_media":10871,"parent":2682,"menu_order":0,"comment_status":"open","ping_status":"open","template":"","meta":{"_acf_changed":false,"footnotes":""},"categories":[],"tags":[],"class_list":["post-1991","page","type-page","status-publish","has-post-thumbnail","hentry"],"acf":[],"yoast_head":"<!-- This site is optimized with the Yoast SEO plugin v24.8.1 - https:\/\/yoast.com\/wordpress\/plugins\/seo\/ -->\n<title>Digit\u00e1licos para doentes com insufici\u00eancia card\u00edaca<\/title>\n<meta name=\"description\" content=\"As prepara\u00e7\u00f5es digit\u00e1licas mais utilizadas s\u00e3o a digoxina e a digitoxina. Ambas podem fortalecer moderadamente o cora\u00e7\u00e3o e reduzir ligeiramente a frequ\u00eancia card\u00edaca.\" \/>\n<meta name=\"robots\" content=\"index, follow, max-snippet:-1, max-image-preview:large, max-video-preview:-1\" \/>\n<link rel=\"canonical\" href=\"https:\/\/www.heartfailurematters.org\/pt-pt\/o-que-o-seu-medico-ou-enfermeiro-pode-fazer\/digitalicos\/\" \/>\n<meta property=\"og:locale\" content=\"pt_PT\" \/>\n<meta property=\"og:type\" content=\"article\" \/>\n<meta property=\"og:title\" content=\"Digit\u00e1licos para doentes com insufici\u00eancia card\u00edaca\" \/>\n<meta property=\"og:description\" content=\"As prepara\u00e7\u00f5es digit\u00e1licas mais utilizadas s\u00e3o a digoxina e a digitoxina. Ambas podem fortalecer moderadamente o cora\u00e7\u00e3o e reduzir ligeiramente a frequ\u00eancia card\u00edaca.\" \/>\n<meta property=\"og:url\" content=\"https:\/\/www.heartfailurematters.org\/pt-pt\/o-que-o-seu-medico-ou-enfermeiro-pode-fazer\/digitalicos\/\" \/>\n<meta property=\"og:site_name\" content=\"Heart Failure Matters\" \/>\n<meta property=\"article:publisher\" content=\"https:\/\/www.facebook.com\/heartfailurematters\" \/>\n<meta property=\"article:modified_time\" content=\"2025-12-05T10:19:27+00:00\" \/>\n<meta property=\"og:image\" content=\"https:\/\/www.heartfailurematters.org\/wp-content\/uploads\/2022\/03\/shutterstock_441673426-1-min.jpg\" \/>\n\t<meta property=\"og:image:width\" content=\"900\" \/>\n\t<meta property=\"og:image:height\" content=\"596\" \/>\n\t<meta property=\"og:image:type\" content=\"image\/jpeg\" \/>\n<meta name=\"twitter:card\" content=\"summary_large_image\" \/>\n<meta name=\"twitter:label1\" content=\"Tempo estimado de leitura\" \/>\n\t<meta name=\"twitter:data1\" content=\"2 minutos\" \/>\n<script type=\"application\/ld+json\" class=\"yoast-schema-graph\">{\"@context\":\"https:\/\/schema.org\",\"@graph\":[{\"@type\":\"WebPage\",\"@id\":\"https:\/\/www.heartfailurematters.org\/pt-pt\/o-que-o-seu-medico-ou-enfermeiro-pode-fazer\/digitalicos\/\",\"url\":\"https:\/\/www.heartfailurematters.org\/pt-pt\/o-que-o-seu-medico-ou-enfermeiro-pode-fazer\/digitalicos\/\",\"name\":\"Digit\u00e1licos para doentes com insufici\u00eancia card\u00edaca\",\"isPartOf\":{\"@id\":\"https:\/\/www.heartfailurematters.org\/pt-pt\/#website\"},\"primaryImageOfPage\":{\"@id\":\"https:\/\/www.heartfailurematters.org\/pt-pt\/o-que-o-seu-medico-ou-enfermeiro-pode-fazer\/digitalicos\/#primaryimage\"},\"image\":{\"@id\":\"https:\/\/www.heartfailurematters.org\/pt-pt\/o-que-o-seu-medico-ou-enfermeiro-pode-fazer\/digitalicos\/#primaryimage\"},\"thumbnailUrl\":\"https:\/\/www.heartfailurematters.org\/wp-content\/uploads\/2022\/03\/shutterstock_441673426-1-min.jpg\",\"datePublished\":\"2021-01-27T22:06:05+00:00\",\"dateModified\":\"2025-12-05T10:19:27+00:00\",\"description\":\"As prepara\u00e7\u00f5es digit\u00e1licas mais utilizadas s\u00e3o a digoxina e a digitoxina. Ambas podem fortalecer moderadamente o cora\u00e7\u00e3o e reduzir ligeiramente a frequ\u00eancia card\u00edaca.\",\"breadcrumb\":{\"@id\":\"https:\/\/www.heartfailurematters.org\/pt-pt\/o-que-o-seu-medico-ou-enfermeiro-pode-fazer\/digitalicos\/#breadcrumb\"},\"inLanguage\":\"pt-PT\",\"potentialAction\":[{\"@type\":\"ReadAction\",\"target\":[\"https:\/\/www.heartfailurematters.org\/pt-pt\/o-que-o-seu-medico-ou-enfermeiro-pode-fazer\/digitalicos\/\"]}]},{\"@type\":\"ImageObject\",\"inLanguage\":\"pt-PT\",\"@id\":\"https:\/\/www.heartfailurematters.org\/pt-pt\/o-que-o-seu-medico-ou-enfermeiro-pode-fazer\/digitalicos\/#primaryimage\",\"url\":\"https:\/\/www.heartfailurematters.org\/wp-content\/uploads\/2022\/03\/shutterstock_441673426-1-min.jpg\",\"contentUrl\":\"https:\/\/www.heartfailurematters.org\/wp-content\/uploads\/2022\/03\/shutterstock_441673426-1-min.jpg\",\"width\":900,\"height\":596},{\"@type\":\"BreadcrumbList\",\"@id\":\"https:\/\/www.heartfailurematters.org\/pt-pt\/o-que-o-seu-medico-ou-enfermeiro-pode-fazer\/digitalicos\/#breadcrumb\",\"itemListElement\":[{\"@type\":\"ListItem\",\"position\":1,\"name\":\"P\u00e1gina inicial\",\"item\":\"https:\/\/www.heartfailurematters.org\/pt-pt\/\"},{\"@type\":\"ListItem\",\"position\":2,\"name\":\"O que o seu m\u00e9dico pode fazer\",\"item\":\"https:\/\/www.heartfailurematters.org\/pt-pt\/o-que-o-seu-medico-ou-enfermeiro-pode-fazer\/\"},{\"@type\":\"ListItem\",\"position\":3,\"name\":\"Digit\u00e1licos\"}]},{\"@type\":\"WebSite\",\"@id\":\"https:\/\/www.heartfailurematters.org\/pt-pt\/#website\",\"url\":\"https:\/\/www.heartfailurematters.org\/pt-pt\/\",\"name\":\"Heart Failure Matters\",\"description\":\"Practical information for patients, families and caregivers.\",\"publisher\":{\"@id\":\"https:\/\/www.heartfailurematters.org\/pt-pt\/#organization\"},\"potentialAction\":[{\"@type\":\"SearchAction\",\"target\":{\"@type\":\"EntryPoint\",\"urlTemplate\":\"https:\/\/www.heartfailurematters.org\/pt-pt\/?s={search_term_string}\"},\"query-input\":{\"@type\":\"PropertyValueSpecification\",\"valueRequired\":true,\"valueName\":\"search_term_string\"}}],\"inLanguage\":\"pt-PT\"},{\"@type\":\"Organization\",\"@id\":\"https:\/\/www.heartfailurematters.org\/pt-pt\/#organization\",\"name\":\"Heart Failure Matters\",\"url\":\"https:\/\/www.heartfailurematters.org\/pt-pt\/\",\"logo\":{\"@type\":\"ImageObject\",\"inLanguage\":\"pt-PT\",\"@id\":\"https:\/\/www.heartfailurematters.org\/pt-pt\/#\/schema\/logo\/image\/\",\"url\":\"https:\/\/cdn-endpoint-hfm.azureedge.net\/heartfailurematters\/2024\/07\/hfm-logo1.jpg\",\"contentUrl\":\"https:\/\/cdn-endpoint-hfm.azureedge.net\/heartfailurematters\/2024\/07\/hfm-logo1.jpg\",\"width\":1280,\"height\":720,\"caption\":\"Heart Failure Matters\"},\"image\":{\"@id\":\"https:\/\/www.heartfailurematters.org\/pt-pt\/#\/schema\/logo\/image\/\"},\"sameAs\":[\"https:\/\/www.facebook.com\/heartfailurematters\"]}]}<\/script>\n<!-- \/ Yoast SEO plugin. -->","yoast_head_json":{"title":"Digit\u00e1licos para doentes com insufici\u00eancia card\u00edaca","description":"As prepara\u00e7\u00f5es digit\u00e1licas mais utilizadas s\u00e3o a digoxina e a digitoxina. Ambas podem fortalecer moderadamente o cora\u00e7\u00e3o e reduzir ligeiramente a frequ\u00eancia card\u00edaca.","robots":{"index":"index","follow":"follow","max-snippet":"max-snippet:-1","max-image-preview":"max-image-preview:large","max-video-preview":"max-video-preview:-1"},"canonical":"https:\/\/www.heartfailurematters.org\/pt-pt\/o-que-o-seu-medico-ou-enfermeiro-pode-fazer\/digitalicos\/","og_locale":"pt_PT","og_type":"article","og_title":"Digit\u00e1licos para doentes com insufici\u00eancia card\u00edaca","og_description":"As prepara\u00e7\u00f5es digit\u00e1licas mais utilizadas s\u00e3o a digoxina e a digitoxina. Ambas podem fortalecer moderadamente o cora\u00e7\u00e3o e reduzir ligeiramente a frequ\u00eancia card\u00edaca.","og_url":"https:\/\/www.heartfailurematters.org\/pt-pt\/o-que-o-seu-medico-ou-enfermeiro-pode-fazer\/digitalicos\/","og_site_name":"Heart Failure Matters","article_publisher":"https:\/\/www.facebook.com\/heartfailurematters","article_modified_time":"2025-12-05T10:19:27+00:00","og_image":[{"width":900,"height":596,"url":"https:\/\/www.heartfailurematters.org\/wp-content\/uploads\/2022\/03\/shutterstock_441673426-1-min.jpg","type":"image\/jpeg"}],"twitter_card":"summary_large_image","twitter_misc":{"Tempo estimado de leitura":"2 minutos"},"schema":{"@context":"https:\/\/schema.org","@graph":[{"@type":"WebPage","@id":"https:\/\/www.heartfailurematters.org\/pt-pt\/o-que-o-seu-medico-ou-enfermeiro-pode-fazer\/digitalicos\/","url":"https:\/\/www.heartfailurematters.org\/pt-pt\/o-que-o-seu-medico-ou-enfermeiro-pode-fazer\/digitalicos\/","name":"Digit\u00e1licos para doentes com insufici\u00eancia card\u00edaca","isPartOf":{"@id":"https:\/\/www.heartfailurematters.org\/pt-pt\/#website"},"primaryImageOfPage":{"@id":"https:\/\/www.heartfailurematters.org\/pt-pt\/o-que-o-seu-medico-ou-enfermeiro-pode-fazer\/digitalicos\/#primaryimage"},"image":{"@id":"https:\/\/www.heartfailurematters.org\/pt-pt\/o-que-o-seu-medico-ou-enfermeiro-pode-fazer\/digitalicos\/#primaryimage"},"thumbnailUrl":"https:\/\/www.heartfailurematters.org\/wp-content\/uploads\/2022\/03\/shutterstock_441673426-1-min.jpg","datePublished":"2021-01-27T22:06:05+00:00","dateModified":"2025-12-05T10:19:27+00:00","description":"As prepara\u00e7\u00f5es digit\u00e1licas mais utilizadas s\u00e3o a digoxina e a digitoxina. Ambas podem fortalecer moderadamente o cora\u00e7\u00e3o e reduzir ligeiramente a frequ\u00eancia card\u00edaca.","breadcrumb":{"@id":"https:\/\/www.heartfailurematters.org\/pt-pt\/o-que-o-seu-medico-ou-enfermeiro-pode-fazer\/digitalicos\/#breadcrumb"},"inLanguage":"pt-PT","potentialAction":[{"@type":"ReadAction","target":["https:\/\/www.heartfailurematters.org\/pt-pt\/o-que-o-seu-medico-ou-enfermeiro-pode-fazer\/digitalicos\/"]}]},{"@type":"ImageObject","inLanguage":"pt-PT","@id":"https:\/\/www.heartfailurematters.org\/pt-pt\/o-que-o-seu-medico-ou-enfermeiro-pode-fazer\/digitalicos\/#primaryimage","url":"https:\/\/www.heartfailurematters.org\/wp-content\/uploads\/2022\/03\/shutterstock_441673426-1-min.jpg","contentUrl":"https:\/\/www.heartfailurematters.org\/wp-content\/uploads\/2022\/03\/shutterstock_441673426-1-min.jpg","width":900,"height":596},{"@type":"BreadcrumbList","@id":"https:\/\/www.heartfailurematters.org\/pt-pt\/o-que-o-seu-medico-ou-enfermeiro-pode-fazer\/digitalicos\/#breadcrumb","itemListElement":[{"@type":"ListItem","position":1,"name":"P\u00e1gina inicial","item":"https:\/\/www.heartfailurematters.org\/pt-pt\/"},{"@type":"ListItem","position":2,"name":"O que o seu m\u00e9dico pode fazer","item":"https:\/\/www.heartfailurematters.org\/pt-pt\/o-que-o-seu-medico-ou-enfermeiro-pode-fazer\/"},{"@type":"ListItem","position":3,"name":"Digit\u00e1licos"}]},{"@type":"WebSite","@id":"https:\/\/www.heartfailurematters.org\/pt-pt\/#website","url":"https:\/\/www.heartfailurematters.org\/pt-pt\/","name":"Heart Failure Matters","description":"Practical information for patients, families and caregivers.","publisher":{"@id":"https:\/\/www.heartfailurematters.org\/pt-pt\/#organization"},"potentialAction":[{"@type":"SearchAction","target":{"@type":"EntryPoint","urlTemplate":"https:\/\/www.heartfailurematters.org\/pt-pt\/?s={search_term_string}"},"query-input":{"@type":"PropertyValueSpecification","valueRequired":true,"valueName":"search_term_string"}}],"inLanguage":"pt-PT"},{"@type":"Organization","@id":"https:\/\/www.heartfailurematters.org\/pt-pt\/#organization","name":"Heart Failure Matters","url":"https:\/\/www.heartfailurematters.org\/pt-pt\/","logo":{"@type":"ImageObject","inLanguage":"pt-PT","@id":"https:\/\/www.heartfailurematters.org\/pt-pt\/#\/schema\/logo\/image\/","url":"https:\/\/cdn-endpoint-hfm.azureedge.net\/heartfailurematters\/2024\/07\/hfm-logo1.jpg","contentUrl":"https:\/\/cdn-endpoint-hfm.azureedge.net\/heartfailurematters\/2024\/07\/hfm-logo1.jpg","width":1280,"height":720,"caption":"Heart Failure Matters"},"image":{"@id":"https:\/\/www.heartfailurematters.org\/pt-pt\/#\/schema\/logo\/image\/"},"sameAs":["https:\/\/www.facebook.com\/heartfailurematters"]}]}},"_links":{"self":[{"href":"https:\/\/www.heartfailurematters.org\/pt-pt\/wp-json\/wp\/v2\/pages\/1991","targetHints":{"allow":["GET"]}}],"collection":[{"href":"https:\/\/www.heartfailurematters.org\/pt-pt\/wp-json\/wp\/v2\/pages"}],"about":[{"href":"https:\/\/www.heartfailurematters.org\/pt-pt\/wp-json\/wp\/v2\/types\/page"}],"author":[{"embeddable":true,"href":"https:\/\/www.heartfailurematters.org\/pt-pt\/wp-json\/wp\/v2\/users\/1"}],"replies":[{"embeddable":true,"href":"https:\/\/www.heartfailurematters.org\/pt-pt\/wp-json\/wp\/v2\/comments?post=1991"}],"version-history":[{"count":2,"href":"https:\/\/www.heartfailurematters.org\/pt-pt\/wp-json\/wp\/v2\/pages\/1991\/revisions"}],"predecessor-version":[{"id":13675,"href":"https:\/\/www.heartfailurematters.org\/pt-pt\/wp-json\/wp\/v2\/pages\/1991\/revisions\/13675"}],"up":[{"embeddable":true,"href":"https:\/\/www.heartfailurematters.org\/pt-pt\/wp-json\/wp\/v2\/pages\/2682"}],"wp:featuredmedia":[{"embeddable":true,"href":"https:\/\/www.heartfailurematters.org\/pt-pt\/wp-json\/wp\/v2\/media\/10871"}],"wp:attachment":[{"href":"https:\/\/www.heartfailurematters.org\/pt-pt\/wp-json\/wp\/v2\/media?parent=1991"}],"wp:term":[{"taxonomy":"category","embeddable":true,"href":"https:\/\/www.heartfailurematters.org\/pt-pt\/wp-json\/wp\/v2\/categories?post=1991"},{"taxonomy":"post_tag","embeddable":true,"href":"https:\/\/www.heartfailurematters.org\/pt-pt\/wp-json\/wp\/v2\/tags?post=1991"}],"curies":[{"name":"wp","href":"https:\/\/api.w.org\/{rel}","templated":true}]}}