{"id":1985,"date":"2021-01-27T22:06:05","date_gmt":"2021-01-27T22:06:05","guid":{"rendered":"http:\/\/heartfailurematters.local:8888\/como-e-que-o-seu-medico-pode-ajudar\/"},"modified":"2025-12-05T10:19:29","modified_gmt":"2025-12-05T10:19:29","slug":"como-e-que-o-seu-medico-pode-ajudar","status":"publish","type":"page","link":"https:\/\/www.heartfailurematters.org\/pt-pt\/o-que-o-seu-medico-ou-enfermeiro-pode-fazer\/como-e-que-o-seu-medico-pode-ajudar\/","title":{"rendered":"Introdu\u00e7\u00e3o"},"content":{"rendered":"<p>Para viver bem e lidar da melhor forma com a insufici\u00eancia card\u00edaca, em especial com a insufici\u00eancia card\u00edaca congestiva (ICC), o apoio de uma equipa multidisciplinar de profissionais de sa\u00fade \u00e9 essencial! Isto inclui o seu m\u00e9dico de fam\u00edlia, um cardiologista e um enfermeiro especializado em insufici\u00eancia card\u00edaca como elementos centrais da equipa. A equipa funcionar\u00e1 como uma \u00e2ncora e ponto de contacto dispon\u00edvel para lidar com a grande quantidade de informa\u00e7\u00e3o m\u00e9dica que \u00e9 importante para si. A equipa ir\u00e1 ajudar a compreender melhor a sua condi\u00e7\u00e3o e os seus riscos, bem como aconselhar sobre as suas op\u00e7\u00f5es de tratamento e como melhorar o autocuidado.<\/p>\n<p>Pergunte ao seu m\u00e9dico, pergunte ao seu enfermeiro! Eles t\u00eam forma\u00e7\u00e3o para responder a perguntas sobre f\u00e1rmacos e medicamentos para a insufici\u00eancia card\u00edaca, incluindo os efeitos principais e secund\u00e1rios, op\u00e7\u00f5es de dispositivos, incluindo terapia de ressincroniza\u00e7\u00e3o card\u00edaca (<a href=\"https:\/\/www.heartfailurematters.org\/what-your-doctor-can-do\/cardiac-resynchronisation-therapy-crt\/\">CRT<\/a>) e\/ou terapia com desfibrilador implantado (<a href=\"https:\/\/www.heartfailurematters.org\/what-your-doctor-can-do\/implantable-cardioverter-defibrillator-icds\/\">ICD<\/a>) e poss\u00edveis op\u00e7\u00f5es cir\u00fargicas. \u00c9 importante referir que eles tamb\u00e9m podem aconselhar sobre onde obter ajuda adicional, por exemplo, atrav\u00e9s de programas dedicados \u00e0 insufici\u00eancia card\u00edaca ou cl\u00ednicas para insufici\u00eancia card\u00edaca, ou a op\u00e7\u00e3o de participar num programa de <a href=\"https:\/\/www.heartfailurematters.org\/what-your-doctor-can-do\/telemonitoring-remote-patient-monitoring-telemetry\/\">telemonitoriza\u00e7\u00e3o<\/a>.<\/p>\n<p>Esta sec\u00e7\u00e3o pretende ajudar a compreender os diferentes tratamentos e servi\u00e7os que lhe podem ajudar a gerir e a melhorar a sua capacidade de viver bem com a insufici\u00eancia card\u00edaca.<\/p>\n<p>&nbsp;<\/p>\n","protected":false},"excerpt":{"rendered":"<p>Para viver bem e lidar da melhor forma com a insufici\u00eancia card\u00edaca, em especial com a insufici\u00eancia card\u00edaca congestiva (ICC), o apoio de uma equipa multidisciplinar de profissionais de sa\u00fade \u00e9 essencial! Isto inclui o seu m\u00e9dico de fam\u00edlia, um cardiologista e um enfermeiro especializado em insufici\u00eancia card\u00edaca como elementos centrais da equipa. A equipa [&hellip;]<\/p>\n","protected":false},"author":1,"featured_media":10540,"parent":2682,"menu_order":1,"comment_status":"open","ping_status":"closed","template":"","meta":{"_acf_changed":false,"footnotes":""},"categories":[147],"tags":[],"class_list":["post-1985","page","type-page","status-publish","has-post-thumbnail","hentry","category-what-can-your-doctor-do-pt"],"acf":[],"yoast_head":"<!-- This site is optimized with the Yoast SEO plugin v24.8.1 - https:\/\/yoast.com\/wordpress\/plugins\/seo\/ -->\n<title>O que pode o seu m\u00e9dico fazer em rela\u00e7\u00e3o \u00e0 insufici\u00eancia card\u00edaca?<\/title>\n<meta name=\"description\" content=\"Foi-lhe diagnosticada insufici\u00eancia card\u00edaca? Se seguir os conselhos do m\u00e9dico e fizer altera\u00e7\u00f5es simples no estilo de vida, pode sentir-se melhor. Saiba mais\" \/>\n<meta name=\"robots\" content=\"index, follow, max-snippet:-1, max-image-preview:large, max-video-preview:-1\" \/>\n<link rel=\"canonical\" href=\"https:\/\/www.heartfailurematters.org\/pt-pt\/o-que-o-seu-medico-ou-enfermeiro-pode-fazer\/como-e-que-o-seu-medico-pode-ajudar\/\" \/>\n<meta property=\"og:locale\" content=\"pt_PT\" \/>\n<meta property=\"og:type\" content=\"article\" \/>\n<meta property=\"og:title\" content=\"O que pode o seu m\u00e9dico fazer em rela\u00e7\u00e3o \u00e0 insufici\u00eancia card\u00edaca?\" \/>\n<meta property=\"og:description\" content=\"Foi-lhe diagnosticada insufici\u00eancia card\u00edaca? Se seguir os conselhos do m\u00e9dico e fizer altera\u00e7\u00f5es simples no estilo de vida, pode sentir-se melhor. Saiba mais\" \/>\n<meta property=\"og:url\" content=\"https:\/\/www.heartfailurematters.org\/pt-pt\/o-que-o-seu-medico-ou-enfermeiro-pode-fazer\/como-e-que-o-seu-medico-pode-ajudar\/\" \/>\n<meta property=\"og:site_name\" content=\"Heart Failure Matters\" \/>\n<meta property=\"article:publisher\" content=\"https:\/\/www.facebook.com\/heartfailurematters\" \/>\n<meta property=\"article:modified_time\" content=\"2025-12-05T10:19:29+00:00\" \/>\n<meta property=\"og:image\" content=\"https:\/\/www.heartfailurematters.org\/wp-content\/uploads\/2022\/02\/shutterstock_258402434-1-min.jpg\" \/>\n\t<meta property=\"og:image:width\" content=\"900\" \/>\n\t<meta property=\"og:image:height\" content=\"475\" \/>\n\t<meta property=\"og:image:type\" content=\"image\/jpeg\" \/>\n<meta name=\"twitter:card\" content=\"summary_large_image\" \/>\n<meta name=\"twitter:label1\" content=\"Tempo estimado de leitura\" \/>\n\t<meta name=\"twitter:data1\" content=\"1 minuto\" \/>\n<script type=\"application\/ld+json\" class=\"yoast-schema-graph\">{\"@context\":\"https:\/\/schema.org\",\"@graph\":[{\"@type\":\"WebPage\",\"@id\":\"https:\/\/www.heartfailurematters.org\/pt-pt\/o-que-o-seu-medico-ou-enfermeiro-pode-fazer\/como-e-que-o-seu-medico-pode-ajudar\/\",\"url\":\"https:\/\/www.heartfailurematters.org\/pt-pt\/o-que-o-seu-medico-ou-enfermeiro-pode-fazer\/como-e-que-o-seu-medico-pode-ajudar\/\",\"name\":\"O que pode o seu m\u00e9dico fazer em rela\u00e7\u00e3o \u00e0 insufici\u00eancia card\u00edaca?\",\"isPartOf\":{\"@id\":\"https:\/\/www.heartfailurematters.org\/pt-pt\/#website\"},\"primaryImageOfPage\":{\"@id\":\"https:\/\/www.heartfailurematters.org\/pt-pt\/o-que-o-seu-medico-ou-enfermeiro-pode-fazer\/como-e-que-o-seu-medico-pode-ajudar\/#primaryimage\"},\"image\":{\"@id\":\"https:\/\/www.heartfailurematters.org\/pt-pt\/o-que-o-seu-medico-ou-enfermeiro-pode-fazer\/como-e-que-o-seu-medico-pode-ajudar\/#primaryimage\"},\"thumbnailUrl\":\"https:\/\/www.heartfailurematters.org\/wp-content\/uploads\/2022\/02\/shutterstock_258402434-1-min.jpg\",\"datePublished\":\"2021-01-27T22:06:05+00:00\",\"dateModified\":\"2025-12-05T10:19:29+00:00\",\"description\":\"Foi-lhe diagnosticada insufici\u00eancia card\u00edaca? Se seguir os conselhos do m\u00e9dico e fizer altera\u00e7\u00f5es simples no estilo de vida, pode sentir-se melhor. Saiba mais\",\"breadcrumb\":{\"@id\":\"https:\/\/www.heartfailurematters.org\/pt-pt\/o-que-o-seu-medico-ou-enfermeiro-pode-fazer\/como-e-que-o-seu-medico-pode-ajudar\/#breadcrumb\"},\"inLanguage\":\"pt-PT\",\"potentialAction\":[{\"@type\":\"ReadAction\",\"target\":[\"https:\/\/www.heartfailurematters.org\/pt-pt\/o-que-o-seu-medico-ou-enfermeiro-pode-fazer\/como-e-que-o-seu-medico-pode-ajudar\/\"]}]},{\"@type\":\"ImageObject\",\"inLanguage\":\"pt-PT\",\"@id\":\"https:\/\/www.heartfailurematters.org\/pt-pt\/o-que-o-seu-medico-ou-enfermeiro-pode-fazer\/como-e-que-o-seu-medico-pode-ajudar\/#primaryimage\",\"url\":\"https:\/\/www.heartfailurematters.org\/wp-content\/uploads\/2022\/02\/shutterstock_258402434-1-min.jpg\",\"contentUrl\":\"https:\/\/www.heartfailurematters.org\/wp-content\/uploads\/2022\/02\/shutterstock_258402434-1-min.jpg\",\"width\":900,\"height\":475},{\"@type\":\"BreadcrumbList\",\"@id\":\"https:\/\/www.heartfailurematters.org\/pt-pt\/o-que-o-seu-medico-ou-enfermeiro-pode-fazer\/como-e-que-o-seu-medico-pode-ajudar\/#breadcrumb\",\"itemListElement\":[{\"@type\":\"ListItem\",\"position\":1,\"name\":\"P\u00e1gina inicial\",\"item\":\"https:\/\/www.heartfailurematters.org\/pt-pt\/\"},{\"@type\":\"ListItem\",\"position\":2,\"name\":\"O que o seu m\u00e9dico pode fazer\",\"item\":\"https:\/\/www.heartfailurematters.org\/pt-pt\/o-que-o-seu-medico-ou-enfermeiro-pode-fazer\/\"},{\"@type\":\"ListItem\",\"position\":3,\"name\":\"Introdu\u00e7\u00e3o\"}]},{\"@type\":\"WebSite\",\"@id\":\"https:\/\/www.heartfailurematters.org\/pt-pt\/#website\",\"url\":\"https:\/\/www.heartfailurematters.org\/pt-pt\/\",\"name\":\"Heart Failure Matters\",\"description\":\"Practical information for patients, families and caregivers.\",\"publisher\":{\"@id\":\"https:\/\/www.heartfailurematters.org\/pt-pt\/#organization\"},\"potentialAction\":[{\"@type\":\"SearchAction\",\"target\":{\"@type\":\"EntryPoint\",\"urlTemplate\":\"https:\/\/www.heartfailurematters.org\/pt-pt\/?s={search_term_string}\"},\"query-input\":{\"@type\":\"PropertyValueSpecification\",\"valueRequired\":true,\"valueName\":\"search_term_string\"}}],\"inLanguage\":\"pt-PT\"},{\"@type\":\"Organization\",\"@id\":\"https:\/\/www.heartfailurematters.org\/pt-pt\/#organization\",\"name\":\"Heart Failure Matters\",\"url\":\"https:\/\/www.heartfailurematters.org\/pt-pt\/\",\"logo\":{\"@type\":\"ImageObject\",\"inLanguage\":\"pt-PT\",\"@id\":\"https:\/\/www.heartfailurematters.org\/pt-pt\/#\/schema\/logo\/image\/\",\"url\":\"https:\/\/cdn-endpoint-hfm.azureedge.net\/heartfailurematters\/2024\/07\/hfm-logo1.jpg\",\"contentUrl\":\"https:\/\/cdn-endpoint-hfm.azureedge.net\/heartfailurematters\/2024\/07\/hfm-logo1.jpg\",\"width\":1280,\"height\":720,\"caption\":\"Heart Failure Matters\"},\"image\":{\"@id\":\"https:\/\/www.heartfailurematters.org\/pt-pt\/#\/schema\/logo\/image\/\"},\"sameAs\":[\"https:\/\/www.facebook.com\/heartfailurematters\"]}]}<\/script>\n<!-- \/ Yoast SEO plugin. -->","yoast_head_json":{"title":"O que pode o seu m\u00e9dico fazer em rela\u00e7\u00e3o \u00e0 insufici\u00eancia card\u00edaca?","description":"Foi-lhe diagnosticada insufici\u00eancia card\u00edaca? Se seguir os conselhos do m\u00e9dico e fizer altera\u00e7\u00f5es simples no estilo de vida, pode sentir-se melhor. Saiba mais","robots":{"index":"index","follow":"follow","max-snippet":"max-snippet:-1","max-image-preview":"max-image-preview:large","max-video-preview":"max-video-preview:-1"},"canonical":"https:\/\/www.heartfailurematters.org\/pt-pt\/o-que-o-seu-medico-ou-enfermeiro-pode-fazer\/como-e-que-o-seu-medico-pode-ajudar\/","og_locale":"pt_PT","og_type":"article","og_title":"O que pode o seu m\u00e9dico fazer em rela\u00e7\u00e3o \u00e0 insufici\u00eancia card\u00edaca?","og_description":"Foi-lhe diagnosticada insufici\u00eancia card\u00edaca? Se seguir os conselhos do m\u00e9dico e fizer altera\u00e7\u00f5es simples no estilo de vida, pode sentir-se melhor. Saiba mais","og_url":"https:\/\/www.heartfailurematters.org\/pt-pt\/o-que-o-seu-medico-ou-enfermeiro-pode-fazer\/como-e-que-o-seu-medico-pode-ajudar\/","og_site_name":"Heart Failure Matters","article_publisher":"https:\/\/www.facebook.com\/heartfailurematters","article_modified_time":"2025-12-05T10:19:29+00:00","og_image":[{"width":900,"height":475,"url":"https:\/\/www.heartfailurematters.org\/wp-content\/uploads\/2022\/02\/shutterstock_258402434-1-min.jpg","type":"image\/jpeg"}],"twitter_card":"summary_large_image","twitter_misc":{"Tempo estimado de leitura":"1 minuto"},"schema":{"@context":"https:\/\/schema.org","@graph":[{"@type":"WebPage","@id":"https:\/\/www.heartfailurematters.org\/pt-pt\/o-que-o-seu-medico-ou-enfermeiro-pode-fazer\/como-e-que-o-seu-medico-pode-ajudar\/","url":"https:\/\/www.heartfailurematters.org\/pt-pt\/o-que-o-seu-medico-ou-enfermeiro-pode-fazer\/como-e-que-o-seu-medico-pode-ajudar\/","name":"O que pode o seu m\u00e9dico fazer em rela\u00e7\u00e3o \u00e0 insufici\u00eancia card\u00edaca?","isPartOf":{"@id":"https:\/\/www.heartfailurematters.org\/pt-pt\/#website"},"primaryImageOfPage":{"@id":"https:\/\/www.heartfailurematters.org\/pt-pt\/o-que-o-seu-medico-ou-enfermeiro-pode-fazer\/como-e-que-o-seu-medico-pode-ajudar\/#primaryimage"},"image":{"@id":"https:\/\/www.heartfailurematters.org\/pt-pt\/o-que-o-seu-medico-ou-enfermeiro-pode-fazer\/como-e-que-o-seu-medico-pode-ajudar\/#primaryimage"},"thumbnailUrl":"https:\/\/www.heartfailurematters.org\/wp-content\/uploads\/2022\/02\/shutterstock_258402434-1-min.jpg","datePublished":"2021-01-27T22:06:05+00:00","dateModified":"2025-12-05T10:19:29+00:00","description":"Foi-lhe diagnosticada insufici\u00eancia card\u00edaca? Se seguir os conselhos do m\u00e9dico e fizer altera\u00e7\u00f5es simples no estilo de vida, pode sentir-se melhor. Saiba mais","breadcrumb":{"@id":"https:\/\/www.heartfailurematters.org\/pt-pt\/o-que-o-seu-medico-ou-enfermeiro-pode-fazer\/como-e-que-o-seu-medico-pode-ajudar\/#breadcrumb"},"inLanguage":"pt-PT","potentialAction":[{"@type":"ReadAction","target":["https:\/\/www.heartfailurematters.org\/pt-pt\/o-que-o-seu-medico-ou-enfermeiro-pode-fazer\/como-e-que-o-seu-medico-pode-ajudar\/"]}]},{"@type":"ImageObject","inLanguage":"pt-PT","@id":"https:\/\/www.heartfailurematters.org\/pt-pt\/o-que-o-seu-medico-ou-enfermeiro-pode-fazer\/como-e-que-o-seu-medico-pode-ajudar\/#primaryimage","url":"https:\/\/www.heartfailurematters.org\/wp-content\/uploads\/2022\/02\/shutterstock_258402434-1-min.jpg","contentUrl":"https:\/\/www.heartfailurematters.org\/wp-content\/uploads\/2022\/02\/shutterstock_258402434-1-min.jpg","width":900,"height":475},{"@type":"BreadcrumbList","@id":"https:\/\/www.heartfailurematters.org\/pt-pt\/o-que-o-seu-medico-ou-enfermeiro-pode-fazer\/como-e-que-o-seu-medico-pode-ajudar\/#breadcrumb","itemListElement":[{"@type":"ListItem","position":1,"name":"P\u00e1gina inicial","item":"https:\/\/www.heartfailurematters.org\/pt-pt\/"},{"@type":"ListItem","position":2,"name":"O que o seu m\u00e9dico pode fazer","item":"https:\/\/www.heartfailurematters.org\/pt-pt\/o-que-o-seu-medico-ou-enfermeiro-pode-fazer\/"},{"@type":"ListItem","position":3,"name":"Introdu\u00e7\u00e3o"}]},{"@type":"WebSite","@id":"https:\/\/www.heartfailurematters.org\/pt-pt\/#website","url":"https:\/\/www.heartfailurematters.org\/pt-pt\/","name":"Heart Failure Matters","description":"Practical information for patients, families and caregivers.","publisher":{"@id":"https:\/\/www.heartfailurematters.org\/pt-pt\/#organization"},"potentialAction":[{"@type":"SearchAction","target":{"@type":"EntryPoint","urlTemplate":"https:\/\/www.heartfailurematters.org\/pt-pt\/?s={search_term_string}"},"query-input":{"@type":"PropertyValueSpecification","valueRequired":true,"valueName":"search_term_string"}}],"inLanguage":"pt-PT"},{"@type":"Organization","@id":"https:\/\/www.heartfailurematters.org\/pt-pt\/#organization","name":"Heart Failure Matters","url":"https:\/\/www.heartfailurematters.org\/pt-pt\/","logo":{"@type":"ImageObject","inLanguage":"pt-PT","@id":"https:\/\/www.heartfailurematters.org\/pt-pt\/#\/schema\/logo\/image\/","url":"https:\/\/cdn-endpoint-hfm.azureedge.net\/heartfailurematters\/2024\/07\/hfm-logo1.jpg","contentUrl":"https:\/\/cdn-endpoint-hfm.azureedge.net\/heartfailurematters\/2024\/07\/hfm-logo1.jpg","width":1280,"height":720,"caption":"Heart Failure Matters"},"image":{"@id":"https:\/\/www.heartfailurematters.org\/pt-pt\/#\/schema\/logo\/image\/"},"sameAs":["https:\/\/www.facebook.com\/heartfailurematters"]}]}},"_links":{"self":[{"href":"https:\/\/www.heartfailurematters.org\/pt-pt\/wp-json\/wp\/v2\/pages\/1985","targetHints":{"allow":["GET"]}}],"collection":[{"href":"https:\/\/www.heartfailurematters.org\/pt-pt\/wp-json\/wp\/v2\/pages"}],"about":[{"href":"https:\/\/www.heartfailurematters.org\/pt-pt\/wp-json\/wp\/v2\/types\/page"}],"author":[{"embeddable":true,"href":"https:\/\/www.heartfailurematters.org\/pt-pt\/wp-json\/wp\/v2\/users\/1"}],"replies":[{"embeddable":true,"href":"https:\/\/www.heartfailurematters.org\/pt-pt\/wp-json\/wp\/v2\/comments?post=1985"}],"version-history":[{"count":3,"href":"https:\/\/www.heartfailurematters.org\/pt-pt\/wp-json\/wp\/v2\/pages\/1985\/revisions"}],"predecessor-version":[{"id":13680,"href":"https:\/\/www.heartfailurematters.org\/pt-pt\/wp-json\/wp\/v2\/pages\/1985\/revisions\/13680"}],"up":[{"embeddable":true,"href":"https:\/\/www.heartfailurematters.org\/pt-pt\/wp-json\/wp\/v2\/pages\/2682"}],"wp:featuredmedia":[{"embeddable":true,"href":"https:\/\/www.heartfailurematters.org\/pt-pt\/wp-json\/wp\/v2\/media\/10540"}],"wp:attachment":[{"href":"https:\/\/www.heartfailurematters.org\/pt-pt\/wp-json\/wp\/v2\/media?parent=1985"}],"wp:term":[{"taxonomy":"category","embeddable":true,"href":"https:\/\/www.heartfailurematters.org\/pt-pt\/wp-json\/wp\/v2\/categories?post=1985"},{"taxonomy":"post_tag","embeddable":true,"href":"https:\/\/www.heartfailurematters.org\/pt-pt\/wp-json\/wp\/v2\/tags?post=1985"}],"curies":[{"name":"wp","href":"https:\/\/api.w.org\/{rel}","templated":true}]}}