{"id":1953,"date":"2021-01-27T22:05:56","date_gmt":"2021-01-27T22:05:56","guid":{"rendered":"http:\/\/heartfailurematters.local:8888\/aumento-de-peso\/"},"modified":"2022-01-24T17:23:13","modified_gmt":"2022-01-24T17:23:13","slug":"aumento-de-peso","status":"publish","type":"page","link":"https:\/\/www.heartfailurematters.org\/pt-pt\/o-que-e-a-insuficiencia-cardiaca\/aumento-de-peso\/","title":{"rendered":"Aumento de peso"},"content":{"rendered":"<p><img decoding=\"async\" class=\"alignleft size-full wp-image-6808\" src=\"https:\/\/cdn-endpoint-hfm.azureedge.net\/heartfailurematters\/2021\/02\/weight-gain.jpg\" alt=\"\" width=\"211\" height=\"206\" \/>\u00c9 muito comum que as pessoas com insufici\u00eancia card\u00edaca sofram mudan\u00e7as bruscas de peso. Aumentar\u00e1 de peso se a insufici\u00eancia card\u00edaca estiver a causar acumula\u00e7\u00e3o de l\u00edquido. Contudo, se o corpo perder l\u00edquidos (por exemplo, ap\u00f3s o tratamento adequado), perder\u00e1 peso. \u00c9 importante pesar-se frequentemente e informar o seu m\u00e9dico ou enfermeiro se notar um aumento de peso de mais de 2 quilos em tr\u00eas dias. Para facilitar esta tarefa, fornecemos uma tabela que pode transferir, imprimir e utilizar para controlar o seu peso e quaisquer altera\u00e7\u00f5es.<\/p>\n<p><a title=\"To view and download or print the chart\" href=\"\/wp-content\/uploads\/2021\/02\/\u03a0\u03b1\u03c1\u03b1\u03ba\u03bf\u03bb\u03bf\u03cd\u03b8\u03b7\u03c3\u03b7-\u03c4\u03b7\u03c2-\u03ba\u03b1\u03c1\u03b4\u03b9\u03b1\u03ba\u03ae\u03c2-\u03b1\u03bd\u03b5\u03c0\u03ac\u03c1\u03ba\u03b5\u03b9\u03b1\u03c2.pdf\" target=\"_blank\" rel=\"noopener\">Clique aqui para ver e transferir ou imprimir a tabela<\/a>.<\/p>\n<p>Quando se aperceber de um aumento de peso na tabela, observe o padr\u00e3o de aumento de peso e analise o seu estilo de vida recente. O aumento de peso devido \u00e0 reten\u00e7\u00e3o de l\u00edquidos \u00e9 diferente do aumento de peso devido a uma alimenta\u00e7\u00e3o rica em calorias. Se n\u00e3o tiver a certeza sobre o motivo do aumento de peso, contacte o seu m\u00e9dico ou enfermeiro.<\/p>\n<p>Para mais informa\u00e7\u00f5es sobre os sintomas que deve controlar regularmente, <a title=\"For more information on symptoms you should be monitoring regularly\" href=\"https:\/\/www.heartfailurematters.org\/pt-pt\/o-que-e-a-insuficiencia-cardiaca\/introducao\/\">clique aqui<\/a>.<\/p>\n<table>\n<tbody>\n<tr>\n<td style=\"width: 25%;\">\n<h2>Anima\u00e7\u00e3o<\/h2>\n<\/td>\n<td style=\"width: 75%; text-align: left; vertical-align: middle;\"><\/td>\n<\/tr>\n<tr>\n<td style=\"width: 25%;\"><a class=\"lightview\" href=\"https:\/\/www.youtube.com\/embed\/QJtFCbqjYoc\" data-lightview-options=\"width: 620, height: 450\" data-lightview-title=\"How heart failure causes fluid accumulation\" data-lightview-caption=\"The animation below shows how heart failure can lead to fluid accumulation in the body, affecting appetite and weight gain and leading to swolling legs and ankles.\"><img decoding=\"async\" class=\"alignleft size-full wp-image-5044\" src=\"https:\/\/cdn-endpoint-hfm.azureedge.net\/heartfailurematters\/2021\/02\/04-animation.jpg\" alt=\"\" width=\"180\" height=\"130\" \/><\/a><\/td>\n<td style=\"width: 75%; text-align: left; vertical-align: middle;\">Anima\u00e7\u00e3o que explica como a insufici\u00eancia card\u00edaca causa acumula\u00e7\u00e3o de l\u00edquido<\/td>\n<\/tr>\n<\/tbody>\n<\/table>\n<p><a title=\"Return to Symptoms\" href=\"https:\/\/www.heartfailurematters.org\/pt-pt\/o-que-e-a-insuficiencia-cardiaca\/sintomas-da-insuficiencia-cardiaca\/\"> Voltar \u00e0 sec\u00e7\u00e3o Sintomas<\/a><a href=\"https:\/\/www.heartfailurematters.org\/pt-pt\/o-que-e-a-insuficiencia-cardiaca\/sintomas-da-insuficiencia-cardiaca\/\">\u00a0<\/a><\/p>\n","protected":false},"excerpt":{"rendered":"<p>\u00c9 muito comum que as pessoas com insufici\u00eancia card\u00edaca sofram mudan\u00e7as bruscas de peso. Aumentar\u00e1 de peso se a insufici\u00eancia card\u00edaca estiver a causar acumula\u00e7\u00e3o de l\u00edquido. Contudo, se o corpo perder l\u00edquidos (por exemplo, ap\u00f3s o tratamento adequado), perder\u00e1 peso. \u00c9 importante pesar-se frequentemente e informar o seu m\u00e9dico ou enfermeiro se notar um [&hellip;]<\/p>\n","protected":false},"author":1,"featured_media":0,"parent":1889,"menu_order":0,"comment_status":"open","ping_status":"open","template":"","meta":{"_acf_changed":false,"footnotes":""},"categories":[],"tags":[],"class_list":["post-1953","page","type-page","status-publish","hentry"],"acf":[],"yoast_head":"<!-- This site is optimized with the Yoast SEO plugin v24.8.1 - https:\/\/yoast.com\/wordpress\/plugins\/seo\/ -->\n<title>Aumento de peso - Heart Failure Matters<\/title>\n<meta name=\"description\" content=\"\u00c9 comum as pessoas com insuf. card\u00edaca sofrerem de altera\u00e7\u00f5es r\u00e1pidas de peso. Informe o m\u00e9dico em caso de aumento de peso superior a 2 kg (3 lb) em 3 dias.\" \/>\n<meta name=\"robots\" content=\"index, follow, max-snippet:-1, max-image-preview:large, max-video-preview:-1\" \/>\n<link rel=\"canonical\" href=\"https:\/\/www.heartfailurematters.org\/pt-pt\/o-que-e-a-insuficiencia-cardiaca\/aumento-de-peso\/\" \/>\n<meta property=\"og:locale\" content=\"pt_PT\" \/>\n<meta property=\"og:type\" content=\"article\" \/>\n<meta property=\"og:title\" content=\"Aumento de peso - Heart Failure Matters\" \/>\n<meta property=\"og:description\" content=\"\u00c9 comum as pessoas com insuf. card\u00edaca sofrerem de altera\u00e7\u00f5es r\u00e1pidas de peso. Informe o m\u00e9dico em caso de aumento de peso superior a 2 kg (3 lb) em 3 dias.\" \/>\n<meta property=\"og:url\" content=\"https:\/\/www.heartfailurematters.org\/pt-pt\/o-que-e-a-insuficiencia-cardiaca\/aumento-de-peso\/\" \/>\n<meta property=\"og:site_name\" content=\"Heart Failure Matters\" \/>\n<meta property=\"article:publisher\" content=\"https:\/\/www.facebook.com\/heartfailurematters\" \/>\n<meta property=\"article:modified_time\" content=\"2022-01-24T17:23:13+00:00\" \/>\n<meta property=\"og:image\" content=\"https:\/\/cdn-endpoint-hfm.azureedge.net\/heartfailurematters\/2021\/02\/weight-gain.jpg\" \/>\n<meta name=\"twitter:card\" content=\"summary_large_image\" \/>\n<meta name=\"twitter:label1\" content=\"Tempo estimado de leitura\" \/>\n\t<meta name=\"twitter:data1\" content=\"2 minutos\" \/>\n<script type=\"application\/ld+json\" class=\"yoast-schema-graph\">{\"@context\":\"https:\/\/schema.org\",\"@graph\":[{\"@type\":\"WebPage\",\"@id\":\"https:\/\/www.heartfailurematters.org\/pt-pt\/o-que-e-a-insuficiencia-cardiaca\/aumento-de-peso\/\",\"url\":\"https:\/\/www.heartfailurematters.org\/pt-pt\/o-que-e-a-insuficiencia-cardiaca\/aumento-de-peso\/\",\"name\":\"Aumento de peso - Heart Failure Matters\",\"isPartOf\":{\"@id\":\"https:\/\/www.heartfailurematters.org\/pt-pt\/#website\"},\"primaryImageOfPage\":{\"@id\":\"https:\/\/www.heartfailurematters.org\/pt-pt\/o-que-e-a-insuficiencia-cardiaca\/aumento-de-peso\/#primaryimage\"},\"image\":{\"@id\":\"https:\/\/www.heartfailurematters.org\/pt-pt\/o-que-e-a-insuficiencia-cardiaca\/aumento-de-peso\/#primaryimage\"},\"thumbnailUrl\":\"https:\/\/cdn-endpoint-hfm.azureedge.net\/heartfailurematters\/2021\/02\/weight-gain.jpg\",\"datePublished\":\"2021-01-27T22:05:56+00:00\",\"dateModified\":\"2022-01-24T17:23:13+00:00\",\"description\":\"\u00c9 comum as pessoas com insuf. card\u00edaca sofrerem de altera\u00e7\u00f5es r\u00e1pidas de peso. Informe o m\u00e9dico em caso de aumento de peso superior a 2 kg (3 lb) em 3 dias.\",\"breadcrumb\":{\"@id\":\"https:\/\/www.heartfailurematters.org\/pt-pt\/o-que-e-a-insuficiencia-cardiaca\/aumento-de-peso\/#breadcrumb\"},\"inLanguage\":\"pt-PT\",\"potentialAction\":[{\"@type\":\"ReadAction\",\"target\":[\"https:\/\/www.heartfailurematters.org\/pt-pt\/o-que-e-a-insuficiencia-cardiaca\/aumento-de-peso\/\"]}]},{\"@type\":\"ImageObject\",\"inLanguage\":\"pt-PT\",\"@id\":\"https:\/\/www.heartfailurematters.org\/pt-pt\/o-que-e-a-insuficiencia-cardiaca\/aumento-de-peso\/#primaryimage\",\"url\":\"https:\/\/cdn-endpoint-hfm.azureedge.net\/heartfailurematters\/2021\/02\/weight-gain.jpg\",\"contentUrl\":\"https:\/\/cdn-endpoint-hfm.azureedge.net\/heartfailurematters\/2021\/02\/weight-gain.jpg\"},{\"@type\":\"BreadcrumbList\",\"@id\":\"https:\/\/www.heartfailurematters.org\/pt-pt\/o-que-e-a-insuficiencia-cardiaca\/aumento-de-peso\/#breadcrumb\",\"itemListElement\":[{\"@type\":\"ListItem\",\"position\":1,\"name\":\"P\u00e1gina inicial\",\"item\":\"https:\/\/www.heartfailurematters.org\/pt-pt\/\"},{\"@type\":\"ListItem\",\"position\":2,\"name\":\"Compreender a insufici\u00eancia card\u00edaca\",\"item\":\"https:\/\/www.heartfailurematters.org\/pt-pt\/o-que-e-a-insuficiencia-cardiaca\/\"},{\"@type\":\"ListItem\",\"position\":3,\"name\":\"Aumento de peso\"}]},{\"@type\":\"WebSite\",\"@id\":\"https:\/\/www.heartfailurematters.org\/pt-pt\/#website\",\"url\":\"https:\/\/www.heartfailurematters.org\/pt-pt\/\",\"name\":\"Heart Failure Matters\",\"description\":\"Practical information for patients, families and caregivers.\",\"publisher\":{\"@id\":\"https:\/\/www.heartfailurematters.org\/pt-pt\/#organization\"},\"potentialAction\":[{\"@type\":\"SearchAction\",\"target\":{\"@type\":\"EntryPoint\",\"urlTemplate\":\"https:\/\/www.heartfailurematters.org\/pt-pt\/?s={search_term_string}\"},\"query-input\":{\"@type\":\"PropertyValueSpecification\",\"valueRequired\":true,\"valueName\":\"search_term_string\"}}],\"inLanguage\":\"pt-PT\"},{\"@type\":\"Organization\",\"@id\":\"https:\/\/www.heartfailurematters.org\/pt-pt\/#organization\",\"name\":\"Heart Failure Matters\",\"url\":\"https:\/\/www.heartfailurematters.org\/pt-pt\/\",\"logo\":{\"@type\":\"ImageObject\",\"inLanguage\":\"pt-PT\",\"@id\":\"https:\/\/www.heartfailurematters.org\/pt-pt\/#\/schema\/logo\/image\/\",\"url\":\"https:\/\/cdn-endpoint-hfm.azureedge.net\/heartfailurematters\/2024\/07\/hfm-logo1.jpg\",\"contentUrl\":\"https:\/\/cdn-endpoint-hfm.azureedge.net\/heartfailurematters\/2024\/07\/hfm-logo1.jpg\",\"width\":1280,\"height\":720,\"caption\":\"Heart Failure Matters\"},\"image\":{\"@id\":\"https:\/\/www.heartfailurematters.org\/pt-pt\/#\/schema\/logo\/image\/\"},\"sameAs\":[\"https:\/\/www.facebook.com\/heartfailurematters\"]}]}<\/script>\n<!-- \/ Yoast SEO plugin. -->","yoast_head_json":{"title":"Aumento de peso - Heart Failure Matters","description":"\u00c9 comum as pessoas com insuf. card\u00edaca sofrerem de altera\u00e7\u00f5es r\u00e1pidas de peso. Informe o m\u00e9dico em caso de aumento de peso superior a 2 kg (3 lb) em 3 dias.","robots":{"index":"index","follow":"follow","max-snippet":"max-snippet:-1","max-image-preview":"max-image-preview:large","max-video-preview":"max-video-preview:-1"},"canonical":"https:\/\/www.heartfailurematters.org\/pt-pt\/o-que-e-a-insuficiencia-cardiaca\/aumento-de-peso\/","og_locale":"pt_PT","og_type":"article","og_title":"Aumento de peso - Heart Failure Matters","og_description":"\u00c9 comum as pessoas com insuf. card\u00edaca sofrerem de altera\u00e7\u00f5es r\u00e1pidas de peso. Informe o m\u00e9dico em caso de aumento de peso superior a 2 kg (3 lb) em 3 dias.","og_url":"https:\/\/www.heartfailurematters.org\/pt-pt\/o-que-e-a-insuficiencia-cardiaca\/aumento-de-peso\/","og_site_name":"Heart Failure Matters","article_publisher":"https:\/\/www.facebook.com\/heartfailurematters","article_modified_time":"2022-01-24T17:23:13+00:00","og_image":[{"url":"https:\/\/cdn-endpoint-hfm.azureedge.net\/heartfailurematters\/2021\/02\/weight-gain.jpg","type":"","width":"","height":""}],"twitter_card":"summary_large_image","twitter_misc":{"Tempo estimado de leitura":"2 minutos"},"schema":{"@context":"https:\/\/schema.org","@graph":[{"@type":"WebPage","@id":"https:\/\/www.heartfailurematters.org\/pt-pt\/o-que-e-a-insuficiencia-cardiaca\/aumento-de-peso\/","url":"https:\/\/www.heartfailurematters.org\/pt-pt\/o-que-e-a-insuficiencia-cardiaca\/aumento-de-peso\/","name":"Aumento de peso - Heart Failure Matters","isPartOf":{"@id":"https:\/\/www.heartfailurematters.org\/pt-pt\/#website"},"primaryImageOfPage":{"@id":"https:\/\/www.heartfailurematters.org\/pt-pt\/o-que-e-a-insuficiencia-cardiaca\/aumento-de-peso\/#primaryimage"},"image":{"@id":"https:\/\/www.heartfailurematters.org\/pt-pt\/o-que-e-a-insuficiencia-cardiaca\/aumento-de-peso\/#primaryimage"},"thumbnailUrl":"https:\/\/cdn-endpoint-hfm.azureedge.net\/heartfailurematters\/2021\/02\/weight-gain.jpg","datePublished":"2021-01-27T22:05:56+00:00","dateModified":"2022-01-24T17:23:13+00:00","description":"\u00c9 comum as pessoas com insuf. card\u00edaca sofrerem de altera\u00e7\u00f5es r\u00e1pidas de peso. Informe o m\u00e9dico em caso de aumento de peso superior a 2 kg (3 lb) em 3 dias.","breadcrumb":{"@id":"https:\/\/www.heartfailurematters.org\/pt-pt\/o-que-e-a-insuficiencia-cardiaca\/aumento-de-peso\/#breadcrumb"},"inLanguage":"pt-PT","potentialAction":[{"@type":"ReadAction","target":["https:\/\/www.heartfailurematters.org\/pt-pt\/o-que-e-a-insuficiencia-cardiaca\/aumento-de-peso\/"]}]},{"@type":"ImageObject","inLanguage":"pt-PT","@id":"https:\/\/www.heartfailurematters.org\/pt-pt\/o-que-e-a-insuficiencia-cardiaca\/aumento-de-peso\/#primaryimage","url":"https:\/\/cdn-endpoint-hfm.azureedge.net\/heartfailurematters\/2021\/02\/weight-gain.jpg","contentUrl":"https:\/\/cdn-endpoint-hfm.azureedge.net\/heartfailurematters\/2021\/02\/weight-gain.jpg"},{"@type":"BreadcrumbList","@id":"https:\/\/www.heartfailurematters.org\/pt-pt\/o-que-e-a-insuficiencia-cardiaca\/aumento-de-peso\/#breadcrumb","itemListElement":[{"@type":"ListItem","position":1,"name":"P\u00e1gina inicial","item":"https:\/\/www.heartfailurematters.org\/pt-pt\/"},{"@type":"ListItem","position":2,"name":"Compreender a insufici\u00eancia card\u00edaca","item":"https:\/\/www.heartfailurematters.org\/pt-pt\/o-que-e-a-insuficiencia-cardiaca\/"},{"@type":"ListItem","position":3,"name":"Aumento de peso"}]},{"@type":"WebSite","@id":"https:\/\/www.heartfailurematters.org\/pt-pt\/#website","url":"https:\/\/www.heartfailurematters.org\/pt-pt\/","name":"Heart Failure Matters","description":"Practical information for patients, families and caregivers.","publisher":{"@id":"https:\/\/www.heartfailurematters.org\/pt-pt\/#organization"},"potentialAction":[{"@type":"SearchAction","target":{"@type":"EntryPoint","urlTemplate":"https:\/\/www.heartfailurematters.org\/pt-pt\/?s={search_term_string}"},"query-input":{"@type":"PropertyValueSpecification","valueRequired":true,"valueName":"search_term_string"}}],"inLanguage":"pt-PT"},{"@type":"Organization","@id":"https:\/\/www.heartfailurematters.org\/pt-pt\/#organization","name":"Heart Failure Matters","url":"https:\/\/www.heartfailurematters.org\/pt-pt\/","logo":{"@type":"ImageObject","inLanguage":"pt-PT","@id":"https:\/\/www.heartfailurematters.org\/pt-pt\/#\/schema\/logo\/image\/","url":"https:\/\/cdn-endpoint-hfm.azureedge.net\/heartfailurematters\/2024\/07\/hfm-logo1.jpg","contentUrl":"https:\/\/cdn-endpoint-hfm.azureedge.net\/heartfailurematters\/2024\/07\/hfm-logo1.jpg","width":1280,"height":720,"caption":"Heart Failure Matters"},"image":{"@id":"https:\/\/www.heartfailurematters.org\/pt-pt\/#\/schema\/logo\/image\/"},"sameAs":["https:\/\/www.facebook.com\/heartfailurematters"]}]}},"_links":{"self":[{"href":"https:\/\/www.heartfailurematters.org\/pt-pt\/wp-json\/wp\/v2\/pages\/1953","targetHints":{"allow":["GET"]}}],"collection":[{"href":"https:\/\/www.heartfailurematters.org\/pt-pt\/wp-json\/wp\/v2\/pages"}],"about":[{"href":"https:\/\/www.heartfailurematters.org\/pt-pt\/wp-json\/wp\/v2\/types\/page"}],"author":[{"embeddable":true,"href":"https:\/\/www.heartfailurematters.org\/pt-pt\/wp-json\/wp\/v2\/users\/1"}],"replies":[{"embeddable":true,"href":"https:\/\/www.heartfailurematters.org\/pt-pt\/wp-json\/wp\/v2\/comments?post=1953"}],"version-history":[{"count":3,"href":"https:\/\/www.heartfailurematters.org\/pt-pt\/wp-json\/wp\/v2\/pages\/1953\/revisions"}],"predecessor-version":[{"id":10384,"href":"https:\/\/www.heartfailurematters.org\/pt-pt\/wp-json\/wp\/v2\/pages\/1953\/revisions\/10384"}],"up":[{"embeddable":true,"href":"https:\/\/www.heartfailurematters.org\/pt-pt\/wp-json\/wp\/v2\/pages\/1889"}],"wp:attachment":[{"href":"https:\/\/www.heartfailurematters.org\/pt-pt\/wp-json\/wp\/v2\/media?parent=1953"}],"wp:term":[{"taxonomy":"category","embeddable":true,"href":"https:\/\/www.heartfailurematters.org\/pt-pt\/wp-json\/wp\/v2\/categories?post=1953"},{"taxonomy":"post_tag","embeddable":true,"href":"https:\/\/www.heartfailurematters.org\/pt-pt\/wp-json\/wp\/v2\/tags?post=1953"}],"curies":[{"name":"wp","href":"https:\/\/api.w.org\/{rel}","templated":true}]}}