{"id":1952,"date":"2021-01-27T22:05:51","date_gmt":"2021-01-27T22:05:51","guid":{"rendered":"http:\/\/heartfailurematters.local:8888\/virus-covid-19-e-insuficiencia-cardiaca-informacao-e-sugestoes-praticas\/"},"modified":"2025-12-05T10:26:58","modified_gmt":"2025-12-05T10:26:58","slug":"virus-covid-19-e-insuficiencia-cardiaca-informacao-e-sugestoes-praticas","status":"publish","type":"page","link":"https:\/\/www.heartfailurematters.org\/pt-pt\/virus-covid-19-e-insuficiencia-cardiaca-informacao-e-sugestoes-praticas\/","title":{"rendered":"V\u00edrus COVID-19 e insufici\u00eancia card\u00edaca: informa\u00e7\u00f5es e sugest\u00f5es pr\u00e1ticas"},"content":{"rendered":"<blockquote><p>Encorajamos enfaticamente que todos os doentes com insufici\u00eancia card\u00edaca se vacinem.<br \/>\n<a href=\"https:\/\/www.escardio.org\/Education\/COVID-19-and-Cardiology\/covid-19-and-vaccinations\" target=\"_blank\" rel=\"noopener\">Clique aqui<\/a> para mais informa\u00e7\u00f5es.<\/p><\/blockquote>\n<h2>O que os doentes com insufici\u00eancia card\u00edaca precisam saber sobre COVID\u201319<\/h2>\n<p>O COVID-19 \u00e9 um novo coronav\u00edrus. Cont\u00e9m material gen\u00e9tico que pode infetar c\u00e9lulas humanas que depois se multiplicar\u00e3o, produzindo mais v\u00edrus. A pandemia da COVID-19 \u00e9 uma emerg\u00eancia de sa\u00fade p\u00fablica em r\u00e1pida evolu\u00e7\u00e3o. Come\u00e7ou no final de dezembro de 2019, na cidade de Wuhan, prov\u00edncia de Hubei, na China, e propagou-se rapidamente para pa\u00edses e territ\u00f3rios em todo o mundo.<\/p>\n<p>A propaga\u00e7\u00e3o de pessoa para pessoa ocorre atrav\u00e9s da tosse e dos espirros. As got\u00edculas respirat\u00f3rias que cont\u00eam o v\u00edrus podem infetar atrav\u00e9s do contacto com a boca, o nariz ou os olhos. O v\u00edrus tamb\u00e9m pode contaminar superf\u00edcies e sobreviver nas mesmas durante v\u00e1rios dias. Pelo menos 80% dos doentes infetados apresentam sintomas leves e recuperam sem necessidade de interven\u00e7\u00e3o m\u00e9dica.<\/p>\n<p>Pelo menos 80% dos doentes infetados apresentam sintomas leves, como febre, tosse, fadiga cefaleia e dor de garganta. O v\u00edrus pode levar a pneumonia em alguns doentes, com dificuldade respirat\u00f3ria progressiva e, em casos mais graves, pode ser fatal. No entanto, a taxa de mortalidade global da COVID-19, com base nas primeiras publica\u00e7\u00f5es, permanece baixa, aproximadamente 2%.<\/p>\n<h2>O que significa a COVID\u201319 para doentes com insufici\u00eancia card\u00edaca?<\/h2>\n<p>As complica\u00e7\u00f5es graves, com necessidade de hospitaliza\u00e7\u00e3o, aumentam significativamente com a idade. Pessoas com mais de 70 anos est\u00e3o particularmente em maior risco, uma vez que muitas apresentam tamb\u00e9m outras condi\u00e7\u00f5es de sa\u00fade.<\/p>\n<p>Doentes com doen\u00e7a pulmonar cr\u00f3nica, doen\u00e7a cardiovascular cr\u00f3nica como insufici\u00eancia card\u00edaca, diabetes, hipertens\u00e3o, cancro, doen\u00e7as autoimunes ou usam medicamentos imunossupressores depois de um transplante s\u00e3o mais vulner\u00e1veis a pior evolu\u00e7\u00e3o. Doentes com insufici\u00eancia card\u00edaca podem ter pelo menos uma ou mais destas outras doen\u00e7as e, por conseguinte, est\u00e3o sujeitos a um maior risco de hospitaliza\u00e7\u00e3o e complica\u00e7\u00f5es graves.<\/p>\n<h3><a href=\"\/wp-content\/uploads\/2021\/02\/HFM-COVID-19.pdf\" target=\"_blank\" rel=\"noopener\">Clique aqui<\/a> para descarregar os conselhos em formato PDF<\/h3>\n<h4>Para obter mais informa\u00e7\u00f5es sobre a COVID-19 e os doentes card\u00edacos, consulte o website da Sociedade Europeia de Cardiologia <a href=\"https:\/\/www.escardio.org\/Education\/COVID-19-and-Cardiology\">COVID-19-e-Cardiologia<\/a>.<\/h4>\n","protected":false},"excerpt":{"rendered":"<p>Encorajamos enfaticamente que todos os doentes com insufici\u00eancia card\u00edaca se vacinem. Clique aqui para mais informa\u00e7\u00f5es. O que os doentes com insufici\u00eancia card\u00edaca precisam saber sobre COVID\u201319 O COVID-19 \u00e9 um novo coronav\u00edrus. Cont\u00e9m material gen\u00e9tico que pode infetar c\u00e9lulas humanas que depois se multiplicar\u00e3o, produzindo mais v\u00edrus. A pandemia da COVID-19 \u00e9 uma emerg\u00eancia [&hellip;]<\/p>\n","protected":false},"author":1,"featured_media":0,"parent":0,"menu_order":0,"comment_status":"open","ping_status":"open","template":"","meta":{"_acf_changed":false,"footnotes":""},"categories":[],"tags":[],"class_list":["post-1952","page","type-page","status-publish","hentry"],"acf":[],"yoast_head":"<!-- This site is optimized with the Yoast SEO plugin v24.8.1 - https:\/\/yoast.com\/wordpress\/plugins\/seo\/ -->\n<title>V\u00edrus COVID-19 e insufici\u00eancia card\u00edaca: informa\u00e7\u00f5es e sugest\u00f5es<\/title>\n<meta name=\"description\" content=\"Saiba o que os doentes com insufici\u00eancia card\u00edaca precisam de conhecer sobre a COVID-19 e as recomenda\u00e7\u00f5es para se manterem saud\u00e1veis durante a pandemia.\" \/>\n<meta name=\"robots\" content=\"index, follow, max-snippet:-1, max-image-preview:large, max-video-preview:-1\" \/>\n<link rel=\"canonical\" href=\"https:\/\/www.heartfailurematters.org\/pt-pt\/virus-covid-19-e-insuficiencia-cardiaca-informacao-e-sugestoes-praticas\/\" \/>\n<meta property=\"og:locale\" content=\"pt_PT\" \/>\n<meta property=\"og:type\" content=\"article\" \/>\n<meta property=\"og:title\" content=\"V\u00edrus COVID-19 e insufici\u00eancia card\u00edaca: informa\u00e7\u00f5es e sugest\u00f5es\" \/>\n<meta property=\"og:description\" content=\"Saiba o que os doentes com insufici\u00eancia card\u00edaca precisam de conhecer sobre a COVID-19 e as recomenda\u00e7\u00f5es para se manterem saud\u00e1veis durante a pandemia.\" \/>\n<meta property=\"og:url\" content=\"https:\/\/www.heartfailurematters.org\/pt-pt\/virus-covid-19-e-insuficiencia-cardiaca-informacao-e-sugestoes-praticas\/\" \/>\n<meta property=\"og:site_name\" content=\"Heart Failure Matters\" \/>\n<meta property=\"article:publisher\" content=\"https:\/\/www.facebook.com\/heartfailurematters\" \/>\n<meta property=\"article:modified_time\" content=\"2025-12-05T10:26:58+00:00\" \/>\n<meta name=\"twitter:card\" content=\"summary_large_image\" \/>\n<meta name=\"twitter:label1\" content=\"Tempo estimado de leitura\" \/>\n\t<meta name=\"twitter:data1\" content=\"6 minutos\" \/>\n<script type=\"application\/ld+json\" class=\"yoast-schema-graph\">{\"@context\":\"https:\/\/schema.org\",\"@graph\":[{\"@type\":\"WebPage\",\"@id\":\"https:\/\/www.heartfailurematters.org\/pt-pt\/virus-covid-19-e-insuficiencia-cardiaca-informacao-e-sugestoes-praticas\/\",\"url\":\"https:\/\/www.heartfailurematters.org\/pt-pt\/virus-covid-19-e-insuficiencia-cardiaca-informacao-e-sugestoes-praticas\/\",\"name\":\"V\u00edrus COVID-19 e insufici\u00eancia card\u00edaca: informa\u00e7\u00f5es e sugest\u00f5es\",\"isPartOf\":{\"@id\":\"https:\/\/www.heartfailurematters.org\/pt-pt\/#website\"},\"datePublished\":\"2021-01-27T22:05:51+00:00\",\"dateModified\":\"2025-12-05T10:26:58+00:00\",\"description\":\"Saiba o que os doentes com insufici\u00eancia card\u00edaca precisam de conhecer sobre a COVID-19 e as recomenda\u00e7\u00f5es para se manterem saud\u00e1veis durante a pandemia.\",\"breadcrumb\":{\"@id\":\"https:\/\/www.heartfailurematters.org\/pt-pt\/virus-covid-19-e-insuficiencia-cardiaca-informacao-e-sugestoes-praticas\/#breadcrumb\"},\"inLanguage\":\"pt-PT\",\"potentialAction\":[{\"@type\":\"ReadAction\",\"target\":[\"https:\/\/www.heartfailurematters.org\/pt-pt\/virus-covid-19-e-insuficiencia-cardiaca-informacao-e-sugestoes-praticas\/\"]}]},{\"@type\":\"BreadcrumbList\",\"@id\":\"https:\/\/www.heartfailurematters.org\/pt-pt\/virus-covid-19-e-insuficiencia-cardiaca-informacao-e-sugestoes-praticas\/#breadcrumb\",\"itemListElement\":[{\"@type\":\"ListItem\",\"position\":1,\"name\":\"P\u00e1gina inicial\",\"item\":\"https:\/\/www.heartfailurematters.org\/pt-pt\/\"},{\"@type\":\"ListItem\",\"position\":2,\"name\":\"V\u00edrus COVID-19 e insufici\u00eancia card\u00edaca: informa\u00e7\u00f5es e sugest\u00f5es pr\u00e1ticas\"}]},{\"@type\":\"WebSite\",\"@id\":\"https:\/\/www.heartfailurematters.org\/pt-pt\/#website\",\"url\":\"https:\/\/www.heartfailurematters.org\/pt-pt\/\",\"name\":\"Heart Failure Matters\",\"description\":\"Practical information for patients, families and caregivers.\",\"publisher\":{\"@id\":\"https:\/\/www.heartfailurematters.org\/pt-pt\/#organization\"},\"potentialAction\":[{\"@type\":\"SearchAction\",\"target\":{\"@type\":\"EntryPoint\",\"urlTemplate\":\"https:\/\/www.heartfailurematters.org\/pt-pt\/?s={search_term_string}\"},\"query-input\":{\"@type\":\"PropertyValueSpecification\",\"valueRequired\":true,\"valueName\":\"search_term_string\"}}],\"inLanguage\":\"pt-PT\"},{\"@type\":\"Organization\",\"@id\":\"https:\/\/www.heartfailurematters.org\/pt-pt\/#organization\",\"name\":\"Heart Failure Matters\",\"url\":\"https:\/\/www.heartfailurematters.org\/pt-pt\/\",\"logo\":{\"@type\":\"ImageObject\",\"inLanguage\":\"pt-PT\",\"@id\":\"https:\/\/www.heartfailurematters.org\/pt-pt\/#\/schema\/logo\/image\/\",\"url\":\"https:\/\/cdn-endpoint-hfm.azureedge.net\/heartfailurematters\/2024\/07\/hfm-logo1.jpg\",\"contentUrl\":\"https:\/\/cdn-endpoint-hfm.azureedge.net\/heartfailurematters\/2024\/07\/hfm-logo1.jpg\",\"width\":1280,\"height\":720,\"caption\":\"Heart Failure Matters\"},\"image\":{\"@id\":\"https:\/\/www.heartfailurematters.org\/pt-pt\/#\/schema\/logo\/image\/\"},\"sameAs\":[\"https:\/\/www.facebook.com\/heartfailurematters\"]}]}<\/script>\n<!-- \/ Yoast SEO plugin. -->","yoast_head_json":{"title":"V\u00edrus COVID-19 e insufici\u00eancia card\u00edaca: informa\u00e7\u00f5es e sugest\u00f5es","description":"Saiba o que os doentes com insufici\u00eancia card\u00edaca precisam de conhecer sobre a COVID-19 e as recomenda\u00e7\u00f5es para se manterem saud\u00e1veis durante a pandemia.","robots":{"index":"index","follow":"follow","max-snippet":"max-snippet:-1","max-image-preview":"max-image-preview:large","max-video-preview":"max-video-preview:-1"},"canonical":"https:\/\/www.heartfailurematters.org\/pt-pt\/virus-covid-19-e-insuficiencia-cardiaca-informacao-e-sugestoes-praticas\/","og_locale":"pt_PT","og_type":"article","og_title":"V\u00edrus COVID-19 e insufici\u00eancia card\u00edaca: informa\u00e7\u00f5es e sugest\u00f5es","og_description":"Saiba o que os doentes com insufici\u00eancia card\u00edaca precisam de conhecer sobre a COVID-19 e as recomenda\u00e7\u00f5es para se manterem saud\u00e1veis durante a pandemia.","og_url":"https:\/\/www.heartfailurematters.org\/pt-pt\/virus-covid-19-e-insuficiencia-cardiaca-informacao-e-sugestoes-praticas\/","og_site_name":"Heart Failure Matters","article_publisher":"https:\/\/www.facebook.com\/heartfailurematters","article_modified_time":"2025-12-05T10:26:58+00:00","twitter_card":"summary_large_image","twitter_misc":{"Tempo estimado de leitura":"6 minutos"},"schema":{"@context":"https:\/\/schema.org","@graph":[{"@type":"WebPage","@id":"https:\/\/www.heartfailurematters.org\/pt-pt\/virus-covid-19-e-insuficiencia-cardiaca-informacao-e-sugestoes-praticas\/","url":"https:\/\/www.heartfailurematters.org\/pt-pt\/virus-covid-19-e-insuficiencia-cardiaca-informacao-e-sugestoes-praticas\/","name":"V\u00edrus COVID-19 e insufici\u00eancia card\u00edaca: informa\u00e7\u00f5es e sugest\u00f5es","isPartOf":{"@id":"https:\/\/www.heartfailurematters.org\/pt-pt\/#website"},"datePublished":"2021-01-27T22:05:51+00:00","dateModified":"2025-12-05T10:26:58+00:00","description":"Saiba o que os doentes com insufici\u00eancia card\u00edaca precisam de conhecer sobre a COVID-19 e as recomenda\u00e7\u00f5es para se manterem saud\u00e1veis durante a pandemia.","breadcrumb":{"@id":"https:\/\/www.heartfailurematters.org\/pt-pt\/virus-covid-19-e-insuficiencia-cardiaca-informacao-e-sugestoes-praticas\/#breadcrumb"},"inLanguage":"pt-PT","potentialAction":[{"@type":"ReadAction","target":["https:\/\/www.heartfailurematters.org\/pt-pt\/virus-covid-19-e-insuficiencia-cardiaca-informacao-e-sugestoes-praticas\/"]}]},{"@type":"BreadcrumbList","@id":"https:\/\/www.heartfailurematters.org\/pt-pt\/virus-covid-19-e-insuficiencia-cardiaca-informacao-e-sugestoes-praticas\/#breadcrumb","itemListElement":[{"@type":"ListItem","position":1,"name":"P\u00e1gina inicial","item":"https:\/\/www.heartfailurematters.org\/pt-pt\/"},{"@type":"ListItem","position":2,"name":"V\u00edrus COVID-19 e insufici\u00eancia card\u00edaca: informa\u00e7\u00f5es e sugest\u00f5es pr\u00e1ticas"}]},{"@type":"WebSite","@id":"https:\/\/www.heartfailurematters.org\/pt-pt\/#website","url":"https:\/\/www.heartfailurematters.org\/pt-pt\/","name":"Heart Failure Matters","description":"Practical information for patients, families and caregivers.","publisher":{"@id":"https:\/\/www.heartfailurematters.org\/pt-pt\/#organization"},"potentialAction":[{"@type":"SearchAction","target":{"@type":"EntryPoint","urlTemplate":"https:\/\/www.heartfailurematters.org\/pt-pt\/?s={search_term_string}"},"query-input":{"@type":"PropertyValueSpecification","valueRequired":true,"valueName":"search_term_string"}}],"inLanguage":"pt-PT"},{"@type":"Organization","@id":"https:\/\/www.heartfailurematters.org\/pt-pt\/#organization","name":"Heart Failure Matters","url":"https:\/\/www.heartfailurematters.org\/pt-pt\/","logo":{"@type":"ImageObject","inLanguage":"pt-PT","@id":"https:\/\/www.heartfailurematters.org\/pt-pt\/#\/schema\/logo\/image\/","url":"https:\/\/cdn-endpoint-hfm.azureedge.net\/heartfailurematters\/2024\/07\/hfm-logo1.jpg","contentUrl":"https:\/\/cdn-endpoint-hfm.azureedge.net\/heartfailurematters\/2024\/07\/hfm-logo1.jpg","width":1280,"height":720,"caption":"Heart Failure Matters"},"image":{"@id":"https:\/\/www.heartfailurematters.org\/pt-pt\/#\/schema\/logo\/image\/"},"sameAs":["https:\/\/www.facebook.com\/heartfailurematters"]}]}},"_links":{"self":[{"href":"https:\/\/www.heartfailurematters.org\/pt-pt\/wp-json\/wp\/v2\/pages\/1952","targetHints":{"allow":["GET"]}}],"collection":[{"href":"https:\/\/www.heartfailurematters.org\/pt-pt\/wp-json\/wp\/v2\/pages"}],"about":[{"href":"https:\/\/www.heartfailurematters.org\/pt-pt\/wp-json\/wp\/v2\/types\/page"}],"author":[{"embeddable":true,"href":"https:\/\/www.heartfailurematters.org\/pt-pt\/wp-json\/wp\/v2\/users\/1"}],"replies":[{"embeddable":true,"href":"https:\/\/www.heartfailurematters.org\/pt-pt\/wp-json\/wp\/v2\/comments?post=1952"}],"version-history":[{"count":6,"href":"https:\/\/www.heartfailurematters.org\/pt-pt\/wp-json\/wp\/v2\/pages\/1952\/revisions"}],"predecessor-version":[{"id":13704,"href":"https:\/\/www.heartfailurematters.org\/pt-pt\/wp-json\/wp\/v2\/pages\/1952\/revisions\/13704"}],"wp:attachment":[{"href":"https:\/\/www.heartfailurematters.org\/pt-pt\/wp-json\/wp\/v2\/media?parent=1952"}],"wp:term":[{"taxonomy":"category","embeddable":true,"href":"https:\/\/www.heartfailurematters.org\/pt-pt\/wp-json\/wp\/v2\/categories?post=1952"},{"taxonomy":"post_tag","embeddable":true,"href":"https:\/\/www.heartfailurematters.org\/pt-pt\/wp-json\/wp\/v2\/tags?post=1952"}],"curies":[{"name":"wp","href":"https:\/\/api.w.org\/{rel}","templated":true}]}}