{"id":1951,"date":"2021-01-27T22:05:51","date_gmt":"2021-01-27T22:05:51","guid":{"rendered":"http:\/\/heartfailurematters.local:8888\/tratamento-por-ressincronizacao-cardiaca-trc\/"},"modified":"2022-01-25T12:15:48","modified_gmt":"2022-01-25T12:15:48","slug":"tratamento-por-ressincronizacao-cardiaca-trc","status":"publish","type":"page","link":"https:\/\/www.heartfailurematters.org\/pt-pt\/o-que-o-seu-medico-ou-enfermeiro-pode-fazer\/tratamento-por-ressincronizacao-cardiaca-trc\/","title":{"rendered":"Tratamento por ressincroniza\u00e7\u00e3o card\u00edaca (TRC)"},"content":{"rendered":"<h2>Como funciona?<\/h2>\n<p><a class=\"addtooltip\" title=\"Trata-se de um tratamento que usa um tipo de pacemaker que ajuda o cora\u00e7\u00e3o a manter um ritmo saud\u00e1vel e melhora a coordena\u00e7\u00e3o da contra\u00e7\u00e3o da principal c\u00e2mara de bombeamento do cora\u00e7\u00e3o (ventr\u00edculo esquerdo).\"><img decoding=\"async\" class=\"alignleft size-full wp-image-6640\" src=\"https:\/\/cdn-endpoint-hfm.azureedge.net\/heartfailurematters\/2021\/02\/CRT-device.jpg\" alt=\"\" width=\"211\" height=\"206\" \/>O <strong>tratamento por ressincroniza\u00e7\u00e3o card\u00edaca (TRC)<\/strong><\/a>, por vezes designado estimula\u00e7\u00e3o biventricular, poder\u00e1 ser \u00fatil se os impulsos el\u00e9tricos que controlam a contra\u00e7\u00e3o e o relaxamento do m\u00fasculo card\u00edaco n\u00e3o atravessarem o cora\u00e7\u00e3o de forma r\u00e1pida e uniforme. <a class=\"addtooltip\" title=\"As c\u00e2maras inferiores e de maior dimens\u00e3o do cora\u00e7\u00e3o, que recebem sangue dos \u00e1trios s\u00e3o respons\u00e1veis por bombear o sangue do cora\u00e7\u00e3o para o organismo e pulm\u00f5es.\">O <strong>ventr\u00edculo<\/strong><\/a>\u00a0 poder\u00e1 contrair\u00a0uma fra\u00e7\u00e3o de segundo depois do ventr\u00edculo direito, em vez de contrair ao mesmo tempo. Frequentemente, as sec\u00e7\u00f5es do ventr\u00edculo esquerdo poder\u00e3o produzir uma contra\u00e7\u00e3o mais curta e mais uniforme. Esta aus\u00eancia de coordena\u00e7\u00e3o afeta a capacidade do cora\u00e7\u00e3o bombear o sangue de forma eficaz. O seu m\u00e9dico procurar\u00e1 ind\u00edcios de coordena\u00e7\u00e3o incoerente do m\u00fasculo card\u00edaco, conforme identificado pelo registo de um <a class=\"addtooltip\" title=\"Um exame que regista a atividade el\u00e9trica do cora\u00e7\u00e3o. S\u00e3o registadas informa\u00e7\u00f5es sobre a frequ\u00eancia card\u00edaca, ritmo card\u00edaco e condu\u00e7\u00e3o el\u00e9trica. Podem ser identificadas les\u00f5es, isquemia e hipertrofia.\">Registo <strong>ECG<\/strong> ou <\/a><a class=\"addtooltip\" title=\"Trata-se de um exame que produz imagens do interior do organismo atrav\u00e9s de ondas sonoras. Coloca-se um gel na pele e passa-se um microfone para a frente e para tr\u00e1s na \u00e1rea que ser\u00e1 examinada. Em seguida, um computador converte as ondas sonoras refletidas em imagens num ecr\u00e3.\">Exame <strong>ecocardiogr\u00e1fico<\/strong><\/a><a class=\"addtooltip\" title=\"Um exame que regista a atividade el\u00e9trica do cora\u00e7\u00e3o. S\u00e3o registadas informa\u00e7\u00f5es sobre a frequ\u00eancia card\u00edaca, ritmo card\u00edaco e condu\u00e7\u00e3o el\u00e9trica. Podem ser identificadas les\u00f5es, isquemia e hipertrofia.\"> (ultrassom).<\/a><\/p>\n<p>A TRC n\u00e3o s\u00f3 funciona como um pacemaker, como tamb\u00e9m coordena novamente (ressincroniza) os batimentos de ambos os ventr\u00edculos, estimulando-os ao mesmo tempo e melhorando especificamente a contra\u00e7\u00e3o do ventr\u00edculo esquerdo. Isto melhora a efic\u00e1cia geral do cora\u00e7\u00e3o. Por isso, a TCR difere dos <a title=\"Pacemakers\" href=\"https:\/\/www.heartfailurematters.org\/pt-pt\/o-que-o-seu-medico-ou-enfermeiro-pode-fazer\/pacemakers\/\">pacemakers <\/a>\u00a0normais, que s\u00f3 estimulam o ventr\u00edculo direito e controlam a frequ\u00eancia card\u00edaca. Os dispositivos de TRC poder\u00e3o n\u00e3o s\u00f3 melhorar os sintomas da insufici\u00eancia card\u00edaca, como tamb\u00e9m foi comprovado que prolongam a sobreviv\u00eancia a longo prazo. Normalmente, os m\u00e9dicos optam por combinar uma TRC com um CDI no mesmo dispositivo. Neste caso, o dispositivo \u00e9 designado por TRC-D.<\/p>\n<h2>Onde \u00e9 que fica inserido e qual \u00e9 o procedimento de coloca\u00e7\u00e3o?<\/h2>\n<p>Tal como nos pacemakers padr\u00e3o, o dispositivo de TRC \u00e9 do tamanho de um rel\u00f3gio de bolso. Um dispositivo de TRC \u00e9 normalmente implantado com anestesia local, sob a clav\u00edcula, com deriva\u00e7\u00f5es flex\u00edveis (fios revestidos) que saem do mesmo e s\u00e3o posicionadas no cora\u00e7\u00e3o. O procedimento demora entre 1 e 2 horas.<\/p>\n<p>A deriva\u00e7\u00e3o do el\u00e9trodo \u00e9 inserida numa veia no ombro ou na base do pesco\u00e7o. O cardiologista faz avan\u00e7ar a deriva\u00e7\u00e3o para a c\u00e2mara correta no cora\u00e7\u00e3o, verificando a posi\u00e7\u00e3o da mesma no ecr\u00e3 de raios-X e fixando-a com um ponto no ombro. Em seguida, a deriva\u00e7\u00e3o \u00e9 ligada ao pacemaker e este \u00e9 implantado numa pequena &#8220;bolsa&#8221; ou espa\u00e7o entre a pele e o m\u00fasculo peitoral. A quantidade de energia el\u00e9trica necess\u00e1ria para estimular o cora\u00e7\u00e3o a contrair \u00e9 avaliada e o pacemaker \u00e9 ajustado.<\/p>\n<h2>Ap\u00f3s o procedimento<\/h2>\n<p>Ap\u00f3s a coloca\u00e7\u00e3o do dispositivo, poder\u00e1 sentir dores ou desconforto e ter n\u00f3doas negras no local de inser\u00e7\u00e3o, mas normalmente desaparecem em alguns dias. A maioria das pessoas come\u00e7a a andar de um lado para o outro mais tarde, nesse mesmo dia, e poder\u00e1 retomar as atividades normais entre duas a quatro semanas.<\/p>\n<p>O funcionamento e a vida \u00fatil da bateria do dispositivo t\u00eam de ser verificados regularmente numa cl\u00ednica da especialidade. Consoante o dispositivo implantado, poder\u00e1 ser proposto um acompanhamento por <a class=\"addtooltip\" title=\"Este termo \u00e9 utilizado para descrever a informa\u00e7\u00e3o que \u00e9 enviada eletronicamente (por exemplo, por telefone) para o seu m\u00e9dico ou enfermeiro. A informa\u00e7\u00e3o tamb\u00e9m pode ser transmitida automaticamente a partir de um pacemaker, DCI ou TRC quando estiver em casa ou na cl\u00ednica. Existem v\u00e1rios m\u00e9todos diferentes dispon\u00edveis para proporcionar este tipo de monitoriza\u00e7\u00e3o \u00e0 dist\u00e2ncia. A telemonitoriza\u00e7\u00e3o est\u00e1 cada vez mais dispon\u00edvel e presente na rotina do controlo de pacemakers.\">Poder\u00e1 ser oferecido o acompanhamento por <strong>telemonitoriza\u00e7\u00e3o<\/strong><\/a> para monitorizar o dispositivo, permitindo a r\u00e1pida identifica\u00e7\u00e3o de dist\u00farbios do ritmo card\u00edaco e disfun\u00e7\u00e3o t\u00e9cnica, e poder\u00e1 melhorar os cuidados e reduzir a necessidade de consultas para verifica\u00e7\u00e3o do dispositivo.<\/p>\n<p>Se for necess\u00e1rio substituir a bateria, apenas tem de substituir o dispositivo (e n\u00e3o as deriva\u00e7\u00f5es). A bateria dura normalmente entre cinco e sete anos at\u00e9 ser necess\u00e1ria a substitui\u00e7\u00e3o.<\/p>\n<p>\u00c9 importante que informe todos os m\u00e9dicos ou dentistas de que tem um dispositivo de TRC antes de ser realizado qualquer procedimento. Embora seja improv\u00e1vel que a maior parte dos procedimentos m\u00e9dicos e dent\u00e1rios interfira no funcionamento do dispositivo, podem ser necess\u00e1rias medidas de precau\u00e7\u00e3o para minimizar qualquer interfer\u00eancia.<\/p>\n<p>Os dispositivos de TRC poder\u00e3o ser detetados nas m\u00e1quinas de seguran\u00e7a dos aeroportos, mas o seu funcionamento raramente \u00e9 afetado. Por isso, se tiver um dispositivo de TRC dever\u00e1 informar sempre o pessoal da seguran\u00e7a.<\/p>\n<p>S\u00e3o utilizados dois tipos de dispositivos de TRC:<\/p>\n<ul>\n<li>TRC-P (TRC com fun\u00e7\u00e3o de pacemaker)<\/li>\n<li>TRC-D (TRC com fun\u00e7\u00e3o de pacemaker e CDI)<\/li>\n<\/ul>\n<p><a title=\"Return to Devices\" href=\"https:\/\/www.heartfailurematters.org\/pt-pt\/o-que-o-seu-medico-ou-enfermeiro-pode-fazer\/dispositivos-implantaveis\/\">Voltar \u00e0 sec\u00e7\u00e3o Dispositivos<\/a><\/p>\n","protected":false},"excerpt":{"rendered":"<p>Como funciona? O tratamento por ressincroniza\u00e7\u00e3o card\u00edaca (TRC), por vezes designado estimula\u00e7\u00e3o biventricular, poder\u00e1 ser \u00fatil se os impulsos el\u00e9tricos que controlam a contra\u00e7\u00e3o e o relaxamento do m\u00fasculo card\u00edaco n\u00e3o atravessarem o cora\u00e7\u00e3o de forma r\u00e1pida e uniforme. O ventr\u00edculo\u00a0 poder\u00e1 contrair\u00a0uma fra\u00e7\u00e3o de segundo depois do ventr\u00edculo direito, em vez de contrair ao [&hellip;]<\/p>\n","protected":false},"author":1,"featured_media":10904,"parent":2682,"menu_order":0,"comment_status":"open","ping_status":"open","template":"","meta":{"_acf_changed":false,"footnotes":""},"categories":[],"tags":[],"class_list":["post-1951","page","type-page","status-publish","has-post-thumbnail","hentry"],"acf":[],"yoast_head":"<!-- This site is optimized with the Yoast SEO plugin v24.8.1 - https:\/\/yoast.com\/wordpress\/plugins\/seo\/ -->\n<title>Tratamento por ressincroniza\u00e7\u00e3o card\u00edaca (TRC)<\/title>\n<meta name=\"description\" content=\"Terapia de ressincroniza\u00e7\u00e3o card\u00edaca (TRC) pode ser \u00fatil se impulsos el\u00e9tricos que controlam o m\u00fasculo card\u00edaco n\u00e3o percorrem o cora\u00e7\u00e3o r\u00e1pida e uniformemente.\" \/>\n<meta name=\"robots\" content=\"index, follow, max-snippet:-1, max-image-preview:large, max-video-preview:-1\" \/>\n<link rel=\"canonical\" href=\"https:\/\/www.heartfailurematters.org\/pt-pt\/o-que-o-seu-medico-ou-enfermeiro-pode-fazer\/tratamento-por-ressincronizacao-cardiaca-trc\/\" \/>\n<meta property=\"og:locale\" content=\"pt_PT\" \/>\n<meta property=\"og:type\" content=\"article\" \/>\n<meta property=\"og:title\" content=\"Tratamento por ressincroniza\u00e7\u00e3o card\u00edaca (TRC)\" \/>\n<meta property=\"og:description\" content=\"Terapia de ressincroniza\u00e7\u00e3o card\u00edaca (TRC) pode ser \u00fatil se impulsos el\u00e9tricos que controlam o m\u00fasculo card\u00edaco n\u00e3o percorrem o cora\u00e7\u00e3o r\u00e1pida e uniformemente.\" \/>\n<meta property=\"og:url\" content=\"https:\/\/www.heartfailurematters.org\/pt-pt\/o-que-o-seu-medico-ou-enfermeiro-pode-fazer\/tratamento-por-ressincronizacao-cardiaca-trc\/\" \/>\n<meta property=\"og:site_name\" content=\"Heart Failure Matters\" \/>\n<meta property=\"article:publisher\" content=\"https:\/\/www.facebook.com\/heartfailurematters\" \/>\n<meta property=\"article:modified_time\" content=\"2022-01-25T12:15:48+00:00\" \/>\n<meta property=\"og:image\" content=\"https:\/\/www.heartfailurematters.org\/wp-content\/uploads\/2022\/03\/CRT.jpg\" \/>\n\t<meta property=\"og:image:width\" content=\"1415\" \/>\n\t<meta property=\"og:image:height\" content=\"910\" \/>\n\t<meta property=\"og:image:type\" content=\"image\/jpeg\" \/>\n<meta name=\"twitter:card\" content=\"summary_large_image\" \/>\n<meta name=\"twitter:label1\" content=\"Tempo estimado de leitura\" \/>\n\t<meta name=\"twitter:data1\" content=\"3 minutos\" \/>\n<script type=\"application\/ld+json\" class=\"yoast-schema-graph\">{\"@context\":\"https:\/\/schema.org\",\"@graph\":[{\"@type\":\"WebPage\",\"@id\":\"https:\/\/www.heartfailurematters.org\/pt-pt\/o-que-o-seu-medico-ou-enfermeiro-pode-fazer\/tratamento-por-ressincronizacao-cardiaca-trc\/\",\"url\":\"https:\/\/www.heartfailurematters.org\/pt-pt\/o-que-o-seu-medico-ou-enfermeiro-pode-fazer\/tratamento-por-ressincronizacao-cardiaca-trc\/\",\"name\":\"Tratamento por ressincroniza\u00e7\u00e3o card\u00edaca (TRC)\",\"isPartOf\":{\"@id\":\"https:\/\/www.heartfailurematters.org\/pt-pt\/#website\"},\"primaryImageOfPage\":{\"@id\":\"https:\/\/www.heartfailurematters.org\/pt-pt\/o-que-o-seu-medico-ou-enfermeiro-pode-fazer\/tratamento-por-ressincronizacao-cardiaca-trc\/#primaryimage\"},\"image\":{\"@id\":\"https:\/\/www.heartfailurematters.org\/pt-pt\/o-que-o-seu-medico-ou-enfermeiro-pode-fazer\/tratamento-por-ressincronizacao-cardiaca-trc\/#primaryimage\"},\"thumbnailUrl\":\"https:\/\/www.heartfailurematters.org\/wp-content\/uploads\/2022\/03\/CRT.jpg\",\"datePublished\":\"2021-01-27T22:05:51+00:00\",\"dateModified\":\"2022-01-25T12:15:48+00:00\",\"description\":\"Terapia de ressincroniza\u00e7\u00e3o card\u00edaca (TRC) pode ser \u00fatil se impulsos el\u00e9tricos que controlam o m\u00fasculo card\u00edaco n\u00e3o percorrem o cora\u00e7\u00e3o r\u00e1pida e uniformemente.\",\"breadcrumb\":{\"@id\":\"https:\/\/www.heartfailurematters.org\/pt-pt\/o-que-o-seu-medico-ou-enfermeiro-pode-fazer\/tratamento-por-ressincronizacao-cardiaca-trc\/#breadcrumb\"},\"inLanguage\":\"pt-PT\",\"potentialAction\":[{\"@type\":\"ReadAction\",\"target\":[\"https:\/\/www.heartfailurematters.org\/pt-pt\/o-que-o-seu-medico-ou-enfermeiro-pode-fazer\/tratamento-por-ressincronizacao-cardiaca-trc\/\"]}]},{\"@type\":\"ImageObject\",\"inLanguage\":\"pt-PT\",\"@id\":\"https:\/\/www.heartfailurematters.org\/pt-pt\/o-que-o-seu-medico-ou-enfermeiro-pode-fazer\/tratamento-por-ressincronizacao-cardiaca-trc\/#primaryimage\",\"url\":\"https:\/\/www.heartfailurematters.org\/wp-content\/uploads\/2022\/03\/CRT.jpg\",\"contentUrl\":\"https:\/\/www.heartfailurematters.org\/wp-content\/uploads\/2022\/03\/CRT.jpg\",\"width\":1415,\"height\":910},{\"@type\":\"BreadcrumbList\",\"@id\":\"https:\/\/www.heartfailurematters.org\/pt-pt\/o-que-o-seu-medico-ou-enfermeiro-pode-fazer\/tratamento-por-ressincronizacao-cardiaca-trc\/#breadcrumb\",\"itemListElement\":[{\"@type\":\"ListItem\",\"position\":1,\"name\":\"P\u00e1gina inicial\",\"item\":\"https:\/\/www.heartfailurematters.org\/pt-pt\/\"},{\"@type\":\"ListItem\",\"position\":2,\"name\":\"O que o seu m\u00e9dico pode fazer\",\"item\":\"https:\/\/www.heartfailurematters.org\/pt-pt\/o-que-o-seu-medico-ou-enfermeiro-pode-fazer\/\"},{\"@type\":\"ListItem\",\"position\":3,\"name\":\"Tratamento por ressincroniza\u00e7\u00e3o card\u00edaca (TRC)\"}]},{\"@type\":\"WebSite\",\"@id\":\"https:\/\/www.heartfailurematters.org\/pt-pt\/#website\",\"url\":\"https:\/\/www.heartfailurematters.org\/pt-pt\/\",\"name\":\"Heart Failure Matters\",\"description\":\"Practical information for patients, families and caregivers.\",\"publisher\":{\"@id\":\"https:\/\/www.heartfailurematters.org\/pt-pt\/#organization\"},\"potentialAction\":[{\"@type\":\"SearchAction\",\"target\":{\"@type\":\"EntryPoint\",\"urlTemplate\":\"https:\/\/www.heartfailurematters.org\/pt-pt\/?s={search_term_string}\"},\"query-input\":{\"@type\":\"PropertyValueSpecification\",\"valueRequired\":true,\"valueName\":\"search_term_string\"}}],\"inLanguage\":\"pt-PT\"},{\"@type\":\"Organization\",\"@id\":\"https:\/\/www.heartfailurematters.org\/pt-pt\/#organization\",\"name\":\"Heart Failure Matters\",\"url\":\"https:\/\/www.heartfailurematters.org\/pt-pt\/\",\"logo\":{\"@type\":\"ImageObject\",\"inLanguage\":\"pt-PT\",\"@id\":\"https:\/\/www.heartfailurematters.org\/pt-pt\/#\/schema\/logo\/image\/\",\"url\":\"https:\/\/cdn-endpoint-hfm.azureedge.net\/heartfailurematters\/2024\/07\/hfm-logo1.jpg\",\"contentUrl\":\"https:\/\/cdn-endpoint-hfm.azureedge.net\/heartfailurematters\/2024\/07\/hfm-logo1.jpg\",\"width\":1280,\"height\":720,\"caption\":\"Heart Failure Matters\"},\"image\":{\"@id\":\"https:\/\/www.heartfailurematters.org\/pt-pt\/#\/schema\/logo\/image\/\"},\"sameAs\":[\"https:\/\/www.facebook.com\/heartfailurematters\"]}]}<\/script>\n<!-- \/ Yoast SEO plugin. -->","yoast_head_json":{"title":"Tratamento por ressincroniza\u00e7\u00e3o card\u00edaca (TRC)","description":"Terapia de ressincroniza\u00e7\u00e3o card\u00edaca (TRC) pode ser \u00fatil se impulsos el\u00e9tricos que controlam o m\u00fasculo card\u00edaco n\u00e3o percorrem o cora\u00e7\u00e3o r\u00e1pida e uniformemente.","robots":{"index":"index","follow":"follow","max-snippet":"max-snippet:-1","max-image-preview":"max-image-preview:large","max-video-preview":"max-video-preview:-1"},"canonical":"https:\/\/www.heartfailurematters.org\/pt-pt\/o-que-o-seu-medico-ou-enfermeiro-pode-fazer\/tratamento-por-ressincronizacao-cardiaca-trc\/","og_locale":"pt_PT","og_type":"article","og_title":"Tratamento por ressincroniza\u00e7\u00e3o card\u00edaca (TRC)","og_description":"Terapia de ressincroniza\u00e7\u00e3o card\u00edaca (TRC) pode ser \u00fatil se impulsos el\u00e9tricos que controlam o m\u00fasculo card\u00edaco n\u00e3o percorrem o cora\u00e7\u00e3o r\u00e1pida e uniformemente.","og_url":"https:\/\/www.heartfailurematters.org\/pt-pt\/o-que-o-seu-medico-ou-enfermeiro-pode-fazer\/tratamento-por-ressincronizacao-cardiaca-trc\/","og_site_name":"Heart Failure Matters","article_publisher":"https:\/\/www.facebook.com\/heartfailurematters","article_modified_time":"2022-01-25T12:15:48+00:00","og_image":[{"width":1415,"height":910,"url":"https:\/\/www.heartfailurematters.org\/wp-content\/uploads\/2022\/03\/CRT.jpg","type":"image\/jpeg"}],"twitter_card":"summary_large_image","twitter_misc":{"Tempo estimado de leitura":"3 minutos"},"schema":{"@context":"https:\/\/schema.org","@graph":[{"@type":"WebPage","@id":"https:\/\/www.heartfailurematters.org\/pt-pt\/o-que-o-seu-medico-ou-enfermeiro-pode-fazer\/tratamento-por-ressincronizacao-cardiaca-trc\/","url":"https:\/\/www.heartfailurematters.org\/pt-pt\/o-que-o-seu-medico-ou-enfermeiro-pode-fazer\/tratamento-por-ressincronizacao-cardiaca-trc\/","name":"Tratamento por ressincroniza\u00e7\u00e3o card\u00edaca (TRC)","isPartOf":{"@id":"https:\/\/www.heartfailurematters.org\/pt-pt\/#website"},"primaryImageOfPage":{"@id":"https:\/\/www.heartfailurematters.org\/pt-pt\/o-que-o-seu-medico-ou-enfermeiro-pode-fazer\/tratamento-por-ressincronizacao-cardiaca-trc\/#primaryimage"},"image":{"@id":"https:\/\/www.heartfailurematters.org\/pt-pt\/o-que-o-seu-medico-ou-enfermeiro-pode-fazer\/tratamento-por-ressincronizacao-cardiaca-trc\/#primaryimage"},"thumbnailUrl":"https:\/\/www.heartfailurematters.org\/wp-content\/uploads\/2022\/03\/CRT.jpg","datePublished":"2021-01-27T22:05:51+00:00","dateModified":"2022-01-25T12:15:48+00:00","description":"Terapia de ressincroniza\u00e7\u00e3o card\u00edaca (TRC) pode ser \u00fatil se impulsos el\u00e9tricos que controlam o m\u00fasculo card\u00edaco n\u00e3o percorrem o cora\u00e7\u00e3o r\u00e1pida e uniformemente.","breadcrumb":{"@id":"https:\/\/www.heartfailurematters.org\/pt-pt\/o-que-o-seu-medico-ou-enfermeiro-pode-fazer\/tratamento-por-ressincronizacao-cardiaca-trc\/#breadcrumb"},"inLanguage":"pt-PT","potentialAction":[{"@type":"ReadAction","target":["https:\/\/www.heartfailurematters.org\/pt-pt\/o-que-o-seu-medico-ou-enfermeiro-pode-fazer\/tratamento-por-ressincronizacao-cardiaca-trc\/"]}]},{"@type":"ImageObject","inLanguage":"pt-PT","@id":"https:\/\/www.heartfailurematters.org\/pt-pt\/o-que-o-seu-medico-ou-enfermeiro-pode-fazer\/tratamento-por-ressincronizacao-cardiaca-trc\/#primaryimage","url":"https:\/\/www.heartfailurematters.org\/wp-content\/uploads\/2022\/03\/CRT.jpg","contentUrl":"https:\/\/www.heartfailurematters.org\/wp-content\/uploads\/2022\/03\/CRT.jpg","width":1415,"height":910},{"@type":"BreadcrumbList","@id":"https:\/\/www.heartfailurematters.org\/pt-pt\/o-que-o-seu-medico-ou-enfermeiro-pode-fazer\/tratamento-por-ressincronizacao-cardiaca-trc\/#breadcrumb","itemListElement":[{"@type":"ListItem","position":1,"name":"P\u00e1gina inicial","item":"https:\/\/www.heartfailurematters.org\/pt-pt\/"},{"@type":"ListItem","position":2,"name":"O que o seu m\u00e9dico pode fazer","item":"https:\/\/www.heartfailurematters.org\/pt-pt\/o-que-o-seu-medico-ou-enfermeiro-pode-fazer\/"},{"@type":"ListItem","position":3,"name":"Tratamento por ressincroniza\u00e7\u00e3o card\u00edaca (TRC)"}]},{"@type":"WebSite","@id":"https:\/\/www.heartfailurematters.org\/pt-pt\/#website","url":"https:\/\/www.heartfailurematters.org\/pt-pt\/","name":"Heart Failure Matters","description":"Practical information for patients, families and caregivers.","publisher":{"@id":"https:\/\/www.heartfailurematters.org\/pt-pt\/#organization"},"potentialAction":[{"@type":"SearchAction","target":{"@type":"EntryPoint","urlTemplate":"https:\/\/www.heartfailurematters.org\/pt-pt\/?s={search_term_string}"},"query-input":{"@type":"PropertyValueSpecification","valueRequired":true,"valueName":"search_term_string"}}],"inLanguage":"pt-PT"},{"@type":"Organization","@id":"https:\/\/www.heartfailurematters.org\/pt-pt\/#organization","name":"Heart Failure Matters","url":"https:\/\/www.heartfailurematters.org\/pt-pt\/","logo":{"@type":"ImageObject","inLanguage":"pt-PT","@id":"https:\/\/www.heartfailurematters.org\/pt-pt\/#\/schema\/logo\/image\/","url":"https:\/\/cdn-endpoint-hfm.azureedge.net\/heartfailurematters\/2024\/07\/hfm-logo1.jpg","contentUrl":"https:\/\/cdn-endpoint-hfm.azureedge.net\/heartfailurematters\/2024\/07\/hfm-logo1.jpg","width":1280,"height":720,"caption":"Heart Failure Matters"},"image":{"@id":"https:\/\/www.heartfailurematters.org\/pt-pt\/#\/schema\/logo\/image\/"},"sameAs":["https:\/\/www.facebook.com\/heartfailurematters"]}]}},"_links":{"self":[{"href":"https:\/\/www.heartfailurematters.org\/pt-pt\/wp-json\/wp\/v2\/pages\/1951","targetHints":{"allow":["GET"]}}],"collection":[{"href":"https:\/\/www.heartfailurematters.org\/pt-pt\/wp-json\/wp\/v2\/pages"}],"about":[{"href":"https:\/\/www.heartfailurematters.org\/pt-pt\/wp-json\/wp\/v2\/types\/page"}],"author":[{"embeddable":true,"href":"https:\/\/www.heartfailurematters.org\/pt-pt\/wp-json\/wp\/v2\/users\/1"}],"replies":[{"embeddable":true,"href":"https:\/\/www.heartfailurematters.org\/pt-pt\/wp-json\/wp\/v2\/comments?post=1951"}],"version-history":[{"count":2,"href":"https:\/\/www.heartfailurematters.org\/pt-pt\/wp-json\/wp\/v2\/pages\/1951\/revisions"}],"predecessor-version":[{"id":10414,"href":"https:\/\/www.heartfailurematters.org\/pt-pt\/wp-json\/wp\/v2\/pages\/1951\/revisions\/10414"}],"up":[{"embeddable":true,"href":"https:\/\/www.heartfailurematters.org\/pt-pt\/wp-json\/wp\/v2\/pages\/2682"}],"wp:featuredmedia":[{"embeddable":true,"href":"https:\/\/www.heartfailurematters.org\/pt-pt\/wp-json\/wp\/v2\/media\/10904"}],"wp:attachment":[{"href":"https:\/\/www.heartfailurematters.org\/pt-pt\/wp-json\/wp\/v2\/media?parent=1951"}],"wp:term":[{"taxonomy":"category","embeddable":true,"href":"https:\/\/www.heartfailurematters.org\/pt-pt\/wp-json\/wp\/v2\/categories?post=1951"},{"taxonomy":"post_tag","embeddable":true,"href":"https:\/\/www.heartfailurematters.org\/pt-pt\/wp-json\/wp\/v2\/tags?post=1951"}],"curies":[{"name":"wp","href":"https:\/\/api.w.org\/{rel}","templated":true}]}}