{"id":1949,"date":"2021-01-27T22:05:51","date_gmt":"2021-01-27T22:05:51","guid":{"rendered":"http:\/\/heartfailurematters.local:8888\/abuso-de-alcool-e-drogas\/"},"modified":"2021-06-25T12:54:10","modified_gmt":"2021-06-25T11:54:10","slug":"abuso-de-alcool-e-drogas","status":"publish","type":"page","link":"https:\/\/www.heartfailurematters.org\/pt-pt\/causas-de-insuficiencia-cardiaca-e-outras-condicoes-medicas-comuns\/abuso-de-alcool-e-drogas\/","title":{"rendered":"Abuso de \u00e1lcool\/drogas"},"content":{"rendered":"<p>Beber \u00e1lcool em excesso ou tomar drogas recreativas pode ter um efeito t\u00f3xico no cora\u00e7\u00e3o, aumentando o risco de desenvolver insufici\u00eancia card\u00edaca.<\/p>\n<p>Os doentes com insufici\u00eancia card\u00edaca ter\u00e3o frequentemente de fazer ajustes ao estilo de vida e cumprir um tratamento m\u00e9dico de longo prazo. A motiva\u00e7\u00e3o do doente e as compet\u00eancias de autocuidado s\u00e3o essenciais para o sucesso de qualquer plano de tratamento. O abuso de \u00e1lcool ou drogas recreativas pode dificultar o envolvimento ativo dos doentes nos seus pr\u00f3prios cuidados.<\/p>\n<p>\u00c9 importante que os doentes conversem abertamente sobre a sua depend\u00eancia de \u00e1lcool ou drogas com o seu m\u00e9dico ou enfermeiro de cuidados prim\u00e1rios. Os profissionais de sa\u00fade t\u00eam experi\u00eancia no tratamento de doentes com problemas de \u00e1lcool ou drogas e poder\u00e3o conversar sobre v\u00e1rias op\u00e7\u00f5es para ajudar os doentes e as suas fam\u00edlias a lidar com o seu problema.<\/p>\n<p><a href=\"https:\/\/www.heartfailurematters.org\/heart-failure-causes-and-other-common-medical-conditions\/other-common-medical-conditions-and-heart-failure\/\">Voltar a Outras condi\u00e7\u00f5es m\u00e9dicas comuns e insufici\u00eancia card\u00edaca<\/a><\/p>\n","protected":false},"excerpt":{"rendered":"<p>Beber \u00e1lcool em excesso ou tomar drogas recreativas pode ter um efeito t\u00f3xico no cora\u00e7\u00e3o, aumentando o risco de desenvolver insufici\u00eancia card\u00edaca. Os doentes com insufici\u00eancia card\u00edaca ter\u00e3o frequentemente de fazer ajustes ao estilo de vida e cumprir um tratamento m\u00e9dico de longo prazo. A motiva\u00e7\u00e3o do doente e as compet\u00eancias de autocuidado s\u00e3o essenciais [&hellip;]<\/p>\n","protected":false},"author":1,"featured_media":10841,"parent":8057,"menu_order":22,"comment_status":"open","ping_status":"open","template":"","meta":{"_acf_changed":false,"footnotes":""},"categories":[],"tags":[],"class_list":["post-1949","page","type-page","status-publish","has-post-thumbnail","hentry"],"acf":[],"yoast_head":"<!-- This site is optimized with the Yoast SEO plugin v24.8.1 - https:\/\/yoast.com\/wordpress\/plugins\/seo\/ -->\n<title>Abuso de \u00e1lcool\/drogas e insufici\u00eancia card\u00edaca<\/title>\n<meta name=\"description\" content=\"Beber \u00e1lcool em excesso ou tomar drogas recreativas tem um efeito t\u00f3xico no cora\u00e7\u00e3o, aumentando o risco de desenvolver insufici\u00eancia card\u00edaca.\" \/>\n<meta name=\"robots\" content=\"index, follow, max-snippet:-1, max-image-preview:large, max-video-preview:-1\" \/>\n<link rel=\"canonical\" href=\"https:\/\/www.heartfailurematters.org\/pt-pt\/causas-de-insuficiencia-cardiaca-e-outras-condicoes-medicas-comuns\/abuso-de-alcool-e-drogas\/\" \/>\n<meta property=\"og:locale\" content=\"pt_PT\" \/>\n<meta property=\"og:type\" content=\"article\" \/>\n<meta property=\"og:title\" content=\"Abuso de \u00e1lcool\/drogas e insufici\u00eancia card\u00edaca\" \/>\n<meta property=\"og:description\" content=\"Beber \u00e1lcool em excesso ou tomar drogas recreativas tem um efeito t\u00f3xico no cora\u00e7\u00e3o, aumentando o risco de desenvolver insufici\u00eancia card\u00edaca.\" \/>\n<meta property=\"og:url\" content=\"https:\/\/www.heartfailurematters.org\/pt-pt\/causas-de-insuficiencia-cardiaca-e-outras-condicoes-medicas-comuns\/abuso-de-alcool-e-drogas\/\" \/>\n<meta property=\"og:site_name\" content=\"Heart Failure Matters\" \/>\n<meta property=\"article:publisher\" content=\"https:\/\/www.facebook.com\/heartfailurematters\" \/>\n<meta property=\"article:modified_time\" content=\"2021-06-25T11:54:10+00:00\" \/>\n<meta property=\"og:image\" content=\"https:\/\/www.heartfailurematters.org\/wp-content\/uploads\/2022\/03\/shutterstock_1671285592-1-min.jpg\" \/>\n\t<meta property=\"og:image:width\" content=\"900\" \/>\n\t<meta property=\"og:image:height\" content=\"450\" \/>\n\t<meta property=\"og:image:type\" content=\"image\/jpeg\" \/>\n<meta name=\"twitter:card\" content=\"summary_large_image\" \/>\n<meta name=\"twitter:label1\" content=\"Tempo estimado de leitura\" \/>\n\t<meta name=\"twitter:data1\" content=\"1 minuto\" \/>\n<script type=\"application\/ld+json\" class=\"yoast-schema-graph\">{\"@context\":\"https:\/\/schema.org\",\"@graph\":[{\"@type\":\"WebPage\",\"@id\":\"https:\/\/www.heartfailurematters.org\/pt-pt\/causas-de-insuficiencia-cardiaca-e-outras-condicoes-medicas-comuns\/abuso-de-alcool-e-drogas\/\",\"url\":\"https:\/\/www.heartfailurematters.org\/pt-pt\/causas-de-insuficiencia-cardiaca-e-outras-condicoes-medicas-comuns\/abuso-de-alcool-e-drogas\/\",\"name\":\"Abuso de \u00e1lcool\/drogas e insufici\u00eancia card\u00edaca\",\"isPartOf\":{\"@id\":\"https:\/\/www.heartfailurematters.org\/pt-pt\/#website\"},\"primaryImageOfPage\":{\"@id\":\"https:\/\/www.heartfailurematters.org\/pt-pt\/causas-de-insuficiencia-cardiaca-e-outras-condicoes-medicas-comuns\/abuso-de-alcool-e-drogas\/#primaryimage\"},\"image\":{\"@id\":\"https:\/\/www.heartfailurematters.org\/pt-pt\/causas-de-insuficiencia-cardiaca-e-outras-condicoes-medicas-comuns\/abuso-de-alcool-e-drogas\/#primaryimage\"},\"thumbnailUrl\":\"https:\/\/www.heartfailurematters.org\/wp-content\/uploads\/2022\/03\/shutterstock_1671285592-1-min.jpg\",\"datePublished\":\"2021-01-27T22:05:51+00:00\",\"dateModified\":\"2021-06-25T11:54:10+00:00\",\"description\":\"Beber \u00e1lcool em excesso ou tomar drogas recreativas tem um efeito t\u00f3xico no cora\u00e7\u00e3o, aumentando o risco de desenvolver insufici\u00eancia card\u00edaca.\",\"breadcrumb\":{\"@id\":\"https:\/\/www.heartfailurematters.org\/pt-pt\/causas-de-insuficiencia-cardiaca-e-outras-condicoes-medicas-comuns\/abuso-de-alcool-e-drogas\/#breadcrumb\"},\"inLanguage\":\"pt-PT\",\"potentialAction\":[{\"@type\":\"ReadAction\",\"target\":[\"https:\/\/www.heartfailurematters.org\/pt-pt\/causas-de-insuficiencia-cardiaca-e-outras-condicoes-medicas-comuns\/abuso-de-alcool-e-drogas\/\"]}]},{\"@type\":\"ImageObject\",\"inLanguage\":\"pt-PT\",\"@id\":\"https:\/\/www.heartfailurematters.org\/pt-pt\/causas-de-insuficiencia-cardiaca-e-outras-condicoes-medicas-comuns\/abuso-de-alcool-e-drogas\/#primaryimage\",\"url\":\"https:\/\/www.heartfailurematters.org\/wp-content\/uploads\/2022\/03\/shutterstock_1671285592-1-min.jpg\",\"contentUrl\":\"https:\/\/www.heartfailurematters.org\/wp-content\/uploads\/2022\/03\/shutterstock_1671285592-1-min.jpg\",\"width\":900,\"height\":450},{\"@type\":\"BreadcrumbList\",\"@id\":\"https:\/\/www.heartfailurematters.org\/pt-pt\/causas-de-insuficiencia-cardiaca-e-outras-condicoes-medicas-comuns\/abuso-de-alcool-e-drogas\/#breadcrumb\",\"itemListElement\":[{\"@type\":\"ListItem\",\"position\":1,\"name\":\"P\u00e1gina inicial\",\"item\":\"https:\/\/www.heartfailurematters.org\/pt-pt\/\"},{\"@type\":\"ListItem\",\"position\":2,\"name\":\"Causas de insufici\u00eancia card\u00edaca e outras condi\u00e7\u00f5es m\u00e9dicas comuns\",\"item\":\"https:\/\/www.heartfailurematters.org\/pt-pt\/causas-de-insuficiencia-cardiaca-e-outras-condicoes-medicas-comuns\/\"},{\"@type\":\"ListItem\",\"position\":3,\"name\":\"Abuso de \u00e1lcool\/drogas\"}]},{\"@type\":\"WebSite\",\"@id\":\"https:\/\/www.heartfailurematters.org\/pt-pt\/#website\",\"url\":\"https:\/\/www.heartfailurematters.org\/pt-pt\/\",\"name\":\"Heart Failure Matters\",\"description\":\"Practical information for patients, families and caregivers.\",\"publisher\":{\"@id\":\"https:\/\/www.heartfailurematters.org\/pt-pt\/#organization\"},\"potentialAction\":[{\"@type\":\"SearchAction\",\"target\":{\"@type\":\"EntryPoint\",\"urlTemplate\":\"https:\/\/www.heartfailurematters.org\/pt-pt\/?s={search_term_string}\"},\"query-input\":{\"@type\":\"PropertyValueSpecification\",\"valueRequired\":true,\"valueName\":\"search_term_string\"}}],\"inLanguage\":\"pt-PT\"},{\"@type\":\"Organization\",\"@id\":\"https:\/\/www.heartfailurematters.org\/pt-pt\/#organization\",\"name\":\"Heart Failure Matters\",\"url\":\"https:\/\/www.heartfailurematters.org\/pt-pt\/\",\"logo\":{\"@type\":\"ImageObject\",\"inLanguage\":\"pt-PT\",\"@id\":\"https:\/\/www.heartfailurematters.org\/pt-pt\/#\/schema\/logo\/image\/\",\"url\":\"https:\/\/cdn-endpoint-hfm.azureedge.net\/heartfailurematters\/2024\/07\/hfm-logo1.jpg\",\"contentUrl\":\"https:\/\/cdn-endpoint-hfm.azureedge.net\/heartfailurematters\/2024\/07\/hfm-logo1.jpg\",\"width\":1280,\"height\":720,\"caption\":\"Heart Failure Matters\"},\"image\":{\"@id\":\"https:\/\/www.heartfailurematters.org\/pt-pt\/#\/schema\/logo\/image\/\"},\"sameAs\":[\"https:\/\/www.facebook.com\/heartfailurematters\"]}]}<\/script>\n<!-- \/ Yoast SEO plugin. -->","yoast_head_json":{"title":"Abuso de \u00e1lcool\/drogas e insufici\u00eancia card\u00edaca","description":"Beber \u00e1lcool em excesso ou tomar drogas recreativas tem um efeito t\u00f3xico no cora\u00e7\u00e3o, aumentando o risco de desenvolver insufici\u00eancia card\u00edaca.","robots":{"index":"index","follow":"follow","max-snippet":"max-snippet:-1","max-image-preview":"max-image-preview:large","max-video-preview":"max-video-preview:-1"},"canonical":"https:\/\/www.heartfailurematters.org\/pt-pt\/causas-de-insuficiencia-cardiaca-e-outras-condicoes-medicas-comuns\/abuso-de-alcool-e-drogas\/","og_locale":"pt_PT","og_type":"article","og_title":"Abuso de \u00e1lcool\/drogas e insufici\u00eancia card\u00edaca","og_description":"Beber \u00e1lcool em excesso ou tomar drogas recreativas tem um efeito t\u00f3xico no cora\u00e7\u00e3o, aumentando o risco de desenvolver insufici\u00eancia card\u00edaca.","og_url":"https:\/\/www.heartfailurematters.org\/pt-pt\/causas-de-insuficiencia-cardiaca-e-outras-condicoes-medicas-comuns\/abuso-de-alcool-e-drogas\/","og_site_name":"Heart Failure Matters","article_publisher":"https:\/\/www.facebook.com\/heartfailurematters","article_modified_time":"2021-06-25T11:54:10+00:00","og_image":[{"width":900,"height":450,"url":"https:\/\/www.heartfailurematters.org\/wp-content\/uploads\/2022\/03\/shutterstock_1671285592-1-min.jpg","type":"image\/jpeg"}],"twitter_card":"summary_large_image","twitter_misc":{"Tempo estimado de leitura":"1 minuto"},"schema":{"@context":"https:\/\/schema.org","@graph":[{"@type":"WebPage","@id":"https:\/\/www.heartfailurematters.org\/pt-pt\/causas-de-insuficiencia-cardiaca-e-outras-condicoes-medicas-comuns\/abuso-de-alcool-e-drogas\/","url":"https:\/\/www.heartfailurematters.org\/pt-pt\/causas-de-insuficiencia-cardiaca-e-outras-condicoes-medicas-comuns\/abuso-de-alcool-e-drogas\/","name":"Abuso de \u00e1lcool\/drogas e insufici\u00eancia card\u00edaca","isPartOf":{"@id":"https:\/\/www.heartfailurematters.org\/pt-pt\/#website"},"primaryImageOfPage":{"@id":"https:\/\/www.heartfailurematters.org\/pt-pt\/causas-de-insuficiencia-cardiaca-e-outras-condicoes-medicas-comuns\/abuso-de-alcool-e-drogas\/#primaryimage"},"image":{"@id":"https:\/\/www.heartfailurematters.org\/pt-pt\/causas-de-insuficiencia-cardiaca-e-outras-condicoes-medicas-comuns\/abuso-de-alcool-e-drogas\/#primaryimage"},"thumbnailUrl":"https:\/\/www.heartfailurematters.org\/wp-content\/uploads\/2022\/03\/shutterstock_1671285592-1-min.jpg","datePublished":"2021-01-27T22:05:51+00:00","dateModified":"2021-06-25T11:54:10+00:00","description":"Beber \u00e1lcool em excesso ou tomar drogas recreativas tem um efeito t\u00f3xico no cora\u00e7\u00e3o, aumentando o risco de desenvolver insufici\u00eancia card\u00edaca.","breadcrumb":{"@id":"https:\/\/www.heartfailurematters.org\/pt-pt\/causas-de-insuficiencia-cardiaca-e-outras-condicoes-medicas-comuns\/abuso-de-alcool-e-drogas\/#breadcrumb"},"inLanguage":"pt-PT","potentialAction":[{"@type":"ReadAction","target":["https:\/\/www.heartfailurematters.org\/pt-pt\/causas-de-insuficiencia-cardiaca-e-outras-condicoes-medicas-comuns\/abuso-de-alcool-e-drogas\/"]}]},{"@type":"ImageObject","inLanguage":"pt-PT","@id":"https:\/\/www.heartfailurematters.org\/pt-pt\/causas-de-insuficiencia-cardiaca-e-outras-condicoes-medicas-comuns\/abuso-de-alcool-e-drogas\/#primaryimage","url":"https:\/\/www.heartfailurematters.org\/wp-content\/uploads\/2022\/03\/shutterstock_1671285592-1-min.jpg","contentUrl":"https:\/\/www.heartfailurematters.org\/wp-content\/uploads\/2022\/03\/shutterstock_1671285592-1-min.jpg","width":900,"height":450},{"@type":"BreadcrumbList","@id":"https:\/\/www.heartfailurematters.org\/pt-pt\/causas-de-insuficiencia-cardiaca-e-outras-condicoes-medicas-comuns\/abuso-de-alcool-e-drogas\/#breadcrumb","itemListElement":[{"@type":"ListItem","position":1,"name":"P\u00e1gina inicial","item":"https:\/\/www.heartfailurematters.org\/pt-pt\/"},{"@type":"ListItem","position":2,"name":"Causas de insufici\u00eancia card\u00edaca e outras condi\u00e7\u00f5es m\u00e9dicas comuns","item":"https:\/\/www.heartfailurematters.org\/pt-pt\/causas-de-insuficiencia-cardiaca-e-outras-condicoes-medicas-comuns\/"},{"@type":"ListItem","position":3,"name":"Abuso de \u00e1lcool\/drogas"}]},{"@type":"WebSite","@id":"https:\/\/www.heartfailurematters.org\/pt-pt\/#website","url":"https:\/\/www.heartfailurematters.org\/pt-pt\/","name":"Heart Failure Matters","description":"Practical information for patients, families and caregivers.","publisher":{"@id":"https:\/\/www.heartfailurematters.org\/pt-pt\/#organization"},"potentialAction":[{"@type":"SearchAction","target":{"@type":"EntryPoint","urlTemplate":"https:\/\/www.heartfailurematters.org\/pt-pt\/?s={search_term_string}"},"query-input":{"@type":"PropertyValueSpecification","valueRequired":true,"valueName":"search_term_string"}}],"inLanguage":"pt-PT"},{"@type":"Organization","@id":"https:\/\/www.heartfailurematters.org\/pt-pt\/#organization","name":"Heart Failure Matters","url":"https:\/\/www.heartfailurematters.org\/pt-pt\/","logo":{"@type":"ImageObject","inLanguage":"pt-PT","@id":"https:\/\/www.heartfailurematters.org\/pt-pt\/#\/schema\/logo\/image\/","url":"https:\/\/cdn-endpoint-hfm.azureedge.net\/heartfailurematters\/2024\/07\/hfm-logo1.jpg","contentUrl":"https:\/\/cdn-endpoint-hfm.azureedge.net\/heartfailurematters\/2024\/07\/hfm-logo1.jpg","width":1280,"height":720,"caption":"Heart Failure Matters"},"image":{"@id":"https:\/\/www.heartfailurematters.org\/pt-pt\/#\/schema\/logo\/image\/"},"sameAs":["https:\/\/www.facebook.com\/heartfailurematters"]}]}},"_links":{"self":[{"href":"https:\/\/www.heartfailurematters.org\/pt-pt\/wp-json\/wp\/v2\/pages\/1949","targetHints":{"allow":["GET"]}}],"collection":[{"href":"https:\/\/www.heartfailurematters.org\/pt-pt\/wp-json\/wp\/v2\/pages"}],"about":[{"href":"https:\/\/www.heartfailurematters.org\/pt-pt\/wp-json\/wp\/v2\/types\/page"}],"author":[{"embeddable":true,"href":"https:\/\/www.heartfailurematters.org\/pt-pt\/wp-json\/wp\/v2\/users\/1"}],"replies":[{"embeddable":true,"href":"https:\/\/www.heartfailurematters.org\/pt-pt\/wp-json\/wp\/v2\/comments?post=1949"}],"version-history":[{"count":2,"href":"https:\/\/www.heartfailurematters.org\/pt-pt\/wp-json\/wp\/v2\/pages\/1949\/revisions"}],"predecessor-version":[{"id":9013,"href":"https:\/\/www.heartfailurematters.org\/pt-pt\/wp-json\/wp\/v2\/pages\/1949\/revisions\/9013"}],"up":[{"embeddable":true,"href":"https:\/\/www.heartfailurematters.org\/pt-pt\/wp-json\/wp\/v2\/pages\/8057"}],"wp:featuredmedia":[{"embeddable":true,"href":"https:\/\/www.heartfailurematters.org\/pt-pt\/wp-json\/wp\/v2\/media\/10841"}],"wp:attachment":[{"href":"https:\/\/www.heartfailurematters.org\/pt-pt\/wp-json\/wp\/v2\/media?parent=1949"}],"wp:term":[{"taxonomy":"category","embeddable":true,"href":"https:\/\/www.heartfailurematters.org\/pt-pt\/wp-json\/wp\/v2\/categories?post=1949"},{"taxonomy":"post_tag","embeddable":true,"href":"https:\/\/www.heartfailurematters.org\/pt-pt\/wp-json\/wp\/v2\/tags?post=1949"}],"curies":[{"name":"wp","href":"https:\/\/api.w.org\/{rel}","templated":true}]}}