{"id":1945,"date":"2021-01-27T22:05:51","date_gmt":"2021-01-27T22:05:51","guid":{"rendered":"http:\/\/heartfailurematters.local:8888\/obter-apoio\/"},"modified":"2025-12-05T10:25:57","modified_gmt":"2025-12-05T10:25:57","slug":"obter-apoio","status":"publish","type":"page","link":"https:\/\/www.heartfailurematters.org\/pt-pt\/perguntas-a-fazer-ao-seu-medico\/obter-apoio\/","title":{"rendered":"Obter apoio"},"content":{"rendered":"<p>Existem muitas fontes diferentes de apoio dispon\u00edveis para pessoas com insufici\u00eancia card\u00edaca e os respetivos cuidadores. Os profissionais de sa\u00fade conhecem frequentemente v\u00e1rios grupos e programas dispon\u00edveis na sua comunidade e, por isso, pode querer discuti-los com o seu m\u00e9dico ou enfermeiro. Podem ser encontradas informa\u00e7\u00f5es adicionais nas sec\u00e7\u00f5es <a href=\"https:\/\/www.heartfailurematters.org\/living-with-heart-failure\/support\/\">Viver com insufici\u00eancia card\u00edaca<\/a> e <a href=\"https:\/\/www.heartfailurematters.org\/what-your-doctor-can-do\/people-that-may-be-involved-in-your-care\/\">Fam\u00edlia e pessoas que podem estar envolvidas no seu tratamento<\/a>.<\/p>\n<p><strong>Existe algum grupo de apoio local que possa contactar e participar? <\/strong><br \/>\nO seu m\u00e9dico poder\u00e1 coloc\u00e1-lo(a) em contacto com o seu grupo de apoio local, que ter\u00e1 reuni\u00f5es regulares conduzidas por enfermeiros especialistas e\/ou outros pacientes. Durante estas reuni\u00f5es, aprender\u00e1 mais sobre a gest\u00e3o di\u00e1ria da sua insufici\u00eancia card\u00edaca e poder\u00e1 partilhar as suas experi\u00eancias com outros pacientes com insufici\u00eancia card\u00edaca.<\/p>\n<p><strong>Tenho acesso a um programa de gest\u00e3o de insufici\u00eancia card\u00edaca no meu hospital?<\/strong><br \/>\nMuitos hospitais t\u00eam um programa multidisciplinar de tratamento ambulat\u00f3rio da insufici\u00eancia card\u00edaca, organizado por enfermeiros e cardiologistas em coopera\u00e7\u00e3o com outros servi\u00e7os relacionados, como m\u00e9dicos de cuidados prim\u00e1rios, fisioterapeutas, farmac\u00eauticos, nutricionistas, geriatras e assistentes sociais. Estes programas geralmente atendem pessoas com sintomas relativamente graves. O seu m\u00e9dico ou enfermeiro poder\u00e1 informar se este programa est\u00e1 dispon\u00edvel e se \u00e9 adequado para si.<\/p>\n","protected":false},"excerpt":{"rendered":"<p>Existem muitas fontes diferentes de apoio dispon\u00edveis para pessoas com insufici\u00eancia card\u00edaca e os respetivos cuidadores. Os profissionais de sa\u00fade conhecem frequentemente v\u00e1rios grupos e programas dispon\u00edveis na sua comunidade e, por isso, pode querer discuti-los com o seu m\u00e9dico ou enfermeiro. Podem ser encontradas informa\u00e7\u00f5es adicionais nas sec\u00e7\u00f5es Viver com insufici\u00eancia card\u00edaca e Fam\u00edlia [&hellip;]<\/p>\n","protected":false},"author":1,"featured_media":11076,"parent":2764,"menu_order":10,"comment_status":"open","ping_status":"closed","template":"","meta":{"_acf_changed":false,"footnotes":""},"categories":[67],"tags":[],"class_list":["post-1945","page","type-page","status-publish","has-post-thumbnail","hentry","category-ask-your-doctor-pt"],"acf":[],"yoast_head":"<!-- This site is optimized with the Yoast SEO plugin v24.8.1 - https:\/\/yoast.com\/wordpress\/plugins\/seo\/ -->\n<title>Obter apoio com insufici\u00eancia card\u00edaca<\/title>\n<meta name=\"description\" content=\"Existem muitas fontes diferentes de apoio dispon\u00edveis para pessoas com insufici\u00eancia card\u00edaca e os respetivos cuidadores. Saiba mais agora\" \/>\n<meta name=\"robots\" content=\"index, follow, max-snippet:-1, max-image-preview:large, max-video-preview:-1\" \/>\n<link rel=\"canonical\" href=\"https:\/\/www.heartfailurematters.org\/pt-pt\/perguntas-a-fazer-ao-seu-medico\/obter-apoio\/\" \/>\n<meta property=\"og:locale\" content=\"pt_PT\" \/>\n<meta property=\"og:type\" content=\"article\" \/>\n<meta property=\"og:title\" content=\"Obter apoio com insufici\u00eancia card\u00edaca\" \/>\n<meta property=\"og:description\" content=\"Existem muitas fontes diferentes de apoio dispon\u00edveis para pessoas com insufici\u00eancia card\u00edaca e os respetivos cuidadores. Saiba mais agora\" \/>\n<meta property=\"og:url\" content=\"https:\/\/www.heartfailurematters.org\/pt-pt\/perguntas-a-fazer-ao-seu-medico\/obter-apoio\/\" \/>\n<meta property=\"og:site_name\" content=\"Heart Failure Matters\" \/>\n<meta property=\"article:publisher\" content=\"https:\/\/www.facebook.com\/heartfailurematters\" \/>\n<meta property=\"article:modified_time\" content=\"2025-12-05T10:25:57+00:00\" \/>\n<meta property=\"og:image\" content=\"https:\/\/www.heartfailurematters.org\/wp-content\/uploads\/2022\/03\/shutterstock_1379588399-1-min.jpg\" \/>\n\t<meta property=\"og:image:width\" content=\"900\" \/>\n\t<meta property=\"og:image:height\" content=\"600\" \/>\n\t<meta property=\"og:image:type\" content=\"image\/jpeg\" \/>\n<meta name=\"twitter:card\" content=\"summary_large_image\" \/>\n<meta name=\"twitter:label1\" content=\"Tempo estimado de leitura\" \/>\n\t<meta name=\"twitter:data1\" content=\"1 minuto\" \/>\n<script type=\"application\/ld+json\" class=\"yoast-schema-graph\">{\"@context\":\"https:\/\/schema.org\",\"@graph\":[{\"@type\":\"WebPage\",\"@id\":\"https:\/\/www.heartfailurematters.org\/pt-pt\/perguntas-a-fazer-ao-seu-medico\/obter-apoio\/\",\"url\":\"https:\/\/www.heartfailurematters.org\/pt-pt\/perguntas-a-fazer-ao-seu-medico\/obter-apoio\/\",\"name\":\"Obter apoio com insufici\u00eancia card\u00edaca\",\"isPartOf\":{\"@id\":\"https:\/\/www.heartfailurematters.org\/pt-pt\/#website\"},\"primaryImageOfPage\":{\"@id\":\"https:\/\/www.heartfailurematters.org\/pt-pt\/perguntas-a-fazer-ao-seu-medico\/obter-apoio\/#primaryimage\"},\"image\":{\"@id\":\"https:\/\/www.heartfailurematters.org\/pt-pt\/perguntas-a-fazer-ao-seu-medico\/obter-apoio\/#primaryimage\"},\"thumbnailUrl\":\"https:\/\/www.heartfailurematters.org\/wp-content\/uploads\/2022\/03\/shutterstock_1379588399-1-min.jpg\",\"datePublished\":\"2021-01-27T22:05:51+00:00\",\"dateModified\":\"2025-12-05T10:25:57+00:00\",\"description\":\"Existem muitas fontes diferentes de apoio dispon\u00edveis para pessoas com insufici\u00eancia card\u00edaca e os respetivos cuidadores. Saiba mais agora\",\"breadcrumb\":{\"@id\":\"https:\/\/www.heartfailurematters.org\/pt-pt\/perguntas-a-fazer-ao-seu-medico\/obter-apoio\/#breadcrumb\"},\"inLanguage\":\"pt-PT\",\"potentialAction\":[{\"@type\":\"ReadAction\",\"target\":[\"https:\/\/www.heartfailurematters.org\/pt-pt\/perguntas-a-fazer-ao-seu-medico\/obter-apoio\/\"]}]},{\"@type\":\"ImageObject\",\"inLanguage\":\"pt-PT\",\"@id\":\"https:\/\/www.heartfailurematters.org\/pt-pt\/perguntas-a-fazer-ao-seu-medico\/obter-apoio\/#primaryimage\",\"url\":\"https:\/\/www.heartfailurematters.org\/wp-content\/uploads\/2022\/03\/shutterstock_1379588399-1-min.jpg\",\"contentUrl\":\"https:\/\/www.heartfailurematters.org\/wp-content\/uploads\/2022\/03\/shutterstock_1379588399-1-min.jpg\",\"width\":900,\"height\":600},{\"@type\":\"BreadcrumbList\",\"@id\":\"https:\/\/www.heartfailurematters.org\/pt-pt\/perguntas-a-fazer-ao-seu-medico\/obter-apoio\/#breadcrumb\",\"itemListElement\":[{\"@type\":\"ListItem\",\"position\":1,\"name\":\"P\u00e1gina inicial\",\"item\":\"https:\/\/www.heartfailurematters.org\/pt-pt\/\"},{\"@type\":\"ListItem\",\"position\":2,\"name\":\"Pergunte ao seu m\u00e9dico\",\"item\":\"https:\/\/www.heartfailurematters.org\/pt-pt\/perguntas-a-fazer-ao-seu-medico\/\"},{\"@type\":\"ListItem\",\"position\":3,\"name\":\"Obter apoio\"}]},{\"@type\":\"WebSite\",\"@id\":\"https:\/\/www.heartfailurematters.org\/pt-pt\/#website\",\"url\":\"https:\/\/www.heartfailurematters.org\/pt-pt\/\",\"name\":\"Heart Failure Matters\",\"description\":\"Practical information for patients, families and caregivers.\",\"publisher\":{\"@id\":\"https:\/\/www.heartfailurematters.org\/pt-pt\/#organization\"},\"potentialAction\":[{\"@type\":\"SearchAction\",\"target\":{\"@type\":\"EntryPoint\",\"urlTemplate\":\"https:\/\/www.heartfailurematters.org\/pt-pt\/?s={search_term_string}\"},\"query-input\":{\"@type\":\"PropertyValueSpecification\",\"valueRequired\":true,\"valueName\":\"search_term_string\"}}],\"inLanguage\":\"pt-PT\"},{\"@type\":\"Organization\",\"@id\":\"https:\/\/www.heartfailurematters.org\/pt-pt\/#organization\",\"name\":\"Heart Failure Matters\",\"url\":\"https:\/\/www.heartfailurematters.org\/pt-pt\/\",\"logo\":{\"@type\":\"ImageObject\",\"inLanguage\":\"pt-PT\",\"@id\":\"https:\/\/www.heartfailurematters.org\/pt-pt\/#\/schema\/logo\/image\/\",\"url\":\"https:\/\/cdn-endpoint-hfm.azureedge.net\/heartfailurematters\/2024\/07\/hfm-logo1.jpg\",\"contentUrl\":\"https:\/\/cdn-endpoint-hfm.azureedge.net\/heartfailurematters\/2024\/07\/hfm-logo1.jpg\",\"width\":1280,\"height\":720,\"caption\":\"Heart Failure Matters\"},\"image\":{\"@id\":\"https:\/\/www.heartfailurematters.org\/pt-pt\/#\/schema\/logo\/image\/\"},\"sameAs\":[\"https:\/\/www.facebook.com\/heartfailurematters\"]}]}<\/script>\n<!-- \/ Yoast SEO plugin. -->","yoast_head_json":{"title":"Obter apoio com insufici\u00eancia card\u00edaca","description":"Existem muitas fontes diferentes de apoio dispon\u00edveis para pessoas com insufici\u00eancia card\u00edaca e os respetivos cuidadores. Saiba mais agora","robots":{"index":"index","follow":"follow","max-snippet":"max-snippet:-1","max-image-preview":"max-image-preview:large","max-video-preview":"max-video-preview:-1"},"canonical":"https:\/\/www.heartfailurematters.org\/pt-pt\/perguntas-a-fazer-ao-seu-medico\/obter-apoio\/","og_locale":"pt_PT","og_type":"article","og_title":"Obter apoio com insufici\u00eancia card\u00edaca","og_description":"Existem muitas fontes diferentes de apoio dispon\u00edveis para pessoas com insufici\u00eancia card\u00edaca e os respetivos cuidadores. Saiba mais agora","og_url":"https:\/\/www.heartfailurematters.org\/pt-pt\/perguntas-a-fazer-ao-seu-medico\/obter-apoio\/","og_site_name":"Heart Failure Matters","article_publisher":"https:\/\/www.facebook.com\/heartfailurematters","article_modified_time":"2025-12-05T10:25:57+00:00","og_image":[{"width":900,"height":600,"url":"https:\/\/www.heartfailurematters.org\/wp-content\/uploads\/2022\/03\/shutterstock_1379588399-1-min.jpg","type":"image\/jpeg"}],"twitter_card":"summary_large_image","twitter_misc":{"Tempo estimado de leitura":"1 minuto"},"schema":{"@context":"https:\/\/schema.org","@graph":[{"@type":"WebPage","@id":"https:\/\/www.heartfailurematters.org\/pt-pt\/perguntas-a-fazer-ao-seu-medico\/obter-apoio\/","url":"https:\/\/www.heartfailurematters.org\/pt-pt\/perguntas-a-fazer-ao-seu-medico\/obter-apoio\/","name":"Obter apoio com insufici\u00eancia card\u00edaca","isPartOf":{"@id":"https:\/\/www.heartfailurematters.org\/pt-pt\/#website"},"primaryImageOfPage":{"@id":"https:\/\/www.heartfailurematters.org\/pt-pt\/perguntas-a-fazer-ao-seu-medico\/obter-apoio\/#primaryimage"},"image":{"@id":"https:\/\/www.heartfailurematters.org\/pt-pt\/perguntas-a-fazer-ao-seu-medico\/obter-apoio\/#primaryimage"},"thumbnailUrl":"https:\/\/www.heartfailurematters.org\/wp-content\/uploads\/2022\/03\/shutterstock_1379588399-1-min.jpg","datePublished":"2021-01-27T22:05:51+00:00","dateModified":"2025-12-05T10:25:57+00:00","description":"Existem muitas fontes diferentes de apoio dispon\u00edveis para pessoas com insufici\u00eancia card\u00edaca e os respetivos cuidadores. Saiba mais agora","breadcrumb":{"@id":"https:\/\/www.heartfailurematters.org\/pt-pt\/perguntas-a-fazer-ao-seu-medico\/obter-apoio\/#breadcrumb"},"inLanguage":"pt-PT","potentialAction":[{"@type":"ReadAction","target":["https:\/\/www.heartfailurematters.org\/pt-pt\/perguntas-a-fazer-ao-seu-medico\/obter-apoio\/"]}]},{"@type":"ImageObject","inLanguage":"pt-PT","@id":"https:\/\/www.heartfailurematters.org\/pt-pt\/perguntas-a-fazer-ao-seu-medico\/obter-apoio\/#primaryimage","url":"https:\/\/www.heartfailurematters.org\/wp-content\/uploads\/2022\/03\/shutterstock_1379588399-1-min.jpg","contentUrl":"https:\/\/www.heartfailurematters.org\/wp-content\/uploads\/2022\/03\/shutterstock_1379588399-1-min.jpg","width":900,"height":600},{"@type":"BreadcrumbList","@id":"https:\/\/www.heartfailurematters.org\/pt-pt\/perguntas-a-fazer-ao-seu-medico\/obter-apoio\/#breadcrumb","itemListElement":[{"@type":"ListItem","position":1,"name":"P\u00e1gina inicial","item":"https:\/\/www.heartfailurematters.org\/pt-pt\/"},{"@type":"ListItem","position":2,"name":"Pergunte ao seu m\u00e9dico","item":"https:\/\/www.heartfailurematters.org\/pt-pt\/perguntas-a-fazer-ao-seu-medico\/"},{"@type":"ListItem","position":3,"name":"Obter apoio"}]},{"@type":"WebSite","@id":"https:\/\/www.heartfailurematters.org\/pt-pt\/#website","url":"https:\/\/www.heartfailurematters.org\/pt-pt\/","name":"Heart Failure Matters","description":"Practical information for patients, families and caregivers.","publisher":{"@id":"https:\/\/www.heartfailurematters.org\/pt-pt\/#organization"},"potentialAction":[{"@type":"SearchAction","target":{"@type":"EntryPoint","urlTemplate":"https:\/\/www.heartfailurematters.org\/pt-pt\/?s={search_term_string}"},"query-input":{"@type":"PropertyValueSpecification","valueRequired":true,"valueName":"search_term_string"}}],"inLanguage":"pt-PT"},{"@type":"Organization","@id":"https:\/\/www.heartfailurematters.org\/pt-pt\/#organization","name":"Heart Failure Matters","url":"https:\/\/www.heartfailurematters.org\/pt-pt\/","logo":{"@type":"ImageObject","inLanguage":"pt-PT","@id":"https:\/\/www.heartfailurematters.org\/pt-pt\/#\/schema\/logo\/image\/","url":"https:\/\/cdn-endpoint-hfm.azureedge.net\/heartfailurematters\/2024\/07\/hfm-logo1.jpg","contentUrl":"https:\/\/cdn-endpoint-hfm.azureedge.net\/heartfailurematters\/2024\/07\/hfm-logo1.jpg","width":1280,"height":720,"caption":"Heart Failure Matters"},"image":{"@id":"https:\/\/www.heartfailurematters.org\/pt-pt\/#\/schema\/logo\/image\/"},"sameAs":["https:\/\/www.facebook.com\/heartfailurematters"]}]}},"_links":{"self":[{"href":"https:\/\/www.heartfailurematters.org\/pt-pt\/wp-json\/wp\/v2\/pages\/1945","targetHints":{"allow":["GET"]}}],"collection":[{"href":"https:\/\/www.heartfailurematters.org\/pt-pt\/wp-json\/wp\/v2\/pages"}],"about":[{"href":"https:\/\/www.heartfailurematters.org\/pt-pt\/wp-json\/wp\/v2\/types\/page"}],"author":[{"embeddable":true,"href":"https:\/\/www.heartfailurematters.org\/pt-pt\/wp-json\/wp\/v2\/users\/1"}],"replies":[{"embeddable":true,"href":"https:\/\/www.heartfailurematters.org\/pt-pt\/wp-json\/wp\/v2\/comments?post=1945"}],"version-history":[{"count":2,"href":"https:\/\/www.heartfailurematters.org\/pt-pt\/wp-json\/wp\/v2\/pages\/1945\/revisions"}],"predecessor-version":[{"id":13691,"href":"https:\/\/www.heartfailurematters.org\/pt-pt\/wp-json\/wp\/v2\/pages\/1945\/revisions\/13691"}],"up":[{"embeddable":true,"href":"https:\/\/www.heartfailurematters.org\/pt-pt\/wp-json\/wp\/v2\/pages\/2764"}],"wp:featuredmedia":[{"embeddable":true,"href":"https:\/\/www.heartfailurematters.org\/pt-pt\/wp-json\/wp\/v2\/media\/11076"}],"wp:attachment":[{"href":"https:\/\/www.heartfailurematters.org\/pt-pt\/wp-json\/wp\/v2\/media?parent=1945"}],"wp:term":[{"taxonomy":"category","embeddable":true,"href":"https:\/\/www.heartfailurematters.org\/pt-pt\/wp-json\/wp\/v2\/categories?post=1945"},{"taxonomy":"post_tag","embeddable":true,"href":"https:\/\/www.heartfailurematters.org\/pt-pt\/wp-json\/wp\/v2\/tags?post=1945"}],"curies":[{"name":"wp","href":"https:\/\/api.w.org\/{rel}","templated":true}]}}