{"id":1943,"date":"2021-01-27T22:05:51","date_gmt":"2021-01-27T22:05:51","guid":{"rendered":"http:\/\/heartfailurematters.local:8888\/viajar-de-aviao\/"},"modified":"2022-01-25T11:17:06","modified_gmt":"2022-01-25T11:17:06","slug":"viajar-de-aviao","status":"publish","type":"page","link":"https:\/\/www.heartfailurematters.org\/pt-pt\/viver-com-insuficiencia-cardiaca\/viajar-de-aviao\/","title":{"rendered":"Viajar de avi\u00e3o"},"content":{"rendered":"<p>As viagens de avi\u00e3o n\u00e3o costumam ser um problema para pessoas com insufici\u00eancia card\u00edaca, embora os n\u00edveis de oxig\u00e9nio sejam ligeiramente mais baixos, mesmo em cabinas pressurizadas de voos comerciais. No entanto, algumas pessoas poder\u00e3o necessitar de recorrer a suplementos de oxig\u00e9nio durante o voo. Geralmente, se a insufici\u00eancia card\u00edaca estiver bem controlada, n\u00e3o ter\u00e1 dificuldades com a ligeira redu\u00e7\u00e3o dos n\u00edveis de oxig\u00e9nio nos avi\u00f5es, desde que os sintomas estejam est\u00e1veis antes de viajar. Caso verifique o aparecimento de novos sintomas ou o agravamento dos mesmos, como o agravamento da falta de ar ou aumento de peso recente, dever\u00e1 falar com o seu m\u00e9dico sobre os seus planos de viagem. Em alguns casos raros, o seu m\u00e9dico poder\u00e1 recomendar a administra\u00e7\u00e3o de um suplemento de oxig\u00e9nio durante o voo, pelo que dever\u00e1 certificar-se de que entra em contacto com a companhia a\u00e9rea com anteced\u00eancia antes da sua viagem, para verificar as pol\u00edticas da companhia relativamente \u00e0 utiliza\u00e7\u00e3o de suplementos de oxig\u00e9nio e para que tomem as medidas necess\u00e1rias.<\/p>\n<p>Se tiver um dispositivo (<a class=\"addtooltip\" title=\"Pequeno dispositivo implantado sob a clav\u00edcula para monitorizar a frequ\u00eancia card\u00edaca e, quando necess\u00e1rio, estimular a contra\u00e7\u00e3o do m\u00fasculo card\u00edaco, atrav\u00e9s de impulsos el\u00e9tricos.\"><strong>pacemaker<\/strong><\/a>, <a class=\"addtooltip\" title=\"Tratamento por ressincroniza\u00e7\u00e3o card\u00edaca (TRC) Tipo de pacemaker que ajuda o cora\u00e7\u00e3o a manter um ritmo saud\u00e1vel e melhora a coordena\u00e7\u00e3o da contra\u00e7\u00e3o da c\u00e2mara de bombeamento do cora\u00e7\u00e3o (ventr\u00edculo).\"><strong>(TRC)<\/strong><\/a>,\u00a0<a class=\"addtooltip\" title=\"A small device that is fitted under the collarbone to monitor your heart beat and treat abnormal heart rhythms using electrical impulses.\" href=\"https:\/\/www.heartfailurematters.org\/pt-pt\/viver-com-insuficiencia-cardiaca\/viajar-de-aviao\/\"><strong title=\"\">CDI<\/strong><\/a>) implantado, este ser\u00e1 provavelmente detetado pelas m\u00e1quinas de seguran\u00e7a. Dever\u00e1 informar o pessoal da seguran\u00e7a com anteced\u00eancia. O controlo de seguran\u00e7a e a viagem de avi\u00e3o n\u00e3o ir\u00e3o interferir no funcionamento do dispositivo. Os dispositivos utilizam tecnologia padr\u00e3o, pelo que poder\u00e1 examinar o seu dispositivo em quase todo o mundo, se necess\u00e1rio.<\/p>\n<p>Permanecer sentado durante longos per\u00edodos nos lugares apertados de um avi\u00e3o causa normalmente o incha\u00e7o dos tornozelos e, por vezes, c\u00e3ibras musculares. Os alongamentos e os exerc\u00edcios de mobilidade podem ajudar, assim como caminhar um pouco na cabina e enquanto espera no aeroporto. Tente evitar o consumo do \u00e1lcool e certifique-se de que bebe \u00e1gua suficiente. Em alguns casos, o seu m\u00e9dico poder\u00e1 recomendar que use meias de descanso at\u00e9 ao joelho durante o voo para evitar a forma\u00e7\u00e3o de co\u00e1gulos de sangue (TVP). Voltar \u00e0 sec\u00e7\u00e3o Viajar<\/p>\n<p><a title=\"\" href=\"https:\/\/www.heartfailurematters.org\/pt-pt\/viver-com-insuficiencia-cardiaca\/viajar\/\">Voltar \u00e0 sec\u00e7\u00e3o Viajar<\/a><\/p>\n","protected":false},"excerpt":{"rendered":"<p>As viagens de avi\u00e3o n\u00e3o costumam ser um problema para pessoas com insufici\u00eancia card\u00edaca, embora os n\u00edveis de oxig\u00e9nio sejam ligeiramente mais baixos, mesmo em cabinas pressurizadas de voos comerciais. No entanto, algumas pessoas poder\u00e3o necessitar de recorrer a suplementos de oxig\u00e9nio durante o voo. Geralmente, se a insufici\u00eancia card\u00edaca estiver bem controlada, n\u00e3o ter\u00e1 [&hellip;]<\/p>\n","protected":false},"author":1,"featured_media":11101,"parent":2815,"menu_order":0,"comment_status":"open","ping_status":"open","template":"","meta":{"_acf_changed":false,"footnotes":""},"categories":[],"tags":[],"class_list":["post-1943","page","type-page","status-publish","has-post-thumbnail","hentry"],"acf":[],"yoast_head":"<!-- This site is optimized with the Yoast SEO plugin v24.8.1 - https:\/\/yoast.com\/wordpress\/plugins\/seo\/ -->\n<title>Viajar de avi\u00e3o com insufici\u00eancia card\u00edaca<\/title>\n<meta name=\"description\" content=\"Geralmente, se a sua insufici\u00eancia card\u00edaca estiver bem controlada e est\u00e1vel, n\u00e3o deve ter dificuldades com redu\u00e7\u00f5es ligeiras nos n\u00edveis de oxig\u00e9nio num avi\u00e3o.\" \/>\n<meta name=\"robots\" content=\"index, follow, max-snippet:-1, max-image-preview:large, max-video-preview:-1\" \/>\n<link rel=\"canonical\" href=\"https:\/\/www.heartfailurematters.org\/pt-pt\/viver-com-insuficiencia-cardiaca\/viajar-de-aviao\/\" \/>\n<meta property=\"og:locale\" content=\"pt_PT\" \/>\n<meta property=\"og:type\" content=\"article\" \/>\n<meta property=\"og:title\" content=\"Viajar de avi\u00e3o com insufici\u00eancia card\u00edaca\" \/>\n<meta property=\"og:description\" content=\"Geralmente, se a sua insufici\u00eancia card\u00edaca estiver bem controlada e est\u00e1vel, n\u00e3o deve ter dificuldades com redu\u00e7\u00f5es ligeiras nos n\u00edveis de oxig\u00e9nio num avi\u00e3o.\" \/>\n<meta property=\"og:url\" content=\"https:\/\/www.heartfailurematters.org\/pt-pt\/viver-com-insuficiencia-cardiaca\/viajar-de-aviao\/\" \/>\n<meta property=\"og:site_name\" content=\"Heart Failure Matters\" \/>\n<meta property=\"article:publisher\" content=\"https:\/\/www.facebook.com\/heartfailurematters\" \/>\n<meta property=\"article:modified_time\" content=\"2022-01-25T11:17:06+00:00\" \/>\n<meta property=\"og:image\" content=\"https:\/\/www.heartfailurematters.org\/wp-content\/uploads\/2022\/03\/shutterstock_1936631263-1-min.jpg\" \/>\n\t<meta property=\"og:image:width\" content=\"900\" \/>\n\t<meta property=\"og:image:height\" content=\"604\" \/>\n\t<meta property=\"og:image:type\" content=\"image\/jpeg\" \/>\n<meta name=\"twitter:card\" content=\"summary_large_image\" \/>\n<meta name=\"twitter:label1\" content=\"Tempo estimado de leitura\" \/>\n\t<meta name=\"twitter:data1\" content=\"2 minutos\" \/>\n<script type=\"application\/ld+json\" class=\"yoast-schema-graph\">{\"@context\":\"https:\/\/schema.org\",\"@graph\":[{\"@type\":\"WebPage\",\"@id\":\"https:\/\/www.heartfailurematters.org\/pt-pt\/viver-com-insuficiencia-cardiaca\/viajar-de-aviao\/\",\"url\":\"https:\/\/www.heartfailurematters.org\/pt-pt\/viver-com-insuficiencia-cardiaca\/viajar-de-aviao\/\",\"name\":\"Viajar de avi\u00e3o com insufici\u00eancia card\u00edaca\",\"isPartOf\":{\"@id\":\"https:\/\/www.heartfailurematters.org\/pt-pt\/#website\"},\"primaryImageOfPage\":{\"@id\":\"https:\/\/www.heartfailurematters.org\/pt-pt\/viver-com-insuficiencia-cardiaca\/viajar-de-aviao\/#primaryimage\"},\"image\":{\"@id\":\"https:\/\/www.heartfailurematters.org\/pt-pt\/viver-com-insuficiencia-cardiaca\/viajar-de-aviao\/#primaryimage\"},\"thumbnailUrl\":\"https:\/\/www.heartfailurematters.org\/wp-content\/uploads\/2022\/03\/shutterstock_1936631263-1-min.jpg\",\"datePublished\":\"2021-01-27T22:05:51+00:00\",\"dateModified\":\"2022-01-25T11:17:06+00:00\",\"description\":\"Geralmente, se a sua insufici\u00eancia card\u00edaca estiver bem controlada e est\u00e1vel, n\u00e3o deve ter dificuldades com redu\u00e7\u00f5es ligeiras nos n\u00edveis de oxig\u00e9nio num avi\u00e3o.\",\"breadcrumb\":{\"@id\":\"https:\/\/www.heartfailurematters.org\/pt-pt\/viver-com-insuficiencia-cardiaca\/viajar-de-aviao\/#breadcrumb\"},\"inLanguage\":\"pt-PT\",\"potentialAction\":[{\"@type\":\"ReadAction\",\"target\":[\"https:\/\/www.heartfailurematters.org\/pt-pt\/viver-com-insuficiencia-cardiaca\/viajar-de-aviao\/\"]}]},{\"@type\":\"ImageObject\",\"inLanguage\":\"pt-PT\",\"@id\":\"https:\/\/www.heartfailurematters.org\/pt-pt\/viver-com-insuficiencia-cardiaca\/viajar-de-aviao\/#primaryimage\",\"url\":\"https:\/\/www.heartfailurematters.org\/wp-content\/uploads\/2022\/03\/shutterstock_1936631263-1-min.jpg\",\"contentUrl\":\"https:\/\/www.heartfailurematters.org\/wp-content\/uploads\/2022\/03\/shutterstock_1936631263-1-min.jpg\",\"width\":900,\"height\":604},{\"@type\":\"BreadcrumbList\",\"@id\":\"https:\/\/www.heartfailurematters.org\/pt-pt\/viver-com-insuficiencia-cardiaca\/viajar-de-aviao\/#breadcrumb\",\"itemListElement\":[{\"@type\":\"ListItem\",\"position\":1,\"name\":\"P\u00e1gina inicial\",\"item\":\"https:\/\/www.heartfailurematters.org\/pt-pt\/\"},{\"@type\":\"ListItem\",\"position\":2,\"name\":\"Viver com insufici\u00eancia card\u00edaca\",\"item\":\"https:\/\/www.heartfailurematters.org\/pt-pt\/viver-com-insuficiencia-cardiaca\/\"},{\"@type\":\"ListItem\",\"position\":3,\"name\":\"Viajar de avi\u00e3o\"}]},{\"@type\":\"WebSite\",\"@id\":\"https:\/\/www.heartfailurematters.org\/pt-pt\/#website\",\"url\":\"https:\/\/www.heartfailurematters.org\/pt-pt\/\",\"name\":\"Heart Failure Matters\",\"description\":\"Practical information for patients, families and caregivers.\",\"publisher\":{\"@id\":\"https:\/\/www.heartfailurematters.org\/pt-pt\/#organization\"},\"potentialAction\":[{\"@type\":\"SearchAction\",\"target\":{\"@type\":\"EntryPoint\",\"urlTemplate\":\"https:\/\/www.heartfailurematters.org\/pt-pt\/?s={search_term_string}\"},\"query-input\":{\"@type\":\"PropertyValueSpecification\",\"valueRequired\":true,\"valueName\":\"search_term_string\"}}],\"inLanguage\":\"pt-PT\"},{\"@type\":\"Organization\",\"@id\":\"https:\/\/www.heartfailurematters.org\/pt-pt\/#organization\",\"name\":\"Heart Failure Matters\",\"url\":\"https:\/\/www.heartfailurematters.org\/pt-pt\/\",\"logo\":{\"@type\":\"ImageObject\",\"inLanguage\":\"pt-PT\",\"@id\":\"https:\/\/www.heartfailurematters.org\/pt-pt\/#\/schema\/logo\/image\/\",\"url\":\"https:\/\/cdn-endpoint-hfm.azureedge.net\/heartfailurematters\/2024\/07\/hfm-logo1.jpg\",\"contentUrl\":\"https:\/\/cdn-endpoint-hfm.azureedge.net\/heartfailurematters\/2024\/07\/hfm-logo1.jpg\",\"width\":1280,\"height\":720,\"caption\":\"Heart Failure Matters\"},\"image\":{\"@id\":\"https:\/\/www.heartfailurematters.org\/pt-pt\/#\/schema\/logo\/image\/\"},\"sameAs\":[\"https:\/\/www.facebook.com\/heartfailurematters\"]}]}<\/script>\n<!-- \/ Yoast SEO plugin. -->","yoast_head_json":{"title":"Viajar de avi\u00e3o com insufici\u00eancia card\u00edaca","description":"Geralmente, se a sua insufici\u00eancia card\u00edaca estiver bem controlada e est\u00e1vel, n\u00e3o deve ter dificuldades com redu\u00e7\u00f5es ligeiras nos n\u00edveis de oxig\u00e9nio num avi\u00e3o.","robots":{"index":"index","follow":"follow","max-snippet":"max-snippet:-1","max-image-preview":"max-image-preview:large","max-video-preview":"max-video-preview:-1"},"canonical":"https:\/\/www.heartfailurematters.org\/pt-pt\/viver-com-insuficiencia-cardiaca\/viajar-de-aviao\/","og_locale":"pt_PT","og_type":"article","og_title":"Viajar de avi\u00e3o com insufici\u00eancia card\u00edaca","og_description":"Geralmente, se a sua insufici\u00eancia card\u00edaca estiver bem controlada e est\u00e1vel, n\u00e3o deve ter dificuldades com redu\u00e7\u00f5es ligeiras nos n\u00edveis de oxig\u00e9nio num avi\u00e3o.","og_url":"https:\/\/www.heartfailurematters.org\/pt-pt\/viver-com-insuficiencia-cardiaca\/viajar-de-aviao\/","og_site_name":"Heart Failure Matters","article_publisher":"https:\/\/www.facebook.com\/heartfailurematters","article_modified_time":"2022-01-25T11:17:06+00:00","og_image":[{"width":900,"height":604,"url":"https:\/\/www.heartfailurematters.org\/wp-content\/uploads\/2022\/03\/shutterstock_1936631263-1-min.jpg","type":"image\/jpeg"}],"twitter_card":"summary_large_image","twitter_misc":{"Tempo estimado de leitura":"2 minutos"},"schema":{"@context":"https:\/\/schema.org","@graph":[{"@type":"WebPage","@id":"https:\/\/www.heartfailurematters.org\/pt-pt\/viver-com-insuficiencia-cardiaca\/viajar-de-aviao\/","url":"https:\/\/www.heartfailurematters.org\/pt-pt\/viver-com-insuficiencia-cardiaca\/viajar-de-aviao\/","name":"Viajar de avi\u00e3o com insufici\u00eancia card\u00edaca","isPartOf":{"@id":"https:\/\/www.heartfailurematters.org\/pt-pt\/#website"},"primaryImageOfPage":{"@id":"https:\/\/www.heartfailurematters.org\/pt-pt\/viver-com-insuficiencia-cardiaca\/viajar-de-aviao\/#primaryimage"},"image":{"@id":"https:\/\/www.heartfailurematters.org\/pt-pt\/viver-com-insuficiencia-cardiaca\/viajar-de-aviao\/#primaryimage"},"thumbnailUrl":"https:\/\/www.heartfailurematters.org\/wp-content\/uploads\/2022\/03\/shutterstock_1936631263-1-min.jpg","datePublished":"2021-01-27T22:05:51+00:00","dateModified":"2022-01-25T11:17:06+00:00","description":"Geralmente, se a sua insufici\u00eancia card\u00edaca estiver bem controlada e est\u00e1vel, n\u00e3o deve ter dificuldades com redu\u00e7\u00f5es ligeiras nos n\u00edveis de oxig\u00e9nio num avi\u00e3o.","breadcrumb":{"@id":"https:\/\/www.heartfailurematters.org\/pt-pt\/viver-com-insuficiencia-cardiaca\/viajar-de-aviao\/#breadcrumb"},"inLanguage":"pt-PT","potentialAction":[{"@type":"ReadAction","target":["https:\/\/www.heartfailurematters.org\/pt-pt\/viver-com-insuficiencia-cardiaca\/viajar-de-aviao\/"]}]},{"@type":"ImageObject","inLanguage":"pt-PT","@id":"https:\/\/www.heartfailurematters.org\/pt-pt\/viver-com-insuficiencia-cardiaca\/viajar-de-aviao\/#primaryimage","url":"https:\/\/www.heartfailurematters.org\/wp-content\/uploads\/2022\/03\/shutterstock_1936631263-1-min.jpg","contentUrl":"https:\/\/www.heartfailurematters.org\/wp-content\/uploads\/2022\/03\/shutterstock_1936631263-1-min.jpg","width":900,"height":604},{"@type":"BreadcrumbList","@id":"https:\/\/www.heartfailurematters.org\/pt-pt\/viver-com-insuficiencia-cardiaca\/viajar-de-aviao\/#breadcrumb","itemListElement":[{"@type":"ListItem","position":1,"name":"P\u00e1gina inicial","item":"https:\/\/www.heartfailurematters.org\/pt-pt\/"},{"@type":"ListItem","position":2,"name":"Viver com insufici\u00eancia card\u00edaca","item":"https:\/\/www.heartfailurematters.org\/pt-pt\/viver-com-insuficiencia-cardiaca\/"},{"@type":"ListItem","position":3,"name":"Viajar de avi\u00e3o"}]},{"@type":"WebSite","@id":"https:\/\/www.heartfailurematters.org\/pt-pt\/#website","url":"https:\/\/www.heartfailurematters.org\/pt-pt\/","name":"Heart Failure Matters","description":"Practical information for patients, families and caregivers.","publisher":{"@id":"https:\/\/www.heartfailurematters.org\/pt-pt\/#organization"},"potentialAction":[{"@type":"SearchAction","target":{"@type":"EntryPoint","urlTemplate":"https:\/\/www.heartfailurematters.org\/pt-pt\/?s={search_term_string}"},"query-input":{"@type":"PropertyValueSpecification","valueRequired":true,"valueName":"search_term_string"}}],"inLanguage":"pt-PT"},{"@type":"Organization","@id":"https:\/\/www.heartfailurematters.org\/pt-pt\/#organization","name":"Heart Failure Matters","url":"https:\/\/www.heartfailurematters.org\/pt-pt\/","logo":{"@type":"ImageObject","inLanguage":"pt-PT","@id":"https:\/\/www.heartfailurematters.org\/pt-pt\/#\/schema\/logo\/image\/","url":"https:\/\/cdn-endpoint-hfm.azureedge.net\/heartfailurematters\/2024\/07\/hfm-logo1.jpg","contentUrl":"https:\/\/cdn-endpoint-hfm.azureedge.net\/heartfailurematters\/2024\/07\/hfm-logo1.jpg","width":1280,"height":720,"caption":"Heart Failure Matters"},"image":{"@id":"https:\/\/www.heartfailurematters.org\/pt-pt\/#\/schema\/logo\/image\/"},"sameAs":["https:\/\/www.facebook.com\/heartfailurematters"]}]}},"_links":{"self":[{"href":"https:\/\/www.heartfailurematters.org\/pt-pt\/wp-json\/wp\/v2\/pages\/1943","targetHints":{"allow":["GET"]}}],"collection":[{"href":"https:\/\/www.heartfailurematters.org\/pt-pt\/wp-json\/wp\/v2\/pages"}],"about":[{"href":"https:\/\/www.heartfailurematters.org\/pt-pt\/wp-json\/wp\/v2\/types\/page"}],"author":[{"embeddable":true,"href":"https:\/\/www.heartfailurematters.org\/pt-pt\/wp-json\/wp\/v2\/users\/1"}],"replies":[{"embeddable":true,"href":"https:\/\/www.heartfailurematters.org\/pt-pt\/wp-json\/wp\/v2\/comments?post=1943"}],"version-history":[{"count":1,"href":"https:\/\/www.heartfailurematters.org\/pt-pt\/wp-json\/wp\/v2\/pages\/1943\/revisions"}],"predecessor-version":[{"id":10398,"href":"https:\/\/www.heartfailurematters.org\/pt-pt\/wp-json\/wp\/v2\/pages\/1943\/revisions\/10398"}],"up":[{"embeddable":true,"href":"https:\/\/www.heartfailurematters.org\/pt-pt\/wp-json\/wp\/v2\/pages\/2815"}],"wp:featuredmedia":[{"embeddable":true,"href":"https:\/\/www.heartfailurematters.org\/pt-pt\/wp-json\/wp\/v2\/media\/11101"}],"wp:attachment":[{"href":"https:\/\/www.heartfailurematters.org\/pt-pt\/wp-json\/wp\/v2\/media?parent=1943"}],"wp:term":[{"taxonomy":"category","embeddable":true,"href":"https:\/\/www.heartfailurematters.org\/pt-pt\/wp-json\/wp\/v2\/categories?post=1943"},{"taxonomy":"post_tag","embeddable":true,"href":"https:\/\/www.heartfailurematters.org\/pt-pt\/wp-json\/wp\/v2\/tags?post=1943"}],"curies":[{"name":"wp","href":"https:\/\/api.w.org\/{rel}","templated":true}]}}