{"id":1932,"date":"2021-01-27T22:05:45","date_gmt":"2021-01-27T22:05:45","guid":{"rendered":"http:\/\/heartfailurematters.local:8888\/estatinas\/"},"modified":"2021-01-27T22:05:45","modified_gmt":"2021-01-27T22:05:45","slug":"estatinas","status":"publish","type":"page","link":"https:\/\/www.heartfailurematters.org\/pt-pt\/o-que-o-seu-medico-ou-enfermeiro-pode-fazer\/estatinas\/","title":{"rendered":"Estatinas"},"content":{"rendered":"<h2>O que fazem?<\/h2>\n<p>Estes medicamentos melhoram os n&iacute;veis de <a class=\"addtooltip\" title=\"Trata-se de uma subst&acirc;ncia cerosa importante para muitas fun&ccedil;&otilde;es no organismo e est&aacute; presente em muitos alimentos. Existem v&aacute;rios tipos de colesterol. Demasiado colesterol de baixa densidade pode causar doen&ccedil;a card&iacute;aca.\"><strong>colesterol<\/strong><\/a> e poder&aacute; tamb&eacute;m melhorar a fun&ccedil;&atilde;o das art&eacute;rias coron&aacute;rias. S&atilde;o utilizados frequentemente em pessoas com insufici&ecirc;ncia card&iacute;aca. A causa mais comum de insufici&ecirc;ncia card&iacute;aca &eacute; a doen&ccedil;a das art&eacute;rias coron&aacute;rias. Esta ocorre quando existe um estreitamento das <a class=\"addtooltip\" title=\"Vasos sangu&iacute;neos que fornecem sangue ao m&uacute;sculo card&iacute;aco.\"><strong>art&eacute;rias coron&aacute;rias<\/strong><\/a> devido &agrave; acumula&ccedil;&atilde;o de <a class=\"addtooltip\" title=\"Trata-se de uma subst&acirc;ncia cerosa importante para muitas fun&ccedil;&otilde;es no corpo e est&aacute; presente em muitos alimentos. Existem v&aacute;rios tipos de colesterol. O colesterol de muita baixa densidade pode causar doen&ccedil;a card&iacute;aca.\"><strong>colesterol<\/strong><\/a> (<a class=\"addtooltip\" title=\"A acumula&ccedil;&atilde;o de colesterol, gorduras, c&aacute;lcio e subst&acirc;ncias de coagula&ccedil;&atilde;o sangu&iacute;nea na parede de uma art&eacute;ria.\"><strong>placa<\/strong><\/a>). Estes medicamentos s&atilde;o muito eficazes na preven&ccedil;&atilde;o do desenvolvimento de placas, que poder&atilde;o eventualmente causar falta de oxig&eacute;nio no cora&ccedil;&atilde;o (<a class=\"addtooltip\" title=\"Perda ou redu&ccedil;&atilde;o de fluxo sangu&iacute;neo (e por conseguinte, de oxig&eacute;nio) para os tecidos.\"><strong>isquemia<\/strong><\/a>) ou um ataque card&iacute;aco.<\/p>\n<h2>Efeitos secund&aacute;rios<\/h2>\n<p>Dor muscular (<a class=\"addtooltip\" title=\"Dor muscular.\"><strong>mialgia<\/strong><\/a>) &eacute; um efeito secund&aacute;rio relativamente comum mas importante das estatinas. Dever&aacute; informar o seu m&eacute;dico em caso de dor muscular sem explica&ccedil;&atilde;o, sensibilidade ao toque ou fraqueza. Este far&aacute; uma an&aacute;lise ao sangue que indicar&aacute; se os seus sintomas se devem &agrave;s <a class=\"addtooltip\" title=\"Um medicamento usado para reduzir os n&iacute;veis de colesterol e evitar o desenvolvimento da doen&ccedil;a coron&aacute;ria.\"><strong>estatinas<\/strong><\/a> . Este efeito secund&aacute;rio &eacute; revers&iacute;vel.<\/p>\n<h2>Top tips<\/h2>\n<p>O m&eacute;dico poder&aacute; querer controlar os seus n&iacute;veis de colesterol enquanto estiver a tomar uma estatina, para determinar qual a dose mais adequada. Al&eacute;m disso, o seu m&eacute;dico pode alterar a dose ou trocar a estatina que est&aacute; a tomar, em caso de dor muscular relacionada com a terap&ecirc;utica com estatinas.<\/p>\n<h2>Tamb&eacute;m conhecido por:<\/h2>\n<ul>\n<li><strong>Atorvastatina<br \/> <\/strong>(Zarator&reg;, Divastina&reg;, Minolip&reg;, Atorzem&reg;)<\/li>\n<li><strong>Fluvastatina<\/strong><br \/>(Canef&reg;, Cardiol&reg;, Lescol&reg;, Vascol&reg;)<\/li>\n<li><strong>Pravastatina<br \/> <\/strong>(Pravacol&reg;, Sanaprav&reg;)<\/li>\n<li><strong>Rosuvastatina<br \/> <\/strong>(Crestor&reg;, Visacor&reg;)<\/li>\n<li><strong>Simvastatina<\/strong><br \/>(Zocor&reg;, Dislipina&reg;, Jabastatina&reg;, Simpor&reg;, Lipaz&reg;)<\/li>\n<li><strong>Pitavastatina<\/strong><br \/>(Alipza&reg;, Livazo&reg;)<\/li>\n<li><strong>Produtos combinados <\/strong><br \/>(Inegy&reg;, Vytorin&reg;, Cholib&reg;, Atozet&reg;, Orvastez&reg;, Pravafenix&reg;, Viazet&reg;)<\/li>\n<\/ul>\n<p><a href=\"https:\/\/www.heartfailurematters.org\/pt-pt\/o-que-o-seu-medico-ou-enfermeiro-pode-fazer\/medicamentos-para-a-insuficiencia-cardiaca\/\">Voltar &agrave; sec&ccedil;&atilde;o Medicamentos para a insufici&ecirc;ncia card&iacute;aca<\/a><\/p>\n","protected":false},"excerpt":{"rendered":"<p>O que fazem? Estes medicamentos melhoram os n&iacute;veis de colesterol e poder&aacute; tamb&eacute;m melhorar a fun&ccedil;&atilde;o das art&eacute;rias coron&aacute;rias. S&atilde;o utilizados frequentemente em pessoas com insufici&ecirc;ncia card&iacute;aca. A causa mais comum de insufici&ecirc;ncia card&iacute;aca &eacute; a doen&ccedil;a das art&eacute;rias coron&aacute;rias. Esta ocorre quando existe um estreitamento das art&eacute;rias coron&aacute;rias devido &agrave; acumula&ccedil;&atilde;o de colesterol (placa). [&hellip;]<\/p>\n","protected":false},"author":1,"featured_media":10871,"parent":2682,"menu_order":0,"comment_status":"open","ping_status":"open","template":"","meta":{"_acf_changed":false,"footnotes":""},"categories":[],"tags":[],"class_list":["post-1932","page","type-page","status-publish","has-post-thumbnail","hentry"],"acf":[],"yoast_head":"<!-- This site is optimized with the Yoast SEO plugin v24.8.1 - https:\/\/yoast.com\/wordpress\/plugins\/seo\/ -->\n<title>Estatinas e insufici\u00eancia card\u00edaca<\/title>\n<meta name=\"description\" content=\"Estes f\u00e1rmacos atuam ao melhorar o n\u00edvel de colesterol de uma pessoa e s\u00e3o frequentemente utilizados em pessoas com insufici\u00eancia card\u00edaca.\" \/>\n<meta name=\"robots\" content=\"index, follow, max-snippet:-1, max-image-preview:large, max-video-preview:-1\" \/>\n<link rel=\"canonical\" href=\"https:\/\/www.heartfailurematters.org\/pt-pt\/o-que-o-seu-medico-ou-enfermeiro-pode-fazer\/estatinas\/\" \/>\n<meta property=\"og:locale\" content=\"pt_PT\" \/>\n<meta property=\"og:type\" content=\"article\" \/>\n<meta property=\"og:title\" content=\"Estatinas e insufici\u00eancia card\u00edaca\" \/>\n<meta property=\"og:description\" content=\"Estes f\u00e1rmacos atuam ao melhorar o n\u00edvel de colesterol de uma pessoa e s\u00e3o frequentemente utilizados em pessoas com insufici\u00eancia card\u00edaca.\" \/>\n<meta property=\"og:url\" content=\"https:\/\/www.heartfailurematters.org\/pt-pt\/o-que-o-seu-medico-ou-enfermeiro-pode-fazer\/estatinas\/\" \/>\n<meta property=\"og:site_name\" content=\"Heart Failure Matters\" \/>\n<meta property=\"article:publisher\" content=\"https:\/\/www.facebook.com\/heartfailurematters\" \/>\n<meta property=\"og:image\" content=\"https:\/\/www.heartfailurematters.org\/wp-content\/uploads\/2022\/03\/shutterstock_441673426-1-min.jpg\" \/>\n\t<meta property=\"og:image:width\" content=\"900\" \/>\n\t<meta property=\"og:image:height\" content=\"596\" \/>\n\t<meta property=\"og:image:type\" content=\"image\/jpeg\" \/>\n<meta name=\"twitter:card\" content=\"summary_large_image\" \/>\n<meta name=\"twitter:label1\" content=\"Tempo estimado de leitura\" \/>\n\t<meta name=\"twitter:data1\" content=\"2 minutos\" \/>\n<script type=\"application\/ld+json\" class=\"yoast-schema-graph\">{\"@context\":\"https:\/\/schema.org\",\"@graph\":[{\"@type\":\"WebPage\",\"@id\":\"https:\/\/www.heartfailurematters.org\/pt-pt\/o-que-o-seu-medico-ou-enfermeiro-pode-fazer\/estatinas\/\",\"url\":\"https:\/\/www.heartfailurematters.org\/pt-pt\/o-que-o-seu-medico-ou-enfermeiro-pode-fazer\/estatinas\/\",\"name\":\"Estatinas e insufici\u00eancia card\u00edaca\",\"isPartOf\":{\"@id\":\"https:\/\/www.heartfailurematters.org\/pt-pt\/#website\"},\"primaryImageOfPage\":{\"@id\":\"https:\/\/www.heartfailurematters.org\/pt-pt\/o-que-o-seu-medico-ou-enfermeiro-pode-fazer\/estatinas\/#primaryimage\"},\"image\":{\"@id\":\"https:\/\/www.heartfailurematters.org\/pt-pt\/o-que-o-seu-medico-ou-enfermeiro-pode-fazer\/estatinas\/#primaryimage\"},\"thumbnailUrl\":\"https:\/\/www.heartfailurematters.org\/wp-content\/uploads\/2022\/03\/shutterstock_441673426-1-min.jpg\",\"datePublished\":\"2021-01-27T22:05:45+00:00\",\"description\":\"Estes f\u00e1rmacos atuam ao melhorar o n\u00edvel de colesterol de uma pessoa e s\u00e3o frequentemente utilizados em pessoas com insufici\u00eancia card\u00edaca.\",\"breadcrumb\":{\"@id\":\"https:\/\/www.heartfailurematters.org\/pt-pt\/o-que-o-seu-medico-ou-enfermeiro-pode-fazer\/estatinas\/#breadcrumb\"},\"inLanguage\":\"pt-PT\",\"potentialAction\":[{\"@type\":\"ReadAction\",\"target\":[\"https:\/\/www.heartfailurematters.org\/pt-pt\/o-que-o-seu-medico-ou-enfermeiro-pode-fazer\/estatinas\/\"]}]},{\"@type\":\"ImageObject\",\"inLanguage\":\"pt-PT\",\"@id\":\"https:\/\/www.heartfailurematters.org\/pt-pt\/o-que-o-seu-medico-ou-enfermeiro-pode-fazer\/estatinas\/#primaryimage\",\"url\":\"https:\/\/www.heartfailurematters.org\/wp-content\/uploads\/2022\/03\/shutterstock_441673426-1-min.jpg\",\"contentUrl\":\"https:\/\/www.heartfailurematters.org\/wp-content\/uploads\/2022\/03\/shutterstock_441673426-1-min.jpg\",\"width\":900,\"height\":596},{\"@type\":\"BreadcrumbList\",\"@id\":\"https:\/\/www.heartfailurematters.org\/pt-pt\/o-que-o-seu-medico-ou-enfermeiro-pode-fazer\/estatinas\/#breadcrumb\",\"itemListElement\":[{\"@type\":\"ListItem\",\"position\":1,\"name\":\"P\u00e1gina inicial\",\"item\":\"https:\/\/www.heartfailurematters.org\/pt-pt\/\"},{\"@type\":\"ListItem\",\"position\":2,\"name\":\"O que o seu m\u00e9dico pode fazer\",\"item\":\"https:\/\/www.heartfailurematters.org\/pt-pt\/o-que-o-seu-medico-ou-enfermeiro-pode-fazer\/\"},{\"@type\":\"ListItem\",\"position\":3,\"name\":\"Estatinas\"}]},{\"@type\":\"WebSite\",\"@id\":\"https:\/\/www.heartfailurematters.org\/pt-pt\/#website\",\"url\":\"https:\/\/www.heartfailurematters.org\/pt-pt\/\",\"name\":\"Heart Failure Matters\",\"description\":\"Practical information for patients, families and caregivers.\",\"publisher\":{\"@id\":\"https:\/\/www.heartfailurematters.org\/pt-pt\/#organization\"},\"potentialAction\":[{\"@type\":\"SearchAction\",\"target\":{\"@type\":\"EntryPoint\",\"urlTemplate\":\"https:\/\/www.heartfailurematters.org\/pt-pt\/?s={search_term_string}\"},\"query-input\":{\"@type\":\"PropertyValueSpecification\",\"valueRequired\":true,\"valueName\":\"search_term_string\"}}],\"inLanguage\":\"pt-PT\"},{\"@type\":\"Organization\",\"@id\":\"https:\/\/www.heartfailurematters.org\/pt-pt\/#organization\",\"name\":\"Heart Failure Matters\",\"url\":\"https:\/\/www.heartfailurematters.org\/pt-pt\/\",\"logo\":{\"@type\":\"ImageObject\",\"inLanguage\":\"pt-PT\",\"@id\":\"https:\/\/www.heartfailurematters.org\/pt-pt\/#\/schema\/logo\/image\/\",\"url\":\"https:\/\/cdn-endpoint-hfm.azureedge.net\/heartfailurematters\/2024\/07\/hfm-logo1.jpg\",\"contentUrl\":\"https:\/\/cdn-endpoint-hfm.azureedge.net\/heartfailurematters\/2024\/07\/hfm-logo1.jpg\",\"width\":1280,\"height\":720,\"caption\":\"Heart Failure Matters\"},\"image\":{\"@id\":\"https:\/\/www.heartfailurematters.org\/pt-pt\/#\/schema\/logo\/image\/\"},\"sameAs\":[\"https:\/\/www.facebook.com\/heartfailurematters\"]}]}<\/script>\n<!-- \/ Yoast SEO plugin. -->","yoast_head_json":{"title":"Estatinas e insufici\u00eancia card\u00edaca","description":"Estes f\u00e1rmacos atuam ao melhorar o n\u00edvel de colesterol de uma pessoa e s\u00e3o frequentemente utilizados em pessoas com insufici\u00eancia card\u00edaca.","robots":{"index":"index","follow":"follow","max-snippet":"max-snippet:-1","max-image-preview":"max-image-preview:large","max-video-preview":"max-video-preview:-1"},"canonical":"https:\/\/www.heartfailurematters.org\/pt-pt\/o-que-o-seu-medico-ou-enfermeiro-pode-fazer\/estatinas\/","og_locale":"pt_PT","og_type":"article","og_title":"Estatinas e insufici\u00eancia card\u00edaca","og_description":"Estes f\u00e1rmacos atuam ao melhorar o n\u00edvel de colesterol de uma pessoa e s\u00e3o frequentemente utilizados em pessoas com insufici\u00eancia card\u00edaca.","og_url":"https:\/\/www.heartfailurematters.org\/pt-pt\/o-que-o-seu-medico-ou-enfermeiro-pode-fazer\/estatinas\/","og_site_name":"Heart Failure Matters","article_publisher":"https:\/\/www.facebook.com\/heartfailurematters","og_image":[{"width":900,"height":596,"url":"https:\/\/www.heartfailurematters.org\/wp-content\/uploads\/2022\/03\/shutterstock_441673426-1-min.jpg","type":"image\/jpeg"}],"twitter_card":"summary_large_image","twitter_misc":{"Tempo estimado de leitura":"2 minutos"},"schema":{"@context":"https:\/\/schema.org","@graph":[{"@type":"WebPage","@id":"https:\/\/www.heartfailurematters.org\/pt-pt\/o-que-o-seu-medico-ou-enfermeiro-pode-fazer\/estatinas\/","url":"https:\/\/www.heartfailurematters.org\/pt-pt\/o-que-o-seu-medico-ou-enfermeiro-pode-fazer\/estatinas\/","name":"Estatinas e insufici\u00eancia card\u00edaca","isPartOf":{"@id":"https:\/\/www.heartfailurematters.org\/pt-pt\/#website"},"primaryImageOfPage":{"@id":"https:\/\/www.heartfailurematters.org\/pt-pt\/o-que-o-seu-medico-ou-enfermeiro-pode-fazer\/estatinas\/#primaryimage"},"image":{"@id":"https:\/\/www.heartfailurematters.org\/pt-pt\/o-que-o-seu-medico-ou-enfermeiro-pode-fazer\/estatinas\/#primaryimage"},"thumbnailUrl":"https:\/\/www.heartfailurematters.org\/wp-content\/uploads\/2022\/03\/shutterstock_441673426-1-min.jpg","datePublished":"2021-01-27T22:05:45+00:00","description":"Estes f\u00e1rmacos atuam ao melhorar o n\u00edvel de colesterol de uma pessoa e s\u00e3o frequentemente utilizados em pessoas com insufici\u00eancia card\u00edaca.","breadcrumb":{"@id":"https:\/\/www.heartfailurematters.org\/pt-pt\/o-que-o-seu-medico-ou-enfermeiro-pode-fazer\/estatinas\/#breadcrumb"},"inLanguage":"pt-PT","potentialAction":[{"@type":"ReadAction","target":["https:\/\/www.heartfailurematters.org\/pt-pt\/o-que-o-seu-medico-ou-enfermeiro-pode-fazer\/estatinas\/"]}]},{"@type":"ImageObject","inLanguage":"pt-PT","@id":"https:\/\/www.heartfailurematters.org\/pt-pt\/o-que-o-seu-medico-ou-enfermeiro-pode-fazer\/estatinas\/#primaryimage","url":"https:\/\/www.heartfailurematters.org\/wp-content\/uploads\/2022\/03\/shutterstock_441673426-1-min.jpg","contentUrl":"https:\/\/www.heartfailurematters.org\/wp-content\/uploads\/2022\/03\/shutterstock_441673426-1-min.jpg","width":900,"height":596},{"@type":"BreadcrumbList","@id":"https:\/\/www.heartfailurematters.org\/pt-pt\/o-que-o-seu-medico-ou-enfermeiro-pode-fazer\/estatinas\/#breadcrumb","itemListElement":[{"@type":"ListItem","position":1,"name":"P\u00e1gina inicial","item":"https:\/\/www.heartfailurematters.org\/pt-pt\/"},{"@type":"ListItem","position":2,"name":"O que o seu m\u00e9dico pode fazer","item":"https:\/\/www.heartfailurematters.org\/pt-pt\/o-que-o-seu-medico-ou-enfermeiro-pode-fazer\/"},{"@type":"ListItem","position":3,"name":"Estatinas"}]},{"@type":"WebSite","@id":"https:\/\/www.heartfailurematters.org\/pt-pt\/#website","url":"https:\/\/www.heartfailurematters.org\/pt-pt\/","name":"Heart Failure Matters","description":"Practical information for patients, families and caregivers.","publisher":{"@id":"https:\/\/www.heartfailurematters.org\/pt-pt\/#organization"},"potentialAction":[{"@type":"SearchAction","target":{"@type":"EntryPoint","urlTemplate":"https:\/\/www.heartfailurematters.org\/pt-pt\/?s={search_term_string}"},"query-input":{"@type":"PropertyValueSpecification","valueRequired":true,"valueName":"search_term_string"}}],"inLanguage":"pt-PT"},{"@type":"Organization","@id":"https:\/\/www.heartfailurematters.org\/pt-pt\/#organization","name":"Heart Failure Matters","url":"https:\/\/www.heartfailurematters.org\/pt-pt\/","logo":{"@type":"ImageObject","inLanguage":"pt-PT","@id":"https:\/\/www.heartfailurematters.org\/pt-pt\/#\/schema\/logo\/image\/","url":"https:\/\/cdn-endpoint-hfm.azureedge.net\/heartfailurematters\/2024\/07\/hfm-logo1.jpg","contentUrl":"https:\/\/cdn-endpoint-hfm.azureedge.net\/heartfailurematters\/2024\/07\/hfm-logo1.jpg","width":1280,"height":720,"caption":"Heart Failure Matters"},"image":{"@id":"https:\/\/www.heartfailurematters.org\/pt-pt\/#\/schema\/logo\/image\/"},"sameAs":["https:\/\/www.facebook.com\/heartfailurematters"]}]}},"_links":{"self":[{"href":"https:\/\/www.heartfailurematters.org\/pt-pt\/wp-json\/wp\/v2\/pages\/1932","targetHints":{"allow":["GET"]}}],"collection":[{"href":"https:\/\/www.heartfailurematters.org\/pt-pt\/wp-json\/wp\/v2\/pages"}],"about":[{"href":"https:\/\/www.heartfailurematters.org\/pt-pt\/wp-json\/wp\/v2\/types\/page"}],"author":[{"embeddable":true,"href":"https:\/\/www.heartfailurematters.org\/pt-pt\/wp-json\/wp\/v2\/users\/1"}],"replies":[{"embeddable":true,"href":"https:\/\/www.heartfailurematters.org\/pt-pt\/wp-json\/wp\/v2\/comments?post=1932"}],"version-history":[{"count":0,"href":"https:\/\/www.heartfailurematters.org\/pt-pt\/wp-json\/wp\/v2\/pages\/1932\/revisions"}],"up":[{"embeddable":true,"href":"https:\/\/www.heartfailurematters.org\/pt-pt\/wp-json\/wp\/v2\/pages\/2682"}],"wp:featuredmedia":[{"embeddable":true,"href":"https:\/\/www.heartfailurematters.org\/pt-pt\/wp-json\/wp\/v2\/media\/10871"}],"wp:attachment":[{"href":"https:\/\/www.heartfailurematters.org\/pt-pt\/wp-json\/wp\/v2\/media?parent=1932"}],"wp:term":[{"taxonomy":"category","embeddable":true,"href":"https:\/\/www.heartfailurematters.org\/pt-pt\/wp-json\/wp\/v2\/categories?post=1932"},{"taxonomy":"post_tag","embeddable":true,"href":"https:\/\/www.heartfailurematters.org\/pt-pt\/wp-json\/wp\/v2\/tags?post=1932"}],"curies":[{"name":"wp","href":"https:\/\/api.w.org\/{rel}","templated":true}]}}