{"id":1931,"date":"2021-01-27T22:05:45","date_gmt":"2021-01-27T22:05:45","guid":{"rendered":"http:\/\/heartfailurematters.local:8888\/vacinas\/"},"modified":"2025-12-05T10:25:59","modified_gmt":"2025-12-05T10:25:59","slug":"vacinas","status":"publish","type":"page","link":"https:\/\/www.heartfailurematters.org\/pt-pt\/o-que-pode-fazer\/vacinas\/","title":{"rendered":"Imuniza\u00e7\u00f5es"},"content":{"rendered":"<p>Cuidar de si mesmo quando sofre de insufici\u00eancia card\u00edaca consiste principalmente em ficar o melhor e mais saud\u00e1vel poss\u00edvel. Uma forma de se manter bem \u00e9 minimizar o risco de contrair infe\u00e7\u00f5es respirat\u00f3rias como a gripe ou a <a class=\"addtooltip\" title=\"&lt;div id='ToolTipTextWrap'&gt;pneumonia&lt;\/div&gt;&lt;p&gt; Inflama\u00e7\u00e3o dos pulm\u00f5es, causada normalmente por uma infe\u00e7\u00e3o. A pneumonia ocorre mais frequentemente em pessoas com insufici\u00eancia card\u00edaca e congest\u00e3o pulmonar.&lt;\/p&gt;\"><strong>pneumonia<\/strong><\/a>, uma vez que os problemas respirat\u00f3rios podem agravar a insufici\u00eancia card\u00edaca. Vacinas seguras que podem conferir imunidade contra a gripe e<\/p>\n<p>Existem vacinas seguras que podem conferir imunidade contra a gripe e a <a class=\"addtooltip\" title=\"&lt;div id='ToolTipTextWrap'&gt;pneumonia&lt;\/div&gt;&lt;p&gt; Inflama\u00e7\u00e3o dos pulm\u00f5es, causada normalmente por uma infe\u00e7\u00e3o. A pneumonia ocorre mais frequentemente em pessoas com insufici\u00eancia card\u00edaca e congest\u00e3o pulmonar.&lt;\/p&gt;\"><strong>pneumonia<\/strong><\/a>. Deve discutir sobre estas vacinas com o seu enfermeiro ou m\u00e9dico, que poder\u00e1 aconselhar com mais detalhe sobre as mesmas.<\/p>\n<p>Quando viajar, o seu agente de viagens dever\u00e1 aconselhar sobre as imuniza\u00e7\u00f5es ou medicamentos, por exemplo, comprimidos contra a mal\u00e1ria, que podem ser necess\u00e1rios dependendo do seu destino.<\/p>\n<p>Se tomar medicamentos <a class=\"addtooltip\" title=\"&lt;div id='ToolTipTextWrap'&gt;Anticoagulantes&lt;\/div&gt;&lt;p&gt; Medicamentos que impedem a forma\u00e7\u00e3o de co\u00e1gulos sangu\u00edneos, principalmente nas art\u00e9rias coron\u00e1rias.&lt;\/p&gt;\"><strong>anticoagulantes<\/strong><\/a>, o seu m\u00e9dico ou enfermeiro pode recomendar um programa de vacina\u00e7\u00e3o diferente, que pode ter de ser iniciado mais cedo do que o esquema normal de vacina\u00e7\u00e3o.<\/p>\n<h2>COVID-19<\/h2>\n<p>Existem vacinas seguras e eficazes que oferecem uma forte prote\u00e7\u00e3o contra doen\u00e7as graves, interna\u00e7\u00e3o  e morte por COVID-19. \u202f\u202f\u202fMilhares de milh\u00f5es de pessoas foram vacinadas contra a COVID-19. A vacina\u00e7\u00e3o \u00e9 fortemente recomendada pela Organiza\u00e7\u00e3o Mundial de Sa\u00fade (OMS). Consideram que esta \u00e9 uma das coisas mais importantes que pode fazer para se proteger contra a COVID-19 e ajudar a acabar com a pandemia. A OMS aconselha os pa\u00edses a trabalharem para vacinar pelo menos 70% das suas popula\u00e7\u00f5es, dando prioridade \u00e0 vacina\u00e7\u00e3o de 100% dos grupos mais vulner\u00e1veis, incluindo as pessoas com mais de 60 anos e as que t\u00eam problemas de sa\u00fade.<\/p>\n<p>Pode encontrar mais informa\u00e7\u00f5es <a href=\"https:\/\/www.heartfailurematters.org\/covid-19-virus-and-heart-failure-information-and-practical-tips\/\">aqui<\/a>.<\/p>\n","protected":false},"excerpt":{"rendered":"<p>Cuidar de si mesmo quando sofre de insufici\u00eancia card\u00edaca consiste principalmente em ficar o melhor e mais saud\u00e1vel poss\u00edvel. Uma forma de se manter bem \u00e9 minimizar o risco de contrair infe\u00e7\u00f5es respirat\u00f3rias como a gripe ou a pneumonia, uma vez que os problemas respirat\u00f3rios podem agravar a insufici\u00eancia card\u00edaca. Vacinas seguras que podem conferir [&hellip;]<\/p>\n","protected":false},"author":1,"featured_media":0,"parent":2718,"menu_order":0,"comment_status":"open","ping_status":"open","template":"","meta":{"_acf_changed":false,"footnotes":""},"categories":[],"tags":[],"class_list":["post-1931","page","type-page","status-publish","hentry"],"acf":[],"yoast_head":"<!-- This site is optimized with the Yoast SEO plugin v24.8.1 - https:\/\/yoast.com\/wordpress\/plugins\/seo\/ -->\n<title>Imuniza\u00e7\u00f5es<\/title>\n<meta name=\"description\" content=\"Cuidar de si pr\u00f3prio quando sofre de uma insufici\u00eancia card\u00edaca consiste principalmente em ficar bem. Saiba mais\" \/>\n<meta name=\"robots\" content=\"index, follow, max-snippet:-1, max-image-preview:large, max-video-preview:-1\" \/>\n<link rel=\"canonical\" href=\"https:\/\/www.heartfailurematters.org\/pt-pt\/o-que-pode-fazer\/vacinas\/\" \/>\n<meta property=\"og:locale\" content=\"pt_PT\" \/>\n<meta property=\"og:type\" content=\"article\" \/>\n<meta property=\"og:title\" content=\"Imuniza\u00e7\u00f5es\" \/>\n<meta property=\"og:description\" content=\"Cuidar de si pr\u00f3prio quando sofre de uma insufici\u00eancia card\u00edaca consiste principalmente em ficar bem. Saiba mais\" \/>\n<meta property=\"og:url\" content=\"https:\/\/www.heartfailurematters.org\/pt-pt\/o-que-pode-fazer\/vacinas\/\" \/>\n<meta property=\"og:site_name\" content=\"Heart Failure Matters\" \/>\n<meta property=\"article:publisher\" content=\"https:\/\/www.facebook.com\/heartfailurematters\" \/>\n<meta property=\"article:modified_time\" content=\"2025-12-05T10:25:59+00:00\" \/>\n<meta name=\"twitter:card\" content=\"summary_large_image\" \/>\n<meta name=\"twitter:label1\" content=\"Tempo estimado de leitura\" \/>\n\t<meta name=\"twitter:data1\" content=\"1 minuto\" \/>\n<script type=\"application\/ld+json\" class=\"yoast-schema-graph\">{\"@context\":\"https:\/\/schema.org\",\"@graph\":[{\"@type\":\"WebPage\",\"@id\":\"https:\/\/www.heartfailurematters.org\/pt-pt\/o-que-pode-fazer\/vacinas\/\",\"url\":\"https:\/\/www.heartfailurematters.org\/pt-pt\/o-que-pode-fazer\/vacinas\/\",\"name\":\"Imuniza\u00e7\u00f5es\",\"isPartOf\":{\"@id\":\"https:\/\/www.heartfailurematters.org\/pt-pt\/#website\"},\"datePublished\":\"2021-01-27T22:05:45+00:00\",\"dateModified\":\"2025-12-05T10:25:59+00:00\",\"description\":\"Cuidar de si pr\u00f3prio quando sofre de uma insufici\u00eancia card\u00edaca consiste principalmente em ficar bem. Saiba mais\",\"breadcrumb\":{\"@id\":\"https:\/\/www.heartfailurematters.org\/pt-pt\/o-que-pode-fazer\/vacinas\/#breadcrumb\"},\"inLanguage\":\"pt-PT\",\"potentialAction\":[{\"@type\":\"ReadAction\",\"target\":[\"https:\/\/www.heartfailurematters.org\/pt-pt\/o-que-pode-fazer\/vacinas\/\"]}]},{\"@type\":\"BreadcrumbList\",\"@id\":\"https:\/\/www.heartfailurematters.org\/pt-pt\/o-que-pode-fazer\/vacinas\/#breadcrumb\",\"itemListElement\":[{\"@type\":\"ListItem\",\"position\":1,\"name\":\"P\u00e1gina inicial\",\"item\":\"https:\/\/www.heartfailurematters.org\/pt-pt\/\"},{\"@type\":\"ListItem\",\"position\":2,\"name\":\"O que pode fazer\",\"item\":\"https:\/\/www.heartfailurematters.org\/pt-pt\/o-que-pode-fazer\/\"},{\"@type\":\"ListItem\",\"position\":3,\"name\":\"Imuniza\u00e7\u00f5es\"}]},{\"@type\":\"WebSite\",\"@id\":\"https:\/\/www.heartfailurematters.org\/pt-pt\/#website\",\"url\":\"https:\/\/www.heartfailurematters.org\/pt-pt\/\",\"name\":\"Heart Failure Matters\",\"description\":\"Practical information for patients, families and caregivers.\",\"publisher\":{\"@id\":\"https:\/\/www.heartfailurematters.org\/pt-pt\/#organization\"},\"potentialAction\":[{\"@type\":\"SearchAction\",\"target\":{\"@type\":\"EntryPoint\",\"urlTemplate\":\"https:\/\/www.heartfailurematters.org\/pt-pt\/?s={search_term_string}\"},\"query-input\":{\"@type\":\"PropertyValueSpecification\",\"valueRequired\":true,\"valueName\":\"search_term_string\"}}],\"inLanguage\":\"pt-PT\"},{\"@type\":\"Organization\",\"@id\":\"https:\/\/www.heartfailurematters.org\/pt-pt\/#organization\",\"name\":\"Heart Failure Matters\",\"url\":\"https:\/\/www.heartfailurematters.org\/pt-pt\/\",\"logo\":{\"@type\":\"ImageObject\",\"inLanguage\":\"pt-PT\",\"@id\":\"https:\/\/www.heartfailurematters.org\/pt-pt\/#\/schema\/logo\/image\/\",\"url\":\"https:\/\/cdn-endpoint-hfm.azureedge.net\/heartfailurematters\/2024\/07\/hfm-logo1.jpg\",\"contentUrl\":\"https:\/\/cdn-endpoint-hfm.azureedge.net\/heartfailurematters\/2024\/07\/hfm-logo1.jpg\",\"width\":1280,\"height\":720,\"caption\":\"Heart Failure Matters\"},\"image\":{\"@id\":\"https:\/\/www.heartfailurematters.org\/pt-pt\/#\/schema\/logo\/image\/\"},\"sameAs\":[\"https:\/\/www.facebook.com\/heartfailurematters\"]}]}<\/script>\n<!-- \/ Yoast SEO plugin. -->","yoast_head_json":{"title":"Imuniza\u00e7\u00f5es","description":"Cuidar de si pr\u00f3prio quando sofre de uma insufici\u00eancia card\u00edaca consiste principalmente em ficar bem. Saiba mais","robots":{"index":"index","follow":"follow","max-snippet":"max-snippet:-1","max-image-preview":"max-image-preview:large","max-video-preview":"max-video-preview:-1"},"canonical":"https:\/\/www.heartfailurematters.org\/pt-pt\/o-que-pode-fazer\/vacinas\/","og_locale":"pt_PT","og_type":"article","og_title":"Imuniza\u00e7\u00f5es","og_description":"Cuidar de si pr\u00f3prio quando sofre de uma insufici\u00eancia card\u00edaca consiste principalmente em ficar bem. Saiba mais","og_url":"https:\/\/www.heartfailurematters.org\/pt-pt\/o-que-pode-fazer\/vacinas\/","og_site_name":"Heart Failure Matters","article_publisher":"https:\/\/www.facebook.com\/heartfailurematters","article_modified_time":"2025-12-05T10:25:59+00:00","twitter_card":"summary_large_image","twitter_misc":{"Tempo estimado de leitura":"1 minuto"},"schema":{"@context":"https:\/\/schema.org","@graph":[{"@type":"WebPage","@id":"https:\/\/www.heartfailurematters.org\/pt-pt\/o-que-pode-fazer\/vacinas\/","url":"https:\/\/www.heartfailurematters.org\/pt-pt\/o-que-pode-fazer\/vacinas\/","name":"Imuniza\u00e7\u00f5es","isPartOf":{"@id":"https:\/\/www.heartfailurematters.org\/pt-pt\/#website"},"datePublished":"2021-01-27T22:05:45+00:00","dateModified":"2025-12-05T10:25:59+00:00","description":"Cuidar de si pr\u00f3prio quando sofre de uma insufici\u00eancia card\u00edaca consiste principalmente em ficar bem. Saiba mais","breadcrumb":{"@id":"https:\/\/www.heartfailurematters.org\/pt-pt\/o-que-pode-fazer\/vacinas\/#breadcrumb"},"inLanguage":"pt-PT","potentialAction":[{"@type":"ReadAction","target":["https:\/\/www.heartfailurematters.org\/pt-pt\/o-que-pode-fazer\/vacinas\/"]}]},{"@type":"BreadcrumbList","@id":"https:\/\/www.heartfailurematters.org\/pt-pt\/o-que-pode-fazer\/vacinas\/#breadcrumb","itemListElement":[{"@type":"ListItem","position":1,"name":"P\u00e1gina inicial","item":"https:\/\/www.heartfailurematters.org\/pt-pt\/"},{"@type":"ListItem","position":2,"name":"O que pode fazer","item":"https:\/\/www.heartfailurematters.org\/pt-pt\/o-que-pode-fazer\/"},{"@type":"ListItem","position":3,"name":"Imuniza\u00e7\u00f5es"}]},{"@type":"WebSite","@id":"https:\/\/www.heartfailurematters.org\/pt-pt\/#website","url":"https:\/\/www.heartfailurematters.org\/pt-pt\/","name":"Heart Failure Matters","description":"Practical information for patients, families and caregivers.","publisher":{"@id":"https:\/\/www.heartfailurematters.org\/pt-pt\/#organization"},"potentialAction":[{"@type":"SearchAction","target":{"@type":"EntryPoint","urlTemplate":"https:\/\/www.heartfailurematters.org\/pt-pt\/?s={search_term_string}"},"query-input":{"@type":"PropertyValueSpecification","valueRequired":true,"valueName":"search_term_string"}}],"inLanguage":"pt-PT"},{"@type":"Organization","@id":"https:\/\/www.heartfailurematters.org\/pt-pt\/#organization","name":"Heart Failure Matters","url":"https:\/\/www.heartfailurematters.org\/pt-pt\/","logo":{"@type":"ImageObject","inLanguage":"pt-PT","@id":"https:\/\/www.heartfailurematters.org\/pt-pt\/#\/schema\/logo\/image\/","url":"https:\/\/cdn-endpoint-hfm.azureedge.net\/heartfailurematters\/2024\/07\/hfm-logo1.jpg","contentUrl":"https:\/\/cdn-endpoint-hfm.azureedge.net\/heartfailurematters\/2024\/07\/hfm-logo1.jpg","width":1280,"height":720,"caption":"Heart Failure Matters"},"image":{"@id":"https:\/\/www.heartfailurematters.org\/pt-pt\/#\/schema\/logo\/image\/"},"sameAs":["https:\/\/www.facebook.com\/heartfailurematters"]}]}},"_links":{"self":[{"href":"https:\/\/www.heartfailurematters.org\/pt-pt\/wp-json\/wp\/v2\/pages\/1931","targetHints":{"allow":["GET"]}}],"collection":[{"href":"https:\/\/www.heartfailurematters.org\/pt-pt\/wp-json\/wp\/v2\/pages"}],"about":[{"href":"https:\/\/www.heartfailurematters.org\/pt-pt\/wp-json\/wp\/v2\/types\/page"}],"author":[{"embeddable":true,"href":"https:\/\/www.heartfailurematters.org\/pt-pt\/wp-json\/wp\/v2\/users\/1"}],"replies":[{"embeddable":true,"href":"https:\/\/www.heartfailurematters.org\/pt-pt\/wp-json\/wp\/v2\/comments?post=1931"}],"version-history":[{"count":3,"href":"https:\/\/www.heartfailurematters.org\/pt-pt\/wp-json\/wp\/v2\/pages\/1931\/revisions"}],"predecessor-version":[{"id":13694,"href":"https:\/\/www.heartfailurematters.org\/pt-pt\/wp-json\/wp\/v2\/pages\/1931\/revisions\/13694"}],"up":[{"embeddable":true,"href":"https:\/\/www.heartfailurematters.org\/pt-pt\/wp-json\/wp\/v2\/pages\/2718"}],"wp:attachment":[{"href":"https:\/\/www.heartfailurematters.org\/pt-pt\/wp-json\/wp\/v2\/media?parent=1931"}],"wp:term":[{"taxonomy":"category","embeddable":true,"href":"https:\/\/www.heartfailurematters.org\/pt-pt\/wp-json\/wp\/v2\/categories?post=1931"},{"taxonomy":"post_tag","embeddable":true,"href":"https:\/\/www.heartfailurematters.org\/pt-pt\/wp-json\/wp\/v2\/tags?post=1931"}],"curies":[{"name":"wp","href":"https:\/\/api.w.org\/{rel}","templated":true}]}}