{"id":1923,"date":"2021-01-27T22:05:45","date_gmt":"2021-01-27T22:05:45","guid":{"rendered":"http:\/\/heartfailurematters.local:8888\/medir-a-propria-pressao-arterial-e-frequencia-cardiaca-pulsacao\/"},"modified":"2022-01-25T12:14:32","modified_gmt":"2022-01-25T12:14:32","slug":"medir-a-propria-pressao-arterial-e-frequencia-cardiaca-pulsacao","status":"publish","type":"page","link":"https:\/\/www.heartfailurematters.org\/pt-pt\/causas-de-insuficiencia-cardiaca-e-outras-condicoes-medicas-comuns\/medir-a-propria-pressao-arterial-e-frequencia-cardiaca-pulsacao\/","title":{"rendered":"Medir a pr\u00f3pria press\u00e3o arterial e frequ\u00eancia card\u00edaca (pulsa\u00e7\u00e3o)"},"content":{"rendered":"<p>O seu m\u00e9dico poder\u00e1 aconselh\u00e1-lo a medir regularmente a press\u00e3o arterial e a frequ\u00eancia card\u00edaca (pulsa\u00e7\u00e3o) em casa ou poder\u00e1 decidir faz\u00ea-lo por interesse pr\u00f3prio. De qualquer forma, \u00e9 importante que aprenda a fazer uma medi\u00e7\u00e3o precisa.<\/p>\n<h2>Porqu\u00ea?<\/h2>\n<p>A medi\u00e7\u00e3o da press\u00e3o arterial e pulsa\u00e7\u00e3o pode fazer com que sinta que controla melhor a sua doen\u00e7a e ter mais confian\u00e7a no tratamento que est\u00e1 a seguir. Os m\u00e9dicos e enfermeiros t\u00eam interesse em ver um registo bem organizado das suas medi\u00e7\u00f5es regulares da frequ\u00eancia card\u00edaca e press\u00e3o arterial. Este fornece informa\u00e7\u00f5es que ajudar\u00e3o o seu m\u00e9dico a ajustar o seu tratamento.<\/p>\n<p>Contudo, medir a press\u00e3o arterial em casa, tamb\u00e9m pode deix\u00e1-lo mais ansioso com a doen\u00e7a. Se assim for, tente resistir \u00e0 tenta\u00e7\u00e3o de fazer medi\u00e7\u00f5es com maior frequ\u00eancia do que o recomendado pelo seu m\u00e9dico. Este m\u00e9dico ir\u00e1 falar-lhe dos seus valores atuais de press\u00e3o arterial e frequ\u00eancia card\u00edaca e indicar quais os valores alvo que se pretende atingir com a ajuda do tratamento.<\/p>\n<h2>Como?<\/h2>\n<p>Os monitores de press\u00e3o arterial raramente est\u00e3o dispon\u00edveis gratuitamente no seu m\u00e9dico. No entanto, poder\u00e1 pedir um emprestado por um per\u00edodo de tempo. O seu m\u00e9dico poder\u00e1 aconselh\u00e1-lo sobre o melhor tipo de aparelho a comprar e dever\u00e1 pedir ao m\u00e9dico ou enfermeiro para verificar a precis\u00e3o e a sua capacidade para utiliz\u00e1-lo, antes de come\u00e7ar a fazer as suas pr\u00f3prias medi\u00e7\u00f5es.<\/p>\n<p>Pode medir a pulsa\u00e7\u00e3o facilmente em casa. Precisa apenas de um rel\u00f3gio com um ponteiro de segundos ou de um cron\u00f3metro digital. Num local calmo, afastado de distra\u00e7\u00f5es, sente-se, aguarde pelo menos 10 minutos (para garantir que obt\u00e9m uma pulsa\u00e7\u00e3o em repouso), conte a pulsa\u00e7\u00e3o colocando suavemente dois dedos no outro punho, abaixo do polegar, e conte\u00a0os batimentos durante 30 segundos (n\u00e3o use o polegar, porque poder\u00e1 sentir a pulsa\u00e7\u00e3o do mesmo). Em seguida, duplique o resultado para obter a pulsa\u00e7\u00e3o em repouso. Normalmente, esta situa-se entre os 60 e 100 batimentos por minuto.<\/p>\n","protected":false},"excerpt":{"rendered":"<p>O seu m\u00e9dico poder\u00e1 aconselh\u00e1-lo a medir regularmente a press\u00e3o arterial e a frequ\u00eancia card\u00edaca (pulsa\u00e7\u00e3o) em casa ou poder\u00e1 decidir faz\u00ea-lo por interesse pr\u00f3prio. De qualquer forma, \u00e9 importante que aprenda a fazer uma medi\u00e7\u00e3o precisa. Porqu\u00ea? A medi\u00e7\u00e3o da press\u00e3o arterial e pulsa\u00e7\u00e3o pode fazer com que sinta que controla melhor a sua [&hellip;]<\/p>\n","protected":false},"author":1,"featured_media":0,"parent":8057,"menu_order":0,"comment_status":"open","ping_status":"open","template":"","meta":{"_acf_changed":false,"footnotes":""},"categories":[],"tags":[],"class_list":["post-1923","page","type-page","status-publish","hentry"],"acf":[],"yoast_head":"<!-- This site is optimized with the Yoast SEO plugin v24.8.1 - https:\/\/yoast.com\/wordpress\/plugins\/seo\/ -->\n<title>Como medir a sua tens\u00e3o arterial e o pulso?<\/title>\n<meta name=\"description\" content=\"O seu m\u00e9dico pode aconselh\u00e1-lo a medir regularmente a press\u00e3o arterial e frequ\u00eancia card\u00edaca (pulsa\u00e7\u00e3o) em casa. Descubra aqui como pode faz\u00ea-lo\" \/>\n<meta name=\"robots\" content=\"index, follow, max-snippet:-1, max-image-preview:large, max-video-preview:-1\" \/>\n<link rel=\"canonical\" href=\"https:\/\/www.heartfailurematters.org\/pt-pt\/causas-de-insuficiencia-cardiaca-e-outras-condicoes-medicas-comuns\/medir-a-propria-pressao-arterial-e-frequencia-cardiaca-pulsacao\/\" \/>\n<meta property=\"og:locale\" content=\"pt_PT\" \/>\n<meta property=\"og:type\" content=\"article\" \/>\n<meta property=\"og:title\" content=\"Como medir a sua tens\u00e3o arterial e o pulso?\" \/>\n<meta property=\"og:description\" content=\"O seu m\u00e9dico pode aconselh\u00e1-lo a medir regularmente a press\u00e3o arterial e frequ\u00eancia card\u00edaca (pulsa\u00e7\u00e3o) em casa. Descubra aqui como pode faz\u00ea-lo\" \/>\n<meta property=\"og:url\" content=\"https:\/\/www.heartfailurematters.org\/pt-pt\/causas-de-insuficiencia-cardiaca-e-outras-condicoes-medicas-comuns\/medir-a-propria-pressao-arterial-e-frequencia-cardiaca-pulsacao\/\" \/>\n<meta property=\"og:site_name\" content=\"Heart Failure Matters\" \/>\n<meta property=\"article:publisher\" content=\"https:\/\/www.facebook.com\/heartfailurematters\" \/>\n<meta property=\"article:modified_time\" content=\"2022-01-25T12:14:32+00:00\" \/>\n<meta name=\"twitter:card\" content=\"summary_large_image\" \/>\n<meta name=\"twitter:label1\" content=\"Tempo estimado de leitura\" \/>\n\t<meta name=\"twitter:data1\" content=\"2 minutos\" \/>\n<script type=\"application\/ld+json\" class=\"yoast-schema-graph\">{\"@context\":\"https:\/\/schema.org\",\"@graph\":[{\"@type\":\"WebPage\",\"@id\":\"https:\/\/www.heartfailurematters.org\/pt-pt\/causas-de-insuficiencia-cardiaca-e-outras-condicoes-medicas-comuns\/medir-a-propria-pressao-arterial-e-frequencia-cardiaca-pulsacao\/\",\"url\":\"https:\/\/www.heartfailurematters.org\/pt-pt\/causas-de-insuficiencia-cardiaca-e-outras-condicoes-medicas-comuns\/medir-a-propria-pressao-arterial-e-frequencia-cardiaca-pulsacao\/\",\"name\":\"Como medir a sua tens\u00e3o arterial e o pulso?\",\"isPartOf\":{\"@id\":\"https:\/\/www.heartfailurematters.org\/pt-pt\/#website\"},\"datePublished\":\"2021-01-27T22:05:45+00:00\",\"dateModified\":\"2022-01-25T12:14:32+00:00\",\"description\":\"O seu m\u00e9dico pode aconselh\u00e1-lo a medir regularmente a press\u00e3o arterial e frequ\u00eancia card\u00edaca (pulsa\u00e7\u00e3o) em casa. Descubra aqui como pode faz\u00ea-lo\",\"breadcrumb\":{\"@id\":\"https:\/\/www.heartfailurematters.org\/pt-pt\/causas-de-insuficiencia-cardiaca-e-outras-condicoes-medicas-comuns\/medir-a-propria-pressao-arterial-e-frequencia-cardiaca-pulsacao\/#breadcrumb\"},\"inLanguage\":\"pt-PT\",\"potentialAction\":[{\"@type\":\"ReadAction\",\"target\":[\"https:\/\/www.heartfailurematters.org\/pt-pt\/causas-de-insuficiencia-cardiaca-e-outras-condicoes-medicas-comuns\/medir-a-propria-pressao-arterial-e-frequencia-cardiaca-pulsacao\/\"]}]},{\"@type\":\"BreadcrumbList\",\"@id\":\"https:\/\/www.heartfailurematters.org\/pt-pt\/causas-de-insuficiencia-cardiaca-e-outras-condicoes-medicas-comuns\/medir-a-propria-pressao-arterial-e-frequencia-cardiaca-pulsacao\/#breadcrumb\",\"itemListElement\":[{\"@type\":\"ListItem\",\"position\":1,\"name\":\"P\u00e1gina inicial\",\"item\":\"https:\/\/www.heartfailurematters.org\/pt-pt\/\"},{\"@type\":\"ListItem\",\"position\":2,\"name\":\"Causas de insufici\u00eancia card\u00edaca e outras condi\u00e7\u00f5es m\u00e9dicas comuns\",\"item\":\"https:\/\/www.heartfailurematters.org\/pt-pt\/causas-de-insuficiencia-cardiaca-e-outras-condicoes-medicas-comuns\/\"},{\"@type\":\"ListItem\",\"position\":3,\"name\":\"Medir a pr\u00f3pria press\u00e3o arterial e frequ\u00eancia card\u00edaca (pulsa\u00e7\u00e3o)\"}]},{\"@type\":\"WebSite\",\"@id\":\"https:\/\/www.heartfailurematters.org\/pt-pt\/#website\",\"url\":\"https:\/\/www.heartfailurematters.org\/pt-pt\/\",\"name\":\"Heart Failure Matters\",\"description\":\"Practical information for patients, families and caregivers.\",\"publisher\":{\"@id\":\"https:\/\/www.heartfailurematters.org\/pt-pt\/#organization\"},\"potentialAction\":[{\"@type\":\"SearchAction\",\"target\":{\"@type\":\"EntryPoint\",\"urlTemplate\":\"https:\/\/www.heartfailurematters.org\/pt-pt\/?s={search_term_string}\"},\"query-input\":{\"@type\":\"PropertyValueSpecification\",\"valueRequired\":true,\"valueName\":\"search_term_string\"}}],\"inLanguage\":\"pt-PT\"},{\"@type\":\"Organization\",\"@id\":\"https:\/\/www.heartfailurematters.org\/pt-pt\/#organization\",\"name\":\"Heart Failure Matters\",\"url\":\"https:\/\/www.heartfailurematters.org\/pt-pt\/\",\"logo\":{\"@type\":\"ImageObject\",\"inLanguage\":\"pt-PT\",\"@id\":\"https:\/\/www.heartfailurematters.org\/pt-pt\/#\/schema\/logo\/image\/\",\"url\":\"https:\/\/cdn-endpoint-hfm.azureedge.net\/heartfailurematters\/2024\/07\/hfm-logo1.jpg\",\"contentUrl\":\"https:\/\/cdn-endpoint-hfm.azureedge.net\/heartfailurematters\/2024\/07\/hfm-logo1.jpg\",\"width\":1280,\"height\":720,\"caption\":\"Heart Failure Matters\"},\"image\":{\"@id\":\"https:\/\/www.heartfailurematters.org\/pt-pt\/#\/schema\/logo\/image\/\"},\"sameAs\":[\"https:\/\/www.facebook.com\/heartfailurematters\"]}]}<\/script>\n<!-- \/ Yoast SEO plugin. -->","yoast_head_json":{"title":"Como medir a sua tens\u00e3o arterial e o pulso?","description":"O seu m\u00e9dico pode aconselh\u00e1-lo a medir regularmente a press\u00e3o arterial e frequ\u00eancia card\u00edaca (pulsa\u00e7\u00e3o) em casa. Descubra aqui como pode faz\u00ea-lo","robots":{"index":"index","follow":"follow","max-snippet":"max-snippet:-1","max-image-preview":"max-image-preview:large","max-video-preview":"max-video-preview:-1"},"canonical":"https:\/\/www.heartfailurematters.org\/pt-pt\/causas-de-insuficiencia-cardiaca-e-outras-condicoes-medicas-comuns\/medir-a-propria-pressao-arterial-e-frequencia-cardiaca-pulsacao\/","og_locale":"pt_PT","og_type":"article","og_title":"Como medir a sua tens\u00e3o arterial e o pulso?","og_description":"O seu m\u00e9dico pode aconselh\u00e1-lo a medir regularmente a press\u00e3o arterial e frequ\u00eancia card\u00edaca (pulsa\u00e7\u00e3o) em casa. Descubra aqui como pode faz\u00ea-lo","og_url":"https:\/\/www.heartfailurematters.org\/pt-pt\/causas-de-insuficiencia-cardiaca-e-outras-condicoes-medicas-comuns\/medir-a-propria-pressao-arterial-e-frequencia-cardiaca-pulsacao\/","og_site_name":"Heart Failure Matters","article_publisher":"https:\/\/www.facebook.com\/heartfailurematters","article_modified_time":"2022-01-25T12:14:32+00:00","twitter_card":"summary_large_image","twitter_misc":{"Tempo estimado de leitura":"2 minutos"},"schema":{"@context":"https:\/\/schema.org","@graph":[{"@type":"WebPage","@id":"https:\/\/www.heartfailurematters.org\/pt-pt\/causas-de-insuficiencia-cardiaca-e-outras-condicoes-medicas-comuns\/medir-a-propria-pressao-arterial-e-frequencia-cardiaca-pulsacao\/","url":"https:\/\/www.heartfailurematters.org\/pt-pt\/causas-de-insuficiencia-cardiaca-e-outras-condicoes-medicas-comuns\/medir-a-propria-pressao-arterial-e-frequencia-cardiaca-pulsacao\/","name":"Como medir a sua tens\u00e3o arterial e o pulso?","isPartOf":{"@id":"https:\/\/www.heartfailurematters.org\/pt-pt\/#website"},"datePublished":"2021-01-27T22:05:45+00:00","dateModified":"2022-01-25T12:14:32+00:00","description":"O seu m\u00e9dico pode aconselh\u00e1-lo a medir regularmente a press\u00e3o arterial e frequ\u00eancia card\u00edaca (pulsa\u00e7\u00e3o) em casa. Descubra aqui como pode faz\u00ea-lo","breadcrumb":{"@id":"https:\/\/www.heartfailurematters.org\/pt-pt\/causas-de-insuficiencia-cardiaca-e-outras-condicoes-medicas-comuns\/medir-a-propria-pressao-arterial-e-frequencia-cardiaca-pulsacao\/#breadcrumb"},"inLanguage":"pt-PT","potentialAction":[{"@type":"ReadAction","target":["https:\/\/www.heartfailurematters.org\/pt-pt\/causas-de-insuficiencia-cardiaca-e-outras-condicoes-medicas-comuns\/medir-a-propria-pressao-arterial-e-frequencia-cardiaca-pulsacao\/"]}]},{"@type":"BreadcrumbList","@id":"https:\/\/www.heartfailurematters.org\/pt-pt\/causas-de-insuficiencia-cardiaca-e-outras-condicoes-medicas-comuns\/medir-a-propria-pressao-arterial-e-frequencia-cardiaca-pulsacao\/#breadcrumb","itemListElement":[{"@type":"ListItem","position":1,"name":"P\u00e1gina inicial","item":"https:\/\/www.heartfailurematters.org\/pt-pt\/"},{"@type":"ListItem","position":2,"name":"Causas de insufici\u00eancia card\u00edaca e outras condi\u00e7\u00f5es m\u00e9dicas comuns","item":"https:\/\/www.heartfailurematters.org\/pt-pt\/causas-de-insuficiencia-cardiaca-e-outras-condicoes-medicas-comuns\/"},{"@type":"ListItem","position":3,"name":"Medir a pr\u00f3pria press\u00e3o arterial e frequ\u00eancia card\u00edaca (pulsa\u00e7\u00e3o)"}]},{"@type":"WebSite","@id":"https:\/\/www.heartfailurematters.org\/pt-pt\/#website","url":"https:\/\/www.heartfailurematters.org\/pt-pt\/","name":"Heart Failure Matters","description":"Practical information for patients, families and caregivers.","publisher":{"@id":"https:\/\/www.heartfailurematters.org\/pt-pt\/#organization"},"potentialAction":[{"@type":"SearchAction","target":{"@type":"EntryPoint","urlTemplate":"https:\/\/www.heartfailurematters.org\/pt-pt\/?s={search_term_string}"},"query-input":{"@type":"PropertyValueSpecification","valueRequired":true,"valueName":"search_term_string"}}],"inLanguage":"pt-PT"},{"@type":"Organization","@id":"https:\/\/www.heartfailurematters.org\/pt-pt\/#organization","name":"Heart Failure Matters","url":"https:\/\/www.heartfailurematters.org\/pt-pt\/","logo":{"@type":"ImageObject","inLanguage":"pt-PT","@id":"https:\/\/www.heartfailurematters.org\/pt-pt\/#\/schema\/logo\/image\/","url":"https:\/\/cdn-endpoint-hfm.azureedge.net\/heartfailurematters\/2024\/07\/hfm-logo1.jpg","contentUrl":"https:\/\/cdn-endpoint-hfm.azureedge.net\/heartfailurematters\/2024\/07\/hfm-logo1.jpg","width":1280,"height":720,"caption":"Heart Failure Matters"},"image":{"@id":"https:\/\/www.heartfailurematters.org\/pt-pt\/#\/schema\/logo\/image\/"},"sameAs":["https:\/\/www.facebook.com\/heartfailurematters"]}]}},"_links":{"self":[{"href":"https:\/\/www.heartfailurematters.org\/pt-pt\/wp-json\/wp\/v2\/pages\/1923","targetHints":{"allow":["GET"]}}],"collection":[{"href":"https:\/\/www.heartfailurematters.org\/pt-pt\/wp-json\/wp\/v2\/pages"}],"about":[{"href":"https:\/\/www.heartfailurematters.org\/pt-pt\/wp-json\/wp\/v2\/types\/page"}],"author":[{"embeddable":true,"href":"https:\/\/www.heartfailurematters.org\/pt-pt\/wp-json\/wp\/v2\/users\/1"}],"replies":[{"embeddable":true,"href":"https:\/\/www.heartfailurematters.org\/pt-pt\/wp-json\/wp\/v2\/comments?post=1923"}],"version-history":[{"count":2,"href":"https:\/\/www.heartfailurematters.org\/pt-pt\/wp-json\/wp\/v2\/pages\/1923\/revisions"}],"predecessor-version":[{"id":10412,"href":"https:\/\/www.heartfailurematters.org\/pt-pt\/wp-json\/wp\/v2\/pages\/1923\/revisions\/10412"}],"up":[{"embeddable":true,"href":"https:\/\/www.heartfailurematters.org\/pt-pt\/wp-json\/wp\/v2\/pages\/8057"}],"wp:attachment":[{"href":"https:\/\/www.heartfailurematters.org\/pt-pt\/wp-json\/wp\/v2\/media?parent=1923"}],"wp:term":[{"taxonomy":"category","embeddable":true,"href":"https:\/\/www.heartfailurematters.org\/pt-pt\/wp-json\/wp\/v2\/categories?post=1923"},{"taxonomy":"post_tag","embeddable":true,"href":"https:\/\/www.heartfailurematters.org\/pt-pt\/wp-json\/wp\/v2\/tags?post=1923"}],"curies":[{"name":"wp","href":"https:\/\/api.w.org\/{rel}","templated":true}]}}