{"id":1921,"date":"2021-01-27T22:05:45","date_gmt":"2021-01-27T22:05:45","guid":{"rendered":"http:\/\/heartfailurematters.local:8888\/doenca-renal-e-insuficiencia-renal\/"},"modified":"2025-12-05T10:26:00","modified_gmt":"2025-12-05T10:26:00","slug":"doenca-renal-e-insuficiencia-renal","status":"publish","type":"page","link":"https:\/\/www.heartfailurematters.org\/pt-pt\/causas-de-insuficiencia-cardiaca-e-outras-condicoes-medicas-comuns\/doenca-renal-e-insuficiencia-renal\/","title":{"rendered":"Doen\u00e7a renal cr\u00f3nica"},"content":{"rendered":"<p>Os rins s\u00e3o dois \u00f3rg\u00e3os em forma de feij\u00e3o com cerca de 10 a 12 cent\u00edmetros (do tamanho de um punho fechado), situados de cada lado da coluna vertebral, abaixo do par de costelas inferiores.<\/p>\n<p>Os rins t\u00eam tr\u00eas fun\u00e7\u00f5es, primeiramente s\u00e3o a unidade de purifica\u00e7\u00e3o do organismo, em segundo lugar s\u00e3o o conjunto de filtros do corpo e por \u00faltimo s\u00e3o a esta\u00e7\u00e3o de controlo do organismo.<\/p>\n<h2>Unidade de purifica\u00e7\u00e3o<\/h2>\n<p>Os rins trabalham incessantemente para limpar o sangue de subst\u00e2ncias n\u00e3o saud\u00e1veis. Mais de um litro de sangue flui por eles em poucos minutos, sendo filtrados por dia cerca de 180 litros de l\u00edquido corporal. Uma pessoa saud\u00e1vel produz entre um e tr\u00eas litros de urina por dia. A urina cont\u00e9m \u201cres\u00edduos\u201d, incluindo toxinas, res\u00edduos de medicamentos e res\u00edduos dos alimentos que ingerimos. Se a fun\u00e7\u00e3o renal tiver problemas, os n\u00edveis de res\u00edduos no organismo podem acumular-se e originar uma acumula\u00e7\u00e3o no sangue (uremia).<\/p>\n<h2>Unidade de filtragem<\/h2>\n<p>Em cada rim, h\u00e1 cerca de um milh\u00e3o de pequenas unidades produtoras de urina, os chamados nefr\u00f3ns. Cada nefr\u00f3n \u00e9 constitu\u00eddo por um emaranhado de vasos sangu\u00edneos, o glom\u00e9rulo, e um canal renal, o t\u00fabulo. O glom\u00e9rulo \u00e9 uma &#8220;unidade de filtragem&#8221; microsc\u00f3pica cuja tarefa \u00e9 limpar o sangue de res\u00edduos. Os t\u00fabulos podem ser comparados a &#8220;canos de esgoto&#8221;, por onde se drenam o excesso de l\u00edquido e res\u00edduos que foram filtrados. Cada n\u00e9fron est\u00e1 ligado a canais renais maiores. A partir da\u00ed, a urina avan\u00e7a para os ureteres e depois para a bexiga. Todas as subst\u00e2ncias importantes que devem permanecer no organismo s\u00e3o separadas no processo de filtra\u00e7\u00e3o e devolvidas ao sangue.<\/p>\n<h2>Esta\u00e7\u00e3o de controlo<\/h2>\n<p>A fun\u00e7\u00e3o dos rins consiste em produzir subst\u00e2ncias e regular processos. Os rins garantem que as c\u00e9lulas funcionam regulando o grau de sal e acidez no sangue e controlam o n\u00edvel de absor\u00e7\u00e3o ou secre\u00e7\u00e3o do organismo, entre outras coisas, de i\u00f5es de hidrog\u00e9nio, s\u00f3dio e pot\u00e1ssio.<\/p>\n<p>Os rins produzem duas hormonas importantes: a eritropoietina, uma hormona que estimula a produ\u00e7\u00e3o de gl\u00f3bulos vermelhos na medula \u00f3ssea e a renina, que regula a resist\u00eancia e o tonus dos vasos sangu\u00edneos e, consequentemente, a press\u00e3o arterial. Os rins tamb\u00e9m s\u00e3o importantes para a estrutura \u00f3ssea. O c\u00e1lcio que obtemos atrav\u00e9s dos alimentos s\u00f3 pode ser absorvido no intestino utilizando vitamina D, que \u00e9 formada na pele pelo sol e ativada pelos rins.<\/p>\n<p>O rim depende da contra\u00e7\u00e3o e relaxamento adequados do cora\u00e7\u00e3o para manter o fluxo sangu\u00edneo renal. Por isso, a intera\u00e7\u00e3o entre o cora\u00e7\u00e3o e o rim pode muitas vezes ser perturbada em caso de insufici\u00eancia card\u00edaca. A insufici\u00eancia card\u00edaca e a doen\u00e7a renal cr\u00f3nica coexistem frequentemente e partilham fatores de risco comuns no seu desenvolvimento. Uma fun\u00e7\u00e3o renal comprometida est\u00e1 associada a um risco acrescido de resultados adversos. Ter uma doen\u00e7a card\u00edaca e renal simultaneamente pode piorar o progn\u00f3stico e esses pacientes precisam de acompanhamento cuidadoso.<br \/>\nUma vez que muitos dos medicamentos para insufici\u00eancia card\u00edaca t\u00eam efeitos diretos importantes na fun\u00e7\u00e3o renal, \u00e9 importante que a sua fun\u00e7\u00e3o renal seja verificada regularmente (principalmente atrav\u00e9s de an\u00e1lises laboratoriais) pelos seus prestadores de cuidados de sa\u00fade durante o tratamento da insufici\u00eancia card\u00edaca aguda e cr\u00f3nica.<\/p>\n<p>Al\u00e9m disso, existem v\u00e1rios medicamentos para a disfun\u00e7\u00e3o renal que podem ser utilizados com seguran\u00e7a em doentes com insufici\u00eancia card\u00edaca ou t\u00eam at\u00e9 propriedades nefroprotetoras. Consulte o seu m\u00e9dico.<\/p>\n<p><a href=\"https:\/\/www.heartfailurematters.org\/heart-failure-causes-and-other-common-medical-conditions\/other-common-medical-conditions-and-heart-failure\/\">Voltar a Outras condi\u00e7\u00f5es m\u00e9dicas comuns e insufici\u00eancia card\u00edaca<\/a><\/p>\n<p>&nbsp;<\/p>\n<p>&nbsp;<\/p>\n","protected":false},"excerpt":{"rendered":"<p>Os rins s\u00e3o dois \u00f3rg\u00e3os em forma de feij\u00e3o com cerca de 10 a 12 cent\u00edmetros (do tamanho de um punho fechado), situados de cada lado da coluna vertebral, abaixo do par de costelas inferiores. Os rins t\u00eam tr\u00eas fun\u00e7\u00f5es, primeiramente s\u00e3o a unidade de purifica\u00e7\u00e3o do organismo, em segundo lugar s\u00e3o o conjunto de [&hellip;]<\/p>\n","protected":false},"author":1,"featured_media":10770,"parent":8057,"menu_order":12,"comment_status":"open","ping_status":"open","template":"","meta":{"_acf_changed":false,"footnotes":""},"categories":[],"tags":[],"class_list":["post-1921","page","type-page","status-publish","has-post-thumbnail","hentry"],"acf":[],"yoast_head":"<!-- This site is optimized with the Yoast SEO plugin v24.8.1 - https:\/\/yoast.com\/wordpress\/plugins\/seo\/ -->\n<title>Doen\u00e7a renal\/insufici\u00eancia renal<\/title>\n<meta name=\"description\" content=\"Os rins tentam compensar a insufici\u00eancia card\u00edaca retendo sal e \u00e1gua, aumentando assim o volume de sangue em circula\u00e7\u00e3o.\" \/>\n<meta name=\"robots\" content=\"index, follow, max-snippet:-1, max-image-preview:large, max-video-preview:-1\" \/>\n<link rel=\"canonical\" href=\"https:\/\/www.heartfailurematters.org\/pt-pt\/causas-de-insuficiencia-cardiaca-e-outras-condicoes-medicas-comuns\/doenca-renal-e-insuficiencia-renal\/\" \/>\n<meta property=\"og:locale\" content=\"pt_PT\" \/>\n<meta property=\"og:type\" content=\"article\" \/>\n<meta property=\"og:title\" content=\"Doen\u00e7a renal\/insufici\u00eancia renal\" \/>\n<meta property=\"og:description\" content=\"Os rins tentam compensar a insufici\u00eancia card\u00edaca retendo sal e \u00e1gua, aumentando assim o volume de sangue em circula\u00e7\u00e3o.\" \/>\n<meta property=\"og:url\" content=\"https:\/\/www.heartfailurematters.org\/pt-pt\/causas-de-insuficiencia-cardiaca-e-outras-condicoes-medicas-comuns\/doenca-renal-e-insuficiencia-renal\/\" \/>\n<meta property=\"og:site_name\" content=\"Heart Failure Matters\" \/>\n<meta property=\"article:publisher\" content=\"https:\/\/www.facebook.com\/heartfailurematters\" \/>\n<meta property=\"article:modified_time\" content=\"2025-12-05T10:26:00+00:00\" \/>\n<meta property=\"og:image\" content=\"https:\/\/www.heartfailurematters.org\/wp-content\/uploads\/2022\/03\/shutterstock_1988696597-1-min.jpg\" \/>\n\t<meta property=\"og:image:width\" content=\"900\" \/>\n\t<meta property=\"og:image:height\" content=\"600\" \/>\n\t<meta property=\"og:image:type\" content=\"image\/jpeg\" \/>\n<meta name=\"twitter:card\" content=\"summary_large_image\" \/>\n<meta name=\"twitter:label1\" content=\"Tempo estimado de leitura\" \/>\n\t<meta name=\"twitter:data1\" content=\"3 minutos\" \/>\n<script type=\"application\/ld+json\" class=\"yoast-schema-graph\">{\"@context\":\"https:\/\/schema.org\",\"@graph\":[{\"@type\":\"WebPage\",\"@id\":\"https:\/\/www.heartfailurematters.org\/pt-pt\/causas-de-insuficiencia-cardiaca-e-outras-condicoes-medicas-comuns\/doenca-renal-e-insuficiencia-renal\/\",\"url\":\"https:\/\/www.heartfailurematters.org\/pt-pt\/causas-de-insuficiencia-cardiaca-e-outras-condicoes-medicas-comuns\/doenca-renal-e-insuficiencia-renal\/\",\"name\":\"Doen\u00e7a renal\/insufici\u00eancia renal\",\"isPartOf\":{\"@id\":\"https:\/\/www.heartfailurematters.org\/pt-pt\/#website\"},\"primaryImageOfPage\":{\"@id\":\"https:\/\/www.heartfailurematters.org\/pt-pt\/causas-de-insuficiencia-cardiaca-e-outras-condicoes-medicas-comuns\/doenca-renal-e-insuficiencia-renal\/#primaryimage\"},\"image\":{\"@id\":\"https:\/\/www.heartfailurematters.org\/pt-pt\/causas-de-insuficiencia-cardiaca-e-outras-condicoes-medicas-comuns\/doenca-renal-e-insuficiencia-renal\/#primaryimage\"},\"thumbnailUrl\":\"https:\/\/www.heartfailurematters.org\/wp-content\/uploads\/2022\/03\/shutterstock_1988696597-1-min.jpg\",\"datePublished\":\"2021-01-27T22:05:45+00:00\",\"dateModified\":\"2025-12-05T10:26:00+00:00\",\"description\":\"Os rins tentam compensar a insufici\u00eancia card\u00edaca retendo sal e \u00e1gua, aumentando assim o volume de sangue em circula\u00e7\u00e3o.\",\"breadcrumb\":{\"@id\":\"https:\/\/www.heartfailurematters.org\/pt-pt\/causas-de-insuficiencia-cardiaca-e-outras-condicoes-medicas-comuns\/doenca-renal-e-insuficiencia-renal\/#breadcrumb\"},\"inLanguage\":\"pt-PT\",\"potentialAction\":[{\"@type\":\"ReadAction\",\"target\":[\"https:\/\/www.heartfailurematters.org\/pt-pt\/causas-de-insuficiencia-cardiaca-e-outras-condicoes-medicas-comuns\/doenca-renal-e-insuficiencia-renal\/\"]}]},{\"@type\":\"ImageObject\",\"inLanguage\":\"pt-PT\",\"@id\":\"https:\/\/www.heartfailurematters.org\/pt-pt\/causas-de-insuficiencia-cardiaca-e-outras-condicoes-medicas-comuns\/doenca-renal-e-insuficiencia-renal\/#primaryimage\",\"url\":\"https:\/\/www.heartfailurematters.org\/wp-content\/uploads\/2022\/03\/shutterstock_1988696597-1-min.jpg\",\"contentUrl\":\"https:\/\/www.heartfailurematters.org\/wp-content\/uploads\/2022\/03\/shutterstock_1988696597-1-min.jpg\",\"width\":900,\"height\":600},{\"@type\":\"BreadcrumbList\",\"@id\":\"https:\/\/www.heartfailurematters.org\/pt-pt\/causas-de-insuficiencia-cardiaca-e-outras-condicoes-medicas-comuns\/doenca-renal-e-insuficiencia-renal\/#breadcrumb\",\"itemListElement\":[{\"@type\":\"ListItem\",\"position\":1,\"name\":\"P\u00e1gina inicial\",\"item\":\"https:\/\/www.heartfailurematters.org\/pt-pt\/\"},{\"@type\":\"ListItem\",\"position\":2,\"name\":\"Causas de insufici\u00eancia card\u00edaca e outras condi\u00e7\u00f5es m\u00e9dicas comuns\",\"item\":\"https:\/\/www.heartfailurematters.org\/pt-pt\/causas-de-insuficiencia-cardiaca-e-outras-condicoes-medicas-comuns\/\"},{\"@type\":\"ListItem\",\"position\":3,\"name\":\"Doen\u00e7a renal cr\u00f3nica\"}]},{\"@type\":\"WebSite\",\"@id\":\"https:\/\/www.heartfailurematters.org\/pt-pt\/#website\",\"url\":\"https:\/\/www.heartfailurematters.org\/pt-pt\/\",\"name\":\"Heart Failure Matters\",\"description\":\"Practical information for patients, families and caregivers.\",\"publisher\":{\"@id\":\"https:\/\/www.heartfailurematters.org\/pt-pt\/#organization\"},\"potentialAction\":[{\"@type\":\"SearchAction\",\"target\":{\"@type\":\"EntryPoint\",\"urlTemplate\":\"https:\/\/www.heartfailurematters.org\/pt-pt\/?s={search_term_string}\"},\"query-input\":{\"@type\":\"PropertyValueSpecification\",\"valueRequired\":true,\"valueName\":\"search_term_string\"}}],\"inLanguage\":\"pt-PT\"},{\"@type\":\"Organization\",\"@id\":\"https:\/\/www.heartfailurematters.org\/pt-pt\/#organization\",\"name\":\"Heart Failure Matters\",\"url\":\"https:\/\/www.heartfailurematters.org\/pt-pt\/\",\"logo\":{\"@type\":\"ImageObject\",\"inLanguage\":\"pt-PT\",\"@id\":\"https:\/\/www.heartfailurematters.org\/pt-pt\/#\/schema\/logo\/image\/\",\"url\":\"https:\/\/cdn-endpoint-hfm.azureedge.net\/heartfailurematters\/2024\/07\/hfm-logo1.jpg\",\"contentUrl\":\"https:\/\/cdn-endpoint-hfm.azureedge.net\/heartfailurematters\/2024\/07\/hfm-logo1.jpg\",\"width\":1280,\"height\":720,\"caption\":\"Heart Failure Matters\"},\"image\":{\"@id\":\"https:\/\/www.heartfailurematters.org\/pt-pt\/#\/schema\/logo\/image\/\"},\"sameAs\":[\"https:\/\/www.facebook.com\/heartfailurematters\"]}]}<\/script>\n<!-- \/ Yoast SEO plugin. -->","yoast_head_json":{"title":"Doen\u00e7a renal\/insufici\u00eancia renal","description":"Os rins tentam compensar a insufici\u00eancia card\u00edaca retendo sal e \u00e1gua, aumentando assim o volume de sangue em circula\u00e7\u00e3o.","robots":{"index":"index","follow":"follow","max-snippet":"max-snippet:-1","max-image-preview":"max-image-preview:large","max-video-preview":"max-video-preview:-1"},"canonical":"https:\/\/www.heartfailurematters.org\/pt-pt\/causas-de-insuficiencia-cardiaca-e-outras-condicoes-medicas-comuns\/doenca-renal-e-insuficiencia-renal\/","og_locale":"pt_PT","og_type":"article","og_title":"Doen\u00e7a renal\/insufici\u00eancia renal","og_description":"Os rins tentam compensar a insufici\u00eancia card\u00edaca retendo sal e \u00e1gua, aumentando assim o volume de sangue em circula\u00e7\u00e3o.","og_url":"https:\/\/www.heartfailurematters.org\/pt-pt\/causas-de-insuficiencia-cardiaca-e-outras-condicoes-medicas-comuns\/doenca-renal-e-insuficiencia-renal\/","og_site_name":"Heart Failure Matters","article_publisher":"https:\/\/www.facebook.com\/heartfailurematters","article_modified_time":"2025-12-05T10:26:00+00:00","og_image":[{"width":900,"height":600,"url":"https:\/\/www.heartfailurematters.org\/wp-content\/uploads\/2022\/03\/shutterstock_1988696597-1-min.jpg","type":"image\/jpeg"}],"twitter_card":"summary_large_image","twitter_misc":{"Tempo estimado de leitura":"3 minutos"},"schema":{"@context":"https:\/\/schema.org","@graph":[{"@type":"WebPage","@id":"https:\/\/www.heartfailurematters.org\/pt-pt\/causas-de-insuficiencia-cardiaca-e-outras-condicoes-medicas-comuns\/doenca-renal-e-insuficiencia-renal\/","url":"https:\/\/www.heartfailurematters.org\/pt-pt\/causas-de-insuficiencia-cardiaca-e-outras-condicoes-medicas-comuns\/doenca-renal-e-insuficiencia-renal\/","name":"Doen\u00e7a renal\/insufici\u00eancia renal","isPartOf":{"@id":"https:\/\/www.heartfailurematters.org\/pt-pt\/#website"},"primaryImageOfPage":{"@id":"https:\/\/www.heartfailurematters.org\/pt-pt\/causas-de-insuficiencia-cardiaca-e-outras-condicoes-medicas-comuns\/doenca-renal-e-insuficiencia-renal\/#primaryimage"},"image":{"@id":"https:\/\/www.heartfailurematters.org\/pt-pt\/causas-de-insuficiencia-cardiaca-e-outras-condicoes-medicas-comuns\/doenca-renal-e-insuficiencia-renal\/#primaryimage"},"thumbnailUrl":"https:\/\/www.heartfailurematters.org\/wp-content\/uploads\/2022\/03\/shutterstock_1988696597-1-min.jpg","datePublished":"2021-01-27T22:05:45+00:00","dateModified":"2025-12-05T10:26:00+00:00","description":"Os rins tentam compensar a insufici\u00eancia card\u00edaca retendo sal e \u00e1gua, aumentando assim o volume de sangue em circula\u00e7\u00e3o.","breadcrumb":{"@id":"https:\/\/www.heartfailurematters.org\/pt-pt\/causas-de-insuficiencia-cardiaca-e-outras-condicoes-medicas-comuns\/doenca-renal-e-insuficiencia-renal\/#breadcrumb"},"inLanguage":"pt-PT","potentialAction":[{"@type":"ReadAction","target":["https:\/\/www.heartfailurematters.org\/pt-pt\/causas-de-insuficiencia-cardiaca-e-outras-condicoes-medicas-comuns\/doenca-renal-e-insuficiencia-renal\/"]}]},{"@type":"ImageObject","inLanguage":"pt-PT","@id":"https:\/\/www.heartfailurematters.org\/pt-pt\/causas-de-insuficiencia-cardiaca-e-outras-condicoes-medicas-comuns\/doenca-renal-e-insuficiencia-renal\/#primaryimage","url":"https:\/\/www.heartfailurematters.org\/wp-content\/uploads\/2022\/03\/shutterstock_1988696597-1-min.jpg","contentUrl":"https:\/\/www.heartfailurematters.org\/wp-content\/uploads\/2022\/03\/shutterstock_1988696597-1-min.jpg","width":900,"height":600},{"@type":"BreadcrumbList","@id":"https:\/\/www.heartfailurematters.org\/pt-pt\/causas-de-insuficiencia-cardiaca-e-outras-condicoes-medicas-comuns\/doenca-renal-e-insuficiencia-renal\/#breadcrumb","itemListElement":[{"@type":"ListItem","position":1,"name":"P\u00e1gina inicial","item":"https:\/\/www.heartfailurematters.org\/pt-pt\/"},{"@type":"ListItem","position":2,"name":"Causas de insufici\u00eancia card\u00edaca e outras condi\u00e7\u00f5es m\u00e9dicas comuns","item":"https:\/\/www.heartfailurematters.org\/pt-pt\/causas-de-insuficiencia-cardiaca-e-outras-condicoes-medicas-comuns\/"},{"@type":"ListItem","position":3,"name":"Doen\u00e7a renal cr\u00f3nica"}]},{"@type":"WebSite","@id":"https:\/\/www.heartfailurematters.org\/pt-pt\/#website","url":"https:\/\/www.heartfailurematters.org\/pt-pt\/","name":"Heart Failure Matters","description":"Practical information for patients, families and caregivers.","publisher":{"@id":"https:\/\/www.heartfailurematters.org\/pt-pt\/#organization"},"potentialAction":[{"@type":"SearchAction","target":{"@type":"EntryPoint","urlTemplate":"https:\/\/www.heartfailurematters.org\/pt-pt\/?s={search_term_string}"},"query-input":{"@type":"PropertyValueSpecification","valueRequired":true,"valueName":"search_term_string"}}],"inLanguage":"pt-PT"},{"@type":"Organization","@id":"https:\/\/www.heartfailurematters.org\/pt-pt\/#organization","name":"Heart Failure Matters","url":"https:\/\/www.heartfailurematters.org\/pt-pt\/","logo":{"@type":"ImageObject","inLanguage":"pt-PT","@id":"https:\/\/www.heartfailurematters.org\/pt-pt\/#\/schema\/logo\/image\/","url":"https:\/\/cdn-endpoint-hfm.azureedge.net\/heartfailurematters\/2024\/07\/hfm-logo1.jpg","contentUrl":"https:\/\/cdn-endpoint-hfm.azureedge.net\/heartfailurematters\/2024\/07\/hfm-logo1.jpg","width":1280,"height":720,"caption":"Heart Failure Matters"},"image":{"@id":"https:\/\/www.heartfailurematters.org\/pt-pt\/#\/schema\/logo\/image\/"},"sameAs":["https:\/\/www.facebook.com\/heartfailurematters"]}]}},"_links":{"self":[{"href":"https:\/\/www.heartfailurematters.org\/pt-pt\/wp-json\/wp\/v2\/pages\/1921","targetHints":{"allow":["GET"]}}],"collection":[{"href":"https:\/\/www.heartfailurematters.org\/pt-pt\/wp-json\/wp\/v2\/pages"}],"about":[{"href":"https:\/\/www.heartfailurematters.org\/pt-pt\/wp-json\/wp\/v2\/types\/page"}],"author":[{"embeddable":true,"href":"https:\/\/www.heartfailurematters.org\/pt-pt\/wp-json\/wp\/v2\/users\/1"}],"replies":[{"embeddable":true,"href":"https:\/\/www.heartfailurematters.org\/pt-pt\/wp-json\/wp\/v2\/comments?post=1921"}],"version-history":[{"count":4,"href":"https:\/\/www.heartfailurematters.org\/pt-pt\/wp-json\/wp\/v2\/pages\/1921\/revisions"}],"predecessor-version":[{"id":13696,"href":"https:\/\/www.heartfailurematters.org\/pt-pt\/wp-json\/wp\/v2\/pages\/1921\/revisions\/13696"}],"up":[{"embeddable":true,"href":"https:\/\/www.heartfailurematters.org\/pt-pt\/wp-json\/wp\/v2\/pages\/8057"}],"wp:featuredmedia":[{"embeddable":true,"href":"https:\/\/www.heartfailurematters.org\/pt-pt\/wp-json\/wp\/v2\/media\/10770"}],"wp:attachment":[{"href":"https:\/\/www.heartfailurematters.org\/pt-pt\/wp-json\/wp\/v2\/media?parent=1921"}],"wp:term":[{"taxonomy":"category","embeddable":true,"href":"https:\/\/www.heartfailurematters.org\/pt-pt\/wp-json\/wp\/v2\/categories?post=1921"},{"taxonomy":"post_tag","embeddable":true,"href":"https:\/\/www.heartfailurematters.org\/pt-pt\/wp-json\/wp\/v2\/tags?post=1921"}],"curies":[{"name":"wp","href":"https:\/\/api.w.org\/{rel}","templated":true}]}}