{"id":1912,"date":"2021-01-27T22:05:40","date_gmt":"2021-01-27T22:05:40","guid":{"rendered":"http:\/\/heartfailurematters.local:8888\/ajustar-a-alimentacao-sal\/"},"modified":"2022-01-25T12:55:33","modified_gmt":"2022-01-25T12:55:33","slug":"ajustar-a-alimentacao-sal","status":"publish","type":"page","link":"https:\/\/www.heartfailurematters.org\/pt-pt\/o-que-pode-fazer\/ajustar-a-alimentacao-sal\/","title":{"rendered":"Ajustar a alimenta\u00e7\u00e3o: sal"},"content":{"rendered":"<p>\u00c9 muito importante que as pessoas com insufici\u00eancia card\u00edaca reduzam o consumo de sal. O corpo precisa de sal para funcionar, mas precisa de muito pouco e a maioria dos alimentos cont\u00e9m sal naturalmente.<\/p>\n<h2>Porqu\u00ea?<\/h2>\n<p>A insufici\u00eancia card\u00edaca faz com que o corpo retenha sal e \u00e1gua adicionais o que provoca a acumula\u00e7\u00e3o de l\u00edquidos no organismo. Este l\u00edquido adicional provoca o incha\u00e7o dos tornozelos, p\u00e9s ou est\u00f4mago e o aumento de peso. Tamb\u00e9m pode causar <a class=\"addtooltip\" title=\"Excesso de l\u00edquidos numa parte do corpo.\"><strong>congest\u00e3o<\/strong><\/a> dos pulm\u00f5es e provocar falta de ar. O cora\u00e7\u00e3o tem de se esfor\u00e7ar mais, porque o l\u00edquido extra aumenta o volume de sangue que o cora\u00e7\u00e3o tem de bombear para o organismo.<\/p>\n<p>para al\u00e9m disso, o sal causa sede. Assim, se ingerir muitos alimentos salgados, ter\u00e1 tend\u00eancia a ingerir mais l\u00edquidos.<\/p>\n<ul>\n<li><a href=\"https:\/\/www.heartfailurematters.org\/pt-pt\/o-que-pode-fazer\/ajustar-a-alimentacao-liquidos\/\">Para sugest\u00f5es para reduzir a quantidade de bebidas, clique aqui.<\/a>.<\/li>\n<\/ul>\n<h2>Como?<\/h2>\n<ul>\n<li>Tente consumir mais frutas e legumes (frescos sempre que poss\u00edvel), substitutos da carne (como a prote\u00edna da soja), alimentos n\u00e3o processados, produtos l\u00e1cteos com baixo teor de gordura, gorduras polinsaturadas (como o azeite), cereais e peixe.<\/li>\n<li>Tente adicionar ervas arom\u00e1ticas, condimentos ou sumos de fruta (lim\u00e3o ou lima) \u00e0 refei\u00e7\u00e3o para ter mais sabor.<\/li>\n<li>Retire o saleiro da mesa, para n\u00e3o se sentir tentado a p\u00f4r sal na comida.<\/li>\n<li>Evite alimentos processados com elevado teor de sal, como refei\u00e7\u00f5es congeladas, legumes enlatados, queijo, carnes processadas (produtos de charcutaria, salsichas e fiambres), cereais embalados, p\u00e3o, tomate processado (ketchup, sumo de tomate, etc.) e condimentos (molho de soja e Worcestershire).<\/li>\n<li>Verifique sempre o r\u00f3tulo dos alimentos, uma vez que o sal pode estar escondido onde menos se espera, como em refrigerantes e gelados.<\/li>\n<li>Verifique sempre o r\u00f3tulo dos alimentos para saber o respetivo teor de sal.<\/li>\n<li>Tenha aten\u00e7\u00e3o ao que come quando for a restaurantes.<\/li>\n<\/ul>\n<p>Ver\u00e1 que, mesmo que n\u00e3o tenha sintomas de acumula\u00e7\u00e3o de l\u00edquidos ou se estiver a tomar um <a class=\"addtooltip\" title=\"Uma classe de medicamentos que atua nos rins para produzir mais urina, reduzindo a reten\u00e7\u00e3o de l\u00edquidos e a congest\u00e3o.\"><strong>diur\u00e9tico<\/strong><\/a>, a redu\u00e7\u00e3o do consumo de sal far\u00e1 com que se sinta melhor. Al\u00e9m disso, contribuir\u00e1 para que o tratamento funcione melhor. Est\u00e1 provado que uma dieta com baixo teor de sal desempenha um papel importante na preven\u00e7\u00e3o de doen\u00e7as card\u00edacas. Assim, os seus familiares e amigos, com quem partilha as refei\u00e7\u00f5es e as compras, tamb\u00e9m poder\u00e3o beneficiar da redu\u00e7\u00e3o do consumo de sal.<\/p>\n<p><a href=\"https:\/\/www.heartfailurematters.org\/pt-pt\/o-que-pode-fazer\/ajustar-a-alimentacao\/\">Voltar \u00e0 sec\u00e7\u00e3o Ajustar a alimenta\u00e7\u00e3o<\/a><\/p>\n","protected":false},"excerpt":{"rendered":"<p>\u00c9 muito importante que as pessoas com insufici\u00eancia card\u00edaca reduzam o consumo de sal. O corpo precisa de sal para funcionar, mas precisa de muito pouco e a maioria dos alimentos cont\u00e9m sal naturalmente. Porqu\u00ea? A insufici\u00eancia card\u00edaca faz com que o corpo retenha sal e \u00e1gua adicionais o que provoca a acumula\u00e7\u00e3o de l\u00edquidos [&hellip;]<\/p>\n","protected":false},"author":1,"featured_media":11009,"parent":2718,"menu_order":0,"comment_status":"open","ping_status":"open","template":"","meta":{"_acf_changed":false,"footnotes":""},"categories":[],"tags":[],"class_list":["post-1912","page","type-page","status-publish","has-post-thumbnail","hentry"],"acf":[],"yoast_head":"<!-- This site is optimized with the Yoast SEO plugin v24.8.1 - https:\/\/yoast.com\/wordpress\/plugins\/seo\/ -->\n<title>Ajustar a alimenta\u00e7\u00e3o \u00e0 insufici\u00eancia card\u00edaca: sal<\/title>\n<meta name=\"description\" content=\"O corpo s\u00f3 precisa de pequenas doses de sal para funcionar \u2013 reduzir a ingest\u00e3o de sal \u00e9 bastante importante se sofrer de insuf. card\u00edaca. Saiba porqu\u00ea e como\" \/>\n<meta name=\"robots\" content=\"index, follow, max-snippet:-1, max-image-preview:large, max-video-preview:-1\" \/>\n<link rel=\"canonical\" href=\"https:\/\/www.heartfailurematters.org\/pt-pt\/o-que-pode-fazer\/ajustar-a-alimentacao-sal\/\" \/>\n<meta property=\"og:locale\" content=\"pt_PT\" \/>\n<meta property=\"og:type\" content=\"article\" \/>\n<meta property=\"og:title\" content=\"Ajustar a alimenta\u00e7\u00e3o \u00e0 insufici\u00eancia card\u00edaca: sal\" \/>\n<meta property=\"og:description\" content=\"O corpo s\u00f3 precisa de pequenas doses de sal para funcionar \u2013 reduzir a ingest\u00e3o de sal \u00e9 bastante importante se sofrer de insuf. card\u00edaca. Saiba porqu\u00ea e como\" \/>\n<meta property=\"og:url\" content=\"https:\/\/www.heartfailurematters.org\/pt-pt\/o-que-pode-fazer\/ajustar-a-alimentacao-sal\/\" \/>\n<meta property=\"og:site_name\" content=\"Heart Failure Matters\" \/>\n<meta property=\"article:publisher\" content=\"https:\/\/www.facebook.com\/heartfailurematters\" \/>\n<meta property=\"article:modified_time\" content=\"2022-01-25T12:55:33+00:00\" \/>\n<meta property=\"og:image\" content=\"https:\/\/www.heartfailurematters.org\/wp-content\/uploads\/2022\/03\/shutterstock_408588928-1-min.jpg\" \/>\n\t<meta property=\"og:image:width\" content=\"900\" \/>\n\t<meta property=\"og:image:height\" content=\"600\" \/>\n\t<meta property=\"og:image:type\" content=\"image\/jpeg\" \/>\n<meta name=\"twitter:card\" content=\"summary_large_image\" \/>\n<meta name=\"twitter:label1\" content=\"Tempo estimado de leitura\" \/>\n\t<meta name=\"twitter:data1\" content=\"2 minutos\" \/>\n<script type=\"application\/ld+json\" class=\"yoast-schema-graph\">{\"@context\":\"https:\/\/schema.org\",\"@graph\":[{\"@type\":\"WebPage\",\"@id\":\"https:\/\/www.heartfailurematters.org\/pt-pt\/o-que-pode-fazer\/ajustar-a-alimentacao-sal\/\",\"url\":\"https:\/\/www.heartfailurematters.org\/pt-pt\/o-que-pode-fazer\/ajustar-a-alimentacao-sal\/\",\"name\":\"Ajustar a alimenta\u00e7\u00e3o \u00e0 insufici\u00eancia card\u00edaca: sal\",\"isPartOf\":{\"@id\":\"https:\/\/www.heartfailurematters.org\/pt-pt\/#website\"},\"primaryImageOfPage\":{\"@id\":\"https:\/\/www.heartfailurematters.org\/pt-pt\/o-que-pode-fazer\/ajustar-a-alimentacao-sal\/#primaryimage\"},\"image\":{\"@id\":\"https:\/\/www.heartfailurematters.org\/pt-pt\/o-que-pode-fazer\/ajustar-a-alimentacao-sal\/#primaryimage\"},\"thumbnailUrl\":\"https:\/\/www.heartfailurematters.org\/wp-content\/uploads\/2022\/03\/shutterstock_408588928-1-min.jpg\",\"datePublished\":\"2021-01-27T22:05:40+00:00\",\"dateModified\":\"2022-01-25T12:55:33+00:00\",\"description\":\"O corpo s\u00f3 precisa de pequenas doses de sal para funcionar \u2013 reduzir a ingest\u00e3o de sal \u00e9 bastante importante se sofrer de insuf. card\u00edaca. Saiba porqu\u00ea e como\",\"breadcrumb\":{\"@id\":\"https:\/\/www.heartfailurematters.org\/pt-pt\/o-que-pode-fazer\/ajustar-a-alimentacao-sal\/#breadcrumb\"},\"inLanguage\":\"pt-PT\",\"potentialAction\":[{\"@type\":\"ReadAction\",\"target\":[\"https:\/\/www.heartfailurematters.org\/pt-pt\/o-que-pode-fazer\/ajustar-a-alimentacao-sal\/\"]}]},{\"@type\":\"ImageObject\",\"inLanguage\":\"pt-PT\",\"@id\":\"https:\/\/www.heartfailurematters.org\/pt-pt\/o-que-pode-fazer\/ajustar-a-alimentacao-sal\/#primaryimage\",\"url\":\"https:\/\/www.heartfailurematters.org\/wp-content\/uploads\/2022\/03\/shutterstock_408588928-1-min.jpg\",\"contentUrl\":\"https:\/\/www.heartfailurematters.org\/wp-content\/uploads\/2022\/03\/shutterstock_408588928-1-min.jpg\",\"width\":900,\"height\":600},{\"@type\":\"BreadcrumbList\",\"@id\":\"https:\/\/www.heartfailurematters.org\/pt-pt\/o-que-pode-fazer\/ajustar-a-alimentacao-sal\/#breadcrumb\",\"itemListElement\":[{\"@type\":\"ListItem\",\"position\":1,\"name\":\"P\u00e1gina inicial\",\"item\":\"https:\/\/www.heartfailurematters.org\/pt-pt\/\"},{\"@type\":\"ListItem\",\"position\":2,\"name\":\"O que pode fazer\",\"item\":\"https:\/\/www.heartfailurematters.org\/pt-pt\/o-que-pode-fazer\/\"},{\"@type\":\"ListItem\",\"position\":3,\"name\":\"Ajustar a alimenta\u00e7\u00e3o: sal\"}]},{\"@type\":\"WebSite\",\"@id\":\"https:\/\/www.heartfailurematters.org\/pt-pt\/#website\",\"url\":\"https:\/\/www.heartfailurematters.org\/pt-pt\/\",\"name\":\"Heart Failure Matters\",\"description\":\"Practical information for patients, families and caregivers.\",\"publisher\":{\"@id\":\"https:\/\/www.heartfailurematters.org\/pt-pt\/#organization\"},\"potentialAction\":[{\"@type\":\"SearchAction\",\"target\":{\"@type\":\"EntryPoint\",\"urlTemplate\":\"https:\/\/www.heartfailurematters.org\/pt-pt\/?s={search_term_string}\"},\"query-input\":{\"@type\":\"PropertyValueSpecification\",\"valueRequired\":true,\"valueName\":\"search_term_string\"}}],\"inLanguage\":\"pt-PT\"},{\"@type\":\"Organization\",\"@id\":\"https:\/\/www.heartfailurematters.org\/pt-pt\/#organization\",\"name\":\"Heart Failure Matters\",\"url\":\"https:\/\/www.heartfailurematters.org\/pt-pt\/\",\"logo\":{\"@type\":\"ImageObject\",\"inLanguage\":\"pt-PT\",\"@id\":\"https:\/\/www.heartfailurematters.org\/pt-pt\/#\/schema\/logo\/image\/\",\"url\":\"https:\/\/cdn-endpoint-hfm.azureedge.net\/heartfailurematters\/2024\/07\/hfm-logo1.jpg\",\"contentUrl\":\"https:\/\/cdn-endpoint-hfm.azureedge.net\/heartfailurematters\/2024\/07\/hfm-logo1.jpg\",\"width\":1280,\"height\":720,\"caption\":\"Heart Failure Matters\"},\"image\":{\"@id\":\"https:\/\/www.heartfailurematters.org\/pt-pt\/#\/schema\/logo\/image\/\"},\"sameAs\":[\"https:\/\/www.facebook.com\/heartfailurematters\"]}]}<\/script>\n<!-- \/ Yoast SEO plugin. -->","yoast_head_json":{"title":"Ajustar a alimenta\u00e7\u00e3o \u00e0 insufici\u00eancia card\u00edaca: sal","description":"O corpo s\u00f3 precisa de pequenas doses de sal para funcionar \u2013 reduzir a ingest\u00e3o de sal \u00e9 bastante importante se sofrer de insuf. card\u00edaca. Saiba porqu\u00ea e como","robots":{"index":"index","follow":"follow","max-snippet":"max-snippet:-1","max-image-preview":"max-image-preview:large","max-video-preview":"max-video-preview:-1"},"canonical":"https:\/\/www.heartfailurematters.org\/pt-pt\/o-que-pode-fazer\/ajustar-a-alimentacao-sal\/","og_locale":"pt_PT","og_type":"article","og_title":"Ajustar a alimenta\u00e7\u00e3o \u00e0 insufici\u00eancia card\u00edaca: sal","og_description":"O corpo s\u00f3 precisa de pequenas doses de sal para funcionar \u2013 reduzir a ingest\u00e3o de sal \u00e9 bastante importante se sofrer de insuf. card\u00edaca. Saiba porqu\u00ea e como","og_url":"https:\/\/www.heartfailurematters.org\/pt-pt\/o-que-pode-fazer\/ajustar-a-alimentacao-sal\/","og_site_name":"Heart Failure Matters","article_publisher":"https:\/\/www.facebook.com\/heartfailurematters","article_modified_time":"2022-01-25T12:55:33+00:00","og_image":[{"width":900,"height":600,"url":"https:\/\/www.heartfailurematters.org\/wp-content\/uploads\/2022\/03\/shutterstock_408588928-1-min.jpg","type":"image\/jpeg"}],"twitter_card":"summary_large_image","twitter_misc":{"Tempo estimado de leitura":"2 minutos"},"schema":{"@context":"https:\/\/schema.org","@graph":[{"@type":"WebPage","@id":"https:\/\/www.heartfailurematters.org\/pt-pt\/o-que-pode-fazer\/ajustar-a-alimentacao-sal\/","url":"https:\/\/www.heartfailurematters.org\/pt-pt\/o-que-pode-fazer\/ajustar-a-alimentacao-sal\/","name":"Ajustar a alimenta\u00e7\u00e3o \u00e0 insufici\u00eancia card\u00edaca: sal","isPartOf":{"@id":"https:\/\/www.heartfailurematters.org\/pt-pt\/#website"},"primaryImageOfPage":{"@id":"https:\/\/www.heartfailurematters.org\/pt-pt\/o-que-pode-fazer\/ajustar-a-alimentacao-sal\/#primaryimage"},"image":{"@id":"https:\/\/www.heartfailurematters.org\/pt-pt\/o-que-pode-fazer\/ajustar-a-alimentacao-sal\/#primaryimage"},"thumbnailUrl":"https:\/\/www.heartfailurematters.org\/wp-content\/uploads\/2022\/03\/shutterstock_408588928-1-min.jpg","datePublished":"2021-01-27T22:05:40+00:00","dateModified":"2022-01-25T12:55:33+00:00","description":"O corpo s\u00f3 precisa de pequenas doses de sal para funcionar \u2013 reduzir a ingest\u00e3o de sal \u00e9 bastante importante se sofrer de insuf. card\u00edaca. Saiba porqu\u00ea e como","breadcrumb":{"@id":"https:\/\/www.heartfailurematters.org\/pt-pt\/o-que-pode-fazer\/ajustar-a-alimentacao-sal\/#breadcrumb"},"inLanguage":"pt-PT","potentialAction":[{"@type":"ReadAction","target":["https:\/\/www.heartfailurematters.org\/pt-pt\/o-que-pode-fazer\/ajustar-a-alimentacao-sal\/"]}]},{"@type":"ImageObject","inLanguage":"pt-PT","@id":"https:\/\/www.heartfailurematters.org\/pt-pt\/o-que-pode-fazer\/ajustar-a-alimentacao-sal\/#primaryimage","url":"https:\/\/www.heartfailurematters.org\/wp-content\/uploads\/2022\/03\/shutterstock_408588928-1-min.jpg","contentUrl":"https:\/\/www.heartfailurematters.org\/wp-content\/uploads\/2022\/03\/shutterstock_408588928-1-min.jpg","width":900,"height":600},{"@type":"BreadcrumbList","@id":"https:\/\/www.heartfailurematters.org\/pt-pt\/o-que-pode-fazer\/ajustar-a-alimentacao-sal\/#breadcrumb","itemListElement":[{"@type":"ListItem","position":1,"name":"P\u00e1gina inicial","item":"https:\/\/www.heartfailurematters.org\/pt-pt\/"},{"@type":"ListItem","position":2,"name":"O que pode fazer","item":"https:\/\/www.heartfailurematters.org\/pt-pt\/o-que-pode-fazer\/"},{"@type":"ListItem","position":3,"name":"Ajustar a alimenta\u00e7\u00e3o: sal"}]},{"@type":"WebSite","@id":"https:\/\/www.heartfailurematters.org\/pt-pt\/#website","url":"https:\/\/www.heartfailurematters.org\/pt-pt\/","name":"Heart Failure Matters","description":"Practical information for patients, families and caregivers.","publisher":{"@id":"https:\/\/www.heartfailurematters.org\/pt-pt\/#organization"},"potentialAction":[{"@type":"SearchAction","target":{"@type":"EntryPoint","urlTemplate":"https:\/\/www.heartfailurematters.org\/pt-pt\/?s={search_term_string}"},"query-input":{"@type":"PropertyValueSpecification","valueRequired":true,"valueName":"search_term_string"}}],"inLanguage":"pt-PT"},{"@type":"Organization","@id":"https:\/\/www.heartfailurematters.org\/pt-pt\/#organization","name":"Heart Failure Matters","url":"https:\/\/www.heartfailurematters.org\/pt-pt\/","logo":{"@type":"ImageObject","inLanguage":"pt-PT","@id":"https:\/\/www.heartfailurematters.org\/pt-pt\/#\/schema\/logo\/image\/","url":"https:\/\/cdn-endpoint-hfm.azureedge.net\/heartfailurematters\/2024\/07\/hfm-logo1.jpg","contentUrl":"https:\/\/cdn-endpoint-hfm.azureedge.net\/heartfailurematters\/2024\/07\/hfm-logo1.jpg","width":1280,"height":720,"caption":"Heart Failure Matters"},"image":{"@id":"https:\/\/www.heartfailurematters.org\/pt-pt\/#\/schema\/logo\/image\/"},"sameAs":["https:\/\/www.facebook.com\/heartfailurematters"]}]}},"_links":{"self":[{"href":"https:\/\/www.heartfailurematters.org\/pt-pt\/wp-json\/wp\/v2\/pages\/1912","targetHints":{"allow":["GET"]}}],"collection":[{"href":"https:\/\/www.heartfailurematters.org\/pt-pt\/wp-json\/wp\/v2\/pages"}],"about":[{"href":"https:\/\/www.heartfailurematters.org\/pt-pt\/wp-json\/wp\/v2\/types\/page"}],"author":[{"embeddable":true,"href":"https:\/\/www.heartfailurematters.org\/pt-pt\/wp-json\/wp\/v2\/users\/1"}],"replies":[{"embeddable":true,"href":"https:\/\/www.heartfailurematters.org\/pt-pt\/wp-json\/wp\/v2\/comments?post=1912"}],"version-history":[{"count":3,"href":"https:\/\/www.heartfailurematters.org\/pt-pt\/wp-json\/wp\/v2\/pages\/1912\/revisions"}],"predecessor-version":[{"id":10431,"href":"https:\/\/www.heartfailurematters.org\/pt-pt\/wp-json\/wp\/v2\/pages\/1912\/revisions\/10431"}],"up":[{"embeddable":true,"href":"https:\/\/www.heartfailurematters.org\/pt-pt\/wp-json\/wp\/v2\/pages\/2718"}],"wp:featuredmedia":[{"embeddable":true,"href":"https:\/\/www.heartfailurematters.org\/pt-pt\/wp-json\/wp\/v2\/media\/11009"}],"wp:attachment":[{"href":"https:\/\/www.heartfailurematters.org\/pt-pt\/wp-json\/wp\/v2\/media?parent=1912"}],"wp:term":[{"taxonomy":"category","embeddable":true,"href":"https:\/\/www.heartfailurematters.org\/pt-pt\/wp-json\/wp\/v2\/categories?post=1912"},{"taxonomy":"post_tag","embeddable":true,"href":"https:\/\/www.heartfailurematters.org\/pt-pt\/wp-json\/wp\/v2\/tags?post=1912"}],"curies":[{"name":"wp","href":"https:\/\/api.w.org\/{rel}","templated":true}]}}