{"id":1905,"date":"2021-01-27T22:05:40","date_gmt":"2021-01-27T22:05:40","guid":{"rendered":"http:\/\/heartfailurematters.local:8888\/antagonistas-dos-recetores-da-aldosterona-ou-antagonista-recetor-de-mineralocorticoide-mras\/"},"modified":"2025-12-05T10:26:04","modified_gmt":"2025-12-05T10:26:04","slug":"antagonistas-dos-recetores-da-aldosterona-ou-antagonista-recetor-de-mineralocorticoide-mras","status":"publish","type":"page","link":"https:\/\/www.heartfailurematters.org\/pt-pt\/o-que-o-seu-medico-ou-enfermeiro-pode-fazer\/antagonistas-dos-recetores-da-aldosterona-ou-antagonista-recetor-de-mineralocorticoide-mras\/","title":{"rendered":"Antagonistas dos recetores da aldosterona ou antagonistas dos recetores de mineralcorticoides (MRA)"},"content":{"rendered":"<h2>O que fazem<\/h2>\n<p>Os <a class=\"addtooltip\" title=\"&lt;div id='ToolTipTextWrap'&gt;antagonistas dos recetores da aldosterona&lt;\/div&gt;&lt;p&gt;Classe de medicamentos utilizada para reduzir a press\u00e3o arterial, diminuir a congest\u00e3o e proteger o cora\u00e7\u00e3o.&lt;\/p&gt;\"><strong>antagonistas dos recetores da aldosterona <\/strong><\/a>, tamb\u00e9m chamados de MRA, bloqueiam os efeitos de uma <a class=\"addtooltip\" title=\"&lt;div id='ToolTipTextWrap'&gt;hormonas&lt;\/div&gt;&lt;p&gt; Subst\u00e2ncias libertadas no sangue por v\u00e1rias gl\u00e2ndulas do organismo, que regulam as fun\u00e7\u00f5es essenciais.&lt;\/p&gt;\"><strong>hormona <\/strong><\/a> produzida naturalmente pelas <a class=\"addtooltip\" title=\"&lt;div id='ToolTipTextWrap'&gt;gl\u00e2ndulas suprarrenais&lt;\/div&gt;&lt;p&gt;Gl\u00e2ndulas situadas por cima dos rins que segregam hormonas para contribuir para controlar a frequ\u00eancia card\u00edaca, a press\u00e3o arterial, a fun\u00e7\u00e3o renal, a forma como o corpo utiliza alimentos e outras fun\u00e7\u00f5es essenciais.&lt;\/p&gt;\"><strong>gl\u00e2ndulas suprarrenais<\/strong><\/a>, e que pode fazer com que a insufici\u00eancia card\u00edaca piore. Os antagonistas dos recetores da aldosterona afetam o equil\u00edbrio da \u00e1gua e dos sais na urina e s\u00e3o <a class=\"addtooltip\" title=\"&lt;div id='ToolTipTextWrap'&gt;Diur\u00e9tico&lt;\/div&gt;&lt;p&gt;Classe de medicamentos que atua nos rins para produzir mais urina e reduzir a reten\u00e7\u00e3o de l\u00edquidos e a congest\u00e3o.&lt;\/p&gt;\"><strong>diur\u00e9ticos<\/strong><\/a> fracos. Ajudam a baixar a press\u00e3o arterial e reduzir a <a class=\"addtooltip\" title=\"&lt;div id='ToolTipTextWrap'&gt;congest\u00e3o&lt;\/div&gt;&lt;p&gt; Excesso de l\u00edquidos numa parte do corpo.&lt;\/p&gt;\"><strong>congest\u00e3o<\/strong><\/a>, protegendo assim o cora\u00e7\u00e3o.<\/p>\n<p>Os antagonistas dos recetores da aldosterona demonstraram ser particularmente eficazes na insufici\u00eancia card\u00edaca avan\u00e7ada e s\u00e3o frequentemente tomados juntamente com outros medicamentos para a insufici\u00eancia card\u00edaca.<\/p>\n<h2>Quais s\u00e3o os benef\u00edcios esperados?<\/h2>\n<p>J\u00e1 foi demonstrado que os antagonistas dos recetores da aldosterona (ou MRA) reduzem os internamentos relacionados com a insufici\u00eancia card\u00edaca, prolongam a vida e melhoram a toler\u00e2ncia ao exerc\u00edcio e a qualidade de vida.<\/p>\n<h2>Efeitos colaterais<\/h2>\n<p>Por vezes, este medicamento pode afetar a fun\u00e7\u00e3o renal e tamb\u00e9m aumentar os n\u00edveis de <a class=\"addtooltip\" title=\"&lt;div id='ToolTipTextWrap'&gt;pot\u00e1ssio&lt;\/div&gt;&lt;p&gt;Um mineral essencial que o organismo necessita para a fun\u00e7\u00e3o celular normal. Os diur\u00e9ticos poder\u00e3o causar perda de pot\u00e1ssio.&lt;\/p&gt;\"><strong>pot\u00e1ssio<\/strong><\/a>. Isto \u00e9 especialmente importante para os doentes que tamb\u00e9m utilizam <a class=\"addtooltip\" title=\"&lt;div id='ToolTipTextWrap'&gt;inibidores da enzima de convers\u00e3o da angiotensina (ECA) &lt;\/div&gt;&lt;p&gt; Classe de medicamentos que inibe a produ\u00e7\u00e3o de angiotensina II e reduz a press\u00e3o arterial.&lt;\/p&gt;\"><strong>inibidores da ECA<\/strong><\/a> ou <a class=\"addtooltip\" title=\"&lt;div id='ToolTipTextWrap'&gt;antagonista dos recetores da angiotensina (ARA)&lt;\/div&gt;&lt;p&gt; Classe de medicamentos que bloqueia a a\u00e7\u00e3o da angiotensina II e reduz a press\u00e3o arterial.&lt;\/p&gt;\"><strong>ARA<\/strong><\/a>. O seu m\u00e9dico ir\u00e1 monitorizar a sua fun\u00e7\u00e3o renal e os seus n\u00edveis de pot\u00e1ssio atrav\u00e9s de an\u00e1lises ao sangue regulares.<\/p>\n<p>Em alguns casos raros, os antagonistas dos recetores da aldosterona podem causar aumento ou sensibilidade mam\u00e1ria, especialmente nos homens. Os medicamentos mais recentes n\u00e3o t\u00eam esse efeito.<\/p>\n<h2>Tamb\u00e9m conhecidos como:<\/h2>\n<ul>\n<li><strong>Espironolactona<br \/>\n<\/strong>(Aldactone\u00ae)<\/li>\n<li><strong>Eplerenona<br \/>\n<\/strong>(Inspra\u00ae)<\/li>\n<li><strong>Produtos combinados<br \/>\n<\/strong>(Aldactide\u00ae, Lasilactone\u00ae)<\/li>\n<li><strong>Finerenona<\/strong><br \/>\n(Kerendia\u00ae, Firialta\u00ae)<\/li>\n<\/ul>\n<p><a href=\"https:\/\/www.heartfailurematters.org\/what-your-doctor-can-do\/heart-failure-medicines\/\">Voltar a Medicamentos para insufici\u00eancia card\u00edaca<\/a><\/p>\n<p>&nbsp;<\/p>\n<h2\/>\n","protected":false},"excerpt":{"rendered":"<p>O que fazem Os antagonistas dos recetores da aldosterona , tamb\u00e9m chamados de MRA, bloqueiam os efeitos de uma hormona produzida naturalmente pelas gl\u00e2ndulas suprarrenais, e que pode fazer com que a insufici\u00eancia card\u00edaca piore. Os antagonistas dos recetores da aldosterona afetam o equil\u00edbrio da \u00e1gua e dos sais na urina e s\u00e3o diur\u00e9ticos fracos. [&hellip;]<\/p>\n","protected":false},"author":1,"featured_media":10871,"parent":2682,"menu_order":0,"comment_status":"open","ping_status":"open","template":"","meta":{"_acf_changed":false,"footnotes":""},"categories":[],"tags":[],"class_list":["post-1905","page","type-page","status-publish","has-post-thumbnail","hentry"],"acf":[],"yoast_head":"<!-- This site is optimized with the Yoast SEO plugin v24.8.1 - https:\/\/yoast.com\/wordpress\/plugins\/seo\/ -->\n<title>Antagonistas dos recetores da aldosterona (MRA)<\/title>\n<meta name=\"description\" content=\"Antagonistas dos Recetores da Aldosterona - Descubra o que s\u00e3o, o que fazem e poss\u00edveis efeitos secund\u00e1rios em portadores de insufici\u00eancia card\u00edaca\" \/>\n<meta name=\"robots\" content=\"index, follow, max-snippet:-1, max-image-preview:large, max-video-preview:-1\" \/>\n<link rel=\"canonical\" href=\"https:\/\/www.heartfailurematters.org\/pt-pt\/o-que-o-seu-medico-ou-enfermeiro-pode-fazer\/antagonistas-dos-recetores-da-aldosterona-ou-antagonista-recetor-de-mineralocorticoide-mras\/\" \/>\n<meta property=\"og:locale\" content=\"pt_PT\" \/>\n<meta property=\"og:type\" content=\"article\" \/>\n<meta property=\"og:title\" content=\"Antagonistas dos recetores da aldosterona (MRA)\" \/>\n<meta property=\"og:description\" content=\"Antagonistas dos Recetores da Aldosterona - Descubra o que s\u00e3o, o que fazem e poss\u00edveis efeitos secund\u00e1rios em portadores de insufici\u00eancia card\u00edaca\" \/>\n<meta property=\"og:url\" content=\"https:\/\/www.heartfailurematters.org\/pt-pt\/o-que-o-seu-medico-ou-enfermeiro-pode-fazer\/antagonistas-dos-recetores-da-aldosterona-ou-antagonista-recetor-de-mineralocorticoide-mras\/\" \/>\n<meta property=\"og:site_name\" content=\"Heart Failure Matters\" \/>\n<meta property=\"article:publisher\" content=\"https:\/\/www.facebook.com\/heartfailurematters\" \/>\n<meta property=\"article:modified_time\" content=\"2025-12-05T10:26:04+00:00\" \/>\n<meta property=\"og:image\" content=\"https:\/\/www.heartfailurematters.org\/wp-content\/uploads\/2022\/03\/shutterstock_441673426-1-min.jpg\" \/>\n\t<meta property=\"og:image:width\" content=\"900\" \/>\n\t<meta property=\"og:image:height\" content=\"596\" \/>\n\t<meta property=\"og:image:type\" content=\"image\/jpeg\" \/>\n<meta name=\"twitter:card\" content=\"summary_large_image\" \/>\n<meta name=\"twitter:label1\" content=\"Tempo estimado de leitura\" \/>\n\t<meta name=\"twitter:data1\" content=\"1 minuto\" \/>\n<script type=\"application\/ld+json\" class=\"yoast-schema-graph\">{\"@context\":\"https:\/\/schema.org\",\"@graph\":[{\"@type\":\"WebPage\",\"@id\":\"https:\/\/www.heartfailurematters.org\/pt-pt\/o-que-o-seu-medico-ou-enfermeiro-pode-fazer\/antagonistas-dos-recetores-da-aldosterona-ou-antagonista-recetor-de-mineralocorticoide-mras\/\",\"url\":\"https:\/\/www.heartfailurematters.org\/pt-pt\/o-que-o-seu-medico-ou-enfermeiro-pode-fazer\/antagonistas-dos-recetores-da-aldosterona-ou-antagonista-recetor-de-mineralocorticoide-mras\/\",\"name\":\"Antagonistas dos recetores da aldosterona (MRA)\",\"isPartOf\":{\"@id\":\"https:\/\/www.heartfailurematters.org\/pt-pt\/#website\"},\"primaryImageOfPage\":{\"@id\":\"https:\/\/www.heartfailurematters.org\/pt-pt\/o-que-o-seu-medico-ou-enfermeiro-pode-fazer\/antagonistas-dos-recetores-da-aldosterona-ou-antagonista-recetor-de-mineralocorticoide-mras\/#primaryimage\"},\"image\":{\"@id\":\"https:\/\/www.heartfailurematters.org\/pt-pt\/o-que-o-seu-medico-ou-enfermeiro-pode-fazer\/antagonistas-dos-recetores-da-aldosterona-ou-antagonista-recetor-de-mineralocorticoide-mras\/#primaryimage\"},\"thumbnailUrl\":\"https:\/\/www.heartfailurematters.org\/wp-content\/uploads\/2022\/03\/shutterstock_441673426-1-min.jpg\",\"datePublished\":\"2021-01-27T22:05:40+00:00\",\"dateModified\":\"2025-12-05T10:26:04+00:00\",\"description\":\"Antagonistas dos Recetores da Aldosterona - Descubra o que s\u00e3o, o que fazem e poss\u00edveis efeitos secund\u00e1rios em portadores de insufici\u00eancia card\u00edaca\",\"breadcrumb\":{\"@id\":\"https:\/\/www.heartfailurematters.org\/pt-pt\/o-que-o-seu-medico-ou-enfermeiro-pode-fazer\/antagonistas-dos-recetores-da-aldosterona-ou-antagonista-recetor-de-mineralocorticoide-mras\/#breadcrumb\"},\"inLanguage\":\"pt-PT\",\"potentialAction\":[{\"@type\":\"ReadAction\",\"target\":[\"https:\/\/www.heartfailurematters.org\/pt-pt\/o-que-o-seu-medico-ou-enfermeiro-pode-fazer\/antagonistas-dos-recetores-da-aldosterona-ou-antagonista-recetor-de-mineralocorticoide-mras\/\"]}]},{\"@type\":\"ImageObject\",\"inLanguage\":\"pt-PT\",\"@id\":\"https:\/\/www.heartfailurematters.org\/pt-pt\/o-que-o-seu-medico-ou-enfermeiro-pode-fazer\/antagonistas-dos-recetores-da-aldosterona-ou-antagonista-recetor-de-mineralocorticoide-mras\/#primaryimage\",\"url\":\"https:\/\/www.heartfailurematters.org\/wp-content\/uploads\/2022\/03\/shutterstock_441673426-1-min.jpg\",\"contentUrl\":\"https:\/\/www.heartfailurematters.org\/wp-content\/uploads\/2022\/03\/shutterstock_441673426-1-min.jpg\",\"width\":900,\"height\":596},{\"@type\":\"BreadcrumbList\",\"@id\":\"https:\/\/www.heartfailurematters.org\/pt-pt\/o-que-o-seu-medico-ou-enfermeiro-pode-fazer\/antagonistas-dos-recetores-da-aldosterona-ou-antagonista-recetor-de-mineralocorticoide-mras\/#breadcrumb\",\"itemListElement\":[{\"@type\":\"ListItem\",\"position\":1,\"name\":\"P\u00e1gina inicial\",\"item\":\"https:\/\/www.heartfailurematters.org\/pt-pt\/\"},{\"@type\":\"ListItem\",\"position\":2,\"name\":\"O que o seu m\u00e9dico pode fazer\",\"item\":\"https:\/\/www.heartfailurematters.org\/pt-pt\/o-que-o-seu-medico-ou-enfermeiro-pode-fazer\/\"},{\"@type\":\"ListItem\",\"position\":3,\"name\":\"Antagonistas dos recetores da aldosterona ou antagonistas dos recetores de mineralcorticoides (MRA)\"}]},{\"@type\":\"WebSite\",\"@id\":\"https:\/\/www.heartfailurematters.org\/pt-pt\/#website\",\"url\":\"https:\/\/www.heartfailurematters.org\/pt-pt\/\",\"name\":\"Heart Failure Matters\",\"description\":\"Practical information for patients, families and caregivers.\",\"publisher\":{\"@id\":\"https:\/\/www.heartfailurematters.org\/pt-pt\/#organization\"},\"potentialAction\":[{\"@type\":\"SearchAction\",\"target\":{\"@type\":\"EntryPoint\",\"urlTemplate\":\"https:\/\/www.heartfailurematters.org\/pt-pt\/?s={search_term_string}\"},\"query-input\":{\"@type\":\"PropertyValueSpecification\",\"valueRequired\":true,\"valueName\":\"search_term_string\"}}],\"inLanguage\":\"pt-PT\"},{\"@type\":\"Organization\",\"@id\":\"https:\/\/www.heartfailurematters.org\/pt-pt\/#organization\",\"name\":\"Heart Failure Matters\",\"url\":\"https:\/\/www.heartfailurematters.org\/pt-pt\/\",\"logo\":{\"@type\":\"ImageObject\",\"inLanguage\":\"pt-PT\",\"@id\":\"https:\/\/www.heartfailurematters.org\/pt-pt\/#\/schema\/logo\/image\/\",\"url\":\"https:\/\/cdn-endpoint-hfm.azureedge.net\/heartfailurematters\/2024\/07\/hfm-logo1.jpg\",\"contentUrl\":\"https:\/\/cdn-endpoint-hfm.azureedge.net\/heartfailurematters\/2024\/07\/hfm-logo1.jpg\",\"width\":1280,\"height\":720,\"caption\":\"Heart Failure Matters\"},\"image\":{\"@id\":\"https:\/\/www.heartfailurematters.org\/pt-pt\/#\/schema\/logo\/image\/\"},\"sameAs\":[\"https:\/\/www.facebook.com\/heartfailurematters\"]}]}<\/script>\n<!-- \/ Yoast SEO plugin. -->","yoast_head_json":{"title":"Antagonistas dos recetores da aldosterona (MRA)","description":"Antagonistas dos Recetores da Aldosterona - Descubra o que s\u00e3o, o que fazem e poss\u00edveis efeitos secund\u00e1rios em portadores de insufici\u00eancia card\u00edaca","robots":{"index":"index","follow":"follow","max-snippet":"max-snippet:-1","max-image-preview":"max-image-preview:large","max-video-preview":"max-video-preview:-1"},"canonical":"https:\/\/www.heartfailurematters.org\/pt-pt\/o-que-o-seu-medico-ou-enfermeiro-pode-fazer\/antagonistas-dos-recetores-da-aldosterona-ou-antagonista-recetor-de-mineralocorticoide-mras\/","og_locale":"pt_PT","og_type":"article","og_title":"Antagonistas dos recetores da aldosterona (MRA)","og_description":"Antagonistas dos Recetores da Aldosterona - Descubra o que s\u00e3o, o que fazem e poss\u00edveis efeitos secund\u00e1rios em portadores de insufici\u00eancia card\u00edaca","og_url":"https:\/\/www.heartfailurematters.org\/pt-pt\/o-que-o-seu-medico-ou-enfermeiro-pode-fazer\/antagonistas-dos-recetores-da-aldosterona-ou-antagonista-recetor-de-mineralocorticoide-mras\/","og_site_name":"Heart Failure Matters","article_publisher":"https:\/\/www.facebook.com\/heartfailurematters","article_modified_time":"2025-12-05T10:26:04+00:00","og_image":[{"width":900,"height":596,"url":"https:\/\/www.heartfailurematters.org\/wp-content\/uploads\/2022\/03\/shutterstock_441673426-1-min.jpg","type":"image\/jpeg"}],"twitter_card":"summary_large_image","twitter_misc":{"Tempo estimado de leitura":"1 minuto"},"schema":{"@context":"https:\/\/schema.org","@graph":[{"@type":"WebPage","@id":"https:\/\/www.heartfailurematters.org\/pt-pt\/o-que-o-seu-medico-ou-enfermeiro-pode-fazer\/antagonistas-dos-recetores-da-aldosterona-ou-antagonista-recetor-de-mineralocorticoide-mras\/","url":"https:\/\/www.heartfailurematters.org\/pt-pt\/o-que-o-seu-medico-ou-enfermeiro-pode-fazer\/antagonistas-dos-recetores-da-aldosterona-ou-antagonista-recetor-de-mineralocorticoide-mras\/","name":"Antagonistas dos recetores da aldosterona (MRA)","isPartOf":{"@id":"https:\/\/www.heartfailurematters.org\/pt-pt\/#website"},"primaryImageOfPage":{"@id":"https:\/\/www.heartfailurematters.org\/pt-pt\/o-que-o-seu-medico-ou-enfermeiro-pode-fazer\/antagonistas-dos-recetores-da-aldosterona-ou-antagonista-recetor-de-mineralocorticoide-mras\/#primaryimage"},"image":{"@id":"https:\/\/www.heartfailurematters.org\/pt-pt\/o-que-o-seu-medico-ou-enfermeiro-pode-fazer\/antagonistas-dos-recetores-da-aldosterona-ou-antagonista-recetor-de-mineralocorticoide-mras\/#primaryimage"},"thumbnailUrl":"https:\/\/www.heartfailurematters.org\/wp-content\/uploads\/2022\/03\/shutterstock_441673426-1-min.jpg","datePublished":"2021-01-27T22:05:40+00:00","dateModified":"2025-12-05T10:26:04+00:00","description":"Antagonistas dos Recetores da Aldosterona - Descubra o que s\u00e3o, o que fazem e poss\u00edveis efeitos secund\u00e1rios em portadores de insufici\u00eancia card\u00edaca","breadcrumb":{"@id":"https:\/\/www.heartfailurematters.org\/pt-pt\/o-que-o-seu-medico-ou-enfermeiro-pode-fazer\/antagonistas-dos-recetores-da-aldosterona-ou-antagonista-recetor-de-mineralocorticoide-mras\/#breadcrumb"},"inLanguage":"pt-PT","potentialAction":[{"@type":"ReadAction","target":["https:\/\/www.heartfailurematters.org\/pt-pt\/o-que-o-seu-medico-ou-enfermeiro-pode-fazer\/antagonistas-dos-recetores-da-aldosterona-ou-antagonista-recetor-de-mineralocorticoide-mras\/"]}]},{"@type":"ImageObject","inLanguage":"pt-PT","@id":"https:\/\/www.heartfailurematters.org\/pt-pt\/o-que-o-seu-medico-ou-enfermeiro-pode-fazer\/antagonistas-dos-recetores-da-aldosterona-ou-antagonista-recetor-de-mineralocorticoide-mras\/#primaryimage","url":"https:\/\/www.heartfailurematters.org\/wp-content\/uploads\/2022\/03\/shutterstock_441673426-1-min.jpg","contentUrl":"https:\/\/www.heartfailurematters.org\/wp-content\/uploads\/2022\/03\/shutterstock_441673426-1-min.jpg","width":900,"height":596},{"@type":"BreadcrumbList","@id":"https:\/\/www.heartfailurematters.org\/pt-pt\/o-que-o-seu-medico-ou-enfermeiro-pode-fazer\/antagonistas-dos-recetores-da-aldosterona-ou-antagonista-recetor-de-mineralocorticoide-mras\/#breadcrumb","itemListElement":[{"@type":"ListItem","position":1,"name":"P\u00e1gina inicial","item":"https:\/\/www.heartfailurematters.org\/pt-pt\/"},{"@type":"ListItem","position":2,"name":"O que o seu m\u00e9dico pode fazer","item":"https:\/\/www.heartfailurematters.org\/pt-pt\/o-que-o-seu-medico-ou-enfermeiro-pode-fazer\/"},{"@type":"ListItem","position":3,"name":"Antagonistas dos recetores da aldosterona ou antagonistas dos recetores de mineralcorticoides (MRA)"}]},{"@type":"WebSite","@id":"https:\/\/www.heartfailurematters.org\/pt-pt\/#website","url":"https:\/\/www.heartfailurematters.org\/pt-pt\/","name":"Heart Failure Matters","description":"Practical information for patients, families and caregivers.","publisher":{"@id":"https:\/\/www.heartfailurematters.org\/pt-pt\/#organization"},"potentialAction":[{"@type":"SearchAction","target":{"@type":"EntryPoint","urlTemplate":"https:\/\/www.heartfailurematters.org\/pt-pt\/?s={search_term_string}"},"query-input":{"@type":"PropertyValueSpecification","valueRequired":true,"valueName":"search_term_string"}}],"inLanguage":"pt-PT"},{"@type":"Organization","@id":"https:\/\/www.heartfailurematters.org\/pt-pt\/#organization","name":"Heart Failure Matters","url":"https:\/\/www.heartfailurematters.org\/pt-pt\/","logo":{"@type":"ImageObject","inLanguage":"pt-PT","@id":"https:\/\/www.heartfailurematters.org\/pt-pt\/#\/schema\/logo\/image\/","url":"https:\/\/cdn-endpoint-hfm.azureedge.net\/heartfailurematters\/2024\/07\/hfm-logo1.jpg","contentUrl":"https:\/\/cdn-endpoint-hfm.azureedge.net\/heartfailurematters\/2024\/07\/hfm-logo1.jpg","width":1280,"height":720,"caption":"Heart Failure Matters"},"image":{"@id":"https:\/\/www.heartfailurematters.org\/pt-pt\/#\/schema\/logo\/image\/"},"sameAs":["https:\/\/www.facebook.com\/heartfailurematters"]}]}},"_links":{"self":[{"href":"https:\/\/www.heartfailurematters.org\/pt-pt\/wp-json\/wp\/v2\/pages\/1905","targetHints":{"allow":["GET"]}}],"collection":[{"href":"https:\/\/www.heartfailurematters.org\/pt-pt\/wp-json\/wp\/v2\/pages"}],"about":[{"href":"https:\/\/www.heartfailurematters.org\/pt-pt\/wp-json\/wp\/v2\/types\/page"}],"author":[{"embeddable":true,"href":"https:\/\/www.heartfailurematters.org\/pt-pt\/wp-json\/wp\/v2\/users\/1"}],"replies":[{"embeddable":true,"href":"https:\/\/www.heartfailurematters.org\/pt-pt\/wp-json\/wp\/v2\/comments?post=1905"}],"version-history":[{"count":1,"href":"https:\/\/www.heartfailurematters.org\/pt-pt\/wp-json\/wp\/v2\/pages\/1905\/revisions"}],"predecessor-version":[{"id":13702,"href":"https:\/\/www.heartfailurematters.org\/pt-pt\/wp-json\/wp\/v2\/pages\/1905\/revisions\/13702"}],"up":[{"embeddable":true,"href":"https:\/\/www.heartfailurematters.org\/pt-pt\/wp-json\/wp\/v2\/pages\/2682"}],"wp:featuredmedia":[{"embeddable":true,"href":"https:\/\/www.heartfailurematters.org\/pt-pt\/wp-json\/wp\/v2\/media\/10871"}],"wp:attachment":[{"href":"https:\/\/www.heartfailurematters.org\/pt-pt\/wp-json\/wp\/v2\/media?parent=1905"}],"wp:term":[{"taxonomy":"category","embeddable":true,"href":"https:\/\/www.heartfailurematters.org\/pt-pt\/wp-json\/wp\/v2\/categories?post=1905"},{"taxonomy":"post_tag","embeddable":true,"href":"https:\/\/www.heartfailurematters.org\/pt-pt\/wp-json\/wp\/v2\/tags?post=1905"}],"curies":[{"name":"wp","href":"https:\/\/api.w.org\/{rel}","templated":true}]}}