{"id":1901,"date":"2021-01-27T22:05:40","date_gmt":"2021-01-27T22:05:40","guid":{"rendered":"http:\/\/heartfailurematters.local:8888\/como-se-classifica-a-insuficiencia-cardiaca\/"},"modified":"2021-08-12T09:24:16","modified_gmt":"2021-08-12T08:24:16","slug":"como-se-classifica-a-insuficiencia-cardiaca","status":"publish","type":"page","link":"https:\/\/www.heartfailurematters.org\/pt-pt\/o-que-e-a-insuficiencia-cardiaca\/como-se-classifica-a-insuficiencia-cardiaca\/","title":{"rendered":"Como se classifica a insufici\u00eancia card\u00edaca?"},"content":{"rendered":"<p>\u00c9 importante classificar a insufici\u00eancia card\u00edaca quando tiver uma consulta com o seu m\u00e9dico, uma vez que as duas escalas abaixo baseiam-se em como se sente e nos seus sintomas. O seu m\u00e9dico ou enfermeiro ir\u00e3o querer saber como se tem sentido desde a \u00faltima consulta e podem dizer-lhe em que classe se encontra nessas duas escalas. Por exemplo, poder\u00e1 verificar que est\u00e1 na Classe NYHA II durante quatro dias por semana e estar mais na Classe NYHA III nos restantes tr\u00eas dias da semana. Estas escalas tamb\u00e9m podem ajud\u00e1-lo no dia-a-dia na gest\u00e3o di\u00e1ria da doen\u00e7a e pode informar o seu m\u00e9dico ou enfermeiro sobre isso na pr\u00f3xima consulta. O seu m\u00e9dico em conjunto consigo classificar\u00e1 a insufici\u00eancia card\u00edaca quando for diagnosticado pela primeira vez e novamente nas consultas posteriores. Existem dois sistemas utilizados para classificar a insufici\u00eancia card\u00edaca e \u00e9 prov\u00e1vel que o seu m\u00e9dico utilize uma combina\u00e7\u00e3o de ambos.<\/p>\n<h2><strong>Classes New York Heart Association (NYHA)<\/strong><\/h2>\n<p>Este sistema \u00e9 utilizado para classificar a gravidade da doen\u00e7a com base nos sintomas.<\/p>\n<table style=\"border: 1px solid #377090; border-collapse: collapse; width: 100%;\" border=\"1\" cellpadding=\"5\">\n<tbody>\n<tr valign=\"top\">\n<td style=\"padding: 5px; border: 1px solid #377090; width: 30%; text-align: left; vertical-align: top;\">Classe I (aus\u00eancia de sintomas)<\/td>\n<td style=\"padding: 5px; border: 1px solid #377090; width: 70%; text-align: left; vertical-align: top;\">N\u00e3o apresenta sintomas e consegue realizar as atividades di\u00e1rias sem se sentir cansado ou com falta de ar.<\/td>\n<\/tr>\n<tr valign=\"top\">\n<td style=\"padding: 5px; border: 1px solid #377090; width: 30%; text-align: left; vertical-align: top;\">Classe II (sintomas ligeiros)<\/td>\n<td style=\"padding: 5px; border: 1px solid #377090; width: 70%; text-align: left; vertical-align: top;\">Sente-se bem em repouso, mas a atividade moderada causa cansa\u00e7o ou falta de ar.<\/td>\n<\/tr>\n<tr valign=\"top\">\n<td style=\"padding: 5px; border: 1px solid #377090; width: 30%; text-align: left; vertical-align: top;\">Classe III (sintomas moderados)<\/td>\n<td style=\"padding: 5px; border: 1px solid #377090; width: 70%; text-align: left; vertical-align: top;\">Sente-se bem em repouso, mas mesmo uma atividade f\u00edsica reduzida causa cansa\u00e7o ou falta de ar.<\/td>\n<\/tr>\n<tr valign=\"top\">\n<td style=\"padding: 5px; border: 1px solid #377090; width: 30%; text-align: left; vertical-align: top;\">Classe IV (sintomas graves)<\/td>\n<td style=\"padding: 5px; border: 1px solid #377090; width: 70%; text-align: left; vertical-align: top;\">N\u00e3o consegue realizar nenhuma atividade f\u00edsica sem desconforto e tem alguns sintomas em repouso.<\/td>\n<\/tr>\n<\/tbody>\n<\/table>\n<h2><strong>Diretrizes da American Heart Association\/American College of Cardiology)<\/strong><\/h2>\n<p>Este sistema aceita que a insufici\u00eancia card\u00edaca pode estar presente antes de ser sintom\u00e1tica.<\/p>\n<table style=\"border: 1px solid #377090; border-collapse: collapse; width: 100%;\" border=\"1\" cellpadding=\"5\">\n<tbody>\n<tr valign=\"top\">\n<td style=\"padding: 5px; border: 1px solid #377090; width: 30%; text-align: left; vertical-align: top;\">Fase A<\/td>\n<td style=\"padding: 5px; border: 1px solid #377090; width: 70%; text-align: left; vertical-align: top;\">You don&#8217;t have heart failure.<br \/>\nCorre um risco elevado de ter a doen\u00e7a, devido a outro problema de sa\u00fade que pode causar insufici\u00eancia card\u00edaca, como press\u00e3o arterial elevada, diabetes, obesidade ou doen\u00e7a das art\u00e9rias coron\u00e1rias.<\/td>\n<\/tr>\n<tr valign=\"top\">\n<td style=\"padding: 5px; border: 1px solid #377090; width: 30%; text-align: left; vertical-align: top;\">Fase B<\/td>\n<td style=\"padding: 5px; border: 1px solid #377090; width: 70%; text-align: left; vertical-align: top;\">O cora\u00e7\u00e3o sofreu les\u00f5es devido a outros problemas de sa\u00fade ou outros fatores, mas ainda n\u00e3o tem sintomas.<\/td>\n<\/tr>\n<tr valign=\"top\">\n<td style=\"padding: 5px; border: 1px solid #377090; width: 30%; text-align: left; vertical-align: top;\">Fase C<\/td>\n<td style=\"padding: 5px; border: 1px solid #377090; width: 70%; text-align: left; vertical-align: top;\">O cora\u00e7\u00e3o tem les\u00f5es e tem sintomas de insufici\u00eancia card\u00edaca.<\/td>\n<\/tr>\n<tr valign=\"top\">\n<td style=\"padding: 5px; border: 1px solid #377090; width: 30%; text-align: left; vertical-align: top;\">Fase D<\/td>\n<td style=\"padding: 5px; border: 1px solid #377090; width: 70%; text-align: left; vertical-align: top;\">Sofre de insufici\u00eancia card\u00edaca grave que requer cuidados especializados, para al\u00e9m do tratamento.<\/td>\n<\/tr>\n<\/tbody>\n<\/table>\n<p><a title=\"\" href=\"https:\/\/www.heartfailurematters.org\/pt-pt\/o-que-e-a-insuficiencia-cardiaca\/de-que-forma-a-insuficiencia-cardiaca-pode-mudar-com-o-tempo\/\">Voltar \u00e0 sec\u00e7\u00e3o De que forma a insufici\u00eancia card\u00edaca pode mudar com o tempo?<\/a><\/p>\n","protected":false},"excerpt":{"rendered":"<p>\u00c9 importante classificar a insufici\u00eancia card\u00edaca quando tiver uma consulta com o seu m\u00e9dico, uma vez que as duas escalas abaixo baseiam-se em como se sente e nos seus sintomas. O seu m\u00e9dico ou enfermeiro ir\u00e3o querer saber como se tem sentido desde a \u00faltima consulta e podem dizer-lhe em que classe se encontra nessas [&hellip;]<\/p>\n","protected":false},"author":1,"featured_media":0,"parent":1889,"menu_order":0,"comment_status":"open","ping_status":"open","template":"","meta":{"_acf_changed":false,"footnotes":""},"categories":[],"tags":[],"class_list":["post-1901","page","type-page","status-publish","hentry"],"acf":[],"yoast_head":"<!-- This site is optimized with the Yoast SEO plugin v24.8.1 - https:\/\/yoast.com\/wordpress\/plugins\/seo\/ -->\n<title>Como \u00e9 classificada a insufici\u00eancia card\u00edaca<\/title>\n<meta name=\"description\" content=\"Existem dois sistemas diferentes para classificar a insufici\u00eancia card\u00edaca e \u00e9 prov\u00e1vel que o seu m\u00e9dico utilize uma combina\u00e7\u00e3o dos dois. Descubra quais s\u00e3o\" \/>\n<meta name=\"robots\" content=\"index, follow, max-snippet:-1, max-image-preview:large, max-video-preview:-1\" \/>\n<link rel=\"canonical\" href=\"https:\/\/www.heartfailurematters.org\/pt-pt\/o-que-e-a-insuficiencia-cardiaca\/como-se-classifica-a-insuficiencia-cardiaca\/\" \/>\n<meta property=\"og:locale\" content=\"pt_PT\" \/>\n<meta property=\"og:type\" content=\"article\" \/>\n<meta property=\"og:title\" content=\"Como \u00e9 classificada a insufici\u00eancia card\u00edaca\" \/>\n<meta property=\"og:description\" content=\"Existem dois sistemas diferentes para classificar a insufici\u00eancia card\u00edaca e \u00e9 prov\u00e1vel que o seu m\u00e9dico utilize uma combina\u00e7\u00e3o dos dois. Descubra quais s\u00e3o\" \/>\n<meta property=\"og:url\" content=\"https:\/\/www.heartfailurematters.org\/pt-pt\/o-que-e-a-insuficiencia-cardiaca\/como-se-classifica-a-insuficiencia-cardiaca\/\" \/>\n<meta property=\"og:site_name\" content=\"Heart Failure Matters\" \/>\n<meta property=\"article:publisher\" content=\"https:\/\/www.facebook.com\/heartfailurematters\" \/>\n<meta property=\"article:modified_time\" content=\"2021-08-12T08:24:16+00:00\" \/>\n<meta name=\"twitter:card\" content=\"summary_large_image\" \/>\n<meta name=\"twitter:label1\" content=\"Tempo estimado de leitura\" \/>\n\t<meta name=\"twitter:data1\" content=\"2 minutos\" \/>\n<script type=\"application\/ld+json\" class=\"yoast-schema-graph\">{\"@context\":\"https:\/\/schema.org\",\"@graph\":[{\"@type\":\"WebPage\",\"@id\":\"https:\/\/www.heartfailurematters.org\/pt-pt\/o-que-e-a-insuficiencia-cardiaca\/como-se-classifica-a-insuficiencia-cardiaca\/\",\"url\":\"https:\/\/www.heartfailurematters.org\/pt-pt\/o-que-e-a-insuficiencia-cardiaca\/como-se-classifica-a-insuficiencia-cardiaca\/\",\"name\":\"Como \u00e9 classificada a insufici\u00eancia card\u00edaca\",\"isPartOf\":{\"@id\":\"https:\/\/www.heartfailurematters.org\/pt-pt\/#website\"},\"datePublished\":\"2021-01-27T22:05:40+00:00\",\"dateModified\":\"2021-08-12T08:24:16+00:00\",\"description\":\"Existem dois sistemas diferentes para classificar a insufici\u00eancia card\u00edaca e \u00e9 prov\u00e1vel que o seu m\u00e9dico utilize uma combina\u00e7\u00e3o dos dois. Descubra quais s\u00e3o\",\"breadcrumb\":{\"@id\":\"https:\/\/www.heartfailurematters.org\/pt-pt\/o-que-e-a-insuficiencia-cardiaca\/como-se-classifica-a-insuficiencia-cardiaca\/#breadcrumb\"},\"inLanguage\":\"pt-PT\",\"potentialAction\":[{\"@type\":\"ReadAction\",\"target\":[\"https:\/\/www.heartfailurematters.org\/pt-pt\/o-que-e-a-insuficiencia-cardiaca\/como-se-classifica-a-insuficiencia-cardiaca\/\"]}]},{\"@type\":\"BreadcrumbList\",\"@id\":\"https:\/\/www.heartfailurematters.org\/pt-pt\/o-que-e-a-insuficiencia-cardiaca\/como-se-classifica-a-insuficiencia-cardiaca\/#breadcrumb\",\"itemListElement\":[{\"@type\":\"ListItem\",\"position\":1,\"name\":\"P\u00e1gina inicial\",\"item\":\"https:\/\/www.heartfailurematters.org\/pt-pt\/\"},{\"@type\":\"ListItem\",\"position\":2,\"name\":\"Compreender a insufici\u00eancia card\u00edaca\",\"item\":\"https:\/\/www.heartfailurematters.org\/pt-pt\/o-que-e-a-insuficiencia-cardiaca\/\"},{\"@type\":\"ListItem\",\"position\":3,\"name\":\"Como se classifica a insufici\u00eancia card\u00edaca?\"}]},{\"@type\":\"WebSite\",\"@id\":\"https:\/\/www.heartfailurematters.org\/pt-pt\/#website\",\"url\":\"https:\/\/www.heartfailurematters.org\/pt-pt\/\",\"name\":\"Heart Failure Matters\",\"description\":\"Practical information for patients, families and caregivers.\",\"publisher\":{\"@id\":\"https:\/\/www.heartfailurematters.org\/pt-pt\/#organization\"},\"potentialAction\":[{\"@type\":\"SearchAction\",\"target\":{\"@type\":\"EntryPoint\",\"urlTemplate\":\"https:\/\/www.heartfailurematters.org\/pt-pt\/?s={search_term_string}\"},\"query-input\":{\"@type\":\"PropertyValueSpecification\",\"valueRequired\":true,\"valueName\":\"search_term_string\"}}],\"inLanguage\":\"pt-PT\"},{\"@type\":\"Organization\",\"@id\":\"https:\/\/www.heartfailurematters.org\/pt-pt\/#organization\",\"name\":\"Heart Failure Matters\",\"url\":\"https:\/\/www.heartfailurematters.org\/pt-pt\/\",\"logo\":{\"@type\":\"ImageObject\",\"inLanguage\":\"pt-PT\",\"@id\":\"https:\/\/www.heartfailurematters.org\/pt-pt\/#\/schema\/logo\/image\/\",\"url\":\"https:\/\/cdn-endpoint-hfm.azureedge.net\/heartfailurematters\/2024\/07\/hfm-logo1.jpg\",\"contentUrl\":\"https:\/\/cdn-endpoint-hfm.azureedge.net\/heartfailurematters\/2024\/07\/hfm-logo1.jpg\",\"width\":1280,\"height\":720,\"caption\":\"Heart Failure Matters\"},\"image\":{\"@id\":\"https:\/\/www.heartfailurematters.org\/pt-pt\/#\/schema\/logo\/image\/\"},\"sameAs\":[\"https:\/\/www.facebook.com\/heartfailurematters\"]}]}<\/script>\n<!-- \/ Yoast SEO plugin. -->","yoast_head_json":{"title":"Como \u00e9 classificada a insufici\u00eancia card\u00edaca","description":"Existem dois sistemas diferentes para classificar a insufici\u00eancia card\u00edaca e \u00e9 prov\u00e1vel que o seu m\u00e9dico utilize uma combina\u00e7\u00e3o dos dois. Descubra quais s\u00e3o","robots":{"index":"index","follow":"follow","max-snippet":"max-snippet:-1","max-image-preview":"max-image-preview:large","max-video-preview":"max-video-preview:-1"},"canonical":"https:\/\/www.heartfailurematters.org\/pt-pt\/o-que-e-a-insuficiencia-cardiaca\/como-se-classifica-a-insuficiencia-cardiaca\/","og_locale":"pt_PT","og_type":"article","og_title":"Como \u00e9 classificada a insufici\u00eancia card\u00edaca","og_description":"Existem dois sistemas diferentes para classificar a insufici\u00eancia card\u00edaca e \u00e9 prov\u00e1vel que o seu m\u00e9dico utilize uma combina\u00e7\u00e3o dos dois. Descubra quais s\u00e3o","og_url":"https:\/\/www.heartfailurematters.org\/pt-pt\/o-que-e-a-insuficiencia-cardiaca\/como-se-classifica-a-insuficiencia-cardiaca\/","og_site_name":"Heart Failure Matters","article_publisher":"https:\/\/www.facebook.com\/heartfailurematters","article_modified_time":"2021-08-12T08:24:16+00:00","twitter_card":"summary_large_image","twitter_misc":{"Tempo estimado de leitura":"2 minutos"},"schema":{"@context":"https:\/\/schema.org","@graph":[{"@type":"WebPage","@id":"https:\/\/www.heartfailurematters.org\/pt-pt\/o-que-e-a-insuficiencia-cardiaca\/como-se-classifica-a-insuficiencia-cardiaca\/","url":"https:\/\/www.heartfailurematters.org\/pt-pt\/o-que-e-a-insuficiencia-cardiaca\/como-se-classifica-a-insuficiencia-cardiaca\/","name":"Como \u00e9 classificada a insufici\u00eancia card\u00edaca","isPartOf":{"@id":"https:\/\/www.heartfailurematters.org\/pt-pt\/#website"},"datePublished":"2021-01-27T22:05:40+00:00","dateModified":"2021-08-12T08:24:16+00:00","description":"Existem dois sistemas diferentes para classificar a insufici\u00eancia card\u00edaca e \u00e9 prov\u00e1vel que o seu m\u00e9dico utilize uma combina\u00e7\u00e3o dos dois. Descubra quais s\u00e3o","breadcrumb":{"@id":"https:\/\/www.heartfailurematters.org\/pt-pt\/o-que-e-a-insuficiencia-cardiaca\/como-se-classifica-a-insuficiencia-cardiaca\/#breadcrumb"},"inLanguage":"pt-PT","potentialAction":[{"@type":"ReadAction","target":["https:\/\/www.heartfailurematters.org\/pt-pt\/o-que-e-a-insuficiencia-cardiaca\/como-se-classifica-a-insuficiencia-cardiaca\/"]}]},{"@type":"BreadcrumbList","@id":"https:\/\/www.heartfailurematters.org\/pt-pt\/o-que-e-a-insuficiencia-cardiaca\/como-se-classifica-a-insuficiencia-cardiaca\/#breadcrumb","itemListElement":[{"@type":"ListItem","position":1,"name":"P\u00e1gina inicial","item":"https:\/\/www.heartfailurematters.org\/pt-pt\/"},{"@type":"ListItem","position":2,"name":"Compreender a insufici\u00eancia card\u00edaca","item":"https:\/\/www.heartfailurematters.org\/pt-pt\/o-que-e-a-insuficiencia-cardiaca\/"},{"@type":"ListItem","position":3,"name":"Como se classifica a insufici\u00eancia card\u00edaca?"}]},{"@type":"WebSite","@id":"https:\/\/www.heartfailurematters.org\/pt-pt\/#website","url":"https:\/\/www.heartfailurematters.org\/pt-pt\/","name":"Heart Failure Matters","description":"Practical information for patients, families and caregivers.","publisher":{"@id":"https:\/\/www.heartfailurematters.org\/pt-pt\/#organization"},"potentialAction":[{"@type":"SearchAction","target":{"@type":"EntryPoint","urlTemplate":"https:\/\/www.heartfailurematters.org\/pt-pt\/?s={search_term_string}"},"query-input":{"@type":"PropertyValueSpecification","valueRequired":true,"valueName":"search_term_string"}}],"inLanguage":"pt-PT"},{"@type":"Organization","@id":"https:\/\/www.heartfailurematters.org\/pt-pt\/#organization","name":"Heart Failure Matters","url":"https:\/\/www.heartfailurematters.org\/pt-pt\/","logo":{"@type":"ImageObject","inLanguage":"pt-PT","@id":"https:\/\/www.heartfailurematters.org\/pt-pt\/#\/schema\/logo\/image\/","url":"https:\/\/cdn-endpoint-hfm.azureedge.net\/heartfailurematters\/2024\/07\/hfm-logo1.jpg","contentUrl":"https:\/\/cdn-endpoint-hfm.azureedge.net\/heartfailurematters\/2024\/07\/hfm-logo1.jpg","width":1280,"height":720,"caption":"Heart Failure Matters"},"image":{"@id":"https:\/\/www.heartfailurematters.org\/pt-pt\/#\/schema\/logo\/image\/"},"sameAs":["https:\/\/www.facebook.com\/heartfailurematters"]}]}},"_links":{"self":[{"href":"https:\/\/www.heartfailurematters.org\/pt-pt\/wp-json\/wp\/v2\/pages\/1901","targetHints":{"allow":["GET"]}}],"collection":[{"href":"https:\/\/www.heartfailurematters.org\/pt-pt\/wp-json\/wp\/v2\/pages"}],"about":[{"href":"https:\/\/www.heartfailurematters.org\/pt-pt\/wp-json\/wp\/v2\/types\/page"}],"author":[{"embeddable":true,"href":"https:\/\/www.heartfailurematters.org\/pt-pt\/wp-json\/wp\/v2\/users\/1"}],"replies":[{"embeddable":true,"href":"https:\/\/www.heartfailurematters.org\/pt-pt\/wp-json\/wp\/v2\/comments?post=1901"}],"version-history":[{"count":2,"href":"https:\/\/www.heartfailurematters.org\/pt-pt\/wp-json\/wp\/v2\/pages\/1901\/revisions"}],"predecessor-version":[{"id":9780,"href":"https:\/\/www.heartfailurematters.org\/pt-pt\/wp-json\/wp\/v2\/pages\/1901\/revisions\/9780"}],"up":[{"embeddable":true,"href":"https:\/\/www.heartfailurematters.org\/pt-pt\/wp-json\/wp\/v2\/pages\/1889"}],"wp:attachment":[{"href":"https:\/\/www.heartfailurematters.org\/pt-pt\/wp-json\/wp\/v2\/media?parent=1901"}],"wp:term":[{"taxonomy":"category","embeddable":true,"href":"https:\/\/www.heartfailurematters.org\/pt-pt\/wp-json\/wp\/v2\/categories?post=1901"},{"taxonomy":"post_tag","embeddable":true,"href":"https:\/\/www.heartfailurematters.org\/pt-pt\/wp-json\/wp\/v2\/tags?post=1901"}],"curies":[{"name":"wp","href":"https:\/\/api.w.org\/{rel}","templated":true}]}}