{"id":1899,"date":"2021-01-27T22:05:40","date_gmt":"2021-01-27T22:05:40","guid":{"rendered":"http:\/\/heartfailurematters.local:8888\/atividade-e-exercicio-fisico\/"},"modified":"2022-01-25T11:11:26","modified_gmt":"2022-01-25T11:11:26","slug":"atividade-e-exercicio-fisico","status":"publish","type":"page","link":"https:\/\/www.heartfailurematters.org\/pt-pt\/o-que-pode-fazer\/atividade-e-exercicio-fisico\/","title":{"rendered":"Atividade e exerc\u00edcio f\u00edsico"},"content":{"rendered":"<p>Qualquer atividade f\u00edsica ligeira \u00e9 ben\u00e9fica para a maior parte das pessoas com insufici\u00eancia card\u00edaca. A pr\u00e1tica de exerc\u00edcio f\u00edsico pode ajud\u00e1-lo a sentir-se melhor em geral.<\/p>\n<h2>Porqu\u00ea?<\/h2>\n<p>A atividade poder\u00e1 melhorar o funcionamento do cora\u00e7\u00e3o, reduzindo o esfor\u00e7o e permitindo que os batimentos card\u00edacos sejam mais eficientes. Isto melhorar\u00e1 os sintomas.<\/p>\n<h2>Como?<\/h2>\n<p>Antes de iniciar um programa de exerc\u00edcio f\u00edsico ou caso pretenda aumentar ou alterar o tipo de exerc\u00edcio f\u00edsico que pratica, fale com o seu m\u00e9dico ou enfermeiro para garantir que n\u00e3o est\u00e1 a exigir demasiado esfor\u00e7o do seu cora\u00e7\u00e3o, demasiado r\u00e1pido. Tamb\u00e9m podem tamb\u00e9m aconselh\u00e1-lo sobre as atividades que deve evitar. Al\u00e9m disso, pode contactar o seu centro de reabilita\u00e7\u00e3o card\u00edaca local (se dispon\u00edvel) para saber se existem programas de treino de baixa intensidade.<\/p>\n<p>Escolha uma atividade de que goste, pois \u00e9 mais prov\u00e1vel que a realize com mais frequ\u00eancia. Praticar exerc\u00edcio f\u00edsico com um amigo tamb\u00e9m ajuda, porque poder\u00e3o motivar-se mutuamente. \u00c9 importante compreender o que pode fazer. Se n\u00e3o fazia jogging antes de ter insufici\u00eancia card\u00edaca, provavelmente n\u00e3o conseguir\u00e1 faz\u00ea-lo agora com insufici\u00eancia card\u00edaca. Mas se gosta de caminhar ou nadar, tente uma destas atividades.<\/p>\n<p>Fa\u00e7a sempre exerc\u00edcios de aquecimento e alongamento antes de come\u00e7ar. Poder\u00e1 aprender a realizar estas atividades em seguran\u00e7a com um instrutor qualificado. Se estiver frio ou muito vento na rua, dever\u00e1 fazer o aquecimento antes de sair de casa. Tente caminhar durante alguns minutos para reduzir o choque t\u00e9rmico quando sair.<\/p>\n<p>A caminhada \u00e9 uma boa atividade para come\u00e7ar. Tente caminhar todos os dias em atividades como ir buscar o jornal ou sair do autocarro uma paragem antes da sua. Se j\u00e1 caminha e se considera uma pessoa fisicamente ativa, experimente praticar ciclismo ou nata\u00e7\u00e3o. Comece devagar e aumente gradualmente a dist\u00e2ncia ou a intensidade da atividade \u00e0 medida que melhora a sua for\u00e7a e condi\u00e7\u00e3o f\u00edsica.<\/p>\n<p>Um bom princ\u00edpio \u00e9 garantir que consegue falar enquanto pratica exerc\u00edcio f\u00edsico. Se n\u00e3o conseguir, est\u00e1 provavelmente a esfor\u00e7ar-se demasiado. Interrompa imediatamente o exerc\u00edcio f\u00edsico se sentir falta de ar, tonturas, dores no peito, n\u00e1useas ou suores frios. Se os sintomas persistirem, contacte o seu m\u00e9dico ou enfermeiro.<\/p>\n<p>Tente n\u00e3o praticar exerc\u00edcio f\u00edsico ap\u00f3s uma refei\u00e7\u00e3o pesada ou se n\u00e3o tiver comido h\u00e1 muito tempo. Programe o exerc\u00edcio f\u00edsico para come\u00e7ar entre 1 e 2 horas ap\u00f3s uma refei\u00e7\u00e3o ligeira.<\/p>\n<p>Muitas pessoas com insufici\u00eancia card\u00edaca receiam que j\u00e1 n\u00e3o possam interagir com os seus netos e peg\u00e1-los ao colo. Ou\u00e7a os sinais de aviso do seu corpo. Deve evitar atividades que implicam reter a respira\u00e7\u00e3o, dobrar-se ou impulsos repentinos de energia. Se os seus netos forem pesados para poder peg\u00e1-los ao colo de forma confort\u00e1vel, ser\u00e1 mais prudente sentar-se e coloc\u00e1-los ao colo.<\/p>\n<p><a title=\"Return to Adapting your lifestyle\" href=\"https:\/\/www.heartfailurematters.org\/pt-pt\/o-que-pode-fazer\/adaptar-o-estilo-de-vida\/\">Voltar \u00e0 sec\u00e7\u00e3o Adaptar o estilo de vida<\/a><\/p>\n","protected":false},"excerpt":{"rendered":"<p>Qualquer atividade f\u00edsica ligeira \u00e9 ben\u00e9fica para a maior parte das pessoas com insufici\u00eancia card\u00edaca. A pr\u00e1tica de exerc\u00edcio f\u00edsico pode ajud\u00e1-lo a sentir-se melhor em geral. Porqu\u00ea? A atividade poder\u00e1 melhorar o funcionamento do cora\u00e7\u00e3o, reduzindo o esfor\u00e7o e permitindo que os batimentos card\u00edacos sejam mais eficientes. Isto melhorar\u00e1 os sintomas. Como? Antes de [&hellip;]<\/p>\n","protected":false},"author":1,"featured_media":10987,"parent":2718,"menu_order":0,"comment_status":"open","ping_status":"open","template":"","meta":{"_acf_changed":false,"footnotes":""},"categories":[],"tags":[],"class_list":["post-1899","page","type-page","status-publish","has-post-thumbnail","hentry"],"acf":[],"yoast_head":"<!-- This site is optimized with the Yoast SEO plugin v24.8.1 - https:\/\/yoast.com\/wordpress\/plugins\/seo\/ -->\n<title>Atividade, exerc\u00edcio f\u00edsico e insufici\u00eancia card\u00edaca<\/title>\n<meta name=\"description\" content=\"Qualquer atividade f\u00edsica ligeira \u00e9 ben\u00e9fica para a maioria das pessoas com insuf. card\u00edaca. O exerc\u00edcio f\u00edsico pode ajud\u00e1-lo a sentir-se melhor de forma geral.\" \/>\n<meta name=\"robots\" content=\"index, follow, max-snippet:-1, max-image-preview:large, max-video-preview:-1\" \/>\n<link rel=\"canonical\" href=\"https:\/\/www.heartfailurematters.org\/pt-pt\/o-que-pode-fazer\/atividade-e-exercicio-fisico\/\" \/>\n<meta property=\"og:locale\" content=\"pt_PT\" \/>\n<meta property=\"og:type\" content=\"article\" \/>\n<meta property=\"og:title\" content=\"Atividade, exerc\u00edcio f\u00edsico e insufici\u00eancia card\u00edaca\" \/>\n<meta property=\"og:description\" content=\"Qualquer atividade f\u00edsica ligeira \u00e9 ben\u00e9fica para a maioria das pessoas com insuf. card\u00edaca. O exerc\u00edcio f\u00edsico pode ajud\u00e1-lo a sentir-se melhor de forma geral.\" \/>\n<meta property=\"og:url\" content=\"https:\/\/www.heartfailurematters.org\/pt-pt\/o-que-pode-fazer\/atividade-e-exercicio-fisico\/\" \/>\n<meta property=\"og:site_name\" content=\"Heart Failure Matters\" \/>\n<meta property=\"article:publisher\" content=\"https:\/\/www.facebook.com\/heartfailurematters\" \/>\n<meta property=\"article:modified_time\" content=\"2022-01-25T11:11:26+00:00\" \/>\n<meta property=\"og:image\" content=\"https:\/\/www.heartfailurematters.org\/wp-content\/uploads\/2022\/03\/shutterstock_1215825016-1-min.jpg\" \/>\n\t<meta property=\"og:image:width\" content=\"900\" \/>\n\t<meta property=\"og:image:height\" content=\"601\" \/>\n\t<meta property=\"og:image:type\" content=\"image\/jpeg\" \/>\n<meta name=\"twitter:card\" content=\"summary_large_image\" \/>\n<meta name=\"twitter:label1\" content=\"Tempo estimado de leitura\" \/>\n\t<meta name=\"twitter:data1\" content=\"3 minutos\" \/>\n<script type=\"application\/ld+json\" class=\"yoast-schema-graph\">{\"@context\":\"https:\/\/schema.org\",\"@graph\":[{\"@type\":\"WebPage\",\"@id\":\"https:\/\/www.heartfailurematters.org\/pt-pt\/o-que-pode-fazer\/atividade-e-exercicio-fisico\/\",\"url\":\"https:\/\/www.heartfailurematters.org\/pt-pt\/o-que-pode-fazer\/atividade-e-exercicio-fisico\/\",\"name\":\"Atividade, exerc\u00edcio f\u00edsico e insufici\u00eancia card\u00edaca\",\"isPartOf\":{\"@id\":\"https:\/\/www.heartfailurematters.org\/pt-pt\/#website\"},\"primaryImageOfPage\":{\"@id\":\"https:\/\/www.heartfailurematters.org\/pt-pt\/o-que-pode-fazer\/atividade-e-exercicio-fisico\/#primaryimage\"},\"image\":{\"@id\":\"https:\/\/www.heartfailurematters.org\/pt-pt\/o-que-pode-fazer\/atividade-e-exercicio-fisico\/#primaryimage\"},\"thumbnailUrl\":\"https:\/\/www.heartfailurematters.org\/wp-content\/uploads\/2022\/03\/shutterstock_1215825016-1-min.jpg\",\"datePublished\":\"2021-01-27T22:05:40+00:00\",\"dateModified\":\"2022-01-25T11:11:26+00:00\",\"description\":\"Qualquer atividade f\u00edsica ligeira \u00e9 ben\u00e9fica para a maioria das pessoas com insuf. card\u00edaca. O exerc\u00edcio f\u00edsico pode ajud\u00e1-lo a sentir-se melhor de forma geral.\",\"breadcrumb\":{\"@id\":\"https:\/\/www.heartfailurematters.org\/pt-pt\/o-que-pode-fazer\/atividade-e-exercicio-fisico\/#breadcrumb\"},\"inLanguage\":\"pt-PT\",\"potentialAction\":[{\"@type\":\"ReadAction\",\"target\":[\"https:\/\/www.heartfailurematters.org\/pt-pt\/o-que-pode-fazer\/atividade-e-exercicio-fisico\/\"]}]},{\"@type\":\"ImageObject\",\"inLanguage\":\"pt-PT\",\"@id\":\"https:\/\/www.heartfailurematters.org\/pt-pt\/o-que-pode-fazer\/atividade-e-exercicio-fisico\/#primaryimage\",\"url\":\"https:\/\/www.heartfailurematters.org\/wp-content\/uploads\/2022\/03\/shutterstock_1215825016-1-min.jpg\",\"contentUrl\":\"https:\/\/www.heartfailurematters.org\/wp-content\/uploads\/2022\/03\/shutterstock_1215825016-1-min.jpg\",\"width\":900,\"height\":601},{\"@type\":\"BreadcrumbList\",\"@id\":\"https:\/\/www.heartfailurematters.org\/pt-pt\/o-que-pode-fazer\/atividade-e-exercicio-fisico\/#breadcrumb\",\"itemListElement\":[{\"@type\":\"ListItem\",\"position\":1,\"name\":\"P\u00e1gina inicial\",\"item\":\"https:\/\/www.heartfailurematters.org\/pt-pt\/\"},{\"@type\":\"ListItem\",\"position\":2,\"name\":\"O que pode fazer\",\"item\":\"https:\/\/www.heartfailurematters.org\/pt-pt\/o-que-pode-fazer\/\"},{\"@type\":\"ListItem\",\"position\":3,\"name\":\"Atividade e exerc\u00edcio f\u00edsico\"}]},{\"@type\":\"WebSite\",\"@id\":\"https:\/\/www.heartfailurematters.org\/pt-pt\/#website\",\"url\":\"https:\/\/www.heartfailurematters.org\/pt-pt\/\",\"name\":\"Heart Failure Matters\",\"description\":\"Practical information for patients, families and caregivers.\",\"publisher\":{\"@id\":\"https:\/\/www.heartfailurematters.org\/pt-pt\/#organization\"},\"potentialAction\":[{\"@type\":\"SearchAction\",\"target\":{\"@type\":\"EntryPoint\",\"urlTemplate\":\"https:\/\/www.heartfailurematters.org\/pt-pt\/?s={search_term_string}\"},\"query-input\":{\"@type\":\"PropertyValueSpecification\",\"valueRequired\":true,\"valueName\":\"search_term_string\"}}],\"inLanguage\":\"pt-PT\"},{\"@type\":\"Organization\",\"@id\":\"https:\/\/www.heartfailurematters.org\/pt-pt\/#organization\",\"name\":\"Heart Failure Matters\",\"url\":\"https:\/\/www.heartfailurematters.org\/pt-pt\/\",\"logo\":{\"@type\":\"ImageObject\",\"inLanguage\":\"pt-PT\",\"@id\":\"https:\/\/www.heartfailurematters.org\/pt-pt\/#\/schema\/logo\/image\/\",\"url\":\"https:\/\/cdn-endpoint-hfm.azureedge.net\/heartfailurematters\/2024\/07\/hfm-logo1.jpg\",\"contentUrl\":\"https:\/\/cdn-endpoint-hfm.azureedge.net\/heartfailurematters\/2024\/07\/hfm-logo1.jpg\",\"width\":1280,\"height\":720,\"caption\":\"Heart Failure Matters\"},\"image\":{\"@id\":\"https:\/\/www.heartfailurematters.org\/pt-pt\/#\/schema\/logo\/image\/\"},\"sameAs\":[\"https:\/\/www.facebook.com\/heartfailurematters\"]}]}<\/script>\n<!-- \/ Yoast SEO plugin. -->","yoast_head_json":{"title":"Atividade, exerc\u00edcio f\u00edsico e insufici\u00eancia card\u00edaca","description":"Qualquer atividade f\u00edsica ligeira \u00e9 ben\u00e9fica para a maioria das pessoas com insuf. card\u00edaca. O exerc\u00edcio f\u00edsico pode ajud\u00e1-lo a sentir-se melhor de forma geral.","robots":{"index":"index","follow":"follow","max-snippet":"max-snippet:-1","max-image-preview":"max-image-preview:large","max-video-preview":"max-video-preview:-1"},"canonical":"https:\/\/www.heartfailurematters.org\/pt-pt\/o-que-pode-fazer\/atividade-e-exercicio-fisico\/","og_locale":"pt_PT","og_type":"article","og_title":"Atividade, exerc\u00edcio f\u00edsico e insufici\u00eancia card\u00edaca","og_description":"Qualquer atividade f\u00edsica ligeira \u00e9 ben\u00e9fica para a maioria das pessoas com insuf. card\u00edaca. O exerc\u00edcio f\u00edsico pode ajud\u00e1-lo a sentir-se melhor de forma geral.","og_url":"https:\/\/www.heartfailurematters.org\/pt-pt\/o-que-pode-fazer\/atividade-e-exercicio-fisico\/","og_site_name":"Heart Failure Matters","article_publisher":"https:\/\/www.facebook.com\/heartfailurematters","article_modified_time":"2022-01-25T11:11:26+00:00","og_image":[{"width":900,"height":601,"url":"https:\/\/www.heartfailurematters.org\/wp-content\/uploads\/2022\/03\/shutterstock_1215825016-1-min.jpg","type":"image\/jpeg"}],"twitter_card":"summary_large_image","twitter_misc":{"Tempo estimado de leitura":"3 minutos"},"schema":{"@context":"https:\/\/schema.org","@graph":[{"@type":"WebPage","@id":"https:\/\/www.heartfailurematters.org\/pt-pt\/o-que-pode-fazer\/atividade-e-exercicio-fisico\/","url":"https:\/\/www.heartfailurematters.org\/pt-pt\/o-que-pode-fazer\/atividade-e-exercicio-fisico\/","name":"Atividade, exerc\u00edcio f\u00edsico e insufici\u00eancia card\u00edaca","isPartOf":{"@id":"https:\/\/www.heartfailurematters.org\/pt-pt\/#website"},"primaryImageOfPage":{"@id":"https:\/\/www.heartfailurematters.org\/pt-pt\/o-que-pode-fazer\/atividade-e-exercicio-fisico\/#primaryimage"},"image":{"@id":"https:\/\/www.heartfailurematters.org\/pt-pt\/o-que-pode-fazer\/atividade-e-exercicio-fisico\/#primaryimage"},"thumbnailUrl":"https:\/\/www.heartfailurematters.org\/wp-content\/uploads\/2022\/03\/shutterstock_1215825016-1-min.jpg","datePublished":"2021-01-27T22:05:40+00:00","dateModified":"2022-01-25T11:11:26+00:00","description":"Qualquer atividade f\u00edsica ligeira \u00e9 ben\u00e9fica para a maioria das pessoas com insuf. card\u00edaca. O exerc\u00edcio f\u00edsico pode ajud\u00e1-lo a sentir-se melhor de forma geral.","breadcrumb":{"@id":"https:\/\/www.heartfailurematters.org\/pt-pt\/o-que-pode-fazer\/atividade-e-exercicio-fisico\/#breadcrumb"},"inLanguage":"pt-PT","potentialAction":[{"@type":"ReadAction","target":["https:\/\/www.heartfailurematters.org\/pt-pt\/o-que-pode-fazer\/atividade-e-exercicio-fisico\/"]}]},{"@type":"ImageObject","inLanguage":"pt-PT","@id":"https:\/\/www.heartfailurematters.org\/pt-pt\/o-que-pode-fazer\/atividade-e-exercicio-fisico\/#primaryimage","url":"https:\/\/www.heartfailurematters.org\/wp-content\/uploads\/2022\/03\/shutterstock_1215825016-1-min.jpg","contentUrl":"https:\/\/www.heartfailurematters.org\/wp-content\/uploads\/2022\/03\/shutterstock_1215825016-1-min.jpg","width":900,"height":601},{"@type":"BreadcrumbList","@id":"https:\/\/www.heartfailurematters.org\/pt-pt\/o-que-pode-fazer\/atividade-e-exercicio-fisico\/#breadcrumb","itemListElement":[{"@type":"ListItem","position":1,"name":"P\u00e1gina inicial","item":"https:\/\/www.heartfailurematters.org\/pt-pt\/"},{"@type":"ListItem","position":2,"name":"O que pode fazer","item":"https:\/\/www.heartfailurematters.org\/pt-pt\/o-que-pode-fazer\/"},{"@type":"ListItem","position":3,"name":"Atividade e exerc\u00edcio f\u00edsico"}]},{"@type":"WebSite","@id":"https:\/\/www.heartfailurematters.org\/pt-pt\/#website","url":"https:\/\/www.heartfailurematters.org\/pt-pt\/","name":"Heart Failure Matters","description":"Practical information for patients, families and caregivers.","publisher":{"@id":"https:\/\/www.heartfailurematters.org\/pt-pt\/#organization"},"potentialAction":[{"@type":"SearchAction","target":{"@type":"EntryPoint","urlTemplate":"https:\/\/www.heartfailurematters.org\/pt-pt\/?s={search_term_string}"},"query-input":{"@type":"PropertyValueSpecification","valueRequired":true,"valueName":"search_term_string"}}],"inLanguage":"pt-PT"},{"@type":"Organization","@id":"https:\/\/www.heartfailurematters.org\/pt-pt\/#organization","name":"Heart Failure Matters","url":"https:\/\/www.heartfailurematters.org\/pt-pt\/","logo":{"@type":"ImageObject","inLanguage":"pt-PT","@id":"https:\/\/www.heartfailurematters.org\/pt-pt\/#\/schema\/logo\/image\/","url":"https:\/\/cdn-endpoint-hfm.azureedge.net\/heartfailurematters\/2024\/07\/hfm-logo1.jpg","contentUrl":"https:\/\/cdn-endpoint-hfm.azureedge.net\/heartfailurematters\/2024\/07\/hfm-logo1.jpg","width":1280,"height":720,"caption":"Heart Failure Matters"},"image":{"@id":"https:\/\/www.heartfailurematters.org\/pt-pt\/#\/schema\/logo\/image\/"},"sameAs":["https:\/\/www.facebook.com\/heartfailurematters"]}]}},"_links":{"self":[{"href":"https:\/\/www.heartfailurematters.org\/pt-pt\/wp-json\/wp\/v2\/pages\/1899","targetHints":{"allow":["GET"]}}],"collection":[{"href":"https:\/\/www.heartfailurematters.org\/pt-pt\/wp-json\/wp\/v2\/pages"}],"about":[{"href":"https:\/\/www.heartfailurematters.org\/pt-pt\/wp-json\/wp\/v2\/types\/page"}],"author":[{"embeddable":true,"href":"https:\/\/www.heartfailurematters.org\/pt-pt\/wp-json\/wp\/v2\/users\/1"}],"replies":[{"embeddable":true,"href":"https:\/\/www.heartfailurematters.org\/pt-pt\/wp-json\/wp\/v2\/comments?post=1899"}],"version-history":[{"count":1,"href":"https:\/\/www.heartfailurematters.org\/pt-pt\/wp-json\/wp\/v2\/pages\/1899\/revisions"}],"predecessor-version":[{"id":10396,"href":"https:\/\/www.heartfailurematters.org\/pt-pt\/wp-json\/wp\/v2\/pages\/1899\/revisions\/10396"}],"up":[{"embeddable":true,"href":"https:\/\/www.heartfailurematters.org\/pt-pt\/wp-json\/wp\/v2\/pages\/2718"}],"wp:featuredmedia":[{"embeddable":true,"href":"https:\/\/www.heartfailurematters.org\/pt-pt\/wp-json\/wp\/v2\/media\/10987"}],"wp:attachment":[{"href":"https:\/\/www.heartfailurematters.org\/pt-pt\/wp-json\/wp\/v2\/media?parent=1899"}],"wp:term":[{"taxonomy":"category","embeddable":true,"href":"https:\/\/www.heartfailurematters.org\/pt-pt\/wp-json\/wp\/v2\/categories?post=1899"},{"taxonomy":"post_tag","embeddable":true,"href":"https:\/\/www.heartfailurematters.org\/pt-pt\/wp-json\/wp\/v2\/tags?post=1899"}],"curies":[{"name":"wp","href":"https:\/\/api.w.org\/{rel}","templated":true}]}}